{"id":7217,"date":"2024-09-26T08:41:47","date_gmt":"2024-09-26T06:41:47","guid":{"rendered":"https:\/\/eu.man-machine.com\/antimikrobielle-tastaturen-und-maeuse\/"},"modified":"2025-03-11T12:14:21","modified_gmt":"2025-03-11T11:14:21","slug":"antimikrobielle-tastaturen-und-maeuse","status":"publish","type":"page","link":"https:\/\/eu.man-machine.com\/de\/antimikrobielle-tastaturen-und-maeuse\/","title":{"rendered":"Antimikrobielle Tastaturen &amp; M\u00e4use"},"content":{"rendered":"\n    <section class=\"section is-intro bg-default text-default\" id=\"\">\n        <div class=\"container-fluid p-0 is-full\">\n            <div class=\"section__content\">\n            \n    <div class=\"intro\">\n        <div class=\"intro__breadcrumbs\">\n            <p id=\"breadcrumbs\"><span><span><a href=\"https:\/\/eu.man-machine.com\/de\/\">Home<\/a><\/span><\/span><\/p>        <\/div>\n        <img decoding=\"async\" class=\"intro__img\" src=\"https:\/\/eu.man-machine.com\/wp-content\/uploads\/2024\/09\/Banner1600x300_antimicrobal.png\" srcset=\"https:\/\/eu.man-machine.com\/wp-content\/uploads\/2024\/09\/Banner1600x300_antimicrobal.png 1600w, https:\/\/eu.man-machine.com\/wp-content\/uploads\/2024\/09\/Banner1600x300_antimicrobal-600x113.png 600w, https:\/\/eu.man-machine.com\/wp-content\/uploads\/2024\/09\/Banner1600x300_antimicrobal-1000x188.png 1000w, https:\/\/eu.man-machine.com\/wp-content\/uploads\/2024\/09\/Banner1600x300_antimicrobal-300x56.png 300w, https:\/\/eu.man-machine.com\/wp-content\/uploads\/2024\/09\/Banner1600x300_antimicrobal-1024x192.png 1024w, https:\/\/eu.man-machine.com\/wp-content\/uploads\/2024\/09\/Banner1600x300_antimicrobal-768x144.png 768w, https:\/\/eu.man-machine.com\/wp-content\/uploads\/2024\/09\/Banner1600x300_antimicrobal-1536x288.png 1536w\" sizes=\"(max-width: 2000px) 100vw, 2000px\" alt=\"\" title=\" \" >    <\/div>\n    <\/div>\n    <\/div>\n    <\/section>\n\n    <section class=\"section is-wysiwyg bg-default overflow-hidden text-default lg\" id=\"\">\n        <div class=\"container-fluid is-custom\">\n            <div class=\"section__content\">\n            \n    <div class=\"wysiwyg bg-white\">\n        <div class=\"entry-content wysiwyg__content\">\n            <h1>Antimikrobielle Tastaturen &amp; M\u00e4use<\/h1>\n<p>Antimikrobielle Tastaturen und M\u00e4use haben eine Art antimikrobielle Beschichtung. Unsere Ingenieure haben sich diese Beschichtungen angesehen und viele Gr\u00fcnde gefunden, sie nicht zu verwenden. Wir fanden keine Beweise daf\u00fcr, dass diese Beschichtungen wirksam w\u00e4ren, und wir fanden Beschichtungen, die sch\u00e4dlich sind und potenziell resistente Mikroben induzieren k\u00f6nnten. Daher verf\u00fcgt keine unserer Tastaturen und M\u00e4use \u00fcber eine solche antimikrobielle Beschichtung. Auf dieser Seite k\u00f6nnen Sie mehr \u00fcber diese Ergebnisse lesen.    <\/p>\n<h3>Nicht nachweislich wirksam<\/h3>\n<p>Behauptungen, dass antimikrobielle Beschichtungen die Zahl der Mikroben auf Oberfl\u00e4chen reduzieren, basieren sich auf Forschungsergebnissen, die unter Laborbedingungen erzielt wurden.<br \/>Bisher haben wir keine wissenschaftlichen Beweise daf\u00fcr gefunden, dass diese Reduzierung auch im Gesundheitswesen zu finden ist. <\/p>\n<p><strong>Laborbedingungen<\/strong><br \/>\nDer Standard, der verwendet wird, um die Wirksamkeit von Additiven zu testen, ist meist ISO 22196 (JIS Z 2001). Dies erfordert 95 % relative Luftfeuchtigkeit, 35 Grad Celsius und 24 Stunden in direktem Kontakt mit dem Additiv. Unn\u00f6tig zu erw\u00e4hnen, dass die ISO 22196-Methode nicht repr\u00e4sentativ ist f\u00fcr tats\u00e4chliche Oberfl\u00e4chenkontaminationen in Gesundheitseinrichtungen.  <\/p>\n<p><em>Lesen Sie mehr \u00fcber:<\/em> <a href=\"https:\/\/www.researchgate.net\/profile\/Abdelkader_Bouaziz\/post\/Hi_I_want_to_know_a_standard_method_for_determining_the_antimicrobial_activity_of_thin_films_or_coatings\/attachment\/5e4b4866cfe4a7402480fef0\/AS%3A859751076331521%401581992038637\/download\/norme_ISO221961.pdf\">Standard zur Bestimmung der antimikrobiellen Aktivit\u00e4t 1 (auf English)<\/a> <em>und <\/em><a href=\"https:\/\/microchemlab.com\/test\/iso-22196-test-antimicrobial-activity-plastics\" target=\"_blank\" rel=\"noopener\">Standard zur Bestimmung der antimikrobiellen Aktivit\u00e4t 2 (auf English)<\/a><\/p>\n<h3>Nicht selbstreinigend<\/h3>\n<p>Au\u00dferdem k\u00f6nnen Benutzer \u201eantimikrobiell\u201c mit \u201eselbstreinigend\u201c assoziieren und dazu neigen, es NICHT richtig zu reinigen. Eine vor Jahren durchgef\u00fchrte Studie hat gezeigt dass antimikrobiell markierte Stethoskop-h\u00fcllen eine gr\u00f6\u00dfere Anzahl von Mikroorganismen aufwiesen als nicht markierte H\u00fcllen.<br \/>Die Studie stellte die Hypothese auf, dass die Benutzer die Bez\u00fcge nicht reinigten, weil sie der Meinung waren, dass die antimikrobielle Wirkung ausreicht, um sie zu sch\u00fctzen. <\/p>\n<p><em>Lesen Sie mehr \u00fcber: <\/em><a href=\"https:\/\/pubmed.ncbi.nlm.nih.gov\/17482998\/\" target=\"_blank\" rel=\"noopener\">Die Studie<\/a><\/p>\n<h3>Sch\u00e4dlich<\/h3>\n<p>Die meisten antimikrobiellen Beschichtungen basieren auf der Freisetzung von biozide Wirkstoffen von der Oberfl\u00e4che.<br \/>Diese Bioziden sind von Natur aus giftig. Es gibt eine betr\u00e4chtliche Menge an Forschung, die zeigt, dass sie f\u00fcr den Menschen, Tiere und die Umwelt insgesamt sch\u00e4dlich sind.  <\/p>\n<p><em>Eine gute Quelle, um die Risiken pro Produkt zu finden:<\/em> <a href=\"https:\/\/nanodb.dk\/en\/nanoriskcat\/\" target=\"_blank\" rel=\"noopener\">Nano-Risikodatenbank<\/a><\/p>\n<h3>Risiko einer Antibiotikaresistenz<\/h3>\n<p>Antimikrobielle Beschichtungen k\u00f6nnten potenzielle Induktoren resistenter Mikroben sein. Antibiotikaresistenz ist ein komplexes Problem, das von viele miteinander verbundene Faktoren, daher ist es schwierig herauszufiltern, welche Auswirkungen antimikrobielle Beschichtungen haben k\u00f6nnen, aber wir w\u00e4hlen einen umsichtigen Ansatz.<\/p>\n        <\/div>\n    <\/div>\n    <\/div>\n    <\/div>\n    <\/section>\n","protected":false},"excerpt":{"rendered":"","protected":false},"author":2,"featured_media":0,"parent":0,"menu_order":0,"comment_status":"closed","ping_status":"closed","template":"","meta":{"_acf_changed":false,"_glsr_average":0,"_glsr_ranking":0,"_glsr_reviews":0,"footnotes":""},"class_list":["post-7217","page","type-page","status-publish","hentry"],"acf":[],"yoast_head":"<!-- This site is optimized with the Yoast SEO plugin v26.9 - https:\/\/yoast.com\/product\/yoast-seo-wordpress\/ -->\n<title>Antimikrobielle Tastaturen &amp; M\u00e4use<\/title>\n<meta name=\"description\" content=\"Erfahren Sie, was antimikrobielle Tastaturen und M\u00e4use sind und warum wir bewusst auf antimikrobielle Beschichtungen verzichten.\" \/>\n<meta name=\"robots\" content=\"index, follow, max-snippet:-1, max-image-preview:large, max-video-preview:-1\" \/>\n<link rel=\"canonical\" href=\"https:\/\/eu.man-machine.com\/de\/antimikrobielle-tastaturen-und-maeuse\/\" \/>\n<meta property=\"og:locale\" content=\"de_DE\" \/>\n<meta property=\"og:type\" content=\"article\" \/>\n<meta property=\"og:title\" content=\"Antimikrobielle Tastaturen &amp; M\u00e4use\" \/>\n<meta property=\"og:description\" content=\"Erfahren Sie, was antimikrobielle Tastaturen und M\u00e4use sind und warum wir bewusst auf antimikrobielle Beschichtungen verzichten.\" \/>\n<meta property=\"og:url\" content=\"https:\/\/eu.man-machine.com\/de\/antimikrobielle-tastaturen-und-maeuse\/\" \/>\n<meta property=\"og:site_name\" content=\"Man &amp; Machine\" \/>\n<meta property=\"article:publisher\" content=\"https:\/\/www.facebook.com\/ManAndMachine\/\" \/>\n<meta property=\"article:modified_time\" content=\"2025-03-11T11:14:21+00:00\" \/>\n<meta property=\"og:image\" content=\"https:\/\/eu.man-machine.com\/wp-content\/uploads\/2024\/10\/man-machine-3.png\" \/>\n\t<meta property=\"og:image:width\" content=\"2500\" \/>\n\t<meta property=\"og:image:height\" content=\"1384\" \/>\n\t<meta property=\"og:image:type\" content=\"image\/png\" \/>\n<meta name=\"twitter:card\" content=\"summary_large_image\" \/>\n<meta name=\"twitter:site\" content=\"@manandmachineco\" \/>\n<script type=\"application\/ld+json\" class=\"yoast-schema-graph\">{\"@context\":\"https:\/\/schema.org\",\"@graph\":[{\"@type\":\"WebPage\",\"@id\":\"https:\/\/eu.man-machine.com\/de\/antimikrobielle-tastaturen-und-maeuse\/\",\"url\":\"https:\/\/eu.man-machine.com\/de\/antimikrobielle-tastaturen-und-maeuse\/\",\"name\":\"Antimikrobielle Tastaturen & M\u00e4use\",\"isPartOf\":{\"@id\":\"https:\/\/eu.man-machine.com\/de\/#website\"},\"datePublished\":\"2024-09-26T06:41:47+00:00\",\"dateModified\":\"2025-03-11T11:14:21+00:00\",\"description\":\"Erfahren Sie, was antimikrobielle Tastaturen und M\u00e4use sind und warum wir bewusst auf antimikrobielle Beschichtungen verzichten.\",\"breadcrumb\":{\"@id\":\"https:\/\/eu.man-machine.com\/de\/antimikrobielle-tastaturen-und-maeuse\/#breadcrumb\"},\"inLanguage\":\"de\",\"potentialAction\":[{\"@type\":\"ReadAction\",\"target\":[\"https:\/\/eu.man-machine.com\/de\/antimikrobielle-tastaturen-und-maeuse\/\"]}]},{\"@type\":\"BreadcrumbList\",\"@id\":\"https:\/\/eu.man-machine.com\/de\/antimikrobielle-tastaturen-und-maeuse\/#breadcrumb\",\"itemListElement\":[{\"@type\":\"ListItem\",\"position\":1,\"name\":\"Home\",\"item\":\"https:\/\/eu.man-machine.com\/de\/\"},{\"@type\":\"ListItem\",\"position\":2,\"name\":\"Antimikrobielle Tastaturen &amp; M\u00e4use\"}]},{\"@type\":\"WebSite\",\"@id\":\"https:\/\/eu.man-machine.com\/de\/#website\",\"url\":\"https:\/\/eu.man-machine.com\/de\/\",\"name\":\"Man & Machine\",\"description\":\"Wasserdichte Tastaturen f\u00fcr medizinische und industrielle Anwendungen\",\"publisher\":{\"@id\":\"https:\/\/eu.man-machine.com\/de\/#organization\"},\"alternateName\":\"Man and Machine\",\"potentialAction\":[{\"@type\":\"SearchAction\",\"target\":{\"@type\":\"EntryPoint\",\"urlTemplate\":\"https:\/\/eu.man-machine.com\/de\/?s={search_term_string}\"},\"query-input\":{\"@type\":\"PropertyValueSpecification\",\"valueRequired\":true,\"valueName\":\"search_term_string\"}}],\"inLanguage\":\"de\"},{\"@type\":\"Organization\",\"@id\":\"https:\/\/eu.man-machine.com\/de\/#organization\",\"name\":\"Man & Machine\",\"alternateName\":\"Man and Machine\",\"url\":\"https:\/\/eu.man-machine.com\/de\/\",\"logo\":{\"@type\":\"ImageObject\",\"inLanguage\":\"de\",\"@id\":\"https:\/\/eu.man-machine.com\/de\/#\/schema\/logo\/image\/\",\"url\":\"https:\/\/eu.man-machine.com\/wp-content\/uploads\/2024\/11\/man-and-machine-logo-svg.svg\",\"contentUrl\":\"https:\/\/eu.man-machine.com\/wp-content\/uploads\/2024\/11\/man-and-machine-logo-svg.svg\",\"width\":293,\"height\":28,\"caption\":\"Man & Machine\"},\"image\":{\"@id\":\"https:\/\/eu.man-machine.com\/de\/#\/schema\/logo\/image\/\"},\"sameAs\":[\"https:\/\/www.facebook.com\/ManAndMachine\/\",\"https:\/\/x.com\/manandmachineco\"]}]}<\/script>\n<!-- \/ Yoast SEO plugin. -->","yoast_head_json":{"title":"Antimikrobielle Tastaturen & M\u00e4use","description":"Erfahren Sie, was antimikrobielle Tastaturen und M\u00e4use sind und warum wir bewusst auf antimikrobielle Beschichtungen verzichten.","robots":{"index":"index","follow":"follow","max-snippet":"max-snippet:-1","max-image-preview":"max-image-preview:large","max-video-preview":"max-video-preview:-1"},"canonical":"https:\/\/eu.man-machine.com\/de\/antimikrobielle-tastaturen-und-maeuse\/","og_locale":"de_DE","og_type":"article","og_title":"Antimikrobielle Tastaturen & M\u00e4use","og_description":"Erfahren Sie, was antimikrobielle Tastaturen und M\u00e4use sind und warum wir bewusst auf antimikrobielle Beschichtungen verzichten.","og_url":"https:\/\/eu.man-machine.com\/de\/antimikrobielle-tastaturen-und-maeuse\/","og_site_name":"Man & Machine","article_publisher":"https:\/\/www.facebook.com\/ManAndMachine\/","article_modified_time":"2025-03-11T11:14:21+00:00","og_image":[{"width":2500,"height":1384,"url":"https:\/\/eu.man-machine.com\/wp-content\/uploads\/2024\/10\/man-machine-3.png","type":"image\/png"}],"twitter_card":"summary_large_image","twitter_site":"@manandmachineco","schema":{"@context":"https:\/\/schema.org","@graph":[{"@type":"WebPage","@id":"https:\/\/eu.man-machine.com\/de\/antimikrobielle-tastaturen-und-maeuse\/","url":"https:\/\/eu.man-machine.com\/de\/antimikrobielle-tastaturen-und-maeuse\/","name":"Antimikrobielle Tastaturen & M\u00e4use","isPartOf":{"@id":"https:\/\/eu.man-machine.com\/de\/#website"},"datePublished":"2024-09-26T06:41:47+00:00","dateModified":"2025-03-11T11:14:21+00:00","description":"Erfahren Sie, was antimikrobielle Tastaturen und M\u00e4use sind und warum wir bewusst auf antimikrobielle Beschichtungen verzichten.","breadcrumb":{"@id":"https:\/\/eu.man-machine.com\/de\/antimikrobielle-tastaturen-und-maeuse\/#breadcrumb"},"inLanguage":"de","potentialAction":[{"@type":"ReadAction","target":["https:\/\/eu.man-machine.com\/de\/antimikrobielle-tastaturen-und-maeuse\/"]}]},{"@type":"BreadcrumbList","@id":"https:\/\/eu.man-machine.com\/de\/antimikrobielle-tastaturen-und-maeuse\/#breadcrumb","itemListElement":[{"@type":"ListItem","position":1,"name":"Home","item":"https:\/\/eu.man-machine.com\/de\/"},{"@type":"ListItem","position":2,"name":"Antimikrobielle Tastaturen &amp; M\u00e4use"}]},{"@type":"WebSite","@id":"https:\/\/eu.man-machine.com\/de\/#website","url":"https:\/\/eu.man-machine.com\/de\/","name":"Man & Machine","description":"Wasserdichte Tastaturen f\u00fcr medizinische und industrielle Anwendungen","publisher":{"@id":"https:\/\/eu.man-machine.com\/de\/#organization"},"alternateName":"Man and Machine","potentialAction":[{"@type":"SearchAction","target":{"@type":"EntryPoint","urlTemplate":"https:\/\/eu.man-machine.com\/de\/?s={search_term_string}"},"query-input":{"@type":"PropertyValueSpecification","valueRequired":true,"valueName":"search_term_string"}}],"inLanguage":"de"},{"@type":"Organization","@id":"https:\/\/eu.man-machine.com\/de\/#organization","name":"Man & Machine","alternateName":"Man and Machine","url":"https:\/\/eu.man-machine.com\/de\/","logo":{"@type":"ImageObject","inLanguage":"de","@id":"https:\/\/eu.man-machine.com\/de\/#\/schema\/logo\/image\/","url":"https:\/\/eu.man-machine.com\/wp-content\/uploads\/2024\/11\/man-and-machine-logo-svg.svg","contentUrl":"https:\/\/eu.man-machine.com\/wp-content\/uploads\/2024\/11\/man-and-machine-logo-svg.svg","width":293,"height":28,"caption":"Man & Machine"},"image":{"@id":"https:\/\/eu.man-machine.com\/de\/#\/schema\/logo\/image\/"},"sameAs":["https:\/\/www.facebook.com\/ManAndMachine\/","https:\/\/x.com\/manandmachineco"]}]}},"_links":{"self":[{"href":"https:\/\/eu.man-machine.com\/de\/wp-json\/wp\/v2\/pages\/7217","targetHints":{"allow":["GET"]}}],"collection":[{"href":"https:\/\/eu.man-machine.com\/de\/wp-json\/wp\/v2\/pages"}],"about":[{"href":"https:\/\/eu.man-machine.com\/de\/wp-json\/wp\/v2\/types\/page"}],"author":[{"embeddable":true,"href":"https:\/\/eu.man-machine.com\/de\/wp-json\/wp\/v2\/users\/2"}],"replies":[{"embeddable":true,"href":"https:\/\/eu.man-machine.com\/de\/wp-json\/wp\/v2\/comments?post=7217"}],"version-history":[{"count":3,"href":"https:\/\/eu.man-machine.com\/de\/wp-json\/wp\/v2\/pages\/7217\/revisions"}],"predecessor-version":[{"id":7690,"href":"https:\/\/eu.man-machine.com\/de\/wp-json\/wp\/v2\/pages\/7217\/revisions\/7690"}],"wp:attachment":[{"href":"https:\/\/eu.man-machine.com\/de\/wp-json\/wp\/v2\/media?parent=7217"}],"curies":[{"name":"wp","href":"https:\/\/api.w.org\/{rel}","templated":true}]}}