{"id":7681,"date":"2024-09-05T14:55:30","date_gmt":"2024-09-05T12:55:30","guid":{"rendered":"https:\/\/eu.man-machine.com\/ueber-uns\/"},"modified":"2026-02-18T11:24:37","modified_gmt":"2026-02-18T10:24:37","slug":"ueber-uns","status":"publish","type":"page","link":"https:\/\/eu.man-machine.com\/de\/ueber-uns\/","title":{"rendered":"\u00dcber uns"},"content":{"rendered":"\n    <section class=\"section is-intro bg-default text-default\" id=\"\">\n        <div class=\"container-fluid p-0 is-full\">\n            <div class=\"section__content\">\n            \n    <div class=\"intro\">\n        <div class=\"intro__breadcrumbs\">\n            <p id=\"breadcrumbs\"><span><span><a href=\"https:\/\/eu.man-machine.com\/de\/\">Home<\/a><\/span><\/span><\/p>        <\/div>\n        <img decoding=\"async\" class=\"intro__img\" src=\"https:\/\/eu.man-machine.com\/wp-content\/uploads\/2026\/02\/Manmachinecake-1-1.webp\" srcset=\"https:\/\/eu.man-machine.com\/wp-content\/uploads\/2026\/02\/Manmachinecake-1-1.webp 1500w, https:\/\/eu.man-machine.com\/wp-content\/uploads\/2026\/02\/Manmachinecake-1-1-300x50.webp 300w, https:\/\/eu.man-machine.com\/wp-content\/uploads\/2026\/02\/Manmachinecake-1-1-1024x171.webp 1024w, https:\/\/eu.man-machine.com\/wp-content\/uploads\/2026\/02\/Manmachinecake-1-1-768x128.webp 768w, https:\/\/eu.man-machine.com\/wp-content\/uploads\/2026\/02\/Manmachinecake-1-1-600x100.webp 600w, https:\/\/eu.man-machine.com\/wp-content\/uploads\/2026\/02\/Manmachinecake-1-1-1000x167.webp 1000w\" sizes=\"(max-width: 2000px) 100vw, 2000px\" alt=\"\" title=\" \" >    <\/div>\n    <\/div>\n    <\/div>\n    <\/section>\n\n\n\n    <section class=\"section is-wysiwyg bg-default overflow-hidden text-default lg\" id=\"\">\n        <div class=\"container-fluid is-custom\">\n            <div class=\"section__content\">\n            \n    <div class=\"wysiwyg bg-white\">\n        <div class=\"entry-content wysiwyg__content\">\n            <h1>\u00dcber uns<\/h1>\n<h3>Man &amp; Machine Europe<\/h3>\n<p>Am 1. M\u00e4rz 2005 wurde Man &amp; Machine Europe durch Clifton Broumand und Geraldien de Louwere-Schasfoort als Zweigniederlassung von Man &amp; Machine Inc. bei der \u00f6rtlichen Handelskammer in Haarlem in den Niederlanden registriert.<\/p>\n<p>Die darauffolgenden Jahre standen im Zeichen des Wachstums, der Produktentwicklung, der Teilnahme an Messen und der Erweiterung des Teams. Der Aufbau von Allianzpartnerschaften mit Dell, HP und anderen hat die Marktposition von Man &amp; Machine in Europa gest\u00e4rkt.<\/p>\n<p>Man &amp; Machine Produkte werden mittlerweile europaweit eingesetzt. Krankenh\u00e4user, Kliniken, Zahnarztpraxen, Hersteller von Medizinger\u00e4ten, Labore, hygienesensible Produktionsst\u00e4tten im Lebensmittel- und Pharmabereich, Haus\u00e4rzte, sie alle finden in unserem Sortiment an desinfizierbaren Tastaturen und M\u00e4usen passende L\u00f6sungen. Die versiegelten und soliden Eigenschaften unserer Spezialtastaturen und -m\u00e4use eignen sich auch ausgezeichnet f\u00fcr den Einbau in Polizeiautos und als Schutz vor Staub und \u00f6ligen Fl\u00fcssigkeiten in Industrieumgebungen.<\/p>\n<p>Unser B\u00fcro in Haarlem, die Niederlande, beherbergt unsere Vertriebs-, Marketing- und Kundenserviceteams und fungiert als regionales Lager, in dem die Produktlokalisierung stattfindet und von dem aus wir unsere verschiedenen Produkte versenden.<\/p>\n<h3>Man &amp; Machine Inc.<\/h3>\n<p>Unsere Muttergesellschaft Man &amp; Machine Inc. stellt seit 1982 spezielle Hardwareprodukte her. Als junger Unternehmer hat Clifton Broumand die Firma gegr\u00fcndet und seine innovative Technik und sein vision\u00e4rer Ansatz bei der Produktentwicklung, der stets auf die beste Benutzerfreundlichkeit ausgerichtet ist, haben dem Unternehmen einen Namen gemacht.<\/p>\n<p>Unser derzeitiger 1.765 m\u00b2 gro\u00dfer Hauptsitz des Unternehmens liegt etwas au\u00dferhalb von Washington DC, Maryland und beherbergt B\u00fcros, eine Produktionsst\u00e4tte, eine technische Einrichtung, einen Klasse 1000 Reinraum, sowie das Lager und die Logistik. Alle vollst\u00e4ndig versiegelten Silikontastaturen in unserem Sortiment werden mit gro\u00dfer Sorgfalt in dieser Fabrik hergestellt, die im Jahr 2023 die ISO 9001:2015-Zertifizierung erhalten hat.<\/p>\n<p>Folgen Sie Man &amp; Machine <a href=\"https:\/\/www.linkedin.com\/company\/man-&amp;-machine-europe\" target=\"_blank\" rel=\"noopener\"><img loading=\"lazy\" decoding=\"async\" class=\"alignnone wp-image-8006\" src=\"https:\/\/eu.man-machine.com\/wp-content\/uploads\/2025\/04\/LI-logo-150x150.png\" alt=\"\" width=\"54\" height=\"46\" srcset=\"https:\/\/eu.man-machine.com\/wp-content\/uploads\/2025\/04\/LI-logo-300x255.png 300w, https:\/\/eu.man-machine.com\/wp-content\/uploads\/2025\/04\/LI-logo-600x510.png 600w, https:\/\/eu.man-machine.com\/wp-content\/uploads\/2025\/04\/LI-logo.png 635w\" sizes=\"auto, (max-width: 54px) 100vw, 54px\" \/><\/a><\/p>\n<p><a href=\"https:\/\/eu.man-machine.com\/wp-content\/uploads\/2025\/04\/roadmap_2025.png\" target=\"_blank\" rel=\"noopener\"><img loading=\"lazy\" decoding=\"async\" class=\"aligncenter wp-image-7914 size-large\" src=\"https:\/\/eu.man-machine.com\/wp-content\/uploads\/2025\/04\/roadmap_2025-1024x693.png\" alt=\"Man &amp; Machine timeline highlighting 20 years of innovation and leadership in washable and waterproof keyboards and mice for the medical and industrial sectors.\" width=\"1024\" height=\"693\" srcset=\"https:\/\/eu.man-machine.com\/wp-content\/uploads\/2025\/04\/roadmap_2025-1024x693.png 1024w, https:\/\/eu.man-machine.com\/wp-content\/uploads\/2025\/04\/roadmap_2025-300x203.png 300w, https:\/\/eu.man-machine.com\/wp-content\/uploads\/2025\/04\/roadmap_2025-768x520.png 768w, https:\/\/eu.man-machine.com\/wp-content\/uploads\/2025\/04\/roadmap_2025-1536x1039.png 1536w, https:\/\/eu.man-machine.com\/wp-content\/uploads\/2025\/04\/roadmap_2025-2048x1386.png 2048w, https:\/\/eu.man-machine.com\/wp-content\/uploads\/2025\/04\/roadmap_2025-600x406.png 600w, https:\/\/eu.man-machine.com\/wp-content\/uploads\/2025\/04\/roadmap_2025-1000x677.png 1000w\" sizes=\"auto, (max-width: 1024px) 100vw, 1024px\" \/><\/a><\/p>\n<p>&nbsp;<\/p>\n        <\/div>\n    <\/div>\n    <\/div>\n    <\/div>\n    <\/section>\n","protected":false},"excerpt":{"rendered":"","protected":false},"author":2,"featured_media":0,"parent":0,"menu_order":0,"comment_status":"closed","ping_status":"closed","template":"","meta":{"_acf_changed":false,"_glsr_average":0,"_glsr_ranking":0,"_glsr_reviews":0,"footnotes":""},"class_list":["post-7681","page","type-page","status-publish","hentry"],"acf":[],"yoast_head":"<!-- This site is optimized with the Yoast SEO plugin v26.9 - https:\/\/yoast.com\/product\/yoast-seo-wordpress\/ -->\n<title>\u00dcber uns<\/title>\n<meta name=\"description\" content=\"Entdecken Sie Man &amp; Machine: seit 2005 Spezialist f\u00fcr hygienische Tastaturen und M\u00e4use f\u00fcr medizinische und professionelle Bereiche.\" \/>\n<meta name=\"robots\" content=\"index, follow, max-snippet:-1, max-image-preview:large, max-video-preview:-1\" \/>\n<link rel=\"canonical\" href=\"https:\/\/eu.man-machine.com\/de\/ueber-uns\/\" \/>\n<meta property=\"og:locale\" content=\"de_DE\" \/>\n<meta property=\"og:type\" content=\"article\" \/>\n<meta property=\"og:title\" content=\"\u00dcber uns\" \/>\n<meta property=\"og:description\" content=\"Entdecken Sie Man &amp; Machine: seit 2005 Spezialist f\u00fcr hygienische Tastaturen und M\u00e4use f\u00fcr medizinische und professionelle Bereiche.\" \/>\n<meta property=\"og:url\" content=\"https:\/\/eu.man-machine.com\/de\/ueber-uns\/\" \/>\n<meta property=\"og:site_name\" content=\"Man &amp; Machine\" \/>\n<meta property=\"article:publisher\" content=\"https:\/\/www.facebook.com\/ManAndMachine\/\" \/>\n<meta property=\"article:modified_time\" content=\"2026-02-18T10:24:37+00:00\" \/>\n<meta property=\"og:image\" content=\"https:\/\/eu.man-machine.com\/wp-content\/uploads\/2024\/10\/man-machine-3.png\" \/>\n\t<meta property=\"og:image:width\" content=\"2500\" \/>\n\t<meta property=\"og:image:height\" content=\"1384\" \/>\n\t<meta property=\"og:image:type\" content=\"image\/png\" \/>\n<meta name=\"twitter:card\" content=\"summary_large_image\" \/>\n<meta name=\"twitter:site\" content=\"@manandmachineco\" \/>\n<script type=\"application\/ld+json\" class=\"yoast-schema-graph\">{\"@context\":\"https:\/\/schema.org\",\"@graph\":[{\"@type\":\"WebPage\",\"@id\":\"https:\/\/eu.man-machine.com\/de\/ueber-uns\/\",\"url\":\"https:\/\/eu.man-machine.com\/de\/ueber-uns\/\",\"name\":\"\u00dcber uns\",\"isPartOf\":{\"@id\":\"https:\/\/eu.man-machine.com\/de\/#website\"},\"datePublished\":\"2024-09-05T12:55:30+00:00\",\"dateModified\":\"2026-02-18T10:24:37+00:00\",\"description\":\"Entdecken Sie Man & Machine: seit 2005 Spezialist f\u00fcr hygienische Tastaturen und M\u00e4use f\u00fcr medizinische und professionelle Bereiche.\",\"breadcrumb\":{\"@id\":\"https:\/\/eu.man-machine.com\/de\/ueber-uns\/#breadcrumb\"},\"inLanguage\":\"de\",\"potentialAction\":[{\"@type\":\"ReadAction\",\"target\":[\"https:\/\/eu.man-machine.com\/de\/ueber-uns\/\"]}]},{\"@type\":\"BreadcrumbList\",\"@id\":\"https:\/\/eu.man-machine.com\/de\/ueber-uns\/#breadcrumb\",\"itemListElement\":[{\"@type\":\"ListItem\",\"position\":1,\"name\":\"Home\",\"item\":\"https:\/\/eu.man-machine.com\/de\/\"},{\"@type\":\"ListItem\",\"position\":2,\"name\":\"\u00dcber uns\"}]},{\"@type\":\"WebSite\",\"@id\":\"https:\/\/eu.man-machine.com\/de\/#website\",\"url\":\"https:\/\/eu.man-machine.com\/de\/\",\"name\":\"Man & Machine\",\"description\":\"Wasserdichte Tastaturen f\u00fcr medizinische und industrielle Anwendungen\",\"publisher\":{\"@id\":\"https:\/\/eu.man-machine.com\/de\/#organization\"},\"alternateName\":\"Man and Machine\",\"potentialAction\":[{\"@type\":\"SearchAction\",\"target\":{\"@type\":\"EntryPoint\",\"urlTemplate\":\"https:\/\/eu.man-machine.com\/de\/?s={search_term_string}\"},\"query-input\":{\"@type\":\"PropertyValueSpecification\",\"valueRequired\":true,\"valueName\":\"search_term_string\"}}],\"inLanguage\":\"de\"},{\"@type\":\"Organization\",\"@id\":\"https:\/\/eu.man-machine.com\/de\/#organization\",\"name\":\"Man & Machine\",\"alternateName\":\"Man and Machine\",\"url\":\"https:\/\/eu.man-machine.com\/de\/\",\"logo\":{\"@type\":\"ImageObject\",\"inLanguage\":\"de\",\"@id\":\"https:\/\/eu.man-machine.com\/de\/#\/schema\/logo\/image\/\",\"url\":\"https:\/\/eu.man-machine.com\/wp-content\/uploads\/2024\/11\/man-and-machine-logo-svg.svg\",\"contentUrl\":\"https:\/\/eu.man-machine.com\/wp-content\/uploads\/2024\/11\/man-and-machine-logo-svg.svg\",\"width\":293,\"height\":28,\"caption\":\"Man & Machine\"},\"image\":{\"@id\":\"https:\/\/eu.man-machine.com\/de\/#\/schema\/logo\/image\/\"},\"sameAs\":[\"https:\/\/www.facebook.com\/ManAndMachine\/\",\"https:\/\/x.com\/manandmachineco\"]}]}<\/script>\n<!-- \/ Yoast SEO plugin. -->","yoast_head_json":{"title":"\u00dcber uns","description":"Entdecken Sie Man & Machine: seit 2005 Spezialist f\u00fcr hygienische Tastaturen und M\u00e4use f\u00fcr medizinische und professionelle Bereiche.","robots":{"index":"index","follow":"follow","max-snippet":"max-snippet:-1","max-image-preview":"max-image-preview:large","max-video-preview":"max-video-preview:-1"},"canonical":"https:\/\/eu.man-machine.com\/de\/ueber-uns\/","og_locale":"de_DE","og_type":"article","og_title":"\u00dcber uns","og_description":"Entdecken Sie Man & Machine: seit 2005 Spezialist f\u00fcr hygienische Tastaturen und M\u00e4use f\u00fcr medizinische und professionelle Bereiche.","og_url":"https:\/\/eu.man-machine.com\/de\/ueber-uns\/","og_site_name":"Man & Machine","article_publisher":"https:\/\/www.facebook.com\/ManAndMachine\/","article_modified_time":"2026-02-18T10:24:37+00:00","og_image":[{"width":2500,"height":1384,"url":"https:\/\/eu.man-machine.com\/wp-content\/uploads\/2024\/10\/man-machine-3.png","type":"image\/png"}],"twitter_card":"summary_large_image","twitter_site":"@manandmachineco","schema":{"@context":"https:\/\/schema.org","@graph":[{"@type":"WebPage","@id":"https:\/\/eu.man-machine.com\/de\/ueber-uns\/","url":"https:\/\/eu.man-machine.com\/de\/ueber-uns\/","name":"\u00dcber uns","isPartOf":{"@id":"https:\/\/eu.man-machine.com\/de\/#website"},"datePublished":"2024-09-05T12:55:30+00:00","dateModified":"2026-02-18T10:24:37+00:00","description":"Entdecken Sie Man & Machine: seit 2005 Spezialist f\u00fcr hygienische Tastaturen und M\u00e4use f\u00fcr medizinische und professionelle Bereiche.","breadcrumb":{"@id":"https:\/\/eu.man-machine.com\/de\/ueber-uns\/#breadcrumb"},"inLanguage":"de","potentialAction":[{"@type":"ReadAction","target":["https:\/\/eu.man-machine.com\/de\/ueber-uns\/"]}]},{"@type":"BreadcrumbList","@id":"https:\/\/eu.man-machine.com\/de\/ueber-uns\/#breadcrumb","itemListElement":[{"@type":"ListItem","position":1,"name":"Home","item":"https:\/\/eu.man-machine.com\/de\/"},{"@type":"ListItem","position":2,"name":"\u00dcber uns"}]},{"@type":"WebSite","@id":"https:\/\/eu.man-machine.com\/de\/#website","url":"https:\/\/eu.man-machine.com\/de\/","name":"Man & Machine","description":"Wasserdichte Tastaturen f\u00fcr medizinische und industrielle Anwendungen","publisher":{"@id":"https:\/\/eu.man-machine.com\/de\/#organization"},"alternateName":"Man and Machine","potentialAction":[{"@type":"SearchAction","target":{"@type":"EntryPoint","urlTemplate":"https:\/\/eu.man-machine.com\/de\/?s={search_term_string}"},"query-input":{"@type":"PropertyValueSpecification","valueRequired":true,"valueName":"search_term_string"}}],"inLanguage":"de"},{"@type":"Organization","@id":"https:\/\/eu.man-machine.com\/de\/#organization","name":"Man & Machine","alternateName":"Man and Machine","url":"https:\/\/eu.man-machine.com\/de\/","logo":{"@type":"ImageObject","inLanguage":"de","@id":"https:\/\/eu.man-machine.com\/de\/#\/schema\/logo\/image\/","url":"https:\/\/eu.man-machine.com\/wp-content\/uploads\/2024\/11\/man-and-machine-logo-svg.svg","contentUrl":"https:\/\/eu.man-machine.com\/wp-content\/uploads\/2024\/11\/man-and-machine-logo-svg.svg","width":293,"height":28,"caption":"Man & Machine"},"image":{"@id":"https:\/\/eu.man-machine.com\/de\/#\/schema\/logo\/image\/"},"sameAs":["https:\/\/www.facebook.com\/ManAndMachine\/","https:\/\/x.com\/manandmachineco"]}]}},"_links":{"self":[{"href":"https:\/\/eu.man-machine.com\/de\/wp-json\/wp\/v2\/pages\/7681","targetHints":{"allow":["GET"]}}],"collection":[{"href":"https:\/\/eu.man-machine.com\/de\/wp-json\/wp\/v2\/pages"}],"about":[{"href":"https:\/\/eu.man-machine.com\/de\/wp-json\/wp\/v2\/types\/page"}],"author":[{"embeddable":true,"href":"https:\/\/eu.man-machine.com\/de\/wp-json\/wp\/v2\/users\/2"}],"replies":[{"embeddable":true,"href":"https:\/\/eu.man-machine.com\/de\/wp-json\/wp\/v2\/comments?post=7681"}],"version-history":[{"count":21,"href":"https:\/\/eu.man-machine.com\/de\/wp-json\/wp\/v2\/pages\/7681\/revisions"}],"predecessor-version":[{"id":9980,"href":"https:\/\/eu.man-machine.com\/de\/wp-json\/wp\/v2\/pages\/7681\/revisions\/9980"}],"wp:attachment":[{"href":"https:\/\/eu.man-machine.com\/de\/wp-json\/wp\/v2\/media?parent=7681"}],"curies":[{"name":"wp","href":"https:\/\/api.w.org\/{rel}","templated":true}]}}