{"id":7695,"date":"2024-09-25T11:35:57","date_gmt":"2024-09-25T09:35:57","guid":{"rendered":"https:\/\/eu.man-machine.com\/reinigungs-desinfektionshinweise\/"},"modified":"2025-06-12T14:05:25","modified_gmt":"2025-06-12T12:05:25","slug":"reinigungs-desinfektionshinweise","status":"publish","type":"page","link":"https:\/\/eu.man-machine.com\/de\/reinigungs-desinfektionshinweise\/","title":{"rendered":"Reinigungs- &amp; Desinfektionshinweise"},"content":{"rendered":"\n    <section class=\"section is-intro bg-default text-default\" id=\"\">\n        <div class=\"container-fluid p-0 is-full\">\n            <div class=\"section__content\">\n            \n    <\/div>\n    <\/div>\n    <\/section>\n\n\n\n    <section class=\"section is-wysiwyg bg-default overflow-hidden text-default lg\" id=\"\">\n        <div class=\"container-fluid is-custom\">\n            <div class=\"section__content\">\n            \n    <div class=\"wysiwyg bg-white\">\n        <div class=\"entry-content wysiwyg__content\">\n            <h1>Reinigungs- &amp; Desinfektionshinweise<\/h1>\n<p>Unsere Produkte werden mit Wissen und Respekt hergestellt. F\u00fcr den sicheren Einsatz im medizinischen Bereich erf\u00fcllen sie die Anforderungen zur elektromagnetischen Vertr\u00e4glichkeit (<a href=\"https:\/\/eu.man-machine.com\/de\/en-60601-1-2\/\">EMV EN 60601-1-2: 2015<\/a>), auch bekannt als 4. Ausgabe. Auf europ\u00e4ischer Ebene erf\u00fcllen wir die Anforderungen der Richtlinie 2014\/30\/EU zur elektromagnetischen Vertr\u00e4glichkeit, der Richtlinie 2012\/19\/EU \u00fcber Elektro- und Elektronik-Altger\u00e4te (WEEE) und der Richtlinie 2015\/863\/EU zur Beschr\u00e4nkung gef\u00e4hrlicher Stoffe (RoHs). Europ\u00e4isches Parlament und Rat. Alle Produkte sind in \u00dcbereinstimmung mit der EU-REACH-Verordnung (Registrierung, Bewertung, Autorisierung von Chemikalien) zur Beschr\u00e4nkung der Verwendung von SVHC (Substances of Very High Concern) in elektronischen Bauteilen konzipiert.<\/p>\n<p>Auf dieser Seite finden Sie auch relevante <strong>Reinigungs- &amp; Desinfektionsanleitungen<\/strong>, Unsere <strong>Unternehmenspolitik <\/strong>und <strong>Whitepapers<\/strong>.<\/p>\n<h3>Zertifikate<\/h3>\n<ul>\n<li>Its Cool <a href=\"https:\/\/eu.man-machine.com\/wp-content\/uploads\/2025\/06\/REACH-247-VC-VCF-ITSC-ICF-CM-BTWI-signed-20250429.pdf\" target=\"_blank\" rel=\"noopener\">REACH<\/a> <a href=\"https:\/\/eu.man-machine.com\/wp-content\/uploads\/2024\/06\/ROHS-Declaration-VC-VCF-ITSC-ICF-CM-DRAPE-products-Man-Machine-20220728.pdf\" target=\"_blank\" rel=\"noopener\">RoHS<\/a><\/li>\n<li>Its Cool Flat <a href=\"https:\/\/eu.man-machine.com\/wp-content\/uploads\/2025\/06\/REACH-247-VC-VCF-ITSC-ICF-CM-BTWI-signed-20250429.pdf\" target=\"_blank\" rel=\"noopener\">REACH<\/a> <a href=\"https:\/\/eu.man-machine.com\/wp-content\/uploads\/2024\/06\/ROHS-Declaration-VC-VCF-ITSC-ICF-CM-DRAPE-products-Man-Machine-20220728.pdf\" target=\"_blank\" rel=\"noopener\">RoHS<\/a><\/li>\n<li>Its Cool Wireless <a href=\"https:\/\/eu.man-machine.com\/wp-content\/uploads\/2025\/06\/REACH-247-VC-VCF-ITSC-ICF-CM-BTWI-signed-20250429.pdf\" target=\"_blank\" rel=\"noopener\">REACH<\/a> <a href=\"https:\/\/eu.man-machine.com\/wp-content\/uploads\/2024\/06\/ROHS-Declaration-VC-VCF-ITSC-ICF-CM-DRAPE-products-Man-Machine-20220728.pdf\" target=\"_blank\" rel=\"noopener\">RoHS<\/a><\/li>\n<li>Really Cool <a href=\"https:\/\/eu.man-machine.com\/wp-content\/uploads\/2025\/06\/REACH-247-RC-RCT-SC-SC-MM-PM-signed-20250429.pdf\" target=\"_blank\" rel=\"noopener\">REACH<\/a> <a href=\"https:\/\/eu.man-machine.com\/wp-content\/uploads\/2024\/06\/ROHS-Declaration-RC-SC-RCT-SC-MM-PM-SoC-products-Man-Machine-20220728.pdf\" target=\"_blank\" rel=\"noopener\">RoHS<\/a><\/li>\n<li>Really Cool Touch <a href=\"https:\/\/eu.man-machine.com\/wp-content\/uploads\/2025\/06\/REACH-247-RC-RCT-SC-SC-MM-PM-signed-20250429.pdf\" target=\"_blank\" rel=\"noopener\">REACH<\/a> <a href=\"https:\/\/eu.man-machine.com\/wp-content\/uploads\/2024\/06\/ROHS-Declaration-RC-SC-RCT-SC-MM-PM-SoC-products-Man-Machine-20220728.pdf\" target=\"_blank\" rel=\"noopener\">RoHS<\/a><\/li>\n<li>Slim Cool <a href=\"https:\/\/eu.man-machine.com\/wp-content\/uploads\/2025\/06\/REACH-247-RC-RCT-SC-SC-MM-PM-signed-20250429.pdf\" target=\"_blank\" rel=\"noopener\">REACH<\/a> <a href=\"https:\/\/eu.man-machine.com\/wp-content\/uploads\/2024\/06\/ROHS-Declaration-RC-SC-RCT-SC-MM-PM-SoC-products-Man-Machine-20220728.pdf\" target=\"_blank\" rel=\"noopener\">RoHS<\/a><\/li>\n<li>Slim Cool+ <a href=\"https:\/\/eu.man-machine.com\/wp-content\/uploads\/2025\/06\/REACH-247-RC-RCT-SC-SC-MM-PM-signed-20250429.pdf\" target=\"_blank\" rel=\"noopener\">REACH<\/a> <a href=\"https:\/\/eu.man-machine.com\/wp-content\/uploads\/2024\/06\/ROHS-Declaration-RC-SC-RCT-SC-MM-PM-SoC-products-Man-Machine-20220728.pdf\" target=\"_blank\" rel=\"noopener\">RoHS<\/a><\/li>\n<li>Really O\u2019Cool<\/li>\n<li>So Cool <a href=\"https:\/\/eu.man-machine.com\/wp-content\/uploads\/2025\/06\/REACH-247-RC-RCT-SC-SC-MM-PM-signed-20250429.pdf\">REACH<\/a> <a href=\"https:\/\/eu.man-machine.com\/wp-content\/uploads\/2024\/06\/ROHS-Declaration-RC-SC-RCT-SC-MM-PM-SoC-products-Man-Machine-20220728.pdf\" target=\"_blank\" rel=\"noopener\">RoHS<\/a><\/li>\n<li>Very Cool <a href=\"https:\/\/eu.man-machine.com\/wp-content\/uploads\/2025\/06\/REACH-247-VC-VCF-ITSC-ICF-CM-BTWI-signed-20250429.pdf\" target=\"_blank\" rel=\"noopener\">REACH<\/a> <a href=\"https:\/\/eu.man-machine.com\/wp-content\/uploads\/2024\/06\/ROHS-Declaration-VC-VCF-ITSC-ICF-CM-DRAPE-products-Man-Machine-20220728.pdf\" target=\"_blank\" rel=\"noopener\">RoHS<\/a><\/li>\n<li>Very Cool Flat <a href=\"https:\/\/eu.man-machine.com\/wp-content\/uploads\/2025\/06\/REACH-247-RC-RCT-SC-SC-MM-PM-signed-20250429.pdf\" target=\"_blank\" rel=\"noopener\">REACH<\/a> <a href=\"https:\/\/eu.man-machine.com\/wp-content\/uploads\/2024\/06\/ROHS-Declaration-VC-VCF-ITSC-ICF-CM-DRAPE-products-Man-Machine-20220728.pdf\" target=\"_blank\" rel=\"noopener\">RoHS<\/a><\/li>\n<li>C Mouse <a href=\"https:\/\/eu.man-machine.com\/wp-content\/uploads\/2025\/06\/REACH-247-VC-VCF-ITSC-ICF-CM-BTWI-signed-20250429.pdf\" target=\"_blank\" rel=\"noopener\">REACH<\/a> <a href=\"https:\/\/eu.man-machine.com\/wp-content\/uploads\/2024\/06\/ROHS-Declaration-VC-VCF-ITSC-ICF-CM-DRAPE-products-Man-Machine-20220728.pdf\" target=\"_blank\" rel=\"noopener\">RoHS<\/a><\/li>\n<li>C Mouse Wireless <a href=\"https:\/\/eu.man-machine.com\/wp-content\/uploads\/2025\/06\/REACH-247-VC-VCF-ITSC-ICF-CM-BTWI-signed-20250429.pdf\" target=\"_blank\" rel=\"noopener\">REACH<\/a> <a href=\"https:\/\/eu.man-machine.com\/wp-content\/uploads\/2024\/06\/ROHS-Declaration-VC-VCF-ITSC-ICF-CM-DRAPE-products-Man-Machine-20220728.pdf\" target=\"_blank\" rel=\"noopener\">RoHS<\/a><\/li>\n<li>Mighty Mouse <a href=\"https:\/\/eu.man-machine.com\/wp-content\/uploads\/2025\/06\/REACH-247-RC-RCT-SC-SC-MM-PM-signed-20250429.pdf\" target=\"_blank\" rel=\"noopener\">REACH<\/a> <a href=\"https:\/\/eu.man-machine.com\/wp-content\/uploads\/2024\/06\/ROHS-Declaration-RC-SC-RCT-SC-MM-PM-SoC-products-Man-Machine-20220728.pdf\" target=\"_blank\" rel=\"noopener\">RoHS<\/a><\/li>\n<li>Mighty O\u2019Mouse<\/li>\n<li>Petite Mouse <a href=\"https:\/\/eu.man-machine.com\/wp-content\/uploads\/2025\/06\/REACH-247-RC-RCT-SC-SC-MM-PM-signed-20250429.pdf\" target=\"_blank\" rel=\"noopener\">REACH<\/a> <a href=\"https:\/\/eu.man-machine.com\/wp-content\/uploads\/2024\/06\/ROHS-Declaration-RC-SC-RCT-SC-MM-PM-SoC-products-Man-Machine-20220728.pdf\" target=\"_blank\" rel=\"noopener\">RoHS<\/a><\/li>\n<\/ul>\n<h3>Konformit\u00e4tserkl\u00e4rungen<\/h3>\n<ul>\n<li>Its Cool <a href=\"https:\/\/eu.man-machine.com\/wp-content\/uploads\/2024\/06\/Declaration-of-conformity-ITSC-ICF-for-CE-RoHS-EMC-20190702.pdf\" target=\"_blank\" rel=\"noopener\">CE\/RoHS\/EMC<\/a><\/li>\n<li>Its Cool Flat <a href=\"https:\/\/eu.man-machine.com\/wp-content\/uploads\/2024\/06\/Declaration-of-conformity-ITSC-ICF-for-CE-RoHS-EMC-20190702.pdf\" target=\"_blank\" rel=\"noopener\">CE\/RoHS\/EMC<\/a><\/li>\n<li>Its Cool Wireless <a href=\"https:\/\/eu.man-machine.com\/wp-content\/uploads\/2024\/06\/Declaration-of-conformity-ITSC-WI-for-CE-RoHS-EMC-20211109.pdf\" target=\"_blank\" rel=\"noopener\">CE\/RoHS\/EMC<\/a> <a href=\"https:\/\/eu.man-machine.com\/wp-content\/uploads\/2024\/08\/MMI-EU2023_1542-Battery-Heavy-Metals-Declaration.pdf\" target=\"_blank\" rel=\"noopener\">\/EU2023_1542<\/a><\/li>\n<li>Really Cool <a href=\"https:\/\/eu.man-machine.com\/wp-content\/uploads\/2024\/06\/Declaration-of-conformity-SCLP-RCLP-SoC-SCLP-RCTLP-for-CE-RoHS-EMC-MDD-20190628.pdf\" target=\"_blank\" rel=\"noopener\">CE\/RoHS\/EMC\/MDD<\/a><\/li>\n<li>Really Cool Touch <a href=\"https:\/\/eu.man-machine.com\/wp-content\/uploads\/2024\/06\/Declaration-of-conformity-SCLP-RCLP-SoC-SCLP-RCTLP-for-CE-RoHS-EMC-MDD-20190628.pdf\" target=\"_blank\" rel=\"noopener\">CE\/RoHS\/EMC\/MDD<\/a><\/li>\n<li>Slim Cool <a href=\"https:\/\/eu.man-machine.com\/wp-content\/uploads\/2024\/06\/Declaration-of-conformity-SCLP-RCLP-SoC-SCLP-RCTLP-for-CE-RoHS-EMC-MDD-20190628.pdf\" target=\"_blank\" rel=\"noopener\">CE\/RoHS\/EMC\/MDD<\/a><\/li>\n<li>Slim Cool+ <a href=\"https:\/\/eu.man-machine.com\/wp-content\/uploads\/2024\/06\/Declaration-of-conformity-SCLP-RCLP-SoC-SCLP-RCTLP-for-CE-RoHS-EMC-MDD-20190628.pdf\" target=\"_blank\" rel=\"noopener\">CE\/RoHS\/EMC\/MDD<\/a><\/li>\n<li>Really O\u2019Cool<\/li>\n<li>So Cool <a href=\"https:\/\/eu.man-machine.com\/wp-content\/uploads\/2024\/06\/Declaration-of-conformity-SCLP-RCLP-SoC-SCLP-RCTLP-for-CE-RoHS-EMC-MDD-20190628.pdf\" target=\"_blank\" rel=\"noopener\">CE\/RoHS\/EMC\/MDD<\/a><\/li>\n<li>Very Cool <a href=\"https:\/\/eu.man-machine.com\/wp-content\/uploads\/2024\/06\/Declaration-of-conformity-VC-VCF-for-CE-RoHS-EMC-MDD-20200122.pdf\" target=\"_blank\" rel=\"noopener\">CE\/RoHS\/EMC\/MDD<\/a><\/li>\n<li>Very Cool Flat <a href=\"https:\/\/eu.man-machine.com\/wp-content\/uploads\/2024\/06\/Declaration-of-conformity-VC-VCF-for-CE-RoHS-EMC-MDD-20200122.pdf\" target=\"_blank\" rel=\"noopener\">CE\/RoHS\/EMC\/MDD<\/a><\/li>\n<li>C Mouse <a href=\"https:\/\/eu.man-machine.com\/wp-content\/uploads\/2024\/06\/Declaration-of-conformity-CM-for-CE-RoHS-EMC-MDD-20230805.pdf\" target=\"_blank\" rel=\"noopener\">CE\/RoHS\/EMC\/MDD<\/a><\/li>\n<li>C Mouse Wireless <a href=\"https:\/\/eu.man-machine.com\/wp-content\/uploads\/2024\/06\/Declaration-of-Conformity-CM-WI-20190107.pdf\" target=\"_blank\" rel=\"noopener\">CE\/RoHS\/EMC<\/a> <a href=\"https:\/\/eu.man-machine.com\/wp-content\/uploads\/2024\/08\/MMI-EU2023_1542-Battery-Heavy-Metals-Declaration.pdf\" target=\"_blank\" rel=\"noopener\">\/EU2023_1542<\/a><\/li>\n<li>Mighty Mouse <a href=\"https:\/\/eu.man-machine.com\/wp-content\/uploads\/2024\/06\/Declaration-of-conformity-PM-MM-for-CE-RoHS-EMC-MDD-20190628.pdf\" target=\"_blank\" rel=\"noopener\">CE\/RoHS\/EMC\/MDD<\/a><\/li>\n<li>Mighty O\u2019Mouse<\/li>\n<li>Petite Mouse <a href=\"https:\/\/eu.man-machine.com\/wp-content\/uploads\/2024\/06\/Declaration-of-conformity-PM-MM-for-CE-RoHS-EMC-MDD-20190628.pdf\" target=\"_blank\" rel=\"noopener\">CE\/RoHS\/EMC\/MDD<\/a><\/li>\n<\/ul>\n<h3>Reinigungs- &amp; Desinfektionshinweise<\/h3>\n<p>Reinigungs- &amp; Desinfektionshinweise <a href=\"https:\/\/eu.man-machine.com\/downloads_mmieu\/EU_CleaningAndDisinfectingInstr_List.pdf\" target=\"_blank\" rel=\"noopener\">pdf<\/a><\/p>\n<h3>Unternehmenspolitik<\/h3>\n<ul>\n<li>Strategie f\u00fcr soziale Verantwortung, Nachhaltigkeitsstrategie &amp; Hinweisgebersystem <a href=\"https:\/\/eu.man-machine.com\/wp-content\/uploads\/2025\/06\/ESG-Program_2025.pdf\" target=\"_blank\" rel=\"noopener\">pdf<\/a><\/li>\n<li>PFAS Erkl\u00e4rung <a href=\"https:\/\/eu.man-machine.com\/wp-content\/uploads\/2025\/06\/MMI-PFAS-declaration-Jul-2024.pdf\" target=\"_blank\" rel=\"noopener\">pdf<\/a><\/li>\n<\/ul>\n<h3>Whitepapers<\/h3>\n<ul>\n<li>The link between your computer keyboard and healthcare associated infections. A systematic review, and preventative interventions <a href=\"https:\/\/eu.man-machine.com\/wp-content\/uploads\/2024\/06\/The-link-between-your-computer-keyboard-and-HAIs-3.pdf\" target=\"_blank\" rel=\"noopener\">pdf<\/a><\/li>\n<li>Can\u2019t Touch This \u2026 Environmental Surfaces Require Disinfection <a href=\"https:\/\/eu.man-machine.com\/wp-content\/uploads\/2024\/06\/4.-Cant-Touch-This%E2%80%A6-Environmental-Surfaces-Require-Disinfection-MMI-Whitepaper.pdf\" target=\"_blank\" rel=\"noopener\">pdf<\/a><\/li>\n<li>Make every visit to the dentist a safe one: Computer keyboards and mice are environmental surfaces requiring disinfection <a href=\"https:\/\/eu.man-machine.com\/wp-content\/uploads\/2024\/06\/Ensure-Dental-Visit-Safety-MMI-Whitepaper.pdf\" target=\"_blank\" rel=\"noopener\">pdf<\/a><\/li>\n<\/ul>\n        <\/div>\n    <\/div>\n    <\/div>\n    <\/div>\n    <\/section>\n","protected":false},"excerpt":{"rendered":"","protected":false},"author":2,"featured_media":0,"parent":0,"menu_order":0,"comment_status":"closed","ping_status":"closed","template":"","meta":{"_acf_changed":false,"_glsr_average":0,"_glsr_ranking":0,"_glsr_reviews":0,"footnotes":""},"class_list":["post-7695","page","type-page","status-publish","hentry"],"acf":[],"yoast_head":"<!-- This site is optimized with the Yoast SEO plugin v26.9 - https:\/\/yoast.com\/product\/yoast-seo-wordpress\/ -->\n<title>Reinigungs- &amp; Desinfektionshinweise pour les produits Man &amp; Machine<\/title>\n<meta name=\"description\" content=\"Sehen Sie alle Zertifikate, Konformit\u00e4tserkl\u00e4rungen sowie Reinigungs- und Desinfektionsrichtlinien unserer hygienischen Tastaturen und M\u00e4use ein.\" \/>\n<meta name=\"robots\" content=\"index, follow, max-snippet:-1, max-image-preview:large, max-video-preview:-1\" \/>\n<link rel=\"canonical\" href=\"https:\/\/eu.man-machine.com\/de\/reinigungs-desinfektionshinweise\/\" \/>\n<meta property=\"og:locale\" content=\"de_DE\" \/>\n<meta property=\"og:type\" content=\"article\" \/>\n<meta property=\"og:title\" content=\"Reinigungs- &amp; Desinfektionshinweise pour les produits Man &amp; Machine\" \/>\n<meta property=\"og:description\" content=\"Sehen Sie alle Zertifikate, Konformit\u00e4tserkl\u00e4rungen sowie Reinigungs- und Desinfektionsrichtlinien unserer hygienischen Tastaturen und M\u00e4use ein.\" \/>\n<meta property=\"og:url\" content=\"https:\/\/eu.man-machine.com\/de\/reinigungs-desinfektionshinweise\/\" \/>\n<meta property=\"og:site_name\" content=\"Man &amp; Machine\" \/>\n<meta property=\"article:publisher\" content=\"https:\/\/www.facebook.com\/ManAndMachine\/\" \/>\n<meta property=\"article:modified_time\" content=\"2025-06-12T12:05:25+00:00\" \/>\n<meta property=\"og:image\" content=\"https:\/\/eu.man-machine.com\/wp-content\/uploads\/2024\/10\/man-machine-3.png\" \/>\n\t<meta property=\"og:image:width\" content=\"2500\" \/>\n\t<meta property=\"og:image:height\" content=\"1384\" \/>\n\t<meta property=\"og:image:type\" content=\"image\/png\" \/>\n<meta name=\"twitter:card\" content=\"summary_large_image\" \/>\n<meta name=\"twitter:site\" content=\"@manandmachineco\" \/>\n<script type=\"application\/ld+json\" class=\"yoast-schema-graph\">{\"@context\":\"https:\/\/schema.org\",\"@graph\":[{\"@type\":\"WebPage\",\"@id\":\"https:\/\/eu.man-machine.com\/de\/reinigungs-desinfektionshinweise\/\",\"url\":\"https:\/\/eu.man-machine.com\/de\/reinigungs-desinfektionshinweise\/\",\"name\":\"Reinigungs- & Desinfektionshinweise pour les produits Man & Machine\",\"isPartOf\":{\"@id\":\"https:\/\/eu.man-machine.com\/de\/#website\"},\"datePublished\":\"2024-09-25T09:35:57+00:00\",\"dateModified\":\"2025-06-12T12:05:25+00:00\",\"description\":\"Sehen Sie alle Zertifikate, Konformit\u00e4tserkl\u00e4rungen sowie Reinigungs- und Desinfektionsrichtlinien unserer hygienischen Tastaturen und M\u00e4use ein.\",\"breadcrumb\":{\"@id\":\"https:\/\/eu.man-machine.com\/de\/reinigungs-desinfektionshinweise\/#breadcrumb\"},\"inLanguage\":\"de\",\"potentialAction\":[{\"@type\":\"ReadAction\",\"target\":[\"https:\/\/eu.man-machine.com\/de\/reinigungs-desinfektionshinweise\/\"]}]},{\"@type\":\"BreadcrumbList\",\"@id\":\"https:\/\/eu.man-machine.com\/de\/reinigungs-desinfektionshinweise\/#breadcrumb\",\"itemListElement\":[{\"@type\":\"ListItem\",\"position\":1,\"name\":\"Home\",\"item\":\"https:\/\/eu.man-machine.com\/de\/\"},{\"@type\":\"ListItem\",\"position\":2,\"name\":\"Reinigungs- &amp; Desinfektionshinweise\"}]},{\"@type\":\"WebSite\",\"@id\":\"https:\/\/eu.man-machine.com\/de\/#website\",\"url\":\"https:\/\/eu.man-machine.com\/de\/\",\"name\":\"Man & Machine\",\"description\":\"Wasserdichte Tastaturen f\u00fcr medizinische und industrielle Anwendungen\",\"publisher\":{\"@id\":\"https:\/\/eu.man-machine.com\/de\/#organization\"},\"alternateName\":\"Man and Machine\",\"potentialAction\":[{\"@type\":\"SearchAction\",\"target\":{\"@type\":\"EntryPoint\",\"urlTemplate\":\"https:\/\/eu.man-machine.com\/de\/?s={search_term_string}\"},\"query-input\":{\"@type\":\"PropertyValueSpecification\",\"valueRequired\":true,\"valueName\":\"search_term_string\"}}],\"inLanguage\":\"de\"},{\"@type\":\"Organization\",\"@id\":\"https:\/\/eu.man-machine.com\/de\/#organization\",\"name\":\"Man & Machine\",\"alternateName\":\"Man and Machine\",\"url\":\"https:\/\/eu.man-machine.com\/de\/\",\"logo\":{\"@type\":\"ImageObject\",\"inLanguage\":\"de\",\"@id\":\"https:\/\/eu.man-machine.com\/de\/#\/schema\/logo\/image\/\",\"url\":\"https:\/\/eu.man-machine.com\/wp-content\/uploads\/2024\/11\/man-and-machine-logo-svg.svg\",\"contentUrl\":\"https:\/\/eu.man-machine.com\/wp-content\/uploads\/2024\/11\/man-and-machine-logo-svg.svg\",\"width\":293,\"height\":28,\"caption\":\"Man & Machine\"},\"image\":{\"@id\":\"https:\/\/eu.man-machine.com\/de\/#\/schema\/logo\/image\/\"},\"sameAs\":[\"https:\/\/www.facebook.com\/ManAndMachine\/\",\"https:\/\/x.com\/manandmachineco\"]}]}<\/script>\n<!-- \/ Yoast SEO plugin. -->","yoast_head_json":{"title":"Reinigungs- & Desinfektionshinweise pour les produits Man & Machine","description":"Sehen Sie alle Zertifikate, Konformit\u00e4tserkl\u00e4rungen sowie Reinigungs- und Desinfektionsrichtlinien unserer hygienischen Tastaturen und M\u00e4use ein.","robots":{"index":"index","follow":"follow","max-snippet":"max-snippet:-1","max-image-preview":"max-image-preview:large","max-video-preview":"max-video-preview:-1"},"canonical":"https:\/\/eu.man-machine.com\/de\/reinigungs-desinfektionshinweise\/","og_locale":"de_DE","og_type":"article","og_title":"Reinigungs- & Desinfektionshinweise pour les produits Man & Machine","og_description":"Sehen Sie alle Zertifikate, Konformit\u00e4tserkl\u00e4rungen sowie Reinigungs- und Desinfektionsrichtlinien unserer hygienischen Tastaturen und M\u00e4use ein.","og_url":"https:\/\/eu.man-machine.com\/de\/reinigungs-desinfektionshinweise\/","og_site_name":"Man & Machine","article_publisher":"https:\/\/www.facebook.com\/ManAndMachine\/","article_modified_time":"2025-06-12T12:05:25+00:00","og_image":[{"width":2500,"height":1384,"url":"https:\/\/eu.man-machine.com\/wp-content\/uploads\/2024\/10\/man-machine-3.png","type":"image\/png"}],"twitter_card":"summary_large_image","twitter_site":"@manandmachineco","schema":{"@context":"https:\/\/schema.org","@graph":[{"@type":"WebPage","@id":"https:\/\/eu.man-machine.com\/de\/reinigungs-desinfektionshinweise\/","url":"https:\/\/eu.man-machine.com\/de\/reinigungs-desinfektionshinweise\/","name":"Reinigungs- & Desinfektionshinweise pour les produits Man & Machine","isPartOf":{"@id":"https:\/\/eu.man-machine.com\/de\/#website"},"datePublished":"2024-09-25T09:35:57+00:00","dateModified":"2025-06-12T12:05:25+00:00","description":"Sehen Sie alle Zertifikate, Konformit\u00e4tserkl\u00e4rungen sowie Reinigungs- und Desinfektionsrichtlinien unserer hygienischen Tastaturen und M\u00e4use ein.","breadcrumb":{"@id":"https:\/\/eu.man-machine.com\/de\/reinigungs-desinfektionshinweise\/#breadcrumb"},"inLanguage":"de","potentialAction":[{"@type":"ReadAction","target":["https:\/\/eu.man-machine.com\/de\/reinigungs-desinfektionshinweise\/"]}]},{"@type":"BreadcrumbList","@id":"https:\/\/eu.man-machine.com\/de\/reinigungs-desinfektionshinweise\/#breadcrumb","itemListElement":[{"@type":"ListItem","position":1,"name":"Home","item":"https:\/\/eu.man-machine.com\/de\/"},{"@type":"ListItem","position":2,"name":"Reinigungs- &amp; Desinfektionshinweise"}]},{"@type":"WebSite","@id":"https:\/\/eu.man-machine.com\/de\/#website","url":"https:\/\/eu.man-machine.com\/de\/","name":"Man & Machine","description":"Wasserdichte Tastaturen f\u00fcr medizinische und industrielle Anwendungen","publisher":{"@id":"https:\/\/eu.man-machine.com\/de\/#organization"},"alternateName":"Man and Machine","potentialAction":[{"@type":"SearchAction","target":{"@type":"EntryPoint","urlTemplate":"https:\/\/eu.man-machine.com\/de\/?s={search_term_string}"},"query-input":{"@type":"PropertyValueSpecification","valueRequired":true,"valueName":"search_term_string"}}],"inLanguage":"de"},{"@type":"Organization","@id":"https:\/\/eu.man-machine.com\/de\/#organization","name":"Man & Machine","alternateName":"Man and Machine","url":"https:\/\/eu.man-machine.com\/de\/","logo":{"@type":"ImageObject","inLanguage":"de","@id":"https:\/\/eu.man-machine.com\/de\/#\/schema\/logo\/image\/","url":"https:\/\/eu.man-machine.com\/wp-content\/uploads\/2024\/11\/man-and-machine-logo-svg.svg","contentUrl":"https:\/\/eu.man-machine.com\/wp-content\/uploads\/2024\/11\/man-and-machine-logo-svg.svg","width":293,"height":28,"caption":"Man & Machine"},"image":{"@id":"https:\/\/eu.man-machine.com\/de\/#\/schema\/logo\/image\/"},"sameAs":["https:\/\/www.facebook.com\/ManAndMachine\/","https:\/\/x.com\/manandmachineco"]}]}},"_links":{"self":[{"href":"https:\/\/eu.man-machine.com\/de\/wp-json\/wp\/v2\/pages\/7695","targetHints":{"allow":["GET"]}}],"collection":[{"href":"https:\/\/eu.man-machine.com\/de\/wp-json\/wp\/v2\/pages"}],"about":[{"href":"https:\/\/eu.man-machine.com\/de\/wp-json\/wp\/v2\/types\/page"}],"author":[{"embeddable":true,"href":"https:\/\/eu.man-machine.com\/de\/wp-json\/wp\/v2\/users\/2"}],"replies":[{"embeddable":true,"href":"https:\/\/eu.man-machine.com\/de\/wp-json\/wp\/v2\/comments?post=7695"}],"version-history":[{"count":9,"href":"https:\/\/eu.man-machine.com\/de\/wp-json\/wp\/v2\/pages\/7695\/revisions"}],"predecessor-version":[{"id":9021,"href":"https:\/\/eu.man-machine.com\/de\/wp-json\/wp\/v2\/pages\/7695\/revisions\/9021"}],"wp:attachment":[{"href":"https:\/\/eu.man-machine.com\/de\/wp-json\/wp\/v2\/media?parent=7695"}],"curies":[{"name":"wp","href":"https:\/\/api.w.org\/{rel}","templated":true}]}}