{"id":7761,"date":"2024-09-26T09:24:46","date_gmt":"2024-09-26T07:24:46","guid":{"rendered":"https:\/\/eu.man-machine.com\/ip-schutzklassen\/"},"modified":"2025-06-26T16:45:22","modified_gmt":"2025-06-26T14:45:22","slug":"ip-schutzklassen","status":"publish","type":"page","link":"https:\/\/eu.man-machine.com\/de\/ip-schutzklassen\/","title":{"rendered":"IP-Schutzklassen"},"content":{"rendered":"\n    <section class=\"section is-intro bg-default text-default\" id=\"\">\n        <div class=\"container-fluid p-0 is-full\">\n            <div class=\"section__content\">\n            \n    <div class=\"intro\">\n        <div class=\"intro__breadcrumbs\">\n            <p id=\"breadcrumbs\"><span><span><a href=\"https:\/\/eu.man-machine.com\/de\/\">Home<\/a><\/span><\/span><\/p>        <\/div>\n        <img decoding=\"async\" class=\"intro__img\" src=\"https:\/\/eu.man-machine.com\/wp-content\/uploads\/2024\/09\/IPratingbanner_MM.png\" srcset=\"https:\/\/eu.man-machine.com\/wp-content\/uploads\/2024\/09\/IPratingbanner_MM.png 1400w, https:\/\/eu.man-machine.com\/wp-content\/uploads\/2024\/09\/IPratingbanner_MM-600x129.png 600w, https:\/\/eu.man-machine.com\/wp-content\/uploads\/2024\/09\/IPratingbanner_MM-1000x214.png 1000w, https:\/\/eu.man-machine.com\/wp-content\/uploads\/2024\/09\/IPratingbanner_MM-300x64.png 300w, https:\/\/eu.man-machine.com\/wp-content\/uploads\/2024\/09\/IPratingbanner_MM-1024x219.png 1024w, https:\/\/eu.man-machine.com\/wp-content\/uploads\/2024\/09\/IPratingbanner_MM-768x165.png 768w\" sizes=\"(max-width: 2000px) 100vw, 2000px\" alt=\"\" title=\" \" >    <\/div>\n    <\/div>\n    <\/div>\n    <\/section>\n\n\n\n    <section class=\"section is-wysiwyg bg-default overflow-hidden text-default lg\" id=\"\">\n        <div class=\"container-fluid is-custom\">\n            <div class=\"section__content\">\n            \n    <div class=\"wysiwyg bg-white\">\n        <div class=\"entry-content wysiwyg__content\">\n            <h1>IP-Schutzklassen und Man &amp; Machine, Inc.<\/h1>\n<h3>1. Was ist eine IP-Schutzklasse?<\/h3>\n<p>Eine IP-Schutzklasse gibt den Schutzgrad der elektronischen Komponenten gegen Staub und Wasser an. Eine IP-Schutzklasse besteht aus zwei Zahlen. Die erste Ziffer bezieht sich auf den Schutz gegen Fremdk\u00f6rper und wird auf einer Skala von 0 (kein Schutz) bis 6 (kein Eindringen von Staub) bewertet. Die zweite Ziffer bewertet den Schutz des Geh\u00e4uses vor Fl\u00fcssigkeiten und verwendet eine Skala von 0 (kein Schutz) bis 9 (Schutz gegen Hochdruck und hei\u00dfes Wasser aus verschiedenen Winkeln).<\/p>\n<p><img loading=\"lazy\" decoding=\"async\" class=\"alignnone wp-image-9238 size-full\" src=\"https:\/\/eu.man-machine.com\/wp-content\/uploads\/2025\/06\/IPschutzklasse_DE-1024x361-1.png\" alt=\"Tabelle der IP-Schutzarten mit Schutz gegen feste Fremdk\u00f6rper und Wasser; IP65, IP67 und IP68 gelten f\u00fcr unsere Tastaturen und M\u00e4use.\" width=\"1024\" height=\"361\" srcset=\"https:\/\/eu.man-machine.com\/wp-content\/uploads\/2025\/06\/IPschutzklasse_DE-1024x361-1.png 1024w, https:\/\/eu.man-machine.com\/wp-content\/uploads\/2025\/06\/IPschutzklasse_DE-1024x361-1-300x106.png 300w, https:\/\/eu.man-machine.com\/wp-content\/uploads\/2025\/06\/IPschutzklasse_DE-1024x361-1-768x271.png 768w, https:\/\/eu.man-machine.com\/wp-content\/uploads\/2025\/06\/IPschutzklasse_DE-1024x361-1-600x212.png 600w, https:\/\/eu.man-machine.com\/wp-content\/uploads\/2025\/06\/IPschutzklasse_DE-1024x361-1-1000x353.png 1000w\" sizes=\"auto, (max-width: 1024px) 100vw, 1024px\" \/><\/p>\n<h3>2. Welche IP-Schutzklassen gelten f\u00fcr Tastaturen und M\u00e4use?<\/h3>\n<p>Standardtastaturen und -m\u00e4use sind in der Regel nicht IP zertifiziert. Sogenannte \u201eabwaschbare\u201c Tastaturen und M\u00e4use haben in der Regel eine IP-Schutzklasse und am h\u00e4ufigsten die Schutzklassen IP 68 und IP 65. Produkte mit der Schutzart IP 65 k\u00f6nnen Wasser ausgesetzt werden, das aus einer D\u00fcse aus jeder Richtung spritzt. IP 68 Produkte sind f\u00fcr dauerhaftes Eintauchen in Wasser geeignet.<\/p>\n<h3>3. Wer hat die IP-Schutzklasse entwickelt?<\/h3>\n<p>Das IP-Schutzklassensystem wurde in den siebziger Jahren von der IEC entwickelt. Es wurde entwickelt, um die Widerstandsf\u00e4higkeit von Geh\u00e4usen elektrischer und elektronischer Ger\u00e4te gegen das Eindringen von Staub und Fl\u00fcssigkeiten zu bewerten und einzustufen. Lesen Sie mehr auf der Website des IEC: <a href=\"https:\/\/www.iec.ch\/ip-ratings\">https:\/\/www.iec.ch\/ip-ratings<\/a><\/p>\n<h3>4. Haben Man &amp; Machine Produkte eine IP-Schutzklasse?<\/h3>\n<p>Alle unsere Tastaturen und M\u00e4use haben eine IP-Schutzklasse.<\/p>\n<h3>5. Sagt eine IP-Schutzklasse etwas \u00fcber die Haltbarkeit eines Produktes aus?<\/h3>\n<p>The IP rating system does not rate the durability of a product, or even the durability of the water resistance.<\/p>\n<p>Das IP-Schutzklassensystem klassifiziert nicht die Haltbarkeit eines Produkts und auch nicht die Haltbarkeit der Wasserbest\u00e4ndigkeit. Die zur Bestimmung einer IP-Schutzklasse anzuwendenden Pr\u00fcfbedingungen werden nur in begrenztem Ma\u00dfe von der IEC festgelegt. Vieles bleibt dem Hersteller des beiliegenden elektronischen Ger\u00e4ts \u00fcberlassen. Das folgende Video von CNBC erkl\u00e4rt, was das f\u00fcr die Wasserbest\u00e4ndigkeitsbewertung bedeutet:\u00a0 <a href=\"https:\/\/www.youtube.com\/watch?v=4dyL6hMZvWQ&amp;t=222s\">Is The iPhone Waterproof? Water Resistance Explained<\/a><\/p>\n<h3>6. K\u00f6nnen Produkte mit IP-Schutz desinfiziert werden?<\/h3>\n<p>Eine IP-Schutzklasse sagt nichts \u00fcber die Best\u00e4ndigkeit gegen Desinfektionsmittel. Die Chemikalien, die in medizinischen und anderen hygienesensiblen Umgebungen zur Desinfektion verwendet werden, normalerweise auf Basis von Alkohol oder Chlor, sind viel aggressiver als Wasser. Eine Tastatur mit einer hohen Schutzklasse von IP68 kann sich schnell verschlechtern, wenn sie nicht f\u00fcr eine wiederholte Desinfektion geeignet ist.<\/p>\n<h3>7. Sind Produkte mit der Schutzklasse IP68 sp\u00fclmaschinenfest?<\/h3>\n<p>Die Schutzart IP68 bedeutet nicht, dass das Produkt sp\u00fclmaschinenfest ist. Wie unter Punkt 5 erl\u00e4utert, bewertet die IP68-Einstufung nicht die Langlebigkeit eines Produkts oder gar die Dauerhaftigkeit der Wasserfestigkeit. Elektronische Produkte haben normalerweise einen USB-Anschluss aus korrosivem Material. Obwohl eine USB-Verschlusskappe verwendet werden kann, um diesen Anschluss zu sch\u00fctzen, f\u00fchrt die wiederholte Aussetzung des Reinigungszyklus einer Geschirrsp\u00fclmaschine schlie\u00dflich zu Produktversagen.<\/p>\n<h3>8. K\u00f6nnen Produkte mit IP-Schutzklasse sterilisiert werden?<\/h3>\n<p>An IP rating does not say anything about resistance to heat. Electronic components typically do not survive long when exposed to temperatures above 60 degrees. This is also why dishwasher or washer-disinfector cleaning and disinfecting of a keyboard or mouse, let alone sterilising at 134 degrees, is probably not a good idea.<\/p>\n<h3>9. Ist die IP-Schutzklasse ein medizinischer Standard?<\/h3>\n<p>Eine IP-Schutzklasse ist kein medizinischer Standard und klassifiziert eine Tastatur oder Maus nicht als f\u00fcr medizinischen Gebrauch.<\/p>\n        <\/div>\n    <\/div>\n    <\/div>\n    <\/div>\n    <\/section>\n","protected":false},"excerpt":{"rendered":"","protected":false},"author":2,"featured_media":0,"parent":0,"menu_order":0,"comment_status":"closed","ping_status":"closed","template":"","meta":{"_acf_changed":false,"_glsr_average":0,"_glsr_ranking":0,"_glsr_reviews":0,"footnotes":""},"class_list":["post-7761","page","type-page","status-publish","hentry"],"acf":[],"yoast_head":"<!-- This site is optimized with the Yoast SEO plugin v26.9 - https:\/\/yoast.com\/product\/yoast-seo-wordpress\/ -->\n<title>IP-Schutzklassen von Man &amp; Machine<\/title>\n<meta name=\"description\" content=\"Entdecken Sie die IP-Klassen der Man &amp; Machine Tastaturen und M\u00e4use und was sie f\u00fcr Hygiene und sicheren Einsatz bedeuten.\" \/>\n<meta name=\"robots\" content=\"index, follow, max-snippet:-1, max-image-preview:large, max-video-preview:-1\" \/>\n<link rel=\"canonical\" href=\"https:\/\/eu.man-machine.com\/de\/ip-schutzklassen\/\" \/>\n<meta property=\"og:locale\" content=\"de_DE\" \/>\n<meta property=\"og:type\" content=\"article\" \/>\n<meta property=\"og:title\" content=\"IP-Schutzklassen von Man &amp; Machine\" \/>\n<meta property=\"og:description\" content=\"Entdecken Sie die IP-Klassen der Man &amp; Machine Tastaturen und M\u00e4use und was sie f\u00fcr Hygiene und sicheren Einsatz bedeuten.\" \/>\n<meta property=\"og:url\" content=\"https:\/\/eu.man-machine.com\/de\/ip-schutzklassen\/\" \/>\n<meta property=\"og:site_name\" content=\"Man &amp; Machine\" \/>\n<meta property=\"article:publisher\" content=\"https:\/\/www.facebook.com\/ManAndMachine\/\" \/>\n<meta property=\"article:modified_time\" content=\"2025-06-26T14:45:22+00:00\" \/>\n<meta property=\"og:image\" content=\"https:\/\/eu.man-machine.com\/wp-content\/uploads\/2024\/10\/man-machine-3.png\" \/>\n\t<meta property=\"og:image:width\" content=\"2500\" \/>\n\t<meta property=\"og:image:height\" content=\"1384\" \/>\n\t<meta property=\"og:image:type\" content=\"image\/png\" \/>\n<meta name=\"twitter:card\" content=\"summary_large_image\" \/>\n<meta name=\"twitter:site\" content=\"@manandmachineco\" \/>\n<script type=\"application\/ld+json\" class=\"yoast-schema-graph\">{\"@context\":\"https:\/\/schema.org\",\"@graph\":[{\"@type\":\"WebPage\",\"@id\":\"https:\/\/eu.man-machine.com\/de\/ip-schutzklassen\/\",\"url\":\"https:\/\/eu.man-machine.com\/de\/ip-schutzklassen\/\",\"name\":\"IP-Schutzklassen von Man & Machine\",\"isPartOf\":{\"@id\":\"https:\/\/eu.man-machine.com\/de\/#website\"},\"datePublished\":\"2024-09-26T07:24:46+00:00\",\"dateModified\":\"2025-06-26T14:45:22+00:00\",\"description\":\"Entdecken Sie die IP-Klassen der Man & Machine Tastaturen und M\u00e4use und was sie f\u00fcr Hygiene und sicheren Einsatz bedeuten.\",\"breadcrumb\":{\"@id\":\"https:\/\/eu.man-machine.com\/de\/ip-schutzklassen\/#breadcrumb\"},\"inLanguage\":\"de\",\"potentialAction\":[{\"@type\":\"ReadAction\",\"target\":[\"https:\/\/eu.man-machine.com\/de\/ip-schutzklassen\/\"]}]},{\"@type\":\"BreadcrumbList\",\"@id\":\"https:\/\/eu.man-machine.com\/de\/ip-schutzklassen\/#breadcrumb\",\"itemListElement\":[{\"@type\":\"ListItem\",\"position\":1,\"name\":\"Home\",\"item\":\"https:\/\/eu.man-machine.com\/de\/\"},{\"@type\":\"ListItem\",\"position\":2,\"name\":\"IP-Schutzklassen\"}]},{\"@type\":\"WebSite\",\"@id\":\"https:\/\/eu.man-machine.com\/de\/#website\",\"url\":\"https:\/\/eu.man-machine.com\/de\/\",\"name\":\"Man & Machine\",\"description\":\"Wasserdichte Tastaturen f\u00fcr medizinische und industrielle Anwendungen\",\"publisher\":{\"@id\":\"https:\/\/eu.man-machine.com\/de\/#organization\"},\"alternateName\":\"Man and Machine\",\"potentialAction\":[{\"@type\":\"SearchAction\",\"target\":{\"@type\":\"EntryPoint\",\"urlTemplate\":\"https:\/\/eu.man-machine.com\/de\/?s={search_term_string}\"},\"query-input\":{\"@type\":\"PropertyValueSpecification\",\"valueRequired\":true,\"valueName\":\"search_term_string\"}}],\"inLanguage\":\"de\"},{\"@type\":\"Organization\",\"@id\":\"https:\/\/eu.man-machine.com\/de\/#organization\",\"name\":\"Man & Machine\",\"alternateName\":\"Man and Machine\",\"url\":\"https:\/\/eu.man-machine.com\/de\/\",\"logo\":{\"@type\":\"ImageObject\",\"inLanguage\":\"de\",\"@id\":\"https:\/\/eu.man-machine.com\/de\/#\/schema\/logo\/image\/\",\"url\":\"https:\/\/eu.man-machine.com\/wp-content\/uploads\/2024\/11\/man-and-machine-logo-svg.svg\",\"contentUrl\":\"https:\/\/eu.man-machine.com\/wp-content\/uploads\/2024\/11\/man-and-machine-logo-svg.svg\",\"width\":293,\"height\":28,\"caption\":\"Man & Machine\"},\"image\":{\"@id\":\"https:\/\/eu.man-machine.com\/de\/#\/schema\/logo\/image\/\"},\"sameAs\":[\"https:\/\/www.facebook.com\/ManAndMachine\/\",\"https:\/\/x.com\/manandmachineco\"]}]}<\/script>\n<!-- \/ Yoast SEO plugin. -->","yoast_head_json":{"title":"IP-Schutzklassen von Man & Machine","description":"Entdecken Sie die IP-Klassen der Man & Machine Tastaturen und M\u00e4use und was sie f\u00fcr Hygiene und sicheren Einsatz bedeuten.","robots":{"index":"index","follow":"follow","max-snippet":"max-snippet:-1","max-image-preview":"max-image-preview:large","max-video-preview":"max-video-preview:-1"},"canonical":"https:\/\/eu.man-machine.com\/de\/ip-schutzklassen\/","og_locale":"de_DE","og_type":"article","og_title":"IP-Schutzklassen von Man & Machine","og_description":"Entdecken Sie die IP-Klassen der Man & Machine Tastaturen und M\u00e4use und was sie f\u00fcr Hygiene und sicheren Einsatz bedeuten.","og_url":"https:\/\/eu.man-machine.com\/de\/ip-schutzklassen\/","og_site_name":"Man & Machine","article_publisher":"https:\/\/www.facebook.com\/ManAndMachine\/","article_modified_time":"2025-06-26T14:45:22+00:00","og_image":[{"width":2500,"height":1384,"url":"https:\/\/eu.man-machine.com\/wp-content\/uploads\/2024\/10\/man-machine-3.png","type":"image\/png"}],"twitter_card":"summary_large_image","twitter_site":"@manandmachineco","schema":{"@context":"https:\/\/schema.org","@graph":[{"@type":"WebPage","@id":"https:\/\/eu.man-machine.com\/de\/ip-schutzklassen\/","url":"https:\/\/eu.man-machine.com\/de\/ip-schutzklassen\/","name":"IP-Schutzklassen von Man & Machine","isPartOf":{"@id":"https:\/\/eu.man-machine.com\/de\/#website"},"datePublished":"2024-09-26T07:24:46+00:00","dateModified":"2025-06-26T14:45:22+00:00","description":"Entdecken Sie die IP-Klassen der Man & Machine Tastaturen und M\u00e4use und was sie f\u00fcr Hygiene und sicheren Einsatz bedeuten.","breadcrumb":{"@id":"https:\/\/eu.man-machine.com\/de\/ip-schutzklassen\/#breadcrumb"},"inLanguage":"de","potentialAction":[{"@type":"ReadAction","target":["https:\/\/eu.man-machine.com\/de\/ip-schutzklassen\/"]}]},{"@type":"BreadcrumbList","@id":"https:\/\/eu.man-machine.com\/de\/ip-schutzklassen\/#breadcrumb","itemListElement":[{"@type":"ListItem","position":1,"name":"Home","item":"https:\/\/eu.man-machine.com\/de\/"},{"@type":"ListItem","position":2,"name":"IP-Schutzklassen"}]},{"@type":"WebSite","@id":"https:\/\/eu.man-machine.com\/de\/#website","url":"https:\/\/eu.man-machine.com\/de\/","name":"Man & Machine","description":"Wasserdichte Tastaturen f\u00fcr medizinische und industrielle Anwendungen","publisher":{"@id":"https:\/\/eu.man-machine.com\/de\/#organization"},"alternateName":"Man and Machine","potentialAction":[{"@type":"SearchAction","target":{"@type":"EntryPoint","urlTemplate":"https:\/\/eu.man-machine.com\/de\/?s={search_term_string}"},"query-input":{"@type":"PropertyValueSpecification","valueRequired":true,"valueName":"search_term_string"}}],"inLanguage":"de"},{"@type":"Organization","@id":"https:\/\/eu.man-machine.com\/de\/#organization","name":"Man & Machine","alternateName":"Man and Machine","url":"https:\/\/eu.man-machine.com\/de\/","logo":{"@type":"ImageObject","inLanguage":"de","@id":"https:\/\/eu.man-machine.com\/de\/#\/schema\/logo\/image\/","url":"https:\/\/eu.man-machine.com\/wp-content\/uploads\/2024\/11\/man-and-machine-logo-svg.svg","contentUrl":"https:\/\/eu.man-machine.com\/wp-content\/uploads\/2024\/11\/man-and-machine-logo-svg.svg","width":293,"height":28,"caption":"Man & Machine"},"image":{"@id":"https:\/\/eu.man-machine.com\/de\/#\/schema\/logo\/image\/"},"sameAs":["https:\/\/www.facebook.com\/ManAndMachine\/","https:\/\/x.com\/manandmachineco"]}]}},"_links":{"self":[{"href":"https:\/\/eu.man-machine.com\/de\/wp-json\/wp\/v2\/pages\/7761","targetHints":{"allow":["GET"]}}],"collection":[{"href":"https:\/\/eu.man-machine.com\/de\/wp-json\/wp\/v2\/pages"}],"about":[{"href":"https:\/\/eu.man-machine.com\/de\/wp-json\/wp\/v2\/types\/page"}],"author":[{"embeddable":true,"href":"https:\/\/eu.man-machine.com\/de\/wp-json\/wp\/v2\/users\/2"}],"replies":[{"embeddable":true,"href":"https:\/\/eu.man-machine.com\/de\/wp-json\/wp\/v2\/comments?post=7761"}],"version-history":[{"count":5,"href":"https:\/\/eu.man-machine.com\/de\/wp-json\/wp\/v2\/pages\/7761\/revisions"}],"predecessor-version":[{"id":9271,"href":"https:\/\/eu.man-machine.com\/de\/wp-json\/wp\/v2\/pages\/7761\/revisions\/9271"}],"wp:attachment":[{"href":"https:\/\/eu.man-machine.com\/de\/wp-json\/wp\/v2\/media?parent=7761"}],"curies":[{"name":"wp","href":"https:\/\/api.w.org\/{rel}","templated":true}]}}