{"id":8291,"date":"2024-12-05T17:49:18","date_gmt":"2024-12-05T16:49:18","guid":{"rendered":"https:\/\/eu.man-machine.com\/product\/so-cool-schwarz\/"},"modified":"2026-03-19T10:56:52","modified_gmt":"2026-03-19T09:56:52","slug":"so-cool-schwarz","status":"publish","type":"product","link":"https:\/\/eu.man-machine.com\/de\/produkt\/so-cool-schwarz\/","title":{"rendered":"So Cool &#8211; schwarz"},"content":{"rendered":"<p>Die So Cool Tastatur ist ein komplettes Eingabeger\u00e4t mit VESA und AMPS Befestigungsoption nach Industriestandard, das f\u00fcr die Installation im Fahrzeug entwickelt wurde. Das kompakte Design beinhaltet ein Touchpad.<\/p>\n<p>Die robuste Au\u00dfenseite ist widerstandsf\u00e4hig und gem\u00e4\u00df IP67 abgedichtet, um Schmutz und Fl\u00fcssigkeiten fernzuhalten und mit einem Sperrschl\u00fcssel ausgestattet, der die Reinigung der Tastatur erm\u00f6glicht. Die Au\u00dfenseite besteht aus einem speziellen \u00f6lbest\u00e4ndigen Material und kann beispielsweise mit Resten von Waffen\u00f6l in Ber\u00fchrung kommen. Bitte beachten Sie, dass die Reinigung aufgrund der besonderen Verwendung \u00f6lbest\u00e4ndiger Materialien nur mit Wasser und Seife und nicht mit einem Desinfektionsmittel erfolgen kann.<\/p>\n<p>Um Nachtsicht zu erm\u00f6glichen, wurde es mit einer roten Hintergrundbeleuchtung ausgestattet, die auf die gew\u00fcnschte Intensit\u00e4t eingestellt werden kann. Beide Tasten und das Touchpad haben ein handschuhfreundliches Design f\u00fcr die beste Benutzerfreundlichkeit. Es verf\u00fcgt \u00fcber eine Sperrfunktion f\u00fcr die sichere Reinigung. Die So Cool Tastatur ist ohne Ziffernblock.<\/p>\n","protected":false},"excerpt":{"rendered":"<p>Die So Cool Tastatur ist ein komplettes Eingabeger\u00e4t mit VESA und AMPS Befestigungsoption nach Industriestandard, das f\u00fcr die Installation im Fahrzeug entwickelt wurde. Das kompakte Design beinhaltet ein Touchpad. Die&#8230;<\/p>\n","protected":false},"featured_media":7164,"template":"","meta":{"_acf_changed":false,"_glsr_average":0,"_glsr_ranking":0,"_glsr_reviews":0},"product_brand":[],"product_cat":[678,1085],"product_tag":[],"class_list":{"0":"post-8291","1":"product","2":"type-product","3":"status-publish","4":"has-post-thumbnail","6":"product_cat-tastaturen","7":"product_cat-robuste-tastaturen","9":"first","10":"instock","11":"shipping-taxable","12":"product-type-variable"},"acf":[],"yoast_head":"<!-- This site is optimized with the Yoast SEO plugin v26.9 - https:\/\/yoast.com\/product\/yoast-seo-wordpress\/ -->\n<title>Man &amp; Machine So Cool Tastatur (Schwarz)<\/title>\n<meta name=\"description\" content=\"Tastatur mit VESA und AMPS Befestigung f\u00fcr Fahrzeuginstallation, mit Touchpad, IP67 Schutz und Hintergrundbeleuchtung f\u00fcr Nachtsicht, handschuhfreundlich.\" \/>\n<meta name=\"robots\" content=\"index, follow, max-snippet:-1, max-image-preview:large, max-video-preview:-1\" \/>\n<link rel=\"canonical\" href=\"https:\/\/eu.man-machine.com\/de\/produkt\/so-cool-schwarz\/\" \/>\n<meta property=\"og:locale\" content=\"de_DE\" \/>\n<meta property=\"og:type\" content=\"article\" \/>\n<meta property=\"og:title\" content=\"Man &amp; Machine So Cool Tastatur (Schwarz)\" \/>\n<meta property=\"og:description\" content=\"Tastatur mit VESA und AMPS Befestigung f\u00fcr Fahrzeuginstallation, mit Touchpad, IP67 Schutz und Hintergrundbeleuchtung f\u00fcr Nachtsicht, handschuhfreundlich.\" \/>\n<meta property=\"og:url\" content=\"https:\/\/eu.man-machine.com\/de\/produkt\/so-cool-schwarz\/\" \/>\n<meta property=\"og:site_name\" content=\"Man &amp; Machine\" \/>\n<meta property=\"article:publisher\" content=\"https:\/\/www.facebook.com\/ManAndMachine\/\" \/>\n<meta property=\"article:modified_time\" content=\"2026-03-19T09:56:52+00:00\" \/>\n<meta property=\"og:image\" content=\"https:\/\/eu.man-machine.com\/wp-content\/uploads\/2024\/12\/SoC_US_top.png\" \/>\n\t<meta property=\"og:image:width\" content=\"2500\" \/>\n\t<meta property=\"og:image:height\" content=\"1558\" \/>\n\t<meta property=\"og:image:type\" content=\"image\/png\" \/>\n<meta name=\"twitter:card\" content=\"summary_large_image\" \/>\n<meta name=\"twitter:site\" content=\"@manandmachineco\" \/>\n<meta name=\"twitter:label1\" content=\"Gesch\u00e4tzte Lesezeit\" \/>\n\t<meta name=\"twitter:data1\" content=\"3\u00a0Minuten\" \/>\n<script type=\"application\/ld+json\" class=\"yoast-schema-graph\">{\"@context\":\"https:\/\/schema.org\",\"@graph\":[{\"@type\":\"WebPage\",\"@id\":\"https:\/\/eu.man-machine.com\/de\/produkt\/so-cool-schwarz\/\",\"url\":\"https:\/\/eu.man-machine.com\/de\/produkt\/so-cool-schwarz\/\",\"name\":\"Man & Machine So Cool Tastatur (Schwarz)\",\"isPartOf\":{\"@id\":\"https:\/\/eu.man-machine.com\/de\/#website\"},\"primaryImageOfPage\":{\"@id\":\"https:\/\/eu.man-machine.com\/de\/produkt\/so-cool-schwarz\/#primaryimage\"},\"image\":{\"@id\":\"https:\/\/eu.man-machine.com\/de\/produkt\/so-cool-schwarz\/#primaryimage\"},\"thumbnailUrl\":\"https:\/\/eu.man-machine.com\/wp-content\/uploads\/2024\/12\/SoC_US_top.png\",\"datePublished\":\"2024-12-05T16:49:18+00:00\",\"dateModified\":\"2026-03-19T09:56:52+00:00\",\"description\":\"Tastatur mit VESA und AMPS Befestigung f\u00fcr Fahrzeuginstallation, mit Touchpad, IP67 Schutz und Hintergrundbeleuchtung f\u00fcr Nachtsicht, handschuhfreundlich.\",\"breadcrumb\":{\"@id\":\"https:\/\/eu.man-machine.com\/de\/produkt\/so-cool-schwarz\/#breadcrumb\"},\"inLanguage\":\"de\",\"potentialAction\":[{\"@type\":\"ReadAction\",\"target\":[\"https:\/\/eu.man-machine.com\/de\/produkt\/so-cool-schwarz\/\"]}]},{\"@type\":\"ImageObject\",\"inLanguage\":\"de\",\"@id\":\"https:\/\/eu.man-machine.com\/de\/produkt\/so-cool-schwarz\/#primaryimage\",\"url\":\"https:\/\/eu.man-machine.com\/wp-content\/uploads\/2024\/12\/SoC_US_top.png\",\"contentUrl\":\"https:\/\/eu.man-machine.com\/wp-content\/uploads\/2024\/12\/SoC_US_top.png\",\"width\":2500,\"height\":1558,\"caption\":\"A black Man & Machine in-vehicle So Cool keyboard with US International layout is seen from the top\"},{\"@type\":\"BreadcrumbList\",\"@id\":\"https:\/\/eu.man-machine.com\/de\/produkt\/so-cool-schwarz\/#breadcrumb\",\"itemListElement\":[{\"@type\":\"ListItem\",\"position\":1,\"name\":\"Home\",\"item\":\"https:\/\/eu.man-machine.com\/de\/\"},{\"@type\":\"ListItem\",\"position\":2,\"name\":\"Katalog\",\"item\":\"https:\/\/eu.man-machine.com\/catalogue\/\"},{\"@type\":\"ListItem\",\"position\":3,\"name\":\"Tastaturen\",\"item\":\"https:\/\/eu.man-machine.com\/de\/produkt-kategorie\/tastaturen\/\"},{\"@type\":\"ListItem\",\"position\":4,\"name\":\"So Cool &#8211; schwarz\"}]},{\"@type\":\"WebSite\",\"@id\":\"https:\/\/eu.man-machine.com\/de\/#website\",\"url\":\"https:\/\/eu.man-machine.com\/de\/\",\"name\":\"Man & Machine\",\"description\":\"Wasserdichte Tastaturen f\u00fcr medizinische und industrielle Anwendungen\",\"publisher\":{\"@id\":\"https:\/\/eu.man-machine.com\/de\/#organization\"},\"alternateName\":\"Man and Machine\",\"potentialAction\":[{\"@type\":\"SearchAction\",\"target\":{\"@type\":\"EntryPoint\",\"urlTemplate\":\"https:\/\/eu.man-machine.com\/de\/?s={search_term_string}\"},\"query-input\":{\"@type\":\"PropertyValueSpecification\",\"valueRequired\":true,\"valueName\":\"search_term_string\"}}],\"inLanguage\":\"de\"},{\"@type\":\"Organization\",\"@id\":\"https:\/\/eu.man-machine.com\/de\/#organization\",\"name\":\"Man & Machine\",\"alternateName\":\"Man and Machine\",\"url\":\"https:\/\/eu.man-machine.com\/de\/\",\"logo\":{\"@type\":\"ImageObject\",\"inLanguage\":\"de\",\"@id\":\"https:\/\/eu.man-machine.com\/de\/#\/schema\/logo\/image\/\",\"url\":\"https:\/\/eu.man-machine.com\/wp-content\/uploads\/2024\/11\/man-and-machine-logo-svg.svg\",\"contentUrl\":\"https:\/\/eu.man-machine.com\/wp-content\/uploads\/2024\/11\/man-and-machine-logo-svg.svg\",\"width\":293,\"height\":28,\"caption\":\"Man & Machine\"},\"image\":{\"@id\":\"https:\/\/eu.man-machine.com\/de\/#\/schema\/logo\/image\/\"},\"sameAs\":[\"https:\/\/www.facebook.com\/ManAndMachine\/\",\"https:\/\/x.com\/manandmachineco\"]}]}<\/script>\n<!-- \/ Yoast SEO plugin. -->","yoast_head_json":{"title":"Man & Machine So Cool Tastatur (Schwarz)","description":"Tastatur mit VESA und AMPS Befestigung f\u00fcr Fahrzeuginstallation, mit Touchpad, IP67 Schutz und Hintergrundbeleuchtung f\u00fcr Nachtsicht, handschuhfreundlich.","robots":{"index":"index","follow":"follow","max-snippet":"max-snippet:-1","max-image-preview":"max-image-preview:large","max-video-preview":"max-video-preview:-1"},"canonical":"https:\/\/eu.man-machine.com\/de\/produkt\/so-cool-schwarz\/","og_locale":"de_DE","og_type":"article","og_title":"Man & Machine So Cool Tastatur (Schwarz)","og_description":"Tastatur mit VESA und AMPS Befestigung f\u00fcr Fahrzeuginstallation, mit Touchpad, IP67 Schutz und Hintergrundbeleuchtung f\u00fcr Nachtsicht, handschuhfreundlich.","og_url":"https:\/\/eu.man-machine.com\/de\/produkt\/so-cool-schwarz\/","og_site_name":"Man & Machine","article_publisher":"https:\/\/www.facebook.com\/ManAndMachine\/","article_modified_time":"2026-03-19T09:56:52+00:00","og_image":[{"width":2500,"height":1558,"url":"https:\/\/eu.man-machine.com\/wp-content\/uploads\/2024\/12\/SoC_US_top.png","type":"image\/png"}],"twitter_card":"summary_large_image","twitter_site":"@manandmachineco","twitter_misc":{"Gesch\u00e4tzte Lesezeit":"3\u00a0Minuten"},"schema":{"@context":"https:\/\/schema.org","@graph":[{"@type":"WebPage","@id":"https:\/\/eu.man-machine.com\/de\/produkt\/so-cool-schwarz\/","url":"https:\/\/eu.man-machine.com\/de\/produkt\/so-cool-schwarz\/","name":"Man & Machine So Cool Tastatur (Schwarz)","isPartOf":{"@id":"https:\/\/eu.man-machine.com\/de\/#website"},"primaryImageOfPage":{"@id":"https:\/\/eu.man-machine.com\/de\/produkt\/so-cool-schwarz\/#primaryimage"},"image":{"@id":"https:\/\/eu.man-machine.com\/de\/produkt\/so-cool-schwarz\/#primaryimage"},"thumbnailUrl":"https:\/\/eu.man-machine.com\/wp-content\/uploads\/2024\/12\/SoC_US_top.png","datePublished":"2024-12-05T16:49:18+00:00","dateModified":"2026-03-19T09:56:52+00:00","description":"Tastatur mit VESA und AMPS Befestigung f\u00fcr Fahrzeuginstallation, mit Touchpad, IP67 Schutz und Hintergrundbeleuchtung f\u00fcr Nachtsicht, handschuhfreundlich.","breadcrumb":{"@id":"https:\/\/eu.man-machine.com\/de\/produkt\/so-cool-schwarz\/#breadcrumb"},"inLanguage":"de","potentialAction":[{"@type":"ReadAction","target":["https:\/\/eu.man-machine.com\/de\/produkt\/so-cool-schwarz\/"]}]},{"@type":"ImageObject","inLanguage":"de","@id":"https:\/\/eu.man-machine.com\/de\/produkt\/so-cool-schwarz\/#primaryimage","url":"https:\/\/eu.man-machine.com\/wp-content\/uploads\/2024\/12\/SoC_US_top.png","contentUrl":"https:\/\/eu.man-machine.com\/wp-content\/uploads\/2024\/12\/SoC_US_top.png","width":2500,"height":1558,"caption":"A black Man & Machine in-vehicle So Cool keyboard with US International layout is seen from the top"},{"@type":"BreadcrumbList","@id":"https:\/\/eu.man-machine.com\/de\/produkt\/so-cool-schwarz\/#breadcrumb","itemListElement":[{"@type":"ListItem","position":1,"name":"Home","item":"https:\/\/eu.man-machine.com\/de\/"},{"@type":"ListItem","position":2,"name":"Katalog","item":"https:\/\/eu.man-machine.com\/catalogue\/"},{"@type":"ListItem","position":3,"name":"Tastaturen","item":"https:\/\/eu.man-machine.com\/de\/produkt-kategorie\/tastaturen\/"},{"@type":"ListItem","position":4,"name":"So Cool &#8211; schwarz"}]},{"@type":"WebSite","@id":"https:\/\/eu.man-machine.com\/de\/#website","url":"https:\/\/eu.man-machine.com\/de\/","name":"Man & Machine","description":"Wasserdichte Tastaturen f\u00fcr medizinische und industrielle Anwendungen","publisher":{"@id":"https:\/\/eu.man-machine.com\/de\/#organization"},"alternateName":"Man and Machine","potentialAction":[{"@type":"SearchAction","target":{"@type":"EntryPoint","urlTemplate":"https:\/\/eu.man-machine.com\/de\/?s={search_term_string}"},"query-input":{"@type":"PropertyValueSpecification","valueRequired":true,"valueName":"search_term_string"}}],"inLanguage":"de"},{"@type":"Organization","@id":"https:\/\/eu.man-machine.com\/de\/#organization","name":"Man & Machine","alternateName":"Man and Machine","url":"https:\/\/eu.man-machine.com\/de\/","logo":{"@type":"ImageObject","inLanguage":"de","@id":"https:\/\/eu.man-machine.com\/de\/#\/schema\/logo\/image\/","url":"https:\/\/eu.man-machine.com\/wp-content\/uploads\/2024\/11\/man-and-machine-logo-svg.svg","contentUrl":"https:\/\/eu.man-machine.com\/wp-content\/uploads\/2024\/11\/man-and-machine-logo-svg.svg","width":293,"height":28,"caption":"Man & Machine"},"image":{"@id":"https:\/\/eu.man-machine.com\/de\/#\/schema\/logo\/image\/"},"sameAs":["https:\/\/www.facebook.com\/ManAndMachine\/","https:\/\/x.com\/manandmachineco"]}]}},"_links":{"self":[{"href":"https:\/\/eu.man-machine.com\/de\/wp-json\/wp\/v2\/product\/8291","targetHints":{"allow":["GET"]}}],"collection":[{"href":"https:\/\/eu.man-machine.com\/de\/wp-json\/wp\/v2\/product"}],"about":[{"href":"https:\/\/eu.man-machine.com\/de\/wp-json\/wp\/v2\/types\/product"}],"wp:featuredmedia":[{"embeddable":true,"href":"https:\/\/eu.man-machine.com\/de\/wp-json\/wp\/v2\/media\/7164"}],"wp:attachment":[{"href":"https:\/\/eu.man-machine.com\/de\/wp-json\/wp\/v2\/media?parent=8291"}],"wp:term":[{"taxonomy":"product_brand","embeddable":true,"href":"https:\/\/eu.man-machine.com\/de\/wp-json\/wp\/v2\/product_brand?post=8291"},{"taxonomy":"product_cat","embeddable":true,"href":"https:\/\/eu.man-machine.com\/de\/wp-json\/wp\/v2\/product_cat?post=8291"},{"taxonomy":"product_tag","embeddable":true,"href":"https:\/\/eu.man-machine.com\/de\/wp-json\/wp\/v2\/product_tag?post=8291"}],"curies":[{"name":"wp","href":"https:\/\/api.w.org\/{rel}","templated":true}]}}