{"id":8342,"date":"2024-12-05T13:08:48","date_gmt":"2024-12-05T12:08:48","guid":{"rendered":"https:\/\/eu.man-machine.com\/product\/slim-cool-plus-weiss\/"},"modified":"2026-01-09T12:57:38","modified_gmt":"2026-01-09T11:57:38","slug":"slim-cool-plus-weiss","status":"publish","type":"product","link":"https:\/\/eu.man-machine.com\/de\/produkt\/slim-cool-plus-weiss\/","title":{"rendered":"Slim Cool Plus &#8211; schwarz"},"content":{"rendered":"<p>Die Slim Cool Plus ist eine Silikontastatur, vollst\u00e4ndig versiegelt, mit Laptop Layout. Wenn kein Platz f\u00fcr eine separate Maus vorhanden ist, bietet diese kompakte Tastatur mit integriertem Touchpad die richtige L\u00f6sung.<\/p>\n<p>Das Ger\u00e4t ist vollst\u00e4ndig versiegelt, sodass es problemlos abgewischt, bespr\u00fcht oder sogar in ein von Krankenh\u00e4usern zugelassenes Fl\u00e4chendesinfektionsmittel eingetaucht werden kann. Es wird in unserer hochmodernen Fabrik in den USA hergestellt. Es entspricht den EMV-Richtlinien gem\u00e4\u00df <a href=\"https:\/\/eu.man-machine.com\/de\/en-60601-1-2\/\">EN 60601-1-2:2015<\/a> und ist mit einem IP68-Zertifikat ausgestattet.<\/p>\n<p>Der leichte Tastendruck versichert einen optimalen Schreibkomfort. Es verf\u00fcgt \u00fcber eine Sperrfunktion f\u00fcr eine zuverl\u00e4ssige Reinigung. Die Slim Cool Plus Tastatur hat keinen Ziffernblock.<\/p>\n","protected":false},"excerpt":{"rendered":"<p>Die Slim Cool Plus ist eine Silikontastatur, vollst\u00e4ndig versiegelt, mit Laptop Layout. Wenn kein Platz f\u00fcr eine separate Maus vorhanden ist, bietet diese kompakte Tastatur mit integriertem Touchpad die richtige&#8230;<\/p>\n","protected":false},"featured_media":7139,"template":"","meta":{"_acf_changed":false,"_glsr_average":0,"_glsr_ranking":0,"_glsr_reviews":0},"product_brand":[],"product_cat":[678,1085],"product_tag":[],"class_list":{"0":"post-8342","1":"product","2":"type-product","3":"status-publish","4":"has-post-thumbnail","6":"product_cat-tastaturen","7":"product_cat-robuste-tastaturen","9":"first","10":"instock","11":"shipping-taxable","12":"product-type-variable"},"acf":[],"yoast_head":"<!-- This site is optimized with the Yoast SEO plugin v26.9 - https:\/\/yoast.com\/product\/yoast-seo-wordpress\/ -->\n<title>Man &amp; Machine Slim Cool Plus Tastatur (Schwarz)<\/title>\n<meta name=\"description\" content=\"Die wasserdichte Slim Cool Plus ist eine kompakte Silikontastatur mit integriertem Touchpad, vollst\u00e4ndig IP68 versiegelt f\u00fcr Hygiene en Langlebigkeit.\" \/>\n<meta name=\"robots\" content=\"index, follow, max-snippet:-1, max-image-preview:large, max-video-preview:-1\" \/>\n<link rel=\"canonical\" href=\"https:\/\/eu.man-machine.com\/de\/produkt\/slim-cool-plus-weiss\/\" \/>\n<meta property=\"og:locale\" content=\"de_DE\" \/>\n<meta property=\"og:type\" content=\"article\" \/>\n<meta property=\"og:title\" content=\"Man &amp; Machine Slim Cool Plus Tastatur (Schwarz)\" \/>\n<meta property=\"og:description\" content=\"Die wasserdichte Slim Cool Plus ist eine kompakte Silikontastatur mit integriertem Touchpad, vollst\u00e4ndig IP68 versiegelt f\u00fcr Hygiene en Langlebigkeit.\" \/>\n<meta property=\"og:url\" content=\"https:\/\/eu.man-machine.com\/de\/produkt\/slim-cool-plus-weiss\/\" \/>\n<meta property=\"og:site_name\" content=\"Man &amp; Machine\" \/>\n<meta property=\"article:publisher\" content=\"https:\/\/www.facebook.com\/ManAndMachine\/\" \/>\n<meta property=\"article:modified_time\" content=\"2026-01-09T11:57:38+00:00\" \/>\n<meta property=\"og:image\" content=\"https:\/\/eu.man-machine.com\/wp-content\/uploads\/2024\/12\/SCplus_black_US_top.png\" \/>\n\t<meta property=\"og:image:width\" content=\"2500\" \/>\n\t<meta property=\"og:image:height\" content=\"1447\" \/>\n\t<meta property=\"og:image:type\" content=\"image\/png\" \/>\n<meta name=\"twitter:card\" content=\"summary_large_image\" \/>\n<meta name=\"twitter:site\" content=\"@manandmachineco\" \/>\n<meta name=\"twitter:label1\" content=\"Gesch\u00e4tzte Lesezeit\" \/>\n\t<meta name=\"twitter:data1\" content=\"3\u00a0Minuten\" \/>\n<script type=\"application\/ld+json\" class=\"yoast-schema-graph\">{\"@context\":\"https:\/\/schema.org\",\"@graph\":[{\"@type\":\"WebPage\",\"@id\":\"https:\/\/eu.man-machine.com\/de\/produkt\/slim-cool-plus-weiss\/\",\"url\":\"https:\/\/eu.man-machine.com\/de\/produkt\/slim-cool-plus-weiss\/\",\"name\":\"Man & Machine Slim Cool Plus Tastatur (Schwarz)\",\"isPartOf\":{\"@id\":\"https:\/\/eu.man-machine.com\/de\/#website\"},\"primaryImageOfPage\":{\"@id\":\"https:\/\/eu.man-machine.com\/de\/produkt\/slim-cool-plus-weiss\/#primaryimage\"},\"image\":{\"@id\":\"https:\/\/eu.man-machine.com\/de\/produkt\/slim-cool-plus-weiss\/#primaryimage\"},\"thumbnailUrl\":\"https:\/\/eu.man-machine.com\/wp-content\/uploads\/2024\/12\/SCplus_black_US_top.png\",\"datePublished\":\"2024-12-05T12:08:48+00:00\",\"dateModified\":\"2026-01-09T11:57:38+00:00\",\"description\":\"Die wasserdichte Slim Cool Plus ist eine kompakte Silikontastatur mit integriertem Touchpad, vollst\u00e4ndig IP68 versiegelt f\u00fcr Hygiene en Langlebigkeit.\",\"breadcrumb\":{\"@id\":\"https:\/\/eu.man-machine.com\/de\/produkt\/slim-cool-plus-weiss\/#breadcrumb\"},\"inLanguage\":\"de\",\"potentialAction\":[{\"@type\":\"ReadAction\",\"target\":[\"https:\/\/eu.man-machine.com\/de\/produkt\/slim-cool-plus-weiss\/\"]}]},{\"@type\":\"ImageObject\",\"inLanguage\":\"de\",\"@id\":\"https:\/\/eu.man-machine.com\/de\/produkt\/slim-cool-plus-weiss\/#primaryimage\",\"url\":\"https:\/\/eu.man-machine.com\/wp-content\/uploads\/2024\/12\/SCplus_black_US_top.png\",\"contentUrl\":\"https:\/\/eu.man-machine.com\/wp-content\/uploads\/2024\/12\/SCplus_black_US_top.png\",\"width\":2500,\"height\":1447,\"caption\":\"A black Man & Machine Slim Cool Plus silicone laptop style keyboard with US International key layout is seen from the top\"},{\"@type\":\"BreadcrumbList\",\"@id\":\"https:\/\/eu.man-machine.com\/de\/produkt\/slim-cool-plus-weiss\/#breadcrumb\",\"itemListElement\":[{\"@type\":\"ListItem\",\"position\":1,\"name\":\"Home\",\"item\":\"https:\/\/eu.man-machine.com\/de\/\"},{\"@type\":\"ListItem\",\"position\":2,\"name\":\"Katalog\",\"item\":\"https:\/\/eu.man-machine.com\/catalogue\/\"},{\"@type\":\"ListItem\",\"position\":3,\"name\":\"Tastaturen\",\"item\":\"https:\/\/eu.man-machine.com\/de\/produkt-kategorie\/tastaturen\/\"},{\"@type\":\"ListItem\",\"position\":4,\"name\":\"Slim Cool Plus &#8211; schwarz\"}]},{\"@type\":\"WebSite\",\"@id\":\"https:\/\/eu.man-machine.com\/de\/#website\",\"url\":\"https:\/\/eu.man-machine.com\/de\/\",\"name\":\"Man & Machine\",\"description\":\"Wasserdichte Tastaturen f\u00fcr medizinische und industrielle Anwendungen\",\"publisher\":{\"@id\":\"https:\/\/eu.man-machine.com\/de\/#organization\"},\"alternateName\":\"Man and Machine\",\"potentialAction\":[{\"@type\":\"SearchAction\",\"target\":{\"@type\":\"EntryPoint\",\"urlTemplate\":\"https:\/\/eu.man-machine.com\/de\/?s={search_term_string}\"},\"query-input\":{\"@type\":\"PropertyValueSpecification\",\"valueRequired\":true,\"valueName\":\"search_term_string\"}}],\"inLanguage\":\"de\"},{\"@type\":\"Organization\",\"@id\":\"https:\/\/eu.man-machine.com\/de\/#organization\",\"name\":\"Man & Machine\",\"alternateName\":\"Man and Machine\",\"url\":\"https:\/\/eu.man-machine.com\/de\/\",\"logo\":{\"@type\":\"ImageObject\",\"inLanguage\":\"de\",\"@id\":\"https:\/\/eu.man-machine.com\/de\/#\/schema\/logo\/image\/\",\"url\":\"https:\/\/eu.man-machine.com\/wp-content\/uploads\/2024\/11\/man-and-machine-logo-svg.svg\",\"contentUrl\":\"https:\/\/eu.man-machine.com\/wp-content\/uploads\/2024\/11\/man-and-machine-logo-svg.svg\",\"width\":293,\"height\":28,\"caption\":\"Man & Machine\"},\"image\":{\"@id\":\"https:\/\/eu.man-machine.com\/de\/#\/schema\/logo\/image\/\"},\"sameAs\":[\"https:\/\/www.facebook.com\/ManAndMachine\/\",\"https:\/\/x.com\/manandmachineco\"]}]}<\/script>\n<!-- \/ Yoast SEO plugin. -->","yoast_head_json":{"title":"Man & Machine Slim Cool Plus Tastatur (Schwarz)","description":"Die wasserdichte Slim Cool Plus ist eine kompakte Silikontastatur mit integriertem Touchpad, vollst\u00e4ndig IP68 versiegelt f\u00fcr Hygiene en Langlebigkeit.","robots":{"index":"index","follow":"follow","max-snippet":"max-snippet:-1","max-image-preview":"max-image-preview:large","max-video-preview":"max-video-preview:-1"},"canonical":"https:\/\/eu.man-machine.com\/de\/produkt\/slim-cool-plus-weiss\/","og_locale":"de_DE","og_type":"article","og_title":"Man & Machine Slim Cool Plus Tastatur (Schwarz)","og_description":"Die wasserdichte Slim Cool Plus ist eine kompakte Silikontastatur mit integriertem Touchpad, vollst\u00e4ndig IP68 versiegelt f\u00fcr Hygiene en Langlebigkeit.","og_url":"https:\/\/eu.man-machine.com\/de\/produkt\/slim-cool-plus-weiss\/","og_site_name":"Man & Machine","article_publisher":"https:\/\/www.facebook.com\/ManAndMachine\/","article_modified_time":"2026-01-09T11:57:38+00:00","og_image":[{"width":2500,"height":1447,"url":"https:\/\/eu.man-machine.com\/wp-content\/uploads\/2024\/12\/SCplus_black_US_top.png","type":"image\/png"}],"twitter_card":"summary_large_image","twitter_site":"@manandmachineco","twitter_misc":{"Gesch\u00e4tzte Lesezeit":"3\u00a0Minuten"},"schema":{"@context":"https:\/\/schema.org","@graph":[{"@type":"WebPage","@id":"https:\/\/eu.man-machine.com\/de\/produkt\/slim-cool-plus-weiss\/","url":"https:\/\/eu.man-machine.com\/de\/produkt\/slim-cool-plus-weiss\/","name":"Man & Machine Slim Cool Plus Tastatur (Schwarz)","isPartOf":{"@id":"https:\/\/eu.man-machine.com\/de\/#website"},"primaryImageOfPage":{"@id":"https:\/\/eu.man-machine.com\/de\/produkt\/slim-cool-plus-weiss\/#primaryimage"},"image":{"@id":"https:\/\/eu.man-machine.com\/de\/produkt\/slim-cool-plus-weiss\/#primaryimage"},"thumbnailUrl":"https:\/\/eu.man-machine.com\/wp-content\/uploads\/2024\/12\/SCplus_black_US_top.png","datePublished":"2024-12-05T12:08:48+00:00","dateModified":"2026-01-09T11:57:38+00:00","description":"Die wasserdichte Slim Cool Plus ist eine kompakte Silikontastatur mit integriertem Touchpad, vollst\u00e4ndig IP68 versiegelt f\u00fcr Hygiene en Langlebigkeit.","breadcrumb":{"@id":"https:\/\/eu.man-machine.com\/de\/produkt\/slim-cool-plus-weiss\/#breadcrumb"},"inLanguage":"de","potentialAction":[{"@type":"ReadAction","target":["https:\/\/eu.man-machine.com\/de\/produkt\/slim-cool-plus-weiss\/"]}]},{"@type":"ImageObject","inLanguage":"de","@id":"https:\/\/eu.man-machine.com\/de\/produkt\/slim-cool-plus-weiss\/#primaryimage","url":"https:\/\/eu.man-machine.com\/wp-content\/uploads\/2024\/12\/SCplus_black_US_top.png","contentUrl":"https:\/\/eu.man-machine.com\/wp-content\/uploads\/2024\/12\/SCplus_black_US_top.png","width":2500,"height":1447,"caption":"A black Man & Machine Slim Cool Plus silicone laptop style keyboard with US International key layout is seen from the top"},{"@type":"BreadcrumbList","@id":"https:\/\/eu.man-machine.com\/de\/produkt\/slim-cool-plus-weiss\/#breadcrumb","itemListElement":[{"@type":"ListItem","position":1,"name":"Home","item":"https:\/\/eu.man-machine.com\/de\/"},{"@type":"ListItem","position":2,"name":"Katalog","item":"https:\/\/eu.man-machine.com\/catalogue\/"},{"@type":"ListItem","position":3,"name":"Tastaturen","item":"https:\/\/eu.man-machine.com\/de\/produkt-kategorie\/tastaturen\/"},{"@type":"ListItem","position":4,"name":"Slim Cool Plus &#8211; schwarz"}]},{"@type":"WebSite","@id":"https:\/\/eu.man-machine.com\/de\/#website","url":"https:\/\/eu.man-machine.com\/de\/","name":"Man & Machine","description":"Wasserdichte Tastaturen f\u00fcr medizinische und industrielle Anwendungen","publisher":{"@id":"https:\/\/eu.man-machine.com\/de\/#organization"},"alternateName":"Man and Machine","potentialAction":[{"@type":"SearchAction","target":{"@type":"EntryPoint","urlTemplate":"https:\/\/eu.man-machine.com\/de\/?s={search_term_string}"},"query-input":{"@type":"PropertyValueSpecification","valueRequired":true,"valueName":"search_term_string"}}],"inLanguage":"de"},{"@type":"Organization","@id":"https:\/\/eu.man-machine.com\/de\/#organization","name":"Man & Machine","alternateName":"Man and Machine","url":"https:\/\/eu.man-machine.com\/de\/","logo":{"@type":"ImageObject","inLanguage":"de","@id":"https:\/\/eu.man-machine.com\/de\/#\/schema\/logo\/image\/","url":"https:\/\/eu.man-machine.com\/wp-content\/uploads\/2024\/11\/man-and-machine-logo-svg.svg","contentUrl":"https:\/\/eu.man-machine.com\/wp-content\/uploads\/2024\/11\/man-and-machine-logo-svg.svg","width":293,"height":28,"caption":"Man & Machine"},"image":{"@id":"https:\/\/eu.man-machine.com\/de\/#\/schema\/logo\/image\/"},"sameAs":["https:\/\/www.facebook.com\/ManAndMachine\/","https:\/\/x.com\/manandmachineco"]}]}},"_links":{"self":[{"href":"https:\/\/eu.man-machine.com\/de\/wp-json\/wp\/v2\/product\/8342","targetHints":{"allow":["GET"]}}],"collection":[{"href":"https:\/\/eu.man-machine.com\/de\/wp-json\/wp\/v2\/product"}],"about":[{"href":"https:\/\/eu.man-machine.com\/de\/wp-json\/wp\/v2\/types\/product"}],"wp:featuredmedia":[{"embeddable":true,"href":"https:\/\/eu.man-machine.com\/de\/wp-json\/wp\/v2\/media\/7139"}],"wp:attachment":[{"href":"https:\/\/eu.man-machine.com\/de\/wp-json\/wp\/v2\/media?parent=8342"}],"wp:term":[{"taxonomy":"product_brand","embeddable":true,"href":"https:\/\/eu.man-machine.com\/de\/wp-json\/wp\/v2\/product_brand?post=8342"},{"taxonomy":"product_cat","embeddable":true,"href":"https:\/\/eu.man-machine.com\/de\/wp-json\/wp\/v2\/product_cat?post=8342"},{"taxonomy":"product_tag","embeddable":true,"href":"https:\/\/eu.man-machine.com\/de\/wp-json\/wp\/v2\/product_tag?post=8342"}],"curies":[{"name":"wp","href":"https:\/\/api.w.org\/{rel}","templated":true}]}}