{"id":8371,"date":"2024-12-04T12:32:57","date_gmt":"2024-12-04T11:32:57","guid":{"rendered":"https:\/\/eu.man-machine.com\/product\/slim-cool-weiss\/"},"modified":"2025-12-04T14:03:53","modified_gmt":"2025-12-04T13:03:53","slug":"slim-cool-weiss","status":"publish","type":"product","link":"https:\/\/eu.man-machine.com\/de\/produkt\/slim-cool-weiss\/","title":{"rendered":"Slim Cool &#8211; wei\u00df"},"content":{"rendered":"<p>Die Slim Cool ist unsere kompakteste Silikontastatur. Ideal f\u00fcr Anwendungen mit geringer numerischer Dateneingabe sowie beengten Arbeitspl\u00e4tzen. Das Ger\u00e4t ist vollst\u00e4ndig versiegelt, sodass es abgewischt oder abgespr\u00fcht werden kann und sogar in ein normales, von Krankenh\u00e4usern zugelassenes Fl\u00e4chendesinfektionsmittel, eingetaucht werden kann.<\/p>\n<p>Hergestellt in unserer Fabrik in den USA mit modernster Technologie, erf\u00fcllt es die EMV-Richtlinien gem\u00e4\u00df <a href=\"https:\/\/eu.man-machine.com\/de\/en-60601-1-2\/\" target=\"_blank\" rel=\"noopener\">EN 60601-1-2:2015<\/a> und ist nach IP68 zertifiziert. Der leichte Tastenanschlag sorgt f\u00fcr optimalen Schreibkomfort. Eine Sperrfunktion erm\u00f6glicht eine zuverl\u00e4ssige Reinigung.<\/p>\n<p>Die Slim Cool Plus Tastatur hat keinen Ziffernblock. Zahnarztpraxen bevorzugen unser Slim Cool.<\/p>\n","protected":false},"excerpt":{"rendered":"<p>Die Slim Cool ist unsere kompakteste Silikontastatur. Ideal f\u00fcr Anwendungen mit geringer numerischer Dateneingabe sowie beengten Arbeitspl\u00e4tzen. Das Ger\u00e4t ist vollst\u00e4ndig versiegelt, sodass es abgewischt oder abgespr\u00fcht werden kann und&#8230;<\/p>\n","protected":false},"featured_media":6957,"template":"","meta":{"_acf_changed":false,"_glsr_average":0,"_glsr_ranking":0,"_glsr_reviews":0},"product_brand":[],"product_cat":[678,1042,1043,1044,1078,1087,1045,1046,1048],"product_tag":[],"class_list":{"0":"post-8371","1":"product","2":"type-product","3":"status-publish","4":"has-post-thumbnail","6":"product_cat-tastaturen","7":"product_cat-medizinische-tastaturen","8":"product_cat-wasserdichte-tastaturen","9":"product_cat-abwaschbare-tastaturen","10":"product_cat-antibakterielle-tastaturen","11":"product_cat-antimikrobielle-tastaturen","12":"product_cat-tastaturen-fuer-krankenhaeuser","13":"product_cat-tastaturen-fuer-zahnarztpraxen","14":"product_cat-tastaturen-fuer-labore","16":"first","17":"instock","18":"shipping-taxable","19":"product-type-variable"},"acf":[],"yoast_head":"<!-- This site is optimized with the Yoast SEO plugin v26.9 - https:\/\/yoast.com\/product\/yoast-seo-wordpress\/ -->\n<title>Man &amp; Machine Slim Cool Tastatur (Wei\u00df)<\/title>\n<meta name=\"description\" content=\"Die Slim Cool ist eine kompakte IP68 Medizintastatur ohne Ziffernblock, wasser und staubdicht, ideal f\u00fcr kleine Arbeitsbereiche im Krankenhaus und in der Zahnarztpraxis.\" \/>\n<meta name=\"robots\" content=\"index, follow, max-snippet:-1, max-image-preview:large, max-video-preview:-1\" \/>\n<link rel=\"canonical\" href=\"https:\/\/eu.man-machine.com\/de\/produkt\/slim-cool-weiss\/\" \/>\n<meta property=\"og:locale\" content=\"de_DE\" \/>\n<meta property=\"og:type\" content=\"article\" \/>\n<meta property=\"og:title\" content=\"Man &amp; Machine Slim Cool Tastatur (Wei\u00df)\" \/>\n<meta property=\"og:description\" content=\"Die Slim Cool ist eine kompakte IP68 Medizintastatur ohne Ziffernblock, wasser und staubdicht, ideal f\u00fcr kleine Arbeitsbereiche im Krankenhaus und in der Zahnarztpraxis.\" \/>\n<meta property=\"og:url\" content=\"https:\/\/eu.man-machine.com\/de\/produkt\/slim-cool-weiss\/\" \/>\n<meta property=\"og:site_name\" content=\"Man &amp; Machine\" \/>\n<meta property=\"article:publisher\" content=\"https:\/\/www.facebook.com\/ManAndMachine\/\" \/>\n<meta property=\"article:modified_time\" content=\"2025-12-04T13:03:53+00:00\" \/>\n<meta property=\"og:image\" content=\"https:\/\/eu.man-machine.com\/wp-content\/uploads\/2024\/12\/SC_white_US_top-scaled.png\" \/>\n\t<meta property=\"og:image:width\" content=\"2560\" \/>\n\t<meta property=\"og:image:height\" content=\"1173\" \/>\n\t<meta property=\"og:image:type\" content=\"image\/png\" \/>\n<meta name=\"twitter:card\" content=\"summary_large_image\" \/>\n<meta name=\"twitter:site\" content=\"@manandmachineco\" \/>\n<meta name=\"twitter:label1\" content=\"Gesch\u00e4tzte Lesezeit\" \/>\n\t<meta name=\"twitter:data1\" content=\"3\u00a0Minuten\" \/>\n<script type=\"application\/ld+json\" class=\"yoast-schema-graph\">{\"@context\":\"https:\/\/schema.org\",\"@graph\":[{\"@type\":\"WebPage\",\"@id\":\"https:\/\/eu.man-machine.com\/de\/produkt\/slim-cool-weiss\/\",\"url\":\"https:\/\/eu.man-machine.com\/de\/produkt\/slim-cool-weiss\/\",\"name\":\"Man & Machine Slim Cool Tastatur (Wei\u00df)\",\"isPartOf\":{\"@id\":\"https:\/\/eu.man-machine.com\/de\/#website\"},\"primaryImageOfPage\":{\"@id\":\"https:\/\/eu.man-machine.com\/de\/produkt\/slim-cool-weiss\/#primaryimage\"},\"image\":{\"@id\":\"https:\/\/eu.man-machine.com\/de\/produkt\/slim-cool-weiss\/#primaryimage\"},\"thumbnailUrl\":\"https:\/\/eu.man-machine.com\/wp-content\/uploads\/2024\/12\/SC_white_US_top-scaled.png\",\"datePublished\":\"2024-12-04T11:32:57+00:00\",\"dateModified\":\"2025-12-04T13:03:53+00:00\",\"description\":\"Die Slim Cool ist eine kompakte IP68 Medizintastatur ohne Ziffernblock, wasser und staubdicht, ideal f\u00fcr kleine Arbeitsbereiche im Krankenhaus und in der Zahnarztpraxis.\",\"breadcrumb\":{\"@id\":\"https:\/\/eu.man-machine.com\/de\/produkt\/slim-cool-weiss\/#breadcrumb\"},\"inLanguage\":\"de\",\"potentialAction\":[{\"@type\":\"ReadAction\",\"target\":[\"https:\/\/eu.man-machine.com\/de\/produkt\/slim-cool-weiss\/\"]}]},{\"@type\":\"ImageObject\",\"inLanguage\":\"de\",\"@id\":\"https:\/\/eu.man-machine.com\/de\/produkt\/slim-cool-weiss\/#primaryimage\",\"url\":\"https:\/\/eu.man-machine.com\/wp-content\/uploads\/2024\/12\/SC_white_US_top-scaled.png\",\"contentUrl\":\"https:\/\/eu.man-machine.com\/wp-content\/uploads\/2024\/12\/SC_white_US_top-scaled.png\",\"width\":2560,\"height\":1173,\"caption\":\"A white Man & Machine Slim Cool compact silicone keyboard with US International layout is seen from the top\"},{\"@type\":\"BreadcrumbList\",\"@id\":\"https:\/\/eu.man-machine.com\/de\/produkt\/slim-cool-weiss\/#breadcrumb\",\"itemListElement\":[{\"@type\":\"ListItem\",\"position\":1,\"name\":\"Home\",\"item\":\"https:\/\/eu.man-machine.com\/de\/\"},{\"@type\":\"ListItem\",\"position\":2,\"name\":\"Katalog\",\"item\":\"https:\/\/eu.man-machine.com\/catalogue\/\"},{\"@type\":\"ListItem\",\"position\":3,\"name\":\"Tastaturen\",\"item\":\"https:\/\/eu.man-machine.com\/de\/produkt-kategorie\/tastaturen\/\"},{\"@type\":\"ListItem\",\"position\":4,\"name\":\"Medizinische Tastaturen\",\"item\":\"https:\/\/eu.man-machine.com\/de\/produkt-kategorie\/tastaturen\/medizinische-tastaturen\/\"},{\"@type\":\"ListItem\",\"position\":5,\"name\":\"Slim Cool &#8211; wei\u00df\"}]},{\"@type\":\"WebSite\",\"@id\":\"https:\/\/eu.man-machine.com\/de\/#website\",\"url\":\"https:\/\/eu.man-machine.com\/de\/\",\"name\":\"Man & Machine\",\"description\":\"Wasserdichte Tastaturen f\u00fcr medizinische und industrielle Anwendungen\",\"publisher\":{\"@id\":\"https:\/\/eu.man-machine.com\/de\/#organization\"},\"alternateName\":\"Man and Machine\",\"potentialAction\":[{\"@type\":\"SearchAction\",\"target\":{\"@type\":\"EntryPoint\",\"urlTemplate\":\"https:\/\/eu.man-machine.com\/de\/?s={search_term_string}\"},\"query-input\":{\"@type\":\"PropertyValueSpecification\",\"valueRequired\":true,\"valueName\":\"search_term_string\"}}],\"inLanguage\":\"de\"},{\"@type\":\"Organization\",\"@id\":\"https:\/\/eu.man-machine.com\/de\/#organization\",\"name\":\"Man & Machine\",\"alternateName\":\"Man and Machine\",\"url\":\"https:\/\/eu.man-machine.com\/de\/\",\"logo\":{\"@type\":\"ImageObject\",\"inLanguage\":\"de\",\"@id\":\"https:\/\/eu.man-machine.com\/de\/#\/schema\/logo\/image\/\",\"url\":\"https:\/\/eu.man-machine.com\/wp-content\/uploads\/2024\/11\/man-and-machine-logo-svg.svg\",\"contentUrl\":\"https:\/\/eu.man-machine.com\/wp-content\/uploads\/2024\/11\/man-and-machine-logo-svg.svg\",\"width\":293,\"height\":28,\"caption\":\"Man & Machine\"},\"image\":{\"@id\":\"https:\/\/eu.man-machine.com\/de\/#\/schema\/logo\/image\/\"},\"sameAs\":[\"https:\/\/www.facebook.com\/ManAndMachine\/\",\"https:\/\/x.com\/manandmachineco\"]}]}<\/script>\n<!-- \/ Yoast SEO plugin. -->","yoast_head_json":{"title":"Man & Machine Slim Cool Tastatur (Wei\u00df)","description":"Die Slim Cool ist eine kompakte IP68 Medizintastatur ohne Ziffernblock, wasser und staubdicht, ideal f\u00fcr kleine Arbeitsbereiche im Krankenhaus und in der Zahnarztpraxis.","robots":{"index":"index","follow":"follow","max-snippet":"max-snippet:-1","max-image-preview":"max-image-preview:large","max-video-preview":"max-video-preview:-1"},"canonical":"https:\/\/eu.man-machine.com\/de\/produkt\/slim-cool-weiss\/","og_locale":"de_DE","og_type":"article","og_title":"Man & Machine Slim Cool Tastatur (Wei\u00df)","og_description":"Die Slim Cool ist eine kompakte IP68 Medizintastatur ohne Ziffernblock, wasser und staubdicht, ideal f\u00fcr kleine Arbeitsbereiche im Krankenhaus und in der Zahnarztpraxis.","og_url":"https:\/\/eu.man-machine.com\/de\/produkt\/slim-cool-weiss\/","og_site_name":"Man & Machine","article_publisher":"https:\/\/www.facebook.com\/ManAndMachine\/","article_modified_time":"2025-12-04T13:03:53+00:00","og_image":[{"width":2560,"height":1173,"url":"https:\/\/eu.man-machine.com\/wp-content\/uploads\/2024\/12\/SC_white_US_top-scaled.png","type":"image\/png"}],"twitter_card":"summary_large_image","twitter_site":"@manandmachineco","twitter_misc":{"Gesch\u00e4tzte Lesezeit":"3\u00a0Minuten"},"schema":{"@context":"https:\/\/schema.org","@graph":[{"@type":"WebPage","@id":"https:\/\/eu.man-machine.com\/de\/produkt\/slim-cool-weiss\/","url":"https:\/\/eu.man-machine.com\/de\/produkt\/slim-cool-weiss\/","name":"Man & Machine Slim Cool Tastatur (Wei\u00df)","isPartOf":{"@id":"https:\/\/eu.man-machine.com\/de\/#website"},"primaryImageOfPage":{"@id":"https:\/\/eu.man-machine.com\/de\/produkt\/slim-cool-weiss\/#primaryimage"},"image":{"@id":"https:\/\/eu.man-machine.com\/de\/produkt\/slim-cool-weiss\/#primaryimage"},"thumbnailUrl":"https:\/\/eu.man-machine.com\/wp-content\/uploads\/2024\/12\/SC_white_US_top-scaled.png","datePublished":"2024-12-04T11:32:57+00:00","dateModified":"2025-12-04T13:03:53+00:00","description":"Die Slim Cool ist eine kompakte IP68 Medizintastatur ohne Ziffernblock, wasser und staubdicht, ideal f\u00fcr kleine Arbeitsbereiche im Krankenhaus und in der Zahnarztpraxis.","breadcrumb":{"@id":"https:\/\/eu.man-machine.com\/de\/produkt\/slim-cool-weiss\/#breadcrumb"},"inLanguage":"de","potentialAction":[{"@type":"ReadAction","target":["https:\/\/eu.man-machine.com\/de\/produkt\/slim-cool-weiss\/"]}]},{"@type":"ImageObject","inLanguage":"de","@id":"https:\/\/eu.man-machine.com\/de\/produkt\/slim-cool-weiss\/#primaryimage","url":"https:\/\/eu.man-machine.com\/wp-content\/uploads\/2024\/12\/SC_white_US_top-scaled.png","contentUrl":"https:\/\/eu.man-machine.com\/wp-content\/uploads\/2024\/12\/SC_white_US_top-scaled.png","width":2560,"height":1173,"caption":"A white Man & Machine Slim Cool compact silicone keyboard with US International layout is seen from the top"},{"@type":"BreadcrumbList","@id":"https:\/\/eu.man-machine.com\/de\/produkt\/slim-cool-weiss\/#breadcrumb","itemListElement":[{"@type":"ListItem","position":1,"name":"Home","item":"https:\/\/eu.man-machine.com\/de\/"},{"@type":"ListItem","position":2,"name":"Katalog","item":"https:\/\/eu.man-machine.com\/catalogue\/"},{"@type":"ListItem","position":3,"name":"Tastaturen","item":"https:\/\/eu.man-machine.com\/de\/produkt-kategorie\/tastaturen\/"},{"@type":"ListItem","position":4,"name":"Medizinische Tastaturen","item":"https:\/\/eu.man-machine.com\/de\/produkt-kategorie\/tastaturen\/medizinische-tastaturen\/"},{"@type":"ListItem","position":5,"name":"Slim Cool &#8211; wei\u00df"}]},{"@type":"WebSite","@id":"https:\/\/eu.man-machine.com\/de\/#website","url":"https:\/\/eu.man-machine.com\/de\/","name":"Man & Machine","description":"Wasserdichte Tastaturen f\u00fcr medizinische und industrielle Anwendungen","publisher":{"@id":"https:\/\/eu.man-machine.com\/de\/#organization"},"alternateName":"Man and Machine","potentialAction":[{"@type":"SearchAction","target":{"@type":"EntryPoint","urlTemplate":"https:\/\/eu.man-machine.com\/de\/?s={search_term_string}"},"query-input":{"@type":"PropertyValueSpecification","valueRequired":true,"valueName":"search_term_string"}}],"inLanguage":"de"},{"@type":"Organization","@id":"https:\/\/eu.man-machine.com\/de\/#organization","name":"Man & Machine","alternateName":"Man and Machine","url":"https:\/\/eu.man-machine.com\/de\/","logo":{"@type":"ImageObject","inLanguage":"de","@id":"https:\/\/eu.man-machine.com\/de\/#\/schema\/logo\/image\/","url":"https:\/\/eu.man-machine.com\/wp-content\/uploads\/2024\/11\/man-and-machine-logo-svg.svg","contentUrl":"https:\/\/eu.man-machine.com\/wp-content\/uploads\/2024\/11\/man-and-machine-logo-svg.svg","width":293,"height":28,"caption":"Man & Machine"},"image":{"@id":"https:\/\/eu.man-machine.com\/de\/#\/schema\/logo\/image\/"},"sameAs":["https:\/\/www.facebook.com\/ManAndMachine\/","https:\/\/x.com\/manandmachineco"]}]}},"_links":{"self":[{"href":"https:\/\/eu.man-machine.com\/de\/wp-json\/wp\/v2\/product\/8371","targetHints":{"allow":["GET"]}}],"collection":[{"href":"https:\/\/eu.man-machine.com\/de\/wp-json\/wp\/v2\/product"}],"about":[{"href":"https:\/\/eu.man-machine.com\/de\/wp-json\/wp\/v2\/types\/product"}],"wp:featuredmedia":[{"embeddable":true,"href":"https:\/\/eu.man-machine.com\/de\/wp-json\/wp\/v2\/media\/6957"}],"wp:attachment":[{"href":"https:\/\/eu.man-machine.com\/de\/wp-json\/wp\/v2\/media?parent=8371"}],"wp:term":[{"taxonomy":"product_brand","embeddable":true,"href":"https:\/\/eu.man-machine.com\/de\/wp-json\/wp\/v2\/product_brand?post=8371"},{"taxonomy":"product_cat","embeddable":true,"href":"https:\/\/eu.man-machine.com\/de\/wp-json\/wp\/v2\/product_cat?post=8371"},{"taxonomy":"product_tag","embeddable":true,"href":"https:\/\/eu.man-machine.com\/de\/wp-json\/wp\/v2\/product_tag?post=8371"}],"curies":[{"name":"wp","href":"https:\/\/api.w.org\/{rel}","templated":true}]}}