{"id":8377,"date":"2024-11-27T12:11:22","date_gmt":"2024-11-27T11:11:22","guid":{"rendered":"https:\/\/eu.man-machine.com\/product\/really-cool-touch-weiss\/"},"modified":"2025-12-04T14:00:50","modified_gmt":"2025-12-04T13:00:50","slug":"really-cool-touch-weiss","status":"publish","type":"product","link":"https:\/\/eu.man-machine.com\/de\/produkt\/really-cool-touch-weiss\/","title":{"rendered":"Really Cool Touch &#8211; wei\u00df"},"content":{"rendered":"<p>Unsere Really Cool Touch Wei\u00df-Tastatur ist eine voll ausgestattete Medizintastatur mit Touchpad mit Touchpad und niedrig profilierten Tasten, aus Silikon gefertigt und vollst\u00e4ndig versiegelt. Sie kann sicher abgewischt, gereinigt, abgesp\u00fclt und sogar in einem geeigneten Desinfektionsmittel eingetaucht werden.<\/p>\n<p>Es ist das ideale Eingabeger\u00e4t f\u00fcr den Operationssaal oder die Intensivstation sowie f\u00fcr alle anderen Bereiche, in denen Fl\u00fcssigkeitsvorf\u00e4lle ber\u00fccksichtigt werden m\u00fcssen.<\/p>\n<p>Wir fertigen dieses hochwertige Produkt in den USA. Es erf\u00fcllt die EMV-Richtlinien gem\u00e4\u00df <a href=\"https:\/\/eu.man-machine.com\/de\/en-60601-1-2\/\" target=\"_blank\" rel=\"noopener\">EN 60601-1-2:2015<\/a> und ist IP68-zertifiziert. Durch den leichten Tastenanschlag und das gut sp\u00fcrbare Tastenrelief ist die Tastatur besonders benutzerfreundlich. Beim Reinigen l\u00e4sst sie sich sperren, um unbeabsichtigte Eingaben oder Datenverluste zu vermeiden. Die Really Cool Touch-Tastatur verf\u00fcgt \u00fcber einen Ziffernblock und ein integriertes Touchpad, wodurch eine separate Maus \u00fcberfl\u00fcssig wird.<\/p>\n","protected":false},"excerpt":{"rendered":"<p>Unsere Really Cool Touch Wei\u00df-Tastatur ist eine voll ausgestattete Medizintastatur mit Touchpad mit Touchpad und niedrig profilierten Tasten, aus Silikon gefertigt und vollst\u00e4ndig versiegelt. Sie kann sicher abgewischt, gereinigt, abgesp\u00fclt&#8230;<\/p>\n","protected":false},"featured_media":8140,"template":"","meta":{"_acf_changed":false,"_glsr_average":0,"_glsr_ranking":0,"_glsr_reviews":0},"product_brand":[],"product_cat":[678,1042,1043,1044,1078,1087,1045,1048],"product_tag":[],"class_list":{"0":"post-8377","1":"product","2":"type-product","3":"status-publish","4":"has-post-thumbnail","6":"product_cat-tastaturen","7":"product_cat-medizinische-tastaturen","8":"product_cat-wasserdichte-tastaturen","9":"product_cat-abwaschbare-tastaturen","10":"product_cat-antibakterielle-tastaturen","11":"product_cat-antimikrobielle-tastaturen","12":"product_cat-tastaturen-fuer-krankenhaeuser","13":"product_cat-tastaturen-fuer-labore","15":"first","16":"instock","17":"shipping-taxable","18":"product-type-variable"},"acf":[],"yoast_head":"<!-- This site is optimized with the Yoast SEO plugin v26.9 - https:\/\/yoast.com\/product\/yoast-seo-wordpress\/ -->\n<title>Man &amp; Machine Really Cool Touch Tastatur (Wei\u00df)<\/title>\n<meta name=\"description\" content=\"Die Really Cool Touch ist eine voll ausgestattete medizinische Tastatur mit Touchpad, IP68 zertifiziert, vollst\u00e4ndig desinfizierbar und ideal f\u00fcr Intensivstationen.\" \/>\n<meta name=\"robots\" content=\"index, follow, max-snippet:-1, max-image-preview:large, max-video-preview:-1\" \/>\n<link rel=\"canonical\" href=\"https:\/\/eu.man-machine.com\/de\/produkt\/really-cool-touch-weiss\/\" \/>\n<meta property=\"og:locale\" content=\"de_DE\" \/>\n<meta property=\"og:type\" content=\"article\" \/>\n<meta property=\"og:title\" content=\"Man &amp; Machine Really Cool Touch Tastatur (Wei\u00df)\" \/>\n<meta property=\"og:description\" content=\"Die Really Cool Touch ist eine voll ausgestattete medizinische Tastatur mit Touchpad, IP68 zertifiziert, vollst\u00e4ndig desinfizierbar und ideal f\u00fcr Intensivstationen.\" \/>\n<meta property=\"og:url\" content=\"https:\/\/eu.man-machine.com\/de\/produkt\/really-cool-touch-weiss\/\" \/>\n<meta property=\"og:site_name\" content=\"Man &amp; Machine\" \/>\n<meta property=\"article:publisher\" content=\"https:\/\/www.facebook.com\/ManAndMachine\/\" \/>\n<meta property=\"article:modified_time\" content=\"2025-12-04T13:00:50+00:00\" \/>\n<meta property=\"og:image\" content=\"https:\/\/eu.man-machine.com\/wp-content\/uploads\/2024\/11\/RCT_white_US_top-2-scaled.png\" \/>\n\t<meta property=\"og:image:width\" content=\"2500\" \/>\n\t<meta property=\"og:image:height\" content=\"1146\" \/>\n\t<meta property=\"og:image:type\" content=\"image\/png\" \/>\n<meta name=\"twitter:card\" content=\"summary_large_image\" \/>\n<meta name=\"twitter:site\" content=\"@manandmachineco\" \/>\n<meta name=\"twitter:label1\" content=\"Gesch\u00e4tzte Lesezeit\" \/>\n\t<meta name=\"twitter:data1\" content=\"3\u00a0Minuten\" \/>\n<script type=\"application\/ld+json\" class=\"yoast-schema-graph\">{\"@context\":\"https:\/\/schema.org\",\"@graph\":[{\"@type\":\"WebPage\",\"@id\":\"https:\/\/eu.man-machine.com\/de\/produkt\/really-cool-touch-weiss\/\",\"url\":\"https:\/\/eu.man-machine.com\/de\/produkt\/really-cool-touch-weiss\/\",\"name\":\"Man & Machine Really Cool Touch Tastatur (Wei\u00df)\",\"isPartOf\":{\"@id\":\"https:\/\/eu.man-machine.com\/de\/#website\"},\"primaryImageOfPage\":{\"@id\":\"https:\/\/eu.man-machine.com\/de\/produkt\/really-cool-touch-weiss\/#primaryimage\"},\"image\":{\"@id\":\"https:\/\/eu.man-machine.com\/de\/produkt\/really-cool-touch-weiss\/#primaryimage\"},\"thumbnailUrl\":\"https:\/\/eu.man-machine.com\/wp-content\/uploads\/2024\/11\/RCT_white_US_top-2-scaled.png\",\"datePublished\":\"2024-11-27T11:11:22+00:00\",\"dateModified\":\"2025-12-04T13:00:50+00:00\",\"description\":\"Die Really Cool Touch ist eine voll ausgestattete medizinische Tastatur mit Touchpad, IP68 zertifiziert, vollst\u00e4ndig desinfizierbar und ideal f\u00fcr Intensivstationen.\",\"breadcrumb\":{\"@id\":\"https:\/\/eu.man-machine.com\/de\/produkt\/really-cool-touch-weiss\/#breadcrumb\"},\"inLanguage\":\"de\",\"potentialAction\":[{\"@type\":\"ReadAction\",\"target\":[\"https:\/\/eu.man-machine.com\/de\/produkt\/really-cool-touch-weiss\/\"]}]},{\"@type\":\"ImageObject\",\"inLanguage\":\"de\",\"@id\":\"https:\/\/eu.man-machine.com\/de\/produkt\/really-cool-touch-weiss\/#primaryimage\",\"url\":\"https:\/\/eu.man-machine.com\/wp-content\/uploads\/2024\/11\/RCT_white_US_top-2-scaled.png\",\"contentUrl\":\"https:\/\/eu.man-machine.com\/wp-content\/uploads\/2024\/11\/RCT_white_US_top-2-scaled.png\",\"width\":2500,\"height\":1146,\"caption\":\"A white Man & Machine Really Cool Touch keyboard with integrated touchpad and US layout is seen from the top\"},{\"@type\":\"BreadcrumbList\",\"@id\":\"https:\/\/eu.man-machine.com\/de\/produkt\/really-cool-touch-weiss\/#breadcrumb\",\"itemListElement\":[{\"@type\":\"ListItem\",\"position\":1,\"name\":\"Home\",\"item\":\"https:\/\/eu.man-machine.com\/de\/\"},{\"@type\":\"ListItem\",\"position\":2,\"name\":\"Katalog\",\"item\":\"https:\/\/eu.man-machine.com\/catalogue\/\"},{\"@type\":\"ListItem\",\"position\":3,\"name\":\"Tastaturen\",\"item\":\"https:\/\/eu.man-machine.com\/de\/produkt-kategorie\/tastaturen\/\"},{\"@type\":\"ListItem\",\"position\":4,\"name\":\"Medizinische Tastaturen\",\"item\":\"https:\/\/eu.man-machine.com\/de\/produkt-kategorie\/tastaturen\/medizinische-tastaturen\/\"},{\"@type\":\"ListItem\",\"position\":5,\"name\":\"Really Cool Touch &#8211; wei\u00df\"}]},{\"@type\":\"WebSite\",\"@id\":\"https:\/\/eu.man-machine.com\/de\/#website\",\"url\":\"https:\/\/eu.man-machine.com\/de\/\",\"name\":\"Man & Machine\",\"description\":\"Wasserdichte Tastaturen f\u00fcr medizinische und industrielle Anwendungen\",\"publisher\":{\"@id\":\"https:\/\/eu.man-machine.com\/de\/#organization\"},\"alternateName\":\"Man and Machine\",\"potentialAction\":[{\"@type\":\"SearchAction\",\"target\":{\"@type\":\"EntryPoint\",\"urlTemplate\":\"https:\/\/eu.man-machine.com\/de\/?s={search_term_string}\"},\"query-input\":{\"@type\":\"PropertyValueSpecification\",\"valueRequired\":true,\"valueName\":\"search_term_string\"}}],\"inLanguage\":\"de\"},{\"@type\":\"Organization\",\"@id\":\"https:\/\/eu.man-machine.com\/de\/#organization\",\"name\":\"Man & Machine\",\"alternateName\":\"Man and Machine\",\"url\":\"https:\/\/eu.man-machine.com\/de\/\",\"logo\":{\"@type\":\"ImageObject\",\"inLanguage\":\"de\",\"@id\":\"https:\/\/eu.man-machine.com\/de\/#\/schema\/logo\/image\/\",\"url\":\"https:\/\/eu.man-machine.com\/wp-content\/uploads\/2024\/11\/man-and-machine-logo-svg.svg\",\"contentUrl\":\"https:\/\/eu.man-machine.com\/wp-content\/uploads\/2024\/11\/man-and-machine-logo-svg.svg\",\"width\":293,\"height\":28,\"caption\":\"Man & Machine\"},\"image\":{\"@id\":\"https:\/\/eu.man-machine.com\/de\/#\/schema\/logo\/image\/\"},\"sameAs\":[\"https:\/\/www.facebook.com\/ManAndMachine\/\",\"https:\/\/x.com\/manandmachineco\"]}]}<\/script>\n<!-- \/ Yoast SEO plugin. -->","yoast_head_json":{"title":"Man & Machine Really Cool Touch Tastatur (Wei\u00df)","description":"Die Really Cool Touch ist eine voll ausgestattete medizinische Tastatur mit Touchpad, IP68 zertifiziert, vollst\u00e4ndig desinfizierbar und ideal f\u00fcr Intensivstationen.","robots":{"index":"index","follow":"follow","max-snippet":"max-snippet:-1","max-image-preview":"max-image-preview:large","max-video-preview":"max-video-preview:-1"},"canonical":"https:\/\/eu.man-machine.com\/de\/produkt\/really-cool-touch-weiss\/","og_locale":"de_DE","og_type":"article","og_title":"Man & Machine Really Cool Touch Tastatur (Wei\u00df)","og_description":"Die Really Cool Touch ist eine voll ausgestattete medizinische Tastatur mit Touchpad, IP68 zertifiziert, vollst\u00e4ndig desinfizierbar und ideal f\u00fcr Intensivstationen.","og_url":"https:\/\/eu.man-machine.com\/de\/produkt\/really-cool-touch-weiss\/","og_site_name":"Man & Machine","article_publisher":"https:\/\/www.facebook.com\/ManAndMachine\/","article_modified_time":"2025-12-04T13:00:50+00:00","og_image":[{"width":2500,"height":1146,"url":"https:\/\/eu.man-machine.com\/wp-content\/uploads\/2024\/11\/RCT_white_US_top-2-scaled.png","type":"image\/png"}],"twitter_card":"summary_large_image","twitter_site":"@manandmachineco","twitter_misc":{"Gesch\u00e4tzte Lesezeit":"3\u00a0Minuten"},"schema":{"@context":"https:\/\/schema.org","@graph":[{"@type":"WebPage","@id":"https:\/\/eu.man-machine.com\/de\/produkt\/really-cool-touch-weiss\/","url":"https:\/\/eu.man-machine.com\/de\/produkt\/really-cool-touch-weiss\/","name":"Man & Machine Really Cool Touch Tastatur (Wei\u00df)","isPartOf":{"@id":"https:\/\/eu.man-machine.com\/de\/#website"},"primaryImageOfPage":{"@id":"https:\/\/eu.man-machine.com\/de\/produkt\/really-cool-touch-weiss\/#primaryimage"},"image":{"@id":"https:\/\/eu.man-machine.com\/de\/produkt\/really-cool-touch-weiss\/#primaryimage"},"thumbnailUrl":"https:\/\/eu.man-machine.com\/wp-content\/uploads\/2024\/11\/RCT_white_US_top-2-scaled.png","datePublished":"2024-11-27T11:11:22+00:00","dateModified":"2025-12-04T13:00:50+00:00","description":"Die Really Cool Touch ist eine voll ausgestattete medizinische Tastatur mit Touchpad, IP68 zertifiziert, vollst\u00e4ndig desinfizierbar und ideal f\u00fcr Intensivstationen.","breadcrumb":{"@id":"https:\/\/eu.man-machine.com\/de\/produkt\/really-cool-touch-weiss\/#breadcrumb"},"inLanguage":"de","potentialAction":[{"@type":"ReadAction","target":["https:\/\/eu.man-machine.com\/de\/produkt\/really-cool-touch-weiss\/"]}]},{"@type":"ImageObject","inLanguage":"de","@id":"https:\/\/eu.man-machine.com\/de\/produkt\/really-cool-touch-weiss\/#primaryimage","url":"https:\/\/eu.man-machine.com\/wp-content\/uploads\/2024\/11\/RCT_white_US_top-2-scaled.png","contentUrl":"https:\/\/eu.man-machine.com\/wp-content\/uploads\/2024\/11\/RCT_white_US_top-2-scaled.png","width":2500,"height":1146,"caption":"A white Man & Machine Really Cool Touch keyboard with integrated touchpad and US layout is seen from the top"},{"@type":"BreadcrumbList","@id":"https:\/\/eu.man-machine.com\/de\/produkt\/really-cool-touch-weiss\/#breadcrumb","itemListElement":[{"@type":"ListItem","position":1,"name":"Home","item":"https:\/\/eu.man-machine.com\/de\/"},{"@type":"ListItem","position":2,"name":"Katalog","item":"https:\/\/eu.man-machine.com\/catalogue\/"},{"@type":"ListItem","position":3,"name":"Tastaturen","item":"https:\/\/eu.man-machine.com\/de\/produkt-kategorie\/tastaturen\/"},{"@type":"ListItem","position":4,"name":"Medizinische Tastaturen","item":"https:\/\/eu.man-machine.com\/de\/produkt-kategorie\/tastaturen\/medizinische-tastaturen\/"},{"@type":"ListItem","position":5,"name":"Really Cool Touch &#8211; wei\u00df"}]},{"@type":"WebSite","@id":"https:\/\/eu.man-machine.com\/de\/#website","url":"https:\/\/eu.man-machine.com\/de\/","name":"Man & Machine","description":"Wasserdichte Tastaturen f\u00fcr medizinische und industrielle Anwendungen","publisher":{"@id":"https:\/\/eu.man-machine.com\/de\/#organization"},"alternateName":"Man and Machine","potentialAction":[{"@type":"SearchAction","target":{"@type":"EntryPoint","urlTemplate":"https:\/\/eu.man-machine.com\/de\/?s={search_term_string}"},"query-input":{"@type":"PropertyValueSpecification","valueRequired":true,"valueName":"search_term_string"}}],"inLanguage":"de"},{"@type":"Organization","@id":"https:\/\/eu.man-machine.com\/de\/#organization","name":"Man & Machine","alternateName":"Man and Machine","url":"https:\/\/eu.man-machine.com\/de\/","logo":{"@type":"ImageObject","inLanguage":"de","@id":"https:\/\/eu.man-machine.com\/de\/#\/schema\/logo\/image\/","url":"https:\/\/eu.man-machine.com\/wp-content\/uploads\/2024\/11\/man-and-machine-logo-svg.svg","contentUrl":"https:\/\/eu.man-machine.com\/wp-content\/uploads\/2024\/11\/man-and-machine-logo-svg.svg","width":293,"height":28,"caption":"Man & Machine"},"image":{"@id":"https:\/\/eu.man-machine.com\/de\/#\/schema\/logo\/image\/"},"sameAs":["https:\/\/www.facebook.com\/ManAndMachine\/","https:\/\/x.com\/manandmachineco"]}]}},"_links":{"self":[{"href":"https:\/\/eu.man-machine.com\/de\/wp-json\/wp\/v2\/product\/8377","targetHints":{"allow":["GET"]}}],"collection":[{"href":"https:\/\/eu.man-machine.com\/de\/wp-json\/wp\/v2\/product"}],"about":[{"href":"https:\/\/eu.man-machine.com\/de\/wp-json\/wp\/v2\/types\/product"}],"wp:featuredmedia":[{"embeddable":true,"href":"https:\/\/eu.man-machine.com\/de\/wp-json\/wp\/v2\/media\/8140"}],"wp:attachment":[{"href":"https:\/\/eu.man-machine.com\/de\/wp-json\/wp\/v2\/media?parent=8377"}],"wp:term":[{"taxonomy":"product_brand","embeddable":true,"href":"https:\/\/eu.man-machine.com\/de\/wp-json\/wp\/v2\/product_brand?post=8377"},{"taxonomy":"product_cat","embeddable":true,"href":"https:\/\/eu.man-machine.com\/de\/wp-json\/wp\/v2\/product_cat?post=8377"},{"taxonomy":"product_tag","embeddable":true,"href":"https:\/\/eu.man-machine.com\/de\/wp-json\/wp\/v2\/product_tag?post=8377"}],"curies":[{"name":"wp","href":"https:\/\/api.w.org\/{rel}","templated":true}]}}