{"id":8380,"date":"2024-11-24T18:25:28","date_gmt":"2024-11-24T17:25:28","guid":{"rendered":"https:\/\/eu.man-machine.com\/product\/really-ocool-schwarz\/"},"modified":"2025-12-04T13:26:03","modified_gmt":"2025-12-04T12:26:03","slug":"really-ocool-schwarz","status":"publish","type":"product","link":"https:\/\/eu.man-machine.com\/de\/produkt\/really-ocool-schwarz\/","title":{"rendered":"Really O\u2019Cool &#8211; schwarz"},"content":{"rendered":"<p>Das Besondere an der Really O\u2019Cool-Tastatur ist ihre Widerstandsf\u00e4higkeit gegen\u00fcber \u00f6ligen Substanzen. Die robuste Tastatur h\u00e4lt selbst in stark verschmutzten, \u00f6ligen Industrieumgebungen den Anforderungen an die Eingabe stand. Sie bietet als nahezu einziges Ger\u00e4t auf dem Markt eine au\u00dfergew\u00f6hnlich lange Lebensdauer.<\/p>\n<p>In den USA unter Einsatz modernster Technologie hergestellt, weist die Tastatur den Schutzgrad IP68 auf. Ein leichter Tastenanschlag und eine klare Tastenorientierung gew\u00e4hrleisten optimalen Schreibkomfort. Das Ger\u00e4t verf\u00fcgt \u00fcber eine praktische Sperrfunktion f\u00fcr eine zuverl\u00e4ssige Reinigung mit Wasser und Seife. Bitte beachten Sie, dass aufgrund der Verwendung von speziell \u00f6lbest\u00e4ndigen Materialien eine Reinigung nur mit Wasser und Seife, nicht jedoch mit Desinfektionsmitteln, erfolgen darf.<\/p>\n<p>Die Really O&#8217;Cool-Tastatur ist ausgestattet mit einem Ziffernblock.<\/p>\n","protected":false},"excerpt":{"rendered":"<p>Das Besondere an der Really O\u2019Cool-Tastatur ist ihre Widerstandsf\u00e4higkeit gegen\u00fcber \u00f6ligen Substanzen. Die robuste Tastatur h\u00e4lt selbst in stark verschmutzten, \u00f6ligen Industrieumgebungen den Anforderungen an die Eingabe stand. Sie bietet&#8230;<\/p>\n","protected":false},"featured_media":6768,"template":"","meta":{"_acf_changed":false,"_glsr_average":0,"_glsr_ranking":0,"_glsr_reviews":0},"product_brand":[],"product_cat":[678,1085],"product_tag":[],"class_list":{"0":"post-8380","1":"product","2":"type-product","3":"status-publish","4":"has-post-thumbnail","6":"product_cat-tastaturen","7":"product_cat-robuste-tastaturen","9":"first","10":"instock","11":"shipping-taxable","12":"product-type-variable"},"acf":[],"yoast_head":"<!-- This site is optimized with the Yoast SEO plugin v26.9 - https:\/\/yoast.com\/product\/yoast-seo-wordpress\/ -->\n<title>Man &amp; Machine Really O\u2019Cool Tastatur (Schwarz)<\/title>\n<meta name=\"description\" content=\"Die Really O\u2019Cool ist eine vollst\u00e4ndig versiegelte Silikontastatur, best\u00e4ndig gegen \u00d6le und perfekt f\u00fcr den robusten Industrieeinsatz.\" \/>\n<meta name=\"robots\" content=\"index, follow, max-snippet:-1, max-image-preview:large, max-video-preview:-1\" \/>\n<link rel=\"canonical\" href=\"https:\/\/eu.man-machine.com\/de\/produkt\/really-ocool-schwarz\/\" \/>\n<meta property=\"og:locale\" content=\"de_DE\" \/>\n<meta property=\"og:type\" content=\"article\" \/>\n<meta property=\"og:title\" content=\"Man &amp; Machine Really O\u2019Cool Tastatur (Schwarz)\" \/>\n<meta property=\"og:description\" content=\"Die Really O\u2019Cool ist eine vollst\u00e4ndig versiegelte Silikontastatur, best\u00e4ndig gegen \u00d6le und perfekt f\u00fcr den robusten Industrieeinsatz.\" \/>\n<meta property=\"og:url\" content=\"https:\/\/eu.man-machine.com\/de\/produkt\/really-ocool-schwarz\/\" \/>\n<meta property=\"og:site_name\" content=\"Man &amp; Machine\" \/>\n<meta property=\"article:publisher\" content=\"https:\/\/www.facebook.com\/ManAndMachine\/\" \/>\n<meta property=\"article:modified_time\" content=\"2025-12-04T12:26:03+00:00\" \/>\n<meta property=\"og:image\" content=\"https:\/\/eu.man-machine.com\/wp-content\/uploads\/2024\/11\/ROC_black_US_top-scaled.png\" \/>\n\t<meta property=\"og:image:width\" content=\"2500\" \/>\n\t<meta property=\"og:image:height\" content=\"1146\" \/>\n\t<meta property=\"og:image:type\" content=\"image\/png\" \/>\n<meta name=\"twitter:card\" content=\"summary_large_image\" \/>\n<meta name=\"twitter:site\" content=\"@manandmachineco\" \/>\n<meta name=\"twitter:label1\" content=\"Gesch\u00e4tzte Lesezeit\" \/>\n\t<meta name=\"twitter:data1\" content=\"3\u00a0Minuten\" \/>\n<script type=\"application\/ld+json\" class=\"yoast-schema-graph\">{\"@context\":\"https:\/\/schema.org\",\"@graph\":[{\"@type\":\"WebPage\",\"@id\":\"https:\/\/eu.man-machine.com\/de\/produkt\/really-ocool-schwarz\/\",\"url\":\"https:\/\/eu.man-machine.com\/de\/produkt\/really-ocool-schwarz\/\",\"name\":\"Man & Machine Really O\u2019Cool Tastatur (Schwarz)\",\"isPartOf\":{\"@id\":\"https:\/\/eu.man-machine.com\/de\/#website\"},\"primaryImageOfPage\":{\"@id\":\"https:\/\/eu.man-machine.com\/de\/produkt\/really-ocool-schwarz\/#primaryimage\"},\"image\":{\"@id\":\"https:\/\/eu.man-machine.com\/de\/produkt\/really-ocool-schwarz\/#primaryimage\"},\"thumbnailUrl\":\"https:\/\/eu.man-machine.com\/wp-content\/uploads\/2024\/11\/ROC_black_US_top-scaled.png\",\"datePublished\":\"2024-11-24T17:25:28+00:00\",\"dateModified\":\"2025-12-04T12:26:03+00:00\",\"description\":\"Die Really O\u2019Cool ist eine vollst\u00e4ndig versiegelte Silikontastatur, best\u00e4ndig gegen \u00d6le und perfekt f\u00fcr den robusten Industrieeinsatz.\",\"breadcrumb\":{\"@id\":\"https:\/\/eu.man-machine.com\/de\/produkt\/really-ocool-schwarz\/#breadcrumb\"},\"inLanguage\":\"de\",\"potentialAction\":[{\"@type\":\"ReadAction\",\"target\":[\"https:\/\/eu.man-machine.com\/de\/produkt\/really-ocool-schwarz\/\"]}]},{\"@type\":\"ImageObject\",\"inLanguage\":\"de\",\"@id\":\"https:\/\/eu.man-machine.com\/de\/produkt\/really-ocool-schwarz\/#primaryimage\",\"url\":\"https:\/\/eu.man-machine.com\/wp-content\/uploads\/2024\/11\/ROC_black_US_top-scaled.png\",\"contentUrl\":\"https:\/\/eu.man-machine.com\/wp-content\/uploads\/2024\/11\/ROC_black_US_top-scaled.png\",\"width\":2500,\"height\":1146,\"caption\":\"A black Man & Machine Really O'Cool oil resistant keyboard with German layout is seen from the top\"},{\"@type\":\"BreadcrumbList\",\"@id\":\"https:\/\/eu.man-machine.com\/de\/produkt\/really-ocool-schwarz\/#breadcrumb\",\"itemListElement\":[{\"@type\":\"ListItem\",\"position\":1,\"name\":\"Home\",\"item\":\"https:\/\/eu.man-machine.com\/de\/\"},{\"@type\":\"ListItem\",\"position\":2,\"name\":\"Katalog\",\"item\":\"https:\/\/eu.man-machine.com\/catalogue\/\"},{\"@type\":\"ListItem\",\"position\":3,\"name\":\"Tastaturen\",\"item\":\"https:\/\/eu.man-machine.com\/de\/produkt-kategorie\/tastaturen\/\"},{\"@type\":\"ListItem\",\"position\":4,\"name\":\"Really O\u2019Cool &#8211; schwarz\"}]},{\"@type\":\"WebSite\",\"@id\":\"https:\/\/eu.man-machine.com\/de\/#website\",\"url\":\"https:\/\/eu.man-machine.com\/de\/\",\"name\":\"Man & Machine\",\"description\":\"Wasserdichte Tastaturen f\u00fcr medizinische und industrielle Anwendungen\",\"publisher\":{\"@id\":\"https:\/\/eu.man-machine.com\/de\/#organization\"},\"alternateName\":\"Man and Machine\",\"potentialAction\":[{\"@type\":\"SearchAction\",\"target\":{\"@type\":\"EntryPoint\",\"urlTemplate\":\"https:\/\/eu.man-machine.com\/de\/?s={search_term_string}\"},\"query-input\":{\"@type\":\"PropertyValueSpecification\",\"valueRequired\":true,\"valueName\":\"search_term_string\"}}],\"inLanguage\":\"de\"},{\"@type\":\"Organization\",\"@id\":\"https:\/\/eu.man-machine.com\/de\/#organization\",\"name\":\"Man & Machine\",\"alternateName\":\"Man and Machine\",\"url\":\"https:\/\/eu.man-machine.com\/de\/\",\"logo\":{\"@type\":\"ImageObject\",\"inLanguage\":\"de\",\"@id\":\"https:\/\/eu.man-machine.com\/de\/#\/schema\/logo\/image\/\",\"url\":\"https:\/\/eu.man-machine.com\/wp-content\/uploads\/2024\/11\/man-and-machine-logo-svg.svg\",\"contentUrl\":\"https:\/\/eu.man-machine.com\/wp-content\/uploads\/2024\/11\/man-and-machine-logo-svg.svg\",\"width\":293,\"height\":28,\"caption\":\"Man & Machine\"},\"image\":{\"@id\":\"https:\/\/eu.man-machine.com\/de\/#\/schema\/logo\/image\/\"},\"sameAs\":[\"https:\/\/www.facebook.com\/ManAndMachine\/\",\"https:\/\/x.com\/manandmachineco\"]}]}<\/script>\n<!-- \/ Yoast SEO plugin. -->","yoast_head_json":{"title":"Man & Machine Really O\u2019Cool Tastatur (Schwarz)","description":"Die Really O\u2019Cool ist eine vollst\u00e4ndig versiegelte Silikontastatur, best\u00e4ndig gegen \u00d6le und perfekt f\u00fcr den robusten Industrieeinsatz.","robots":{"index":"index","follow":"follow","max-snippet":"max-snippet:-1","max-image-preview":"max-image-preview:large","max-video-preview":"max-video-preview:-1"},"canonical":"https:\/\/eu.man-machine.com\/de\/produkt\/really-ocool-schwarz\/","og_locale":"de_DE","og_type":"article","og_title":"Man & Machine Really O\u2019Cool Tastatur (Schwarz)","og_description":"Die Really O\u2019Cool ist eine vollst\u00e4ndig versiegelte Silikontastatur, best\u00e4ndig gegen \u00d6le und perfekt f\u00fcr den robusten Industrieeinsatz.","og_url":"https:\/\/eu.man-machine.com\/de\/produkt\/really-ocool-schwarz\/","og_site_name":"Man & Machine","article_publisher":"https:\/\/www.facebook.com\/ManAndMachine\/","article_modified_time":"2025-12-04T12:26:03+00:00","og_image":[{"width":2500,"height":1146,"url":"https:\/\/eu.man-machine.com\/wp-content\/uploads\/2024\/11\/ROC_black_US_top-scaled.png","type":"image\/png"}],"twitter_card":"summary_large_image","twitter_site":"@manandmachineco","twitter_misc":{"Gesch\u00e4tzte Lesezeit":"3\u00a0Minuten"},"schema":{"@context":"https:\/\/schema.org","@graph":[{"@type":"WebPage","@id":"https:\/\/eu.man-machine.com\/de\/produkt\/really-ocool-schwarz\/","url":"https:\/\/eu.man-machine.com\/de\/produkt\/really-ocool-schwarz\/","name":"Man & Machine Really O\u2019Cool Tastatur (Schwarz)","isPartOf":{"@id":"https:\/\/eu.man-machine.com\/de\/#website"},"primaryImageOfPage":{"@id":"https:\/\/eu.man-machine.com\/de\/produkt\/really-ocool-schwarz\/#primaryimage"},"image":{"@id":"https:\/\/eu.man-machine.com\/de\/produkt\/really-ocool-schwarz\/#primaryimage"},"thumbnailUrl":"https:\/\/eu.man-machine.com\/wp-content\/uploads\/2024\/11\/ROC_black_US_top-scaled.png","datePublished":"2024-11-24T17:25:28+00:00","dateModified":"2025-12-04T12:26:03+00:00","description":"Die Really O\u2019Cool ist eine vollst\u00e4ndig versiegelte Silikontastatur, best\u00e4ndig gegen \u00d6le und perfekt f\u00fcr den robusten Industrieeinsatz.","breadcrumb":{"@id":"https:\/\/eu.man-machine.com\/de\/produkt\/really-ocool-schwarz\/#breadcrumb"},"inLanguage":"de","potentialAction":[{"@type":"ReadAction","target":["https:\/\/eu.man-machine.com\/de\/produkt\/really-ocool-schwarz\/"]}]},{"@type":"ImageObject","inLanguage":"de","@id":"https:\/\/eu.man-machine.com\/de\/produkt\/really-ocool-schwarz\/#primaryimage","url":"https:\/\/eu.man-machine.com\/wp-content\/uploads\/2024\/11\/ROC_black_US_top-scaled.png","contentUrl":"https:\/\/eu.man-machine.com\/wp-content\/uploads\/2024\/11\/ROC_black_US_top-scaled.png","width":2500,"height":1146,"caption":"A black Man & Machine Really O'Cool oil resistant keyboard with German layout is seen from the top"},{"@type":"BreadcrumbList","@id":"https:\/\/eu.man-machine.com\/de\/produkt\/really-ocool-schwarz\/#breadcrumb","itemListElement":[{"@type":"ListItem","position":1,"name":"Home","item":"https:\/\/eu.man-machine.com\/de\/"},{"@type":"ListItem","position":2,"name":"Katalog","item":"https:\/\/eu.man-machine.com\/catalogue\/"},{"@type":"ListItem","position":3,"name":"Tastaturen","item":"https:\/\/eu.man-machine.com\/de\/produkt-kategorie\/tastaturen\/"},{"@type":"ListItem","position":4,"name":"Really O\u2019Cool &#8211; schwarz"}]},{"@type":"WebSite","@id":"https:\/\/eu.man-machine.com\/de\/#website","url":"https:\/\/eu.man-machine.com\/de\/","name":"Man & Machine","description":"Wasserdichte Tastaturen f\u00fcr medizinische und industrielle Anwendungen","publisher":{"@id":"https:\/\/eu.man-machine.com\/de\/#organization"},"alternateName":"Man and Machine","potentialAction":[{"@type":"SearchAction","target":{"@type":"EntryPoint","urlTemplate":"https:\/\/eu.man-machine.com\/de\/?s={search_term_string}"},"query-input":{"@type":"PropertyValueSpecification","valueRequired":true,"valueName":"search_term_string"}}],"inLanguage":"de"},{"@type":"Organization","@id":"https:\/\/eu.man-machine.com\/de\/#organization","name":"Man & Machine","alternateName":"Man and Machine","url":"https:\/\/eu.man-machine.com\/de\/","logo":{"@type":"ImageObject","inLanguage":"de","@id":"https:\/\/eu.man-machine.com\/de\/#\/schema\/logo\/image\/","url":"https:\/\/eu.man-machine.com\/wp-content\/uploads\/2024\/11\/man-and-machine-logo-svg.svg","contentUrl":"https:\/\/eu.man-machine.com\/wp-content\/uploads\/2024\/11\/man-and-machine-logo-svg.svg","width":293,"height":28,"caption":"Man & Machine"},"image":{"@id":"https:\/\/eu.man-machine.com\/de\/#\/schema\/logo\/image\/"},"sameAs":["https:\/\/www.facebook.com\/ManAndMachine\/","https:\/\/x.com\/manandmachineco"]}]}},"_links":{"self":[{"href":"https:\/\/eu.man-machine.com\/de\/wp-json\/wp\/v2\/product\/8380","targetHints":{"allow":["GET"]}}],"collection":[{"href":"https:\/\/eu.man-machine.com\/de\/wp-json\/wp\/v2\/product"}],"about":[{"href":"https:\/\/eu.man-machine.com\/de\/wp-json\/wp\/v2\/types\/product"}],"wp:featuredmedia":[{"embeddable":true,"href":"https:\/\/eu.man-machine.com\/de\/wp-json\/wp\/v2\/media\/6768"}],"wp:attachment":[{"href":"https:\/\/eu.man-machine.com\/de\/wp-json\/wp\/v2\/media?parent=8380"}],"wp:term":[{"taxonomy":"product_brand","embeddable":true,"href":"https:\/\/eu.man-machine.com\/de\/wp-json\/wp\/v2\/product_brand?post=8380"},{"taxonomy":"product_cat","embeddable":true,"href":"https:\/\/eu.man-machine.com\/de\/wp-json\/wp\/v2\/product_cat?post=8380"},{"taxonomy":"product_tag","embeddable":true,"href":"https:\/\/eu.man-machine.com\/de\/wp-json\/wp\/v2\/product_tag?post=8380"}],"curies":[{"name":"wp","href":"https:\/\/api.w.org\/{rel}","templated":true}]}}