{"id":8390,"date":"2024-11-22T12:55:08","date_gmt":"2024-11-22T11:55:08","guid":{"rendered":"https:\/\/eu.man-machine.com\/product\/its-cool-flat-wireless-weiss\/"},"modified":"2026-01-09T12:56:31","modified_gmt":"2026-01-09T11:56:31","slug":"its-cool-flat-wireless-weiss","status":"publish","type":"product","link":"https:\/\/eu.man-machine.com\/de\/produkt\/its-cool-flat-wireless-weiss\/","title":{"rendered":"Its Cool Flat Wireless &#8211; wei\u00df"},"content":{"rendered":"<p>Die kabellose Tastatur Its Cool Flat ist unsere medizinische Funktastatur. Die Wirelessverbindung erfolgt \u00fcber Bluetooth oder \u00fcber 2,4 GHz mit einem mitgelieferten Dongle.<\/p>\n<p>Die Tastatur verf\u00fcgt \u00fcber eine flache Oberfl\u00e4che f\u00fcr eine ultraschnelle Desinfektion und bietet die Geschwindigkeit und Haptik einer Standard-B\u00fcrotastatur. Der austauschbare \u00dcberzug kann f\u00fcr eine bessere Keimreduktion im Autoklav sterilisiert werden.<\/p>\n<p>Die kompakte Tastatur passt in jede Tastaturablage und ist somit die ideale L\u00f6sung f\u00fcr Wandhalterungen und Computerwagen.<br \/>\nDie Its Cool Flat entspricht der Schutzart IP65. Die Tastatur verwendet einen Akku, der \u00fcber ein USB Ladeger\u00e4t aufgeladen wird.<\/p>\n<h6>Kommunikationsspezifikationen<\/h6>\n<p>Um St\u00f6rungen mit anderen drahtlosen Ger\u00e4ten zu vermeiden, arbeitet die Its Cool Wireless-Tastatur \u00fcber 16 Kan\u00e4le im 2,4-GHz-RF-Band und 40 Kan\u00e4le f\u00fcr die Bluetooth\u2122-Kommunikation. Sie verwendet <a href=\"https:\/\/eu.man-machine.com\/wp-content\/uploads\/2025\/07\/Its-Cool-Flat-Wireless-Communication-Frequencies-DE.pdf\">Frequenzsprungverfahren<\/a>, um dynamisch zwischen verf\u00fcgbaren Kan\u00e4len zu wechseln. Wenn auf einem Kanal eine St\u00f6rung erkannt wird, wechselt die Tastatur automatisch zu einem st\u00f6rungsfreien Kanal, um eine stabile Verbindung aufrechtzuerhalten.<\/p>\n","protected":false},"excerpt":{"rendered":"<p>Die kabellose Tastatur Its Cool Flat ist unsere medizinische Funktastatur. Die Wirelessverbindung erfolgt \u00fcber Bluetooth oder \u00fcber 2,4 GHz mit einem mitgelieferten Dongle. Die Tastatur verf\u00fcgt \u00fcber eine flache Oberfl\u00e4che&#8230;<\/p>\n","protected":false},"featured_media":6559,"template":"","meta":{"_acf_changed":false,"_glsr_average":0,"_glsr_ranking":0,"_glsr_reviews":0},"product_brand":[],"product_cat":[678,1042,1044,1078,1087,1046,1047,1048],"product_tag":[],"class_list":{"0":"post-8390","1":"product","2":"type-product","3":"status-publish","4":"has-post-thumbnail","6":"product_cat-tastaturen","7":"product_cat-medizinische-tastaturen","8":"product_cat-abwaschbare-tastaturen","9":"product_cat-antibakterielle-tastaturen","10":"product_cat-antimikrobielle-tastaturen","11":"product_cat-tastaturen-fuer-zahnarztpraxen","12":"product_cat-tastaturen-fuer-hausarztpraxen","13":"product_cat-tastaturen-fuer-labore","15":"first","16":"instock","17":"shipping-taxable","18":"product-type-variable","19":"has-default-attributes"},"acf":[],"yoast_head":"<!-- This site is optimized with the Yoast SEO plugin v26.9 - https:\/\/yoast.com\/product\/yoast-seo-wordpress\/ -->\n<title>Man &amp; Machine Its Cool Flat Wireless Tastatur (Wei\u00df)<\/title>\n<meta name=\"description\" content=\"Its Cool Flat Wireless kabellose Hygienetastatur IP65 mit Silikon Schutzbezug, schnell desinfizierbar, abwaschbar en ideal f\u00fcr saubere Arbeitspl\u00e4tze.\" \/>\n<meta name=\"robots\" content=\"index, follow, max-snippet:-1, max-image-preview:large, max-video-preview:-1\" \/>\n<link rel=\"canonical\" href=\"https:\/\/eu.man-machine.com\/de\/produkt\/its-cool-flat-wireless-weiss\/\" \/>\n<meta property=\"og:locale\" content=\"de_DE\" \/>\n<meta property=\"og:type\" content=\"article\" \/>\n<meta property=\"og:title\" content=\"Man &amp; Machine Its Cool Flat Wireless Tastatur (Wei\u00df)\" \/>\n<meta property=\"og:description\" content=\"Its Cool Flat Wireless kabellose Hygienetastatur IP65 mit Silikon Schutzbezug, schnell desinfizierbar, abwaschbar en ideal f\u00fcr saubere Arbeitspl\u00e4tze.\" \/>\n<meta property=\"og:url\" content=\"https:\/\/eu.man-machine.com\/de\/produkt\/its-cool-flat-wireless-weiss\/\" \/>\n<meta property=\"og:site_name\" content=\"Man &amp; Machine\" \/>\n<meta property=\"article:publisher\" content=\"https:\/\/www.facebook.com\/ManAndMachine\/\" \/>\n<meta property=\"article:modified_time\" content=\"2026-01-09T11:56:31+00:00\" \/>\n<meta property=\"og:image\" content=\"https:\/\/eu.man-machine.com\/wp-content\/uploads\/2024\/11\/ICF_WI_US_top-1-scaled.png\" \/>\n\t<meta property=\"og:image:width\" content=\"2560\" \/>\n\t<meta property=\"og:image:height\" content=\"1173\" \/>\n\t<meta property=\"og:image:type\" content=\"image\/png\" \/>\n<meta name=\"twitter:card\" content=\"summary_large_image\" \/>\n<meta name=\"twitter:site\" content=\"@manandmachineco\" \/>\n<meta name=\"twitter:label1\" content=\"Gesch\u00e4tzte Lesezeit\" \/>\n\t<meta name=\"twitter:data1\" content=\"3\u00a0Minuten\" \/>\n<script type=\"application\/ld+json\" class=\"yoast-schema-graph\">{\"@context\":\"https:\/\/schema.org\",\"@graph\":[{\"@type\":\"WebPage\",\"@id\":\"https:\/\/eu.man-machine.com\/de\/produkt\/its-cool-flat-wireless-weiss\/\",\"url\":\"https:\/\/eu.man-machine.com\/de\/produkt\/its-cool-flat-wireless-weiss\/\",\"name\":\"Man & Machine Its Cool Flat Wireless Tastatur (Wei\u00df)\",\"isPartOf\":{\"@id\":\"https:\/\/eu.man-machine.com\/de\/#website\"},\"primaryImageOfPage\":{\"@id\":\"https:\/\/eu.man-machine.com\/de\/produkt\/its-cool-flat-wireless-weiss\/#primaryimage\"},\"image\":{\"@id\":\"https:\/\/eu.man-machine.com\/de\/produkt\/its-cool-flat-wireless-weiss\/#primaryimage\"},\"thumbnailUrl\":\"https:\/\/eu.man-machine.com\/wp-content\/uploads\/2024\/11\/ICF_WI_US_top-1-scaled.png\",\"datePublished\":\"2024-11-22T11:55:08+00:00\",\"dateModified\":\"2026-01-09T11:56:31+00:00\",\"description\":\"Its Cool Flat Wireless kabellose Hygienetastatur IP65 mit Silikon Schutzbezug, schnell desinfizierbar, abwaschbar en ideal f\u00fcr saubere Arbeitspl\u00e4tze.\",\"breadcrumb\":{\"@id\":\"https:\/\/eu.man-machine.com\/de\/produkt\/its-cool-flat-wireless-weiss\/#breadcrumb\"},\"inLanguage\":\"de\",\"potentialAction\":[{\"@type\":\"ReadAction\",\"target\":[\"https:\/\/eu.man-machine.com\/de\/produkt\/its-cool-flat-wireless-weiss\/\"]}]},{\"@type\":\"ImageObject\",\"inLanguage\":\"de\",\"@id\":\"https:\/\/eu.man-machine.com\/de\/produkt\/its-cool-flat-wireless-weiss\/#primaryimage\",\"url\":\"https:\/\/eu.man-machine.com\/wp-content\/uploads\/2024\/11\/ICF_WI_US_top-1-scaled.png\",\"contentUrl\":\"https:\/\/eu.man-machine.com\/wp-content\/uploads\/2024\/11\/ICF_WI_US_top-1-scaled.png\",\"width\":2560,\"height\":1173,\"caption\":\"A Man & Machine washable Its Cool Flat Wireless keyboard with US International layout is seen from the top with a 2.4 G\"},{\"@type\":\"BreadcrumbList\",\"@id\":\"https:\/\/eu.man-machine.com\/de\/produkt\/its-cool-flat-wireless-weiss\/#breadcrumb\",\"itemListElement\":[{\"@type\":\"ListItem\",\"position\":1,\"name\":\"Home\",\"item\":\"https:\/\/eu.man-machine.com\/de\/\"},{\"@type\":\"ListItem\",\"position\":2,\"name\":\"Katalog\",\"item\":\"https:\/\/eu.man-machine.com\/catalogue\/\"},{\"@type\":\"ListItem\",\"position\":3,\"name\":\"Tastaturen\",\"item\":\"https:\/\/eu.man-machine.com\/de\/produkt-kategorie\/tastaturen\/\"},{\"@type\":\"ListItem\",\"position\":4,\"name\":\"Medizinische Tastaturen\",\"item\":\"https:\/\/eu.man-machine.com\/de\/produkt-kategorie\/tastaturen\/medizinische-tastaturen\/\"},{\"@type\":\"ListItem\",\"position\":5,\"name\":\"Its Cool Flat Wireless &#8211; wei\u00df\"}]},{\"@type\":\"WebSite\",\"@id\":\"https:\/\/eu.man-machine.com\/de\/#website\",\"url\":\"https:\/\/eu.man-machine.com\/de\/\",\"name\":\"Man & Machine\",\"description\":\"Wasserdichte Tastaturen f\u00fcr medizinische und industrielle Anwendungen\",\"publisher\":{\"@id\":\"https:\/\/eu.man-machine.com\/de\/#organization\"},\"alternateName\":\"Man and Machine\",\"potentialAction\":[{\"@type\":\"SearchAction\",\"target\":{\"@type\":\"EntryPoint\",\"urlTemplate\":\"https:\/\/eu.man-machine.com\/de\/?s={search_term_string}\"},\"query-input\":{\"@type\":\"PropertyValueSpecification\",\"valueRequired\":true,\"valueName\":\"search_term_string\"}}],\"inLanguage\":\"de\"},{\"@type\":\"Organization\",\"@id\":\"https:\/\/eu.man-machine.com\/de\/#organization\",\"name\":\"Man & Machine\",\"alternateName\":\"Man and Machine\",\"url\":\"https:\/\/eu.man-machine.com\/de\/\",\"logo\":{\"@type\":\"ImageObject\",\"inLanguage\":\"de\",\"@id\":\"https:\/\/eu.man-machine.com\/de\/#\/schema\/logo\/image\/\",\"url\":\"https:\/\/eu.man-machine.com\/wp-content\/uploads\/2024\/11\/man-and-machine-logo-svg.svg\",\"contentUrl\":\"https:\/\/eu.man-machine.com\/wp-content\/uploads\/2024\/11\/man-and-machine-logo-svg.svg\",\"width\":293,\"height\":28,\"caption\":\"Man & Machine\"},\"image\":{\"@id\":\"https:\/\/eu.man-machine.com\/de\/#\/schema\/logo\/image\/\"},\"sameAs\":[\"https:\/\/www.facebook.com\/ManAndMachine\/\",\"https:\/\/x.com\/manandmachineco\"]}]}<\/script>\n<!-- \/ Yoast SEO plugin. -->","yoast_head_json":{"title":"Man & Machine Its Cool Flat Wireless Tastatur (Wei\u00df)","description":"Its Cool Flat Wireless kabellose Hygienetastatur IP65 mit Silikon Schutzbezug, schnell desinfizierbar, abwaschbar en ideal f\u00fcr saubere Arbeitspl\u00e4tze.","robots":{"index":"index","follow":"follow","max-snippet":"max-snippet:-1","max-image-preview":"max-image-preview:large","max-video-preview":"max-video-preview:-1"},"canonical":"https:\/\/eu.man-machine.com\/de\/produkt\/its-cool-flat-wireless-weiss\/","og_locale":"de_DE","og_type":"article","og_title":"Man & Machine Its Cool Flat Wireless Tastatur (Wei\u00df)","og_description":"Its Cool Flat Wireless kabellose Hygienetastatur IP65 mit Silikon Schutzbezug, schnell desinfizierbar, abwaschbar en ideal f\u00fcr saubere Arbeitspl\u00e4tze.","og_url":"https:\/\/eu.man-machine.com\/de\/produkt\/its-cool-flat-wireless-weiss\/","og_site_name":"Man & Machine","article_publisher":"https:\/\/www.facebook.com\/ManAndMachine\/","article_modified_time":"2026-01-09T11:56:31+00:00","og_image":[{"width":2560,"height":1173,"url":"https:\/\/eu.man-machine.com\/wp-content\/uploads\/2024\/11\/ICF_WI_US_top-1-scaled.png","type":"image\/png"}],"twitter_card":"summary_large_image","twitter_site":"@manandmachineco","twitter_misc":{"Gesch\u00e4tzte Lesezeit":"3\u00a0Minuten"},"schema":{"@context":"https:\/\/schema.org","@graph":[{"@type":"WebPage","@id":"https:\/\/eu.man-machine.com\/de\/produkt\/its-cool-flat-wireless-weiss\/","url":"https:\/\/eu.man-machine.com\/de\/produkt\/its-cool-flat-wireless-weiss\/","name":"Man & Machine Its Cool Flat Wireless Tastatur (Wei\u00df)","isPartOf":{"@id":"https:\/\/eu.man-machine.com\/de\/#website"},"primaryImageOfPage":{"@id":"https:\/\/eu.man-machine.com\/de\/produkt\/its-cool-flat-wireless-weiss\/#primaryimage"},"image":{"@id":"https:\/\/eu.man-machine.com\/de\/produkt\/its-cool-flat-wireless-weiss\/#primaryimage"},"thumbnailUrl":"https:\/\/eu.man-machine.com\/wp-content\/uploads\/2024\/11\/ICF_WI_US_top-1-scaled.png","datePublished":"2024-11-22T11:55:08+00:00","dateModified":"2026-01-09T11:56:31+00:00","description":"Its Cool Flat Wireless kabellose Hygienetastatur IP65 mit Silikon Schutzbezug, schnell desinfizierbar, abwaschbar en ideal f\u00fcr saubere Arbeitspl\u00e4tze.","breadcrumb":{"@id":"https:\/\/eu.man-machine.com\/de\/produkt\/its-cool-flat-wireless-weiss\/#breadcrumb"},"inLanguage":"de","potentialAction":[{"@type":"ReadAction","target":["https:\/\/eu.man-machine.com\/de\/produkt\/its-cool-flat-wireless-weiss\/"]}]},{"@type":"ImageObject","inLanguage":"de","@id":"https:\/\/eu.man-machine.com\/de\/produkt\/its-cool-flat-wireless-weiss\/#primaryimage","url":"https:\/\/eu.man-machine.com\/wp-content\/uploads\/2024\/11\/ICF_WI_US_top-1-scaled.png","contentUrl":"https:\/\/eu.man-machine.com\/wp-content\/uploads\/2024\/11\/ICF_WI_US_top-1-scaled.png","width":2560,"height":1173,"caption":"A Man & Machine washable Its Cool Flat Wireless keyboard with US International layout is seen from the top with a 2.4 G"},{"@type":"BreadcrumbList","@id":"https:\/\/eu.man-machine.com\/de\/produkt\/its-cool-flat-wireless-weiss\/#breadcrumb","itemListElement":[{"@type":"ListItem","position":1,"name":"Home","item":"https:\/\/eu.man-machine.com\/de\/"},{"@type":"ListItem","position":2,"name":"Katalog","item":"https:\/\/eu.man-machine.com\/catalogue\/"},{"@type":"ListItem","position":3,"name":"Tastaturen","item":"https:\/\/eu.man-machine.com\/de\/produkt-kategorie\/tastaturen\/"},{"@type":"ListItem","position":4,"name":"Medizinische Tastaturen","item":"https:\/\/eu.man-machine.com\/de\/produkt-kategorie\/tastaturen\/medizinische-tastaturen\/"},{"@type":"ListItem","position":5,"name":"Its Cool Flat Wireless &#8211; wei\u00df"}]},{"@type":"WebSite","@id":"https:\/\/eu.man-machine.com\/de\/#website","url":"https:\/\/eu.man-machine.com\/de\/","name":"Man & Machine","description":"Wasserdichte Tastaturen f\u00fcr medizinische und industrielle Anwendungen","publisher":{"@id":"https:\/\/eu.man-machine.com\/de\/#organization"},"alternateName":"Man and Machine","potentialAction":[{"@type":"SearchAction","target":{"@type":"EntryPoint","urlTemplate":"https:\/\/eu.man-machine.com\/de\/?s={search_term_string}"},"query-input":{"@type":"PropertyValueSpecification","valueRequired":true,"valueName":"search_term_string"}}],"inLanguage":"de"},{"@type":"Organization","@id":"https:\/\/eu.man-machine.com\/de\/#organization","name":"Man & Machine","alternateName":"Man and Machine","url":"https:\/\/eu.man-machine.com\/de\/","logo":{"@type":"ImageObject","inLanguage":"de","@id":"https:\/\/eu.man-machine.com\/de\/#\/schema\/logo\/image\/","url":"https:\/\/eu.man-machine.com\/wp-content\/uploads\/2024\/11\/man-and-machine-logo-svg.svg","contentUrl":"https:\/\/eu.man-machine.com\/wp-content\/uploads\/2024\/11\/man-and-machine-logo-svg.svg","width":293,"height":28,"caption":"Man & Machine"},"image":{"@id":"https:\/\/eu.man-machine.com\/de\/#\/schema\/logo\/image\/"},"sameAs":["https:\/\/www.facebook.com\/ManAndMachine\/","https:\/\/x.com\/manandmachineco"]}]}},"_links":{"self":[{"href":"https:\/\/eu.man-machine.com\/de\/wp-json\/wp\/v2\/product\/8390","targetHints":{"allow":["GET"]}}],"collection":[{"href":"https:\/\/eu.man-machine.com\/de\/wp-json\/wp\/v2\/product"}],"about":[{"href":"https:\/\/eu.man-machine.com\/de\/wp-json\/wp\/v2\/types\/product"}],"wp:featuredmedia":[{"embeddable":true,"href":"https:\/\/eu.man-machine.com\/de\/wp-json\/wp\/v2\/media\/6559"}],"wp:attachment":[{"href":"https:\/\/eu.man-machine.com\/de\/wp-json\/wp\/v2\/media?parent=8390"}],"wp:term":[{"taxonomy":"product_brand","embeddable":true,"href":"https:\/\/eu.man-machine.com\/de\/wp-json\/wp\/v2\/product_brand?post=8390"},{"taxonomy":"product_cat","embeddable":true,"href":"https:\/\/eu.man-machine.com\/de\/wp-json\/wp\/v2\/product_cat?post=8390"},{"taxonomy":"product_tag","embeddable":true,"href":"https:\/\/eu.man-machine.com\/de\/wp-json\/wp\/v2\/product_tag?post=8390"}],"curies":[{"name":"wp","href":"https:\/\/api.w.org\/{rel}","templated":true}]}}