{"id":8394,"date":"2024-11-21T16:31:33","date_gmt":"2024-11-21T15:31:33","guid":{"rendered":"https:\/\/eu.man-machine.com\/product\/its-cool-flat-weiss\/"},"modified":"2026-03-19T14:53:24","modified_gmt":"2026-03-19T13:53:24","slug":"its-cool-flat-weiss","status":"publish","type":"product","link":"https:\/\/eu.man-machine.com\/de\/produkt\/its-cool-flat-weiss\/","title":{"rendered":"Its Cool Flat &#8211; wei\u00df"},"content":{"rendered":"<p>Die Its Cool Flat Tastatur bietet alle Eigenschaften einer medizinischen Tastatur mit der Geschwindigkeit und Haptik einer Standard B\u00fcrotastatur.<\/p>\n<p>Die flache Oberfl\u00e4che ist ideal f\u00fcr eine ultraschnelle Desinfektion. Die Its Cool Flat kombiniert eine abwaschbare Tastatur mit einer abnehmbaren Silikon Schutzbezug. Der Schutzbezug l\u00e4sst sich leicht vom Ger\u00e4t abziehen und im Autoklav sterilisieren.<\/p>\n<p>Die kompakte Tastatur passt in jede Tastaturablage und ist somit die ideale L\u00f6sung f\u00fcr Wandhalterungen und Computerwagen. Die Its Cool Flat entspricht der Schutzart IP68.<\/p>\n","protected":false},"excerpt":{"rendered":"<p>Die Its Cool Flat Tastatur bietet alle Eigenschaften einer medizinischen Tastatur mit der Geschwindigkeit und Haptik einer Standard B\u00fcrotastatur. Die flache Oberfl\u00e4che ist ideal f\u00fcr eine ultraschnelle Desinfektion. Die Its&#8230;<\/p>\n","protected":false},"featured_media":6372,"template":"","meta":{"_acf_changed":false,"_glsr_average":0,"_glsr_ranking":0,"_glsr_reviews":0},"product_brand":[],"product_cat":[678,1042,1044,1078,1087,1045,1046,1047,1048],"product_tag":[],"class_list":{"0":"post-8394","1":"product","2":"type-product","3":"status-publish","4":"has-post-thumbnail","6":"product_cat-tastaturen","7":"product_cat-medizinische-tastaturen","8":"product_cat-abwaschbare-tastaturen","9":"product_cat-antibakterielle-tastaturen","10":"product_cat-antimikrobielle-tastaturen","11":"product_cat-tastaturen-fuer-krankenhaeuser","12":"product_cat-tastaturen-fuer-zahnarztpraxen","13":"product_cat-tastaturen-fuer-hausarztpraxen","14":"product_cat-tastaturen-fuer-labore","16":"first","17":"instock","18":"shipping-taxable","19":"product-type-variable","20":"has-default-attributes"},"acf":[],"yoast_head":"<!-- This site is optimized with the Yoast SEO plugin v26.9 - https:\/\/yoast.com\/product\/yoast-seo-wordpress\/ -->\n<title>Man &amp; Machine Its Cool Flat Tastatur (Wei\u00df)<\/title>\n<meta name=\"description\" content=\"Die Its Cool Flat ist eine IP68 Hygienetastatur mit Silikon Schutzbezug, abwaschbar und abwischbar, ideal f\u00fcr die schnelle Desinfektion.\" \/>\n<meta name=\"robots\" content=\"index, follow, max-snippet:-1, max-image-preview:large, max-video-preview:-1\" \/>\n<link rel=\"canonical\" href=\"https:\/\/eu.man-machine.com\/de\/produkt\/its-cool-flat-weiss\/\" \/>\n<meta property=\"og:locale\" content=\"de_DE\" \/>\n<meta property=\"og:type\" content=\"article\" \/>\n<meta property=\"og:title\" content=\"Man &amp; Machine Its Cool Flat Tastatur (Wei\u00df)\" \/>\n<meta property=\"og:description\" content=\"Die Its Cool Flat ist eine IP68 Hygienetastatur mit Silikon Schutzbezug, abwaschbar und abwischbar, ideal f\u00fcr die schnelle Desinfektion.\" \/>\n<meta property=\"og:url\" content=\"https:\/\/eu.man-machine.com\/de\/produkt\/its-cool-flat-weiss\/\" \/>\n<meta property=\"og:site_name\" content=\"Man &amp; Machine\" \/>\n<meta property=\"article:publisher\" content=\"https:\/\/www.facebook.com\/ManAndMachine\/\" \/>\n<meta property=\"article:modified_time\" content=\"2026-03-19T13:53:24+00:00\" \/>\n<meta property=\"og:image\" content=\"https:\/\/eu.man-machine.com\/wp-content\/uploads\/2024\/11\/ICF_white-US_front.png\" \/>\n\t<meta property=\"og:image:width\" content=\"2500\" \/>\n\t<meta property=\"og:image:height\" content=\"1013\" \/>\n\t<meta property=\"og:image:type\" content=\"image\/png\" \/>\n<meta name=\"twitter:card\" content=\"summary_large_image\" \/>\n<meta name=\"twitter:site\" content=\"@manandmachineco\" \/>\n<meta name=\"twitter:label1\" content=\"Gesch\u00e4tzte Lesezeit\" \/>\n\t<meta name=\"twitter:data1\" content=\"3\u00a0Minuten\" \/>\n<script type=\"application\/ld+json\" class=\"yoast-schema-graph\">{\"@context\":\"https:\/\/schema.org\",\"@graph\":[{\"@type\":\"WebPage\",\"@id\":\"https:\/\/eu.man-machine.com\/de\/produkt\/its-cool-flat-weiss\/\",\"url\":\"https:\/\/eu.man-machine.com\/de\/produkt\/its-cool-flat-weiss\/\",\"name\":\"Man & Machine Its Cool Flat Tastatur (Wei\u00df)\",\"isPartOf\":{\"@id\":\"https:\/\/eu.man-machine.com\/de\/#website\"},\"primaryImageOfPage\":{\"@id\":\"https:\/\/eu.man-machine.com\/de\/produkt\/its-cool-flat-weiss\/#primaryimage\"},\"image\":{\"@id\":\"https:\/\/eu.man-machine.com\/de\/produkt\/its-cool-flat-weiss\/#primaryimage\"},\"thumbnailUrl\":\"https:\/\/eu.man-machine.com\/wp-content\/uploads\/2024\/11\/ICF_white-US_front.png\",\"datePublished\":\"2024-11-21T15:31:33+00:00\",\"dateModified\":\"2026-03-19T13:53:24+00:00\",\"description\":\"Die Its Cool Flat ist eine IP68 Hygienetastatur mit Silikon Schutzbezug, abwaschbar und abwischbar, ideal f\u00fcr die schnelle Desinfektion.\",\"breadcrumb\":{\"@id\":\"https:\/\/eu.man-machine.com\/de\/produkt\/its-cool-flat-weiss\/#breadcrumb\"},\"inLanguage\":\"de\",\"potentialAction\":[{\"@type\":\"ReadAction\",\"target\":[\"https:\/\/eu.man-machine.com\/de\/produkt\/its-cool-flat-weiss\/\"]}]},{\"@type\":\"ImageObject\",\"inLanguage\":\"de\",\"@id\":\"https:\/\/eu.man-machine.com\/de\/produkt\/its-cool-flat-weiss\/#primaryimage\",\"url\":\"https:\/\/eu.man-machine.com\/wp-content\/uploads\/2024\/11\/ICF_white-US_front.png\",\"contentUrl\":\"https:\/\/eu.man-machine.com\/wp-content\/uploads\/2024\/11\/ICF_white-US_front.png\",\"width\":2500,\"height\":1013,\"caption\":\"Man & Machine white Its Cool Flat keyboard with easily detachable, reusable and sterilisable fitted drape with US layout \u2013 ideal for medical and industrial environments\"},{\"@type\":\"BreadcrumbList\",\"@id\":\"https:\/\/eu.man-machine.com\/de\/produkt\/its-cool-flat-weiss\/#breadcrumb\",\"itemListElement\":[{\"@type\":\"ListItem\",\"position\":1,\"name\":\"Home\",\"item\":\"https:\/\/eu.man-machine.com\/de\/\"},{\"@type\":\"ListItem\",\"position\":2,\"name\":\"Katalog\",\"item\":\"https:\/\/eu.man-machine.com\/catalogue\/\"},{\"@type\":\"ListItem\",\"position\":3,\"name\":\"Tastaturen\",\"item\":\"https:\/\/eu.man-machine.com\/de\/produkt-kategorie\/tastaturen\/\"},{\"@type\":\"ListItem\",\"position\":4,\"name\":\"Its Cool Flat &#8211; wei\u00df\"}]},{\"@type\":\"WebSite\",\"@id\":\"https:\/\/eu.man-machine.com\/de\/#website\",\"url\":\"https:\/\/eu.man-machine.com\/de\/\",\"name\":\"Man & Machine\",\"description\":\"Wasserdichte Tastaturen f\u00fcr medizinische und industrielle Anwendungen\",\"publisher\":{\"@id\":\"https:\/\/eu.man-machine.com\/de\/#organization\"},\"alternateName\":\"Man and Machine\",\"potentialAction\":[{\"@type\":\"SearchAction\",\"target\":{\"@type\":\"EntryPoint\",\"urlTemplate\":\"https:\/\/eu.man-machine.com\/de\/?s={search_term_string}\"},\"query-input\":{\"@type\":\"PropertyValueSpecification\",\"valueRequired\":true,\"valueName\":\"search_term_string\"}}],\"inLanguage\":\"de\"},{\"@type\":\"Organization\",\"@id\":\"https:\/\/eu.man-machine.com\/de\/#organization\",\"name\":\"Man & Machine\",\"alternateName\":\"Man and Machine\",\"url\":\"https:\/\/eu.man-machine.com\/de\/\",\"logo\":{\"@type\":\"ImageObject\",\"inLanguage\":\"de\",\"@id\":\"https:\/\/eu.man-machine.com\/de\/#\/schema\/logo\/image\/\",\"url\":\"https:\/\/eu.man-machine.com\/wp-content\/uploads\/2024\/11\/man-and-machine-logo-svg.svg\",\"contentUrl\":\"https:\/\/eu.man-machine.com\/wp-content\/uploads\/2024\/11\/man-and-machine-logo-svg.svg\",\"width\":293,\"height\":28,\"caption\":\"Man & Machine\"},\"image\":{\"@id\":\"https:\/\/eu.man-machine.com\/de\/#\/schema\/logo\/image\/\"},\"sameAs\":[\"https:\/\/www.facebook.com\/ManAndMachine\/\",\"https:\/\/x.com\/manandmachineco\"]}]}<\/script>\n<!-- \/ Yoast SEO plugin. -->","yoast_head_json":{"title":"Man & Machine Its Cool Flat Tastatur (Wei\u00df)","description":"Die Its Cool Flat ist eine IP68 Hygienetastatur mit Silikon Schutzbezug, abwaschbar und abwischbar, ideal f\u00fcr die schnelle Desinfektion.","robots":{"index":"index","follow":"follow","max-snippet":"max-snippet:-1","max-image-preview":"max-image-preview:large","max-video-preview":"max-video-preview:-1"},"canonical":"https:\/\/eu.man-machine.com\/de\/produkt\/its-cool-flat-weiss\/","og_locale":"de_DE","og_type":"article","og_title":"Man & Machine Its Cool Flat Tastatur (Wei\u00df)","og_description":"Die Its Cool Flat ist eine IP68 Hygienetastatur mit Silikon Schutzbezug, abwaschbar und abwischbar, ideal f\u00fcr die schnelle Desinfektion.","og_url":"https:\/\/eu.man-machine.com\/de\/produkt\/its-cool-flat-weiss\/","og_site_name":"Man & Machine","article_publisher":"https:\/\/www.facebook.com\/ManAndMachine\/","article_modified_time":"2026-03-19T13:53:24+00:00","og_image":[{"width":2500,"height":1013,"url":"https:\/\/eu.man-machine.com\/wp-content\/uploads\/2024\/11\/ICF_white-US_front.png","type":"image\/png"}],"twitter_card":"summary_large_image","twitter_site":"@manandmachineco","twitter_misc":{"Gesch\u00e4tzte Lesezeit":"3\u00a0Minuten"},"schema":{"@context":"https:\/\/schema.org","@graph":[{"@type":"WebPage","@id":"https:\/\/eu.man-machine.com\/de\/produkt\/its-cool-flat-weiss\/","url":"https:\/\/eu.man-machine.com\/de\/produkt\/its-cool-flat-weiss\/","name":"Man & Machine Its Cool Flat Tastatur (Wei\u00df)","isPartOf":{"@id":"https:\/\/eu.man-machine.com\/de\/#website"},"primaryImageOfPage":{"@id":"https:\/\/eu.man-machine.com\/de\/produkt\/its-cool-flat-weiss\/#primaryimage"},"image":{"@id":"https:\/\/eu.man-machine.com\/de\/produkt\/its-cool-flat-weiss\/#primaryimage"},"thumbnailUrl":"https:\/\/eu.man-machine.com\/wp-content\/uploads\/2024\/11\/ICF_white-US_front.png","datePublished":"2024-11-21T15:31:33+00:00","dateModified":"2026-03-19T13:53:24+00:00","description":"Die Its Cool Flat ist eine IP68 Hygienetastatur mit Silikon Schutzbezug, abwaschbar und abwischbar, ideal f\u00fcr die schnelle Desinfektion.","breadcrumb":{"@id":"https:\/\/eu.man-machine.com\/de\/produkt\/its-cool-flat-weiss\/#breadcrumb"},"inLanguage":"de","potentialAction":[{"@type":"ReadAction","target":["https:\/\/eu.man-machine.com\/de\/produkt\/its-cool-flat-weiss\/"]}]},{"@type":"ImageObject","inLanguage":"de","@id":"https:\/\/eu.man-machine.com\/de\/produkt\/its-cool-flat-weiss\/#primaryimage","url":"https:\/\/eu.man-machine.com\/wp-content\/uploads\/2024\/11\/ICF_white-US_front.png","contentUrl":"https:\/\/eu.man-machine.com\/wp-content\/uploads\/2024\/11\/ICF_white-US_front.png","width":2500,"height":1013,"caption":"Man & Machine white Its Cool Flat keyboard with easily detachable, reusable and sterilisable fitted drape with US layout \u2013 ideal for medical and industrial environments"},{"@type":"BreadcrumbList","@id":"https:\/\/eu.man-machine.com\/de\/produkt\/its-cool-flat-weiss\/#breadcrumb","itemListElement":[{"@type":"ListItem","position":1,"name":"Home","item":"https:\/\/eu.man-machine.com\/de\/"},{"@type":"ListItem","position":2,"name":"Katalog","item":"https:\/\/eu.man-machine.com\/catalogue\/"},{"@type":"ListItem","position":3,"name":"Tastaturen","item":"https:\/\/eu.man-machine.com\/de\/produkt-kategorie\/tastaturen\/"},{"@type":"ListItem","position":4,"name":"Its Cool Flat &#8211; wei\u00df"}]},{"@type":"WebSite","@id":"https:\/\/eu.man-machine.com\/de\/#website","url":"https:\/\/eu.man-machine.com\/de\/","name":"Man & Machine","description":"Wasserdichte Tastaturen f\u00fcr medizinische und industrielle Anwendungen","publisher":{"@id":"https:\/\/eu.man-machine.com\/de\/#organization"},"alternateName":"Man and Machine","potentialAction":[{"@type":"SearchAction","target":{"@type":"EntryPoint","urlTemplate":"https:\/\/eu.man-machine.com\/de\/?s={search_term_string}"},"query-input":{"@type":"PropertyValueSpecification","valueRequired":true,"valueName":"search_term_string"}}],"inLanguage":"de"},{"@type":"Organization","@id":"https:\/\/eu.man-machine.com\/de\/#organization","name":"Man & Machine","alternateName":"Man and Machine","url":"https:\/\/eu.man-machine.com\/de\/","logo":{"@type":"ImageObject","inLanguage":"de","@id":"https:\/\/eu.man-machine.com\/de\/#\/schema\/logo\/image\/","url":"https:\/\/eu.man-machine.com\/wp-content\/uploads\/2024\/11\/man-and-machine-logo-svg.svg","contentUrl":"https:\/\/eu.man-machine.com\/wp-content\/uploads\/2024\/11\/man-and-machine-logo-svg.svg","width":293,"height":28,"caption":"Man & Machine"},"image":{"@id":"https:\/\/eu.man-machine.com\/de\/#\/schema\/logo\/image\/"},"sameAs":["https:\/\/www.facebook.com\/ManAndMachine\/","https:\/\/x.com\/manandmachineco"]}]}},"_links":{"self":[{"href":"https:\/\/eu.man-machine.com\/de\/wp-json\/wp\/v2\/product\/8394","targetHints":{"allow":["GET"]}}],"collection":[{"href":"https:\/\/eu.man-machine.com\/de\/wp-json\/wp\/v2\/product"}],"about":[{"href":"https:\/\/eu.man-machine.com\/de\/wp-json\/wp\/v2\/types\/product"}],"wp:featuredmedia":[{"embeddable":true,"href":"https:\/\/eu.man-machine.com\/de\/wp-json\/wp\/v2\/media\/6372"}],"wp:attachment":[{"href":"https:\/\/eu.man-machine.com\/de\/wp-json\/wp\/v2\/media?parent=8394"}],"wp:term":[{"taxonomy":"product_brand","embeddable":true,"href":"https:\/\/eu.man-machine.com\/de\/wp-json\/wp\/v2\/product_brand?post=8394"},{"taxonomy":"product_cat","embeddable":true,"href":"https:\/\/eu.man-machine.com\/de\/wp-json\/wp\/v2\/product_cat?post=8394"},{"taxonomy":"product_tag","embeddable":true,"href":"https:\/\/eu.man-machine.com\/de\/wp-json\/wp\/v2\/product_tag?post=8394"}],"curies":[{"name":"wp","href":"https:\/\/api.w.org\/{rel}","templated":true}]}}