{"id":8404,"date":"2024-11-20T11:32:18","date_gmt":"2024-11-20T10:32:18","guid":{"rendered":"https:\/\/eu.man-machine.com\/product\/mighty-omouse-schwarz\/"},"modified":"2025-12-04T13:59:30","modified_gmt":"2025-12-04T12:59:30","slug":"mighty-omouse-schwarz","status":"publish","type":"product","link":"https:\/\/eu.man-machine.com\/de\/produkt\/mighty-omouse-schwarz\/","title":{"rendered":"Mighty O\u2019Mouse &#8211; schwarz"},"content":{"rendered":"<p>Das Besondere an der Mighty O &#8218;Mouse ist ihre Best\u00e4ndigkeit gegen \u00f6lhaltige Fl\u00fcssigkeiten. In industriellen Umgebungen, in denen die Exposition gegen\u00fcber \u00f6lhaltigen Chemikalien ber\u00fccksichtigt werden muss, ist dies h\u00e4ufig die einzige Maus, die \u00fcberlebt.<\/p>\n<p>Wir bauen dieses hochwertige Produkt in den USA. Es ist mit einer IP68 Zertifizierung versehen. Diese strapazierf\u00e4hige Maus ist sto\u00dffest und robust gebaut und bietet einen sicheren Griff, der sie besonders benutzerfreundlich macht.<\/p>\n<p>Sie k\u00f6nnen diese robuste und benutzerfreundliche Maus bedenkenlos mit Wasser und Seife reinigen. Bitte beachten Sie, dass die Reinigung aufgrund der besonderen Verwendung \u00f6lbest\u00e4ndiger Materialien nur mit Wasser und Seife und nicht mit einem Desinfektionsmittel erfolgen kann.<\/p>\n<p>Die Mighty Mouse ist eine optische Maus mit 5 Tasten zum Scrollen und Klicken.<\/p>\n","protected":false},"excerpt":{"rendered":"<p>Das Besondere an der Mighty O &#8218;Mouse ist ihre Best\u00e4ndigkeit gegen \u00f6lhaltige Fl\u00fcssigkeiten. In industriellen Umgebungen, in denen die Exposition gegen\u00fcber \u00f6lhaltigen Chemikalien ber\u00fccksichtigt werden muss, ist dies h\u00e4ufig die&#8230;<\/p>\n","protected":false},"featured_media":7358,"template":"","meta":{"_acf_changed":false,"_glsr_average":0,"_glsr_ranking":0,"_glsr_reviews":0},"product_brand":[],"product_cat":[681,1090],"product_tag":[],"class_list":{"0":"post-8404","1":"product","2":"type-product","3":"status-publish","4":"has-post-thumbnail","6":"product_cat-mause","7":"product_cat-robuste-maeuse","9":"first","10":"instock","11":"shipping-taxable","12":"product-type-simple"},"acf":[],"yoast_head":"<!-- This site is optimized with the Yoast SEO plugin v26.9 - https:\/\/yoast.com\/product\/yoast-seo-wordpress\/ -->\n<title>Man &amp; Machine Mighty O\u2019Mouse M\u00e4use (Schwarz)<\/title>\n<meta name=\"description\" content=\"Die Mighty O Mouse ist eine silikonummantelte IP68 Maus, \u00f6lbest\u00e4ndig, wasser und staubdicht, ideal f\u00fcr industrielle Umgebungen.\" \/>\n<meta name=\"robots\" content=\"index, follow, max-snippet:-1, max-image-preview:large, max-video-preview:-1\" \/>\n<link rel=\"canonical\" href=\"https:\/\/eu.man-machine.com\/de\/produkt\/mighty-omouse-schwarz\/\" \/>\n<meta property=\"og:locale\" content=\"de_DE\" \/>\n<meta property=\"og:type\" content=\"article\" \/>\n<meta property=\"og:title\" content=\"Man &amp; Machine Mighty O\u2019Mouse M\u00e4use (Schwarz)\" \/>\n<meta property=\"og:description\" content=\"Die Mighty O Mouse ist eine silikonummantelte IP68 Maus, \u00f6lbest\u00e4ndig, wasser und staubdicht, ideal f\u00fcr industrielle Umgebungen.\" \/>\n<meta property=\"og:url\" content=\"https:\/\/eu.man-machine.com\/de\/produkt\/mighty-omouse-schwarz\/\" \/>\n<meta property=\"og:site_name\" content=\"Man &amp; Machine\" \/>\n<meta property=\"article:publisher\" content=\"https:\/\/www.facebook.com\/ManAndMachine\/\" \/>\n<meta property=\"article:modified_time\" content=\"2025-12-04T12:59:30+00:00\" \/>\n<meta property=\"og:image\" content=\"https:\/\/eu.man-machine.com\/wp-content\/uploads\/2025\/02\/MOM_black_top.png\" \/>\n\t<meta property=\"og:image:width\" content=\"1269\" \/>\n\t<meta property=\"og:image:height\" content=\"1845\" \/>\n\t<meta property=\"og:image:type\" content=\"image\/png\" \/>\n<meta name=\"twitter:card\" content=\"summary_large_image\" \/>\n<meta name=\"twitter:site\" content=\"@manandmachineco\" \/>\n<meta name=\"twitter:label1\" content=\"Gesch\u00e4tzte Lesezeit\" \/>\n\t<meta name=\"twitter:data1\" content=\"3\u00a0Minuten\" \/>\n<script type=\"application\/ld+json\" class=\"yoast-schema-graph\">{\"@context\":\"https:\/\/schema.org\",\"@graph\":[{\"@type\":\"WebPage\",\"@id\":\"https:\/\/eu.man-machine.com\/de\/produkt\/mighty-omouse-schwarz\/\",\"url\":\"https:\/\/eu.man-machine.com\/de\/produkt\/mighty-omouse-schwarz\/\",\"name\":\"Man & Machine Mighty O\u2019Mouse M\u00e4use (Schwarz)\",\"isPartOf\":{\"@id\":\"https:\/\/eu.man-machine.com\/de\/#website\"},\"primaryImageOfPage\":{\"@id\":\"https:\/\/eu.man-machine.com\/de\/produkt\/mighty-omouse-schwarz\/#primaryimage\"},\"image\":{\"@id\":\"https:\/\/eu.man-machine.com\/de\/produkt\/mighty-omouse-schwarz\/#primaryimage\"},\"thumbnailUrl\":\"https:\/\/eu.man-machine.com\/wp-content\/uploads\/2025\/02\/MOM_black_top.png\",\"datePublished\":\"2024-11-20T10:32:18+00:00\",\"dateModified\":\"2025-12-04T12:59:30+00:00\",\"description\":\"Die Mighty O Mouse ist eine silikonummantelte IP68 Maus, \u00f6lbest\u00e4ndig, wasser und staubdicht, ideal f\u00fcr industrielle Umgebungen.\",\"breadcrumb\":{\"@id\":\"https:\/\/eu.man-machine.com\/de\/produkt\/mighty-omouse-schwarz\/#breadcrumb\"},\"inLanguage\":\"de\",\"potentialAction\":[{\"@type\":\"ReadAction\",\"target\":[\"https:\/\/eu.man-machine.com\/de\/produkt\/mighty-omouse-schwarz\/\"]}]},{\"@type\":\"ImageObject\",\"inLanguage\":\"de\",\"@id\":\"https:\/\/eu.man-machine.com\/de\/produkt\/mighty-omouse-schwarz\/#primaryimage\",\"url\":\"https:\/\/eu.man-machine.com\/wp-content\/uploads\/2025\/02\/MOM_black_top.png\",\"contentUrl\":\"https:\/\/eu.man-machine.com\/wp-content\/uploads\/2025\/02\/MOM_black_top.png\",\"width\":1269,\"height\":1845},{\"@type\":\"BreadcrumbList\",\"@id\":\"https:\/\/eu.man-machine.com\/de\/produkt\/mighty-omouse-schwarz\/#breadcrumb\",\"itemListElement\":[{\"@type\":\"ListItem\",\"position\":1,\"name\":\"Home\",\"item\":\"https:\/\/eu.man-machine.com\/de\/\"},{\"@type\":\"ListItem\",\"position\":2,\"name\":\"Katalog\",\"item\":\"https:\/\/eu.man-machine.com\/catalogue\/\"},{\"@type\":\"ListItem\",\"position\":3,\"name\":\"M\u00e4use\",\"item\":\"https:\/\/eu.man-machine.com\/de\/produkt-kategorie\/mause\/\"},{\"@type\":\"ListItem\",\"position\":4,\"name\":\"Robuste M\u00e4use\",\"item\":\"https:\/\/eu.man-machine.com\/de\/produkt-kategorie\/mause\/robuste-maeuse\/\"},{\"@type\":\"ListItem\",\"position\":5,\"name\":\"Mighty O\u2019Mouse &#8211; schwarz\"}]},{\"@type\":\"WebSite\",\"@id\":\"https:\/\/eu.man-machine.com\/de\/#website\",\"url\":\"https:\/\/eu.man-machine.com\/de\/\",\"name\":\"Man & Machine\",\"description\":\"Wasserdichte Tastaturen f\u00fcr medizinische und industrielle Anwendungen\",\"publisher\":{\"@id\":\"https:\/\/eu.man-machine.com\/de\/#organization\"},\"alternateName\":\"Man and Machine\",\"potentialAction\":[{\"@type\":\"SearchAction\",\"target\":{\"@type\":\"EntryPoint\",\"urlTemplate\":\"https:\/\/eu.man-machine.com\/de\/?s={search_term_string}\"},\"query-input\":{\"@type\":\"PropertyValueSpecification\",\"valueRequired\":true,\"valueName\":\"search_term_string\"}}],\"inLanguage\":\"de\"},{\"@type\":\"Organization\",\"@id\":\"https:\/\/eu.man-machine.com\/de\/#organization\",\"name\":\"Man & Machine\",\"alternateName\":\"Man and Machine\",\"url\":\"https:\/\/eu.man-machine.com\/de\/\",\"logo\":{\"@type\":\"ImageObject\",\"inLanguage\":\"de\",\"@id\":\"https:\/\/eu.man-machine.com\/de\/#\/schema\/logo\/image\/\",\"url\":\"https:\/\/eu.man-machine.com\/wp-content\/uploads\/2024\/11\/man-and-machine-logo-svg.svg\",\"contentUrl\":\"https:\/\/eu.man-machine.com\/wp-content\/uploads\/2024\/11\/man-and-machine-logo-svg.svg\",\"width\":293,\"height\":28,\"caption\":\"Man & Machine\"},\"image\":{\"@id\":\"https:\/\/eu.man-machine.com\/de\/#\/schema\/logo\/image\/\"},\"sameAs\":[\"https:\/\/www.facebook.com\/ManAndMachine\/\",\"https:\/\/x.com\/manandmachineco\"]}]}<\/script>\n<!-- \/ Yoast SEO plugin. -->","yoast_head_json":{"title":"Man & Machine Mighty O\u2019Mouse M\u00e4use (Schwarz)","description":"Die Mighty O Mouse ist eine silikonummantelte IP68 Maus, \u00f6lbest\u00e4ndig, wasser und staubdicht, ideal f\u00fcr industrielle Umgebungen.","robots":{"index":"index","follow":"follow","max-snippet":"max-snippet:-1","max-image-preview":"max-image-preview:large","max-video-preview":"max-video-preview:-1"},"canonical":"https:\/\/eu.man-machine.com\/de\/produkt\/mighty-omouse-schwarz\/","og_locale":"de_DE","og_type":"article","og_title":"Man & Machine Mighty O\u2019Mouse M\u00e4use (Schwarz)","og_description":"Die Mighty O Mouse ist eine silikonummantelte IP68 Maus, \u00f6lbest\u00e4ndig, wasser und staubdicht, ideal f\u00fcr industrielle Umgebungen.","og_url":"https:\/\/eu.man-machine.com\/de\/produkt\/mighty-omouse-schwarz\/","og_site_name":"Man & Machine","article_publisher":"https:\/\/www.facebook.com\/ManAndMachine\/","article_modified_time":"2025-12-04T12:59:30+00:00","og_image":[{"width":1269,"height":1845,"url":"https:\/\/eu.man-machine.com\/wp-content\/uploads\/2025\/02\/MOM_black_top.png","type":"image\/png"}],"twitter_card":"summary_large_image","twitter_site":"@manandmachineco","twitter_misc":{"Gesch\u00e4tzte Lesezeit":"3\u00a0Minuten"},"schema":{"@context":"https:\/\/schema.org","@graph":[{"@type":"WebPage","@id":"https:\/\/eu.man-machine.com\/de\/produkt\/mighty-omouse-schwarz\/","url":"https:\/\/eu.man-machine.com\/de\/produkt\/mighty-omouse-schwarz\/","name":"Man & Machine Mighty O\u2019Mouse M\u00e4use (Schwarz)","isPartOf":{"@id":"https:\/\/eu.man-machine.com\/de\/#website"},"primaryImageOfPage":{"@id":"https:\/\/eu.man-machine.com\/de\/produkt\/mighty-omouse-schwarz\/#primaryimage"},"image":{"@id":"https:\/\/eu.man-machine.com\/de\/produkt\/mighty-omouse-schwarz\/#primaryimage"},"thumbnailUrl":"https:\/\/eu.man-machine.com\/wp-content\/uploads\/2025\/02\/MOM_black_top.png","datePublished":"2024-11-20T10:32:18+00:00","dateModified":"2025-12-04T12:59:30+00:00","description":"Die Mighty O Mouse ist eine silikonummantelte IP68 Maus, \u00f6lbest\u00e4ndig, wasser und staubdicht, ideal f\u00fcr industrielle Umgebungen.","breadcrumb":{"@id":"https:\/\/eu.man-machine.com\/de\/produkt\/mighty-omouse-schwarz\/#breadcrumb"},"inLanguage":"de","potentialAction":[{"@type":"ReadAction","target":["https:\/\/eu.man-machine.com\/de\/produkt\/mighty-omouse-schwarz\/"]}]},{"@type":"ImageObject","inLanguage":"de","@id":"https:\/\/eu.man-machine.com\/de\/produkt\/mighty-omouse-schwarz\/#primaryimage","url":"https:\/\/eu.man-machine.com\/wp-content\/uploads\/2025\/02\/MOM_black_top.png","contentUrl":"https:\/\/eu.man-machine.com\/wp-content\/uploads\/2025\/02\/MOM_black_top.png","width":1269,"height":1845},{"@type":"BreadcrumbList","@id":"https:\/\/eu.man-machine.com\/de\/produkt\/mighty-omouse-schwarz\/#breadcrumb","itemListElement":[{"@type":"ListItem","position":1,"name":"Home","item":"https:\/\/eu.man-machine.com\/de\/"},{"@type":"ListItem","position":2,"name":"Katalog","item":"https:\/\/eu.man-machine.com\/catalogue\/"},{"@type":"ListItem","position":3,"name":"M\u00e4use","item":"https:\/\/eu.man-machine.com\/de\/produkt-kategorie\/mause\/"},{"@type":"ListItem","position":4,"name":"Robuste M\u00e4use","item":"https:\/\/eu.man-machine.com\/de\/produkt-kategorie\/mause\/robuste-maeuse\/"},{"@type":"ListItem","position":5,"name":"Mighty O\u2019Mouse &#8211; schwarz"}]},{"@type":"WebSite","@id":"https:\/\/eu.man-machine.com\/de\/#website","url":"https:\/\/eu.man-machine.com\/de\/","name":"Man & Machine","description":"Wasserdichte Tastaturen f\u00fcr medizinische und industrielle Anwendungen","publisher":{"@id":"https:\/\/eu.man-machine.com\/de\/#organization"},"alternateName":"Man and Machine","potentialAction":[{"@type":"SearchAction","target":{"@type":"EntryPoint","urlTemplate":"https:\/\/eu.man-machine.com\/de\/?s={search_term_string}"},"query-input":{"@type":"PropertyValueSpecification","valueRequired":true,"valueName":"search_term_string"}}],"inLanguage":"de"},{"@type":"Organization","@id":"https:\/\/eu.man-machine.com\/de\/#organization","name":"Man & Machine","alternateName":"Man and Machine","url":"https:\/\/eu.man-machine.com\/de\/","logo":{"@type":"ImageObject","inLanguage":"de","@id":"https:\/\/eu.man-machine.com\/de\/#\/schema\/logo\/image\/","url":"https:\/\/eu.man-machine.com\/wp-content\/uploads\/2024\/11\/man-and-machine-logo-svg.svg","contentUrl":"https:\/\/eu.man-machine.com\/wp-content\/uploads\/2024\/11\/man-and-machine-logo-svg.svg","width":293,"height":28,"caption":"Man & Machine"},"image":{"@id":"https:\/\/eu.man-machine.com\/de\/#\/schema\/logo\/image\/"},"sameAs":["https:\/\/www.facebook.com\/ManAndMachine\/","https:\/\/x.com\/manandmachineco"]}]}},"_links":{"self":[{"href":"https:\/\/eu.man-machine.com\/de\/wp-json\/wp\/v2\/product\/8404","targetHints":{"allow":["GET"]}}],"collection":[{"href":"https:\/\/eu.man-machine.com\/de\/wp-json\/wp\/v2\/product"}],"about":[{"href":"https:\/\/eu.man-machine.com\/de\/wp-json\/wp\/v2\/types\/product"}],"wp:featuredmedia":[{"embeddable":true,"href":"https:\/\/eu.man-machine.com\/de\/wp-json\/wp\/v2\/media\/7358"}],"wp:attachment":[{"href":"https:\/\/eu.man-machine.com\/de\/wp-json\/wp\/v2\/media?parent=8404"}],"wp:term":[{"taxonomy":"product_brand","embeddable":true,"href":"https:\/\/eu.man-machine.com\/de\/wp-json\/wp\/v2\/product_brand?post=8404"},{"taxonomy":"product_cat","embeddable":true,"href":"https:\/\/eu.man-machine.com\/de\/wp-json\/wp\/v2\/product_cat?post=8404"},{"taxonomy":"product_tag","embeddable":true,"href":"https:\/\/eu.man-machine.com\/de\/wp-json\/wp\/v2\/product_tag?post=8404"}],"curies":[{"name":"wp","href":"https:\/\/api.w.org\/{rel}","templated":true}]}}