{"id":8416,"date":"2024-11-01T14:58:48","date_gmt":"2024-11-01T13:58:48","guid":{"rendered":"https:\/\/eu.man-machine.com\/product\/mighty-mouse-weiss\/"},"modified":"2025-12-04T13:58:19","modified_gmt":"2025-12-04T12:58:19","slug":"mighty-mouse-weiss","status":"publish","type":"product","link":"https:\/\/eu.man-machine.com\/de\/produkt\/mighty-mouse-weiss\/","title":{"rendered":"Mighty Mouse &#8211; wei\u00df"},"content":{"rendered":"<p>Diese medizinische Silikonmaus ist vollst\u00e4ndig versiegelt, sodass sie abgewischt oder abgespr\u00fcht und sogar in Krankenhaus\u00fcbliche Desinfektionsmittel eingetaucht werden kann.<\/p>\n<p>Es ist das ideale Eingabeger\u00e4t f\u00fcr den Operationssaal oder die Intensivpflege sowie \u00fcberall dort, wo Fl\u00fcssigkeitsvorf\u00e4lle und Infektiongefahren ber\u00fccksichtigt werden m\u00fcssen. Wir bauen dieses hochwertige Produkt in den USA. Es erf\u00fcllt die EMV-Richtlinien gem\u00e4\u00df <a href=\"https:\/\/eu.man-machine.com\/de\/en-60601-1-2\/\" target=\"_blank\" rel=\"noopener\">EN 60601-1-2:2015<\/a> und ist IP68-zertifiziert.<\/p>\n<p>Die Mighty Mouse ist eine optische Maus mit 5 Tasten zum Scrollen und Klicken. Die Maus ist ergonomisch und in l\u00e4sst sich absolut angenehm bedienen.<\/p>\n","protected":false},"excerpt":{"rendered":"<p>Diese medizinische Silikonmaus ist vollst\u00e4ndig versiegelt, sodass sie abgewischt oder abgespr\u00fcht und sogar in Krankenhaus\u00fcbliche Desinfektionsmittel eingetaucht werden kann. Es ist das ideale Eingabeger\u00e4t f\u00fcr den Operationssaal oder die Intensivpflege&#8230;<\/p>\n","protected":false},"featured_media":6039,"template":"","meta":{"_acf_changed":false,"_glsr_average":0,"_glsr_ranking":0,"_glsr_reviews":0},"product_brand":[],"product_cat":[681,1049,1050,1051,1079,1093,1052,1053,1054,1055],"product_tag":[],"class_list":{"0":"post-8416","1":"product","2":"type-product","3":"status-publish","4":"has-post-thumbnail","6":"product_cat-mause","7":"product_cat-medizinische-maeuse","8":"product_cat-wasserdichte-maeuse","9":"product_cat-abwaschbare-maeuse","10":"product_cat-antibakterielle-maeuse","11":"product_cat-antimikrobielle-maeuse","12":"product_cat-maeuse-fuer-krankenhaeuser","13":"product_cat-maeuse-fuer-zahnarztpraxen","14":"product_cat-maeuse-fuer-hausarztpraxen","15":"product_cat-maeuse-fuer-labore","17":"first","18":"instock","19":"shipping-taxable","20":"product-type-simple"},"acf":[],"yoast_head":"<!-- This site is optimized with the Yoast SEO plugin v26.9 - https:\/\/yoast.com\/product\/yoast-seo-wordpress\/ -->\n<title>Man &amp; Machine Mighty Mouse M\u00e4use (Wei\u00df)<\/title>\n<meta name=\"description\" content=\"Die Mighty Mouse ist eine medizinische IP68 Maus mit f\u00fcnf Tasten, vollst\u00e4ndig waschbar und desinfizierbar, geeignet f\u00fcr den OP Bereich.\" \/>\n<meta name=\"robots\" content=\"index, follow, max-snippet:-1, max-image-preview:large, max-video-preview:-1\" \/>\n<link rel=\"canonical\" href=\"https:\/\/eu.man-machine.com\/de\/produkt\/mighty-mouse-weiss\/\" \/>\n<meta property=\"og:locale\" content=\"de_DE\" \/>\n<meta property=\"og:type\" content=\"article\" \/>\n<meta property=\"og:title\" content=\"Man &amp; Machine Mighty Mouse M\u00e4use (Wei\u00df)\" \/>\n<meta property=\"og:description\" content=\"Die Mighty Mouse ist eine medizinische IP68 Maus mit f\u00fcnf Tasten, vollst\u00e4ndig waschbar und desinfizierbar, geeignet f\u00fcr den OP Bereich.\" \/>\n<meta property=\"og:url\" content=\"https:\/\/eu.man-machine.com\/de\/produkt\/mighty-mouse-weiss\/\" \/>\n<meta property=\"og:site_name\" content=\"Man &amp; Machine\" \/>\n<meta property=\"article:publisher\" content=\"https:\/\/www.facebook.com\/ManAndMachine\/\" \/>\n<meta property=\"article:modified_time\" content=\"2025-12-04T12:58:19+00:00\" \/>\n<meta property=\"og:image\" content=\"https:\/\/eu.man-machine.com\/wp-content\/uploads\/2024\/11\/MM_white_top.png\" \/>\n\t<meta property=\"og:image:width\" content=\"1150\" \/>\n\t<meta property=\"og:image:height\" content=\"2000\" \/>\n\t<meta property=\"og:image:type\" content=\"image\/png\" \/>\n<meta name=\"twitter:card\" content=\"summary_large_image\" \/>\n<meta name=\"twitter:site\" content=\"@manandmachineco\" \/>\n<meta name=\"twitter:label1\" content=\"Gesch\u00e4tzte Lesezeit\" \/>\n\t<meta name=\"twitter:data1\" content=\"2\u00a0Minuten\" \/>\n<script type=\"application\/ld+json\" class=\"yoast-schema-graph\">{\"@context\":\"https:\/\/schema.org\",\"@graph\":[{\"@type\":\"WebPage\",\"@id\":\"https:\/\/eu.man-machine.com\/de\/produkt\/mighty-mouse-weiss\/\",\"url\":\"https:\/\/eu.man-machine.com\/de\/produkt\/mighty-mouse-weiss\/\",\"name\":\"Man & Machine Mighty Mouse M\u00e4use (Wei\u00df)\",\"isPartOf\":{\"@id\":\"https:\/\/eu.man-machine.com\/de\/#website\"},\"primaryImageOfPage\":{\"@id\":\"https:\/\/eu.man-machine.com\/de\/produkt\/mighty-mouse-weiss\/#primaryimage\"},\"image\":{\"@id\":\"https:\/\/eu.man-machine.com\/de\/produkt\/mighty-mouse-weiss\/#primaryimage\"},\"thumbnailUrl\":\"https:\/\/eu.man-machine.com\/wp-content\/uploads\/2024\/11\/MM_white_top.png\",\"datePublished\":\"2024-11-01T13:58:48+00:00\",\"dateModified\":\"2025-12-04T12:58:19+00:00\",\"description\":\"Die Mighty Mouse ist eine medizinische IP68 Maus mit f\u00fcnf Tasten, vollst\u00e4ndig waschbar und desinfizierbar, geeignet f\u00fcr den OP Bereich.\",\"breadcrumb\":{\"@id\":\"https:\/\/eu.man-machine.com\/de\/produkt\/mighty-mouse-weiss\/#breadcrumb\"},\"inLanguage\":\"de\",\"potentialAction\":[{\"@type\":\"ReadAction\",\"target\":[\"https:\/\/eu.man-machine.com\/de\/produkt\/mighty-mouse-weiss\/\"]}]},{\"@type\":\"ImageObject\",\"inLanguage\":\"de\",\"@id\":\"https:\/\/eu.man-machine.com\/de\/produkt\/mighty-mouse-weiss\/#primaryimage\",\"url\":\"https:\/\/eu.man-machine.com\/wp-content\/uploads\/2024\/11\/MM_white_top.png\",\"contentUrl\":\"https:\/\/eu.man-machine.com\/wp-content\/uploads\/2024\/11\/MM_white_top.png\",\"width\":1150,\"height\":2000,\"caption\":\"A Man & Machine Mighty Mouse is seen from the top\"},{\"@type\":\"BreadcrumbList\",\"@id\":\"https:\/\/eu.man-machine.com\/de\/produkt\/mighty-mouse-weiss\/#breadcrumb\",\"itemListElement\":[{\"@type\":\"ListItem\",\"position\":1,\"name\":\"Home\",\"item\":\"https:\/\/eu.man-machine.com\/de\/\"},{\"@type\":\"ListItem\",\"position\":2,\"name\":\"Katalog\",\"item\":\"https:\/\/eu.man-machine.com\/catalogue\/\"},{\"@type\":\"ListItem\",\"position\":3,\"name\":\"M\u00e4use\",\"item\":\"https:\/\/eu.man-machine.com\/de\/produkt-kategorie\/mause\/\"},{\"@type\":\"ListItem\",\"position\":4,\"name\":\"Medizinische M\u00e4use\",\"item\":\"https:\/\/eu.man-machine.com\/de\/produkt-kategorie\/mause\/medizinische-maeuse\/\"},{\"@type\":\"ListItem\",\"position\":5,\"name\":\"Mighty Mouse &#8211; wei\u00df\"}]},{\"@type\":\"WebSite\",\"@id\":\"https:\/\/eu.man-machine.com\/de\/#website\",\"url\":\"https:\/\/eu.man-machine.com\/de\/\",\"name\":\"Man & Machine\",\"description\":\"Wasserdichte Tastaturen f\u00fcr medizinische und industrielle Anwendungen\",\"publisher\":{\"@id\":\"https:\/\/eu.man-machine.com\/de\/#organization\"},\"alternateName\":\"Man and Machine\",\"potentialAction\":[{\"@type\":\"SearchAction\",\"target\":{\"@type\":\"EntryPoint\",\"urlTemplate\":\"https:\/\/eu.man-machine.com\/de\/?s={search_term_string}\"},\"query-input\":{\"@type\":\"PropertyValueSpecification\",\"valueRequired\":true,\"valueName\":\"search_term_string\"}}],\"inLanguage\":\"de\"},{\"@type\":\"Organization\",\"@id\":\"https:\/\/eu.man-machine.com\/de\/#organization\",\"name\":\"Man & Machine\",\"alternateName\":\"Man and Machine\",\"url\":\"https:\/\/eu.man-machine.com\/de\/\",\"logo\":{\"@type\":\"ImageObject\",\"inLanguage\":\"de\",\"@id\":\"https:\/\/eu.man-machine.com\/de\/#\/schema\/logo\/image\/\",\"url\":\"https:\/\/eu.man-machine.com\/wp-content\/uploads\/2024\/11\/man-and-machine-logo-svg.svg\",\"contentUrl\":\"https:\/\/eu.man-machine.com\/wp-content\/uploads\/2024\/11\/man-and-machine-logo-svg.svg\",\"width\":293,\"height\":28,\"caption\":\"Man & Machine\"},\"image\":{\"@id\":\"https:\/\/eu.man-machine.com\/de\/#\/schema\/logo\/image\/\"},\"sameAs\":[\"https:\/\/www.facebook.com\/ManAndMachine\/\",\"https:\/\/x.com\/manandmachineco\"]}]}<\/script>\n<!-- \/ Yoast SEO plugin. -->","yoast_head_json":{"title":"Man & Machine Mighty Mouse M\u00e4use (Wei\u00df)","description":"Die Mighty Mouse ist eine medizinische IP68 Maus mit f\u00fcnf Tasten, vollst\u00e4ndig waschbar und desinfizierbar, geeignet f\u00fcr den OP Bereich.","robots":{"index":"index","follow":"follow","max-snippet":"max-snippet:-1","max-image-preview":"max-image-preview:large","max-video-preview":"max-video-preview:-1"},"canonical":"https:\/\/eu.man-machine.com\/de\/produkt\/mighty-mouse-weiss\/","og_locale":"de_DE","og_type":"article","og_title":"Man & Machine Mighty Mouse M\u00e4use (Wei\u00df)","og_description":"Die Mighty Mouse ist eine medizinische IP68 Maus mit f\u00fcnf Tasten, vollst\u00e4ndig waschbar und desinfizierbar, geeignet f\u00fcr den OP Bereich.","og_url":"https:\/\/eu.man-machine.com\/de\/produkt\/mighty-mouse-weiss\/","og_site_name":"Man & Machine","article_publisher":"https:\/\/www.facebook.com\/ManAndMachine\/","article_modified_time":"2025-12-04T12:58:19+00:00","og_image":[{"width":1150,"height":2000,"url":"https:\/\/eu.man-machine.com\/wp-content\/uploads\/2024\/11\/MM_white_top.png","type":"image\/png"}],"twitter_card":"summary_large_image","twitter_site":"@manandmachineco","twitter_misc":{"Gesch\u00e4tzte Lesezeit":"2\u00a0Minuten"},"schema":{"@context":"https:\/\/schema.org","@graph":[{"@type":"WebPage","@id":"https:\/\/eu.man-machine.com\/de\/produkt\/mighty-mouse-weiss\/","url":"https:\/\/eu.man-machine.com\/de\/produkt\/mighty-mouse-weiss\/","name":"Man & Machine Mighty Mouse M\u00e4use (Wei\u00df)","isPartOf":{"@id":"https:\/\/eu.man-machine.com\/de\/#website"},"primaryImageOfPage":{"@id":"https:\/\/eu.man-machine.com\/de\/produkt\/mighty-mouse-weiss\/#primaryimage"},"image":{"@id":"https:\/\/eu.man-machine.com\/de\/produkt\/mighty-mouse-weiss\/#primaryimage"},"thumbnailUrl":"https:\/\/eu.man-machine.com\/wp-content\/uploads\/2024\/11\/MM_white_top.png","datePublished":"2024-11-01T13:58:48+00:00","dateModified":"2025-12-04T12:58:19+00:00","description":"Die Mighty Mouse ist eine medizinische IP68 Maus mit f\u00fcnf Tasten, vollst\u00e4ndig waschbar und desinfizierbar, geeignet f\u00fcr den OP Bereich.","breadcrumb":{"@id":"https:\/\/eu.man-machine.com\/de\/produkt\/mighty-mouse-weiss\/#breadcrumb"},"inLanguage":"de","potentialAction":[{"@type":"ReadAction","target":["https:\/\/eu.man-machine.com\/de\/produkt\/mighty-mouse-weiss\/"]}]},{"@type":"ImageObject","inLanguage":"de","@id":"https:\/\/eu.man-machine.com\/de\/produkt\/mighty-mouse-weiss\/#primaryimage","url":"https:\/\/eu.man-machine.com\/wp-content\/uploads\/2024\/11\/MM_white_top.png","contentUrl":"https:\/\/eu.man-machine.com\/wp-content\/uploads\/2024\/11\/MM_white_top.png","width":1150,"height":2000,"caption":"A Man & Machine Mighty Mouse is seen from the top"},{"@type":"BreadcrumbList","@id":"https:\/\/eu.man-machine.com\/de\/produkt\/mighty-mouse-weiss\/#breadcrumb","itemListElement":[{"@type":"ListItem","position":1,"name":"Home","item":"https:\/\/eu.man-machine.com\/de\/"},{"@type":"ListItem","position":2,"name":"Katalog","item":"https:\/\/eu.man-machine.com\/catalogue\/"},{"@type":"ListItem","position":3,"name":"M\u00e4use","item":"https:\/\/eu.man-machine.com\/de\/produkt-kategorie\/mause\/"},{"@type":"ListItem","position":4,"name":"Medizinische M\u00e4use","item":"https:\/\/eu.man-machine.com\/de\/produkt-kategorie\/mause\/medizinische-maeuse\/"},{"@type":"ListItem","position":5,"name":"Mighty Mouse &#8211; wei\u00df"}]},{"@type":"WebSite","@id":"https:\/\/eu.man-machine.com\/de\/#website","url":"https:\/\/eu.man-machine.com\/de\/","name":"Man & Machine","description":"Wasserdichte Tastaturen f\u00fcr medizinische und industrielle Anwendungen","publisher":{"@id":"https:\/\/eu.man-machine.com\/de\/#organization"},"alternateName":"Man and Machine","potentialAction":[{"@type":"SearchAction","target":{"@type":"EntryPoint","urlTemplate":"https:\/\/eu.man-machine.com\/de\/?s={search_term_string}"},"query-input":{"@type":"PropertyValueSpecification","valueRequired":true,"valueName":"search_term_string"}}],"inLanguage":"de"},{"@type":"Organization","@id":"https:\/\/eu.man-machine.com\/de\/#organization","name":"Man & Machine","alternateName":"Man and Machine","url":"https:\/\/eu.man-machine.com\/de\/","logo":{"@type":"ImageObject","inLanguage":"de","@id":"https:\/\/eu.man-machine.com\/de\/#\/schema\/logo\/image\/","url":"https:\/\/eu.man-machine.com\/wp-content\/uploads\/2024\/11\/man-and-machine-logo-svg.svg","contentUrl":"https:\/\/eu.man-machine.com\/wp-content\/uploads\/2024\/11\/man-and-machine-logo-svg.svg","width":293,"height":28,"caption":"Man & Machine"},"image":{"@id":"https:\/\/eu.man-machine.com\/de\/#\/schema\/logo\/image\/"},"sameAs":["https:\/\/www.facebook.com\/ManAndMachine\/","https:\/\/x.com\/manandmachineco"]}]}},"_links":{"self":[{"href":"https:\/\/eu.man-machine.com\/de\/wp-json\/wp\/v2\/product\/8416","targetHints":{"allow":["GET"]}}],"collection":[{"href":"https:\/\/eu.man-machine.com\/de\/wp-json\/wp\/v2\/product"}],"about":[{"href":"https:\/\/eu.man-machine.com\/de\/wp-json\/wp\/v2\/types\/product"}],"wp:featuredmedia":[{"embeddable":true,"href":"https:\/\/eu.man-machine.com\/de\/wp-json\/wp\/v2\/media\/6039"}],"wp:attachment":[{"href":"https:\/\/eu.man-machine.com\/de\/wp-json\/wp\/v2\/media?parent=8416"}],"wp:term":[{"taxonomy":"product_brand","embeddable":true,"href":"https:\/\/eu.man-machine.com\/de\/wp-json\/wp\/v2\/product_brand?post=8416"},{"taxonomy":"product_cat","embeddable":true,"href":"https:\/\/eu.man-machine.com\/de\/wp-json\/wp\/v2\/product_cat?post=8416"},{"taxonomy":"product_tag","embeddable":true,"href":"https:\/\/eu.man-machine.com\/de\/wp-json\/wp\/v2\/product_tag?post=8416"}],"curies":[{"name":"wp","href":"https:\/\/api.w.org\/{rel}","templated":true}]}}