{"id":8422,"date":"2024-11-01T13:10:13","date_gmt":"2024-11-01T12:10:13","guid":{"rendered":"https:\/\/eu.man-machine.com\/product\/c-mouse-wireless-weiss\/"},"modified":"2025-12-04T13:36:10","modified_gmt":"2025-12-04T12:36:10","slug":"c-mouse-wireless-weiss","status":"publish","type":"product","link":"https:\/\/eu.man-machine.com\/de\/produkt\/c-mouse-wireless-weiss\/","title":{"rendered":"C Mouse Wireless &#8211; wei\u00df"},"content":{"rendered":"<p>Die kabellose C-Mouse hat das Aussehen und die Funktionalit\u00e4t einer Standardmaus. Man kann sie jedoch sauber machen und dabei mit einem geeigneten Fl\u00e4chendesinfektionsmittel bespr\u00fchen.<\/p>\n<p>Die Maus verbindet sich \u00fcber einen 2,4-GHz-Dongle oder \u00fcber Bluetooth\u2122. Die hygienische optische 1000-DPI-Maus verf\u00fcgt klassisch \u00fcber zwei Tasten und ein Scrollrad.<\/p>\n<p>Die C Mouse Wireless ist ideal f\u00fcr medizinische Arbeitspl\u00e4tze, an denen die Maus intensiv genutzt wird, z. B. bei Medizinwagen, die 24 Stunden am Tag verwendet werden.<\/p>\n<h6>Kommunikationsspezifikationen<\/h6>\n<p>Um St\u00f6rungen mit anderen drahtlosen Ger\u00e4ten zu vermeiden, arbeitet die C Mouse Wireless-Maus \u00fcber 16 Kan\u00e4le im 2,4-GHz-RF-Band und 40 Kan\u00e4le f\u00fcr die Bluetooth\u2122-Kommunikation. Sie verwendet <a href=\"https:\/\/eu.man-machine.com\/wp-content\/uploads\/2025\/07\/C-Mouse-Wireless-Communication-Frequencies-DE.pdf\" target=\"_blank\" rel=\"noopener\">Frequenzsprungverfahren<\/a>, um dynamisch zwischen verf\u00fcgbaren Kan\u00e4len zu wechseln. Wenn auf einem Kanal eine St\u00f6rung erkannt wird, wechselt die Maus automatisch zu einem st\u00f6rungsfreien Kanal, um eine stabile Verbindung aufrechtzuerhalten.<\/p>\n","protected":false},"excerpt":{"rendered":"<p>Die kabellose C-Mouse hat das Aussehen und die Funktionalit\u00e4t einer Standardmaus. Man kann sie jedoch sauber machen und dabei mit einem geeigneten Fl\u00e4chendesinfektionsmittel bespr\u00fchen. Die Maus verbindet sich \u00fcber einen&#8230;<\/p>\n","protected":false},"featured_media":5962,"template":"","meta":{"_acf_changed":false,"_glsr_average":0,"_glsr_ranking":0,"_glsr_reviews":0},"product_brand":[],"product_cat":[681,1049,1051,1079,1093,1053,1054,1055],"product_tag":[],"class_list":{"0":"post-8422","1":"product","2":"type-product","3":"status-publish","4":"has-post-thumbnail","6":"product_cat-mause","7":"product_cat-medizinische-maeuse","8":"product_cat-abwaschbare-maeuse","9":"product_cat-antibakterielle-maeuse","10":"product_cat-antimikrobielle-maeuse","11":"product_cat-maeuse-fuer-zahnarztpraxen","12":"product_cat-maeuse-fuer-hausarztpraxen","13":"product_cat-maeuse-fuer-labore","15":"first","16":"instock","17":"shipping-taxable","18":"product-type-simple"},"acf":[],"yoast_head":"<!-- This site is optimized with the Yoast SEO plugin v26.9 - https:\/\/yoast.com\/product\/yoast-seo-wordpress\/ -->\n<title>Man &amp; Machine C Mouse Wireless M\u00e4use (Wei\u00df)<\/title>\n<meta name=\"description\" content=\"Hygienische kabellose schwarze Maus, abwaschbar und desinfizierbar, mit 2,4 GHz RF Technologie f\u00fcr zuverl\u00e4ssiges Arbeiten.\" \/>\n<meta name=\"robots\" content=\"index, follow, max-snippet:-1, max-image-preview:large, max-video-preview:-1\" \/>\n<link rel=\"canonical\" href=\"https:\/\/eu.man-machine.com\/de\/produkt\/c-mouse-wireless-weiss\/\" \/>\n<meta property=\"og:locale\" content=\"de_DE\" \/>\n<meta property=\"og:type\" content=\"article\" \/>\n<meta property=\"og:title\" content=\"Man &amp; Machine C Mouse Wireless M\u00e4use (Wei\u00df)\" \/>\n<meta property=\"og:description\" content=\"Hygienische kabellose schwarze Maus, abwaschbar und desinfizierbar, mit 2,4 GHz RF Technologie f\u00fcr zuverl\u00e4ssiges Arbeiten.\" \/>\n<meta property=\"og:url\" content=\"https:\/\/eu.man-machine.com\/de\/produkt\/c-mouse-wireless-weiss\/\" \/>\n<meta property=\"og:site_name\" content=\"Man &amp; Machine\" \/>\n<meta property=\"article:publisher\" content=\"https:\/\/www.facebook.com\/ManAndMachine\/\" \/>\n<meta property=\"article:modified_time\" content=\"2025-12-04T12:36:10+00:00\" \/>\n<meta property=\"og:image\" content=\"https:\/\/eu.man-machine.com\/wp-content\/uploads\/2024\/11\/CM_WI_white_top.png\" \/>\n\t<meta property=\"og:image:width\" content=\"1269\" \/>\n\t<meta property=\"og:image:height\" content=\"1845\" \/>\n\t<meta property=\"og:image:type\" content=\"image\/png\" \/>\n<meta name=\"twitter:card\" content=\"summary_large_image\" \/>\n<meta name=\"twitter:site\" content=\"@manandmachineco\" \/>\n<meta name=\"twitter:label1\" content=\"Gesch\u00e4tzte Lesezeit\" \/>\n\t<meta name=\"twitter:data1\" content=\"3\u00a0Minuten\" \/>\n<script type=\"application\/ld+json\" class=\"yoast-schema-graph\">{\"@context\":\"https:\/\/schema.org\",\"@graph\":[{\"@type\":\"WebPage\",\"@id\":\"https:\/\/eu.man-machine.com\/de\/produkt\/c-mouse-wireless-weiss\/\",\"url\":\"https:\/\/eu.man-machine.com\/de\/produkt\/c-mouse-wireless-weiss\/\",\"name\":\"Man & Machine C Mouse Wireless M\u00e4use (Wei\u00df)\",\"isPartOf\":{\"@id\":\"https:\/\/eu.man-machine.com\/de\/#website\"},\"primaryImageOfPage\":{\"@id\":\"https:\/\/eu.man-machine.com\/de\/produkt\/c-mouse-wireless-weiss\/#primaryimage\"},\"image\":{\"@id\":\"https:\/\/eu.man-machine.com\/de\/produkt\/c-mouse-wireless-weiss\/#primaryimage\"},\"thumbnailUrl\":\"https:\/\/eu.man-machine.com\/wp-content\/uploads\/2024\/11\/CM_WI_white_top.png\",\"datePublished\":\"2024-11-01T12:10:13+00:00\",\"dateModified\":\"2025-12-04T12:36:10+00:00\",\"description\":\"Hygienische kabellose schwarze Maus, abwaschbar und desinfizierbar, mit 2,4 GHz RF Technologie f\u00fcr zuverl\u00e4ssiges Arbeiten.\",\"breadcrumb\":{\"@id\":\"https:\/\/eu.man-machine.com\/de\/produkt\/c-mouse-wireless-weiss\/#breadcrumb\"},\"inLanguage\":\"de\",\"potentialAction\":[{\"@type\":\"ReadAction\",\"target\":[\"https:\/\/eu.man-machine.com\/de\/produkt\/c-mouse-wireless-weiss\/\"]}]},{\"@type\":\"ImageObject\",\"inLanguage\":\"de\",\"@id\":\"https:\/\/eu.man-machine.com\/de\/produkt\/c-mouse-wireless-weiss\/#primaryimage\",\"url\":\"https:\/\/eu.man-machine.com\/wp-content\/uploads\/2024\/11\/CM_WI_white_top.png\",\"contentUrl\":\"https:\/\/eu.man-machine.com\/wp-content\/uploads\/2024\/11\/CM_WI_white_top.png\",\"width\":1269,\"height\":1845},{\"@type\":\"BreadcrumbList\",\"@id\":\"https:\/\/eu.man-machine.com\/de\/produkt\/c-mouse-wireless-weiss\/#breadcrumb\",\"itemListElement\":[{\"@type\":\"ListItem\",\"position\":1,\"name\":\"Home\",\"item\":\"https:\/\/eu.man-machine.com\/de\/\"},{\"@type\":\"ListItem\",\"position\":2,\"name\":\"Katalog\",\"item\":\"https:\/\/eu.man-machine.com\/catalogue\/\"},{\"@type\":\"ListItem\",\"position\":3,\"name\":\"M\u00e4use\",\"item\":\"https:\/\/eu.man-machine.com\/de\/produkt-kategorie\/mause\/\"},{\"@type\":\"ListItem\",\"position\":4,\"name\":\"Medizinische M\u00e4use\",\"item\":\"https:\/\/eu.man-machine.com\/de\/produkt-kategorie\/mause\/medizinische-maeuse\/\"},{\"@type\":\"ListItem\",\"position\":5,\"name\":\"C Mouse Wireless &#8211; wei\u00df\"}]},{\"@type\":\"WebSite\",\"@id\":\"https:\/\/eu.man-machine.com\/de\/#website\",\"url\":\"https:\/\/eu.man-machine.com\/de\/\",\"name\":\"Man & Machine\",\"description\":\"Wasserdichte Tastaturen f\u00fcr medizinische und industrielle Anwendungen\",\"publisher\":{\"@id\":\"https:\/\/eu.man-machine.com\/de\/#organization\"},\"alternateName\":\"Man and Machine\",\"potentialAction\":[{\"@type\":\"SearchAction\",\"target\":{\"@type\":\"EntryPoint\",\"urlTemplate\":\"https:\/\/eu.man-machine.com\/de\/?s={search_term_string}\"},\"query-input\":{\"@type\":\"PropertyValueSpecification\",\"valueRequired\":true,\"valueName\":\"search_term_string\"}}],\"inLanguage\":\"de\"},{\"@type\":\"Organization\",\"@id\":\"https:\/\/eu.man-machine.com\/de\/#organization\",\"name\":\"Man & Machine\",\"alternateName\":\"Man and Machine\",\"url\":\"https:\/\/eu.man-machine.com\/de\/\",\"logo\":{\"@type\":\"ImageObject\",\"inLanguage\":\"de\",\"@id\":\"https:\/\/eu.man-machine.com\/de\/#\/schema\/logo\/image\/\",\"url\":\"https:\/\/eu.man-machine.com\/wp-content\/uploads\/2024\/11\/man-and-machine-logo-svg.svg\",\"contentUrl\":\"https:\/\/eu.man-machine.com\/wp-content\/uploads\/2024\/11\/man-and-machine-logo-svg.svg\",\"width\":293,\"height\":28,\"caption\":\"Man & Machine\"},\"image\":{\"@id\":\"https:\/\/eu.man-machine.com\/de\/#\/schema\/logo\/image\/\"},\"sameAs\":[\"https:\/\/www.facebook.com\/ManAndMachine\/\",\"https:\/\/x.com\/manandmachineco\"]}]}<\/script>\n<!-- \/ Yoast SEO plugin. -->","yoast_head_json":{"title":"Man & Machine C Mouse Wireless M\u00e4use (Wei\u00df)","description":"Hygienische kabellose schwarze Maus, abwaschbar und desinfizierbar, mit 2,4 GHz RF Technologie f\u00fcr zuverl\u00e4ssiges Arbeiten.","robots":{"index":"index","follow":"follow","max-snippet":"max-snippet:-1","max-image-preview":"max-image-preview:large","max-video-preview":"max-video-preview:-1"},"canonical":"https:\/\/eu.man-machine.com\/de\/produkt\/c-mouse-wireless-weiss\/","og_locale":"de_DE","og_type":"article","og_title":"Man & Machine C Mouse Wireless M\u00e4use (Wei\u00df)","og_description":"Hygienische kabellose schwarze Maus, abwaschbar und desinfizierbar, mit 2,4 GHz RF Technologie f\u00fcr zuverl\u00e4ssiges Arbeiten.","og_url":"https:\/\/eu.man-machine.com\/de\/produkt\/c-mouse-wireless-weiss\/","og_site_name":"Man & Machine","article_publisher":"https:\/\/www.facebook.com\/ManAndMachine\/","article_modified_time":"2025-12-04T12:36:10+00:00","og_image":[{"width":1269,"height":1845,"url":"https:\/\/eu.man-machine.com\/wp-content\/uploads\/2024\/11\/CM_WI_white_top.png","type":"image\/png"}],"twitter_card":"summary_large_image","twitter_site":"@manandmachineco","twitter_misc":{"Gesch\u00e4tzte Lesezeit":"3\u00a0Minuten"},"schema":{"@context":"https:\/\/schema.org","@graph":[{"@type":"WebPage","@id":"https:\/\/eu.man-machine.com\/de\/produkt\/c-mouse-wireless-weiss\/","url":"https:\/\/eu.man-machine.com\/de\/produkt\/c-mouse-wireless-weiss\/","name":"Man & Machine C Mouse Wireless M\u00e4use (Wei\u00df)","isPartOf":{"@id":"https:\/\/eu.man-machine.com\/de\/#website"},"primaryImageOfPage":{"@id":"https:\/\/eu.man-machine.com\/de\/produkt\/c-mouse-wireless-weiss\/#primaryimage"},"image":{"@id":"https:\/\/eu.man-machine.com\/de\/produkt\/c-mouse-wireless-weiss\/#primaryimage"},"thumbnailUrl":"https:\/\/eu.man-machine.com\/wp-content\/uploads\/2024\/11\/CM_WI_white_top.png","datePublished":"2024-11-01T12:10:13+00:00","dateModified":"2025-12-04T12:36:10+00:00","description":"Hygienische kabellose schwarze Maus, abwaschbar und desinfizierbar, mit 2,4 GHz RF Technologie f\u00fcr zuverl\u00e4ssiges Arbeiten.","breadcrumb":{"@id":"https:\/\/eu.man-machine.com\/de\/produkt\/c-mouse-wireless-weiss\/#breadcrumb"},"inLanguage":"de","potentialAction":[{"@type":"ReadAction","target":["https:\/\/eu.man-machine.com\/de\/produkt\/c-mouse-wireless-weiss\/"]}]},{"@type":"ImageObject","inLanguage":"de","@id":"https:\/\/eu.man-machine.com\/de\/produkt\/c-mouse-wireless-weiss\/#primaryimage","url":"https:\/\/eu.man-machine.com\/wp-content\/uploads\/2024\/11\/CM_WI_white_top.png","contentUrl":"https:\/\/eu.man-machine.com\/wp-content\/uploads\/2024\/11\/CM_WI_white_top.png","width":1269,"height":1845},{"@type":"BreadcrumbList","@id":"https:\/\/eu.man-machine.com\/de\/produkt\/c-mouse-wireless-weiss\/#breadcrumb","itemListElement":[{"@type":"ListItem","position":1,"name":"Home","item":"https:\/\/eu.man-machine.com\/de\/"},{"@type":"ListItem","position":2,"name":"Katalog","item":"https:\/\/eu.man-machine.com\/catalogue\/"},{"@type":"ListItem","position":3,"name":"M\u00e4use","item":"https:\/\/eu.man-machine.com\/de\/produkt-kategorie\/mause\/"},{"@type":"ListItem","position":4,"name":"Medizinische M\u00e4use","item":"https:\/\/eu.man-machine.com\/de\/produkt-kategorie\/mause\/medizinische-maeuse\/"},{"@type":"ListItem","position":5,"name":"C Mouse Wireless &#8211; wei\u00df"}]},{"@type":"WebSite","@id":"https:\/\/eu.man-machine.com\/de\/#website","url":"https:\/\/eu.man-machine.com\/de\/","name":"Man & Machine","description":"Wasserdichte Tastaturen f\u00fcr medizinische und industrielle Anwendungen","publisher":{"@id":"https:\/\/eu.man-machine.com\/de\/#organization"},"alternateName":"Man and Machine","potentialAction":[{"@type":"SearchAction","target":{"@type":"EntryPoint","urlTemplate":"https:\/\/eu.man-machine.com\/de\/?s={search_term_string}"},"query-input":{"@type":"PropertyValueSpecification","valueRequired":true,"valueName":"search_term_string"}}],"inLanguage":"de"},{"@type":"Organization","@id":"https:\/\/eu.man-machine.com\/de\/#organization","name":"Man & Machine","alternateName":"Man and Machine","url":"https:\/\/eu.man-machine.com\/de\/","logo":{"@type":"ImageObject","inLanguage":"de","@id":"https:\/\/eu.man-machine.com\/de\/#\/schema\/logo\/image\/","url":"https:\/\/eu.man-machine.com\/wp-content\/uploads\/2024\/11\/man-and-machine-logo-svg.svg","contentUrl":"https:\/\/eu.man-machine.com\/wp-content\/uploads\/2024\/11\/man-and-machine-logo-svg.svg","width":293,"height":28,"caption":"Man & Machine"},"image":{"@id":"https:\/\/eu.man-machine.com\/de\/#\/schema\/logo\/image\/"},"sameAs":["https:\/\/www.facebook.com\/ManAndMachine\/","https:\/\/x.com\/manandmachineco"]}]}},"_links":{"self":[{"href":"https:\/\/eu.man-machine.com\/de\/wp-json\/wp\/v2\/product\/8422","targetHints":{"allow":["GET"]}}],"collection":[{"href":"https:\/\/eu.man-machine.com\/de\/wp-json\/wp\/v2\/product"}],"about":[{"href":"https:\/\/eu.man-machine.com\/de\/wp-json\/wp\/v2\/types\/product"}],"wp:featuredmedia":[{"embeddable":true,"href":"https:\/\/eu.man-machine.com\/de\/wp-json\/wp\/v2\/media\/5962"}],"wp:attachment":[{"href":"https:\/\/eu.man-machine.com\/de\/wp-json\/wp\/v2\/media?parent=8422"}],"wp:term":[{"taxonomy":"product_brand","embeddable":true,"href":"https:\/\/eu.man-machine.com\/de\/wp-json\/wp\/v2\/product_brand?post=8422"},{"taxonomy":"product_cat","embeddable":true,"href":"https:\/\/eu.man-machine.com\/de\/wp-json\/wp\/v2\/product_cat?post=8422"},{"taxonomy":"product_tag","embeddable":true,"href":"https:\/\/eu.man-machine.com\/de\/wp-json\/wp\/v2\/product_tag?post=8422"}],"curies":[{"name":"wp","href":"https:\/\/api.w.org\/{rel}","templated":true}]}}