{"id":8425,"date":"2024-11-01T12:52:06","date_gmt":"2024-11-01T11:52:06","guid":{"rendered":"https:\/\/eu.man-machine.com\/product\/c-mouse-schwarz\/"},"modified":"2025-12-04T13:52:19","modified_gmt":"2025-12-04T12:52:19","slug":"c-mouse-schwarz","status":"publish","type":"product","link":"https:\/\/eu.man-machine.com\/de\/produkt\/c-mouse-schwarz\/","title":{"rendered":"C Mouse &#8211; schwarz"},"content":{"rendered":"<p>Die C Mouse vereint das Aussehen und die Funktionalit\u00e4t einer Standardmaus \u2013 l\u00e4sst sich jedoch problemlos reinigen und mit einem geeigneten Fl\u00e4chendesinfektionsmittel desinfizieren.<\/p>\n<p>Die hygienische 1000 DPI Optical Mouse verf\u00fcgt klassisch \u00fcber zwei Maustasten und ein Scrollrad, damit sich Benutzer sofort vertraut f\u00fchlen. Die C Mouse wird nach unseren hohen Qualit\u00e4tsanforderungen gebaut und ist IP68 zertifiziert.<\/p>\n<p>Die C Mouse ist ideal f\u00fcr medizinische Arbeitspl\u00e4tze, an denen die Maus intensiv genutzt wird, z. B. bei Medizinwagen, die 24 Stunden am Tag verwendet werden.<\/p>\n","protected":false},"excerpt":{"rendered":"<p>Die C Mouse vereint das Aussehen und die Funktionalit\u00e4t einer Standardmaus \u2013 l\u00e4sst sich jedoch problemlos reinigen und mit einem geeigneten Fl\u00e4chendesinfektionsmittel desinfizieren. Die hygienische 1000 DPI Optical Mouse verf\u00fcgt&#8230;<\/p>\n","protected":false},"featured_media":5910,"template":"","meta":{"_acf_changed":false,"_glsr_average":0,"_glsr_ranking":0,"_glsr_reviews":0},"product_brand":[],"product_cat":[681],"product_tag":[],"class_list":{"0":"post-8425","1":"product","2":"type-product","3":"status-publish","4":"has-post-thumbnail","6":"product_cat-mause","8":"first","9":"instock","10":"shipping-taxable","11":"product-type-simple"},"acf":[],"yoast_head":"<!-- This site is optimized with the Yoast SEO plugin v26.9 - https:\/\/yoast.com\/product\/yoast-seo-wordpress\/ -->\n<title>Man &amp; Machine C Mouse M\u00e4use (Schwarz)<\/title>\n<meta name=\"description\" content=\"Die C Mouse schwarz ist eine IP65 Hygienemaus, abwaschbar und abwischbar, entwickelt f\u00fcr die Infektionskontrolle im Krankenhaus und angenehm im Gebrauch.\" \/>\n<meta name=\"robots\" content=\"index, follow, max-snippet:-1, max-image-preview:large, max-video-preview:-1\" \/>\n<link rel=\"canonical\" href=\"https:\/\/eu.man-machine.com\/de\/produkt\/c-mouse-schwarz\/\" \/>\n<meta property=\"og:locale\" content=\"de_DE\" \/>\n<meta property=\"og:type\" content=\"article\" \/>\n<meta property=\"og:title\" content=\"Man &amp; Machine C Mouse M\u00e4use (Schwarz)\" \/>\n<meta property=\"og:description\" content=\"Die C Mouse schwarz ist eine IP65 Hygienemaus, abwaschbar und abwischbar, entwickelt f\u00fcr die Infektionskontrolle im Krankenhaus und angenehm im Gebrauch.\" \/>\n<meta property=\"og:url\" content=\"https:\/\/eu.man-machine.com\/de\/produkt\/c-mouse-schwarz\/\" \/>\n<meta property=\"og:site_name\" content=\"Man &amp; Machine\" \/>\n<meta property=\"article:publisher\" content=\"https:\/\/www.facebook.com\/ManAndMachine\/\" \/>\n<meta property=\"article:modified_time\" content=\"2025-12-04T12:52:19+00:00\" \/>\n<meta property=\"og:image\" content=\"https:\/\/eu.man-machine.com\/wp-content\/uploads\/2024\/11\/CM_black_top.png\" \/>\n\t<meta property=\"og:image:width\" content=\"1333\" \/>\n\t<meta property=\"og:image:height\" content=\"2000\" \/>\n\t<meta property=\"og:image:type\" content=\"image\/png\" \/>\n<meta name=\"twitter:card\" content=\"summary_large_image\" \/>\n<meta name=\"twitter:site\" content=\"@manandmachineco\" \/>\n<meta name=\"twitter:label1\" content=\"Gesch\u00e4tzte Lesezeit\" \/>\n\t<meta name=\"twitter:data1\" content=\"3\u00a0Minuten\" \/>\n<script type=\"application\/ld+json\" class=\"yoast-schema-graph\">{\"@context\":\"https:\/\/schema.org\",\"@graph\":[{\"@type\":\"WebPage\",\"@id\":\"https:\/\/eu.man-machine.com\/de\/produkt\/c-mouse-schwarz\/\",\"url\":\"https:\/\/eu.man-machine.com\/de\/produkt\/c-mouse-schwarz\/\",\"name\":\"Man & Machine C Mouse M\u00e4use (Schwarz)\",\"isPartOf\":{\"@id\":\"https:\/\/eu.man-machine.com\/de\/#website\"},\"primaryImageOfPage\":{\"@id\":\"https:\/\/eu.man-machine.com\/de\/produkt\/c-mouse-schwarz\/#primaryimage\"},\"image\":{\"@id\":\"https:\/\/eu.man-machine.com\/de\/produkt\/c-mouse-schwarz\/#primaryimage\"},\"thumbnailUrl\":\"https:\/\/eu.man-machine.com\/wp-content\/uploads\/2024\/11\/CM_black_top.png\",\"datePublished\":\"2024-11-01T11:52:06+00:00\",\"dateModified\":\"2025-12-04T12:52:19+00:00\",\"description\":\"Die C Mouse schwarz ist eine IP65 Hygienemaus, abwaschbar und abwischbar, entwickelt f\u00fcr die Infektionskontrolle im Krankenhaus und angenehm im Gebrauch.\",\"breadcrumb\":{\"@id\":\"https:\/\/eu.man-machine.com\/de\/produkt\/c-mouse-schwarz\/#breadcrumb\"},\"inLanguage\":\"de\",\"potentialAction\":[{\"@type\":\"ReadAction\",\"target\":[\"https:\/\/eu.man-machine.com\/de\/produkt\/c-mouse-schwarz\/\"]}]},{\"@type\":\"ImageObject\",\"inLanguage\":\"de\",\"@id\":\"https:\/\/eu.man-machine.com\/de\/produkt\/c-mouse-schwarz\/#primaryimage\",\"url\":\"https:\/\/eu.man-machine.com\/wp-content\/uploads\/2024\/11\/CM_black_top.png\",\"contentUrl\":\"https:\/\/eu.man-machine.com\/wp-content\/uploads\/2024\/11\/CM_black_top.png\",\"width\":1333,\"height\":2000},{\"@type\":\"BreadcrumbList\",\"@id\":\"https:\/\/eu.man-machine.com\/de\/produkt\/c-mouse-schwarz\/#breadcrumb\",\"itemListElement\":[{\"@type\":\"ListItem\",\"position\":1,\"name\":\"Home\",\"item\":\"https:\/\/eu.man-machine.com\/de\/\"},{\"@type\":\"ListItem\",\"position\":2,\"name\":\"Katalog\",\"item\":\"https:\/\/eu.man-machine.com\/catalogue\/\"},{\"@type\":\"ListItem\",\"position\":3,\"name\":\"M\u00e4use\",\"item\":\"https:\/\/eu.man-machine.com\/de\/produkt-kategorie\/mause\/\"},{\"@type\":\"ListItem\",\"position\":4,\"name\":\"C Mouse &#8211; schwarz\"}]},{\"@type\":\"WebSite\",\"@id\":\"https:\/\/eu.man-machine.com\/de\/#website\",\"url\":\"https:\/\/eu.man-machine.com\/de\/\",\"name\":\"Man & Machine\",\"description\":\"Wasserdichte Tastaturen f\u00fcr medizinische und industrielle Anwendungen\",\"publisher\":{\"@id\":\"https:\/\/eu.man-machine.com\/de\/#organization\"},\"alternateName\":\"Man and Machine\",\"potentialAction\":[{\"@type\":\"SearchAction\",\"target\":{\"@type\":\"EntryPoint\",\"urlTemplate\":\"https:\/\/eu.man-machine.com\/de\/?s={search_term_string}\"},\"query-input\":{\"@type\":\"PropertyValueSpecification\",\"valueRequired\":true,\"valueName\":\"search_term_string\"}}],\"inLanguage\":\"de\"},{\"@type\":\"Organization\",\"@id\":\"https:\/\/eu.man-machine.com\/de\/#organization\",\"name\":\"Man & Machine\",\"alternateName\":\"Man and Machine\",\"url\":\"https:\/\/eu.man-machine.com\/de\/\",\"logo\":{\"@type\":\"ImageObject\",\"inLanguage\":\"de\",\"@id\":\"https:\/\/eu.man-machine.com\/de\/#\/schema\/logo\/image\/\",\"url\":\"https:\/\/eu.man-machine.com\/wp-content\/uploads\/2024\/11\/man-and-machine-logo-svg.svg\",\"contentUrl\":\"https:\/\/eu.man-machine.com\/wp-content\/uploads\/2024\/11\/man-and-machine-logo-svg.svg\",\"width\":293,\"height\":28,\"caption\":\"Man & Machine\"},\"image\":{\"@id\":\"https:\/\/eu.man-machine.com\/de\/#\/schema\/logo\/image\/\"},\"sameAs\":[\"https:\/\/www.facebook.com\/ManAndMachine\/\",\"https:\/\/x.com\/manandmachineco\"]}]}<\/script>\n<!-- \/ Yoast SEO plugin. -->","yoast_head_json":{"title":"Man & Machine C Mouse M\u00e4use (Schwarz)","description":"Die C Mouse schwarz ist eine IP65 Hygienemaus, abwaschbar und abwischbar, entwickelt f\u00fcr die Infektionskontrolle im Krankenhaus und angenehm im Gebrauch.","robots":{"index":"index","follow":"follow","max-snippet":"max-snippet:-1","max-image-preview":"max-image-preview:large","max-video-preview":"max-video-preview:-1"},"canonical":"https:\/\/eu.man-machine.com\/de\/produkt\/c-mouse-schwarz\/","og_locale":"de_DE","og_type":"article","og_title":"Man & Machine C Mouse M\u00e4use (Schwarz)","og_description":"Die C Mouse schwarz ist eine IP65 Hygienemaus, abwaschbar und abwischbar, entwickelt f\u00fcr die Infektionskontrolle im Krankenhaus und angenehm im Gebrauch.","og_url":"https:\/\/eu.man-machine.com\/de\/produkt\/c-mouse-schwarz\/","og_site_name":"Man & Machine","article_publisher":"https:\/\/www.facebook.com\/ManAndMachine\/","article_modified_time":"2025-12-04T12:52:19+00:00","og_image":[{"width":1333,"height":2000,"url":"https:\/\/eu.man-machine.com\/wp-content\/uploads\/2024\/11\/CM_black_top.png","type":"image\/png"}],"twitter_card":"summary_large_image","twitter_site":"@manandmachineco","twitter_misc":{"Gesch\u00e4tzte Lesezeit":"3\u00a0Minuten"},"schema":{"@context":"https:\/\/schema.org","@graph":[{"@type":"WebPage","@id":"https:\/\/eu.man-machine.com\/de\/produkt\/c-mouse-schwarz\/","url":"https:\/\/eu.man-machine.com\/de\/produkt\/c-mouse-schwarz\/","name":"Man & Machine C Mouse M\u00e4use (Schwarz)","isPartOf":{"@id":"https:\/\/eu.man-machine.com\/de\/#website"},"primaryImageOfPage":{"@id":"https:\/\/eu.man-machine.com\/de\/produkt\/c-mouse-schwarz\/#primaryimage"},"image":{"@id":"https:\/\/eu.man-machine.com\/de\/produkt\/c-mouse-schwarz\/#primaryimage"},"thumbnailUrl":"https:\/\/eu.man-machine.com\/wp-content\/uploads\/2024\/11\/CM_black_top.png","datePublished":"2024-11-01T11:52:06+00:00","dateModified":"2025-12-04T12:52:19+00:00","description":"Die C Mouse schwarz ist eine IP65 Hygienemaus, abwaschbar und abwischbar, entwickelt f\u00fcr die Infektionskontrolle im Krankenhaus und angenehm im Gebrauch.","breadcrumb":{"@id":"https:\/\/eu.man-machine.com\/de\/produkt\/c-mouse-schwarz\/#breadcrumb"},"inLanguage":"de","potentialAction":[{"@type":"ReadAction","target":["https:\/\/eu.man-machine.com\/de\/produkt\/c-mouse-schwarz\/"]}]},{"@type":"ImageObject","inLanguage":"de","@id":"https:\/\/eu.man-machine.com\/de\/produkt\/c-mouse-schwarz\/#primaryimage","url":"https:\/\/eu.man-machine.com\/wp-content\/uploads\/2024\/11\/CM_black_top.png","contentUrl":"https:\/\/eu.man-machine.com\/wp-content\/uploads\/2024\/11\/CM_black_top.png","width":1333,"height":2000},{"@type":"BreadcrumbList","@id":"https:\/\/eu.man-machine.com\/de\/produkt\/c-mouse-schwarz\/#breadcrumb","itemListElement":[{"@type":"ListItem","position":1,"name":"Home","item":"https:\/\/eu.man-machine.com\/de\/"},{"@type":"ListItem","position":2,"name":"Katalog","item":"https:\/\/eu.man-machine.com\/catalogue\/"},{"@type":"ListItem","position":3,"name":"M\u00e4use","item":"https:\/\/eu.man-machine.com\/de\/produkt-kategorie\/mause\/"},{"@type":"ListItem","position":4,"name":"C Mouse &#8211; schwarz"}]},{"@type":"WebSite","@id":"https:\/\/eu.man-machine.com\/de\/#website","url":"https:\/\/eu.man-machine.com\/de\/","name":"Man & Machine","description":"Wasserdichte Tastaturen f\u00fcr medizinische und industrielle Anwendungen","publisher":{"@id":"https:\/\/eu.man-machine.com\/de\/#organization"},"alternateName":"Man and Machine","potentialAction":[{"@type":"SearchAction","target":{"@type":"EntryPoint","urlTemplate":"https:\/\/eu.man-machine.com\/de\/?s={search_term_string}"},"query-input":{"@type":"PropertyValueSpecification","valueRequired":true,"valueName":"search_term_string"}}],"inLanguage":"de"},{"@type":"Organization","@id":"https:\/\/eu.man-machine.com\/de\/#organization","name":"Man & Machine","alternateName":"Man and Machine","url":"https:\/\/eu.man-machine.com\/de\/","logo":{"@type":"ImageObject","inLanguage":"de","@id":"https:\/\/eu.man-machine.com\/de\/#\/schema\/logo\/image\/","url":"https:\/\/eu.man-machine.com\/wp-content\/uploads\/2024\/11\/man-and-machine-logo-svg.svg","contentUrl":"https:\/\/eu.man-machine.com\/wp-content\/uploads\/2024\/11\/man-and-machine-logo-svg.svg","width":293,"height":28,"caption":"Man & Machine"},"image":{"@id":"https:\/\/eu.man-machine.com\/de\/#\/schema\/logo\/image\/"},"sameAs":["https:\/\/www.facebook.com\/ManAndMachine\/","https:\/\/x.com\/manandmachineco"]}]}},"_links":{"self":[{"href":"https:\/\/eu.man-machine.com\/de\/wp-json\/wp\/v2\/product\/8425","targetHints":{"allow":["GET"]}}],"collection":[{"href":"https:\/\/eu.man-machine.com\/de\/wp-json\/wp\/v2\/product"}],"about":[{"href":"https:\/\/eu.man-machine.com\/de\/wp-json\/wp\/v2\/types\/product"}],"wp:featuredmedia":[{"embeddable":true,"href":"https:\/\/eu.man-machine.com\/de\/wp-json\/wp\/v2\/media\/5910"}],"wp:attachment":[{"href":"https:\/\/eu.man-machine.com\/de\/wp-json\/wp\/v2\/media?parent=8425"}],"wp:term":[{"taxonomy":"product_brand","embeddable":true,"href":"https:\/\/eu.man-machine.com\/de\/wp-json\/wp\/v2\/product_brand?post=8425"},{"taxonomy":"product_cat","embeddable":true,"href":"https:\/\/eu.man-machine.com\/de\/wp-json\/wp\/v2\/product_cat?post=8425"},{"taxonomy":"product_tag","embeddable":true,"href":"https:\/\/eu.man-machine.com\/de\/wp-json\/wp\/v2\/product_tag?post=8425"}],"curies":[{"name":"wp","href":"https:\/\/api.w.org\/{rel}","templated":true}]}}