{"id":8437,"date":"2024-10-31T09:25:30","date_gmt":"2024-10-31T08:25:30","guid":{"rendered":"https:\/\/eu.man-machine.com\/product\/its-cool-drape\/"},"modified":"2025-12-04T13:57:15","modified_gmt":"2025-12-04T12:57:15","slug":"its-cool-drape","status":"publish","type":"product","link":"https:\/\/eu.man-machine.com\/de\/produkt\/its-cool-drape\/","title":{"rendered":"Its Cool Drape"},"content":{"rendered":"<p>Die wei\u00dfe Its Cool Schutzabdeckung ist ein layout-bedruckter Silikonbezug. Sie k\u00f6nnen das \u2018Its Cool Drape\u2019 separat als Einzelst\u00fcck bestellen.<\/p>\n<p>Unser Its Cool Drape bietet zus\u00e4tzlichen Hygieneschutz durch ultra-schnelle Wischdesinfektion, wobei Bakterien nicht mehr zwischen den Tasten eindringen k\u00f6nnen. Das Its Cool Drape kann sicher abgewischt oder bespr\u00fcht und sogar in einem standardm\u00e4\u00dfig zugelassenen Krankenhaus-Desinfektionsmittel eingeweicht werden. Es kann auch in einem Autoklaven desinfiziert werden.<\/p>\n<h6>Unser Tipp:<\/h6>\n<p>Bestellen Sie beim Kauf Ihrer Its Cool Flat Tastatur am besten gleich einige Schutzabdeckungen mit. Sie k\u00f6nnen diese dann separat reinigen, ohne Ihre Arbeit unterbrechen zu m\u00fcssen. Nat\u00fcrlich k\u00f6nnen Sie auch das Its Cool Drape verwenden, um Ihre aktuelle Its Cool Tastatur in eine Its Cool Flat zu verwandeln.<\/p>\n<div id=\"gtx-trans\" style=\"position: absolute; left: -23px; top: 174.188px;\">\n<div class=\"gtx-trans-icon\"><\/div>\n<\/div>\n","protected":false},"excerpt":{"rendered":"<p>Die wei\u00dfe Its Cool Schutzabdeckung ist ein layout-bedruckter Silikonbezug. Sie k\u00f6nnen das \u2018Its Cool Drape\u2019 separat als Einzelst\u00fcck bestellen. Unser Its Cool Drape bietet zus\u00e4tzlichen Hygieneschutz durch ultra-schnelle Wischdesinfektion, wobei&#8230;<\/p>\n","protected":false},"featured_media":5766,"template":"","meta":{"_acf_changed":false,"_glsr_average":0,"_glsr_ranking":0,"_glsr_reviews":0},"product_brand":[],"product_cat":[611],"product_tag":[],"class_list":{"0":"post-8437","1":"product","2":"type-product","3":"status-publish","4":"has-post-thumbnail","6":"product_cat-zubehor","8":"first","9":"instock","10":"shipping-taxable","11":"product-type-variable"},"acf":[],"yoast_head":"<!-- This site is optimized with the Yoast SEO plugin v26.9 - https:\/\/yoast.com\/product\/yoast-seo-wordpress\/ -->\n<title>Man &amp; Machine Its Cool Drape Schutzabdeckung<\/title>\n<meta name=\"description\" content=\"Die Its Cool Drape ist eine bedruckte Silikon Schutzh\u00fclle f\u00fcr Its Cool und Its Cool Flat Tastaturen und bietet zus\u00e4tzlichen hygienischen Schutz.\" \/>\n<meta name=\"robots\" content=\"index, follow, max-snippet:-1, max-image-preview:large, max-video-preview:-1\" \/>\n<link rel=\"canonical\" href=\"https:\/\/eu.man-machine.com\/de\/produkt\/its-cool-drape\/\" \/>\n<meta property=\"og:locale\" content=\"de_DE\" \/>\n<meta property=\"og:type\" content=\"article\" \/>\n<meta property=\"og:title\" content=\"Man &amp; Machine Its Cool Drape Schutzabdeckung\" \/>\n<meta property=\"og:description\" content=\"Die Its Cool Drape ist eine bedruckte Silikon Schutzh\u00fclle f\u00fcr Its Cool und Its Cool Flat Tastaturen und bietet zus\u00e4tzlichen hygienischen Schutz.\" \/>\n<meta property=\"og:url\" content=\"https:\/\/eu.man-machine.com\/de\/produkt\/its-cool-drape\/\" \/>\n<meta property=\"og:site_name\" content=\"Man &amp; Machine\" \/>\n<meta property=\"article:publisher\" content=\"https:\/\/www.facebook.com\/ManAndMachine\/\" \/>\n<meta property=\"article:modified_time\" content=\"2025-12-04T12:57:15+00:00\" \/>\n<meta property=\"og:image\" content=\"https:\/\/eu.man-machine.com\/wp-content\/uploads\/2024\/10\/ICF_white_US_drape-offL_front.png\" \/>\n\t<meta property=\"og:image:width\" content=\"1859\" \/>\n\t<meta property=\"og:image:height\" content=\"765\" \/>\n\t<meta property=\"og:image:type\" content=\"image\/png\" \/>\n<meta name=\"twitter:card\" content=\"summary_large_image\" \/>\n<meta name=\"twitter:site\" content=\"@manandmachineco\" \/>\n<meta name=\"twitter:label1\" content=\"Gesch\u00e4tzte Lesezeit\" \/>\n\t<meta name=\"twitter:data1\" content=\"2\u00a0Minuten\" \/>\n<script type=\"application\/ld+json\" class=\"yoast-schema-graph\">{\"@context\":\"https:\/\/schema.org\",\"@graph\":[{\"@type\":\"WebPage\",\"@id\":\"https:\/\/eu.man-machine.com\/de\/produkt\/its-cool-drape\/\",\"url\":\"https:\/\/eu.man-machine.com\/de\/produkt\/its-cool-drape\/\",\"name\":\"Man & Machine Its Cool Drape Schutzabdeckung\",\"isPartOf\":{\"@id\":\"https:\/\/eu.man-machine.com\/de\/#website\"},\"primaryImageOfPage\":{\"@id\":\"https:\/\/eu.man-machine.com\/de\/produkt\/its-cool-drape\/#primaryimage\"},\"image\":{\"@id\":\"https:\/\/eu.man-machine.com\/de\/produkt\/its-cool-drape\/#primaryimage\"},\"thumbnailUrl\":\"https:\/\/eu.man-machine.com\/wp-content\/uploads\/2024\/10\/ICF_white_US_drape-offL_front.png\",\"datePublished\":\"2024-10-31T08:25:30+00:00\",\"dateModified\":\"2025-12-04T12:57:15+00:00\",\"description\":\"Die Its Cool Drape ist eine bedruckte Silikon Schutzh\u00fclle f\u00fcr Its Cool und Its Cool Flat Tastaturen und bietet zus\u00e4tzlichen hygienischen Schutz.\",\"breadcrumb\":{\"@id\":\"https:\/\/eu.man-machine.com\/de\/produkt\/its-cool-drape\/#breadcrumb\"},\"inLanguage\":\"de\",\"potentialAction\":[{\"@type\":\"ReadAction\",\"target\":[\"https:\/\/eu.man-machine.com\/de\/produkt\/its-cool-drape\/\"]}]},{\"@type\":\"ImageObject\",\"inLanguage\":\"de\",\"@id\":\"https:\/\/eu.man-machine.com\/de\/produkt\/its-cool-drape\/#primaryimage\",\"url\":\"https:\/\/eu.man-machine.com\/wp-content\/uploads\/2024\/10\/ICF_white_US_drape-offL_front.png\",\"contentUrl\":\"https:\/\/eu.man-machine.com\/wp-content\/uploads\/2024\/10\/ICF_white_US_drape-offL_front.png\",\"width\":1859,\"height\":765,\"caption\":\"A Man & Machine Its Cool keyboard with a protective silicone drape with key print, pealed off at the left side\"},{\"@type\":\"BreadcrumbList\",\"@id\":\"https:\/\/eu.man-machine.com\/de\/produkt\/its-cool-drape\/#breadcrumb\",\"itemListElement\":[{\"@type\":\"ListItem\",\"position\":1,\"name\":\"Home\",\"item\":\"https:\/\/eu.man-machine.com\/de\/\"},{\"@type\":\"ListItem\",\"position\":2,\"name\":\"Katalog\",\"item\":\"https:\/\/eu.man-machine.com\/catalogue\/\"},{\"@type\":\"ListItem\",\"position\":3,\"name\":\"Zubeh\u00f6r\",\"item\":\"https:\/\/eu.man-machine.com\/de\/produkt-kategorie\/zubehor\/\"},{\"@type\":\"ListItem\",\"position\":4,\"name\":\"Its Cool Drape\"}]},{\"@type\":\"WebSite\",\"@id\":\"https:\/\/eu.man-machine.com\/de\/#website\",\"url\":\"https:\/\/eu.man-machine.com\/de\/\",\"name\":\"Man & Machine\",\"description\":\"Wasserdichte Tastaturen f\u00fcr medizinische und industrielle Anwendungen\",\"publisher\":{\"@id\":\"https:\/\/eu.man-machine.com\/de\/#organization\"},\"alternateName\":\"Man and Machine\",\"potentialAction\":[{\"@type\":\"SearchAction\",\"target\":{\"@type\":\"EntryPoint\",\"urlTemplate\":\"https:\/\/eu.man-machine.com\/de\/?s={search_term_string}\"},\"query-input\":{\"@type\":\"PropertyValueSpecification\",\"valueRequired\":true,\"valueName\":\"search_term_string\"}}],\"inLanguage\":\"de\"},{\"@type\":\"Organization\",\"@id\":\"https:\/\/eu.man-machine.com\/de\/#organization\",\"name\":\"Man & Machine\",\"alternateName\":\"Man and Machine\",\"url\":\"https:\/\/eu.man-machine.com\/de\/\",\"logo\":{\"@type\":\"ImageObject\",\"inLanguage\":\"de\",\"@id\":\"https:\/\/eu.man-machine.com\/de\/#\/schema\/logo\/image\/\",\"url\":\"https:\/\/eu.man-machine.com\/wp-content\/uploads\/2024\/11\/man-and-machine-logo-svg.svg\",\"contentUrl\":\"https:\/\/eu.man-machine.com\/wp-content\/uploads\/2024\/11\/man-and-machine-logo-svg.svg\",\"width\":293,\"height\":28,\"caption\":\"Man & Machine\"},\"image\":{\"@id\":\"https:\/\/eu.man-machine.com\/de\/#\/schema\/logo\/image\/\"},\"sameAs\":[\"https:\/\/www.facebook.com\/ManAndMachine\/\",\"https:\/\/x.com\/manandmachineco\"]}]}<\/script>\n<!-- \/ Yoast SEO plugin. -->","yoast_head_json":{"title":"Man & Machine Its Cool Drape Schutzabdeckung","description":"Die Its Cool Drape ist eine bedruckte Silikon Schutzh\u00fclle f\u00fcr Its Cool und Its Cool Flat Tastaturen und bietet zus\u00e4tzlichen hygienischen Schutz.","robots":{"index":"index","follow":"follow","max-snippet":"max-snippet:-1","max-image-preview":"max-image-preview:large","max-video-preview":"max-video-preview:-1"},"canonical":"https:\/\/eu.man-machine.com\/de\/produkt\/its-cool-drape\/","og_locale":"de_DE","og_type":"article","og_title":"Man & Machine Its Cool Drape Schutzabdeckung","og_description":"Die Its Cool Drape ist eine bedruckte Silikon Schutzh\u00fclle f\u00fcr Its Cool und Its Cool Flat Tastaturen und bietet zus\u00e4tzlichen hygienischen Schutz.","og_url":"https:\/\/eu.man-machine.com\/de\/produkt\/its-cool-drape\/","og_site_name":"Man & Machine","article_publisher":"https:\/\/www.facebook.com\/ManAndMachine\/","article_modified_time":"2025-12-04T12:57:15+00:00","og_image":[{"width":1859,"height":765,"url":"https:\/\/eu.man-machine.com\/wp-content\/uploads\/2024\/10\/ICF_white_US_drape-offL_front.png","type":"image\/png"}],"twitter_card":"summary_large_image","twitter_site":"@manandmachineco","twitter_misc":{"Gesch\u00e4tzte Lesezeit":"2\u00a0Minuten"},"schema":{"@context":"https:\/\/schema.org","@graph":[{"@type":"WebPage","@id":"https:\/\/eu.man-machine.com\/de\/produkt\/its-cool-drape\/","url":"https:\/\/eu.man-machine.com\/de\/produkt\/its-cool-drape\/","name":"Man & Machine Its Cool Drape Schutzabdeckung","isPartOf":{"@id":"https:\/\/eu.man-machine.com\/de\/#website"},"primaryImageOfPage":{"@id":"https:\/\/eu.man-machine.com\/de\/produkt\/its-cool-drape\/#primaryimage"},"image":{"@id":"https:\/\/eu.man-machine.com\/de\/produkt\/its-cool-drape\/#primaryimage"},"thumbnailUrl":"https:\/\/eu.man-machine.com\/wp-content\/uploads\/2024\/10\/ICF_white_US_drape-offL_front.png","datePublished":"2024-10-31T08:25:30+00:00","dateModified":"2025-12-04T12:57:15+00:00","description":"Die Its Cool Drape ist eine bedruckte Silikon Schutzh\u00fclle f\u00fcr Its Cool und Its Cool Flat Tastaturen und bietet zus\u00e4tzlichen hygienischen Schutz.","breadcrumb":{"@id":"https:\/\/eu.man-machine.com\/de\/produkt\/its-cool-drape\/#breadcrumb"},"inLanguage":"de","potentialAction":[{"@type":"ReadAction","target":["https:\/\/eu.man-machine.com\/de\/produkt\/its-cool-drape\/"]}]},{"@type":"ImageObject","inLanguage":"de","@id":"https:\/\/eu.man-machine.com\/de\/produkt\/its-cool-drape\/#primaryimage","url":"https:\/\/eu.man-machine.com\/wp-content\/uploads\/2024\/10\/ICF_white_US_drape-offL_front.png","contentUrl":"https:\/\/eu.man-machine.com\/wp-content\/uploads\/2024\/10\/ICF_white_US_drape-offL_front.png","width":1859,"height":765,"caption":"A Man & Machine Its Cool keyboard with a protective silicone drape with key print, pealed off at the left side"},{"@type":"BreadcrumbList","@id":"https:\/\/eu.man-machine.com\/de\/produkt\/its-cool-drape\/#breadcrumb","itemListElement":[{"@type":"ListItem","position":1,"name":"Home","item":"https:\/\/eu.man-machine.com\/de\/"},{"@type":"ListItem","position":2,"name":"Katalog","item":"https:\/\/eu.man-machine.com\/catalogue\/"},{"@type":"ListItem","position":3,"name":"Zubeh\u00f6r","item":"https:\/\/eu.man-machine.com\/de\/produkt-kategorie\/zubehor\/"},{"@type":"ListItem","position":4,"name":"Its Cool Drape"}]},{"@type":"WebSite","@id":"https:\/\/eu.man-machine.com\/de\/#website","url":"https:\/\/eu.man-machine.com\/de\/","name":"Man & Machine","description":"Wasserdichte Tastaturen f\u00fcr medizinische und industrielle Anwendungen","publisher":{"@id":"https:\/\/eu.man-machine.com\/de\/#organization"},"alternateName":"Man and Machine","potentialAction":[{"@type":"SearchAction","target":{"@type":"EntryPoint","urlTemplate":"https:\/\/eu.man-machine.com\/de\/?s={search_term_string}"},"query-input":{"@type":"PropertyValueSpecification","valueRequired":true,"valueName":"search_term_string"}}],"inLanguage":"de"},{"@type":"Organization","@id":"https:\/\/eu.man-machine.com\/de\/#organization","name":"Man & Machine","alternateName":"Man and Machine","url":"https:\/\/eu.man-machine.com\/de\/","logo":{"@type":"ImageObject","inLanguage":"de","@id":"https:\/\/eu.man-machine.com\/de\/#\/schema\/logo\/image\/","url":"https:\/\/eu.man-machine.com\/wp-content\/uploads\/2024\/11\/man-and-machine-logo-svg.svg","contentUrl":"https:\/\/eu.man-machine.com\/wp-content\/uploads\/2024\/11\/man-and-machine-logo-svg.svg","width":293,"height":28,"caption":"Man & Machine"},"image":{"@id":"https:\/\/eu.man-machine.com\/de\/#\/schema\/logo\/image\/"},"sameAs":["https:\/\/www.facebook.com\/ManAndMachine\/","https:\/\/x.com\/manandmachineco"]}]}},"_links":{"self":[{"href":"https:\/\/eu.man-machine.com\/de\/wp-json\/wp\/v2\/product\/8437","targetHints":{"allow":["GET"]}}],"collection":[{"href":"https:\/\/eu.man-machine.com\/de\/wp-json\/wp\/v2\/product"}],"about":[{"href":"https:\/\/eu.man-machine.com\/de\/wp-json\/wp\/v2\/types\/product"}],"wp:featuredmedia":[{"embeddable":true,"href":"https:\/\/eu.man-machine.com\/de\/wp-json\/wp\/v2\/media\/5766"}],"wp:attachment":[{"href":"https:\/\/eu.man-machine.com\/de\/wp-json\/wp\/v2\/media?parent=8437"}],"wp:term":[{"taxonomy":"product_brand","embeddable":true,"href":"https:\/\/eu.man-machine.com\/de\/wp-json\/wp\/v2\/product_brand?post=8437"},{"taxonomy":"product_cat","embeddable":true,"href":"https:\/\/eu.man-machine.com\/de\/wp-json\/wp\/v2\/product_cat?post=8437"},{"taxonomy":"product_tag","embeddable":true,"href":"https:\/\/eu.man-machine.com\/de\/wp-json\/wp\/v2\/product_tag?post=8437"}],"curies":[{"name":"wp","href":"https:\/\/api.w.org\/{rel}","templated":true}]}}