{"id":8440,"date":"2024-10-30T17:59:40","date_gmt":"2024-10-30T16:59:40","guid":{"rendered":"https:\/\/eu.man-machine.com\/product\/its-cool-clear-drape\/"},"modified":"2025-12-04T13:27:17","modified_gmt":"2025-12-04T12:27:17","slug":"its-cool-clear-drape","status":"publish","type":"product","link":"https:\/\/eu.man-machine.com\/de\/produkt\/its-cool-clear-drape\/","title":{"rendered":"Its Cool Clear Drape"},"content":{"rendered":"<p>Das \u2018Its Cool Clear Drape\u2019 ist ein transparenter Silikonbezug, passend zur der Its Cool Tastatur. Die Schutzfolie ist als Einzelst\u00fcck bestellbar. Das Its Cool Clear Drape wird f\u00fcr die Tastatur Its Cool mit bedrucktem Tasten gebraucht.<\/p>\n<p>Unser Its Cool Clear Drape bietet zus\u00e4tzlichen Hygieneschutz durch ultra-schnelle Wischdesinfektion, wobei Bakterien nicht mehr zwischen den Tasten eindringen k\u00f6nnen. Das Its Cool Clear Drape kann sicher abgewischt oder bespr\u00fcht und sogar in einem standardm\u00e4\u00dfig zugelassenen Krankenhaus-Desinfektionsmittel eingeweicht werden. Es kann auch in einem Autoklaven desinfiziert werden.<\/p>\n<h6>Unser Tipp:<\/h6>\n<p>Bestellen Sie beim Kauf Ihrer Its Cool Tastatur am besten gleich einige Schutzabdeckungen mit. Sie k\u00f6nnen diese dann separat reinigen, ohne Ihre Arbeit unterbrechen zu m\u00fcssen.<\/p>\n","protected":false},"excerpt":{"rendered":"<p>Das \u2018Its Cool Clear Drape\u2019 ist ein transparenter Silikonbezug, passend zur der Its Cool Tastatur. Die Schutzfolie ist als Einzelst\u00fcck bestellbar. Das Its Cool Clear Drape wird f\u00fcr die Tastatur&#8230;<\/p>\n","protected":false},"featured_media":5665,"template":"","meta":{"_acf_changed":false,"_glsr_average":0,"_glsr_ranking":0,"_glsr_reviews":0},"product_brand":[],"product_cat":[611],"product_tag":[],"class_list":{"0":"post-8440","1":"product","2":"type-product","3":"status-publish","4":"has-post-thumbnail","6":"product_cat-zubehor","8":"first","9":"instock","10":"shipping-taxable","11":"product-type-simple"},"acf":[],"yoast_head":"<!-- This site is optimized with the Yoast SEO plugin v26.9 - https:\/\/yoast.com\/product\/yoast-seo-wordpress\/ -->\n<title>Man &amp; Machine Its Cool Clear Drape Schutzh\u00fclle<\/title>\n<meta name=\"description\" content=\"Die Its Cool Clear Drape ist eine transparente Silikon Schutzh\u00fclle f\u00fcr Its Cool Tastaturen und bietet zus\u00e4tzlichen hygienischen Schutz.\" \/>\n<meta name=\"robots\" content=\"index, follow, max-snippet:-1, max-image-preview:large, max-video-preview:-1\" \/>\n<link rel=\"canonical\" href=\"https:\/\/eu.man-machine.com\/de\/produkt\/its-cool-clear-drape\/\" \/>\n<meta property=\"og:locale\" content=\"de_DE\" \/>\n<meta property=\"og:type\" content=\"article\" \/>\n<meta property=\"og:title\" content=\"Man &amp; Machine Its Cool Clear Drape Schutzh\u00fclle\" \/>\n<meta property=\"og:description\" content=\"Die Its Cool Clear Drape ist eine transparente Silikon Schutzh\u00fclle f\u00fcr Its Cool Tastaturen und bietet zus\u00e4tzlichen hygienischen Schutz.\" \/>\n<meta property=\"og:url\" content=\"https:\/\/eu.man-machine.com\/de\/produkt\/its-cool-clear-drape\/\" \/>\n<meta property=\"og:site_name\" content=\"Man &amp; Machine\" \/>\n<meta property=\"article:publisher\" content=\"https:\/\/www.facebook.com\/ManAndMachine\/\" \/>\n<meta property=\"article:modified_time\" content=\"2025-12-04T12:27:17+00:00\" \/>\n<meta property=\"og:image\" content=\"https:\/\/eu.man-machine.com\/wp-content\/uploads\/2024\/10\/IC_white_DE_drape_clear_angle_front.png\" \/>\n\t<meta property=\"og:image:width\" content=\"1000\" \/>\n\t<meta property=\"og:image:height\" content=\"338\" \/>\n\t<meta property=\"og:image:type\" content=\"image\/png\" \/>\n<meta name=\"twitter:card\" content=\"summary_large_image\" \/>\n<meta name=\"twitter:site\" content=\"@manandmachineco\" \/>\n<meta name=\"twitter:label1\" content=\"Gesch\u00e4tzte Lesezeit\" \/>\n\t<meta name=\"twitter:data1\" content=\"2\u00a0Minuten\" \/>\n<script type=\"application\/ld+json\" class=\"yoast-schema-graph\">{\"@context\":\"https:\/\/schema.org\",\"@graph\":[{\"@type\":\"WebPage\",\"@id\":\"https:\/\/eu.man-machine.com\/de\/produkt\/its-cool-clear-drape\/\",\"url\":\"https:\/\/eu.man-machine.com\/de\/produkt\/its-cool-clear-drape\/\",\"name\":\"Man & Machine Its Cool Clear Drape Schutzh\u00fclle\",\"isPartOf\":{\"@id\":\"https:\/\/eu.man-machine.com\/de\/#website\"},\"primaryImageOfPage\":{\"@id\":\"https:\/\/eu.man-machine.com\/de\/produkt\/its-cool-clear-drape\/#primaryimage\"},\"image\":{\"@id\":\"https:\/\/eu.man-machine.com\/de\/produkt\/its-cool-clear-drape\/#primaryimage\"},\"thumbnailUrl\":\"https:\/\/eu.man-machine.com\/wp-content\/uploads\/2024\/10\/IC_white_DE_drape_clear_angle_front.png\",\"datePublished\":\"2024-10-30T16:59:40+00:00\",\"dateModified\":\"2025-12-04T12:27:17+00:00\",\"description\":\"Die Its Cool Clear Drape ist eine transparente Silikon Schutzh\u00fclle f\u00fcr Its Cool Tastaturen und bietet zus\u00e4tzlichen hygienischen Schutz.\",\"breadcrumb\":{\"@id\":\"https:\/\/eu.man-machine.com\/de\/produkt\/its-cool-clear-drape\/#breadcrumb\"},\"inLanguage\":\"de\",\"potentialAction\":[{\"@type\":\"ReadAction\",\"target\":[\"https:\/\/eu.man-machine.com\/de\/produkt\/its-cool-clear-drape\/\"]}]},{\"@type\":\"ImageObject\",\"inLanguage\":\"de\",\"@id\":\"https:\/\/eu.man-machine.com\/de\/produkt\/its-cool-clear-drape\/#primaryimage\",\"url\":\"https:\/\/eu.man-machine.com\/wp-content\/uploads\/2024\/10\/IC_white_DE_drape_clear_angle_front.png\",\"contentUrl\":\"https:\/\/eu.man-machine.com\/wp-content\/uploads\/2024\/10\/IC_white_DE_drape_clear_angle_front.png\",\"width\":1000,\"height\":338,\"caption\":\"A Man & Machine white Its Cool keyboard with a transparent Its Cool Clear Drape\"},{\"@type\":\"BreadcrumbList\",\"@id\":\"https:\/\/eu.man-machine.com\/de\/produkt\/its-cool-clear-drape\/#breadcrumb\",\"itemListElement\":[{\"@type\":\"ListItem\",\"position\":1,\"name\":\"Home\",\"item\":\"https:\/\/eu.man-machine.com\/de\/\"},{\"@type\":\"ListItem\",\"position\":2,\"name\":\"Katalog\",\"item\":\"https:\/\/eu.man-machine.com\/catalogue\/\"},{\"@type\":\"ListItem\",\"position\":3,\"name\":\"Zubeh\u00f6r\",\"item\":\"https:\/\/eu.man-machine.com\/de\/produkt-kategorie\/zubehor\/\"},{\"@type\":\"ListItem\",\"position\":4,\"name\":\"Its Cool Clear Drape\"}]},{\"@type\":\"WebSite\",\"@id\":\"https:\/\/eu.man-machine.com\/de\/#website\",\"url\":\"https:\/\/eu.man-machine.com\/de\/\",\"name\":\"Man & Machine\",\"description\":\"Wasserdichte Tastaturen f\u00fcr medizinische und industrielle Anwendungen\",\"publisher\":{\"@id\":\"https:\/\/eu.man-machine.com\/de\/#organization\"},\"alternateName\":\"Man and Machine\",\"potentialAction\":[{\"@type\":\"SearchAction\",\"target\":{\"@type\":\"EntryPoint\",\"urlTemplate\":\"https:\/\/eu.man-machine.com\/de\/?s={search_term_string}\"},\"query-input\":{\"@type\":\"PropertyValueSpecification\",\"valueRequired\":true,\"valueName\":\"search_term_string\"}}],\"inLanguage\":\"de\"},{\"@type\":\"Organization\",\"@id\":\"https:\/\/eu.man-machine.com\/de\/#organization\",\"name\":\"Man & Machine\",\"alternateName\":\"Man and Machine\",\"url\":\"https:\/\/eu.man-machine.com\/de\/\",\"logo\":{\"@type\":\"ImageObject\",\"inLanguage\":\"de\",\"@id\":\"https:\/\/eu.man-machine.com\/de\/#\/schema\/logo\/image\/\",\"url\":\"https:\/\/eu.man-machine.com\/wp-content\/uploads\/2024\/11\/man-and-machine-logo-svg.svg\",\"contentUrl\":\"https:\/\/eu.man-machine.com\/wp-content\/uploads\/2024\/11\/man-and-machine-logo-svg.svg\",\"width\":293,\"height\":28,\"caption\":\"Man & Machine\"},\"image\":{\"@id\":\"https:\/\/eu.man-machine.com\/de\/#\/schema\/logo\/image\/\"},\"sameAs\":[\"https:\/\/www.facebook.com\/ManAndMachine\/\",\"https:\/\/x.com\/manandmachineco\"]}]}<\/script>\n<!-- \/ Yoast SEO plugin. -->","yoast_head_json":{"title":"Man & Machine Its Cool Clear Drape Schutzh\u00fclle","description":"Die Its Cool Clear Drape ist eine transparente Silikon Schutzh\u00fclle f\u00fcr Its Cool Tastaturen und bietet zus\u00e4tzlichen hygienischen Schutz.","robots":{"index":"index","follow":"follow","max-snippet":"max-snippet:-1","max-image-preview":"max-image-preview:large","max-video-preview":"max-video-preview:-1"},"canonical":"https:\/\/eu.man-machine.com\/de\/produkt\/its-cool-clear-drape\/","og_locale":"de_DE","og_type":"article","og_title":"Man & Machine Its Cool Clear Drape Schutzh\u00fclle","og_description":"Die Its Cool Clear Drape ist eine transparente Silikon Schutzh\u00fclle f\u00fcr Its Cool Tastaturen und bietet zus\u00e4tzlichen hygienischen Schutz.","og_url":"https:\/\/eu.man-machine.com\/de\/produkt\/its-cool-clear-drape\/","og_site_name":"Man & Machine","article_publisher":"https:\/\/www.facebook.com\/ManAndMachine\/","article_modified_time":"2025-12-04T12:27:17+00:00","og_image":[{"width":1000,"height":338,"url":"https:\/\/eu.man-machine.com\/wp-content\/uploads\/2024\/10\/IC_white_DE_drape_clear_angle_front.png","type":"image\/png"}],"twitter_card":"summary_large_image","twitter_site":"@manandmachineco","twitter_misc":{"Gesch\u00e4tzte Lesezeit":"2\u00a0Minuten"},"schema":{"@context":"https:\/\/schema.org","@graph":[{"@type":"WebPage","@id":"https:\/\/eu.man-machine.com\/de\/produkt\/its-cool-clear-drape\/","url":"https:\/\/eu.man-machine.com\/de\/produkt\/its-cool-clear-drape\/","name":"Man & Machine Its Cool Clear Drape Schutzh\u00fclle","isPartOf":{"@id":"https:\/\/eu.man-machine.com\/de\/#website"},"primaryImageOfPage":{"@id":"https:\/\/eu.man-machine.com\/de\/produkt\/its-cool-clear-drape\/#primaryimage"},"image":{"@id":"https:\/\/eu.man-machine.com\/de\/produkt\/its-cool-clear-drape\/#primaryimage"},"thumbnailUrl":"https:\/\/eu.man-machine.com\/wp-content\/uploads\/2024\/10\/IC_white_DE_drape_clear_angle_front.png","datePublished":"2024-10-30T16:59:40+00:00","dateModified":"2025-12-04T12:27:17+00:00","description":"Die Its Cool Clear Drape ist eine transparente Silikon Schutzh\u00fclle f\u00fcr Its Cool Tastaturen und bietet zus\u00e4tzlichen hygienischen Schutz.","breadcrumb":{"@id":"https:\/\/eu.man-machine.com\/de\/produkt\/its-cool-clear-drape\/#breadcrumb"},"inLanguage":"de","potentialAction":[{"@type":"ReadAction","target":["https:\/\/eu.man-machine.com\/de\/produkt\/its-cool-clear-drape\/"]}]},{"@type":"ImageObject","inLanguage":"de","@id":"https:\/\/eu.man-machine.com\/de\/produkt\/its-cool-clear-drape\/#primaryimage","url":"https:\/\/eu.man-machine.com\/wp-content\/uploads\/2024\/10\/IC_white_DE_drape_clear_angle_front.png","contentUrl":"https:\/\/eu.man-machine.com\/wp-content\/uploads\/2024\/10\/IC_white_DE_drape_clear_angle_front.png","width":1000,"height":338,"caption":"A Man & Machine white Its Cool keyboard with a transparent Its Cool Clear Drape"},{"@type":"BreadcrumbList","@id":"https:\/\/eu.man-machine.com\/de\/produkt\/its-cool-clear-drape\/#breadcrumb","itemListElement":[{"@type":"ListItem","position":1,"name":"Home","item":"https:\/\/eu.man-machine.com\/de\/"},{"@type":"ListItem","position":2,"name":"Katalog","item":"https:\/\/eu.man-machine.com\/catalogue\/"},{"@type":"ListItem","position":3,"name":"Zubeh\u00f6r","item":"https:\/\/eu.man-machine.com\/de\/produkt-kategorie\/zubehor\/"},{"@type":"ListItem","position":4,"name":"Its Cool Clear Drape"}]},{"@type":"WebSite","@id":"https:\/\/eu.man-machine.com\/de\/#website","url":"https:\/\/eu.man-machine.com\/de\/","name":"Man & Machine","description":"Wasserdichte Tastaturen f\u00fcr medizinische und industrielle Anwendungen","publisher":{"@id":"https:\/\/eu.man-machine.com\/de\/#organization"},"alternateName":"Man and Machine","potentialAction":[{"@type":"SearchAction","target":{"@type":"EntryPoint","urlTemplate":"https:\/\/eu.man-machine.com\/de\/?s={search_term_string}"},"query-input":{"@type":"PropertyValueSpecification","valueRequired":true,"valueName":"search_term_string"}}],"inLanguage":"de"},{"@type":"Organization","@id":"https:\/\/eu.man-machine.com\/de\/#organization","name":"Man & Machine","alternateName":"Man and Machine","url":"https:\/\/eu.man-machine.com\/de\/","logo":{"@type":"ImageObject","inLanguage":"de","@id":"https:\/\/eu.man-machine.com\/de\/#\/schema\/logo\/image\/","url":"https:\/\/eu.man-machine.com\/wp-content\/uploads\/2024\/11\/man-and-machine-logo-svg.svg","contentUrl":"https:\/\/eu.man-machine.com\/wp-content\/uploads\/2024\/11\/man-and-machine-logo-svg.svg","width":293,"height":28,"caption":"Man & Machine"},"image":{"@id":"https:\/\/eu.man-machine.com\/de\/#\/schema\/logo\/image\/"},"sameAs":["https:\/\/www.facebook.com\/ManAndMachine\/","https:\/\/x.com\/manandmachineco"]}]}},"_links":{"self":[{"href":"https:\/\/eu.man-machine.com\/de\/wp-json\/wp\/v2\/product\/8440","targetHints":{"allow":["GET"]}}],"collection":[{"href":"https:\/\/eu.man-machine.com\/de\/wp-json\/wp\/v2\/product"}],"about":[{"href":"https:\/\/eu.man-machine.com\/de\/wp-json\/wp\/v2\/types\/product"}],"wp:featuredmedia":[{"embeddable":true,"href":"https:\/\/eu.man-machine.com\/de\/wp-json\/wp\/v2\/media\/5665"}],"wp:attachment":[{"href":"https:\/\/eu.man-machine.com\/de\/wp-json\/wp\/v2\/media?parent=8440"}],"wp:term":[{"taxonomy":"product_brand","embeddable":true,"href":"https:\/\/eu.man-machine.com\/de\/wp-json\/wp\/v2\/product_brand?post=8440"},{"taxonomy":"product_cat","embeddable":true,"href":"https:\/\/eu.man-machine.com\/de\/wp-json\/wp\/v2\/product_cat?post=8440"},{"taxonomy":"product_tag","embeddable":true,"href":"https:\/\/eu.man-machine.com\/de\/wp-json\/wp\/v2\/product_tag?post=8440"}],"curies":[{"name":"wp","href":"https:\/\/api.w.org\/{rel}","templated":true}]}}