{"id":8455,"date":"2024-10-28T12:42:23","date_gmt":"2024-10-28T11:42:23","guid":{"rendered":"https:\/\/eu.man-machine.com\/product\/very-cool-flat-weiss\/"},"modified":"2025-12-04T14:05:59","modified_gmt":"2025-12-04T13:05:59","slug":"very-cool-flat-weiss","status":"publish","type":"product","link":"https:\/\/eu.man-machine.com\/de\/produkt\/very-cool-flat-weiss\/","title":{"rendered":"Very Cool Flat &#8211; wei\u00df"},"content":{"rendered":"<p>Entdecken Sie diese gro\u00dfz\u00fcgig bemessene Hygienetastatur f\u00fcr das medizinische Umfeld. Die Elektronik ist von innen versiegelt, und dadurch ist die Tastatur abwaschbar. Der dazugeh\u00f6rende Silikonschutzbezug sch\u00fczt die Tastatur vor Keimen zwischen den Tasten.<\/p>\n<p>Das leichte Tastenprofil der Schutzh\u00fclle erleichtert die Fingerpositionierung und das Blindschreiben. Man kann die Tastatur eintauchen, absp\u00fclen, abspr\u00fchen und mit einem Desinfektionsmittel abwischen. Der Silikon\u00fcberzug ist sogar sterilisierbar. Die Tastatur kann gesperrt werden.<\/p>\n<p>Das Kabel hat eine doppelte Kabeldruckverringerung, ist in 4 Richtungen zu stellen und einfach zu entkuppeln. Verschmutzungen sind auf dieser hygienischen wei\u00dfen Tastatur schnell sichtbar. Profitieren Sie von der einzigartigen Kombination eines hervorragenden Tastenanschlags mit einer leicht desinfizierbaren Oberfl\u00e4che.<\/p>\n","protected":false},"excerpt":{"rendered":"<p>Entdecken Sie diese gro\u00dfz\u00fcgig bemessene Hygienetastatur f\u00fcr das medizinische Umfeld. Die Elektronik ist von innen versiegelt, und dadurch ist die Tastatur abwaschbar. Der dazugeh\u00f6rende Silikonschutzbezug sch\u00fczt die Tastatur vor Keimen&#8230;<\/p>\n","protected":false},"featured_media":4797,"template":"","meta":{"_acf_changed":false,"_glsr_average":0,"_glsr_ranking":0,"_glsr_reviews":0},"product_brand":[],"product_cat":[678,1042,1044,1078,1087,1045,1046,1047,1048],"product_tag":[],"class_list":{"0":"post-8455","1":"product","2":"type-product","3":"status-publish","4":"has-post-thumbnail","6":"product_cat-tastaturen","7":"product_cat-medizinische-tastaturen","8":"product_cat-abwaschbare-tastaturen","9":"product_cat-antibakterielle-tastaturen","10":"product_cat-antimikrobielle-tastaturen","11":"product_cat-tastaturen-fuer-krankenhaeuser","12":"product_cat-tastaturen-fuer-zahnarztpraxen","13":"product_cat-tastaturen-fuer-hausarztpraxen","14":"product_cat-tastaturen-fuer-labore","16":"first","17":"instock","18":"shipping-taxable","19":"product-type-variable","20":"has-default-attributes"},"acf":[],"yoast_head":"<!-- This site is optimized with the Yoast SEO plugin v26.9 - https:\/\/yoast.com\/product\/yoast-seo-wordpress\/ -->\n<title>Man &amp; Machine Very Cool Flat Tastatur (Wei\u00df)<\/title>\n<meta name=\"description\" content=\"Hygienetastatur f\u00fcr die medizinische Umgebung, IP68 zertifiziert, desinfizierbar und abwaschbar, mit Silikon Schutzbezug und leichtem Profil.\" \/>\n<meta name=\"robots\" content=\"index, follow, max-snippet:-1, max-image-preview:large, max-video-preview:-1\" \/>\n<link rel=\"canonical\" href=\"https:\/\/eu.man-machine.com\/de\/produkt\/very-cool-flat-weiss\/\" \/>\n<meta property=\"og:locale\" content=\"de_DE\" \/>\n<meta property=\"og:type\" content=\"article\" \/>\n<meta property=\"og:title\" content=\"Man &amp; Machine Very Cool Flat Tastatur (Wei\u00df)\" \/>\n<meta property=\"og:description\" content=\"Hygienetastatur f\u00fcr die medizinische Umgebung, IP68 zertifiziert, desinfizierbar und abwaschbar, mit Silikon Schutzbezug und leichtem Profil.\" \/>\n<meta property=\"og:url\" content=\"https:\/\/eu.man-machine.com\/de\/produkt\/very-cool-flat-weiss\/\" \/>\n<meta property=\"og:site_name\" content=\"Man &amp; Machine\" \/>\n<meta property=\"article:publisher\" content=\"https:\/\/www.facebook.com\/ManAndMachine\/\" \/>\n<meta property=\"article:modified_time\" content=\"2025-12-04T13:05:59+00:00\" \/>\n<meta property=\"og:image\" content=\"https:\/\/eu.man-machine.com\/wp-content\/uploads\/2024\/09\/VCF_white_US_top-1-scaled.png\" \/>\n\t<meta property=\"og:image:width\" content=\"2500\" \/>\n\t<meta property=\"og:image:height\" content=\"1146\" \/>\n\t<meta property=\"og:image:type\" content=\"image\/png\" \/>\n<meta name=\"twitter:card\" content=\"summary_large_image\" \/>\n<meta name=\"twitter:site\" content=\"@manandmachineco\" \/>\n<meta name=\"twitter:label1\" content=\"Gesch\u00e4tzte Lesezeit\" \/>\n\t<meta name=\"twitter:data1\" content=\"3\u00a0Minuten\" \/>\n<script type=\"application\/ld+json\" class=\"yoast-schema-graph\">{\"@context\":\"https:\/\/schema.org\",\"@graph\":[{\"@type\":\"WebPage\",\"@id\":\"https:\/\/eu.man-machine.com\/de\/produkt\/very-cool-flat-weiss\/\",\"url\":\"https:\/\/eu.man-machine.com\/de\/produkt\/very-cool-flat-weiss\/\",\"name\":\"Man & Machine Very Cool Flat Tastatur (Wei\u00df)\",\"isPartOf\":{\"@id\":\"https:\/\/eu.man-machine.com\/de\/#website\"},\"primaryImageOfPage\":{\"@id\":\"https:\/\/eu.man-machine.com\/de\/produkt\/very-cool-flat-weiss\/#primaryimage\"},\"image\":{\"@id\":\"https:\/\/eu.man-machine.com\/de\/produkt\/very-cool-flat-weiss\/#primaryimage\"},\"thumbnailUrl\":\"https:\/\/eu.man-machine.com\/wp-content\/uploads\/2024\/09\/VCF_white_US_top-1-scaled.png\",\"datePublished\":\"2024-10-28T11:42:23+00:00\",\"dateModified\":\"2025-12-04T13:05:59+00:00\",\"description\":\"Hygienetastatur f\u00fcr die medizinische Umgebung, IP68 zertifiziert, desinfizierbar und abwaschbar, mit Silikon Schutzbezug und leichtem Profil.\",\"breadcrumb\":{\"@id\":\"https:\/\/eu.man-machine.com\/de\/produkt\/very-cool-flat-weiss\/#breadcrumb\"},\"inLanguage\":\"de\",\"potentialAction\":[{\"@type\":\"ReadAction\",\"target\":[\"https:\/\/eu.man-machine.com\/de\/produkt\/very-cool-flat-weiss\/\"]}]},{\"@type\":\"ImageObject\",\"inLanguage\":\"de\",\"@id\":\"https:\/\/eu.man-machine.com\/de\/produkt\/very-cool-flat-weiss\/#primaryimage\",\"url\":\"https:\/\/eu.man-machine.com\/wp-content\/uploads\/2024\/09\/VCF_white_US_top-1-scaled.png\",\"contentUrl\":\"https:\/\/eu.man-machine.com\/wp-content\/uploads\/2024\/09\/VCF_white_US_top-1-scaled.png\",\"width\":2500,\"height\":1146,\"caption\":\"Very Cool Flat keyboard with US International layout\"},{\"@type\":\"BreadcrumbList\",\"@id\":\"https:\/\/eu.man-machine.com\/de\/produkt\/very-cool-flat-weiss\/#breadcrumb\",\"itemListElement\":[{\"@type\":\"ListItem\",\"position\":1,\"name\":\"Home\",\"item\":\"https:\/\/eu.man-machine.com\/de\/\"},{\"@type\":\"ListItem\",\"position\":2,\"name\":\"Katalog\",\"item\":\"https:\/\/eu.man-machine.com\/catalogue\/\"},{\"@type\":\"ListItem\",\"position\":3,\"name\":\"Tastaturen\",\"item\":\"https:\/\/eu.man-machine.com\/de\/produkt-kategorie\/tastaturen\/\"},{\"@type\":\"ListItem\",\"position\":4,\"name\":\"Very Cool Flat &#8211; wei\u00df\"}]},{\"@type\":\"WebSite\",\"@id\":\"https:\/\/eu.man-machine.com\/de\/#website\",\"url\":\"https:\/\/eu.man-machine.com\/de\/\",\"name\":\"Man & Machine\",\"description\":\"Wasserdichte Tastaturen f\u00fcr medizinische und industrielle Anwendungen\",\"publisher\":{\"@id\":\"https:\/\/eu.man-machine.com\/de\/#organization\"},\"alternateName\":\"Man and Machine\",\"potentialAction\":[{\"@type\":\"SearchAction\",\"target\":{\"@type\":\"EntryPoint\",\"urlTemplate\":\"https:\/\/eu.man-machine.com\/de\/?s={search_term_string}\"},\"query-input\":{\"@type\":\"PropertyValueSpecification\",\"valueRequired\":true,\"valueName\":\"search_term_string\"}}],\"inLanguage\":\"de\"},{\"@type\":\"Organization\",\"@id\":\"https:\/\/eu.man-machine.com\/de\/#organization\",\"name\":\"Man & Machine\",\"alternateName\":\"Man and Machine\",\"url\":\"https:\/\/eu.man-machine.com\/de\/\",\"logo\":{\"@type\":\"ImageObject\",\"inLanguage\":\"de\",\"@id\":\"https:\/\/eu.man-machine.com\/de\/#\/schema\/logo\/image\/\",\"url\":\"https:\/\/eu.man-machine.com\/wp-content\/uploads\/2024\/11\/man-and-machine-logo-svg.svg\",\"contentUrl\":\"https:\/\/eu.man-machine.com\/wp-content\/uploads\/2024\/11\/man-and-machine-logo-svg.svg\",\"width\":293,\"height\":28,\"caption\":\"Man & Machine\"},\"image\":{\"@id\":\"https:\/\/eu.man-machine.com\/de\/#\/schema\/logo\/image\/\"},\"sameAs\":[\"https:\/\/www.facebook.com\/ManAndMachine\/\",\"https:\/\/x.com\/manandmachineco\"]}]}<\/script>\n<!-- \/ Yoast SEO plugin. -->","yoast_head_json":{"title":"Man & Machine Very Cool Flat Tastatur (Wei\u00df)","description":"Hygienetastatur f\u00fcr die medizinische Umgebung, IP68 zertifiziert, desinfizierbar und abwaschbar, mit Silikon Schutzbezug und leichtem Profil.","robots":{"index":"index","follow":"follow","max-snippet":"max-snippet:-1","max-image-preview":"max-image-preview:large","max-video-preview":"max-video-preview:-1"},"canonical":"https:\/\/eu.man-machine.com\/de\/produkt\/very-cool-flat-weiss\/","og_locale":"de_DE","og_type":"article","og_title":"Man & Machine Very Cool Flat Tastatur (Wei\u00df)","og_description":"Hygienetastatur f\u00fcr die medizinische Umgebung, IP68 zertifiziert, desinfizierbar und abwaschbar, mit Silikon Schutzbezug und leichtem Profil.","og_url":"https:\/\/eu.man-machine.com\/de\/produkt\/very-cool-flat-weiss\/","og_site_name":"Man & Machine","article_publisher":"https:\/\/www.facebook.com\/ManAndMachine\/","article_modified_time":"2025-12-04T13:05:59+00:00","og_image":[{"width":2500,"height":1146,"url":"https:\/\/eu.man-machine.com\/wp-content\/uploads\/2024\/09\/VCF_white_US_top-1-scaled.png","type":"image\/png"}],"twitter_card":"summary_large_image","twitter_site":"@manandmachineco","twitter_misc":{"Gesch\u00e4tzte Lesezeit":"3\u00a0Minuten"},"schema":{"@context":"https:\/\/schema.org","@graph":[{"@type":"WebPage","@id":"https:\/\/eu.man-machine.com\/de\/produkt\/very-cool-flat-weiss\/","url":"https:\/\/eu.man-machine.com\/de\/produkt\/very-cool-flat-weiss\/","name":"Man & Machine Very Cool Flat Tastatur (Wei\u00df)","isPartOf":{"@id":"https:\/\/eu.man-machine.com\/de\/#website"},"primaryImageOfPage":{"@id":"https:\/\/eu.man-machine.com\/de\/produkt\/very-cool-flat-weiss\/#primaryimage"},"image":{"@id":"https:\/\/eu.man-machine.com\/de\/produkt\/very-cool-flat-weiss\/#primaryimage"},"thumbnailUrl":"https:\/\/eu.man-machine.com\/wp-content\/uploads\/2024\/09\/VCF_white_US_top-1-scaled.png","datePublished":"2024-10-28T11:42:23+00:00","dateModified":"2025-12-04T13:05:59+00:00","description":"Hygienetastatur f\u00fcr die medizinische Umgebung, IP68 zertifiziert, desinfizierbar und abwaschbar, mit Silikon Schutzbezug und leichtem Profil.","breadcrumb":{"@id":"https:\/\/eu.man-machine.com\/de\/produkt\/very-cool-flat-weiss\/#breadcrumb"},"inLanguage":"de","potentialAction":[{"@type":"ReadAction","target":["https:\/\/eu.man-machine.com\/de\/produkt\/very-cool-flat-weiss\/"]}]},{"@type":"ImageObject","inLanguage":"de","@id":"https:\/\/eu.man-machine.com\/de\/produkt\/very-cool-flat-weiss\/#primaryimage","url":"https:\/\/eu.man-machine.com\/wp-content\/uploads\/2024\/09\/VCF_white_US_top-1-scaled.png","contentUrl":"https:\/\/eu.man-machine.com\/wp-content\/uploads\/2024\/09\/VCF_white_US_top-1-scaled.png","width":2500,"height":1146,"caption":"Very Cool Flat keyboard with US International layout"},{"@type":"BreadcrumbList","@id":"https:\/\/eu.man-machine.com\/de\/produkt\/very-cool-flat-weiss\/#breadcrumb","itemListElement":[{"@type":"ListItem","position":1,"name":"Home","item":"https:\/\/eu.man-machine.com\/de\/"},{"@type":"ListItem","position":2,"name":"Katalog","item":"https:\/\/eu.man-machine.com\/catalogue\/"},{"@type":"ListItem","position":3,"name":"Tastaturen","item":"https:\/\/eu.man-machine.com\/de\/produkt-kategorie\/tastaturen\/"},{"@type":"ListItem","position":4,"name":"Very Cool Flat &#8211; wei\u00df"}]},{"@type":"WebSite","@id":"https:\/\/eu.man-machine.com\/de\/#website","url":"https:\/\/eu.man-machine.com\/de\/","name":"Man & Machine","description":"Wasserdichte Tastaturen f\u00fcr medizinische und industrielle Anwendungen","publisher":{"@id":"https:\/\/eu.man-machine.com\/de\/#organization"},"alternateName":"Man and Machine","potentialAction":[{"@type":"SearchAction","target":{"@type":"EntryPoint","urlTemplate":"https:\/\/eu.man-machine.com\/de\/?s={search_term_string}"},"query-input":{"@type":"PropertyValueSpecification","valueRequired":true,"valueName":"search_term_string"}}],"inLanguage":"de"},{"@type":"Organization","@id":"https:\/\/eu.man-machine.com\/de\/#organization","name":"Man & Machine","alternateName":"Man and Machine","url":"https:\/\/eu.man-machine.com\/de\/","logo":{"@type":"ImageObject","inLanguage":"de","@id":"https:\/\/eu.man-machine.com\/de\/#\/schema\/logo\/image\/","url":"https:\/\/eu.man-machine.com\/wp-content\/uploads\/2024\/11\/man-and-machine-logo-svg.svg","contentUrl":"https:\/\/eu.man-machine.com\/wp-content\/uploads\/2024\/11\/man-and-machine-logo-svg.svg","width":293,"height":28,"caption":"Man & Machine"},"image":{"@id":"https:\/\/eu.man-machine.com\/de\/#\/schema\/logo\/image\/"},"sameAs":["https:\/\/www.facebook.com\/ManAndMachine\/","https:\/\/x.com\/manandmachineco"]}]}},"_links":{"self":[{"href":"https:\/\/eu.man-machine.com\/de\/wp-json\/wp\/v2\/product\/8455","targetHints":{"allow":["GET"]}}],"collection":[{"href":"https:\/\/eu.man-machine.com\/de\/wp-json\/wp\/v2\/product"}],"about":[{"href":"https:\/\/eu.man-machine.com\/de\/wp-json\/wp\/v2\/types\/product"}],"wp:featuredmedia":[{"embeddable":true,"href":"https:\/\/eu.man-machine.com\/de\/wp-json\/wp\/v2\/media\/4797"}],"wp:attachment":[{"href":"https:\/\/eu.man-machine.com\/de\/wp-json\/wp\/v2\/media?parent=8455"}],"wp:term":[{"taxonomy":"product_brand","embeddable":true,"href":"https:\/\/eu.man-machine.com\/de\/wp-json\/wp\/v2\/product_brand?post=8455"},{"taxonomy":"product_cat","embeddable":true,"href":"https:\/\/eu.man-machine.com\/de\/wp-json\/wp\/v2\/product_cat?post=8455"},{"taxonomy":"product_tag","embeddable":true,"href":"https:\/\/eu.man-machine.com\/de\/wp-json\/wp\/v2\/product_tag?post=8455"}],"curies":[{"name":"wp","href":"https:\/\/api.w.org\/{rel}","templated":true}]}}