{"id":8458,"date":"2024-09-24T15:35:49","date_gmt":"2024-09-24T13:35:49","guid":{"rendered":"https:\/\/eu.man-machine.com\/product\/very-cool-flat-magfix-weiss\/"},"modified":"2025-12-09T10:10:27","modified_gmt":"2025-12-09T09:10:27","slug":"very-cool-flat-magfix-weiss","status":"publish","type":"product","link":"https:\/\/eu.man-machine.com\/de\/produkt\/very-cool-flat-magfix-weiss\/","title":{"rendered":"Very Cool Flat MagFix &#8211; wei\u00df"},"content":{"rendered":"<p>Zur einfachen Befestigung an magnetempfindlichen Oberfl\u00e4chen, sind im Inneren dieser Hygienetastatur Magnete befestigt. Diese gro\u00dfz\u00fcgig bemessene Tastatur ist abwaschbar, da die Elektronik gesch\u00fctzt im Inneren versiegelt ist. Der sterilisierbare Schutzbezug h\u00e4lt Keime fern.  <\/p>\n<p>Um ihrem Reinigungsprotokoll zu entsprechen, k\u00f6nnen sowohl die Tastatur als auch der Bezug eingetaucht, abgesp\u00fclt, bespr\u00fcht, mit Wasser und Seife abgewischt und auch mit zugelassenen Reinigungsmitteln gereinigt werden. Die Tastatur widersteht den meisten g\u00e4ngigen Fl\u00e4chendesinfektionsmitteln und erlaubt es Ihnen nicht nur zu reinigen, sondern auch zu desinfizieren. Benutzen Sie die Sperrtaste und sichern sie so ihre Daten w\u00e4hrend der Reinigungsbehandlung.  <\/p>\n<p>Genie\u00dfen Sie das taktile Feedback dieser Tastatur mit ihrem vollst\u00e4ndigen Tastenanschlag. Der Bezug hat ein leichtes Relief f\u00fcr einfache Positionierung und blindes Tippen. Die Very Cool Flat wird mit einem 45 cm langen Kabel geliefert, das in 4 Richtungen gef\u00fchrt werden kann, plus einem 150 cm langen Verl\u00e4ngerungskabel, das auf einem Wagen, Schreibtisch oder in eine Wand gef\u00fchrt werden kann. Das Kabel verf\u00fcgt \u00fcber doppelte Kabelzugentlastung f\u00fcr maximale Nachhaltigkeit.   <\/p>\n<p>F\u00fcr einen frischen und sauberen Look und zum einfachen Erkennen von Verunreinigungen wird die Very Cool Flat in einer hygienisch weissen Ausf\u00fchrung geliefert.<\/p>\n","protected":false},"excerpt":{"rendered":"<p>Zur einfachen Befestigung an magnetempfindlichen Oberfl\u00e4chen, sind im Inneren dieser Hygienetastatur Magnete befestigt. Diese gro\u00dfz\u00fcgig bemessene Tastatur ist abwaschbar, da die Elektronik gesch\u00fctzt im Inneren versiegelt ist. Der sterilisierbare Schutzbezug&#8230;<\/p>\n","protected":false},"featured_media":8229,"template":"","meta":{"_acf_changed":false,"_glsr_average":0,"_glsr_ranking":0,"_glsr_reviews":0},"product_brand":[],"product_cat":[678,1042,1044,1078,1087,1045,1046,1047,1048],"product_tag":[],"class_list":{"0":"post-8458","1":"product","2":"type-product","3":"status-publish","4":"has-post-thumbnail","6":"product_cat-tastaturen","7":"product_cat-medizinische-tastaturen","8":"product_cat-abwaschbare-tastaturen","9":"product_cat-antibakterielle-tastaturen","10":"product_cat-antimikrobielle-tastaturen","11":"product_cat-tastaturen-fuer-krankenhaeuser","12":"product_cat-tastaturen-fuer-zahnarztpraxen","13":"product_cat-tastaturen-fuer-hausarztpraxen","14":"product_cat-tastaturen-fuer-labore","16":"first","17":"instock","18":"shipping-taxable","19":"product-type-variable","20":"has-default-attributes"},"acf":[],"yoast_head":"<!-- This site is optimized with the Yoast SEO plugin v26.9 - https:\/\/yoast.com\/product\/yoast-seo-wordpress\/ -->\n<title>Man &amp; Machine Very Cool Flat MagFix Tastatur (Wei\u00df)<\/title>\n<meta name=\"description\" content=\"Diese gro\u00dfz\u00fcgig bemessene Hygienetastatur mit Magnete ist abwaschbar (Elektronik im Inneren versiegelt) und hat ein sterilisierbare Schutzbezug.\" \/>\n<meta name=\"robots\" content=\"index, follow, max-snippet:-1, max-image-preview:large, max-video-preview:-1\" \/>\n<link rel=\"canonical\" href=\"https:\/\/eu.man-machine.com\/de\/produkt\/very-cool-flat-magfix-weiss\/\" \/>\n<meta property=\"og:locale\" content=\"de_DE\" \/>\n<meta property=\"og:type\" content=\"article\" \/>\n<meta property=\"og:title\" content=\"Man &amp; Machine Very Cool Flat MagFix Tastatur (Wei\u00df)\" \/>\n<meta property=\"og:description\" content=\"Diese gro\u00dfz\u00fcgig bemessene Hygienetastatur mit Magnete ist abwaschbar (Elektronik im Inneren versiegelt) und hat ein sterilisierbare Schutzbezug.\" \/>\n<meta property=\"og:url\" content=\"https:\/\/eu.man-machine.com\/de\/produkt\/very-cool-flat-magfix-weiss\/\" \/>\n<meta property=\"og:site_name\" content=\"Man &amp; Machine\" \/>\n<meta property=\"article:publisher\" content=\"https:\/\/www.facebook.com\/ManAndMachine\/\" \/>\n<meta property=\"article:modified_time\" content=\"2025-12-09T09:10:27+00:00\" \/>\n<meta property=\"og:image\" content=\"https:\/\/eu.man-machine.com\/wp-content\/uploads\/2024\/10\/VCFM_white_US-scaled.png\" \/>\n\t<meta property=\"og:image:width\" content=\"2500\" \/>\n\t<meta property=\"og:image:height\" content=\"1473\" \/>\n\t<meta property=\"og:image:type\" content=\"image\/png\" \/>\n<meta name=\"twitter:card\" content=\"summary_large_image\" \/>\n<meta name=\"twitter:site\" content=\"@manandmachineco\" \/>\n<meta name=\"twitter:label1\" content=\"Gesch\u00e4tzte Lesezeit\" \/>\n\t<meta name=\"twitter:data1\" content=\"3\u00a0Minuten\" \/>\n<script type=\"application\/ld+json\" class=\"yoast-schema-graph\">{\"@context\":\"https:\/\/schema.org\",\"@graph\":[{\"@type\":\"WebPage\",\"@id\":\"https:\/\/eu.man-machine.com\/de\/produkt\/very-cool-flat-magfix-weiss\/\",\"url\":\"https:\/\/eu.man-machine.com\/de\/produkt\/very-cool-flat-magfix-weiss\/\",\"name\":\"Man & Machine Very Cool Flat MagFix Tastatur (Wei\u00df)\",\"isPartOf\":{\"@id\":\"https:\/\/eu.man-machine.com\/de\/#website\"},\"primaryImageOfPage\":{\"@id\":\"https:\/\/eu.man-machine.com\/de\/produkt\/very-cool-flat-magfix-weiss\/#primaryimage\"},\"image\":{\"@id\":\"https:\/\/eu.man-machine.com\/de\/produkt\/very-cool-flat-magfix-weiss\/#primaryimage\"},\"thumbnailUrl\":\"https:\/\/eu.man-machine.com\/wp-content\/uploads\/2024\/10\/VCFM_white_US-scaled.png\",\"datePublished\":\"2024-09-24T13:35:49+00:00\",\"dateModified\":\"2025-12-09T09:10:27+00:00\",\"description\":\"Diese gro\u00dfz\u00fcgig bemessene Hygienetastatur mit Magnete ist abwaschbar (Elektronik im Inneren versiegelt) und hat ein sterilisierbare Schutzbezug.\",\"breadcrumb\":{\"@id\":\"https:\/\/eu.man-machine.com\/de\/produkt\/very-cool-flat-magfix-weiss\/#breadcrumb\"},\"inLanguage\":\"de\",\"potentialAction\":[{\"@type\":\"ReadAction\",\"target\":[\"https:\/\/eu.man-machine.com\/de\/produkt\/very-cool-flat-magfix-weiss\/\"]}]},{\"@type\":\"ImageObject\",\"inLanguage\":\"de\",\"@id\":\"https:\/\/eu.man-machine.com\/de\/produkt\/very-cool-flat-magfix-weiss\/#primaryimage\",\"url\":\"https:\/\/eu.man-machine.com\/wp-content\/uploads\/2024\/10\/VCFM_white_US-scaled.png\",\"contentUrl\":\"https:\/\/eu.man-machine.com\/wp-content\/uploads\/2024\/10\/VCFM_white_US-scaled.png\",\"width\":2500,\"height\":1473,\"caption\":\"Volledig formaat wasbaar toetsenbord met op maat gemaakte, steriliseerbare hoes en ge\u00efntegreerde magneten in US-International indeling \u2013 Very Cool Flat MagFix van Man & Machine\"},{\"@type\":\"BreadcrumbList\",\"@id\":\"https:\/\/eu.man-machine.com\/de\/produkt\/very-cool-flat-magfix-weiss\/#breadcrumb\",\"itemListElement\":[{\"@type\":\"ListItem\",\"position\":1,\"name\":\"Home\",\"item\":\"https:\/\/eu.man-machine.com\/de\/\"},{\"@type\":\"ListItem\",\"position\":2,\"name\":\"Katalog\",\"item\":\"https:\/\/eu.man-machine.com\/catalogue\/\"},{\"@type\":\"ListItem\",\"position\":3,\"name\":\"Tastaturen\",\"item\":\"https:\/\/eu.man-machine.com\/de\/produkt-kategorie\/tastaturen\/\"},{\"@type\":\"ListItem\",\"position\":4,\"name\":\"Medizinische Tastaturen\",\"item\":\"https:\/\/eu.man-machine.com\/de\/produkt-kategorie\/tastaturen\/medizinische-tastaturen\/\"},{\"@type\":\"ListItem\",\"position\":5,\"name\":\"Very Cool Flat MagFix &#8211; wei\u00df\"}]},{\"@type\":\"WebSite\",\"@id\":\"https:\/\/eu.man-machine.com\/de\/#website\",\"url\":\"https:\/\/eu.man-machine.com\/de\/\",\"name\":\"Man & Machine\",\"description\":\"Wasserdichte Tastaturen f\u00fcr medizinische und industrielle Anwendungen\",\"publisher\":{\"@id\":\"https:\/\/eu.man-machine.com\/de\/#organization\"},\"alternateName\":\"Man and Machine\",\"potentialAction\":[{\"@type\":\"SearchAction\",\"target\":{\"@type\":\"EntryPoint\",\"urlTemplate\":\"https:\/\/eu.man-machine.com\/de\/?s={search_term_string}\"},\"query-input\":{\"@type\":\"PropertyValueSpecification\",\"valueRequired\":true,\"valueName\":\"search_term_string\"}}],\"inLanguage\":\"de\"},{\"@type\":\"Organization\",\"@id\":\"https:\/\/eu.man-machine.com\/de\/#organization\",\"name\":\"Man & Machine\",\"alternateName\":\"Man and Machine\",\"url\":\"https:\/\/eu.man-machine.com\/de\/\",\"logo\":{\"@type\":\"ImageObject\",\"inLanguage\":\"de\",\"@id\":\"https:\/\/eu.man-machine.com\/de\/#\/schema\/logo\/image\/\",\"url\":\"https:\/\/eu.man-machine.com\/wp-content\/uploads\/2024\/11\/man-and-machine-logo-svg.svg\",\"contentUrl\":\"https:\/\/eu.man-machine.com\/wp-content\/uploads\/2024\/11\/man-and-machine-logo-svg.svg\",\"width\":293,\"height\":28,\"caption\":\"Man & Machine\"},\"image\":{\"@id\":\"https:\/\/eu.man-machine.com\/de\/#\/schema\/logo\/image\/\"},\"sameAs\":[\"https:\/\/www.facebook.com\/ManAndMachine\/\",\"https:\/\/x.com\/manandmachineco\"]}]}<\/script>\n<!-- \/ Yoast SEO plugin. -->","yoast_head_json":{"title":"Man & Machine Very Cool Flat MagFix Tastatur (Wei\u00df)","description":"Diese gro\u00dfz\u00fcgig bemessene Hygienetastatur mit Magnete ist abwaschbar (Elektronik im Inneren versiegelt) und hat ein sterilisierbare Schutzbezug.","robots":{"index":"index","follow":"follow","max-snippet":"max-snippet:-1","max-image-preview":"max-image-preview:large","max-video-preview":"max-video-preview:-1"},"canonical":"https:\/\/eu.man-machine.com\/de\/produkt\/very-cool-flat-magfix-weiss\/","og_locale":"de_DE","og_type":"article","og_title":"Man & Machine Very Cool Flat MagFix Tastatur (Wei\u00df)","og_description":"Diese gro\u00dfz\u00fcgig bemessene Hygienetastatur mit Magnete ist abwaschbar (Elektronik im Inneren versiegelt) und hat ein sterilisierbare Schutzbezug.","og_url":"https:\/\/eu.man-machine.com\/de\/produkt\/very-cool-flat-magfix-weiss\/","og_site_name":"Man & Machine","article_publisher":"https:\/\/www.facebook.com\/ManAndMachine\/","article_modified_time":"2025-12-09T09:10:27+00:00","og_image":[{"width":2500,"height":1473,"url":"https:\/\/eu.man-machine.com\/wp-content\/uploads\/2024\/10\/VCFM_white_US-scaled.png","type":"image\/png"}],"twitter_card":"summary_large_image","twitter_site":"@manandmachineco","twitter_misc":{"Gesch\u00e4tzte Lesezeit":"3\u00a0Minuten"},"schema":{"@context":"https:\/\/schema.org","@graph":[{"@type":"WebPage","@id":"https:\/\/eu.man-machine.com\/de\/produkt\/very-cool-flat-magfix-weiss\/","url":"https:\/\/eu.man-machine.com\/de\/produkt\/very-cool-flat-magfix-weiss\/","name":"Man & Machine Very Cool Flat MagFix Tastatur (Wei\u00df)","isPartOf":{"@id":"https:\/\/eu.man-machine.com\/de\/#website"},"primaryImageOfPage":{"@id":"https:\/\/eu.man-machine.com\/de\/produkt\/very-cool-flat-magfix-weiss\/#primaryimage"},"image":{"@id":"https:\/\/eu.man-machine.com\/de\/produkt\/very-cool-flat-magfix-weiss\/#primaryimage"},"thumbnailUrl":"https:\/\/eu.man-machine.com\/wp-content\/uploads\/2024\/10\/VCFM_white_US-scaled.png","datePublished":"2024-09-24T13:35:49+00:00","dateModified":"2025-12-09T09:10:27+00:00","description":"Diese gro\u00dfz\u00fcgig bemessene Hygienetastatur mit Magnete ist abwaschbar (Elektronik im Inneren versiegelt) und hat ein sterilisierbare Schutzbezug.","breadcrumb":{"@id":"https:\/\/eu.man-machine.com\/de\/produkt\/very-cool-flat-magfix-weiss\/#breadcrumb"},"inLanguage":"de","potentialAction":[{"@type":"ReadAction","target":["https:\/\/eu.man-machine.com\/de\/produkt\/very-cool-flat-magfix-weiss\/"]}]},{"@type":"ImageObject","inLanguage":"de","@id":"https:\/\/eu.man-machine.com\/de\/produkt\/very-cool-flat-magfix-weiss\/#primaryimage","url":"https:\/\/eu.man-machine.com\/wp-content\/uploads\/2024\/10\/VCFM_white_US-scaled.png","contentUrl":"https:\/\/eu.man-machine.com\/wp-content\/uploads\/2024\/10\/VCFM_white_US-scaled.png","width":2500,"height":1473,"caption":"Volledig formaat wasbaar toetsenbord met op maat gemaakte, steriliseerbare hoes en ge\u00efntegreerde magneten in US-International indeling \u2013 Very Cool Flat MagFix van Man & Machine"},{"@type":"BreadcrumbList","@id":"https:\/\/eu.man-machine.com\/de\/produkt\/very-cool-flat-magfix-weiss\/#breadcrumb","itemListElement":[{"@type":"ListItem","position":1,"name":"Home","item":"https:\/\/eu.man-machine.com\/de\/"},{"@type":"ListItem","position":2,"name":"Katalog","item":"https:\/\/eu.man-machine.com\/catalogue\/"},{"@type":"ListItem","position":3,"name":"Tastaturen","item":"https:\/\/eu.man-machine.com\/de\/produkt-kategorie\/tastaturen\/"},{"@type":"ListItem","position":4,"name":"Medizinische Tastaturen","item":"https:\/\/eu.man-machine.com\/de\/produkt-kategorie\/tastaturen\/medizinische-tastaturen\/"},{"@type":"ListItem","position":5,"name":"Very Cool Flat MagFix &#8211; wei\u00df"}]},{"@type":"WebSite","@id":"https:\/\/eu.man-machine.com\/de\/#website","url":"https:\/\/eu.man-machine.com\/de\/","name":"Man & Machine","description":"Wasserdichte Tastaturen f\u00fcr medizinische und industrielle Anwendungen","publisher":{"@id":"https:\/\/eu.man-machine.com\/de\/#organization"},"alternateName":"Man and Machine","potentialAction":[{"@type":"SearchAction","target":{"@type":"EntryPoint","urlTemplate":"https:\/\/eu.man-machine.com\/de\/?s={search_term_string}"},"query-input":{"@type":"PropertyValueSpecification","valueRequired":true,"valueName":"search_term_string"}}],"inLanguage":"de"},{"@type":"Organization","@id":"https:\/\/eu.man-machine.com\/de\/#organization","name":"Man & Machine","alternateName":"Man and Machine","url":"https:\/\/eu.man-machine.com\/de\/","logo":{"@type":"ImageObject","inLanguage":"de","@id":"https:\/\/eu.man-machine.com\/de\/#\/schema\/logo\/image\/","url":"https:\/\/eu.man-machine.com\/wp-content\/uploads\/2024\/11\/man-and-machine-logo-svg.svg","contentUrl":"https:\/\/eu.man-machine.com\/wp-content\/uploads\/2024\/11\/man-and-machine-logo-svg.svg","width":293,"height":28,"caption":"Man & Machine"},"image":{"@id":"https:\/\/eu.man-machine.com\/de\/#\/schema\/logo\/image\/"},"sameAs":["https:\/\/www.facebook.com\/ManAndMachine\/","https:\/\/x.com\/manandmachineco"]}]}},"_links":{"self":[{"href":"https:\/\/eu.man-machine.com\/de\/wp-json\/wp\/v2\/product\/8458","targetHints":{"allow":["GET"]}}],"collection":[{"href":"https:\/\/eu.man-machine.com\/de\/wp-json\/wp\/v2\/product"}],"about":[{"href":"https:\/\/eu.man-machine.com\/de\/wp-json\/wp\/v2\/types\/product"}],"wp:featuredmedia":[{"embeddable":true,"href":"https:\/\/eu.man-machine.com\/de\/wp-json\/wp\/v2\/media\/8229"}],"wp:attachment":[{"href":"https:\/\/eu.man-machine.com\/de\/wp-json\/wp\/v2\/media?parent=8458"}],"wp:term":[{"taxonomy":"product_brand","embeddable":true,"href":"https:\/\/eu.man-machine.com\/de\/wp-json\/wp\/v2\/product_brand?post=8458"},{"taxonomy":"product_cat","embeddable":true,"href":"https:\/\/eu.man-machine.com\/de\/wp-json\/wp\/v2\/product_cat?post=8458"},{"taxonomy":"product_tag","embeddable":true,"href":"https:\/\/eu.man-machine.com\/de\/wp-json\/wp\/v2\/product_tag?post=8458"}],"curies":[{"name":"wp","href":"https:\/\/api.w.org\/{rel}","templated":true}]}}