{"id":9591,"date":"2025-09-11T15:48:35","date_gmt":"2025-09-11T13:48:35","guid":{"rendered":"https:\/\/eu.man-machine.com\/?post_type=product&#038;p=9591"},"modified":"2026-03-11T11:14:18","modified_gmt":"2026-03-11T10:14:18","slug":"its-cool-clear-drape-copy","status":"publish","type":"product","link":"https:\/\/eu.man-machine.com\/de\/produkt\/its-cool-clear-drape-copy\/","title":{"rendered":"Y Cool Drape"},"content":{"rendered":"<h6>Y Cool Drape: Flat &amp; Key Profile<\/h6>\n<p>Das <strong>Y COOL Drape<\/strong> wurde entwickelt, um perfekt auf Ihre Y Cool Tastatur zu passen \u2013 wie eine zweite Haut. Es verschlie\u00dft die Tastatur und verhindert, dass sich Schmutz, Staub und sch\u00e4dliche Mikroorganismen im Inneren ansammeln. <\/p>\n<p>Reinigung und Sterilisation sind einfach: mit Wasser und Seife waschen, mit von Krankenh\u00e4usern zugelassenen Reinigungsmitteln desinfizieren, in einem Autoklaven sterilisieren oder einer UV-Desinfektion aussetzen.<\/p>\n<p>Unser Y Cool Drape ist in zwei Versionen erh\u00e4ltlich:<\/p>\n<ul>\n<li><strong>Y Cool Drape Flach:<\/strong> Die flache, glatte Oberfl\u00e4che erm\u00f6glicht eine m\u00fchelose Reinigung, ohne Ritzen oder Spalten, in denen sich Keime verstecken k\u00f6nnen. Ideal f\u00fcr eine schnelle Desinfektion mit nur einem Wisch. <\/li>\n<li><strong>Y Cool Drape mit Tastenprofil:<\/strong> Das dezente Tastenprofil erleichtert die Orientierung auf der Tastatur \u2013 perfekt f\u00fcr Blindschreiber. Ein ideales Design f\u00fcr eine nat\u00fcrliche Fingerpositionierung und optimale Kontrolle beim Tippen. <\/li>\n<\/ul>\n<h6>Ben\u00f6tigen Sie eine zus\u00e4tzliche Schutzabdeckung?<\/h6>\n<p>Jede Y Cool Tastatur wird mit einem Schutzbezug geliefert. Zus\u00e4tzliche Schutzfolien sind nur erforderlich, wenn Sie Ersatzexemplare bereithalten oder Ihre bestehende Tastaturabdeckung ersetzen m\u00f6chten.<br \/>\n<strong>Hinweis:<\/strong> Y Cool Drapes sind ausschlie\u00dflich mit Y Cool Tastaturen kompatibel.<\/p>\n","protected":false},"excerpt":{"rendered":"<p>Y Cool Drape: Flat &amp; Key Profile Das Y COOL Drape wurde entwickelt, um perfekt auf Ihre Y Cool Tastatur zu passen \u2013 wie eine zweite Haut. Es verschlie\u00dft die&#8230;<\/p>\n","protected":false},"featured_media":9589,"template":"","meta":{"_acf_changed":false,"_glsr_average":0,"_glsr_ranking":0,"_glsr_reviews":0},"product_brand":[],"product_cat":[611],"product_tag":[],"class_list":{"0":"post-9591","1":"product","2":"type-product","3":"status-publish","4":"has-post-thumbnail","6":"product_cat-zubehor","8":"first","9":"instock","10":"shipping-taxable","11":"product-type-variable"},"acf":[],"yoast_head":"<!-- This site is optimized with the Yoast SEO plugin v26.9 - https:\/\/yoast.com\/product\/yoast-seo-wordpress\/ -->\n<title>Y Cool Drape &#8211; Man &amp; Machine<\/title>\n<meta name=\"description\" content=\"Eine transparente Silikon-Schutzh\u00fclle (flach oder mit Tastenprofil) f\u00fcr die beleuchtete Y Cool Tastatur. Sie bietet zus\u00e4tzlichen hygienischen Schutz.\" \/>\n<meta name=\"robots\" content=\"index, follow, max-snippet:-1, max-image-preview:large, max-video-preview:-1\" \/>\n<link rel=\"canonical\" href=\"https:\/\/eu.man-machine.com\/de\/produkt\/its-cool-clear-drape-copy\/\" \/>\n<meta property=\"og:locale\" content=\"de_DE\" \/>\n<meta property=\"og:type\" content=\"article\" \/>\n<meta property=\"og:title\" content=\"Y Cool Drape &#8211; Man &amp; Machine\" \/>\n<meta property=\"og:description\" content=\"Eine transparente Silikon-Schutzh\u00fclle (flach oder mit Tastenprofil) f\u00fcr die beleuchtete Y Cool Tastatur. Sie bietet zus\u00e4tzlichen hygienischen Schutz.\" \/>\n<meta property=\"og:url\" content=\"https:\/\/eu.man-machine.com\/de\/produkt\/its-cool-clear-drape-copy\/\" \/>\n<meta property=\"og:site_name\" content=\"Man &amp; Machine\" \/>\n<meta property=\"article:publisher\" content=\"https:\/\/www.facebook.com\/ManAndMachine\/\" \/>\n<meta property=\"article:modified_time\" content=\"2026-03-11T10:14:18+00:00\" \/>\n<meta property=\"og:image\" content=\"https:\/\/eu.man-machine.com\/wp-content\/uploads\/2025\/09\/YCOOL_white_US_prof_drapeoff-scaled.png\" \/>\n\t<meta property=\"og:image:width\" content=\"2500\" \/>\n\t<meta property=\"og:image:height\" content=\"1473\" \/>\n\t<meta property=\"og:image:type\" content=\"image\/png\" \/>\n<meta name=\"twitter:card\" content=\"summary_large_image\" \/>\n<meta name=\"twitter:site\" content=\"@manandmachineco\" \/>\n<meta name=\"twitter:label1\" content=\"Gesch\u00e4tzte Lesezeit\" \/>\n\t<meta name=\"twitter:data1\" content=\"1\u00a0Minute\" \/>\n<script type=\"application\/ld+json\" class=\"yoast-schema-graph\">{\"@context\":\"https:\/\/schema.org\",\"@graph\":[{\"@type\":\"WebPage\",\"@id\":\"https:\/\/eu.man-machine.com\/de\/produkt\/its-cool-clear-drape-copy\/\",\"url\":\"https:\/\/eu.man-machine.com\/de\/produkt\/its-cool-clear-drape-copy\/\",\"name\":\"Y Cool Drape &#8211; Man & Machine\",\"isPartOf\":{\"@id\":\"https:\/\/eu.man-machine.com\/de\/#website\"},\"primaryImageOfPage\":{\"@id\":\"https:\/\/eu.man-machine.com\/de\/produkt\/its-cool-clear-drape-copy\/#primaryimage\"},\"image\":{\"@id\":\"https:\/\/eu.man-machine.com\/de\/produkt\/its-cool-clear-drape-copy\/#primaryimage\"},\"thumbnailUrl\":\"https:\/\/eu.man-machine.com\/wp-content\/uploads\/2025\/09\/YCOOL_white_US_prof_drapeoff-scaled.png\",\"datePublished\":\"2025-09-11T13:48:35+00:00\",\"dateModified\":\"2026-03-11T10:14:18+00:00\",\"description\":\"Eine transparente Silikon-Schutzh\u00fclle (flach oder mit Tastenprofil) f\u00fcr die beleuchtete Y Cool Tastatur. Sie bietet zus\u00e4tzlichen hygienischen Schutz.\",\"breadcrumb\":{\"@id\":\"https:\/\/eu.man-machine.com\/de\/produkt\/its-cool-clear-drape-copy\/#breadcrumb\"},\"inLanguage\":\"de\",\"potentialAction\":[{\"@type\":\"ReadAction\",\"target\":[\"https:\/\/eu.man-machine.com\/de\/produkt\/its-cool-clear-drape-copy\/\"]}]},{\"@type\":\"ImageObject\",\"inLanguage\":\"de\",\"@id\":\"https:\/\/eu.man-machine.com\/de\/produkt\/its-cool-clear-drape-copy\/#primaryimage\",\"url\":\"https:\/\/eu.man-machine.com\/wp-content\/uploads\/2025\/09\/YCOOL_white_US_prof_drapeoff-scaled.png\",\"contentUrl\":\"https:\/\/eu.man-machine.com\/wp-content\/uploads\/2025\/09\/YCOOL_white_US_prof_drapeoff-scaled.png\",\"width\":2500,\"height\":1473,\"caption\":\"Transparente Silikonh\u00fclle mit Tastaturprofil f\u00fcr die US Y Cool Tastatur, sch\u00fctzt vor Schmutz und Mikroben, erh\u00e4lt das taktile Gef\u00fchl, autoclavierbar und UV-desinfizierbar.\u201c\"},{\"@type\":\"BreadcrumbList\",\"@id\":\"https:\/\/eu.man-machine.com\/de\/produkt\/its-cool-clear-drape-copy\/#breadcrumb\",\"itemListElement\":[{\"@type\":\"ListItem\",\"position\":1,\"name\":\"Home\",\"item\":\"https:\/\/eu.man-machine.com\/de\/\"},{\"@type\":\"ListItem\",\"position\":2,\"name\":\"Katalog\",\"item\":\"https:\/\/eu.man-machine.com\/catalogue\/\"},{\"@type\":\"ListItem\",\"position\":3,\"name\":\"Zubeh\u00f6r\",\"item\":\"https:\/\/eu.man-machine.com\/de\/produkt-kategorie\/zubehor\/\"},{\"@type\":\"ListItem\",\"position\":4,\"name\":\"Y Cool Drape\"}]},{\"@type\":\"WebSite\",\"@id\":\"https:\/\/eu.man-machine.com\/de\/#website\",\"url\":\"https:\/\/eu.man-machine.com\/de\/\",\"name\":\"Man & Machine\",\"description\":\"Wasserdichte Tastaturen f\u00fcr medizinische und industrielle Anwendungen\",\"publisher\":{\"@id\":\"https:\/\/eu.man-machine.com\/de\/#organization\"},\"alternateName\":\"Man and Machine\",\"potentialAction\":[{\"@type\":\"SearchAction\",\"target\":{\"@type\":\"EntryPoint\",\"urlTemplate\":\"https:\/\/eu.man-machine.com\/de\/?s={search_term_string}\"},\"query-input\":{\"@type\":\"PropertyValueSpecification\",\"valueRequired\":true,\"valueName\":\"search_term_string\"}}],\"inLanguage\":\"de\"},{\"@type\":\"Organization\",\"@id\":\"https:\/\/eu.man-machine.com\/de\/#organization\",\"name\":\"Man & Machine\",\"alternateName\":\"Man and Machine\",\"url\":\"https:\/\/eu.man-machine.com\/de\/\",\"logo\":{\"@type\":\"ImageObject\",\"inLanguage\":\"de\",\"@id\":\"https:\/\/eu.man-machine.com\/de\/#\/schema\/logo\/image\/\",\"url\":\"https:\/\/eu.man-machine.com\/wp-content\/uploads\/2024\/11\/man-and-machine-logo-svg.svg\",\"contentUrl\":\"https:\/\/eu.man-machine.com\/wp-content\/uploads\/2024\/11\/man-and-machine-logo-svg.svg\",\"width\":293,\"height\":28,\"caption\":\"Man & Machine\"},\"image\":{\"@id\":\"https:\/\/eu.man-machine.com\/de\/#\/schema\/logo\/image\/\"},\"sameAs\":[\"https:\/\/www.facebook.com\/ManAndMachine\/\",\"https:\/\/x.com\/manandmachineco\"]}]}<\/script>\n<!-- \/ Yoast SEO plugin. -->","yoast_head_json":{"title":"Y Cool Drape &#8211; Man & Machine","description":"Eine transparente Silikon-Schutzh\u00fclle (flach oder mit Tastenprofil) f\u00fcr die beleuchtete Y Cool Tastatur. Sie bietet zus\u00e4tzlichen hygienischen Schutz.","robots":{"index":"index","follow":"follow","max-snippet":"max-snippet:-1","max-image-preview":"max-image-preview:large","max-video-preview":"max-video-preview:-1"},"canonical":"https:\/\/eu.man-machine.com\/de\/produkt\/its-cool-clear-drape-copy\/","og_locale":"de_DE","og_type":"article","og_title":"Y Cool Drape &#8211; Man & Machine","og_description":"Eine transparente Silikon-Schutzh\u00fclle (flach oder mit Tastenprofil) f\u00fcr die beleuchtete Y Cool Tastatur. Sie bietet zus\u00e4tzlichen hygienischen Schutz.","og_url":"https:\/\/eu.man-machine.com\/de\/produkt\/its-cool-clear-drape-copy\/","og_site_name":"Man & Machine","article_publisher":"https:\/\/www.facebook.com\/ManAndMachine\/","article_modified_time":"2026-03-11T10:14:18+00:00","og_image":[{"width":2500,"height":1473,"url":"https:\/\/eu.man-machine.com\/wp-content\/uploads\/2025\/09\/YCOOL_white_US_prof_drapeoff-scaled.png","type":"image\/png"}],"twitter_card":"summary_large_image","twitter_site":"@manandmachineco","twitter_misc":{"Gesch\u00e4tzte Lesezeit":"1\u00a0Minute"},"schema":{"@context":"https:\/\/schema.org","@graph":[{"@type":"WebPage","@id":"https:\/\/eu.man-machine.com\/de\/produkt\/its-cool-clear-drape-copy\/","url":"https:\/\/eu.man-machine.com\/de\/produkt\/its-cool-clear-drape-copy\/","name":"Y Cool Drape &#8211; Man & Machine","isPartOf":{"@id":"https:\/\/eu.man-machine.com\/de\/#website"},"primaryImageOfPage":{"@id":"https:\/\/eu.man-machine.com\/de\/produkt\/its-cool-clear-drape-copy\/#primaryimage"},"image":{"@id":"https:\/\/eu.man-machine.com\/de\/produkt\/its-cool-clear-drape-copy\/#primaryimage"},"thumbnailUrl":"https:\/\/eu.man-machine.com\/wp-content\/uploads\/2025\/09\/YCOOL_white_US_prof_drapeoff-scaled.png","datePublished":"2025-09-11T13:48:35+00:00","dateModified":"2026-03-11T10:14:18+00:00","description":"Eine transparente Silikon-Schutzh\u00fclle (flach oder mit Tastenprofil) f\u00fcr die beleuchtete Y Cool Tastatur. Sie bietet zus\u00e4tzlichen hygienischen Schutz.","breadcrumb":{"@id":"https:\/\/eu.man-machine.com\/de\/produkt\/its-cool-clear-drape-copy\/#breadcrumb"},"inLanguage":"de","potentialAction":[{"@type":"ReadAction","target":["https:\/\/eu.man-machine.com\/de\/produkt\/its-cool-clear-drape-copy\/"]}]},{"@type":"ImageObject","inLanguage":"de","@id":"https:\/\/eu.man-machine.com\/de\/produkt\/its-cool-clear-drape-copy\/#primaryimage","url":"https:\/\/eu.man-machine.com\/wp-content\/uploads\/2025\/09\/YCOOL_white_US_prof_drapeoff-scaled.png","contentUrl":"https:\/\/eu.man-machine.com\/wp-content\/uploads\/2025\/09\/YCOOL_white_US_prof_drapeoff-scaled.png","width":2500,"height":1473,"caption":"Transparente Silikonh\u00fclle mit Tastaturprofil f\u00fcr die US Y Cool Tastatur, sch\u00fctzt vor Schmutz und Mikroben, erh\u00e4lt das taktile Gef\u00fchl, autoclavierbar und UV-desinfizierbar.\u201c"},{"@type":"BreadcrumbList","@id":"https:\/\/eu.man-machine.com\/de\/produkt\/its-cool-clear-drape-copy\/#breadcrumb","itemListElement":[{"@type":"ListItem","position":1,"name":"Home","item":"https:\/\/eu.man-machine.com\/de\/"},{"@type":"ListItem","position":2,"name":"Katalog","item":"https:\/\/eu.man-machine.com\/catalogue\/"},{"@type":"ListItem","position":3,"name":"Zubeh\u00f6r","item":"https:\/\/eu.man-machine.com\/de\/produkt-kategorie\/zubehor\/"},{"@type":"ListItem","position":4,"name":"Y Cool Drape"}]},{"@type":"WebSite","@id":"https:\/\/eu.man-machine.com\/de\/#website","url":"https:\/\/eu.man-machine.com\/de\/","name":"Man & Machine","description":"Wasserdichte Tastaturen f\u00fcr medizinische und industrielle Anwendungen","publisher":{"@id":"https:\/\/eu.man-machine.com\/de\/#organization"},"alternateName":"Man and Machine","potentialAction":[{"@type":"SearchAction","target":{"@type":"EntryPoint","urlTemplate":"https:\/\/eu.man-machine.com\/de\/?s={search_term_string}"},"query-input":{"@type":"PropertyValueSpecification","valueRequired":true,"valueName":"search_term_string"}}],"inLanguage":"de"},{"@type":"Organization","@id":"https:\/\/eu.man-machine.com\/de\/#organization","name":"Man & Machine","alternateName":"Man and Machine","url":"https:\/\/eu.man-machine.com\/de\/","logo":{"@type":"ImageObject","inLanguage":"de","@id":"https:\/\/eu.man-machine.com\/de\/#\/schema\/logo\/image\/","url":"https:\/\/eu.man-machine.com\/wp-content\/uploads\/2024\/11\/man-and-machine-logo-svg.svg","contentUrl":"https:\/\/eu.man-machine.com\/wp-content\/uploads\/2024\/11\/man-and-machine-logo-svg.svg","width":293,"height":28,"caption":"Man & Machine"},"image":{"@id":"https:\/\/eu.man-machine.com\/de\/#\/schema\/logo\/image\/"},"sameAs":["https:\/\/www.facebook.com\/ManAndMachine\/","https:\/\/x.com\/manandmachineco"]}]}},"_links":{"self":[{"href":"https:\/\/eu.man-machine.com\/de\/wp-json\/wp\/v2\/product\/9591","targetHints":{"allow":["GET"]}}],"collection":[{"href":"https:\/\/eu.man-machine.com\/de\/wp-json\/wp\/v2\/product"}],"about":[{"href":"https:\/\/eu.man-machine.com\/de\/wp-json\/wp\/v2\/types\/product"}],"wp:featuredmedia":[{"embeddable":true,"href":"https:\/\/eu.man-machine.com\/de\/wp-json\/wp\/v2\/media\/9589"}],"wp:attachment":[{"href":"https:\/\/eu.man-machine.com\/de\/wp-json\/wp\/v2\/media?parent=9591"}],"wp:term":[{"taxonomy":"product_brand","embeddable":true,"href":"https:\/\/eu.man-machine.com\/de\/wp-json\/wp\/v2\/product_brand?post=9591"},{"taxonomy":"product_cat","embeddable":true,"href":"https:\/\/eu.man-machine.com\/de\/wp-json\/wp\/v2\/product_cat?post=9591"},{"taxonomy":"product_tag","embeddable":true,"href":"https:\/\/eu.man-machine.com\/de\/wp-json\/wp\/v2\/product_tag?post=9591"}],"curies":[{"name":"wp","href":"https:\/\/api.w.org\/{rel}","templated":true}]}}