{"id":9784,"date":"2025-12-09T11:34:03","date_gmt":"2025-12-09T10:34:03","guid":{"rendered":"https:\/\/eu.man-machine.com\/product\/y-cool-white\/"},"modified":"2026-01-19T11:48:58","modified_gmt":"2026-01-19T10:48:58","slug":"y-cool-white","status":"publish","type":"product","link":"https:\/\/eu.man-machine.com\/de\/produkt\/y-cool-white\/","title":{"rendered":"Y Cool &#8211; weiss"},"content":{"rendered":"<p><strong>Y Cool-Tastatur mit Hintergrundbeleuchtung \u2013 7-farbige LED-Beleuchtung f\u00fcr alle Lichtverh\u00e4ltnisse<\/strong><\/p>\n<p>Die Y Cool-Tastatur mit 7-farbiger Hintergrundbeleuchtung erm\u00f6glicht Ihnen ein komfortables Arbeiten bei allen Lichtverh\u00e4ltnissen. W\u00e4hlen Sie zwischen Gr\u00fcn, Blau, Violett, Gelb, Rot, Wei\u00df oder T\u00fcrkis, um die Tastatur an Ihren Stil anzupassen. Reaktionsschnelle, mechanische Tasten und ein ergonomisches Design sorgen f\u00fcr ein komfortables und effizientes Tippen, geeignet f\u00fcr den t\u00e4glichen Gebrauch. Diese Tastatur wird mit einem Schutzbezug Ihrer Wahl geliefert: flach oder leicht gepr\u00e4gt.<\/p>\n<p><strong><br \/>\nSo reinigen und desinfizieren Sie die Y Cool-Tastatur<br \/>\n<\/strong><\/p>\n<p>Die Y Cool verf\u00fcgt \u00fcber ein abwaschbares Design, einen Schutzbezug und eine integrierte Tastatursperrfunktion f\u00fcr eine sichere Reinigung.<\/p>\n<ul>\n<li><strong>Sterilisierbarer, transparenter Schutzbezug: <\/strong>Erh\u00e4ltlich in flacher oder leicht gepr\u00e4gter Ausf\u00fchrung, ganz nach Ihren Vorlieben.<\/li>\n<li><strong>Schutz vor Schmutz und Keimen: <\/strong>Der Schutzbezug verhindert, dass Verunreinigungen zwischen die Tasten gelangen.<\/li>\n<li><strong>Mehrere Reinigungsoptionen:<\/strong> Absp\u00fclen, einspr\u00fchen oder wischen Sie die Tastatur mit den g\u00e4ngigsten Oberfl\u00e4chendesinfektionsmitteln ab.<\/li>\n<\/ul>\n<p>Aktivieren Sie vor der Reinigung die Sperrfunktion, um Ihre Daten w\u00e4hrend der Hygienema\u00dfnahmen zu sch\u00fctzen.<\/p>\n<p><strong>Installation der Tastatur und flexible Kabelf\u00fchrung<\/strong><\/p>\n<p>Dank ihrer kompakten Gr\u00f6\u00dfe und der einstellbaren Kabelpositionierung eignet sich die Y Cool perfekt f\u00fcr medizinische Wagen, Wandhalterungen oder bei eingeschr\u00e4nkten Platzverh\u00e4ltnissen.<\/p>\n<ul>\n<li><strong>Ein 38 cm langes, abnehmbares Kabel, <\/strong>das nach oben, links, rechts oder nach unten abgewinkelt verlegt werden kann.<\/li>\n<li><strong>150 cm Verl\u00e4ngerungskabel <\/strong>f\u00fcr zus\u00e4tzliche Reichweite und flexible Installation im Lieferumfang enthalten.<\/li>\n<li><strong>Doppelte Zugentlastung<\/strong> beim Kabel f\u00fcr eine lange Lebensdauer<\/li>\n<\/ul>\n<p><strong>Sicheres und umweltfreundliches Design \u2013 keine antimikrobiellen Beschichtungen<\/strong><\/p>\n<p>Wie alle Produkte von Man &amp; Machine ist auch die Y Cool frei von antimikrobiellen Beschichtungen, um jegliches Risiko auf potenzielle Sch\u00e4den f\u00fcr Benutzer oder die Umwelt zu vermeiden.<\/p>\n","protected":false},"excerpt":{"rendered":"<p>Y Cool-Tastatur mit Hintergrundbeleuchtung \u2013 7-farbige LED-Beleuchtung f\u00fcr alle Lichtverh\u00e4ltnisse Die Y Cool-Tastatur mit 7-farbiger Hintergrundbeleuchtung erm\u00f6glicht Ihnen ein komfortables Arbeiten bei allen Lichtverh\u00e4ltnissen. W\u00e4hlen Sie zwischen Gr\u00fcn, Blau, Violett,&#8230;<\/p>\n","protected":false},"featured_media":9589,"template":"","meta":{"_acf_changed":false,"_glsr_average":0,"_glsr_ranking":0,"_glsr_reviews":0},"product_brand":[],"product_cat":[678,1042,1044,1078,1087,1045],"product_tag":[],"class_list":{"0":"post-9784","1":"product","2":"type-product","3":"status-publish","4":"has-post-thumbnail","6":"product_cat-tastaturen","7":"product_cat-medizinische-tastaturen","8":"product_cat-abwaschbare-tastaturen","9":"product_cat-antibakterielle-tastaturen","10":"product_cat-antimikrobielle-tastaturen","11":"product_cat-tastaturen-fuer-krankenhaeuser","13":"first","14":"instock","15":"shipping-taxable","16":"product-type-variable"},"acf":[],"yoast_head":"<!-- This site is optimized with the Yoast SEO plugin v26.9 - https:\/\/yoast.com\/product\/yoast-seo-wordpress\/ -->\n<title>Man &amp; Machine Y Cool Tastatur (Wei\u00df)<\/title>\n<meta name=\"description\" content=\"Die Y Cool Tastatur ist eine hygienische Tastatur mit Hintergrundbeleuchtung, wodurch Arbeiten in Umgebungen mit wenig Licht m\u00f6glich ist.\" \/>\n<meta name=\"robots\" content=\"index, follow, max-snippet:-1, max-image-preview:large, max-video-preview:-1\" \/>\n<link rel=\"canonical\" href=\"https:\/\/eu.man-machine.com\/de\/produkt\/y-cool-white\/\" \/>\n<meta property=\"og:locale\" content=\"de_DE\" \/>\n<meta property=\"og:type\" content=\"article\" \/>\n<meta property=\"og:title\" content=\"Man &amp; Machine Y Cool Tastatur (Wei\u00df)\" \/>\n<meta property=\"og:description\" content=\"Die Y Cool Tastatur ist eine hygienische Tastatur mit Hintergrundbeleuchtung, wodurch Arbeiten in Umgebungen mit wenig Licht m\u00f6glich ist.\" \/>\n<meta property=\"og:url\" content=\"https:\/\/eu.man-machine.com\/de\/produkt\/y-cool-white\/\" \/>\n<meta property=\"og:site_name\" content=\"Man &amp; Machine\" \/>\n<meta property=\"article:publisher\" content=\"https:\/\/www.facebook.com\/ManAndMachine\/\" \/>\n<meta property=\"article:modified_time\" content=\"2026-01-19T10:48:58+00:00\" \/>\n<meta property=\"og:image\" content=\"https:\/\/eu.man-machine.com\/wp-content\/uploads\/2025\/09\/YCOOL_white_US_prof_drapeoff-scaled.png\" \/>\n\t<meta property=\"og:image:width\" content=\"2500\" \/>\n\t<meta property=\"og:image:height\" content=\"1473\" \/>\n\t<meta property=\"og:image:type\" content=\"image\/png\" \/>\n<meta name=\"twitter:card\" content=\"summary_large_image\" \/>\n<meta name=\"twitter:site\" content=\"@manandmachineco\" \/>\n<meta name=\"twitter:label1\" content=\"Gesch\u00e4tzte Lesezeit\" \/>\n\t<meta name=\"twitter:data1\" content=\"4\u00a0Minuten\" \/>\n<script type=\"application\/ld+json\" class=\"yoast-schema-graph\">{\"@context\":\"https:\/\/schema.org\",\"@graph\":[{\"@type\":\"WebPage\",\"@id\":\"https:\/\/eu.man-machine.com\/de\/produkt\/y-cool-white\/\",\"url\":\"https:\/\/eu.man-machine.com\/de\/produkt\/y-cool-white\/\",\"name\":\"Man & Machine Y Cool Tastatur (Wei\u00df)\",\"isPartOf\":{\"@id\":\"https:\/\/eu.man-machine.com\/de\/#website\"},\"primaryImageOfPage\":{\"@id\":\"https:\/\/eu.man-machine.com\/de\/produkt\/y-cool-white\/#primaryimage\"},\"image\":{\"@id\":\"https:\/\/eu.man-machine.com\/de\/produkt\/y-cool-white\/#primaryimage\"},\"thumbnailUrl\":\"https:\/\/eu.man-machine.com\/wp-content\/uploads\/2025\/09\/YCOOL_white_US_prof_drapeoff-scaled.png\",\"datePublished\":\"2025-12-09T10:34:03+00:00\",\"dateModified\":\"2026-01-19T10:48:58+00:00\",\"description\":\"Die Y Cool Tastatur ist eine hygienische Tastatur mit Hintergrundbeleuchtung, wodurch Arbeiten in Umgebungen mit wenig Licht m\u00f6glich ist.\",\"breadcrumb\":{\"@id\":\"https:\/\/eu.man-machine.com\/de\/produkt\/y-cool-white\/#breadcrumb\"},\"inLanguage\":\"de\",\"potentialAction\":[{\"@type\":\"ReadAction\",\"target\":[\"https:\/\/eu.man-machine.com\/de\/produkt\/y-cool-white\/\"]}]},{\"@type\":\"ImageObject\",\"inLanguage\":\"de\",\"@id\":\"https:\/\/eu.man-machine.com\/de\/produkt\/y-cool-white\/#primaryimage\",\"url\":\"https:\/\/eu.man-machine.com\/wp-content\/uploads\/2025\/09\/YCOOL_white_US_prof_drapeoff-scaled.png\",\"contentUrl\":\"https:\/\/eu.man-machine.com\/wp-content\/uploads\/2025\/09\/YCOOL_white_US_prof_drapeoff-scaled.png\",\"width\":2500,\"height\":1473,\"caption\":\"Transparente Silikonh\u00fclle mit Tastaturprofil f\u00fcr die US Y Cool Tastatur, sch\u00fctzt vor Schmutz und Mikroben, erh\u00e4lt das taktile Gef\u00fchl, autoclavierbar und UV-desinfizierbar.\u201c\"},{\"@type\":\"BreadcrumbList\",\"@id\":\"https:\/\/eu.man-machine.com\/de\/produkt\/y-cool-white\/#breadcrumb\",\"itemListElement\":[{\"@type\":\"ListItem\",\"position\":1,\"name\":\"Home\",\"item\":\"https:\/\/eu.man-machine.com\/de\/\"},{\"@type\":\"ListItem\",\"position\":2,\"name\":\"Katalog\",\"item\":\"https:\/\/eu.man-machine.com\/catalogue\/\"},{\"@type\":\"ListItem\",\"position\":3,\"name\":\"Tastaturen\",\"item\":\"https:\/\/eu.man-machine.com\/de\/produkt-kategorie\/tastaturen\/\"},{\"@type\":\"ListItem\",\"position\":4,\"name\":\"Y Cool &#8211; weiss\"}]},{\"@type\":\"WebSite\",\"@id\":\"https:\/\/eu.man-machine.com\/de\/#website\",\"url\":\"https:\/\/eu.man-machine.com\/de\/\",\"name\":\"Man & Machine\",\"description\":\"Wasserdichte Tastaturen f\u00fcr medizinische und industrielle Anwendungen\",\"publisher\":{\"@id\":\"https:\/\/eu.man-machine.com\/de\/#organization\"},\"alternateName\":\"Man and Machine\",\"potentialAction\":[{\"@type\":\"SearchAction\",\"target\":{\"@type\":\"EntryPoint\",\"urlTemplate\":\"https:\/\/eu.man-machine.com\/de\/?s={search_term_string}\"},\"query-input\":{\"@type\":\"PropertyValueSpecification\",\"valueRequired\":true,\"valueName\":\"search_term_string\"}}],\"inLanguage\":\"de\"},{\"@type\":\"Organization\",\"@id\":\"https:\/\/eu.man-machine.com\/de\/#organization\",\"name\":\"Man & Machine\",\"alternateName\":\"Man and Machine\",\"url\":\"https:\/\/eu.man-machine.com\/de\/\",\"logo\":{\"@type\":\"ImageObject\",\"inLanguage\":\"de\",\"@id\":\"https:\/\/eu.man-machine.com\/de\/#\/schema\/logo\/image\/\",\"url\":\"https:\/\/eu.man-machine.com\/wp-content\/uploads\/2024\/11\/man-and-machine-logo-svg.svg\",\"contentUrl\":\"https:\/\/eu.man-machine.com\/wp-content\/uploads\/2024\/11\/man-and-machine-logo-svg.svg\",\"width\":293,\"height\":28,\"caption\":\"Man & Machine\"},\"image\":{\"@id\":\"https:\/\/eu.man-machine.com\/de\/#\/schema\/logo\/image\/\"},\"sameAs\":[\"https:\/\/www.facebook.com\/ManAndMachine\/\",\"https:\/\/x.com\/manandmachineco\"]}]}<\/script>\n<!-- \/ Yoast SEO plugin. -->","yoast_head_json":{"title":"Man & Machine Y Cool Tastatur (Wei\u00df)","description":"Die Y Cool Tastatur ist eine hygienische Tastatur mit Hintergrundbeleuchtung, wodurch Arbeiten in Umgebungen mit wenig Licht m\u00f6glich ist.","robots":{"index":"index","follow":"follow","max-snippet":"max-snippet:-1","max-image-preview":"max-image-preview:large","max-video-preview":"max-video-preview:-1"},"canonical":"https:\/\/eu.man-machine.com\/de\/produkt\/y-cool-white\/","og_locale":"de_DE","og_type":"article","og_title":"Man & Machine Y Cool Tastatur (Wei\u00df)","og_description":"Die Y Cool Tastatur ist eine hygienische Tastatur mit Hintergrundbeleuchtung, wodurch Arbeiten in Umgebungen mit wenig Licht m\u00f6glich ist.","og_url":"https:\/\/eu.man-machine.com\/de\/produkt\/y-cool-white\/","og_site_name":"Man & Machine","article_publisher":"https:\/\/www.facebook.com\/ManAndMachine\/","article_modified_time":"2026-01-19T10:48:58+00:00","og_image":[{"width":2500,"height":1473,"url":"https:\/\/eu.man-machine.com\/wp-content\/uploads\/2025\/09\/YCOOL_white_US_prof_drapeoff-scaled.png","type":"image\/png"}],"twitter_card":"summary_large_image","twitter_site":"@manandmachineco","twitter_misc":{"Gesch\u00e4tzte Lesezeit":"4\u00a0Minuten"},"schema":{"@context":"https:\/\/schema.org","@graph":[{"@type":"WebPage","@id":"https:\/\/eu.man-machine.com\/de\/produkt\/y-cool-white\/","url":"https:\/\/eu.man-machine.com\/de\/produkt\/y-cool-white\/","name":"Man & Machine Y Cool Tastatur (Wei\u00df)","isPartOf":{"@id":"https:\/\/eu.man-machine.com\/de\/#website"},"primaryImageOfPage":{"@id":"https:\/\/eu.man-machine.com\/de\/produkt\/y-cool-white\/#primaryimage"},"image":{"@id":"https:\/\/eu.man-machine.com\/de\/produkt\/y-cool-white\/#primaryimage"},"thumbnailUrl":"https:\/\/eu.man-machine.com\/wp-content\/uploads\/2025\/09\/YCOOL_white_US_prof_drapeoff-scaled.png","datePublished":"2025-12-09T10:34:03+00:00","dateModified":"2026-01-19T10:48:58+00:00","description":"Die Y Cool Tastatur ist eine hygienische Tastatur mit Hintergrundbeleuchtung, wodurch Arbeiten in Umgebungen mit wenig Licht m\u00f6glich ist.","breadcrumb":{"@id":"https:\/\/eu.man-machine.com\/de\/produkt\/y-cool-white\/#breadcrumb"},"inLanguage":"de","potentialAction":[{"@type":"ReadAction","target":["https:\/\/eu.man-machine.com\/de\/produkt\/y-cool-white\/"]}]},{"@type":"ImageObject","inLanguage":"de","@id":"https:\/\/eu.man-machine.com\/de\/produkt\/y-cool-white\/#primaryimage","url":"https:\/\/eu.man-machine.com\/wp-content\/uploads\/2025\/09\/YCOOL_white_US_prof_drapeoff-scaled.png","contentUrl":"https:\/\/eu.man-machine.com\/wp-content\/uploads\/2025\/09\/YCOOL_white_US_prof_drapeoff-scaled.png","width":2500,"height":1473,"caption":"Transparente Silikonh\u00fclle mit Tastaturprofil f\u00fcr die US Y Cool Tastatur, sch\u00fctzt vor Schmutz und Mikroben, erh\u00e4lt das taktile Gef\u00fchl, autoclavierbar und UV-desinfizierbar.\u201c"},{"@type":"BreadcrumbList","@id":"https:\/\/eu.man-machine.com\/de\/produkt\/y-cool-white\/#breadcrumb","itemListElement":[{"@type":"ListItem","position":1,"name":"Home","item":"https:\/\/eu.man-machine.com\/de\/"},{"@type":"ListItem","position":2,"name":"Katalog","item":"https:\/\/eu.man-machine.com\/catalogue\/"},{"@type":"ListItem","position":3,"name":"Tastaturen","item":"https:\/\/eu.man-machine.com\/de\/produkt-kategorie\/tastaturen\/"},{"@type":"ListItem","position":4,"name":"Y Cool &#8211; weiss"}]},{"@type":"WebSite","@id":"https:\/\/eu.man-machine.com\/de\/#website","url":"https:\/\/eu.man-machine.com\/de\/","name":"Man & Machine","description":"Wasserdichte Tastaturen f\u00fcr medizinische und industrielle Anwendungen","publisher":{"@id":"https:\/\/eu.man-machine.com\/de\/#organization"},"alternateName":"Man and Machine","potentialAction":[{"@type":"SearchAction","target":{"@type":"EntryPoint","urlTemplate":"https:\/\/eu.man-machine.com\/de\/?s={search_term_string}"},"query-input":{"@type":"PropertyValueSpecification","valueRequired":true,"valueName":"search_term_string"}}],"inLanguage":"de"},{"@type":"Organization","@id":"https:\/\/eu.man-machine.com\/de\/#organization","name":"Man & Machine","alternateName":"Man and Machine","url":"https:\/\/eu.man-machine.com\/de\/","logo":{"@type":"ImageObject","inLanguage":"de","@id":"https:\/\/eu.man-machine.com\/de\/#\/schema\/logo\/image\/","url":"https:\/\/eu.man-machine.com\/wp-content\/uploads\/2024\/11\/man-and-machine-logo-svg.svg","contentUrl":"https:\/\/eu.man-machine.com\/wp-content\/uploads\/2024\/11\/man-and-machine-logo-svg.svg","width":293,"height":28,"caption":"Man & Machine"},"image":{"@id":"https:\/\/eu.man-machine.com\/de\/#\/schema\/logo\/image\/"},"sameAs":["https:\/\/www.facebook.com\/ManAndMachine\/","https:\/\/x.com\/manandmachineco"]}]}},"_links":{"self":[{"href":"https:\/\/eu.man-machine.com\/de\/wp-json\/wp\/v2\/product\/9784","targetHints":{"allow":["GET"]}}],"collection":[{"href":"https:\/\/eu.man-machine.com\/de\/wp-json\/wp\/v2\/product"}],"about":[{"href":"https:\/\/eu.man-machine.com\/de\/wp-json\/wp\/v2\/types\/product"}],"wp:featuredmedia":[{"embeddable":true,"href":"https:\/\/eu.man-machine.com\/de\/wp-json\/wp\/v2\/media\/9589"}],"wp:attachment":[{"href":"https:\/\/eu.man-machine.com\/de\/wp-json\/wp\/v2\/media?parent=9784"}],"wp:term":[{"taxonomy":"product_brand","embeddable":true,"href":"https:\/\/eu.man-machine.com\/de\/wp-json\/wp\/v2\/product_brand?post=9784"},{"taxonomy":"product_cat","embeddable":true,"href":"https:\/\/eu.man-machine.com\/de\/wp-json\/wp\/v2\/product_cat?post=9784"},{"taxonomy":"product_tag","embeddable":true,"href":"https:\/\/eu.man-machine.com\/de\/wp-json\/wp\/v2\/product_tag?post=9784"}],"curies":[{"name":"wp","href":"https:\/\/api.w.org\/{rel}","templated":true}]}}