{"id":7209,"date":"2024-09-05T14:55:30","date_gmt":"2024-09-05T12:55:30","guid":{"rendered":"https:\/\/eu.man-machine.com\/a-propos-de-nous\/"},"modified":"2026-02-18T11:23:55","modified_gmt":"2026-02-18T10:23:55","slug":"a-propos-de-nous","status":"publish","type":"page","link":"https:\/\/eu.man-machine.com\/fr\/a-propos-de-nous\/","title":{"rendered":"\u00c0 propos de nous"},"content":{"rendered":"\n    <section class=\"section is-intro bg-default text-default\" id=\"\">\n        <div class=\"container-fluid p-0 is-full\">\n            <div class=\"section__content\">\n            \n    <div class=\"intro\">\n        <div class=\"intro__breadcrumbs\">\n            <p id=\"breadcrumbs\"><span><span><a href=\"https:\/\/eu.man-machine.com\/fr\/\">Home<\/a><\/span><\/span><\/p>        <\/div>\n        <img decoding=\"async\" class=\"intro__img\" src=\"https:\/\/eu.man-machine.com\/wp-content\/uploads\/2026\/02\/Manmachinecake-1-1.webp\" srcset=\"https:\/\/eu.man-machine.com\/wp-content\/uploads\/2026\/02\/Manmachinecake-1-1.webp 1500w, https:\/\/eu.man-machine.com\/wp-content\/uploads\/2026\/02\/Manmachinecake-1-1-300x50.webp 300w, https:\/\/eu.man-machine.com\/wp-content\/uploads\/2026\/02\/Manmachinecake-1-1-1024x171.webp 1024w, https:\/\/eu.man-machine.com\/wp-content\/uploads\/2026\/02\/Manmachinecake-1-1-768x128.webp 768w, https:\/\/eu.man-machine.com\/wp-content\/uploads\/2026\/02\/Manmachinecake-1-1-600x100.webp 600w, https:\/\/eu.man-machine.com\/wp-content\/uploads\/2026\/02\/Manmachinecake-1-1-1000x167.webp 1000w\" sizes=\"(max-width: 2000px) 100vw, 2000px\" alt=\"\" title=\" \" >    <\/div>\n    <\/div>\n    <\/div>\n    <\/section>\n\n\n\n    <section class=\"section is-wysiwyg bg-default overflow-hidden text-default lg\" id=\"\">\n        <div class=\"container-fluid is-custom\">\n            <div class=\"section__content\">\n            \n    <div class=\"wysiwyg bg-white\">\n        <div class=\"entry-content wysiwyg__content\">\n            <h1>\u00c0 propos de nous<\/h1>\n<h3>Man &amp; Machine Europe<\/h3>\n<p>Le 1er mars 2005, Clifton Broumand et Geraldien de Louwere-Schasfoort ont enregistr\u00e9 Man &amp; Machine Europe en tant que succursale de Man &amp; Machine Inc. aupr\u00e8s de la Chambre de Commerce locale de Haarlem, aux Pays-Bas.<\/p>\n<p>Les ann\u00e9es suivantes ont \u00e9t\u00e9 consacr\u00e9es \u00e0 la croissance, au d\u00e9veloppement de produits, \u00e0 la participation \u00e0 des salons professionnels et \u00e0 l\u2019expansion de l\u2019\u00e9quipe. La mise en place de partenariats avec Dell, HP et d\u2019autres alliances a renforc\u00e9 la position de Man &amp; Machine sur le march\u00e9 europ\u00e9en.<\/p>\n<p>Les produits Man &amp; Machine sont d\u00e9sormais utilis\u00e9s sur tout le territoire europ\u00e9en. H\u00f4pitaux, cliniques, cabinets dentaires, fabricants de mat\u00e9riel m\u00e9dical, laboratoires, installations de fabrication sensibles \u00e0 l\u2019hygi\u00e8ne dans les secteurs alimentaire et pharmaceutique, m\u00e9decins g\u00e9n\u00e9ralistes, ils trouvent tous des solutions adapt\u00e9es \u00e0 leurs besoins dans notre gamme de claviers et de souris d\u00e9sinfectables. La nature \u00e9tanche et robuste de nos claviers et souris sp\u00e9cialis\u00e9s convient \u00e9galement parfaitement au montage dans des voitures de police et \u00e0 la protection contre la poussi\u00e8re et les fluides huileux dans les environnements industriels.The sealed and rugged nature of our specialty keyboards and mice also works well for vehicle mounting in police cars, and protection against dust and oily fluids in industrial environments.<\/p>\n<p>Notre bureau de Haarlem, aux Pays-Bas, h\u00e9berge nos \u00e9quipes commerciales, marketing et service client et fait office d\u2019entrep\u00f4t r\u00e9gional o\u00f9 nous localisons nos diff\u00e9rents produits et les exp\u00e9dions dans les meilleurs d\u00e9lais possibles.<\/p>\n<h3>Man &amp; Machine Inc.<\/h3>\n<p>Notre soci\u00e9t\u00e9 m\u00e8re Man &amp; Machine Inc. fabrique des produits de p\u00e9riph\u00e9riques sp\u00e9cialis\u00e9s depuis 1982. Clifton Broumand a cr\u00e9\u00e9 l\u2019entreprise en tant que jeune entrepreneur et son approche visionnaire du d\u00e9veloppement de produits, toujours orient\u00e9es vers la facilit\u00e9 d\u2019utilisation a form\u00e9 la base du succ\u00e8s de l\u2019entreprise.<\/p>\n<p>Situ\u00e9 juste \u00e0 l\u2019ext\u00e9rieur de Washington, DC, dans l\u2019\u00c9tat am\u00e9ricain du Maryland, l\u2019installation actuelle de notre si\u00e8ge social de 1.765 m2 comprend des bureaux d\u2019entreprise, une usine de fabrication, un centre de d\u00e9veloppement, une salle blanche Classe 1000 ainsi que des services d\u2019entrepot et d\u2019exp\u00e9dition. Tous les claviers en silicone enti\u00e8rement \u00e9tanches de notre gamme sont fabriqu\u00e9s avec le plus grand soin dans cette usine certifi\u00e9e ISO 9001:2015 en 2023<\/p>\n<p>Suivez Man &amp; Machine <a href=\"https:\/\/www.linkedin.com\/company\/man-&amp;-machine-europe\" target=\"_blank\" rel=\"noopener\"><img loading=\"lazy\" decoding=\"async\" class=\"alignnone wp-image-8003\" src=\"https:\/\/eu.man-machine.com\/wp-content\/uploads\/2025\/04\/LI-logo-150x150.png\" alt=\"\" width=\"54\" height=\"46\" srcset=\"https:\/\/eu.man-machine.com\/wp-content\/uploads\/2025\/04\/LI-logo-300x255.png 300w, https:\/\/eu.man-machine.com\/wp-content\/uploads\/2025\/04\/LI-logo-600x510.png 600w, https:\/\/eu.man-machine.com\/wp-content\/uploads\/2025\/04\/LI-logo.png 635w\" sizes=\"auto, (max-width: 54px) 100vw, 54px\" \/><\/a><\/p>\n<p><a href=\"https:\/\/eu.man-machine.com\/wp-content\/uploads\/2025\/04\/roadmap_2025.png\" target=\"_blank\" rel=\"noopener\"><img loading=\"lazy\" decoding=\"async\" class=\"aligncenter wp-image-7913 size-large\" src=\"https:\/\/eu.man-machine.com\/wp-content\/uploads\/2025\/04\/roadmap_2025-1024x693.png\" alt=\"Man &amp; Machine timeline highlighting 20 years of innovation and leadership in washable and waterproof keyboards and mice for the medical and industrial sectors.\" width=\"1024\" height=\"693\" srcset=\"https:\/\/eu.man-machine.com\/wp-content\/uploads\/2025\/04\/roadmap_2025-1024x693.png 1024w, https:\/\/eu.man-machine.com\/wp-content\/uploads\/2025\/04\/roadmap_2025-300x203.png 300w, https:\/\/eu.man-machine.com\/wp-content\/uploads\/2025\/04\/roadmap_2025-768x520.png 768w, https:\/\/eu.man-machine.com\/wp-content\/uploads\/2025\/04\/roadmap_2025-1536x1039.png 1536w, https:\/\/eu.man-machine.com\/wp-content\/uploads\/2025\/04\/roadmap_2025-2048x1386.png 2048w, https:\/\/eu.man-machine.com\/wp-content\/uploads\/2025\/04\/roadmap_2025-600x406.png 600w, https:\/\/eu.man-machine.com\/wp-content\/uploads\/2025\/04\/roadmap_2025-1000x677.png 1000w\" sizes=\"auto, (max-width: 1024px) 100vw, 1024px\" \/><\/a><\/p>\n        <\/div>\n    <\/div>\n    <\/div>\n    <\/div>\n    <\/section>\n","protected":false},"excerpt":{"rendered":"","protected":false},"author":2,"featured_media":0,"parent":0,"menu_order":0,"comment_status":"closed","ping_status":"closed","template":"","meta":{"_acf_changed":false,"_glsr_average":0,"_glsr_ranking":0,"_glsr_reviews":0,"footnotes":""},"class_list":["post-7209","page","type-page","status-publish","hentry"],"acf":[],"yoast_head":"<!-- This site is optimized with the Yoast SEO plugin v26.9 - https:\/\/yoast.com\/product\/yoast-seo-wordpress\/ -->\n<title>\u00c0 propos de nous<\/title>\n<meta name=\"description\" content=\"D\u00e9couvrez Man &amp; Machine: depuis 2005 sp\u00e9cialiste des claviers et souris hygi\u00e9niques pour les environnements m\u00e9dicaux et professionnels.\" \/>\n<meta name=\"robots\" content=\"index, follow, max-snippet:-1, max-image-preview:large, max-video-preview:-1\" \/>\n<link rel=\"canonical\" href=\"https:\/\/eu.man-machine.com\/fr\/a-propos-de-nous\/\" \/>\n<meta property=\"og:locale\" content=\"fr_FR\" \/>\n<meta property=\"og:type\" content=\"article\" \/>\n<meta property=\"og:title\" content=\"\u00c0 propos de nous\" \/>\n<meta property=\"og:description\" content=\"D\u00e9couvrez Man &amp; Machine: depuis 2005 sp\u00e9cialiste des claviers et souris hygi\u00e9niques pour les environnements m\u00e9dicaux et professionnels.\" \/>\n<meta property=\"og:url\" content=\"https:\/\/eu.man-machine.com\/fr\/a-propos-de-nous\/\" \/>\n<meta property=\"og:site_name\" content=\"Man &amp; Machine\" \/>\n<meta property=\"article:publisher\" content=\"https:\/\/www.facebook.com\/ManAndMachine\/\" \/>\n<meta property=\"article:modified_time\" content=\"2026-02-18T10:23:55+00:00\" \/>\n<meta property=\"og:image\" content=\"https:\/\/eu.man-machine.com\/wp-content\/uploads\/2024\/10\/man-machine-3.png\" \/>\n\t<meta property=\"og:image:width\" content=\"2500\" \/>\n\t<meta property=\"og:image:height\" content=\"1384\" \/>\n\t<meta property=\"og:image:type\" content=\"image\/png\" \/>\n<meta name=\"twitter:card\" content=\"summary_large_image\" \/>\n<meta name=\"twitter:site\" content=\"@manandmachineco\" \/>\n<script type=\"application\/ld+json\" class=\"yoast-schema-graph\">{\"@context\":\"https:\/\/schema.org\",\"@graph\":[{\"@type\":\"WebPage\",\"@id\":\"https:\/\/eu.man-machine.com\/fr\/a-propos-de-nous\/\",\"url\":\"https:\/\/eu.man-machine.com\/fr\/a-propos-de-nous\/\",\"name\":\"\u00c0 propos de nous\",\"isPartOf\":{\"@id\":\"https:\/\/eu.man-machine.com\/fr\/#website\"},\"datePublished\":\"2024-09-05T12:55:30+00:00\",\"dateModified\":\"2026-02-18T10:23:55+00:00\",\"description\":\"D\u00e9couvrez Man & Machine: depuis 2005 sp\u00e9cialiste des claviers et souris hygi\u00e9niques pour les environnements m\u00e9dicaux et professionnels.\",\"breadcrumb\":{\"@id\":\"https:\/\/eu.man-machine.com\/fr\/a-propos-de-nous\/#breadcrumb\"},\"inLanguage\":\"fr-FR\",\"potentialAction\":[{\"@type\":\"ReadAction\",\"target\":[\"https:\/\/eu.man-machine.com\/fr\/a-propos-de-nous\/\"]}]},{\"@type\":\"BreadcrumbList\",\"@id\":\"https:\/\/eu.man-machine.com\/fr\/a-propos-de-nous\/#breadcrumb\",\"itemListElement\":[{\"@type\":\"ListItem\",\"position\":1,\"name\":\"Home\",\"item\":\"https:\/\/eu.man-machine.com\/fr\/\"},{\"@type\":\"ListItem\",\"position\":2,\"name\":\"\u00c0 propos de nous\"}]},{\"@type\":\"WebSite\",\"@id\":\"https:\/\/eu.man-machine.com\/fr\/#website\",\"url\":\"https:\/\/eu.man-machine.com\/fr\/\",\"name\":\"Man & Machine\",\"description\":\"Claviers \u00e9tanches pour les applications m\u00e9dicales et industrielles\",\"publisher\":{\"@id\":\"https:\/\/eu.man-machine.com\/fr\/#organization\"},\"alternateName\":\"Man and Machine\",\"potentialAction\":[{\"@type\":\"SearchAction\",\"target\":{\"@type\":\"EntryPoint\",\"urlTemplate\":\"https:\/\/eu.man-machine.com\/fr\/?s={search_term_string}\"},\"query-input\":{\"@type\":\"PropertyValueSpecification\",\"valueRequired\":true,\"valueName\":\"search_term_string\"}}],\"inLanguage\":\"fr-FR\"},{\"@type\":\"Organization\",\"@id\":\"https:\/\/eu.man-machine.com\/fr\/#organization\",\"name\":\"Man & Machine\",\"alternateName\":\"Man and Machine\",\"url\":\"https:\/\/eu.man-machine.com\/fr\/\",\"logo\":{\"@type\":\"ImageObject\",\"inLanguage\":\"fr-FR\",\"@id\":\"https:\/\/eu.man-machine.com\/fr\/#\/schema\/logo\/image\/\",\"url\":\"https:\/\/eu.man-machine.com\/wp-content\/uploads\/2024\/11\/man-and-machine-logo-svg.svg\",\"contentUrl\":\"https:\/\/eu.man-machine.com\/wp-content\/uploads\/2024\/11\/man-and-machine-logo-svg.svg\",\"width\":293,\"height\":28,\"caption\":\"Man & Machine\"},\"image\":{\"@id\":\"https:\/\/eu.man-machine.com\/fr\/#\/schema\/logo\/image\/\"},\"sameAs\":[\"https:\/\/www.facebook.com\/ManAndMachine\/\",\"https:\/\/x.com\/manandmachineco\"]}]}<\/script>\n<!-- \/ Yoast SEO plugin. -->","yoast_head_json":{"title":"\u00c0 propos de nous","description":"D\u00e9couvrez Man & Machine: depuis 2005 sp\u00e9cialiste des claviers et souris hygi\u00e9niques pour les environnements m\u00e9dicaux et professionnels.","robots":{"index":"index","follow":"follow","max-snippet":"max-snippet:-1","max-image-preview":"max-image-preview:large","max-video-preview":"max-video-preview:-1"},"canonical":"https:\/\/eu.man-machine.com\/fr\/a-propos-de-nous\/","og_locale":"fr_FR","og_type":"article","og_title":"\u00c0 propos de nous","og_description":"D\u00e9couvrez Man & Machine: depuis 2005 sp\u00e9cialiste des claviers et souris hygi\u00e9niques pour les environnements m\u00e9dicaux et professionnels.","og_url":"https:\/\/eu.man-machine.com\/fr\/a-propos-de-nous\/","og_site_name":"Man & Machine","article_publisher":"https:\/\/www.facebook.com\/ManAndMachine\/","article_modified_time":"2026-02-18T10:23:55+00:00","og_image":[{"width":2500,"height":1384,"url":"https:\/\/eu.man-machine.com\/wp-content\/uploads\/2024\/10\/man-machine-3.png","type":"image\/png"}],"twitter_card":"summary_large_image","twitter_site":"@manandmachineco","schema":{"@context":"https:\/\/schema.org","@graph":[{"@type":"WebPage","@id":"https:\/\/eu.man-machine.com\/fr\/a-propos-de-nous\/","url":"https:\/\/eu.man-machine.com\/fr\/a-propos-de-nous\/","name":"\u00c0 propos de nous","isPartOf":{"@id":"https:\/\/eu.man-machine.com\/fr\/#website"},"datePublished":"2024-09-05T12:55:30+00:00","dateModified":"2026-02-18T10:23:55+00:00","description":"D\u00e9couvrez Man & Machine: depuis 2005 sp\u00e9cialiste des claviers et souris hygi\u00e9niques pour les environnements m\u00e9dicaux et professionnels.","breadcrumb":{"@id":"https:\/\/eu.man-machine.com\/fr\/a-propos-de-nous\/#breadcrumb"},"inLanguage":"fr-FR","potentialAction":[{"@type":"ReadAction","target":["https:\/\/eu.man-machine.com\/fr\/a-propos-de-nous\/"]}]},{"@type":"BreadcrumbList","@id":"https:\/\/eu.man-machine.com\/fr\/a-propos-de-nous\/#breadcrumb","itemListElement":[{"@type":"ListItem","position":1,"name":"Home","item":"https:\/\/eu.man-machine.com\/fr\/"},{"@type":"ListItem","position":2,"name":"\u00c0 propos de nous"}]},{"@type":"WebSite","@id":"https:\/\/eu.man-machine.com\/fr\/#website","url":"https:\/\/eu.man-machine.com\/fr\/","name":"Man & Machine","description":"Claviers \u00e9tanches pour les applications m\u00e9dicales et industrielles","publisher":{"@id":"https:\/\/eu.man-machine.com\/fr\/#organization"},"alternateName":"Man and Machine","potentialAction":[{"@type":"SearchAction","target":{"@type":"EntryPoint","urlTemplate":"https:\/\/eu.man-machine.com\/fr\/?s={search_term_string}"},"query-input":{"@type":"PropertyValueSpecification","valueRequired":true,"valueName":"search_term_string"}}],"inLanguage":"fr-FR"},{"@type":"Organization","@id":"https:\/\/eu.man-machine.com\/fr\/#organization","name":"Man & Machine","alternateName":"Man and Machine","url":"https:\/\/eu.man-machine.com\/fr\/","logo":{"@type":"ImageObject","inLanguage":"fr-FR","@id":"https:\/\/eu.man-machine.com\/fr\/#\/schema\/logo\/image\/","url":"https:\/\/eu.man-machine.com\/wp-content\/uploads\/2024\/11\/man-and-machine-logo-svg.svg","contentUrl":"https:\/\/eu.man-machine.com\/wp-content\/uploads\/2024\/11\/man-and-machine-logo-svg.svg","width":293,"height":28,"caption":"Man & Machine"},"image":{"@id":"https:\/\/eu.man-machine.com\/fr\/#\/schema\/logo\/image\/"},"sameAs":["https:\/\/www.facebook.com\/ManAndMachine\/","https:\/\/x.com\/manandmachineco"]}]}},"_links":{"self":[{"href":"https:\/\/eu.man-machine.com\/fr\/wp-json\/wp\/v2\/pages\/7209","targetHints":{"allow":["GET"]}}],"collection":[{"href":"https:\/\/eu.man-machine.com\/fr\/wp-json\/wp\/v2\/pages"}],"about":[{"href":"https:\/\/eu.man-machine.com\/fr\/wp-json\/wp\/v2\/types\/page"}],"author":[{"embeddable":true,"href":"https:\/\/eu.man-machine.com\/fr\/wp-json\/wp\/v2\/users\/2"}],"replies":[{"embeddable":true,"href":"https:\/\/eu.man-machine.com\/fr\/wp-json\/wp\/v2\/comments?post=7209"}],"version-history":[{"count":15,"href":"https:\/\/eu.man-machine.com\/fr\/wp-json\/wp\/v2\/pages\/7209\/revisions"}],"predecessor-version":[{"id":9978,"href":"https:\/\/eu.man-machine.com\/fr\/wp-json\/wp\/v2\/pages\/7209\/revisions\/9978"}],"wp:attachment":[{"href":"https:\/\/eu.man-machine.com\/fr\/wp-json\/wp\/v2\/media?parent=7209"}],"curies":[{"name":"wp","href":"https:\/\/api.w.org\/{rel}","templated":true}]}}