{"id":7215,"date":"2024-09-26T08:41:47","date_gmt":"2024-09-26T06:41:47","guid":{"rendered":"https:\/\/eu.man-machine.com\/claviers-et-souris-antimicrobiens\/"},"modified":"2025-03-11T12:09:08","modified_gmt":"2025-03-11T11:09:08","slug":"claviers-et-souris-antimicrobiens","status":"publish","type":"page","link":"https:\/\/eu.man-machine.com\/fr\/claviers-et-souris-antimicrobiens\/","title":{"rendered":"Claviers &amp; souris antimicrobiens"},"content":{"rendered":"\n    <section class=\"section is-intro bg-default text-default\" id=\"\">\n        <div class=\"container-fluid p-0 is-full\">\n            <div class=\"section__content\">\n            \n    <div class=\"intro\">\n        <div class=\"intro__breadcrumbs\">\n            <p id=\"breadcrumbs\"><span><span><a href=\"https:\/\/eu.man-machine.com\/fr\/\">Home<\/a><\/span><\/span><\/p>        <\/div>\n        <img decoding=\"async\" class=\"intro__img\" src=\"https:\/\/eu.man-machine.com\/wp-content\/uploads\/2024\/09\/Banner1600x300_antimicrobal.png\" srcset=\"https:\/\/eu.man-machine.com\/wp-content\/uploads\/2024\/09\/Banner1600x300_antimicrobal.png 1600w, https:\/\/eu.man-machine.com\/wp-content\/uploads\/2024\/09\/Banner1600x300_antimicrobal-600x113.png 600w, https:\/\/eu.man-machine.com\/wp-content\/uploads\/2024\/09\/Banner1600x300_antimicrobal-1000x188.png 1000w, https:\/\/eu.man-machine.com\/wp-content\/uploads\/2024\/09\/Banner1600x300_antimicrobal-300x56.png 300w, https:\/\/eu.man-machine.com\/wp-content\/uploads\/2024\/09\/Banner1600x300_antimicrobal-1024x192.png 1024w, https:\/\/eu.man-machine.com\/wp-content\/uploads\/2024\/09\/Banner1600x300_antimicrobal-768x144.png 768w, https:\/\/eu.man-machine.com\/wp-content\/uploads\/2024\/09\/Banner1600x300_antimicrobal-1536x288.png 1536w\" sizes=\"(max-width: 2000px) 100vw, 2000px\" alt=\"\" title=\" \" >    <\/div>\n    <\/div>\n    <\/div>\n    <\/section>\n\n    <section class=\"section is-wysiwyg bg-default overflow-hidden text-default lg\" id=\"\">\n        <div class=\"container-fluid is-custom\">\n            <div class=\"section__content\">\n            \n    <div class=\"wysiwyg bg-white\">\n        <div class=\"entry-content wysiwyg__content\">\n            <h1>Claviers &amp; souris antimicrobiens<\/h1>\n<p>Les claviers et les souris antimicrobiens ont un certain type de rev\u00eatement antimicrobien. Nos ing\u00e9nieurs ont examin\u00e9 ces rev\u00eatements et ont trouv\u00e9 de nombreuses raisons de ne pas les utiliser. Nous n\u2019avons trouv\u00e9 aucune preuve que ces rev\u00eatements seraient efficaces, et nous avons trouv\u00e9 des rev\u00eatements qui sont nocifs et pourraient potentiellement induire des microbes r\u00e9sistants. Par cons\u00e9quent, aucun de nos claviers et souris n\u2019a de tels rev\u00eatements antimicrobiens. Sur cette page, vous trouverez plus d\u2019informations et des liens vers des recherches sur les rev\u00eatements antimicrobiens.    <\/p>\n<h3>Pas prouv\u00e9 son efficacit\u00e9<\/h3>\n<p>Les affirmations selon lesquelles les rev\u00eatements antimicrobiens r\u00e9duisent le nombre de microbes sur les surfaces sont bas\u00e9es sur des r\u00e9sultats de recherche obtenus dans des conditions de laboratoire.<br \/>Jusqu\u2019\u00e0 pr\u00e9sent, nous n\u2019avons trouv\u00e9 aucune preuve scientifique que cette r\u00e9duction se retrouve \u00e9galement dans l\u2019environnement des soins de sant\u00e9. <\/p>\n<p><strong>Conditions de laboratoire<br \/>\n<\/strong>Les affirmations selon lesquelles les rev\u00eatements antimicrobiens r\u00e9duisent le nombre de microbes sur les surfaces sont bas\u00e9es sur des r\u00e9sultats de recherche obtenus dans des conditions de laboratoire.<br \/>Jusqu\u2019\u00e0 pr\u00e9sent, nous n\u2019avons trouv\u00e9 aucune preuve scientifique que cette r\u00e9duction se retrouve \u00e9galement dans l\u2019environnement des soins de sant\u00e9.  <\/p>\n<p><em>En savoir plus sur :<\/em> <a href=\"https:\/\/www.researchgate.net\/profile\/Abdelkader_Bouaziz\/post\/Hi_I_want_to_know_a_standard_method_for_determining_the_antimicrobial_activity_of_thin_films_or_coatings\/attachment\/5e4b4866cfe4a7402480fef0\/AS%3A859751076331521%401581992038637\/download\/norme_ISO221961.pdf\">standard pour d\u00e9terminer l\u2019activit\u00e9 antimicrobienne 1 (en Anglais)<\/a> <em>et<\/em> <a href=\"https:\/\/microchemlab.com\/test\/iso-22196-test-antimicrobial-activity-plastics\" target=\"_blank\" rel=\"noopener\">standard pour d\u00e9terminer l\u2019activit\u00e9 antimicrobienne 2 (en Anglais)<\/a><\/p>\n<h3>Non-autonettoyant<\/h3>\n<p>De plus, les utilisateurs peuvent associer \u00ab antimicrobien \u00bb \u00e0 \u00ab autonettoyant \u00bb et ont tendance \u00e0 NE PAS nettoyer correctement. Une \u00e9tude r\u00e9alis\u00e9e il y a des ann\u00e9es a montr\u00e9 que les couvercles de st\u00e9thoscope marqu\u00e9s antimicrobiens contenaient un plus grand nombre de micro-organismes que les couvercles non marqu\u00e9s.<br \/>L\u2019\u00e9tude a \u00e9mis l\u2019hypoth\u00e8se que les utilisateurs ne nettoyaient pas les couvertures parce qu\u2019ils pensaient qu\u2019\u00eatre antimicrobien \u00e9tait suffisant pour les prot\u00e9ger.<\/p>\n<p><em>En savoir plus :<\/em> <a href=\"https:\/\/pubmed.ncbi.nlm.nih.gov\/17482998\/\" target=\"_blank\" rel=\"noopener\">l\u2019\u00e9tude<\/a><\/p>\n<h3>Nocif<\/h3>\n<p>La plupart des rev\u00eatements antimicrobiens sont bas\u00e9s sur la lib\u00e9ration d\u2019agents biocides actifs de la surface.<br \/>Ces biocides sont intrins\u00e8quement toxiques. Il existe une quantit\u00e9 consid\u00e9rable de recherches qui montrent qu\u2019ils sont nocifs pour l\u2019homme, les animaux et \u00e0 l\u2019environnement en g\u00e9n\u00e9ral.  <\/p>\n<p><em>Une bonne source pour trouver les risques par produit :<\/em> <a href=\"https:\/\/nanodb.dk\/en\/nanoriskcat\/\" target=\"_blank\" rel=\"noopener\">base de donn\u00e9es de risques nano<\/a><\/p>\n<h3>Risque de r\u00e9sistance aux antimicrobiens<\/h3>\n<p>Les rev\u00eatements antimicrobiens pourraient \u00eatre des inducteurs potentiels de microbes r\u00e9sistants. La r\u00e9sistance aux antimicrobiens est un probl\u00e8me complexe entra\u00een\u00e9 par des nombreux facteurs interconnect\u00e9s, il est donc difficile de filtrer l\u2019impact que les rev\u00eatements antimicrobiens peuvent avoir, mais nous choisissons une approche prudente.<\/p>\n        <\/div>\n    <\/div>\n    <\/div>\n    <\/div>\n    <\/section>\n","protected":false},"excerpt":{"rendered":"","protected":false},"author":2,"featured_media":0,"parent":0,"menu_order":0,"comment_status":"closed","ping_status":"closed","template":"","meta":{"_acf_changed":false,"_glsr_average":0,"_glsr_ranking":0,"_glsr_reviews":0,"footnotes":""},"class_list":["post-7215","page","type-page","status-publish","hentry"],"acf":[],"yoast_head":"<!-- This site is optimized with the Yoast SEO plugin v26.9 - https:\/\/yoast.com\/product\/yoast-seo-wordpress\/ -->\n<title>Claviers &amp; souris antimicrobiens<\/title>\n<meta name=\"description\" content=\"D\u00e9couvrez ce que sont les claviers et souris antimicrobiens et pourquoi nous choisissons d\u00e9lib\u00e9r\u00e9ment de ne pas utiliser de rev\u00eatements antimicrobiens.\" \/>\n<meta name=\"robots\" content=\"index, follow, max-snippet:-1, max-image-preview:large, max-video-preview:-1\" \/>\n<link rel=\"canonical\" href=\"https:\/\/eu.man-machine.com\/fr\/claviers-et-souris-antimicrobiens\/\" \/>\n<meta property=\"og:locale\" content=\"fr_FR\" \/>\n<meta property=\"og:type\" content=\"article\" \/>\n<meta property=\"og:title\" content=\"Claviers &amp; souris antimicrobiens\" \/>\n<meta property=\"og:description\" content=\"D\u00e9couvrez ce que sont les claviers et souris antimicrobiens et pourquoi nous choisissons d\u00e9lib\u00e9r\u00e9ment de ne pas utiliser de rev\u00eatements antimicrobiens.\" \/>\n<meta property=\"og:url\" content=\"https:\/\/eu.man-machine.com\/fr\/claviers-et-souris-antimicrobiens\/\" \/>\n<meta property=\"og:site_name\" content=\"Man &amp; Machine\" \/>\n<meta property=\"article:publisher\" content=\"https:\/\/www.facebook.com\/ManAndMachine\/\" \/>\n<meta property=\"article:modified_time\" content=\"2025-03-11T11:09:08+00:00\" \/>\n<meta property=\"og:image\" content=\"https:\/\/eu.man-machine.com\/wp-content\/uploads\/2024\/10\/man-machine-3.png\" \/>\n\t<meta property=\"og:image:width\" content=\"2500\" \/>\n\t<meta property=\"og:image:height\" content=\"1384\" \/>\n\t<meta property=\"og:image:type\" content=\"image\/png\" \/>\n<meta name=\"twitter:card\" content=\"summary_large_image\" \/>\n<meta name=\"twitter:site\" content=\"@manandmachineco\" \/>\n<script type=\"application\/ld+json\" class=\"yoast-schema-graph\">{\"@context\":\"https:\/\/schema.org\",\"@graph\":[{\"@type\":\"WebPage\",\"@id\":\"https:\/\/eu.man-machine.com\/fr\/claviers-et-souris-antimicrobiens\/\",\"url\":\"https:\/\/eu.man-machine.com\/fr\/claviers-et-souris-antimicrobiens\/\",\"name\":\"Claviers & souris antimicrobiens\",\"isPartOf\":{\"@id\":\"https:\/\/eu.man-machine.com\/fr\/#website\"},\"datePublished\":\"2024-09-26T06:41:47+00:00\",\"dateModified\":\"2025-03-11T11:09:08+00:00\",\"description\":\"D\u00e9couvrez ce que sont les claviers et souris antimicrobiens et pourquoi nous choisissons d\u00e9lib\u00e9r\u00e9ment de ne pas utiliser de rev\u00eatements antimicrobiens.\",\"breadcrumb\":{\"@id\":\"https:\/\/eu.man-machine.com\/fr\/claviers-et-souris-antimicrobiens\/#breadcrumb\"},\"inLanguage\":\"fr-FR\",\"potentialAction\":[{\"@type\":\"ReadAction\",\"target\":[\"https:\/\/eu.man-machine.com\/fr\/claviers-et-souris-antimicrobiens\/\"]}]},{\"@type\":\"BreadcrumbList\",\"@id\":\"https:\/\/eu.man-machine.com\/fr\/claviers-et-souris-antimicrobiens\/#breadcrumb\",\"itemListElement\":[{\"@type\":\"ListItem\",\"position\":1,\"name\":\"Home\",\"item\":\"https:\/\/eu.man-machine.com\/fr\/\"},{\"@type\":\"ListItem\",\"position\":2,\"name\":\"Claviers &amp; souris antimicrobiens\"}]},{\"@type\":\"WebSite\",\"@id\":\"https:\/\/eu.man-machine.com\/fr\/#website\",\"url\":\"https:\/\/eu.man-machine.com\/fr\/\",\"name\":\"Man & Machine\",\"description\":\"Claviers \u00e9tanches pour les applications m\u00e9dicales et industrielles\",\"publisher\":{\"@id\":\"https:\/\/eu.man-machine.com\/fr\/#organization\"},\"alternateName\":\"Man and Machine\",\"potentialAction\":[{\"@type\":\"SearchAction\",\"target\":{\"@type\":\"EntryPoint\",\"urlTemplate\":\"https:\/\/eu.man-machine.com\/fr\/?s={search_term_string}\"},\"query-input\":{\"@type\":\"PropertyValueSpecification\",\"valueRequired\":true,\"valueName\":\"search_term_string\"}}],\"inLanguage\":\"fr-FR\"},{\"@type\":\"Organization\",\"@id\":\"https:\/\/eu.man-machine.com\/fr\/#organization\",\"name\":\"Man & Machine\",\"alternateName\":\"Man and Machine\",\"url\":\"https:\/\/eu.man-machine.com\/fr\/\",\"logo\":{\"@type\":\"ImageObject\",\"inLanguage\":\"fr-FR\",\"@id\":\"https:\/\/eu.man-machine.com\/fr\/#\/schema\/logo\/image\/\",\"url\":\"https:\/\/eu.man-machine.com\/wp-content\/uploads\/2024\/11\/man-and-machine-logo-svg.svg\",\"contentUrl\":\"https:\/\/eu.man-machine.com\/wp-content\/uploads\/2024\/11\/man-and-machine-logo-svg.svg\",\"width\":293,\"height\":28,\"caption\":\"Man & Machine\"},\"image\":{\"@id\":\"https:\/\/eu.man-machine.com\/fr\/#\/schema\/logo\/image\/\"},\"sameAs\":[\"https:\/\/www.facebook.com\/ManAndMachine\/\",\"https:\/\/x.com\/manandmachineco\"]}]}<\/script>\n<!-- \/ Yoast SEO plugin. -->","yoast_head_json":{"title":"Claviers & souris antimicrobiens","description":"D\u00e9couvrez ce que sont les claviers et souris antimicrobiens et pourquoi nous choisissons d\u00e9lib\u00e9r\u00e9ment de ne pas utiliser de rev\u00eatements antimicrobiens.","robots":{"index":"index","follow":"follow","max-snippet":"max-snippet:-1","max-image-preview":"max-image-preview:large","max-video-preview":"max-video-preview:-1"},"canonical":"https:\/\/eu.man-machine.com\/fr\/claviers-et-souris-antimicrobiens\/","og_locale":"fr_FR","og_type":"article","og_title":"Claviers & souris antimicrobiens","og_description":"D\u00e9couvrez ce que sont les claviers et souris antimicrobiens et pourquoi nous choisissons d\u00e9lib\u00e9r\u00e9ment de ne pas utiliser de rev\u00eatements antimicrobiens.","og_url":"https:\/\/eu.man-machine.com\/fr\/claviers-et-souris-antimicrobiens\/","og_site_name":"Man & Machine","article_publisher":"https:\/\/www.facebook.com\/ManAndMachine\/","article_modified_time":"2025-03-11T11:09:08+00:00","og_image":[{"width":2500,"height":1384,"url":"https:\/\/eu.man-machine.com\/wp-content\/uploads\/2024\/10\/man-machine-3.png","type":"image\/png"}],"twitter_card":"summary_large_image","twitter_site":"@manandmachineco","schema":{"@context":"https:\/\/schema.org","@graph":[{"@type":"WebPage","@id":"https:\/\/eu.man-machine.com\/fr\/claviers-et-souris-antimicrobiens\/","url":"https:\/\/eu.man-machine.com\/fr\/claviers-et-souris-antimicrobiens\/","name":"Claviers & souris antimicrobiens","isPartOf":{"@id":"https:\/\/eu.man-machine.com\/fr\/#website"},"datePublished":"2024-09-26T06:41:47+00:00","dateModified":"2025-03-11T11:09:08+00:00","description":"D\u00e9couvrez ce que sont les claviers et souris antimicrobiens et pourquoi nous choisissons d\u00e9lib\u00e9r\u00e9ment de ne pas utiliser de rev\u00eatements antimicrobiens.","breadcrumb":{"@id":"https:\/\/eu.man-machine.com\/fr\/claviers-et-souris-antimicrobiens\/#breadcrumb"},"inLanguage":"fr-FR","potentialAction":[{"@type":"ReadAction","target":["https:\/\/eu.man-machine.com\/fr\/claviers-et-souris-antimicrobiens\/"]}]},{"@type":"BreadcrumbList","@id":"https:\/\/eu.man-machine.com\/fr\/claviers-et-souris-antimicrobiens\/#breadcrumb","itemListElement":[{"@type":"ListItem","position":1,"name":"Home","item":"https:\/\/eu.man-machine.com\/fr\/"},{"@type":"ListItem","position":2,"name":"Claviers &amp; souris antimicrobiens"}]},{"@type":"WebSite","@id":"https:\/\/eu.man-machine.com\/fr\/#website","url":"https:\/\/eu.man-machine.com\/fr\/","name":"Man & Machine","description":"Claviers \u00e9tanches pour les applications m\u00e9dicales et industrielles","publisher":{"@id":"https:\/\/eu.man-machine.com\/fr\/#organization"},"alternateName":"Man and Machine","potentialAction":[{"@type":"SearchAction","target":{"@type":"EntryPoint","urlTemplate":"https:\/\/eu.man-machine.com\/fr\/?s={search_term_string}"},"query-input":{"@type":"PropertyValueSpecification","valueRequired":true,"valueName":"search_term_string"}}],"inLanguage":"fr-FR"},{"@type":"Organization","@id":"https:\/\/eu.man-machine.com\/fr\/#organization","name":"Man & Machine","alternateName":"Man and Machine","url":"https:\/\/eu.man-machine.com\/fr\/","logo":{"@type":"ImageObject","inLanguage":"fr-FR","@id":"https:\/\/eu.man-machine.com\/fr\/#\/schema\/logo\/image\/","url":"https:\/\/eu.man-machine.com\/wp-content\/uploads\/2024\/11\/man-and-machine-logo-svg.svg","contentUrl":"https:\/\/eu.man-machine.com\/wp-content\/uploads\/2024\/11\/man-and-machine-logo-svg.svg","width":293,"height":28,"caption":"Man & Machine"},"image":{"@id":"https:\/\/eu.man-machine.com\/fr\/#\/schema\/logo\/image\/"},"sameAs":["https:\/\/www.facebook.com\/ManAndMachine\/","https:\/\/x.com\/manandmachineco"]}]}},"_links":{"self":[{"href":"https:\/\/eu.man-machine.com\/fr\/wp-json\/wp\/v2\/pages\/7215","targetHints":{"allow":["GET"]}}],"collection":[{"href":"https:\/\/eu.man-machine.com\/fr\/wp-json\/wp\/v2\/pages"}],"about":[{"href":"https:\/\/eu.man-machine.com\/fr\/wp-json\/wp\/v2\/types\/page"}],"author":[{"embeddable":true,"href":"https:\/\/eu.man-machine.com\/fr\/wp-json\/wp\/v2\/users\/2"}],"replies":[{"embeddable":true,"href":"https:\/\/eu.man-machine.com\/fr\/wp-json\/wp\/v2\/comments?post=7215"}],"version-history":[{"count":3,"href":"https:\/\/eu.man-machine.com\/fr\/wp-json\/wp\/v2\/pages\/7215\/revisions"}],"predecessor-version":[{"id":7688,"href":"https:\/\/eu.man-machine.com\/fr\/wp-json\/wp\/v2\/pages\/7215\/revisions\/7688"}],"wp:attachment":[{"href":"https:\/\/eu.man-machine.com\/fr\/wp-json\/wp\/v2\/media?parent=7215"}],"curies":[{"name":"wp","href":"https:\/\/api.w.org\/{rel}","templated":true}]}}