{"id":7693,"date":"2024-09-25T11:35:57","date_gmt":"2024-09-25T09:35:57","guid":{"rendered":"https:\/\/eu.man-machine.com\/certificats-autres-documents\/"},"modified":"2025-06-12T14:01:31","modified_gmt":"2025-06-12T12:01:31","slug":"certificats-autres-documents","status":"publish","type":"page","link":"https:\/\/eu.man-machine.com\/fr\/certificats-autres-documents\/","title":{"rendered":"Certificats &amp; autres documents"},"content":{"rendered":"\n    <section class=\"section is-intro bg-default text-default\" id=\"\">\n        <div class=\"container-fluid p-0 is-full\">\n            <div class=\"section__content\">\n            \n    <\/div>\n    <\/div>\n    <\/section>\n\n\n\n    <section class=\"section is-wysiwyg bg-default overflow-hidden text-default lg\" id=\"\">\n        <div class=\"container-fluid is-custom\">\n            <div class=\"section__content\">\n            \n    <div class=\"wysiwyg bg-white\">\n        <div class=\"entry-content wysiwyg__content\">\n            <h1>CertificateS &amp; other documentation<\/h1>\n<p>Nos produits sont fabriqu\u00e9s avec connaissance et respect. Pour une utilisation s\u00fbre dans le domaine m\u00e9dical, ils sont conformes aux exigences en mati\u00e8re de compatibilit\u00e9 \u00e9lectromagn\u00e9tique (<a href=\"https:\/\/eu.man-machine.com\/fr\/en-60601-1-2\/\">EMC EN 60601-1-2 : 2015<\/a>), \u00e9galement connue sous le nom de 4e \u00e9dition. Au niveau europ\u00e9en, nous r\u00e9pondons aux exigences de la directive 2014\/30\/UE sur la compatibilit\u00e9 \u00e9lectromagn\u00e9tique, de la directive 2012\/19\/UE sur les d\u00e9chets d\u2019\u00e9quipements \u00e9lectriques et \u00e9lectroniques (DEEE) et de la directive 2015\/863\/UE sur la restriction des substances dangereuses (RoHs) de la Parlement europ\u00e9en et Conseil. Tous les produits sont con\u00e7us conform\u00e9ment \u00e0 la r\u00e9glementation europ\u00e9enne REACH (Enregistrement, \u00c9valuation, Autorisation des produits chimiques) sur la restriction de l\u2019utilisation des SVHC (Substances extr\u00eamement pr\u00e9occupantes) dans les composants \u00e9lectroniques.<\/p>\n<p>Sur cette page, vous trouverez \u00e9galement des <strong>Instructions de nettoyage &amp; de d\u00e9sinfection<\/strong>, notre <strong>Politique d&rsquo;entreprise<\/strong> ainsi que des <strong>livres blancs <\/strong>pertinents.<\/p>\n<h3>Certificats<\/h3>\n<ul>\n<li>Its Cool <a href=\"https:\/\/eu.man-machine.com\/wp-content\/uploads\/2025\/06\/REACH-247-VC-VCF-ITSC-ICF-CM-BTWI-signed-20250429.pdf\" target=\"_blank\" rel=\"noopener\">REACH<\/a> <a href=\"https:\/\/eu.man-machine.com\/wp-content\/uploads\/2024\/06\/ROHS-Declaration-VC-VCF-ITSC-ICF-CM-DRAPE-products-Man-Machine-20220728.pdf\" target=\"_blank\" rel=\"noopener\">RoHS<\/a><\/li>\n<li>Its Cool Flat <a href=\"https:\/\/eu.man-machine.com\/wp-content\/uploads\/2025\/06\/REACH-247-VC-VCF-ITSC-ICF-CM-BTWI-signed-20250429.pdf\" target=\"_blank\" rel=\"noopener\">REACH<\/a> <a href=\"https:\/\/eu.man-machine.com\/wp-content\/uploads\/2024\/06\/ROHS-Declaration-VC-VCF-ITSC-ICF-CM-DRAPE-products-Man-Machine-20220728.pdf\" target=\"_blank\" rel=\"noopener\">RoHS<\/a><\/li>\n<li>Its Cool Wireless <a href=\"https:\/\/eu.man-machine.com\/wp-content\/uploads\/2025\/06\/REACH-247-VC-VCF-ITSC-ICF-CM-BTWI-signed-20250429.pdf\" target=\"_blank\" rel=\"noopener\">REACH<\/a> <a href=\"https:\/\/eu.man-machine.com\/wp-content\/uploads\/2024\/06\/ROHS-Declaration-VC-VCF-ITSC-ICF-CM-DRAPE-products-Man-Machine-20220728.pdf\" target=\"_blank\" rel=\"noopener\">RoHS<\/a><\/li>\n<li>Really Cool <a href=\"https:\/\/eu.man-machine.com\/wp-content\/uploads\/2025\/06\/REACH-247-RC-RCT-SC-SC-MM-PM-signed-20250429.pdf\" target=\"_blank\" rel=\"noopener\">REACH<\/a> <a href=\"https:\/\/eu.man-machine.com\/wp-content\/uploads\/2024\/06\/ROHS-Declaration-RC-SC-RCT-SC-MM-PM-SoC-products-Man-Machine-20220728.pdf\" target=\"_blank\" rel=\"noopener\">RoHS<\/a><\/li>\n<li>Really Cool Touch <a href=\"https:\/\/eu.man-machine.com\/wp-content\/uploads\/2025\/06\/REACH-247-RC-RCT-SC-SC-MM-PM-signed-20250429.pdf\" target=\"_blank\" rel=\"noopener\">REACH<\/a> <a href=\"https:\/\/eu.man-machine.com\/wp-content\/uploads\/2024\/06\/ROHS-Declaration-RC-SC-RCT-SC-MM-PM-SoC-products-Man-Machine-20220728.pdf\" target=\"_blank\" rel=\"noopener\">RoHS<\/a><\/li>\n<li>Slim Cool <a href=\"https:\/\/eu.man-machine.com\/wp-content\/uploads\/2025\/06\/REACH-247-RC-RCT-SC-SC-MM-PM-signed-20250429.pdf\" target=\"_blank\" rel=\"noopener\">REACH<\/a> <a href=\"https:\/\/eu.man-machine.com\/wp-content\/uploads\/2024\/06\/ROHS-Declaration-RC-SC-RCT-SC-MM-PM-SoC-products-Man-Machine-20220728.pdf\" target=\"_blank\" rel=\"noopener\">RoHS<\/a><\/li>\n<li>Slim Cool+ <a href=\"https:\/\/eu.man-machine.com\/wp-content\/uploads\/2025\/06\/REACH-247-RC-RCT-SC-SC-MM-PM-signed-20250429.pdf\" target=\"_blank\" rel=\"noopener\">REACH<\/a> <a href=\"https:\/\/eu.man-machine.com\/wp-content\/uploads\/2024\/06\/ROHS-Declaration-RC-SC-RCT-SC-MM-PM-SoC-products-Man-Machine-20220728.pdf\" target=\"_blank\" rel=\"noopener\">RoHS<\/a><\/li>\n<li>Really O\u2019Cool<\/li>\n<li>So Cool <a href=\"https:\/\/eu.man-machine.com\/wp-content\/uploads\/2025\/06\/REACH-247-RC-RCT-SC-SC-MM-PM-signed-20250429.pdf\">REACH<\/a> <a href=\"https:\/\/eu.man-machine.com\/wp-content\/uploads\/2024\/06\/ROHS-Declaration-RC-SC-RCT-SC-MM-PM-SoC-products-Man-Machine-20220728.pdf\" target=\"_blank\" rel=\"noopener\">RoHS<\/a><\/li>\n<li>Very Cool <a href=\"https:\/\/eu.man-machine.com\/wp-content\/uploads\/2025\/06\/REACH-247-VC-VCF-ITSC-ICF-CM-BTWI-signed-20250429.pdf\" target=\"_blank\" rel=\"noopener\">REACH<\/a> <a href=\"https:\/\/eu.man-machine.com\/wp-content\/uploads\/2024\/06\/ROHS-Declaration-VC-VCF-ITSC-ICF-CM-DRAPE-products-Man-Machine-20220728.pdf\" target=\"_blank\" rel=\"noopener\">RoHS<\/a><\/li>\n<li>Very Cool Flat <a href=\"https:\/\/eu.man-machine.com\/wp-content\/uploads\/2025\/06\/REACH-247-VC-VCF-ITSC-ICF-CM-BTWI-signed-20250429.pdf\" target=\"_blank\" rel=\"noopener\">REACH<\/a> <a href=\"https:\/\/eu.man-machine.com\/wp-content\/uploads\/2024\/06\/ROHS-Declaration-VC-VCF-ITSC-ICF-CM-DRAPE-products-Man-Machine-20220728.pdf\" target=\"_blank\" rel=\"noopener\">RoHS<\/a><\/li>\n<li>C Mouse <a href=\"https:\/\/eu.man-machine.com\/wp-content\/uploads\/2025\/06\/REACH-247-VC-VCF-ITSC-ICF-CM-BTWI-signed-20250429.pdf\" target=\"_blank\" rel=\"noopener\">REACH<\/a> <a href=\"https:\/\/eu.man-machine.com\/wp-content\/uploads\/2024\/06\/ROHS-Declaration-VC-VCF-ITSC-ICF-CM-DRAPE-products-Man-Machine-20220728.pdf\" target=\"_blank\" rel=\"noopener\">RoHS<\/a><\/li>\n<li>C Mouse Wireless <a href=\"https:\/\/eu.man-machine.com\/wp-content\/uploads\/2025\/06\/REACH-247-VC-VCF-ITSC-ICF-CM-BTWI-signed-20250429.pdf\" target=\"_blank\" rel=\"noopener\">REACH<\/a> <a href=\"https:\/\/eu.man-machine.com\/wp-content\/uploads\/2024\/06\/ROHS-Declaration-VC-VCF-ITSC-ICF-CM-DRAPE-products-Man-Machine-20220728.pdf\" target=\"_blank\" rel=\"noopener\">RoHS<\/a><\/li>\n<li>Mighty Mouse <a href=\"https:\/\/eu.man-machine.com\/wp-content\/uploads\/2025\/06\/REACH-247-RC-RCT-SC-SC-MM-PM-signed-20250429.pdf\" target=\"_blank\" rel=\"noopener\">REACH<\/a> <a href=\"https:\/\/eu.man-machine.com\/wp-content\/uploads\/2024\/06\/ROHS-Declaration-RC-SC-RCT-SC-MM-PM-SoC-products-Man-Machine-20220728.pdf\" target=\"_blank\" rel=\"noopener\">RoHS<\/a><\/li>\n<li>Mighty O\u2019Mouse<\/li>\n<li>Petite Mouse <a href=\"https:\/\/eu.man-machine.com\/wp-content\/uploads\/2025\/06\/REACH-247-RC-RCT-SC-SC-MM-PM-signed-20250429.pdf\" target=\"_blank\" rel=\"noopener\">REACH<\/a> <a href=\"https:\/\/eu.man-machine.com\/wp-content\/uploads\/2024\/06\/ROHS-Declaration-RC-SC-RCT-SC-MM-PM-SoC-products-Man-Machine-20220728.pdf\" target=\"_blank\" rel=\"noopener\">RoHS<\/a><\/li>\n<\/ul>\n<h3>Declarations of Conformity<\/h3>\n<ul>\n<li>Its Cool <a href=\"https:\/\/eu.man-machine.com\/wp-content\/uploads\/2024\/06\/Declaration-of-conformity-ITSC-ICF-for-CE-RoHS-EMC-20190702.pdf\" target=\"_blank\" rel=\"noopener\">CE\/RoHS\/EMC<\/a><\/li>\n<li>Its Cool Flat <a href=\"https:\/\/eu.man-machine.com\/wp-content\/uploads\/2024\/06\/Declaration-of-conformity-ITSC-ICF-for-CE-RoHS-EMC-20190702.pdf\" target=\"_blank\" rel=\"noopener\">CE\/RoHS\/EMC<\/a><\/li>\n<li>Its Cool Wireless <a href=\"https:\/\/eu.man-machine.com\/wp-content\/uploads\/2024\/06\/Declaration-of-conformity-ITSC-WI-for-CE-RoHS-EMC-20211109.pdf\" target=\"_blank\" rel=\"noopener\">CE\/RoHS\/EMC<\/a> <a href=\"https:\/\/eu.man-machine.com\/wp-content\/uploads\/2024\/08\/MMI-EU2023_1542-Battery-Heavy-Metals-Declaration.pdf\" target=\"_blank\" rel=\"noopener\">\/EU2023_1542<\/a><\/li>\n<li>Really Cool <a href=\"https:\/\/eu.man-machine.com\/wp-content\/uploads\/2024\/06\/Declaration-of-conformity-SCLP-RCLP-SoC-SCLP-RCTLP-for-CE-RoHS-EMC-MDD-20190628.pdf\" target=\"_blank\" rel=\"noopener\">CE\/RoHS\/EMC\/MDD<\/a><\/li>\n<li>Really Cool Touch <a href=\"https:\/\/eu.man-machine.com\/wp-content\/uploads\/2024\/06\/Declaration-of-conformity-SCLP-RCLP-SoC-SCLP-RCTLP-for-CE-RoHS-EMC-MDD-20190628.pdf\" target=\"_blank\" rel=\"noopener\">CE\/RoHS\/EMC\/MDD<\/a><\/li>\n<li>Slim Cool <a href=\"https:\/\/eu.man-machine.com\/wp-content\/uploads\/2024\/06\/Declaration-of-conformity-SCLP-RCLP-SoC-SCLP-RCTLP-for-CE-RoHS-EMC-MDD-20190628.pdf\" target=\"_blank\" rel=\"noopener\">CE\/RoHS\/EMC\/MDD<\/a><\/li>\n<li>Slim Cool+ <a href=\"https:\/\/eu.man-machine.com\/wp-content\/uploads\/2024\/06\/Declaration-of-conformity-SCLP-RCLP-SoC-SCLP-RCTLP-for-CE-RoHS-EMC-MDD-20190628.pdf\" target=\"_blank\" rel=\"noopener\">CE\/RoHS\/EMC\/MDD<\/a><\/li>\n<li>Really O\u2019Cool<\/li>\n<li>So Cool <a href=\"https:\/\/eu.man-machine.com\/wp-content\/uploads\/2024\/06\/Declaration-of-conformity-SCLP-RCLP-SoC-SCLP-RCTLP-for-CE-RoHS-EMC-MDD-20190628.pdf\" target=\"_blank\" rel=\"noopener\">CE\/RoHS\/EMC\/MDD<\/a><\/li>\n<li>Very Cool <a href=\"https:\/\/eu.man-machine.com\/wp-content\/uploads\/2024\/06\/Declaration-of-conformity-VC-VCF-for-CE-RoHS-EMC-MDD-20200122.pdf\" target=\"_blank\" rel=\"noopener\">CE\/RoHS\/EMC\/MDD<\/a><\/li>\n<li>Very Cool Flat <a href=\"https:\/\/eu.man-machine.com\/wp-content\/uploads\/2024\/06\/Declaration-of-conformity-VC-VCF-for-CE-RoHS-EMC-MDD-20200122.pdf\" target=\"_blank\" rel=\"noopener\">CE\/RoHS\/EMC\/MDD<\/a><\/li>\n<li>C Mouse <a href=\"https:\/\/eu.man-machine.com\/wp-content\/uploads\/2024\/06\/Declaration-of-conformity-CM-for-CE-RoHS-EMC-MDD-20230805.pdf\" target=\"_blank\" rel=\"noopener\">CE\/RoHS\/EMC\/MDD<\/a><\/li>\n<li>C Mouse Wireless <a href=\"https:\/\/eu.man-machine.com\/wp-content\/uploads\/2024\/06\/Declaration-of-Conformity-CM-WI-20190107.pdf\" target=\"_blank\" rel=\"noopener\">CE\/RoHS\/EMC<\/a> <a href=\"https:\/\/eu.man-machine.com\/wp-content\/uploads\/2024\/08\/MMI-EU2023_1542-Battery-Heavy-Metals-Declaration.pdf\" target=\"_blank\" rel=\"noopener\">\/EU2023_1542<\/a><\/li>\n<li>Mighty Mouse <a href=\"https:\/\/eu.man-machine.com\/wp-content\/uploads\/2024\/06\/Declaration-of-conformity-PM-MM-for-CE-RoHS-EMC-MDD-20190628.pdf\" target=\"_blank\" rel=\"noopener\">CE\/RoHS\/EMC\/MDD<\/a><\/li>\n<li>Mighty O\u2019Mouse<\/li>\n<li>Petite Mouse <a href=\"https:\/\/eu.man-machine.com\/wp-content\/uploads\/2024\/06\/Declaration-of-conformity-PM-MM-for-CE-RoHS-EMC-MDD-20190628.pdf\" target=\"_blank\" rel=\"noopener\">CE\/RoHS\/EMC\/MDD<\/a><\/li>\n<\/ul>\n<h3>Instructions de nettoyage &amp; d\u00e9sinfection<\/h3>\n<p>Instructions de nettoyage &amp; d\u00e9sinfection <a href=\"https:\/\/eu.man-machine.com\/downloads_mmieu\/EU_CleaningAndDisinfectingInstr_List.pdf\" target=\"_blank\" rel=\"noopener\">pdf<\/a><\/p>\n<h3>Politique d\u2019entreprise<\/h3>\n<ul>\n<li>Strat\u00e9gie de responsabilit\u00e9 sociale, strat\u00e9gie de durabilit\u00e9 &amp; proc\u00e9dure d\u2019alerte \u00e9thique <a href=\"https:\/\/eu.man-machine.com\/wp-content\/uploads\/2025\/06\/ESG-Program_2025.pdf\" target=\"_blank\" rel=\"noopener\">pdf<\/a><\/li>\n<li>D\u00e9claration PFAS <a href=\"https:\/\/eu.man-machine.com\/wp-content\/uploads\/2025\/06\/MMI-PFAS-declaration-Jul-2024.pdf\" target=\"_blank\" rel=\"noopener\">pdf<\/a><\/li>\n<\/ul>\n<h3>Livres blancs<\/h3>\n<ul>\n<li>The link between your computer keyboard and healthcare associated infections. A systematic review, and preventative interventions <a href=\"https:\/\/eu.man-machine.com\/wp-content\/uploads\/2024\/06\/The-link-between-your-computer-keyboard-and-HAIs-3.pdf\" target=\"_blank\" rel=\"noopener\">pdf<\/a><\/li>\n<li>Can\u2019t Touch This \u2026 Environmental Surfaces Require Disinfection <a href=\"https:\/\/eu.man-machine.com\/wp-content\/uploads\/2024\/06\/4.-Cant-Touch-This%E2%80%A6-Environmental-Surfaces-Require-Disinfection-MMI-Whitepaper.pdf\" target=\"_blank\" rel=\"noopener\">pdf<\/a><\/li>\n<li>Make every visit to the dentist a safe one: Computer keyboards and mice are environmental surfaces requiring disinfection <a href=\"https:\/\/eu.man-machine.com\/wp-content\/uploads\/2024\/06\/Ensure-Dental-Visit-Safety-MMI-Whitepaper.pdf\" target=\"_blank\" rel=\"noopener\">pdf<\/a><\/li>\n<\/ul>\n        <\/div>\n    <\/div>\n    <\/div>\n    <\/div>\n    <\/section>\n","protected":false},"excerpt":{"rendered":"","protected":false},"author":2,"featured_media":0,"parent":0,"menu_order":0,"comment_status":"closed","ping_status":"closed","template":"","meta":{"_acf_changed":false,"_glsr_average":0,"_glsr_ranking":0,"_glsr_reviews":0,"footnotes":""},"class_list":["post-7693","page","type-page","status-publish","hentry"],"acf":[],"yoast_head":"<!-- This site is optimized with the Yoast SEO plugin v26.9 - https:\/\/yoast.com\/product\/yoast-seo-wordpress\/ -->\n<title>Certificats &amp; autres documents pour les produits Man &amp; Machine<\/title>\n<meta name=\"description\" content=\"Consultez tous les certificats, d\u00e9clarations de conformit\u00e9 et directives de nettoyage et de d\u00e9sinfection de nos claviers et souris hygi\u00e9niques.\" \/>\n<meta name=\"robots\" content=\"index, follow, max-snippet:-1, max-image-preview:large, max-video-preview:-1\" \/>\n<link rel=\"canonical\" href=\"https:\/\/eu.man-machine.com\/fr\/certificats-autres-documents\/\" \/>\n<meta property=\"og:locale\" content=\"fr_FR\" \/>\n<meta property=\"og:type\" content=\"article\" \/>\n<meta property=\"og:title\" content=\"Certificats &amp; autres documents pour les produits Man &amp; Machine\" \/>\n<meta property=\"og:description\" content=\"Consultez tous les certificats, d\u00e9clarations de conformit\u00e9 et directives de nettoyage et de d\u00e9sinfection de nos claviers et souris hygi\u00e9niques.\" \/>\n<meta property=\"og:url\" content=\"https:\/\/eu.man-machine.com\/fr\/certificats-autres-documents\/\" \/>\n<meta property=\"og:site_name\" content=\"Man &amp; Machine\" \/>\n<meta property=\"article:publisher\" content=\"https:\/\/www.facebook.com\/ManAndMachine\/\" \/>\n<meta property=\"article:modified_time\" content=\"2025-06-12T12:01:31+00:00\" \/>\n<meta property=\"og:image\" content=\"https:\/\/eu.man-machine.com\/wp-content\/uploads\/2024\/10\/man-machine-3.png\" \/>\n\t<meta property=\"og:image:width\" content=\"2500\" \/>\n\t<meta property=\"og:image:height\" content=\"1384\" \/>\n\t<meta property=\"og:image:type\" content=\"image\/png\" \/>\n<meta name=\"twitter:card\" content=\"summary_large_image\" \/>\n<meta name=\"twitter:site\" content=\"@manandmachineco\" \/>\n<script type=\"application\/ld+json\" class=\"yoast-schema-graph\">{\"@context\":\"https:\/\/schema.org\",\"@graph\":[{\"@type\":\"WebPage\",\"@id\":\"https:\/\/eu.man-machine.com\/fr\/certificats-autres-documents\/\",\"url\":\"https:\/\/eu.man-machine.com\/fr\/certificats-autres-documents\/\",\"name\":\"Certificats & autres documents pour les produits Man & Machine\",\"isPartOf\":{\"@id\":\"https:\/\/eu.man-machine.com\/fr\/#website\"},\"datePublished\":\"2024-09-25T09:35:57+00:00\",\"dateModified\":\"2025-06-12T12:01:31+00:00\",\"description\":\"Consultez tous les certificats, d\u00e9clarations de conformit\u00e9 et directives de nettoyage et de d\u00e9sinfection de nos claviers et souris hygi\u00e9niques.\",\"breadcrumb\":{\"@id\":\"https:\/\/eu.man-machine.com\/fr\/certificats-autres-documents\/#breadcrumb\"},\"inLanguage\":\"fr-FR\",\"potentialAction\":[{\"@type\":\"ReadAction\",\"target\":[\"https:\/\/eu.man-machine.com\/fr\/certificats-autres-documents\/\"]}]},{\"@type\":\"BreadcrumbList\",\"@id\":\"https:\/\/eu.man-machine.com\/fr\/certificats-autres-documents\/#breadcrumb\",\"itemListElement\":[{\"@type\":\"ListItem\",\"position\":1,\"name\":\"Home\",\"item\":\"https:\/\/eu.man-machine.com\/fr\/\"},{\"@type\":\"ListItem\",\"position\":2,\"name\":\"Certificats &amp; autres documents\"}]},{\"@type\":\"WebSite\",\"@id\":\"https:\/\/eu.man-machine.com\/fr\/#website\",\"url\":\"https:\/\/eu.man-machine.com\/fr\/\",\"name\":\"Man & Machine\",\"description\":\"Claviers \u00e9tanches pour les applications m\u00e9dicales et industrielles\",\"publisher\":{\"@id\":\"https:\/\/eu.man-machine.com\/fr\/#organization\"},\"alternateName\":\"Man and Machine\",\"potentialAction\":[{\"@type\":\"SearchAction\",\"target\":{\"@type\":\"EntryPoint\",\"urlTemplate\":\"https:\/\/eu.man-machine.com\/fr\/?s={search_term_string}\"},\"query-input\":{\"@type\":\"PropertyValueSpecification\",\"valueRequired\":true,\"valueName\":\"search_term_string\"}}],\"inLanguage\":\"fr-FR\"},{\"@type\":\"Organization\",\"@id\":\"https:\/\/eu.man-machine.com\/fr\/#organization\",\"name\":\"Man & Machine\",\"alternateName\":\"Man and Machine\",\"url\":\"https:\/\/eu.man-machine.com\/fr\/\",\"logo\":{\"@type\":\"ImageObject\",\"inLanguage\":\"fr-FR\",\"@id\":\"https:\/\/eu.man-machine.com\/fr\/#\/schema\/logo\/image\/\",\"url\":\"https:\/\/eu.man-machine.com\/wp-content\/uploads\/2024\/11\/man-and-machine-logo-svg.svg\",\"contentUrl\":\"https:\/\/eu.man-machine.com\/wp-content\/uploads\/2024\/11\/man-and-machine-logo-svg.svg\",\"width\":293,\"height\":28,\"caption\":\"Man & Machine\"},\"image\":{\"@id\":\"https:\/\/eu.man-machine.com\/fr\/#\/schema\/logo\/image\/\"},\"sameAs\":[\"https:\/\/www.facebook.com\/ManAndMachine\/\",\"https:\/\/x.com\/manandmachineco\"]}]}<\/script>\n<!-- \/ Yoast SEO plugin. -->","yoast_head_json":{"title":"Certificats & autres documents pour les produits Man & Machine","description":"Consultez tous les certificats, d\u00e9clarations de conformit\u00e9 et directives de nettoyage et de d\u00e9sinfection de nos claviers et souris hygi\u00e9niques.","robots":{"index":"index","follow":"follow","max-snippet":"max-snippet:-1","max-image-preview":"max-image-preview:large","max-video-preview":"max-video-preview:-1"},"canonical":"https:\/\/eu.man-machine.com\/fr\/certificats-autres-documents\/","og_locale":"fr_FR","og_type":"article","og_title":"Certificats & autres documents pour les produits Man & Machine","og_description":"Consultez tous les certificats, d\u00e9clarations de conformit\u00e9 et directives de nettoyage et de d\u00e9sinfection de nos claviers et souris hygi\u00e9niques.","og_url":"https:\/\/eu.man-machine.com\/fr\/certificats-autres-documents\/","og_site_name":"Man & Machine","article_publisher":"https:\/\/www.facebook.com\/ManAndMachine\/","article_modified_time":"2025-06-12T12:01:31+00:00","og_image":[{"width":2500,"height":1384,"url":"https:\/\/eu.man-machine.com\/wp-content\/uploads\/2024\/10\/man-machine-3.png","type":"image\/png"}],"twitter_card":"summary_large_image","twitter_site":"@manandmachineco","schema":{"@context":"https:\/\/schema.org","@graph":[{"@type":"WebPage","@id":"https:\/\/eu.man-machine.com\/fr\/certificats-autres-documents\/","url":"https:\/\/eu.man-machine.com\/fr\/certificats-autres-documents\/","name":"Certificats & autres documents pour les produits Man & Machine","isPartOf":{"@id":"https:\/\/eu.man-machine.com\/fr\/#website"},"datePublished":"2024-09-25T09:35:57+00:00","dateModified":"2025-06-12T12:01:31+00:00","description":"Consultez tous les certificats, d\u00e9clarations de conformit\u00e9 et directives de nettoyage et de d\u00e9sinfection de nos claviers et souris hygi\u00e9niques.","breadcrumb":{"@id":"https:\/\/eu.man-machine.com\/fr\/certificats-autres-documents\/#breadcrumb"},"inLanguage":"fr-FR","potentialAction":[{"@type":"ReadAction","target":["https:\/\/eu.man-machine.com\/fr\/certificats-autres-documents\/"]}]},{"@type":"BreadcrumbList","@id":"https:\/\/eu.man-machine.com\/fr\/certificats-autres-documents\/#breadcrumb","itemListElement":[{"@type":"ListItem","position":1,"name":"Home","item":"https:\/\/eu.man-machine.com\/fr\/"},{"@type":"ListItem","position":2,"name":"Certificats &amp; autres documents"}]},{"@type":"WebSite","@id":"https:\/\/eu.man-machine.com\/fr\/#website","url":"https:\/\/eu.man-machine.com\/fr\/","name":"Man & Machine","description":"Claviers \u00e9tanches pour les applications m\u00e9dicales et industrielles","publisher":{"@id":"https:\/\/eu.man-machine.com\/fr\/#organization"},"alternateName":"Man and Machine","potentialAction":[{"@type":"SearchAction","target":{"@type":"EntryPoint","urlTemplate":"https:\/\/eu.man-machine.com\/fr\/?s={search_term_string}"},"query-input":{"@type":"PropertyValueSpecification","valueRequired":true,"valueName":"search_term_string"}}],"inLanguage":"fr-FR"},{"@type":"Organization","@id":"https:\/\/eu.man-machine.com\/fr\/#organization","name":"Man & Machine","alternateName":"Man and Machine","url":"https:\/\/eu.man-machine.com\/fr\/","logo":{"@type":"ImageObject","inLanguage":"fr-FR","@id":"https:\/\/eu.man-machine.com\/fr\/#\/schema\/logo\/image\/","url":"https:\/\/eu.man-machine.com\/wp-content\/uploads\/2024\/11\/man-and-machine-logo-svg.svg","contentUrl":"https:\/\/eu.man-machine.com\/wp-content\/uploads\/2024\/11\/man-and-machine-logo-svg.svg","width":293,"height":28,"caption":"Man & Machine"},"image":{"@id":"https:\/\/eu.man-machine.com\/fr\/#\/schema\/logo\/image\/"},"sameAs":["https:\/\/www.facebook.com\/ManAndMachine\/","https:\/\/x.com\/manandmachineco"]}]}},"_links":{"self":[{"href":"https:\/\/eu.man-machine.com\/fr\/wp-json\/wp\/v2\/pages\/7693","targetHints":{"allow":["GET"]}}],"collection":[{"href":"https:\/\/eu.man-machine.com\/fr\/wp-json\/wp\/v2\/pages"}],"about":[{"href":"https:\/\/eu.man-machine.com\/fr\/wp-json\/wp\/v2\/types\/page"}],"author":[{"embeddable":true,"href":"https:\/\/eu.man-machine.com\/fr\/wp-json\/wp\/v2\/users\/2"}],"replies":[{"embeddable":true,"href":"https:\/\/eu.man-machine.com\/fr\/wp-json\/wp\/v2\/comments?post=7693"}],"version-history":[{"count":9,"href":"https:\/\/eu.man-machine.com\/fr\/wp-json\/wp\/v2\/pages\/7693\/revisions"}],"predecessor-version":[{"id":9018,"href":"https:\/\/eu.man-machine.com\/fr\/wp-json\/wp\/v2\/pages\/7693\/revisions\/9018"}],"wp:attachment":[{"href":"https:\/\/eu.man-machine.com\/fr\/wp-json\/wp\/v2\/media?parent=7693"}],"curies":[{"name":"wp","href":"https:\/\/api.w.org\/{rel}","templated":true}]}}