{"id":7759,"date":"2024-09-26T09:24:46","date_gmt":"2024-09-26T07:24:46","guid":{"rendered":"https:\/\/eu.man-machine.com\/indice-de-protection-ip\/"},"modified":"2025-06-26T15:24:51","modified_gmt":"2025-06-26T13:24:51","slug":"indice-de-protection-ip","status":"publish","type":"page","link":"https:\/\/eu.man-machine.com\/fr\/indice-de-protection-ip\/","title":{"rendered":"Indice de protection IP"},"content":{"rendered":"\n    <section class=\"section is-intro bg-default text-default\" id=\"\">\n        <div class=\"container-fluid p-0 is-full\">\n            <div class=\"section__content\">\n            \n    <div class=\"intro\">\n        <div class=\"intro__breadcrumbs\">\n            <p id=\"breadcrumbs\"><span><span><a href=\"https:\/\/eu.man-machine.com\/fr\/\">Home<\/a><\/span><\/span><\/p>        <\/div>\n        <img decoding=\"async\" class=\"intro__img\" src=\"https:\/\/eu.man-machine.com\/wp-content\/uploads\/2024\/09\/IPratingbanner_MM.png\" srcset=\"https:\/\/eu.man-machine.com\/wp-content\/uploads\/2024\/09\/IPratingbanner_MM.png 1400w, https:\/\/eu.man-machine.com\/wp-content\/uploads\/2024\/09\/IPratingbanner_MM-600x129.png 600w, https:\/\/eu.man-machine.com\/wp-content\/uploads\/2024\/09\/IPratingbanner_MM-1000x214.png 1000w, https:\/\/eu.man-machine.com\/wp-content\/uploads\/2024\/09\/IPratingbanner_MM-300x64.png 300w, https:\/\/eu.man-machine.com\/wp-content\/uploads\/2024\/09\/IPratingbanner_MM-1024x219.png 1024w, https:\/\/eu.man-machine.com\/wp-content\/uploads\/2024\/09\/IPratingbanner_MM-768x165.png 768w\" sizes=\"(max-width: 2000px) 100vw, 2000px\" alt=\"\" title=\" \" >    <\/div>\n    <\/div>\n    <\/div>\n    <\/section>\n\n\n\n    <section class=\"section is-wysiwyg bg-default overflow-hidden text-default lg\" id=\"\">\n        <div class=\"container-fluid is-custom\">\n            <div class=\"section__content\">\n            \n    <div class=\"wysiwyg bg-white\">\n        <div class=\"entry-content wysiwyg__content\">\n            <h1>Indice de protection IP chez Man &amp; Machine, Inc.<\/h1>\n<h3>1. Qu\u2019est-ce que l\u2019indice de protection IP ?<\/h3>\n<p>Un indice de protection IP indique le degr\u00e9 de protection d\u2019un composant \u00e9lectronique face \u00e0 la poussi\u00e8re et \u00e0 l\u2019eau. Un indice IP consiste en 2 chiffres. Le premier chiffre fait r\u00e9f\u00e9rence \u00e0 la protection contre les objets solides et est \u00e9valu\u00e9 sur une \u00e9chelle allant de 0 (aucune protection) \u00e0 6 (aucune entr\u00e9e de poussi\u00e8re). Le second chiffre \u00e9value la protection de l\u2019objet face aux liquides et utilise une \u00e9chelle de 0 (aucune protection) \u00e0 9 (r\u00e9sistance \u00e0 une eau chaude sous haute pression venant de tous les c\u00f4t\u00e9s).<\/p>\n<p><img decoding=\"async\" src=\"https:\/\/eu.man-machine.com\/wp-content\/uploads\/2022\/05\/IPRATING_uitleg_MM.png\" sizes=\"(max-width: 1400px) 100vw, 1400px\" srcset=\"https:\/\/eu.man-machine.com\/wp-content\/uploads\/2022\/05\/IPRATING_uitleg_MM.png 1400w, https:\/\/eu.man-machine.com\/wp-content\/uploads\/2022\/05\/IPRATING_uitleg_MM-300x106.png 300w, https:\/\/eu.man-machine.com\/wp-content\/uploads\/2022\/05\/IPRATING_uitleg_MM-1024x361.png 1024w, https:\/\/eu.man-machine.com\/wp-content\/uploads\/2022\/05\/IPRATING_uitleg_MM-768x271.png 768w\" alt=\"\" width=\"1100\" \/><img loading=\"lazy\" decoding=\"async\" class=\"alignnone wp-image-9254 size-full\" src=\"https:\/\/eu.man-machine.com\/wp-content\/uploads\/2025\/06\/IPRATING_FR_MM.png\" alt=\"Tableau des indices IP indiquant la protection contre les corps solides et les liquides, avec les niveaux IP65, IP67 et IP68 appliqu\u00e9s \u00e0 nos claviers et souris.\" width=\"1400\" height=\"494\" srcset=\"https:\/\/eu.man-machine.com\/wp-content\/uploads\/2025\/06\/IPRATING_FR_MM.png 1400w, https:\/\/eu.man-machine.com\/wp-content\/uploads\/2025\/06\/IPRATING_FR_MM-300x106.png 300w, https:\/\/eu.man-machine.com\/wp-content\/uploads\/2025\/06\/IPRATING_FR_MM-1024x361.png 1024w, https:\/\/eu.man-machine.com\/wp-content\/uploads\/2025\/06\/IPRATING_FR_MM-768x271.png 768w, https:\/\/eu.man-machine.com\/wp-content\/uploads\/2025\/06\/IPRATING_FR_MM-600x212.png 600w, https:\/\/eu.man-machine.com\/wp-content\/uploads\/2025\/06\/IPRATING_FR_MM-1000x353.png 1000w\" sizes=\"auto, (max-width: 1400px) 100vw, 1400px\" \/><\/p>\n<h3>2. Quels indices IP sont applicables aux claviers et souris ?<\/h3>\n<p>Les claviers et souris standards n\u2019ont pas d\u2019indice IP. Les claviers et souris dits \u00ab lavable \u00bb ont g\u00e9n\u00e9ralement un indice IP, et les indices IP65 et IP68 sont les plus communs. Les produits avec un indice IP65 peuvent \u00eatre expos\u00e9s \u00e0 des projections d\u2019eau par une buse de n\u2019importe quelle direction. Les produits avec un indice IP68 quant \u00e0 eux sont faits pour \u00eatre longtemps immerg\u00e9s dans l\u2019eau.<\/p>\n<h3>3. Qui a d\u00e9velopp\u00e9 l\u2019indice IP ?<\/h3>\n<p>Le syst\u00e8me d\u2019indice de protection IP a \u00e9t\u00e9 d\u00e9velopp\u00e9 dans les ann\u00e9es 70 par l\u2019IEC. Il a \u00e9t\u00e9 d\u00e9velopp\u00e9 pour noter et \u00e9valuer la r\u00e9sistance des protections des appareils \u00e9lectriques et \u00e9lectroniques contre les intrusions de la poussi\u00e8re et de liquides. Vous pouvez en apprendre plus sur le site web de l\u2019IEC : <a href=\"https:\/\/www.iec.ch\/ip-ratings\">https:\/\/www.iec.ch\/ip-ratings<\/a><\/p>\n<h3>4. Est-ce que les produits de Man &amp; Machine ont un indice IP ?<\/h3>\n<p>Tous nos claviers et souris ont un indice de protection IP.<\/p>\n<h3>5. Est-ce qu\u2019un indice IP donne une indication sur la durabilit\u00e9 d\u2019un produit ?<\/h3>\n<p>Le syst\u00e8me d\u2019indice IP n\u2019\u00e9value pas la durabilit\u00e9 d\u2019un produit, ou m\u00eame la durabilit\u00e9 de la r\u00e9sistance \u00e0 l\u2019eau.<\/p>\n<p>Les conditions de tests qui ont \u00e9t\u00e9 utilis\u00e9es pour d\u00e9terminer l\u2019indice IP ne sont d\u00e9termin\u00e9es que de mani\u00e8re limit\u00e9e par l\u2019IEC. Une grosse partie est laiss\u00e9e au fabricant de la protection de l\u2019appareil \u00e9lectronique. La vid\u00e9o ci-dessous de CNBC explique ce que cela signifie vis-\u00e0-vis de la valeur de la r\u00e9sistance \u00e0 l\u2019eau : <a href=\"https:\/\/www.youtube.com\/watch?v=4dyL6hMZvWQ&amp;t=222s\">Is The iPhone Waterproof? Water Resistance Explained<\/a><\/p>\n<h3>6. Est-ce que les produits avec un indice IP peuvent \u00eatre d\u00e9sinfect\u00e9s ?<\/h3>\n<p>Un indice IP n\u2019\u00e9value pas la r\u00e9sistance contre les d\u00e9sinfectants. Les produits chimiques, utilis\u00e9s dans le domaine m\u00e9dical et autres environnements sensibles \u00e0 l\u2019hygi\u00e8ne, faits pour d\u00e9sinfecter et g\u00e9n\u00e9ralement compos\u00e9s d\u2019alcool ou de chlore, sont bien plus agressifs que de l\u2019eau. Un clavier avec un bon indice IP68 va s\u00fbrement \u00eatre rapidement d\u00e9t\u00e9rior\u00e9 s\u2019il n\u2019a pas \u00e9t\u00e9 con\u00e7u pour des d\u00e9sinfections r\u00e9p\u00e9t\u00e9es.<\/p>\n<h3>7. Est-ce que les produits avec un indice IP68 sont r\u00e9sistants au lave-vaisselle ?<\/h3>\n<p>Un indice IP68 ne signifie pas que le produit est r\u00e9sistant au lave-vaisselle. Comme expliqu\u00e9 lors du point 5, l\u2019indice IP68 n\u2019\u00e9value pas la durabilit\u00e9 du produit, ou m\u00eame la durabilit\u00e9 de la r\u00e9sistance \u00e0 l\u2019eau. Les produits \u00e9lectroniques ont g\u00e9n\u00e9ralement une connectique USB faite en mat\u00e9riaux corrosifs. Bien qu\u2019un capuchon USB peut \u00eatre utilis\u00e9 pour prot\u00e9ger cette connectique, une exposition r\u00e9p\u00e9t\u00e9e \u00e0 un cycle de lavage d\u2019un lave-vaisselle pourra \u00e9ventuellement causer des probl\u00e8mes et pannes sur le produit.<\/p>\n<h3>8. Est-ce que les produits avec un indice IP peuvent \u00eatre st\u00e9rilis\u00e9s ?<\/h3>\n<p>Un indice IP ne permet pas de d\u00e9terminer la r\u00e9sistance \u00e0 la chaleur. Les composants \u00e9lectroniques ne survivent g\u00e9n\u00e9ralement pas longtemps \u00e0 une exposition \u00e0 la chaleur de plus de 60 degr\u00e9s. C\u2019est \u00e9galement pourquoi un lavage et une d\u00e9sinfection d\u2019un clavier ou d\u2019une souris via un lave-vaisselle ou les thermo-d\u00e9sinfecteur, sans parler d\u2019une st\u00e9rilisation \u00e0 134 degr\u00e9s, n\u2019est probablement pas une bonne id\u00e9e.<\/p>\n<h3>9. Est-ce que l\u2019indice IP est une norme m\u00e9dicale ?<\/h3>\n<p>Un indice IP n\u2019est pas une norme m\u00e9dicale et n\u2019\u00e9value pas un clavier ou une souris pour savoir si le produit est destin\u00e9 \u00e0 une utilisation m\u00e9dicale.<\/p>\n        <\/div>\n    <\/div>\n    <\/div>\n    <\/div>\n    <\/section>\n","protected":false},"excerpt":{"rendered":"","protected":false},"author":2,"featured_media":0,"parent":0,"menu_order":0,"comment_status":"closed","ping_status":"closed","template":"","meta":{"_acf_changed":false,"_glsr_average":0,"_glsr_ranking":0,"_glsr_reviews":0,"footnotes":""},"class_list":["post-7759","page","type-page","status-publish","hentry"],"acf":[],"yoast_head":"<!-- This site is optimized with the Yoast SEO plugin v26.9 - https:\/\/yoast.com\/product\/yoast-seo-wordpress\/ -->\n<title>Classification IP de Man &amp; Machine<\/title>\n<meta name=\"description\" content=\"D\u00e9couvrez les classes IP des claviers et souris Man &amp; Machine et ce que ces niveaux signifient pour l\u2019hygi\u00e8ne, l\u2019\u00e9tanch\u00e9it\u00e9 et une utilisation s\u00fbre.\" \/>\n<meta name=\"robots\" content=\"index, follow, max-snippet:-1, max-image-preview:large, max-video-preview:-1\" \/>\n<link rel=\"canonical\" href=\"https:\/\/eu.man-machine.com\/fr\/indice-de-protection-ip\/\" \/>\n<meta property=\"og:locale\" content=\"fr_FR\" \/>\n<meta property=\"og:type\" content=\"article\" \/>\n<meta property=\"og:title\" content=\"Classification IP de Man &amp; Machine\" \/>\n<meta property=\"og:description\" content=\"D\u00e9couvrez les classes IP des claviers et souris Man &amp; Machine et ce que ces niveaux signifient pour l\u2019hygi\u00e8ne, l\u2019\u00e9tanch\u00e9it\u00e9 et une utilisation s\u00fbre.\" \/>\n<meta property=\"og:url\" content=\"https:\/\/eu.man-machine.com\/fr\/indice-de-protection-ip\/\" \/>\n<meta property=\"og:site_name\" content=\"Man &amp; Machine\" \/>\n<meta property=\"article:publisher\" content=\"https:\/\/www.facebook.com\/ManAndMachine\/\" \/>\n<meta property=\"article:modified_time\" content=\"2025-06-26T13:24:51+00:00\" \/>\n<meta property=\"og:image\" content=\"https:\/\/eu.man-machine.com\/wp-content\/uploads\/2024\/10\/man-machine-3.png\" \/>\n\t<meta property=\"og:image:width\" content=\"2500\" \/>\n\t<meta property=\"og:image:height\" content=\"1384\" \/>\n\t<meta property=\"og:image:type\" content=\"image\/png\" \/>\n<meta name=\"twitter:card\" content=\"summary_large_image\" \/>\n<meta name=\"twitter:site\" content=\"@manandmachineco\" \/>\n<script type=\"application\/ld+json\" class=\"yoast-schema-graph\">{\"@context\":\"https:\/\/schema.org\",\"@graph\":[{\"@type\":\"WebPage\",\"@id\":\"https:\/\/eu.man-machine.com\/fr\/indice-de-protection-ip\/\",\"url\":\"https:\/\/eu.man-machine.com\/fr\/indice-de-protection-ip\/\",\"name\":\"Classification IP de Man & Machine\",\"isPartOf\":{\"@id\":\"https:\/\/eu.man-machine.com\/fr\/#website\"},\"datePublished\":\"2024-09-26T07:24:46+00:00\",\"dateModified\":\"2025-06-26T13:24:51+00:00\",\"description\":\"D\u00e9couvrez les classes IP des claviers et souris Man & Machine et ce que ces niveaux signifient pour l\u2019hygi\u00e8ne, l\u2019\u00e9tanch\u00e9it\u00e9 et une utilisation s\u00fbre.\",\"breadcrumb\":{\"@id\":\"https:\/\/eu.man-machine.com\/fr\/indice-de-protection-ip\/#breadcrumb\"},\"inLanguage\":\"fr-FR\",\"potentialAction\":[{\"@type\":\"ReadAction\",\"target\":[\"https:\/\/eu.man-machine.com\/fr\/indice-de-protection-ip\/\"]}]},{\"@type\":\"BreadcrumbList\",\"@id\":\"https:\/\/eu.man-machine.com\/fr\/indice-de-protection-ip\/#breadcrumb\",\"itemListElement\":[{\"@type\":\"ListItem\",\"position\":1,\"name\":\"Home\",\"item\":\"https:\/\/eu.man-machine.com\/fr\/\"},{\"@type\":\"ListItem\",\"position\":2,\"name\":\"Indice de protection IP\"}]},{\"@type\":\"WebSite\",\"@id\":\"https:\/\/eu.man-machine.com\/fr\/#website\",\"url\":\"https:\/\/eu.man-machine.com\/fr\/\",\"name\":\"Man & Machine\",\"description\":\"Claviers \u00e9tanches pour les applications m\u00e9dicales et industrielles\",\"publisher\":{\"@id\":\"https:\/\/eu.man-machine.com\/fr\/#organization\"},\"alternateName\":\"Man and Machine\",\"potentialAction\":[{\"@type\":\"SearchAction\",\"target\":{\"@type\":\"EntryPoint\",\"urlTemplate\":\"https:\/\/eu.man-machine.com\/fr\/?s={search_term_string}\"},\"query-input\":{\"@type\":\"PropertyValueSpecification\",\"valueRequired\":true,\"valueName\":\"search_term_string\"}}],\"inLanguage\":\"fr-FR\"},{\"@type\":\"Organization\",\"@id\":\"https:\/\/eu.man-machine.com\/fr\/#organization\",\"name\":\"Man & Machine\",\"alternateName\":\"Man and Machine\",\"url\":\"https:\/\/eu.man-machine.com\/fr\/\",\"logo\":{\"@type\":\"ImageObject\",\"inLanguage\":\"fr-FR\",\"@id\":\"https:\/\/eu.man-machine.com\/fr\/#\/schema\/logo\/image\/\",\"url\":\"https:\/\/eu.man-machine.com\/wp-content\/uploads\/2024\/11\/man-and-machine-logo-svg.svg\",\"contentUrl\":\"https:\/\/eu.man-machine.com\/wp-content\/uploads\/2024\/11\/man-and-machine-logo-svg.svg\",\"width\":293,\"height\":28,\"caption\":\"Man & Machine\"},\"image\":{\"@id\":\"https:\/\/eu.man-machine.com\/fr\/#\/schema\/logo\/image\/\"},\"sameAs\":[\"https:\/\/www.facebook.com\/ManAndMachine\/\",\"https:\/\/x.com\/manandmachineco\"]}]}<\/script>\n<!-- \/ Yoast SEO plugin. -->","yoast_head_json":{"title":"Classification IP de Man & Machine","description":"D\u00e9couvrez les classes IP des claviers et souris Man & Machine et ce que ces niveaux signifient pour l\u2019hygi\u00e8ne, l\u2019\u00e9tanch\u00e9it\u00e9 et une utilisation s\u00fbre.","robots":{"index":"index","follow":"follow","max-snippet":"max-snippet:-1","max-image-preview":"max-image-preview:large","max-video-preview":"max-video-preview:-1"},"canonical":"https:\/\/eu.man-machine.com\/fr\/indice-de-protection-ip\/","og_locale":"fr_FR","og_type":"article","og_title":"Classification IP de Man & Machine","og_description":"D\u00e9couvrez les classes IP des claviers et souris Man & Machine et ce que ces niveaux signifient pour l\u2019hygi\u00e8ne, l\u2019\u00e9tanch\u00e9it\u00e9 et une utilisation s\u00fbre.","og_url":"https:\/\/eu.man-machine.com\/fr\/indice-de-protection-ip\/","og_site_name":"Man & Machine","article_publisher":"https:\/\/www.facebook.com\/ManAndMachine\/","article_modified_time":"2025-06-26T13:24:51+00:00","og_image":[{"width":2500,"height":1384,"url":"https:\/\/eu.man-machine.com\/wp-content\/uploads\/2024\/10\/man-machine-3.png","type":"image\/png"}],"twitter_card":"summary_large_image","twitter_site":"@manandmachineco","schema":{"@context":"https:\/\/schema.org","@graph":[{"@type":"WebPage","@id":"https:\/\/eu.man-machine.com\/fr\/indice-de-protection-ip\/","url":"https:\/\/eu.man-machine.com\/fr\/indice-de-protection-ip\/","name":"Classification IP de Man & Machine","isPartOf":{"@id":"https:\/\/eu.man-machine.com\/fr\/#website"},"datePublished":"2024-09-26T07:24:46+00:00","dateModified":"2025-06-26T13:24:51+00:00","description":"D\u00e9couvrez les classes IP des claviers et souris Man & Machine et ce que ces niveaux signifient pour l\u2019hygi\u00e8ne, l\u2019\u00e9tanch\u00e9it\u00e9 et une utilisation s\u00fbre.","breadcrumb":{"@id":"https:\/\/eu.man-machine.com\/fr\/indice-de-protection-ip\/#breadcrumb"},"inLanguage":"fr-FR","potentialAction":[{"@type":"ReadAction","target":["https:\/\/eu.man-machine.com\/fr\/indice-de-protection-ip\/"]}]},{"@type":"BreadcrumbList","@id":"https:\/\/eu.man-machine.com\/fr\/indice-de-protection-ip\/#breadcrumb","itemListElement":[{"@type":"ListItem","position":1,"name":"Home","item":"https:\/\/eu.man-machine.com\/fr\/"},{"@type":"ListItem","position":2,"name":"Indice de protection IP"}]},{"@type":"WebSite","@id":"https:\/\/eu.man-machine.com\/fr\/#website","url":"https:\/\/eu.man-machine.com\/fr\/","name":"Man & Machine","description":"Claviers \u00e9tanches pour les applications m\u00e9dicales et industrielles","publisher":{"@id":"https:\/\/eu.man-machine.com\/fr\/#organization"},"alternateName":"Man and Machine","potentialAction":[{"@type":"SearchAction","target":{"@type":"EntryPoint","urlTemplate":"https:\/\/eu.man-machine.com\/fr\/?s={search_term_string}"},"query-input":{"@type":"PropertyValueSpecification","valueRequired":true,"valueName":"search_term_string"}}],"inLanguage":"fr-FR"},{"@type":"Organization","@id":"https:\/\/eu.man-machine.com\/fr\/#organization","name":"Man & Machine","alternateName":"Man and Machine","url":"https:\/\/eu.man-machine.com\/fr\/","logo":{"@type":"ImageObject","inLanguage":"fr-FR","@id":"https:\/\/eu.man-machine.com\/fr\/#\/schema\/logo\/image\/","url":"https:\/\/eu.man-machine.com\/wp-content\/uploads\/2024\/11\/man-and-machine-logo-svg.svg","contentUrl":"https:\/\/eu.man-machine.com\/wp-content\/uploads\/2024\/11\/man-and-machine-logo-svg.svg","width":293,"height":28,"caption":"Man & Machine"},"image":{"@id":"https:\/\/eu.man-machine.com\/fr\/#\/schema\/logo\/image\/"},"sameAs":["https:\/\/www.facebook.com\/ManAndMachine\/","https:\/\/x.com\/manandmachineco"]}]}},"_links":{"self":[{"href":"https:\/\/eu.man-machine.com\/fr\/wp-json\/wp\/v2\/pages\/7759","targetHints":{"allow":["GET"]}}],"collection":[{"href":"https:\/\/eu.man-machine.com\/fr\/wp-json\/wp\/v2\/pages"}],"about":[{"href":"https:\/\/eu.man-machine.com\/fr\/wp-json\/wp\/v2\/types\/page"}],"author":[{"embeddable":true,"href":"https:\/\/eu.man-machine.com\/fr\/wp-json\/wp\/v2\/users\/2"}],"replies":[{"embeddable":true,"href":"https:\/\/eu.man-machine.com\/fr\/wp-json\/wp\/v2\/comments?post=7759"}],"version-history":[{"count":9,"href":"https:\/\/eu.man-machine.com\/fr\/wp-json\/wp\/v2\/pages\/7759\/revisions"}],"predecessor-version":[{"id":9268,"href":"https:\/\/eu.man-machine.com\/fr\/wp-json\/wp\/v2\/pages\/7759\/revisions\/9268"}],"wp:attachment":[{"href":"https:\/\/eu.man-machine.com\/fr\/wp-json\/wp\/v2\/media?parent=7759"}],"curies":[{"name":"wp","href":"https:\/\/api.w.org\/{rel}","templated":true}]}}