{"id":7771,"date":"2024-10-17T09:14:09","date_gmt":"2024-10-17T07:14:09","guid":{"rendered":"https:\/\/eu.man-machine.com\/lettre-dinformation-pour-les-revendeurs\/"},"modified":"2025-03-12T15:49:55","modified_gmt":"2025-03-12T14:49:55","slug":"lettre-dinformation-pour-les-revendeurs","status":"publish","type":"page","link":"https:\/\/eu.man-machine.com\/fr\/lettre-dinformation-pour-les-revendeurs\/","title":{"rendered":"Lettre d&rsquo;information pour les revendeurs"},"content":{"rendered":"\n    <section class=\"section is-contact bg-default text-default\" id=\"\">\n        <div class=\"container-fluid p-0 is-full\">\n            <div class=\"section__content\">\n                <div class=\"contact\">\n        <div class=\"row g-0\">\n                            <div class=\"col-12 col-lg-6 bg-white \">\n                    <div class=\"block gridTool is-left pe-lg-6 py-3 py-lg-6 contact__content\">\n                        <p id=\"breadcrumbs\"><span><span><a href=\"https:\/\/eu.man-machine.com\/fr\/\">Home<\/a><\/span><\/span><\/p>                        <div class=\"block__header\">\n                            <h1 class=\"block__title\">\n                                Lettre d&rsquo;information                            <\/h1>\n                        <\/div>\n                        <div class=\"block__content entry-content has-max-width-600\">\n                            <p>Vous souhaitez rester inform\u00e9 de nos derniers produits, des mises \u00e0 jour importantes et des informations sur les salons ?<\/p>\n<p>Inscrivez-vous d\u00e8s aujourd&rsquo;hui \u00e0 notre lettre d&rsquo;information pour revendeurs ! C&rsquo;est un moyen simple de rester \u00e0 jour sur ce qui se passe. <\/p>\n                        <\/div>\n                        \n                    <\/div>\n                <\/div>\n                        <div class=\"col-12 col-lg-6\">\n                <img decoding=\"async\" class=\"contact__background\" src=\"https:\/\/eu.man-machine.com\/wp-content\/themes\/saam-pagebuilder\/includes\/pagebuilder\/placeholder.png\" alt=\"Inscrivez-vous !\" title=\"Inscrivez-vous !\">                <div class=\"block gridTool is-right contact__form ps-lg-6 py-3 py-lg-6\">\n                                            <div class=\"block__header \">\n                            <h2 class=\"block__title h1\">Inscrivez-vous !<\/h2>\n                        <\/div>\n                                                            <div class=\"block__footer\">\n                        <script type=\"text\/javascript\">\n\/* <![CDATA[ *\/\nvar gform;gform||(document.addEventListener(\"gform_main_scripts_loaded\",function(){gform.scriptsLoaded=!0}),document.addEventListener(\"gform\/theme\/scripts_loaded\",function(){gform.themeScriptsLoaded=!0}),window.addEventListener(\"DOMContentLoaded\",function(){gform.domLoaded=!0}),gform={domLoaded:!1,scriptsLoaded:!1,themeScriptsLoaded:!1,isFormEditor:()=>\"function\"==typeof InitializeEditor,callIfLoaded:function(o){return!(!gform.domLoaded||!gform.scriptsLoaded||!gform.themeScriptsLoaded&&!gform.isFormEditor()||(gform.isFormEditor()&&console.warn(\"The use of gform.initializeOnLoaded() is deprecated in the form editor context and will be removed in Gravity Forms 3.1.\"),o(),0))},initializeOnLoaded:function(o){gform.callIfLoaded(o)||(document.addEventListener(\"gform_main_scripts_loaded\",()=>{gform.scriptsLoaded=!0,gform.callIfLoaded(o)}),document.addEventListener(\"gform\/theme\/scripts_loaded\",()=>{gform.themeScriptsLoaded=!0,gform.callIfLoaded(o)}),window.addEventListener(\"DOMContentLoaded\",()=>{gform.domLoaded=!0,gform.callIfLoaded(o)}))},hooks:{action:{},filter:{}},addAction:function(o,r,e,t){gform.addHook(\"action\",o,r,e,t)},addFilter:function(o,r,e,t){gform.addHook(\"filter\",o,r,e,t)},doAction:function(o){gform.doHook(\"action\",o,arguments)},applyFilters:function(o){return gform.doHook(\"filter\",o,arguments)},removeAction:function(o,r){gform.removeHook(\"action\",o,r)},removeFilter:function(o,r,e){gform.removeHook(\"filter\",o,r,e)},addHook:function(o,r,e,t,n){null==gform.hooks[o][r]&&(gform.hooks[o][r]=[]);var d=gform.hooks[o][r];null==n&&(n=r+\"_\"+d.length),gform.hooks[o][r].push({tag:n,callable:e,priority:t=null==t?10:t})},doHook:function(r,o,e){var t;if(e=Array.prototype.slice.call(e,1),null!=gform.hooks[r][o]&&((o=gform.hooks[r][o]).sort(function(o,r){return o.priority-r.priority}),o.forEach(function(o){\"function\"!=typeof(t=o.callable)&&(t=window[t]),\"action\"==r?t.apply(null,e):e[0]=t.apply(null,e)})),\"filter\"==r)return e[0]},removeHook:function(o,r,t,n){var e;null!=gform.hooks[o][r]&&(e=(e=gform.hooks[o][r]).filter(function(o,r,e){return!!(null!=n&&n!=o.tag||null!=t&&t!=o.priority)}),gform.hooks[o][r]=e)}});\n\/* ]]> *\/\n<\/script>\n\n                <div class='gf_browser_gecko gform_wrapper gravity-theme gform-theme--no-framework' data-form-theme='gravity-theme' data-form-index='0' id='gform_wrapper_10' >\n                        <div class='gform_heading'>\n                            <p class='gform_description'><\/p>\n                        <\/div><form method='post' enctype='multipart\/form-data'  id='gform_10'  action='\/fr\/wp-json\/wp\/v2\/pages\/7771' data-formid='10' novalidate><div class='gf_invisible ginput_recaptchav3' data-sitekey='6LfM0wwrAAAAANh4ZLBFL6dsQg4p5e0cPOWnYJRI' data-tabindex='0'><input id=\"input_aad7e94068a873bc06ed3ec27580d45f\" class=\"gfield_recaptcha_response\" type=\"hidden\" name=\"input_aad7e94068a873bc06ed3ec27580d45f\" value=\"\"\/><\/div>\n                        <div class='gform-body gform_body'><div id='gform_fields_10' class='gform_fields top_label form_sublabel_below description_below validation_below'><div id=\"field_10_1\" class=\"gfield gfield--type-text gfield--input-type-text gfield--width-full gfield_contains_required field_sublabel_below gfield--no-description field_description_below field_validation_below gfield_visibility_visible\"  ><label class='gfield_label gform-field-label' for='input_10_1'>Nom entreprise ou organisation<span class=\"gfield_required\"><span class=\"gfield_required gfield_required_text\">(N\u00e9cessaire)<\/span><\/span><\/label><div class='ginput_container ginput_container_text'><input name='input_1' id='input_10_1' type='text' value='' class='large'     aria-required=\"true\" aria-invalid=\"false\"   \/><\/div><\/div><div id=\"field_10_3\" class=\"gfield gfield--type-text gfield--input-type-text gfield--width-full gfield_contains_required field_sublabel_below gfield--no-description field_description_below field_validation_below gfield_visibility_visible\"  ><label class='gfield_label gform-field-label' for='input_10_3'>Nom contact<span class=\"gfield_required\"><span class=\"gfield_required gfield_required_text\">(N\u00e9cessaire)<\/span><\/span><\/label><div class='ginput_container ginput_container_text'><input name='input_3' id='input_10_3' type='text' value='' class='large'     aria-required=\"true\" aria-invalid=\"false\"   \/><\/div><\/div><fieldset id=\"field_10_4\" class=\"gfield gfield--type-email gfield--input-type-email gfield--width-full gfield_contains_required field_sublabel_hidden_label gfield--no-description field_description_below field_validation_below gfield_visibility_visible\"  ><legend class='gfield_label gform-field-label gfield_label_before_complex' >Adresse e-mail de personne de contact<span class=\"gfield_required\"><span class=\"gfield_required gfield_required_text\">(N\u00e9cessaire)<\/span><\/span><\/legend><div class='ginput_complex ginput_container ginput_container_email gform-grid-row' id='input_10_4_container'>\n                                <span id='input_10_4_1_container' class='ginput_left gform-grid-col gform-grid-col--size-auto'>\n                                    <input class='' type='email' name='input_4' id='input_10_4' value=''   placeholder='ex. info@company.com ' aria-required=\"true\" aria-invalid=\"false\"  \/>\n                                    <label for='input_10_4' class='gform-field-label gform-field-label--type-sub hidden_sub_label screen-reader-text'>Saisissez un e-mail<\/label>\n                                <\/span>\n                                <span id='input_10_4_2_container' class='ginput_right gform-grid-col gform-grid-col--size-auto'>\n                                    <input class='' type='email' name='input_4_2' id='input_10_4_2' value=''   placeholder='ex. info@company.com ' aria-required=\"true\" aria-invalid=\"false\"  \/>\n                                    <label for='input_10_4_2' class='gform-field-label gform-field-label--type-sub hidden_sub_label screen-reader-text'>Confirmez l\u2019e-mail<\/label>\n                                <\/span>\n                                <div class='gf_clear gf_clear_complex'><\/div>\n                            <\/div><\/fieldset><fieldset id=\"field_10_5\" class=\"gfield gfield--type-consent gfield--type-choice gfield--input-type-consent gfield--width-full gfield_contains_required field_sublabel_below gfield--no-description field_description_below hidden_label field_validation_below gfield_visibility_visible\"  ><legend class='gfield_label gform-field-label gfield_label_before_complex' >Consentement<span class=\"gfield_required\"><span class=\"gfield_required gfield_required_text\">(N\u00e9cessaire)<\/span><\/span><\/legend><div class='ginput_container ginput_container_consent'><input name='input_5.1' id='input_10_5_1' type='checkbox' value='1'   aria-required=\"true\" aria-invalid=\"false\"   \/> <label class=\"gform-field-label gform-field-label--type-inline gfield_consent_label\" for='input_10_5_1' >J\u2019accepte la <a href=\"\/wp-content\/uploads\/2024\/11\/Man-Machine-Europe-Privacy-Policy-October-2024.pdf\">politique de confidentialit\u00e9<\/a>.<span class=\"gfield_required gfield_required_text\">(N\u00e9cessaire)<\/span><\/label><input type='hidden' name='input_5.2' value='J\u2019accepte la &lt;a href=&quot;\/wp-content\/uploads\/2024\/11\/Man-Machine-Europe-Privacy-Policy-October-2024.pdf&quot;&gt;politique de confidentialit\u00e9&lt;\/a&gt;.' class='gform_hidden' \/><input type='hidden' name='input_5.3' value='3' class='gform_hidden' \/><\/div><\/fieldset><\/div><\/div>\n        <div class='gform-footer gform_footer top_label'> <input type='submit' id='gform_submit_button_10' class='gform_button button' onclick='gform.submission.handleButtonClick(this);' data-submission-type='submit' value='Envoyer'  \/><div class=\"small entry-content\">This site is protected by reCAPTCHA and the Google <a href=\"https:\/\/policies.google.com\/privacy\" title=\"Privacy Policy\" target=\"_blank\">Privacy Policy<\/a> and <a href=\"https:\/\/policies.google.com\/terms\" title=\"Terms of Service\" target=\"_blank\">Terms of Service<\/a> apply.<\/div> \n            <input type='hidden' class='gform_hidden' name='gform_submission_method' data-js='gform_submission_method_10' value='postback' \/>\n            <input type='hidden' class='gform_hidden' name='gform_theme' data-js='gform_theme_10' id='gform_theme_10' value='gravity-theme' \/>\n            <input type='hidden' class='gform_hidden' name='gform_style_settings' data-js='gform_style_settings_10' id='gform_style_settings_10' value='[]' \/>\n            <input type='hidden' class='gform_hidden' name='is_submit_10' value='1' \/>\n            <input type='hidden' class='gform_hidden' name='gform_submit' value='10' \/>\n            \n            <input type='hidden' class='gform_hidden' name='gform_currency' data-currency='EUR' value='CM+TGHhujI9r5j9K4E69I5sakAvfzY5HeT2JsRggq8puwdazBYKTUUaeV94QjV1OTRzICz1101t0I0xv2RRNWuLfkAXX3oQ\/zd2NM06z\/lT6tLc=' \/>\n            <input type='hidden' class='gform_hidden' name='gform_unique_id' value='' \/>\n            <input type='hidden' class='gform_hidden' name='state_10' value='WyJ7XCI1LjFcIjpcImNkNmU2OTU3OTljMjE3ZmZkZWJjMzk2OWQzZDJlYTMwXCIsXCI1LjJcIjpcIjYwZGEzMWMxZTZiZjBmOTE2ZjgyZWQyYzA0YTI5NDlmXCIsXCI1LjNcIjpcIjEwZGUyN2FhMDZiMzZlYmNjNWJlNDJhNjFjYTE4NGFlXCJ9IiwiY2EzODdhODg4Y2IyYzk2ZWEwMDI1ZDkyMjliNTUxMzAiXQ==' \/>\n            <input type='hidden' autocomplete='off' class='gform_hidden' name='gform_target_page_number_10' id='gform_target_page_number_10' value='0' \/>\n            <input type='hidden' autocomplete='off' class='gform_hidden' name='gform_source_page_number_10' id='gform_source_page_number_10' value='1' \/>\n            <input type='hidden' name='gform_field_values' value='' \/>\n            \n        <\/div>\n                        <\/form>\n                        <\/div><script type=\"text\/javascript\">\n\/* <![CDATA[ *\/\n gform.initializeOnLoaded( function() {gformInitSpinner( 10, 'https:\/\/eu.man-machine.com\/wp-content\/plugins\/gravityforms\/images\/spinner.svg', true );jQuery('#gform_ajax_frame_10').on('load',function(){var contents = jQuery(this).contents().find('*').html();var is_postback = contents.indexOf('GF_AJAX_POSTBACK') >= 0;if(!is_postback){return;}var form_content = jQuery(this).contents().find('#gform_wrapper_10');var is_confirmation = jQuery(this).contents().find('#gform_confirmation_wrapper_10').length > 0;var is_redirect = contents.indexOf('gformRedirect(){') >= 0;var is_form = form_content.length > 0 && ! is_redirect && ! is_confirmation;var mt = parseInt(jQuery('html').css('margin-top'), 10) + parseInt(jQuery('body').css('margin-top'), 10) + 100;if(is_form){jQuery('#gform_wrapper_10').html(form_content.html());if(form_content.hasClass('gform_validation_error')){jQuery('#gform_wrapper_10').addClass('gform_validation_error');} else {jQuery('#gform_wrapper_10').removeClass('gform_validation_error');}setTimeout( function() { \/* delay the scroll by 50 milliseconds to fix a bug in chrome *\/  }, 50 );if(window['gformInitDatepicker']) {gformInitDatepicker();}if(window['gformInitPriceFields']) {gformInitPriceFields();}var current_page = jQuery('#gform_source_page_number_10').val();gformInitSpinner( 10, 'https:\/\/eu.man-machine.com\/wp-content\/plugins\/gravityforms\/images\/spinner.svg', true );jQuery(document).trigger('gform_page_loaded', [10, current_page]);window['gf_submitting_10'] = false;}else if(!is_redirect){var confirmation_content = jQuery(this).contents().find('.GF_AJAX_POSTBACK').html();if(!confirmation_content){confirmation_content = contents;}jQuery('#gform_wrapper_10').replaceWith(confirmation_content);jQuery(document).trigger('gform_confirmation_loaded', [10]);window['gf_submitting_10'] = false;wp.a11y.speak(jQuery('#gform_confirmation_message_10').text());}else{jQuery('#gform_10').append(contents);if(window['gformRedirect']) {gformRedirect();}}jQuery(document).trigger(\"gform_pre_post_render\", [{ formId: \"10\", currentPage: \"current_page\", abort: function() { this.preventDefault(); } }]);        if (event && event.defaultPrevented) {                return;        }        const gformWrapperDiv = document.getElementById( \"gform_wrapper_10\" );        if ( gformWrapperDiv ) {            const visibilitySpan = document.createElement( \"span\" );            visibilitySpan.id = \"gform_visibility_test_10\";            gformWrapperDiv.insertAdjacentElement( \"afterend\", visibilitySpan );        }        const visibilityTestDiv = document.getElementById( \"gform_visibility_test_10\" );        let postRenderFired = false;        function triggerPostRender() {            if ( postRenderFired ) {                return;            }            postRenderFired = true;            gform.core.triggerPostRenderEvents( 10, current_page );            if ( visibilityTestDiv ) {                visibilityTestDiv.parentNode.removeChild( visibilityTestDiv );            }        }        function debounce( func, wait, immediate ) {            var timeout;            return function() {                var context = this, args = arguments;                var later = function() {                    timeout = null;                    if ( !immediate ) func.apply( context, args );                };                var callNow = immediate && !timeout;                clearTimeout( timeout );                timeout = setTimeout( later, wait );                if ( callNow ) func.apply( context, args );            };        }        const debouncedTriggerPostRender = debounce( function() {            triggerPostRender();        }, 200 );        if ( visibilityTestDiv && visibilityTestDiv.offsetParent === null ) {            const observer = new MutationObserver( ( mutations ) => {                mutations.forEach( ( mutation ) => {                    if ( mutation.type === 'attributes' && visibilityTestDiv.offsetParent !== null ) {                        debouncedTriggerPostRender();                        observer.disconnect();                    }                });            });            observer.observe( document.body, {                attributes: true,                childList: false,                subtree: true,                attributeFilter: [ 'style', 'class' ],            });        } else {            triggerPostRender();        }    } );} ); \n\/* ]]> *\/\n<\/script>\n                    <\/div>\n                <\/div>\n            <\/div>\n        <\/div>\n    <\/div>\n    <\/div>\n    <\/div>\n    <\/section>\n","protected":false},"excerpt":{"rendered":"","protected":false},"author":2,"featured_media":0,"parent":0,"menu_order":0,"comment_status":"closed","ping_status":"closed","template":"","meta":{"_acf_changed":false,"_glsr_average":0,"_glsr_ranking":0,"_glsr_reviews":0,"footnotes":""},"class_list":["post-7771","page","type-page","status-publish","hentry"],"acf":[],"yoast_head":"<!-- This site is optimized with the Yoast SEO plugin v26.9 - https:\/\/yoast.com\/product\/yoast-seo-wordpress\/ -->\n<title>Lettre d&#039;information pour les revendeurs<\/title>\n<meta name=\"description\" content=\"Restez inform\u00e9 des nouveaux produits, mises \u00e0 jour et actualit\u00e9s des salons. Inscrivez-vous \u00e0 notre newsletter d\u00e9di\u00e9e aux revendeurs.\" \/>\n<meta name=\"robots\" content=\"index, follow, max-snippet:-1, max-image-preview:large, max-video-preview:-1\" \/>\n<link rel=\"canonical\" href=\"https:\/\/eu.man-machine.com\/fr\/lettre-dinformation-pour-les-revendeurs\/\" \/>\n<meta property=\"og:locale\" content=\"fr_FR\" \/>\n<meta property=\"og:type\" content=\"article\" \/>\n<meta property=\"og:title\" content=\"Lettre d&#039;information pour les revendeurs\" \/>\n<meta property=\"og:description\" content=\"Restez inform\u00e9 des nouveaux produits, mises \u00e0 jour et actualit\u00e9s des salons. Inscrivez-vous \u00e0 notre newsletter d\u00e9di\u00e9e aux revendeurs.\" \/>\n<meta property=\"og:url\" content=\"https:\/\/eu.man-machine.com\/fr\/lettre-dinformation-pour-les-revendeurs\/\" \/>\n<meta property=\"og:site_name\" content=\"Man &amp; Machine\" \/>\n<meta property=\"article:publisher\" content=\"https:\/\/www.facebook.com\/ManAndMachine\/\" \/>\n<meta property=\"article:modified_time\" content=\"2025-03-12T14:49:55+00:00\" \/>\n<meta property=\"og:image\" content=\"https:\/\/eu.man-machine.com\/wp-content\/uploads\/2024\/10\/man-machine-3.png\" \/>\n\t<meta property=\"og:image:width\" content=\"2500\" \/>\n\t<meta property=\"og:image:height\" content=\"1384\" \/>\n\t<meta property=\"og:image:type\" content=\"image\/png\" \/>\n<meta name=\"twitter:card\" content=\"summary_large_image\" \/>\n<meta name=\"twitter:site\" content=\"@manandmachineco\" \/>\n<script type=\"application\/ld+json\" class=\"yoast-schema-graph\">{\"@context\":\"https:\/\/schema.org\",\"@graph\":[{\"@type\":\"WebPage\",\"@id\":\"https:\/\/eu.man-machine.com\/fr\/lettre-dinformation-pour-les-revendeurs\/\",\"url\":\"https:\/\/eu.man-machine.com\/fr\/lettre-dinformation-pour-les-revendeurs\/\",\"name\":\"Lettre d'information pour les revendeurs\",\"isPartOf\":{\"@id\":\"https:\/\/eu.man-machine.com\/fr\/#website\"},\"datePublished\":\"2024-10-17T07:14:09+00:00\",\"dateModified\":\"2025-03-12T14:49:55+00:00\",\"description\":\"Restez inform\u00e9 des nouveaux produits, mises \u00e0 jour et actualit\u00e9s des salons. Inscrivez-vous \u00e0 notre newsletter d\u00e9di\u00e9e aux revendeurs.\",\"breadcrumb\":{\"@id\":\"https:\/\/eu.man-machine.com\/fr\/lettre-dinformation-pour-les-revendeurs\/#breadcrumb\"},\"inLanguage\":\"fr-FR\",\"potentialAction\":[{\"@type\":\"ReadAction\",\"target\":[\"https:\/\/eu.man-machine.com\/fr\/lettre-dinformation-pour-les-revendeurs\/\"]}]},{\"@type\":\"BreadcrumbList\",\"@id\":\"https:\/\/eu.man-machine.com\/fr\/lettre-dinformation-pour-les-revendeurs\/#breadcrumb\",\"itemListElement\":[{\"@type\":\"ListItem\",\"position\":1,\"name\":\"Home\",\"item\":\"https:\/\/eu.man-machine.com\/fr\/\"},{\"@type\":\"ListItem\",\"position\":2,\"name\":\"Lettre d&#8217;information pour les revendeurs\"}]},{\"@type\":\"WebSite\",\"@id\":\"https:\/\/eu.man-machine.com\/fr\/#website\",\"url\":\"https:\/\/eu.man-machine.com\/fr\/\",\"name\":\"Man & Machine\",\"description\":\"Claviers \u00e9tanches pour les applications m\u00e9dicales et industrielles\",\"publisher\":{\"@id\":\"https:\/\/eu.man-machine.com\/fr\/#organization\"},\"alternateName\":\"Man and Machine\",\"potentialAction\":[{\"@type\":\"SearchAction\",\"target\":{\"@type\":\"EntryPoint\",\"urlTemplate\":\"https:\/\/eu.man-machine.com\/fr\/?s={search_term_string}\"},\"query-input\":{\"@type\":\"PropertyValueSpecification\",\"valueRequired\":true,\"valueName\":\"search_term_string\"}}],\"inLanguage\":\"fr-FR\"},{\"@type\":\"Organization\",\"@id\":\"https:\/\/eu.man-machine.com\/fr\/#organization\",\"name\":\"Man & Machine\",\"alternateName\":\"Man and Machine\",\"url\":\"https:\/\/eu.man-machine.com\/fr\/\",\"logo\":{\"@type\":\"ImageObject\",\"inLanguage\":\"fr-FR\",\"@id\":\"https:\/\/eu.man-machine.com\/fr\/#\/schema\/logo\/image\/\",\"url\":\"https:\/\/eu.man-machine.com\/wp-content\/uploads\/2024\/11\/man-and-machine-logo-svg.svg\",\"contentUrl\":\"https:\/\/eu.man-machine.com\/wp-content\/uploads\/2024\/11\/man-and-machine-logo-svg.svg\",\"width\":293,\"height\":28,\"caption\":\"Man & Machine\"},\"image\":{\"@id\":\"https:\/\/eu.man-machine.com\/fr\/#\/schema\/logo\/image\/\"},\"sameAs\":[\"https:\/\/www.facebook.com\/ManAndMachine\/\",\"https:\/\/x.com\/manandmachineco\"]}]}<\/script>\n<!-- \/ Yoast SEO plugin. -->","yoast_head_json":{"title":"Lettre d'information pour les revendeurs","description":"Restez inform\u00e9 des nouveaux produits, mises \u00e0 jour et actualit\u00e9s des salons. Inscrivez-vous \u00e0 notre newsletter d\u00e9di\u00e9e aux revendeurs.","robots":{"index":"index","follow":"follow","max-snippet":"max-snippet:-1","max-image-preview":"max-image-preview:large","max-video-preview":"max-video-preview:-1"},"canonical":"https:\/\/eu.man-machine.com\/fr\/lettre-dinformation-pour-les-revendeurs\/","og_locale":"fr_FR","og_type":"article","og_title":"Lettre d'information pour les revendeurs","og_description":"Restez inform\u00e9 des nouveaux produits, mises \u00e0 jour et actualit\u00e9s des salons. Inscrivez-vous \u00e0 notre newsletter d\u00e9di\u00e9e aux revendeurs.","og_url":"https:\/\/eu.man-machine.com\/fr\/lettre-dinformation-pour-les-revendeurs\/","og_site_name":"Man & Machine","article_publisher":"https:\/\/www.facebook.com\/ManAndMachine\/","article_modified_time":"2025-03-12T14:49:55+00:00","og_image":[{"width":2500,"height":1384,"url":"https:\/\/eu.man-machine.com\/wp-content\/uploads\/2024\/10\/man-machine-3.png","type":"image\/png"}],"twitter_card":"summary_large_image","twitter_site":"@manandmachineco","schema":{"@context":"https:\/\/schema.org","@graph":[{"@type":"WebPage","@id":"https:\/\/eu.man-machine.com\/fr\/lettre-dinformation-pour-les-revendeurs\/","url":"https:\/\/eu.man-machine.com\/fr\/lettre-dinformation-pour-les-revendeurs\/","name":"Lettre d'information pour les revendeurs","isPartOf":{"@id":"https:\/\/eu.man-machine.com\/fr\/#website"},"datePublished":"2024-10-17T07:14:09+00:00","dateModified":"2025-03-12T14:49:55+00:00","description":"Restez inform\u00e9 des nouveaux produits, mises \u00e0 jour et actualit\u00e9s des salons. Inscrivez-vous \u00e0 notre newsletter d\u00e9di\u00e9e aux revendeurs.","breadcrumb":{"@id":"https:\/\/eu.man-machine.com\/fr\/lettre-dinformation-pour-les-revendeurs\/#breadcrumb"},"inLanguage":"fr-FR","potentialAction":[{"@type":"ReadAction","target":["https:\/\/eu.man-machine.com\/fr\/lettre-dinformation-pour-les-revendeurs\/"]}]},{"@type":"BreadcrumbList","@id":"https:\/\/eu.man-machine.com\/fr\/lettre-dinformation-pour-les-revendeurs\/#breadcrumb","itemListElement":[{"@type":"ListItem","position":1,"name":"Home","item":"https:\/\/eu.man-machine.com\/fr\/"},{"@type":"ListItem","position":2,"name":"Lettre d&#8217;information pour les revendeurs"}]},{"@type":"WebSite","@id":"https:\/\/eu.man-machine.com\/fr\/#website","url":"https:\/\/eu.man-machine.com\/fr\/","name":"Man & Machine","description":"Claviers \u00e9tanches pour les applications m\u00e9dicales et industrielles","publisher":{"@id":"https:\/\/eu.man-machine.com\/fr\/#organization"},"alternateName":"Man and Machine","potentialAction":[{"@type":"SearchAction","target":{"@type":"EntryPoint","urlTemplate":"https:\/\/eu.man-machine.com\/fr\/?s={search_term_string}"},"query-input":{"@type":"PropertyValueSpecification","valueRequired":true,"valueName":"search_term_string"}}],"inLanguage":"fr-FR"},{"@type":"Organization","@id":"https:\/\/eu.man-machine.com\/fr\/#organization","name":"Man & Machine","alternateName":"Man and Machine","url":"https:\/\/eu.man-machine.com\/fr\/","logo":{"@type":"ImageObject","inLanguage":"fr-FR","@id":"https:\/\/eu.man-machine.com\/fr\/#\/schema\/logo\/image\/","url":"https:\/\/eu.man-machine.com\/wp-content\/uploads\/2024\/11\/man-and-machine-logo-svg.svg","contentUrl":"https:\/\/eu.man-machine.com\/wp-content\/uploads\/2024\/11\/man-and-machine-logo-svg.svg","width":293,"height":28,"caption":"Man & Machine"},"image":{"@id":"https:\/\/eu.man-machine.com\/fr\/#\/schema\/logo\/image\/"},"sameAs":["https:\/\/www.facebook.com\/ManAndMachine\/","https:\/\/x.com\/manandmachineco"]}]}},"_links":{"self":[{"href":"https:\/\/eu.man-machine.com\/fr\/wp-json\/wp\/v2\/pages\/7771","targetHints":{"allow":["GET"]}}],"collection":[{"href":"https:\/\/eu.man-machine.com\/fr\/wp-json\/wp\/v2\/pages"}],"about":[{"href":"https:\/\/eu.man-machine.com\/fr\/wp-json\/wp\/v2\/types\/page"}],"author":[{"embeddable":true,"href":"https:\/\/eu.man-machine.com\/fr\/wp-json\/wp\/v2\/users\/2"}],"replies":[{"embeddable":true,"href":"https:\/\/eu.man-machine.com\/fr\/wp-json\/wp\/v2\/comments?post=7771"}],"version-history":[{"count":1,"href":"https:\/\/eu.man-machine.com\/fr\/wp-json\/wp\/v2\/pages\/7771\/revisions"}],"predecessor-version":[{"id":7772,"href":"https:\/\/eu.man-machine.com\/fr\/wp-json\/wp\/v2\/pages\/7771\/revisions\/7772"}],"wp:attachment":[{"href":"https:\/\/eu.man-machine.com\/fr\/wp-json\/wp\/v2\/media?parent=7771"}],"curies":[{"name":"wp","href":"https:\/\/api.w.org\/{rel}","templated":true}]}}