{"id":8290,"date":"2024-12-05T17:49:18","date_gmt":"2024-12-05T16:49:18","guid":{"rendered":"https:\/\/eu.man-machine.com\/product\/so-cool-noir\/"},"modified":"2026-03-19T10:49:05","modified_gmt":"2026-03-19T09:49:05","slug":"so-cool-noir","status":"publish","type":"product","link":"https:\/\/eu.man-machine.com\/fr\/produit\/so-cool-noir\/","title":{"rendered":"So Cool &#8211; noir"},"content":{"rendered":"<p>Le clavier So Cool est sp\u00e9cialement con\u00e7u pour l\u2019utilisation dans un v\u00e9hicule. L\u2019installation comprend le simple montage VESA ou AMPS.<\/p>\n<p>Le clavier compact est \u00e9quip\u00e9 d\u2019un pav\u00e9 tactile et vient avec une gaine pare-choc r\u00e9sistante qui la donne un ext\u00e9rieur durci. La couche est r\u00e9sistant \u00e0 l\u2019humidit\u00e9 selon la norme IP67 et \u00e9quip\u00e9 d\u2019une cl\u00e9 de verrouillage, permettant le nettoyage du clavier. La couche sup\u00e9rieure est constitu\u00e9e d\u2019un mat\u00e9riau sp\u00e9cifique r\u00e9sistant \u00e0 l\u2019huile et peut entrer en contact, par exemple, avec des restes d\u2019huile d\u2019arme. Veuillez noter que le nettoyage, en raison de l\u2019utilisation sp\u00e9cifique de mat\u00e9riaux r\u00e9sistants \u00e0 l\u2019huile, ne peut \u00eatre effectu\u00e9 qu\u2019avec de l\u2019eau et du savon et non avec un d\u00e9sinfectant.<\/p>\n<p>Le retro\u00e9clairage rouge rend possible l\u2019utilisation nocturne. Clavier et pav\u00e9 num\u00e9rique peuvent \u00eatre oper\u00e9 avec gants. Le So Cool vous offre une plaisir d\u2019utilisation incomparable.<\/p>\n","protected":false},"excerpt":{"rendered":"<p>Le clavier So Cool est sp\u00e9cialement con\u00e7u pour l\u2019utilisation dans un v\u00e9hicule. L\u2019installation comprend le simple montage VESA ou AMPS. Le clavier compact est \u00e9quip\u00e9 d\u2019un pav\u00e9 tactile et vient&#8230;<\/p>\n","protected":false},"featured_media":7163,"template":"","meta":{"_acf_changed":false,"_glsr_average":0,"_glsr_ranking":0,"_glsr_reviews":0},"product_brand":[],"product_cat":[677,1084],"product_tag":[],"class_list":{"0":"post-8290","1":"product","2":"type-product","3":"status-publish","4":"has-post-thumbnail","6":"product_cat-claviers","7":"product_cat-claviers-robustes","9":"first","10":"instock","11":"shipping-taxable","12":"product-type-variable"},"acf":[],"yoast_head":"<!-- This site is optimized with the Yoast SEO plugin v26.9 - https:\/\/yoast.com\/product\/yoast-seo-wordpress\/ -->\n<title>Man &amp; Machine So Cool Clavier (Noir)<\/title>\n<meta name=\"description\" content=\"Clavier So Cool pour v\u00e9hicules avec montage VESA et AMPS, pav\u00e9 tactile int\u00e9gr\u00e9 et r\u00e9tro\u00e9clairage pour une utilisation fiable en mobilit\u00e9.\" \/>\n<meta name=\"robots\" content=\"index, follow, max-snippet:-1, max-image-preview:large, max-video-preview:-1\" \/>\n<link rel=\"canonical\" href=\"https:\/\/eu.man-machine.com\/fr\/produit\/so-cool-noir\/\" \/>\n<meta property=\"og:locale\" content=\"fr_FR\" \/>\n<meta property=\"og:type\" content=\"article\" \/>\n<meta property=\"og:title\" content=\"Man &amp; Machine So Cool Clavier (Noir)\" \/>\n<meta property=\"og:description\" content=\"Clavier So Cool pour v\u00e9hicules avec montage VESA et AMPS, pav\u00e9 tactile int\u00e9gr\u00e9 et r\u00e9tro\u00e9clairage pour une utilisation fiable en mobilit\u00e9.\" \/>\n<meta property=\"og:url\" content=\"https:\/\/eu.man-machine.com\/fr\/produit\/so-cool-noir\/\" \/>\n<meta property=\"og:site_name\" content=\"Man &amp; Machine\" \/>\n<meta property=\"article:publisher\" content=\"https:\/\/www.facebook.com\/ManAndMachine\/\" \/>\n<meta property=\"article:modified_time\" content=\"2026-03-19T09:49:05+00:00\" \/>\n<meta property=\"og:image\" content=\"https:\/\/eu.man-machine.com\/wp-content\/uploads\/2024\/12\/SoC_US_top.png\" \/>\n\t<meta property=\"og:image:width\" content=\"2500\" \/>\n\t<meta property=\"og:image:height\" content=\"1558\" \/>\n\t<meta property=\"og:image:type\" content=\"image\/png\" \/>\n<meta name=\"twitter:card\" content=\"summary_large_image\" \/>\n<meta name=\"twitter:site\" content=\"@manandmachineco\" \/>\n<meta name=\"twitter:label1\" content=\"Dur\u00e9e de lecture estim\u00e9e\" \/>\n\t<meta name=\"twitter:data1\" content=\"3 minutes\" \/>\n<script type=\"application\/ld+json\" class=\"yoast-schema-graph\">{\"@context\":\"https:\/\/schema.org\",\"@graph\":[{\"@type\":\"WebPage\",\"@id\":\"https:\/\/eu.man-machine.com\/fr\/produit\/so-cool-noir\/\",\"url\":\"https:\/\/eu.man-machine.com\/fr\/produit\/so-cool-noir\/\",\"name\":\"Man & Machine So Cool Clavier (Noir)\",\"isPartOf\":{\"@id\":\"https:\/\/eu.man-machine.com\/fr\/#website\"},\"primaryImageOfPage\":{\"@id\":\"https:\/\/eu.man-machine.com\/fr\/produit\/so-cool-noir\/#primaryimage\"},\"image\":{\"@id\":\"https:\/\/eu.man-machine.com\/fr\/produit\/so-cool-noir\/#primaryimage\"},\"thumbnailUrl\":\"https:\/\/eu.man-machine.com\/wp-content\/uploads\/2024\/12\/SoC_US_top.png\",\"datePublished\":\"2024-12-05T16:49:18+00:00\",\"dateModified\":\"2026-03-19T09:49:05+00:00\",\"description\":\"Clavier So Cool pour v\u00e9hicules avec montage VESA et AMPS, pav\u00e9 tactile int\u00e9gr\u00e9 et r\u00e9tro\u00e9clairage pour une utilisation fiable en mobilit\u00e9.\",\"breadcrumb\":{\"@id\":\"https:\/\/eu.man-machine.com\/fr\/produit\/so-cool-noir\/#breadcrumb\"},\"inLanguage\":\"fr-FR\",\"potentialAction\":[{\"@type\":\"ReadAction\",\"target\":[\"https:\/\/eu.man-machine.com\/fr\/produit\/so-cool-noir\/\"]}]},{\"@type\":\"ImageObject\",\"inLanguage\":\"fr-FR\",\"@id\":\"https:\/\/eu.man-machine.com\/fr\/produit\/so-cool-noir\/#primaryimage\",\"url\":\"https:\/\/eu.man-machine.com\/wp-content\/uploads\/2024\/12\/SoC_US_top.png\",\"contentUrl\":\"https:\/\/eu.man-machine.com\/wp-content\/uploads\/2024\/12\/SoC_US_top.png\",\"width\":2500,\"height\":1558,\"caption\":\"A black Man & Machine in-vehicle So Cool keyboard with US International layout is seen from the top\"},{\"@type\":\"BreadcrumbList\",\"@id\":\"https:\/\/eu.man-machine.com\/fr\/produit\/so-cool-noir\/#breadcrumb\",\"itemListElement\":[{\"@type\":\"ListItem\",\"position\":1,\"name\":\"Home\",\"item\":\"https:\/\/eu.man-machine.com\/fr\/\"},{\"@type\":\"ListItem\",\"position\":2,\"name\":\"Catalogue\",\"item\":\"https:\/\/eu.man-machine.com\/fr\/catalogue\/\"},{\"@type\":\"ListItem\",\"position\":3,\"name\":\"Claviers\",\"item\":\"https:\/\/eu.man-machine.com\/fr\/categorie-produit\/claviers\/\"},{\"@type\":\"ListItem\",\"position\":4,\"name\":\"Claviers robustes\",\"item\":\"https:\/\/eu.man-machine.com\/fr\/categorie-produit\/claviers\/claviers-robustes\/\"},{\"@type\":\"ListItem\",\"position\":5,\"name\":\"So Cool &#8211; noir\"}]},{\"@type\":\"WebSite\",\"@id\":\"https:\/\/eu.man-machine.com\/fr\/#website\",\"url\":\"https:\/\/eu.man-machine.com\/fr\/\",\"name\":\"Man & Machine\",\"description\":\"Claviers \u00e9tanches pour les applications m\u00e9dicales et industrielles\",\"publisher\":{\"@id\":\"https:\/\/eu.man-machine.com\/fr\/#organization\"},\"alternateName\":\"Man and Machine\",\"potentialAction\":[{\"@type\":\"SearchAction\",\"target\":{\"@type\":\"EntryPoint\",\"urlTemplate\":\"https:\/\/eu.man-machine.com\/fr\/?s={search_term_string}\"},\"query-input\":{\"@type\":\"PropertyValueSpecification\",\"valueRequired\":true,\"valueName\":\"search_term_string\"}}],\"inLanguage\":\"fr-FR\"},{\"@type\":\"Organization\",\"@id\":\"https:\/\/eu.man-machine.com\/fr\/#organization\",\"name\":\"Man & Machine\",\"alternateName\":\"Man and Machine\",\"url\":\"https:\/\/eu.man-machine.com\/fr\/\",\"logo\":{\"@type\":\"ImageObject\",\"inLanguage\":\"fr-FR\",\"@id\":\"https:\/\/eu.man-machine.com\/fr\/#\/schema\/logo\/image\/\",\"url\":\"https:\/\/eu.man-machine.com\/wp-content\/uploads\/2024\/11\/man-and-machine-logo-svg.svg\",\"contentUrl\":\"https:\/\/eu.man-machine.com\/wp-content\/uploads\/2024\/11\/man-and-machine-logo-svg.svg\",\"width\":293,\"height\":28,\"caption\":\"Man & Machine\"},\"image\":{\"@id\":\"https:\/\/eu.man-machine.com\/fr\/#\/schema\/logo\/image\/\"},\"sameAs\":[\"https:\/\/www.facebook.com\/ManAndMachine\/\",\"https:\/\/x.com\/manandmachineco\"]}]}<\/script>\n<!-- \/ Yoast SEO plugin. -->","yoast_head_json":{"title":"Man & Machine So Cool Clavier (Noir)","description":"Clavier So Cool pour v\u00e9hicules avec montage VESA et AMPS, pav\u00e9 tactile int\u00e9gr\u00e9 et r\u00e9tro\u00e9clairage pour une utilisation fiable en mobilit\u00e9.","robots":{"index":"index","follow":"follow","max-snippet":"max-snippet:-1","max-image-preview":"max-image-preview:large","max-video-preview":"max-video-preview:-1"},"canonical":"https:\/\/eu.man-machine.com\/fr\/produit\/so-cool-noir\/","og_locale":"fr_FR","og_type":"article","og_title":"Man & Machine So Cool Clavier (Noir)","og_description":"Clavier So Cool pour v\u00e9hicules avec montage VESA et AMPS, pav\u00e9 tactile int\u00e9gr\u00e9 et r\u00e9tro\u00e9clairage pour une utilisation fiable en mobilit\u00e9.","og_url":"https:\/\/eu.man-machine.com\/fr\/produit\/so-cool-noir\/","og_site_name":"Man & Machine","article_publisher":"https:\/\/www.facebook.com\/ManAndMachine\/","article_modified_time":"2026-03-19T09:49:05+00:00","og_image":[{"width":2500,"height":1558,"url":"https:\/\/eu.man-machine.com\/wp-content\/uploads\/2024\/12\/SoC_US_top.png","type":"image\/png"}],"twitter_card":"summary_large_image","twitter_site":"@manandmachineco","twitter_misc":{"Dur\u00e9e de lecture estim\u00e9e":"3 minutes"},"schema":{"@context":"https:\/\/schema.org","@graph":[{"@type":"WebPage","@id":"https:\/\/eu.man-machine.com\/fr\/produit\/so-cool-noir\/","url":"https:\/\/eu.man-machine.com\/fr\/produit\/so-cool-noir\/","name":"Man & Machine So Cool Clavier (Noir)","isPartOf":{"@id":"https:\/\/eu.man-machine.com\/fr\/#website"},"primaryImageOfPage":{"@id":"https:\/\/eu.man-machine.com\/fr\/produit\/so-cool-noir\/#primaryimage"},"image":{"@id":"https:\/\/eu.man-machine.com\/fr\/produit\/so-cool-noir\/#primaryimage"},"thumbnailUrl":"https:\/\/eu.man-machine.com\/wp-content\/uploads\/2024\/12\/SoC_US_top.png","datePublished":"2024-12-05T16:49:18+00:00","dateModified":"2026-03-19T09:49:05+00:00","description":"Clavier So Cool pour v\u00e9hicules avec montage VESA et AMPS, pav\u00e9 tactile int\u00e9gr\u00e9 et r\u00e9tro\u00e9clairage pour une utilisation fiable en mobilit\u00e9.","breadcrumb":{"@id":"https:\/\/eu.man-machine.com\/fr\/produit\/so-cool-noir\/#breadcrumb"},"inLanguage":"fr-FR","potentialAction":[{"@type":"ReadAction","target":["https:\/\/eu.man-machine.com\/fr\/produit\/so-cool-noir\/"]}]},{"@type":"ImageObject","inLanguage":"fr-FR","@id":"https:\/\/eu.man-machine.com\/fr\/produit\/so-cool-noir\/#primaryimage","url":"https:\/\/eu.man-machine.com\/wp-content\/uploads\/2024\/12\/SoC_US_top.png","contentUrl":"https:\/\/eu.man-machine.com\/wp-content\/uploads\/2024\/12\/SoC_US_top.png","width":2500,"height":1558,"caption":"A black Man & Machine in-vehicle So Cool keyboard with US International layout is seen from the top"},{"@type":"BreadcrumbList","@id":"https:\/\/eu.man-machine.com\/fr\/produit\/so-cool-noir\/#breadcrumb","itemListElement":[{"@type":"ListItem","position":1,"name":"Home","item":"https:\/\/eu.man-machine.com\/fr\/"},{"@type":"ListItem","position":2,"name":"Catalogue","item":"https:\/\/eu.man-machine.com\/fr\/catalogue\/"},{"@type":"ListItem","position":3,"name":"Claviers","item":"https:\/\/eu.man-machine.com\/fr\/categorie-produit\/claviers\/"},{"@type":"ListItem","position":4,"name":"Claviers robustes","item":"https:\/\/eu.man-machine.com\/fr\/categorie-produit\/claviers\/claviers-robustes\/"},{"@type":"ListItem","position":5,"name":"So Cool &#8211; noir"}]},{"@type":"WebSite","@id":"https:\/\/eu.man-machine.com\/fr\/#website","url":"https:\/\/eu.man-machine.com\/fr\/","name":"Man & Machine","description":"Claviers \u00e9tanches pour les applications m\u00e9dicales et industrielles","publisher":{"@id":"https:\/\/eu.man-machine.com\/fr\/#organization"},"alternateName":"Man and Machine","potentialAction":[{"@type":"SearchAction","target":{"@type":"EntryPoint","urlTemplate":"https:\/\/eu.man-machine.com\/fr\/?s={search_term_string}"},"query-input":{"@type":"PropertyValueSpecification","valueRequired":true,"valueName":"search_term_string"}}],"inLanguage":"fr-FR"},{"@type":"Organization","@id":"https:\/\/eu.man-machine.com\/fr\/#organization","name":"Man & Machine","alternateName":"Man and Machine","url":"https:\/\/eu.man-machine.com\/fr\/","logo":{"@type":"ImageObject","inLanguage":"fr-FR","@id":"https:\/\/eu.man-machine.com\/fr\/#\/schema\/logo\/image\/","url":"https:\/\/eu.man-machine.com\/wp-content\/uploads\/2024\/11\/man-and-machine-logo-svg.svg","contentUrl":"https:\/\/eu.man-machine.com\/wp-content\/uploads\/2024\/11\/man-and-machine-logo-svg.svg","width":293,"height":28,"caption":"Man & Machine"},"image":{"@id":"https:\/\/eu.man-machine.com\/fr\/#\/schema\/logo\/image\/"},"sameAs":["https:\/\/www.facebook.com\/ManAndMachine\/","https:\/\/x.com\/manandmachineco"]}]}},"_links":{"self":[{"href":"https:\/\/eu.man-machine.com\/fr\/wp-json\/wp\/v2\/product\/8290","targetHints":{"allow":["GET"]}}],"collection":[{"href":"https:\/\/eu.man-machine.com\/fr\/wp-json\/wp\/v2\/product"}],"about":[{"href":"https:\/\/eu.man-machine.com\/fr\/wp-json\/wp\/v2\/types\/product"}],"wp:featuredmedia":[{"embeddable":true,"href":"https:\/\/eu.man-machine.com\/fr\/wp-json\/wp\/v2\/media\/7163"}],"wp:attachment":[{"href":"https:\/\/eu.man-machine.com\/fr\/wp-json\/wp\/v2\/media?parent=8290"}],"wp:term":[{"taxonomy":"product_brand","embeddable":true,"href":"https:\/\/eu.man-machine.com\/fr\/wp-json\/wp\/v2\/product_brand?post=8290"},{"taxonomy":"product_cat","embeddable":true,"href":"https:\/\/eu.man-machine.com\/fr\/wp-json\/wp\/v2\/product_cat?post=8290"},{"taxonomy":"product_tag","embeddable":true,"href":"https:\/\/eu.man-machine.com\/fr\/wp-json\/wp\/v2\/product_tag?post=8290"}],"curies":[{"name":"wp","href":"https:\/\/api.w.org\/{rel}","templated":true}]}}