{"id":8341,"date":"2024-12-05T13:08:48","date_gmt":"2024-12-05T12:08:48","guid":{"rendered":"https:\/\/eu.man-machine.com\/product\/slim-cool-plus-noir\/"},"modified":"2026-01-09T14:55:35","modified_gmt":"2026-01-09T13:55:35","slug":"slim-cool-plus-noir","status":"publish","type":"product","link":"https:\/\/eu.man-machine.com\/fr\/produit\/slim-cool-plus-noir\/","title":{"rendered":"Slim Cool Plus &#8211; noir"},"content":{"rendered":"<p>Le Slim Cool Plus blanche est un clavier m\u00e9dical en silicone, au format compact d\u2019un ordinateur portable, avec pav\u00e9 tactile int\u00e9gr\u00e9.<\/p>\n<p>Celui-ci est id\u00e9al pour les espaces confin\u00e9s, permettant d\u2019\u00e9viter l\u2019utilisation d\u2019une souris. Vous pouvez essuyer, rincer, ou m\u00eame immerger notre clavier en toute s\u00e9curit\u00e9 dans un d\u00e9sinfectant appropri\u00e9. Nous construisons notre clavier de qualit\u00e9 avanc\u00e9e dans notre fabrique aux Etats-Unis. Le clavier est conforme aux directives CEM de la norme <a href=\"https:\/\/eu.man-machine.com\/fr\/en-60601-1-2\/\">EN 60601-1-2:2015<\/a> et dispose d&rsquo;un certificat IP68.<\/p>\n<p>Son confort de frappe, sup\u00e9rieur \u00e0 celui de la plupart des claviers, est particuli\u00e8rement appr\u00e9ci\u00e9 des utilisateurs. Il est \u00e9galement verrouillable, ce qui permet un nettoyage en toute s\u00e9curit\u00e9 sans le d\u00e9connecter de l\u2019ordinateur.<\/p>\n","protected":false},"excerpt":{"rendered":"<p>Le Slim Cool Plus blanche est un clavier m\u00e9dical en silicone, au format compact d\u2019un ordinateur portable, avec pav\u00e9 tactile int\u00e9gr\u00e9. Celui-ci est id\u00e9al pour les espaces confin\u00e9s, permettant d\u2019\u00e9viter&#8230;<\/p>\n","protected":false},"featured_media":7138,"template":"","meta":{"_acf_changed":false,"_glsr_average":0,"_glsr_ranking":0,"_glsr_reviews":0},"product_brand":[],"product_cat":[677,1084],"product_tag":[],"class_list":{"0":"post-8341","1":"product","2":"type-product","3":"status-publish","4":"has-post-thumbnail","6":"product_cat-claviers","7":"product_cat-claviers-robustes","9":"first","10":"instock","11":"shipping-taxable","12":"product-type-variable"},"acf":[],"yoast_head":"<!-- This site is optimized with the Yoast SEO plugin v26.9 - https:\/\/yoast.com\/product\/yoast-seo-wordpress\/ -->\n<title>Man &amp; Machine Slim Cool Plus Clavier (Noir)<\/title>\n<meta name=\"description\" content=\"Le Slim Cool plus noir est un clavier m\u00e9dical avec pav\u00e9 tactile certifi\u00e9 IP68, con\u00e7u pour une utilisation fiable dans les petits espaces.\" \/>\n<meta name=\"robots\" content=\"index, follow, max-snippet:-1, max-image-preview:large, max-video-preview:-1\" \/>\n<link rel=\"canonical\" href=\"https:\/\/eu.man-machine.com\/fr\/produit\/slim-cool-plus-noir\/\" \/>\n<meta property=\"og:locale\" content=\"fr_FR\" \/>\n<meta property=\"og:type\" content=\"article\" \/>\n<meta property=\"og:title\" content=\"Man &amp; Machine Slim Cool Plus Clavier (Noir)\" \/>\n<meta property=\"og:description\" content=\"Le Slim Cool plus noir est un clavier m\u00e9dical avec pav\u00e9 tactile certifi\u00e9 IP68, con\u00e7u pour une utilisation fiable dans les petits espaces.\" \/>\n<meta property=\"og:url\" content=\"https:\/\/eu.man-machine.com\/fr\/produit\/slim-cool-plus-noir\/\" \/>\n<meta property=\"og:site_name\" content=\"Man &amp; Machine\" \/>\n<meta property=\"article:publisher\" content=\"https:\/\/www.facebook.com\/ManAndMachine\/\" \/>\n<meta property=\"article:modified_time\" content=\"2026-01-09T13:55:35+00:00\" \/>\n<meta property=\"og:image\" content=\"https:\/\/eu.man-machine.com\/wp-content\/uploads\/2024\/12\/SCplus_black_US_top.png\" \/>\n\t<meta property=\"og:image:width\" content=\"2500\" \/>\n\t<meta property=\"og:image:height\" content=\"1447\" \/>\n\t<meta property=\"og:image:type\" content=\"image\/png\" \/>\n<meta name=\"twitter:card\" content=\"summary_large_image\" \/>\n<meta name=\"twitter:site\" content=\"@manandmachineco\" \/>\n<meta name=\"twitter:label1\" content=\"Dur\u00e9e de lecture estim\u00e9e\" \/>\n\t<meta name=\"twitter:data1\" content=\"3 minutes\" \/>\n<script type=\"application\/ld+json\" class=\"yoast-schema-graph\">{\"@context\":\"https:\/\/schema.org\",\"@graph\":[{\"@type\":\"WebPage\",\"@id\":\"https:\/\/eu.man-machine.com\/fr\/produit\/slim-cool-plus-noir\/\",\"url\":\"https:\/\/eu.man-machine.com\/fr\/produit\/slim-cool-plus-noir\/\",\"name\":\"Man & Machine Slim Cool Plus Clavier (Noir)\",\"isPartOf\":{\"@id\":\"https:\/\/eu.man-machine.com\/fr\/#website\"},\"primaryImageOfPage\":{\"@id\":\"https:\/\/eu.man-machine.com\/fr\/produit\/slim-cool-plus-noir\/#primaryimage\"},\"image\":{\"@id\":\"https:\/\/eu.man-machine.com\/fr\/produit\/slim-cool-plus-noir\/#primaryimage\"},\"thumbnailUrl\":\"https:\/\/eu.man-machine.com\/wp-content\/uploads\/2024\/12\/SCplus_black_US_top.png\",\"datePublished\":\"2024-12-05T12:08:48+00:00\",\"dateModified\":\"2026-01-09T13:55:35+00:00\",\"description\":\"Le Slim Cool plus noir est un clavier m\u00e9dical avec pav\u00e9 tactile certifi\u00e9 IP68, con\u00e7u pour une utilisation fiable dans les petits espaces.\",\"breadcrumb\":{\"@id\":\"https:\/\/eu.man-machine.com\/fr\/produit\/slim-cool-plus-noir\/#breadcrumb\"},\"inLanguage\":\"fr-FR\",\"potentialAction\":[{\"@type\":\"ReadAction\",\"target\":[\"https:\/\/eu.man-machine.com\/fr\/produit\/slim-cool-plus-noir\/\"]}]},{\"@type\":\"ImageObject\",\"inLanguage\":\"fr-FR\",\"@id\":\"https:\/\/eu.man-machine.com\/fr\/produit\/slim-cool-plus-noir\/#primaryimage\",\"url\":\"https:\/\/eu.man-machine.com\/wp-content\/uploads\/2024\/12\/SCplus_black_US_top.png\",\"contentUrl\":\"https:\/\/eu.man-machine.com\/wp-content\/uploads\/2024\/12\/SCplus_black_US_top.png\",\"width\":2500,\"height\":1447,\"caption\":\"A black Man & Machine Slim Cool Plus silicone laptop style keyboard with US International key layout is seen from the top\"},{\"@type\":\"BreadcrumbList\",\"@id\":\"https:\/\/eu.man-machine.com\/fr\/produit\/slim-cool-plus-noir\/#breadcrumb\",\"itemListElement\":[{\"@type\":\"ListItem\",\"position\":1,\"name\":\"Home\",\"item\":\"https:\/\/eu.man-machine.com\/fr\/\"},{\"@type\":\"ListItem\",\"position\":2,\"name\":\"Catalogue\",\"item\":\"https:\/\/eu.man-machine.com\/fr\/catalogue\/\"},{\"@type\":\"ListItem\",\"position\":3,\"name\":\"Claviers\",\"item\":\"https:\/\/eu.man-machine.com\/fr\/categorie-produit\/claviers\/\"},{\"@type\":\"ListItem\",\"position\":4,\"name\":\"Slim Cool Plus &#8211; noir\"}]},{\"@type\":\"WebSite\",\"@id\":\"https:\/\/eu.man-machine.com\/fr\/#website\",\"url\":\"https:\/\/eu.man-machine.com\/fr\/\",\"name\":\"Man & Machine\",\"description\":\"Claviers \u00e9tanches pour les applications m\u00e9dicales et industrielles\",\"publisher\":{\"@id\":\"https:\/\/eu.man-machine.com\/fr\/#organization\"},\"alternateName\":\"Man and Machine\",\"potentialAction\":[{\"@type\":\"SearchAction\",\"target\":{\"@type\":\"EntryPoint\",\"urlTemplate\":\"https:\/\/eu.man-machine.com\/fr\/?s={search_term_string}\"},\"query-input\":{\"@type\":\"PropertyValueSpecification\",\"valueRequired\":true,\"valueName\":\"search_term_string\"}}],\"inLanguage\":\"fr-FR\"},{\"@type\":\"Organization\",\"@id\":\"https:\/\/eu.man-machine.com\/fr\/#organization\",\"name\":\"Man & Machine\",\"alternateName\":\"Man and Machine\",\"url\":\"https:\/\/eu.man-machine.com\/fr\/\",\"logo\":{\"@type\":\"ImageObject\",\"inLanguage\":\"fr-FR\",\"@id\":\"https:\/\/eu.man-machine.com\/fr\/#\/schema\/logo\/image\/\",\"url\":\"https:\/\/eu.man-machine.com\/wp-content\/uploads\/2024\/11\/man-and-machine-logo-svg.svg\",\"contentUrl\":\"https:\/\/eu.man-machine.com\/wp-content\/uploads\/2024\/11\/man-and-machine-logo-svg.svg\",\"width\":293,\"height\":28,\"caption\":\"Man & Machine\"},\"image\":{\"@id\":\"https:\/\/eu.man-machine.com\/fr\/#\/schema\/logo\/image\/\"},\"sameAs\":[\"https:\/\/www.facebook.com\/ManAndMachine\/\",\"https:\/\/x.com\/manandmachineco\"]}]}<\/script>\n<!-- \/ Yoast SEO plugin. -->","yoast_head_json":{"title":"Man & Machine Slim Cool Plus Clavier (Noir)","description":"Le Slim Cool plus noir est un clavier m\u00e9dical avec pav\u00e9 tactile certifi\u00e9 IP68, con\u00e7u pour une utilisation fiable dans les petits espaces.","robots":{"index":"index","follow":"follow","max-snippet":"max-snippet:-1","max-image-preview":"max-image-preview:large","max-video-preview":"max-video-preview:-1"},"canonical":"https:\/\/eu.man-machine.com\/fr\/produit\/slim-cool-plus-noir\/","og_locale":"fr_FR","og_type":"article","og_title":"Man & Machine Slim Cool Plus Clavier (Noir)","og_description":"Le Slim Cool plus noir est un clavier m\u00e9dical avec pav\u00e9 tactile certifi\u00e9 IP68, con\u00e7u pour une utilisation fiable dans les petits espaces.","og_url":"https:\/\/eu.man-machine.com\/fr\/produit\/slim-cool-plus-noir\/","og_site_name":"Man & Machine","article_publisher":"https:\/\/www.facebook.com\/ManAndMachine\/","article_modified_time":"2026-01-09T13:55:35+00:00","og_image":[{"width":2500,"height":1447,"url":"https:\/\/eu.man-machine.com\/wp-content\/uploads\/2024\/12\/SCplus_black_US_top.png","type":"image\/png"}],"twitter_card":"summary_large_image","twitter_site":"@manandmachineco","twitter_misc":{"Dur\u00e9e de lecture estim\u00e9e":"3 minutes"},"schema":{"@context":"https:\/\/schema.org","@graph":[{"@type":"WebPage","@id":"https:\/\/eu.man-machine.com\/fr\/produit\/slim-cool-plus-noir\/","url":"https:\/\/eu.man-machine.com\/fr\/produit\/slim-cool-plus-noir\/","name":"Man & Machine Slim Cool Plus Clavier (Noir)","isPartOf":{"@id":"https:\/\/eu.man-machine.com\/fr\/#website"},"primaryImageOfPage":{"@id":"https:\/\/eu.man-machine.com\/fr\/produit\/slim-cool-plus-noir\/#primaryimage"},"image":{"@id":"https:\/\/eu.man-machine.com\/fr\/produit\/slim-cool-plus-noir\/#primaryimage"},"thumbnailUrl":"https:\/\/eu.man-machine.com\/wp-content\/uploads\/2024\/12\/SCplus_black_US_top.png","datePublished":"2024-12-05T12:08:48+00:00","dateModified":"2026-01-09T13:55:35+00:00","description":"Le Slim Cool plus noir est un clavier m\u00e9dical avec pav\u00e9 tactile certifi\u00e9 IP68, con\u00e7u pour une utilisation fiable dans les petits espaces.","breadcrumb":{"@id":"https:\/\/eu.man-machine.com\/fr\/produit\/slim-cool-plus-noir\/#breadcrumb"},"inLanguage":"fr-FR","potentialAction":[{"@type":"ReadAction","target":["https:\/\/eu.man-machine.com\/fr\/produit\/slim-cool-plus-noir\/"]}]},{"@type":"ImageObject","inLanguage":"fr-FR","@id":"https:\/\/eu.man-machine.com\/fr\/produit\/slim-cool-plus-noir\/#primaryimage","url":"https:\/\/eu.man-machine.com\/wp-content\/uploads\/2024\/12\/SCplus_black_US_top.png","contentUrl":"https:\/\/eu.man-machine.com\/wp-content\/uploads\/2024\/12\/SCplus_black_US_top.png","width":2500,"height":1447,"caption":"A black Man & Machine Slim Cool Plus silicone laptop style keyboard with US International key layout is seen from the top"},{"@type":"BreadcrumbList","@id":"https:\/\/eu.man-machine.com\/fr\/produit\/slim-cool-plus-noir\/#breadcrumb","itemListElement":[{"@type":"ListItem","position":1,"name":"Home","item":"https:\/\/eu.man-machine.com\/fr\/"},{"@type":"ListItem","position":2,"name":"Catalogue","item":"https:\/\/eu.man-machine.com\/fr\/catalogue\/"},{"@type":"ListItem","position":3,"name":"Claviers","item":"https:\/\/eu.man-machine.com\/fr\/categorie-produit\/claviers\/"},{"@type":"ListItem","position":4,"name":"Slim Cool Plus &#8211; noir"}]},{"@type":"WebSite","@id":"https:\/\/eu.man-machine.com\/fr\/#website","url":"https:\/\/eu.man-machine.com\/fr\/","name":"Man & Machine","description":"Claviers \u00e9tanches pour les applications m\u00e9dicales et industrielles","publisher":{"@id":"https:\/\/eu.man-machine.com\/fr\/#organization"},"alternateName":"Man and Machine","potentialAction":[{"@type":"SearchAction","target":{"@type":"EntryPoint","urlTemplate":"https:\/\/eu.man-machine.com\/fr\/?s={search_term_string}"},"query-input":{"@type":"PropertyValueSpecification","valueRequired":true,"valueName":"search_term_string"}}],"inLanguage":"fr-FR"},{"@type":"Organization","@id":"https:\/\/eu.man-machine.com\/fr\/#organization","name":"Man & Machine","alternateName":"Man and Machine","url":"https:\/\/eu.man-machine.com\/fr\/","logo":{"@type":"ImageObject","inLanguage":"fr-FR","@id":"https:\/\/eu.man-machine.com\/fr\/#\/schema\/logo\/image\/","url":"https:\/\/eu.man-machine.com\/wp-content\/uploads\/2024\/11\/man-and-machine-logo-svg.svg","contentUrl":"https:\/\/eu.man-machine.com\/wp-content\/uploads\/2024\/11\/man-and-machine-logo-svg.svg","width":293,"height":28,"caption":"Man & Machine"},"image":{"@id":"https:\/\/eu.man-machine.com\/fr\/#\/schema\/logo\/image\/"},"sameAs":["https:\/\/www.facebook.com\/ManAndMachine\/","https:\/\/x.com\/manandmachineco"]}]}},"_links":{"self":[{"href":"https:\/\/eu.man-machine.com\/fr\/wp-json\/wp\/v2\/product\/8341","targetHints":{"allow":["GET"]}}],"collection":[{"href":"https:\/\/eu.man-machine.com\/fr\/wp-json\/wp\/v2\/product"}],"about":[{"href":"https:\/\/eu.man-machine.com\/fr\/wp-json\/wp\/v2\/types\/product"}],"wp:featuredmedia":[{"embeddable":true,"href":"https:\/\/eu.man-machine.com\/fr\/wp-json\/wp\/v2\/media\/7138"}],"wp:attachment":[{"href":"https:\/\/eu.man-machine.com\/fr\/wp-json\/wp\/v2\/media?parent=8341"}],"wp:term":[{"taxonomy":"product_brand","embeddable":true,"href":"https:\/\/eu.man-machine.com\/fr\/wp-json\/wp\/v2\/product_brand?post=8341"},{"taxonomy":"product_cat","embeddable":true,"href":"https:\/\/eu.man-machine.com\/fr\/wp-json\/wp\/v2\/product_cat?post=8341"},{"taxonomy":"product_tag","embeddable":true,"href":"https:\/\/eu.man-machine.com\/fr\/wp-json\/wp\/v2\/product_tag?post=8341"}],"curies":[{"name":"wp","href":"https:\/\/api.w.org\/{rel}","templated":true}]}}