{"id":8367,"date":"2024-12-04T13:43:58","date_gmt":"2024-12-04T12:43:58","guid":{"rendered":"https:\/\/eu.man-machine.com\/product\/slim-cool-noir\/"},"modified":"2026-01-09T14:57:29","modified_gmt":"2026-01-09T13:57:29","slug":"slim-cool-noir","status":"publish","type":"product","link":"https:\/\/eu.man-machine.com\/fr\/produit\/slim-cool-noir\/","title":{"rendered":"Slim Cool &#8211; noir"},"content":{"rendered":"<p>Le clavier Slim Cool noir est notre clavier m\u00e9dical hygi\u00e9nique en silicone le plus compact. Il est notamment id\u00e9al pour les espaces confin\u00e9s. Vous pouvez essuyer, nettoyer, rincer, et m\u00eame immerger notre clavier en toute s\u00e9curit\u00e9 dans un d\u00e9sinfectant appropri\u00e9.<\/p>\n<p>Nous construisons notre clavier de qualit\u00e9 avanc\u00e9e dans notre fabrique aux Etats-Unis.<br \/>\nLe clavier est conforme aux directives EMC de la norme <a href=\"https:\/\/eu.man-machine.com\/fr\/en-60601-1-2\/\" target=\"_blank\" rel=\"noopener\">EN 60601-1-2:2015<\/a> et dispose d\u2019un certificat IP68. Son confort de frappe est sup\u00e9rieur \u00e0 la plupart des autres claviers et pla\u00eet aux utilisateurs. Le clavier est aussi verrouillable, permettant de le nettoyer sans devoir le d\u00e9connecter de l\u2019ordinateur.<\/p>\n<p>Le clavier Slim Cool noir n\u2019a pas de pav\u00e9 num\u00e9rique. Les cabinets dentaires pr\u00e9f\u00e8rent notre Slim Cool.<\/p>\n","protected":false},"excerpt":{"rendered":"<p>Le clavier Slim Cool noir est notre clavier m\u00e9dical hygi\u00e9nique en silicone le plus compact. Il est notamment id\u00e9al pour les espaces confin\u00e9s. Vous pouvez essuyer, nettoyer, rincer, et m\u00eame&#8230;<\/p>\n","protected":false},"featured_media":7000,"template":"","meta":{"_acf_changed":false,"_glsr_average":0,"_glsr_ranking":0,"_glsr_reviews":0},"product_brand":[],"product_cat":[677,1084],"product_tag":[],"class_list":{"0":"post-8367","1":"product","2":"type-product","3":"status-publish","4":"has-post-thumbnail","6":"product_cat-claviers","7":"product_cat-claviers-robustes","9":"first","10":"instock","11":"shipping-taxable","12":"product-type-variable"},"acf":[],"yoast_head":"<!-- This site is optimized with the Yoast SEO plugin v26.9 - https:\/\/yoast.com\/product\/yoast-seo-wordpress\/ -->\n<title>Man &amp; Machine Slim Cool Clavier (Noir)<\/title>\n<meta name=\"description\" content=\"Le Slim Cool noir est un clavier m\u00e9dical compact hygi\u00e9nique certifi\u00e9 IP68, sans pav\u00e9 num\u00e9rique, parfait pour les petites surfaces.\" \/>\n<meta name=\"robots\" content=\"index, follow, max-snippet:-1, max-image-preview:large, max-video-preview:-1\" \/>\n<link rel=\"canonical\" href=\"https:\/\/eu.man-machine.com\/fr\/produit\/slim-cool-noir\/\" \/>\n<meta property=\"og:locale\" content=\"fr_FR\" \/>\n<meta property=\"og:type\" content=\"article\" \/>\n<meta property=\"og:title\" content=\"Man &amp; Machine Slim Cool Clavier (Noir)\" \/>\n<meta property=\"og:description\" content=\"Le Slim Cool noir est un clavier m\u00e9dical compact hygi\u00e9nique certifi\u00e9 IP68, sans pav\u00e9 num\u00e9rique, parfait pour les petites surfaces.\" \/>\n<meta property=\"og:url\" content=\"https:\/\/eu.man-machine.com\/fr\/produit\/slim-cool-noir\/\" \/>\n<meta property=\"og:site_name\" content=\"Man &amp; Machine\" \/>\n<meta property=\"article:publisher\" content=\"https:\/\/www.facebook.com\/ManAndMachine\/\" \/>\n<meta property=\"article:modified_time\" content=\"2026-01-09T13:57:29+00:00\" \/>\n<meta property=\"og:image\" content=\"https:\/\/eu.man-machine.com\/wp-content\/uploads\/2024\/12\/SC_black_US_top-1024x469.png\" \/>\n\t<meta property=\"og:image:width\" content=\"1024\" \/>\n\t<meta property=\"og:image:height\" content=\"469\" \/>\n\t<meta property=\"og:image:type\" content=\"image\/png\" \/>\n<meta name=\"twitter:card\" content=\"summary_large_image\" \/>\n<meta name=\"twitter:site\" content=\"@manandmachineco\" \/>\n<meta name=\"twitter:label1\" content=\"Dur\u00e9e de lecture estim\u00e9e\" \/>\n\t<meta name=\"twitter:data1\" content=\"3 minutes\" \/>\n<script type=\"application\/ld+json\" class=\"yoast-schema-graph\">{\"@context\":\"https:\/\/schema.org\",\"@graph\":[{\"@type\":\"WebPage\",\"@id\":\"https:\/\/eu.man-machine.com\/fr\/produit\/slim-cool-noir\/\",\"url\":\"https:\/\/eu.man-machine.com\/fr\/produit\/slim-cool-noir\/\",\"name\":\"Man & Machine Slim Cool Clavier (Noir)\",\"isPartOf\":{\"@id\":\"https:\/\/eu.man-machine.com\/fr\/#website\"},\"primaryImageOfPage\":{\"@id\":\"https:\/\/eu.man-machine.com\/fr\/produit\/slim-cool-noir\/#primaryimage\"},\"image\":{\"@id\":\"https:\/\/eu.man-machine.com\/fr\/produit\/slim-cool-noir\/#primaryimage\"},\"thumbnailUrl\":\"https:\/\/eu.man-machine.com\/wp-content\/uploads\/2024\/12\/SC_black_US_top.png\",\"datePublished\":\"2024-12-04T12:43:58+00:00\",\"dateModified\":\"2026-01-09T13:57:29+00:00\",\"description\":\"Le Slim Cool noir est un clavier m\u00e9dical compact hygi\u00e9nique certifi\u00e9 IP68, sans pav\u00e9 num\u00e9rique, parfait pour les petites surfaces.\",\"breadcrumb\":{\"@id\":\"https:\/\/eu.man-machine.com\/fr\/produit\/slim-cool-noir\/#breadcrumb\"},\"inLanguage\":\"fr-FR\",\"potentialAction\":[{\"@type\":\"ReadAction\",\"target\":[\"https:\/\/eu.man-machine.com\/fr\/produit\/slim-cool-noir\/\"]}]},{\"@type\":\"ImageObject\",\"inLanguage\":\"fr-FR\",\"@id\":\"https:\/\/eu.man-machine.com\/fr\/produit\/slim-cool-noir\/#primaryimage\",\"url\":\"https:\/\/eu.man-machine.com\/wp-content\/uploads\/2024\/12\/SC_black_US_top.png\",\"contentUrl\":\"https:\/\/eu.man-machine.com\/wp-content\/uploads\/2024\/12\/SC_black_US_top.png\",\"width\":4813,\"height\":2206,\"caption\":\"A black Man & Machine Slim Cool compact silicone keyboard with US International layout is seen from the top\"},{\"@type\":\"BreadcrumbList\",\"@id\":\"https:\/\/eu.man-machine.com\/fr\/produit\/slim-cool-noir\/#breadcrumb\",\"itemListElement\":[{\"@type\":\"ListItem\",\"position\":1,\"name\":\"Home\",\"item\":\"https:\/\/eu.man-machine.com\/fr\/\"},{\"@type\":\"ListItem\",\"position\":2,\"name\":\"Catalogue\",\"item\":\"https:\/\/eu.man-machine.com\/fr\/catalogue\/\"},{\"@type\":\"ListItem\",\"position\":3,\"name\":\"Claviers\",\"item\":\"https:\/\/eu.man-machine.com\/fr\/categorie-produit\/claviers\/\"},{\"@type\":\"ListItem\",\"position\":4,\"name\":\"Slim Cool &#8211; noir\"}]},{\"@type\":\"WebSite\",\"@id\":\"https:\/\/eu.man-machine.com\/fr\/#website\",\"url\":\"https:\/\/eu.man-machine.com\/fr\/\",\"name\":\"Man & Machine\",\"description\":\"Claviers \u00e9tanches pour les applications m\u00e9dicales et industrielles\",\"publisher\":{\"@id\":\"https:\/\/eu.man-machine.com\/fr\/#organization\"},\"alternateName\":\"Man and Machine\",\"potentialAction\":[{\"@type\":\"SearchAction\",\"target\":{\"@type\":\"EntryPoint\",\"urlTemplate\":\"https:\/\/eu.man-machine.com\/fr\/?s={search_term_string}\"},\"query-input\":{\"@type\":\"PropertyValueSpecification\",\"valueRequired\":true,\"valueName\":\"search_term_string\"}}],\"inLanguage\":\"fr-FR\"},{\"@type\":\"Organization\",\"@id\":\"https:\/\/eu.man-machine.com\/fr\/#organization\",\"name\":\"Man & Machine\",\"alternateName\":\"Man and Machine\",\"url\":\"https:\/\/eu.man-machine.com\/fr\/\",\"logo\":{\"@type\":\"ImageObject\",\"inLanguage\":\"fr-FR\",\"@id\":\"https:\/\/eu.man-machine.com\/fr\/#\/schema\/logo\/image\/\",\"url\":\"https:\/\/eu.man-machine.com\/wp-content\/uploads\/2024\/11\/man-and-machine-logo-svg.svg\",\"contentUrl\":\"https:\/\/eu.man-machine.com\/wp-content\/uploads\/2024\/11\/man-and-machine-logo-svg.svg\",\"width\":293,\"height\":28,\"caption\":\"Man & Machine\"},\"image\":{\"@id\":\"https:\/\/eu.man-machine.com\/fr\/#\/schema\/logo\/image\/\"},\"sameAs\":[\"https:\/\/www.facebook.com\/ManAndMachine\/\",\"https:\/\/x.com\/manandmachineco\"]}]}<\/script>\n<!-- \/ Yoast SEO plugin. -->","yoast_head_json":{"title":"Man & Machine Slim Cool Clavier (Noir)","description":"Le Slim Cool noir est un clavier m\u00e9dical compact hygi\u00e9nique certifi\u00e9 IP68, sans pav\u00e9 num\u00e9rique, parfait pour les petites surfaces.","robots":{"index":"index","follow":"follow","max-snippet":"max-snippet:-1","max-image-preview":"max-image-preview:large","max-video-preview":"max-video-preview:-1"},"canonical":"https:\/\/eu.man-machine.com\/fr\/produit\/slim-cool-noir\/","og_locale":"fr_FR","og_type":"article","og_title":"Man & Machine Slim Cool Clavier (Noir)","og_description":"Le Slim Cool noir est un clavier m\u00e9dical compact hygi\u00e9nique certifi\u00e9 IP68, sans pav\u00e9 num\u00e9rique, parfait pour les petites surfaces.","og_url":"https:\/\/eu.man-machine.com\/fr\/produit\/slim-cool-noir\/","og_site_name":"Man & Machine","article_publisher":"https:\/\/www.facebook.com\/ManAndMachine\/","article_modified_time":"2026-01-09T13:57:29+00:00","og_image":[{"width":1024,"height":469,"url":"https:\/\/eu.man-machine.com\/wp-content\/uploads\/2024\/12\/SC_black_US_top-1024x469.png","type":"image\/png"}],"twitter_card":"summary_large_image","twitter_site":"@manandmachineco","twitter_misc":{"Dur\u00e9e de lecture estim\u00e9e":"3 minutes"},"schema":{"@context":"https:\/\/schema.org","@graph":[{"@type":"WebPage","@id":"https:\/\/eu.man-machine.com\/fr\/produit\/slim-cool-noir\/","url":"https:\/\/eu.man-machine.com\/fr\/produit\/slim-cool-noir\/","name":"Man & Machine Slim Cool Clavier (Noir)","isPartOf":{"@id":"https:\/\/eu.man-machine.com\/fr\/#website"},"primaryImageOfPage":{"@id":"https:\/\/eu.man-machine.com\/fr\/produit\/slim-cool-noir\/#primaryimage"},"image":{"@id":"https:\/\/eu.man-machine.com\/fr\/produit\/slim-cool-noir\/#primaryimage"},"thumbnailUrl":"https:\/\/eu.man-machine.com\/wp-content\/uploads\/2024\/12\/SC_black_US_top.png","datePublished":"2024-12-04T12:43:58+00:00","dateModified":"2026-01-09T13:57:29+00:00","description":"Le Slim Cool noir est un clavier m\u00e9dical compact hygi\u00e9nique certifi\u00e9 IP68, sans pav\u00e9 num\u00e9rique, parfait pour les petites surfaces.","breadcrumb":{"@id":"https:\/\/eu.man-machine.com\/fr\/produit\/slim-cool-noir\/#breadcrumb"},"inLanguage":"fr-FR","potentialAction":[{"@type":"ReadAction","target":["https:\/\/eu.man-machine.com\/fr\/produit\/slim-cool-noir\/"]}]},{"@type":"ImageObject","inLanguage":"fr-FR","@id":"https:\/\/eu.man-machine.com\/fr\/produit\/slim-cool-noir\/#primaryimage","url":"https:\/\/eu.man-machine.com\/wp-content\/uploads\/2024\/12\/SC_black_US_top.png","contentUrl":"https:\/\/eu.man-machine.com\/wp-content\/uploads\/2024\/12\/SC_black_US_top.png","width":4813,"height":2206,"caption":"A black Man & Machine Slim Cool compact silicone keyboard with US International layout is seen from the top"},{"@type":"BreadcrumbList","@id":"https:\/\/eu.man-machine.com\/fr\/produit\/slim-cool-noir\/#breadcrumb","itemListElement":[{"@type":"ListItem","position":1,"name":"Home","item":"https:\/\/eu.man-machine.com\/fr\/"},{"@type":"ListItem","position":2,"name":"Catalogue","item":"https:\/\/eu.man-machine.com\/fr\/catalogue\/"},{"@type":"ListItem","position":3,"name":"Claviers","item":"https:\/\/eu.man-machine.com\/fr\/categorie-produit\/claviers\/"},{"@type":"ListItem","position":4,"name":"Slim Cool &#8211; noir"}]},{"@type":"WebSite","@id":"https:\/\/eu.man-machine.com\/fr\/#website","url":"https:\/\/eu.man-machine.com\/fr\/","name":"Man & Machine","description":"Claviers \u00e9tanches pour les applications m\u00e9dicales et industrielles","publisher":{"@id":"https:\/\/eu.man-machine.com\/fr\/#organization"},"alternateName":"Man and Machine","potentialAction":[{"@type":"SearchAction","target":{"@type":"EntryPoint","urlTemplate":"https:\/\/eu.man-machine.com\/fr\/?s={search_term_string}"},"query-input":{"@type":"PropertyValueSpecification","valueRequired":true,"valueName":"search_term_string"}}],"inLanguage":"fr-FR"},{"@type":"Organization","@id":"https:\/\/eu.man-machine.com\/fr\/#organization","name":"Man & Machine","alternateName":"Man and Machine","url":"https:\/\/eu.man-machine.com\/fr\/","logo":{"@type":"ImageObject","inLanguage":"fr-FR","@id":"https:\/\/eu.man-machine.com\/fr\/#\/schema\/logo\/image\/","url":"https:\/\/eu.man-machine.com\/wp-content\/uploads\/2024\/11\/man-and-machine-logo-svg.svg","contentUrl":"https:\/\/eu.man-machine.com\/wp-content\/uploads\/2024\/11\/man-and-machine-logo-svg.svg","width":293,"height":28,"caption":"Man & Machine"},"image":{"@id":"https:\/\/eu.man-machine.com\/fr\/#\/schema\/logo\/image\/"},"sameAs":["https:\/\/www.facebook.com\/ManAndMachine\/","https:\/\/x.com\/manandmachineco"]}]}},"_links":{"self":[{"href":"https:\/\/eu.man-machine.com\/fr\/wp-json\/wp\/v2\/product\/8367","targetHints":{"allow":["GET"]}}],"collection":[{"href":"https:\/\/eu.man-machine.com\/fr\/wp-json\/wp\/v2\/product"}],"about":[{"href":"https:\/\/eu.man-machine.com\/fr\/wp-json\/wp\/v2\/types\/product"}],"wp:featuredmedia":[{"embeddable":true,"href":"https:\/\/eu.man-machine.com\/fr\/wp-json\/wp\/v2\/media\/7000"}],"wp:attachment":[{"href":"https:\/\/eu.man-machine.com\/fr\/wp-json\/wp\/v2\/media?parent=8367"}],"wp:term":[{"taxonomy":"product_brand","embeddable":true,"href":"https:\/\/eu.man-machine.com\/fr\/wp-json\/wp\/v2\/product_brand?post=8367"},{"taxonomy":"product_cat","embeddable":true,"href":"https:\/\/eu.man-machine.com\/fr\/wp-json\/wp\/v2\/product_cat?post=8367"},{"taxonomy":"product_tag","embeddable":true,"href":"https:\/\/eu.man-machine.com\/fr\/wp-json\/wp\/v2\/product_tag?post=8367"}],"curies":[{"name":"wp","href":"https:\/\/api.w.org\/{rel}","templated":true}]}}