{"id":8373,"date":"2024-11-27T14:39:24","date_gmt":"2024-11-27T13:39:24","guid":{"rendered":"https:\/\/eu.man-machine.com\/product\/really-cool-touch-noir\/"},"modified":"2026-03-19T10:51:29","modified_gmt":"2026-03-19T09:51:29","slug":"really-cool-touch-noir","status":"publish","type":"product","link":"https:\/\/eu.man-machine.com\/fr\/produit\/really-cool-touch-noir\/","title":{"rendered":"Really Cool Touch &#8211; noir"},"content":{"rendered":"<p>Notre clavier Really Cool Touch noir est un clavier m\u00e9dical complet avec pav\u00e9 tactile, con\u00e7u en silicone et enti\u00e8rement scell\u00e9. Il peut \u00eatre essuy\u00e9, nettoy\u00e9, rinc\u00e9, voire immerg\u00e9 en toute s\u00e9curit\u00e9 dans un d\u00e9sinfectant adapt\u00e9.<\/p>\n<p>Le Really Cool Touch noir est le choix id\u00e9al pour les blocs op\u00e9ratoires et les unit\u00e9s de soins intensifs, o\u00f9 l&rsquo;hygi\u00e8ne et la fiabilit\u00e9 sont essentielles.<\/p>\n<p>Nous fabriquons ce produit de haute qualit\u00e9 aux \u00c9tats-Unis. Il est conforme aux directives CEM selon la norme <a href=\"https:\/\/eu.man-machine.com\/fr\/en-60601-1-2\/\" target=\"_blank\" rel=\"noopener\">EN 60601-1-2:2015<\/a> et certifi\u00e9 IP68. Gr\u00e2ce \u00e0 sa frappe l\u00e9g\u00e8re et au relief bien d\u00e9fini des touches, ce clavier est tr\u00e8s convivial. Lors du nettoyage, vous pouvez le verrouiller pour \u00e9viter toute frappe accidentelle ou perte de donn\u00e9es. Le clavier Really Cool Touch est \u00e9quip\u00e9 d\u2019un pav\u00e9 num\u00e9rique et d\u2019un pav\u00e9 tactile int\u00e9gr\u00e9, ce qui \u00e9limine le besoin d\u2019une souris s\u00e9par\u00e9e.<\/p>\n","protected":false},"excerpt":{"rendered":"<p>Notre clavier Really Cool Touch noir est un clavier m\u00e9dical complet avec pav\u00e9 tactile, con\u00e7u en silicone et enti\u00e8rement scell\u00e9. Il peut \u00eatre essuy\u00e9, nettoy\u00e9, rinc\u00e9, voire immerg\u00e9 en toute&#8230;<\/p>\n","protected":false},"featured_media":8131,"template":"","meta":{"_acf_changed":false,"_glsr_average":0,"_glsr_ranking":0,"_glsr_reviews":0},"product_brand":[],"product_cat":[677,1084],"product_tag":[],"class_list":{"0":"post-8373","1":"product","2":"type-product","3":"status-publish","4":"has-post-thumbnail","6":"product_cat-claviers","7":"product_cat-claviers-robustes","9":"first","10":"instock","11":"shipping-taxable","12":"product-type-variable"},"acf":[],"yoast_head":"<!-- This site is optimized with the Yoast SEO plugin v26.9 - https:\/\/yoast.com\/product\/yoast-seo-wordpress\/ -->\n<title>Man &amp; Machine Really Cool Touch Clavier (Noir)<\/title>\n<meta name=\"description\" content=\"Le Really Cool Touch noir est un clavier m\u00e9dical complet IP68 avec pav\u00e9 tactile, enti\u00e8rement d\u00e9sinfectable, id\u00e9al pour les unit\u00e9s de soins intensifs.\" \/>\n<meta name=\"robots\" content=\"index, follow, max-snippet:-1, max-image-preview:large, max-video-preview:-1\" \/>\n<link rel=\"canonical\" href=\"https:\/\/eu.man-machine.com\/fr\/produit\/really-cool-touch-noir\/\" \/>\n<meta property=\"og:locale\" content=\"fr_FR\" \/>\n<meta property=\"og:type\" content=\"article\" \/>\n<meta property=\"og:title\" content=\"Man &amp; Machine Really Cool Touch Clavier (Noir)\" \/>\n<meta property=\"og:description\" content=\"Le Really Cool Touch noir est un clavier m\u00e9dical complet IP68 avec pav\u00e9 tactile, enti\u00e8rement d\u00e9sinfectable, id\u00e9al pour les unit\u00e9s de soins intensifs.\" \/>\n<meta property=\"og:url\" content=\"https:\/\/eu.man-machine.com\/fr\/produit\/really-cool-touch-noir\/\" \/>\n<meta property=\"og:site_name\" content=\"Man &amp; Machine\" \/>\n<meta property=\"article:publisher\" content=\"https:\/\/www.facebook.com\/ManAndMachine\/\" \/>\n<meta property=\"article:modified_time\" content=\"2026-03-19T09:51:29+00:00\" \/>\n<meta property=\"og:image\" content=\"https:\/\/eu.man-machine.com\/wp-content\/uploads\/2024\/11\/RCT_black_US_top-1-scaled.png\" \/>\n\t<meta property=\"og:image:width\" content=\"2500\" \/>\n\t<meta property=\"og:image:height\" content=\"1146\" \/>\n\t<meta property=\"og:image:type\" content=\"image\/png\" \/>\n<meta name=\"twitter:card\" content=\"summary_large_image\" \/>\n<meta name=\"twitter:site\" content=\"@manandmachineco\" \/>\n<meta name=\"twitter:label1\" content=\"Dur\u00e9e de lecture estim\u00e9e\" \/>\n\t<meta name=\"twitter:data1\" content=\"3 minutes\" \/>\n<script type=\"application\/ld+json\" class=\"yoast-schema-graph\">{\"@context\":\"https:\/\/schema.org\",\"@graph\":[{\"@type\":\"WebPage\",\"@id\":\"https:\/\/eu.man-machine.com\/fr\/produit\/really-cool-touch-noir\/\",\"url\":\"https:\/\/eu.man-machine.com\/fr\/produit\/really-cool-touch-noir\/\",\"name\":\"Man & Machine Really Cool Touch Clavier (Noir)\",\"isPartOf\":{\"@id\":\"https:\/\/eu.man-machine.com\/fr\/#website\"},\"primaryImageOfPage\":{\"@id\":\"https:\/\/eu.man-machine.com\/fr\/produit\/really-cool-touch-noir\/#primaryimage\"},\"image\":{\"@id\":\"https:\/\/eu.man-machine.com\/fr\/produit\/really-cool-touch-noir\/#primaryimage\"},\"thumbnailUrl\":\"https:\/\/eu.man-machine.com\/wp-content\/uploads\/2024\/11\/RCT_black_US_top-1-scaled.png\",\"datePublished\":\"2024-11-27T13:39:24+00:00\",\"dateModified\":\"2026-03-19T09:51:29+00:00\",\"description\":\"Le Really Cool Touch noir est un clavier m\u00e9dical complet IP68 avec pav\u00e9 tactile, enti\u00e8rement d\u00e9sinfectable, id\u00e9al pour les unit\u00e9s de soins intensifs.\",\"breadcrumb\":{\"@id\":\"https:\/\/eu.man-machine.com\/fr\/produit\/really-cool-touch-noir\/#breadcrumb\"},\"inLanguage\":\"fr-FR\",\"potentialAction\":[{\"@type\":\"ReadAction\",\"target\":[\"https:\/\/eu.man-machine.com\/fr\/produit\/really-cool-touch-noir\/\"]}]},{\"@type\":\"ImageObject\",\"inLanguage\":\"fr-FR\",\"@id\":\"https:\/\/eu.man-machine.com\/fr\/produit\/really-cool-touch-noir\/#primaryimage\",\"url\":\"https:\/\/eu.man-machine.com\/wp-content\/uploads\/2024\/11\/RCT_black_US_top-1-scaled.png\",\"contentUrl\":\"https:\/\/eu.man-machine.com\/wp-content\/uploads\/2024\/11\/RCT_black_US_top-1-scaled.png\",\"width\":2500,\"height\":1146,\"caption\":\"A black Man & Machine Really Cool Touch keyboard with integrated touchpad and US layout is seen from the top\"},{\"@type\":\"BreadcrumbList\",\"@id\":\"https:\/\/eu.man-machine.com\/fr\/produit\/really-cool-touch-noir\/#breadcrumb\",\"itemListElement\":[{\"@type\":\"ListItem\",\"position\":1,\"name\":\"Home\",\"item\":\"https:\/\/eu.man-machine.com\/fr\/\"},{\"@type\":\"ListItem\",\"position\":2,\"name\":\"Catalogue\",\"item\":\"https:\/\/eu.man-machine.com\/fr\/catalogue\/\"},{\"@type\":\"ListItem\",\"position\":3,\"name\":\"Claviers\",\"item\":\"https:\/\/eu.man-machine.com\/fr\/categorie-produit\/claviers\/\"},{\"@type\":\"ListItem\",\"position\":4,\"name\":\"Claviers robustes\",\"item\":\"https:\/\/eu.man-machine.com\/fr\/categorie-produit\/claviers\/claviers-robustes\/\"},{\"@type\":\"ListItem\",\"position\":5,\"name\":\"Really Cool Touch &#8211; noir\"}]},{\"@type\":\"WebSite\",\"@id\":\"https:\/\/eu.man-machine.com\/fr\/#website\",\"url\":\"https:\/\/eu.man-machine.com\/fr\/\",\"name\":\"Man & Machine\",\"description\":\"Claviers \u00e9tanches pour les applications m\u00e9dicales et industrielles\",\"publisher\":{\"@id\":\"https:\/\/eu.man-machine.com\/fr\/#organization\"},\"alternateName\":\"Man and Machine\",\"potentialAction\":[{\"@type\":\"SearchAction\",\"target\":{\"@type\":\"EntryPoint\",\"urlTemplate\":\"https:\/\/eu.man-machine.com\/fr\/?s={search_term_string}\"},\"query-input\":{\"@type\":\"PropertyValueSpecification\",\"valueRequired\":true,\"valueName\":\"search_term_string\"}}],\"inLanguage\":\"fr-FR\"},{\"@type\":\"Organization\",\"@id\":\"https:\/\/eu.man-machine.com\/fr\/#organization\",\"name\":\"Man & Machine\",\"alternateName\":\"Man and Machine\",\"url\":\"https:\/\/eu.man-machine.com\/fr\/\",\"logo\":{\"@type\":\"ImageObject\",\"inLanguage\":\"fr-FR\",\"@id\":\"https:\/\/eu.man-machine.com\/fr\/#\/schema\/logo\/image\/\",\"url\":\"https:\/\/eu.man-machine.com\/wp-content\/uploads\/2024\/11\/man-and-machine-logo-svg.svg\",\"contentUrl\":\"https:\/\/eu.man-machine.com\/wp-content\/uploads\/2024\/11\/man-and-machine-logo-svg.svg\",\"width\":293,\"height\":28,\"caption\":\"Man & Machine\"},\"image\":{\"@id\":\"https:\/\/eu.man-machine.com\/fr\/#\/schema\/logo\/image\/\"},\"sameAs\":[\"https:\/\/www.facebook.com\/ManAndMachine\/\",\"https:\/\/x.com\/manandmachineco\"]}]}<\/script>\n<!-- \/ Yoast SEO plugin. -->","yoast_head_json":{"title":"Man & Machine Really Cool Touch Clavier (Noir)","description":"Le Really Cool Touch noir est un clavier m\u00e9dical complet IP68 avec pav\u00e9 tactile, enti\u00e8rement d\u00e9sinfectable, id\u00e9al pour les unit\u00e9s de soins intensifs.","robots":{"index":"index","follow":"follow","max-snippet":"max-snippet:-1","max-image-preview":"max-image-preview:large","max-video-preview":"max-video-preview:-1"},"canonical":"https:\/\/eu.man-machine.com\/fr\/produit\/really-cool-touch-noir\/","og_locale":"fr_FR","og_type":"article","og_title":"Man & Machine Really Cool Touch Clavier (Noir)","og_description":"Le Really Cool Touch noir est un clavier m\u00e9dical complet IP68 avec pav\u00e9 tactile, enti\u00e8rement d\u00e9sinfectable, id\u00e9al pour les unit\u00e9s de soins intensifs.","og_url":"https:\/\/eu.man-machine.com\/fr\/produit\/really-cool-touch-noir\/","og_site_name":"Man & Machine","article_publisher":"https:\/\/www.facebook.com\/ManAndMachine\/","article_modified_time":"2026-03-19T09:51:29+00:00","og_image":[{"width":2500,"height":1146,"url":"https:\/\/eu.man-machine.com\/wp-content\/uploads\/2024\/11\/RCT_black_US_top-1-scaled.png","type":"image\/png"}],"twitter_card":"summary_large_image","twitter_site":"@manandmachineco","twitter_misc":{"Dur\u00e9e de lecture estim\u00e9e":"3 minutes"},"schema":{"@context":"https:\/\/schema.org","@graph":[{"@type":"WebPage","@id":"https:\/\/eu.man-machine.com\/fr\/produit\/really-cool-touch-noir\/","url":"https:\/\/eu.man-machine.com\/fr\/produit\/really-cool-touch-noir\/","name":"Man & Machine Really Cool Touch Clavier (Noir)","isPartOf":{"@id":"https:\/\/eu.man-machine.com\/fr\/#website"},"primaryImageOfPage":{"@id":"https:\/\/eu.man-machine.com\/fr\/produit\/really-cool-touch-noir\/#primaryimage"},"image":{"@id":"https:\/\/eu.man-machine.com\/fr\/produit\/really-cool-touch-noir\/#primaryimage"},"thumbnailUrl":"https:\/\/eu.man-machine.com\/wp-content\/uploads\/2024\/11\/RCT_black_US_top-1-scaled.png","datePublished":"2024-11-27T13:39:24+00:00","dateModified":"2026-03-19T09:51:29+00:00","description":"Le Really Cool Touch noir est un clavier m\u00e9dical complet IP68 avec pav\u00e9 tactile, enti\u00e8rement d\u00e9sinfectable, id\u00e9al pour les unit\u00e9s de soins intensifs.","breadcrumb":{"@id":"https:\/\/eu.man-machine.com\/fr\/produit\/really-cool-touch-noir\/#breadcrumb"},"inLanguage":"fr-FR","potentialAction":[{"@type":"ReadAction","target":["https:\/\/eu.man-machine.com\/fr\/produit\/really-cool-touch-noir\/"]}]},{"@type":"ImageObject","inLanguage":"fr-FR","@id":"https:\/\/eu.man-machine.com\/fr\/produit\/really-cool-touch-noir\/#primaryimage","url":"https:\/\/eu.man-machine.com\/wp-content\/uploads\/2024\/11\/RCT_black_US_top-1-scaled.png","contentUrl":"https:\/\/eu.man-machine.com\/wp-content\/uploads\/2024\/11\/RCT_black_US_top-1-scaled.png","width":2500,"height":1146,"caption":"A black Man & Machine Really Cool Touch keyboard with integrated touchpad and US layout is seen from the top"},{"@type":"BreadcrumbList","@id":"https:\/\/eu.man-machine.com\/fr\/produit\/really-cool-touch-noir\/#breadcrumb","itemListElement":[{"@type":"ListItem","position":1,"name":"Home","item":"https:\/\/eu.man-machine.com\/fr\/"},{"@type":"ListItem","position":2,"name":"Catalogue","item":"https:\/\/eu.man-machine.com\/fr\/catalogue\/"},{"@type":"ListItem","position":3,"name":"Claviers","item":"https:\/\/eu.man-machine.com\/fr\/categorie-produit\/claviers\/"},{"@type":"ListItem","position":4,"name":"Claviers robustes","item":"https:\/\/eu.man-machine.com\/fr\/categorie-produit\/claviers\/claviers-robustes\/"},{"@type":"ListItem","position":5,"name":"Really Cool Touch &#8211; noir"}]},{"@type":"WebSite","@id":"https:\/\/eu.man-machine.com\/fr\/#website","url":"https:\/\/eu.man-machine.com\/fr\/","name":"Man & Machine","description":"Claviers \u00e9tanches pour les applications m\u00e9dicales et industrielles","publisher":{"@id":"https:\/\/eu.man-machine.com\/fr\/#organization"},"alternateName":"Man and Machine","potentialAction":[{"@type":"SearchAction","target":{"@type":"EntryPoint","urlTemplate":"https:\/\/eu.man-machine.com\/fr\/?s={search_term_string}"},"query-input":{"@type":"PropertyValueSpecification","valueRequired":true,"valueName":"search_term_string"}}],"inLanguage":"fr-FR"},{"@type":"Organization","@id":"https:\/\/eu.man-machine.com\/fr\/#organization","name":"Man & Machine","alternateName":"Man and Machine","url":"https:\/\/eu.man-machine.com\/fr\/","logo":{"@type":"ImageObject","inLanguage":"fr-FR","@id":"https:\/\/eu.man-machine.com\/fr\/#\/schema\/logo\/image\/","url":"https:\/\/eu.man-machine.com\/wp-content\/uploads\/2024\/11\/man-and-machine-logo-svg.svg","contentUrl":"https:\/\/eu.man-machine.com\/wp-content\/uploads\/2024\/11\/man-and-machine-logo-svg.svg","width":293,"height":28,"caption":"Man & Machine"},"image":{"@id":"https:\/\/eu.man-machine.com\/fr\/#\/schema\/logo\/image\/"},"sameAs":["https:\/\/www.facebook.com\/ManAndMachine\/","https:\/\/x.com\/manandmachineco"]}]}},"_links":{"self":[{"href":"https:\/\/eu.man-machine.com\/fr\/wp-json\/wp\/v2\/product\/8373","targetHints":{"allow":["GET"]}}],"collection":[{"href":"https:\/\/eu.man-machine.com\/fr\/wp-json\/wp\/v2\/product"}],"about":[{"href":"https:\/\/eu.man-machine.com\/fr\/wp-json\/wp\/v2\/types\/product"}],"wp:featuredmedia":[{"embeddable":true,"href":"https:\/\/eu.man-machine.com\/fr\/wp-json\/wp\/v2\/media\/8131"}],"wp:attachment":[{"href":"https:\/\/eu.man-machine.com\/fr\/wp-json\/wp\/v2\/media?parent=8373"}],"wp:term":[{"taxonomy":"product_brand","embeddable":true,"href":"https:\/\/eu.man-machine.com\/fr\/wp-json\/wp\/v2\/product_brand?post=8373"},{"taxonomy":"product_cat","embeddable":true,"href":"https:\/\/eu.man-machine.com\/fr\/wp-json\/wp\/v2\/product_cat?post=8373"},{"taxonomy":"product_tag","embeddable":true,"href":"https:\/\/eu.man-machine.com\/fr\/wp-json\/wp\/v2\/product_tag?post=8373"}],"curies":[{"name":"wp","href":"https:\/\/api.w.org\/{rel}","templated":true}]}}