{"id":8385,"date":"2024-11-22T13:43:06","date_gmt":"2024-11-22T12:43:06","guid":{"rendered":"https:\/\/eu.man-machine.com\/product\/really-cool-blanc\/"},"modified":"2026-03-19T14:46:02","modified_gmt":"2026-03-19T13:46:02","slug":"really-cool-blanc","status":"publish","type":"product","link":"https:\/\/eu.man-machine.com\/fr\/produit\/really-cool-blanc\/","title":{"rendered":"Really Cool &#8211; blanc"},"content":{"rendered":"<p>Notre clavier Really Cool est un clavier m\u00e9dical blanc fait en silicone, \u00e9quip\u00e9 d\u2019un pav\u00e9 num\u00e9rique et ferm\u00e9 herm\u00e9tiquement. Vous pouvez essuyer, nettoyer, rincer ou m\u00eame immerger notre clavier en toute s\u00e9curit\u00e9 dans un d\u00e9sinfectant appropri\u00e9.<\/p>\n<p>Le Really Cool noir est le choix id\u00e9al pour les blocs op\u00e9ratoires et les unit\u00e9s de soins intensifs, o\u00f9 l&rsquo;hygi\u00e8ne et la fiabilit\u00e9 sont essentielles.<\/p>\n<p>Nous construisons notre clavier de qualit\u00e9 avanc\u00e9e dans notre fabrique aux Etats-Unis.<br \/>\nLe clavier Really Cool est conforme aux directives EMC de la norme <a href=\"https:\/\/eu.man-machine.com\/fr\/en-60601-1-2\/\" target=\"_blank\" rel=\"noopener\">EN 60601-1-2:2015<\/a> et dispose d\u2019un certificat IP68. Son confort de frappe est sup\u00e9rieur \u00e0 la plupart des autres claviers et pla\u00eet aux utilisateurs. Le clavier est aussi verrouillable, permettant de le nettoyer sans devoir le d\u00e9connecter de l\u2019ordinateur. Le clavier Really Cool est \u00e9quip\u00e9 d\u2019un pav\u00e9 num\u00e9rique.<\/p>\n","protected":false},"excerpt":{"rendered":"<p>Notre clavier Really Cool est un clavier m\u00e9dical blanc fait en silicone, \u00e9quip\u00e9 d\u2019un pav\u00e9 num\u00e9rique et ferm\u00e9 herm\u00e9tiquement. Vous pouvez essuyer, nettoyer, rincer ou m\u00eame immerger notre clavier en&#8230;<\/p>\n","protected":false},"featured_media":6571,"template":"","meta":{"_acf_changed":false,"_glsr_average":0,"_glsr_ranking":0,"_glsr_reviews":0},"product_brand":[],"product_cat":[677,1057,1058,1059,1076,1086,1060,1063],"product_tag":[],"class_list":{"0":"post-8385","1":"product","2":"type-product","3":"status-publish","4":"has-post-thumbnail","6":"product_cat-claviers","7":"product_cat-claviers-medicaux","8":"product_cat-claviers-etanches","9":"product_cat-claviers-lavables","10":"product_cat-claviers-antibacteriens","11":"product_cat-claviers-antimicrobiens","12":"product_cat-claviers-pour-hopitaux","13":"product_cat-claviers-pour-laboratoires","15":"first","16":"instock","17":"shipping-taxable","18":"product-type-variable","19":"has-default-attributes"},"acf":[],"yoast_head":"<!-- This site is optimized with the Yoast SEO plugin v26.9 - https:\/\/yoast.com\/product\/yoast-seo-wordpress\/ -->\n<title>Man &amp; Machine Really Cool Clavier (Blanc)<\/title>\n<meta name=\"description\" content=\"Clavier m\u00e9dical blanc enti\u00e8rement scell\u00e9 avec pav\u00e9 num\u00e9rique, d\u00e9sinfectable et parfait pour les environnements cliniques exigeants.\" \/>\n<meta name=\"robots\" content=\"index, follow, max-snippet:-1, max-image-preview:large, max-video-preview:-1\" \/>\n<link rel=\"canonical\" href=\"https:\/\/eu.man-machine.com\/fr\/produit\/really-cool-blanc\/\" \/>\n<meta property=\"og:locale\" content=\"fr_FR\" \/>\n<meta property=\"og:type\" content=\"article\" \/>\n<meta property=\"og:title\" content=\"Man &amp; Machine Really Cool Clavier (Blanc)\" \/>\n<meta property=\"og:description\" content=\"Clavier m\u00e9dical blanc enti\u00e8rement scell\u00e9 avec pav\u00e9 num\u00e9rique, d\u00e9sinfectable et parfait pour les environnements cliniques exigeants.\" \/>\n<meta property=\"og:url\" content=\"https:\/\/eu.man-machine.com\/fr\/produit\/really-cool-blanc\/\" \/>\n<meta property=\"og:site_name\" content=\"Man &amp; Machine\" \/>\n<meta property=\"article:publisher\" content=\"https:\/\/www.facebook.com\/ManAndMachine\/\" \/>\n<meta property=\"article:modified_time\" content=\"2026-03-19T13:46:02+00:00\" \/>\n<meta property=\"og:image\" content=\"https:\/\/eu.man-machine.com\/wp-content\/uploads\/2024\/11\/RC_white_US_top.png\" \/>\n\t<meta property=\"og:image:width\" content=\"2592\" \/>\n\t<meta property=\"og:image:height\" content=\"1188\" \/>\n\t<meta property=\"og:image:type\" content=\"image\/png\" \/>\n<meta name=\"twitter:card\" content=\"summary_large_image\" \/>\n<meta name=\"twitter:site\" content=\"@manandmachineco\" \/>\n<meta name=\"twitter:label1\" content=\"Dur\u00e9e de lecture estim\u00e9e\" \/>\n\t<meta name=\"twitter:data1\" content=\"3 minutes\" \/>\n<script type=\"application\/ld+json\" class=\"yoast-schema-graph\">{\"@context\":\"https:\/\/schema.org\",\"@graph\":[{\"@type\":\"WebPage\",\"@id\":\"https:\/\/eu.man-machine.com\/fr\/produit\/really-cool-blanc\/\",\"url\":\"https:\/\/eu.man-machine.com\/fr\/produit\/really-cool-blanc\/\",\"name\":\"Man & Machine Really Cool Clavier (Blanc)\",\"isPartOf\":{\"@id\":\"https:\/\/eu.man-machine.com\/fr\/#website\"},\"primaryImageOfPage\":{\"@id\":\"https:\/\/eu.man-machine.com\/fr\/produit\/really-cool-blanc\/#primaryimage\"},\"image\":{\"@id\":\"https:\/\/eu.man-machine.com\/fr\/produit\/really-cool-blanc\/#primaryimage\"},\"thumbnailUrl\":\"https:\/\/eu.man-machine.com\/wp-content\/uploads\/2024\/11\/RC_white_US_top.png\",\"datePublished\":\"2024-11-22T12:43:06+00:00\",\"dateModified\":\"2026-03-19T13:46:02+00:00\",\"description\":\"Clavier m\u00e9dical blanc enti\u00e8rement scell\u00e9 avec pav\u00e9 num\u00e9rique, d\u00e9sinfectable et parfait pour les environnements cliniques exigeants.\",\"breadcrumb\":{\"@id\":\"https:\/\/eu.man-machine.com\/fr\/produit\/really-cool-blanc\/#breadcrumb\"},\"inLanguage\":\"fr-FR\",\"potentialAction\":[{\"@type\":\"ReadAction\",\"target\":[\"https:\/\/eu.man-machine.com\/fr\/produit\/really-cool-blanc\/\"]}]},{\"@type\":\"ImageObject\",\"inLanguage\":\"fr-FR\",\"@id\":\"https:\/\/eu.man-machine.com\/fr\/produit\/really-cool-blanc\/#primaryimage\",\"url\":\"https:\/\/eu.man-machine.com\/wp-content\/uploads\/2024\/11\/RC_white_US_top.png\",\"contentUrl\":\"https:\/\/eu.man-machine.com\/wp-content\/uploads\/2024\/11\/RC_white_US_top.png\",\"width\":2592,\"height\":1188,\"caption\":\"Fully sealed waterproof Really Cool keyboard in hygienic white by Man & Machine\"},{\"@type\":\"BreadcrumbList\",\"@id\":\"https:\/\/eu.man-machine.com\/fr\/produit\/really-cool-blanc\/#breadcrumb\",\"itemListElement\":[{\"@type\":\"ListItem\",\"position\":1,\"name\":\"Home\",\"item\":\"https:\/\/eu.man-machine.com\/fr\/\"},{\"@type\":\"ListItem\",\"position\":2,\"name\":\"Catalogue\",\"item\":\"https:\/\/eu.man-machine.com\/fr\/catalogue\/\"},{\"@type\":\"ListItem\",\"position\":3,\"name\":\"Claviers\",\"item\":\"https:\/\/eu.man-machine.com\/fr\/categorie-produit\/claviers\/\"},{\"@type\":\"ListItem\",\"position\":4,\"name\":\"Really Cool &#8211; blanc\"}]},{\"@type\":\"WebSite\",\"@id\":\"https:\/\/eu.man-machine.com\/fr\/#website\",\"url\":\"https:\/\/eu.man-machine.com\/fr\/\",\"name\":\"Man & Machine\",\"description\":\"Claviers \u00e9tanches pour les applications m\u00e9dicales et industrielles\",\"publisher\":{\"@id\":\"https:\/\/eu.man-machine.com\/fr\/#organization\"},\"alternateName\":\"Man and Machine\",\"potentialAction\":[{\"@type\":\"SearchAction\",\"target\":{\"@type\":\"EntryPoint\",\"urlTemplate\":\"https:\/\/eu.man-machine.com\/fr\/?s={search_term_string}\"},\"query-input\":{\"@type\":\"PropertyValueSpecification\",\"valueRequired\":true,\"valueName\":\"search_term_string\"}}],\"inLanguage\":\"fr-FR\"},{\"@type\":\"Organization\",\"@id\":\"https:\/\/eu.man-machine.com\/fr\/#organization\",\"name\":\"Man & Machine\",\"alternateName\":\"Man and Machine\",\"url\":\"https:\/\/eu.man-machine.com\/fr\/\",\"logo\":{\"@type\":\"ImageObject\",\"inLanguage\":\"fr-FR\",\"@id\":\"https:\/\/eu.man-machine.com\/fr\/#\/schema\/logo\/image\/\",\"url\":\"https:\/\/eu.man-machine.com\/wp-content\/uploads\/2024\/11\/man-and-machine-logo-svg.svg\",\"contentUrl\":\"https:\/\/eu.man-machine.com\/wp-content\/uploads\/2024\/11\/man-and-machine-logo-svg.svg\",\"width\":293,\"height\":28,\"caption\":\"Man & Machine\"},\"image\":{\"@id\":\"https:\/\/eu.man-machine.com\/fr\/#\/schema\/logo\/image\/\"},\"sameAs\":[\"https:\/\/www.facebook.com\/ManAndMachine\/\",\"https:\/\/x.com\/manandmachineco\"]}]}<\/script>\n<!-- \/ Yoast SEO plugin. -->","yoast_head_json":{"title":"Man & Machine Really Cool Clavier (Blanc)","description":"Clavier m\u00e9dical blanc enti\u00e8rement scell\u00e9 avec pav\u00e9 num\u00e9rique, d\u00e9sinfectable et parfait pour les environnements cliniques exigeants.","robots":{"index":"index","follow":"follow","max-snippet":"max-snippet:-1","max-image-preview":"max-image-preview:large","max-video-preview":"max-video-preview:-1"},"canonical":"https:\/\/eu.man-machine.com\/fr\/produit\/really-cool-blanc\/","og_locale":"fr_FR","og_type":"article","og_title":"Man & Machine Really Cool Clavier (Blanc)","og_description":"Clavier m\u00e9dical blanc enti\u00e8rement scell\u00e9 avec pav\u00e9 num\u00e9rique, d\u00e9sinfectable et parfait pour les environnements cliniques exigeants.","og_url":"https:\/\/eu.man-machine.com\/fr\/produit\/really-cool-blanc\/","og_site_name":"Man & Machine","article_publisher":"https:\/\/www.facebook.com\/ManAndMachine\/","article_modified_time":"2026-03-19T13:46:02+00:00","og_image":[{"width":2592,"height":1188,"url":"https:\/\/eu.man-machine.com\/wp-content\/uploads\/2024\/11\/RC_white_US_top.png","type":"image\/png"}],"twitter_card":"summary_large_image","twitter_site":"@manandmachineco","twitter_misc":{"Dur\u00e9e de lecture estim\u00e9e":"3 minutes"},"schema":{"@context":"https:\/\/schema.org","@graph":[{"@type":"WebPage","@id":"https:\/\/eu.man-machine.com\/fr\/produit\/really-cool-blanc\/","url":"https:\/\/eu.man-machine.com\/fr\/produit\/really-cool-blanc\/","name":"Man & Machine Really Cool Clavier (Blanc)","isPartOf":{"@id":"https:\/\/eu.man-machine.com\/fr\/#website"},"primaryImageOfPage":{"@id":"https:\/\/eu.man-machine.com\/fr\/produit\/really-cool-blanc\/#primaryimage"},"image":{"@id":"https:\/\/eu.man-machine.com\/fr\/produit\/really-cool-blanc\/#primaryimage"},"thumbnailUrl":"https:\/\/eu.man-machine.com\/wp-content\/uploads\/2024\/11\/RC_white_US_top.png","datePublished":"2024-11-22T12:43:06+00:00","dateModified":"2026-03-19T13:46:02+00:00","description":"Clavier m\u00e9dical blanc enti\u00e8rement scell\u00e9 avec pav\u00e9 num\u00e9rique, d\u00e9sinfectable et parfait pour les environnements cliniques exigeants.","breadcrumb":{"@id":"https:\/\/eu.man-machine.com\/fr\/produit\/really-cool-blanc\/#breadcrumb"},"inLanguage":"fr-FR","potentialAction":[{"@type":"ReadAction","target":["https:\/\/eu.man-machine.com\/fr\/produit\/really-cool-blanc\/"]}]},{"@type":"ImageObject","inLanguage":"fr-FR","@id":"https:\/\/eu.man-machine.com\/fr\/produit\/really-cool-blanc\/#primaryimage","url":"https:\/\/eu.man-machine.com\/wp-content\/uploads\/2024\/11\/RC_white_US_top.png","contentUrl":"https:\/\/eu.man-machine.com\/wp-content\/uploads\/2024\/11\/RC_white_US_top.png","width":2592,"height":1188,"caption":"Fully sealed waterproof Really Cool keyboard in hygienic white by Man & Machine"},{"@type":"BreadcrumbList","@id":"https:\/\/eu.man-machine.com\/fr\/produit\/really-cool-blanc\/#breadcrumb","itemListElement":[{"@type":"ListItem","position":1,"name":"Home","item":"https:\/\/eu.man-machine.com\/fr\/"},{"@type":"ListItem","position":2,"name":"Catalogue","item":"https:\/\/eu.man-machine.com\/fr\/catalogue\/"},{"@type":"ListItem","position":3,"name":"Claviers","item":"https:\/\/eu.man-machine.com\/fr\/categorie-produit\/claviers\/"},{"@type":"ListItem","position":4,"name":"Really Cool &#8211; blanc"}]},{"@type":"WebSite","@id":"https:\/\/eu.man-machine.com\/fr\/#website","url":"https:\/\/eu.man-machine.com\/fr\/","name":"Man & Machine","description":"Claviers \u00e9tanches pour les applications m\u00e9dicales et industrielles","publisher":{"@id":"https:\/\/eu.man-machine.com\/fr\/#organization"},"alternateName":"Man and Machine","potentialAction":[{"@type":"SearchAction","target":{"@type":"EntryPoint","urlTemplate":"https:\/\/eu.man-machine.com\/fr\/?s={search_term_string}"},"query-input":{"@type":"PropertyValueSpecification","valueRequired":true,"valueName":"search_term_string"}}],"inLanguage":"fr-FR"},{"@type":"Organization","@id":"https:\/\/eu.man-machine.com\/fr\/#organization","name":"Man & Machine","alternateName":"Man and Machine","url":"https:\/\/eu.man-machine.com\/fr\/","logo":{"@type":"ImageObject","inLanguage":"fr-FR","@id":"https:\/\/eu.man-machine.com\/fr\/#\/schema\/logo\/image\/","url":"https:\/\/eu.man-machine.com\/wp-content\/uploads\/2024\/11\/man-and-machine-logo-svg.svg","contentUrl":"https:\/\/eu.man-machine.com\/wp-content\/uploads\/2024\/11\/man-and-machine-logo-svg.svg","width":293,"height":28,"caption":"Man & Machine"},"image":{"@id":"https:\/\/eu.man-machine.com\/fr\/#\/schema\/logo\/image\/"},"sameAs":["https:\/\/www.facebook.com\/ManAndMachine\/","https:\/\/x.com\/manandmachineco"]}]}},"_links":{"self":[{"href":"https:\/\/eu.man-machine.com\/fr\/wp-json\/wp\/v2\/product\/8385","targetHints":{"allow":["GET"]}}],"collection":[{"href":"https:\/\/eu.man-machine.com\/fr\/wp-json\/wp\/v2\/product"}],"about":[{"href":"https:\/\/eu.man-machine.com\/fr\/wp-json\/wp\/v2\/types\/product"}],"wp:featuredmedia":[{"embeddable":true,"href":"https:\/\/eu.man-machine.com\/fr\/wp-json\/wp\/v2\/media\/6571"}],"wp:attachment":[{"href":"https:\/\/eu.man-machine.com\/fr\/wp-json\/wp\/v2\/media?parent=8385"}],"wp:term":[{"taxonomy":"product_brand","embeddable":true,"href":"https:\/\/eu.man-machine.com\/fr\/wp-json\/wp\/v2\/product_brand?post=8385"},{"taxonomy":"product_cat","embeddable":true,"href":"https:\/\/eu.man-machine.com\/fr\/wp-json\/wp\/v2\/product_cat?post=8385"},{"taxonomy":"product_tag","embeddable":true,"href":"https:\/\/eu.man-machine.com\/fr\/wp-json\/wp\/v2\/product_tag?post=8385"}],"curies":[{"name":"wp","href":"https:\/\/api.w.org\/{rel}","templated":true}]}}