{"id":8393,"date":"2024-11-21T16:31:33","date_gmt":"2024-11-21T15:31:33","guid":{"rendered":"https:\/\/eu.man-machine.com\/product\/its-cool-flat-blanc\/"},"modified":"2026-03-19T14:47:30","modified_gmt":"2026-03-19T13:47:30","slug":"its-cool-flat-blanc","status":"publish","type":"product","link":"https:\/\/eu.man-machine.com\/fr\/produit\/its-cool-flat-blanc\/","title":{"rendered":"Its Cool Flat &#8211; blanc"},"content":{"rendered":"<p>Notre clavier plat Its Cool Flat remplit toutes les conditions pour un clavier m\u00e9dical hygi\u00e9nique, gardant la vitesse et le confort de frappe d\u2019un clavier de bureautique.<\/p>\n<p>La surface lisse permet une d\u00e9sinfection ultrarapide et vous pouvez m\u00eame st\u00e9riliser la housse de protection en autoclave ou thermo-d\u00e9sinfecteur. Le clavier sous la housse est aussi lavable, avec un certificat IP68.<\/p>\n<p>La taille compacte de notre clavier vous permet de le placer dans un tiroir ou dans un chariot.<\/p>\n","protected":false},"excerpt":{"rendered":"<p>Notre clavier plat Its Cool Flat remplit toutes les conditions pour un clavier m\u00e9dical hygi\u00e9nique, gardant la vitesse et le confort de frappe d\u2019un clavier de bureautique. La surface lisse&#8230;<\/p>\n","protected":false},"featured_media":6371,"template":"","meta":{"_acf_changed":false,"_glsr_average":0,"_glsr_ranking":0,"_glsr_reviews":0},"product_brand":[],"product_cat":[677,1057,1059,1076,1086,1060,1061,1062,1063],"product_tag":[],"class_list":{"0":"post-8393","1":"product","2":"type-product","3":"status-publish","4":"has-post-thumbnail","6":"product_cat-claviers","7":"product_cat-claviers-medicaux","8":"product_cat-claviers-lavables","9":"product_cat-claviers-antibacteriens","10":"product_cat-claviers-antimicrobiens","11":"product_cat-claviers-pour-hopitaux","12":"product_cat-claviers-pour-cabinets-dentaires","13":"product_cat-claviers-pour-cabinets-medicaux","14":"product_cat-claviers-pour-laboratoires","16":"first","17":"instock","18":"shipping-taxable","19":"product-type-variable","20":"has-default-attributes"},"acf":[],"yoast_head":"<!-- This site is optimized with the Yoast SEO plugin v26.9 - https:\/\/yoast.com\/product\/yoast-seo-wordpress\/ -->\n<title>Man &amp; Machine Its Cool Flat Clavier (Blanc)<\/title>\n<meta name=\"description\" content=\"Its Cool Flat est un clavier m\u00e9dical plat hygi\u00e9nique IP68, lavable et essuyable, avec housse de protection pour une d\u00e9sinfection rapide.\" \/>\n<meta name=\"robots\" content=\"index, follow, max-snippet:-1, max-image-preview:large, max-video-preview:-1\" \/>\n<link rel=\"canonical\" href=\"https:\/\/eu.man-machine.com\/fr\/produit\/its-cool-flat-blanc\/\" \/>\n<meta property=\"og:locale\" content=\"fr_FR\" \/>\n<meta property=\"og:type\" content=\"article\" \/>\n<meta property=\"og:title\" content=\"Man &amp; Machine Its Cool Flat Clavier (Blanc)\" \/>\n<meta property=\"og:description\" content=\"Its Cool Flat est un clavier m\u00e9dical plat hygi\u00e9nique IP68, lavable et essuyable, avec housse de protection pour une d\u00e9sinfection rapide.\" \/>\n<meta property=\"og:url\" content=\"https:\/\/eu.man-machine.com\/fr\/produit\/its-cool-flat-blanc\/\" \/>\n<meta property=\"og:site_name\" content=\"Man &amp; Machine\" \/>\n<meta property=\"article:publisher\" content=\"https:\/\/www.facebook.com\/ManAndMachine\/\" \/>\n<meta property=\"article:modified_time\" content=\"2026-03-19T13:47:30+00:00\" \/>\n<meta property=\"og:image\" content=\"https:\/\/eu.man-machine.com\/wp-content\/uploads\/2024\/11\/ICF_white-US_front.png\" \/>\n\t<meta property=\"og:image:width\" content=\"2500\" \/>\n\t<meta property=\"og:image:height\" content=\"1013\" \/>\n\t<meta property=\"og:image:type\" content=\"image\/png\" \/>\n<meta name=\"twitter:card\" content=\"summary_large_image\" \/>\n<meta name=\"twitter:site\" content=\"@manandmachineco\" \/>\n<meta name=\"twitter:label1\" content=\"Dur\u00e9e de lecture estim\u00e9e\" \/>\n\t<meta name=\"twitter:data1\" content=\"3 minutes\" \/>\n<script type=\"application\/ld+json\" class=\"yoast-schema-graph\">{\"@context\":\"https:\/\/schema.org\",\"@graph\":[{\"@type\":\"WebPage\",\"@id\":\"https:\/\/eu.man-machine.com\/fr\/produit\/its-cool-flat-blanc\/\",\"url\":\"https:\/\/eu.man-machine.com\/fr\/produit\/its-cool-flat-blanc\/\",\"name\":\"Man & Machine Its Cool Flat Clavier (Blanc)\",\"isPartOf\":{\"@id\":\"https:\/\/eu.man-machine.com\/fr\/#website\"},\"primaryImageOfPage\":{\"@id\":\"https:\/\/eu.man-machine.com\/fr\/produit\/its-cool-flat-blanc\/#primaryimage\"},\"image\":{\"@id\":\"https:\/\/eu.man-machine.com\/fr\/produit\/its-cool-flat-blanc\/#primaryimage\"},\"thumbnailUrl\":\"https:\/\/eu.man-machine.com\/wp-content\/uploads\/2024\/11\/ICF_white-US_front.png\",\"datePublished\":\"2024-11-21T15:31:33+00:00\",\"dateModified\":\"2026-03-19T13:47:30+00:00\",\"description\":\"Its Cool Flat est un clavier m\u00e9dical plat hygi\u00e9nique IP68, lavable et essuyable, avec housse de protection pour une d\u00e9sinfection rapide.\",\"breadcrumb\":{\"@id\":\"https:\/\/eu.man-machine.com\/fr\/produit\/its-cool-flat-blanc\/#breadcrumb\"},\"inLanguage\":\"fr-FR\",\"potentialAction\":[{\"@type\":\"ReadAction\",\"target\":[\"https:\/\/eu.man-machine.com\/fr\/produit\/its-cool-flat-blanc\/\"]}]},{\"@type\":\"ImageObject\",\"inLanguage\":\"fr-FR\",\"@id\":\"https:\/\/eu.man-machine.com\/fr\/produit\/its-cool-flat-blanc\/#primaryimage\",\"url\":\"https:\/\/eu.man-machine.com\/wp-content\/uploads\/2024\/11\/ICF_white-US_front.png\",\"contentUrl\":\"https:\/\/eu.man-machine.com\/wp-content\/uploads\/2024\/11\/ICF_white-US_front.png\",\"width\":2500,\"height\":1013,\"caption\":\"Man & Machine white Its Cool Flat keyboard with easily detachable, reusable and sterilisable fitted drape with US layout \u2013 ideal for medical and industrial environments\"},{\"@type\":\"BreadcrumbList\",\"@id\":\"https:\/\/eu.man-machine.com\/fr\/produit\/its-cool-flat-blanc\/#breadcrumb\",\"itemListElement\":[{\"@type\":\"ListItem\",\"position\":1,\"name\":\"Home\",\"item\":\"https:\/\/eu.man-machine.com\/fr\/\"},{\"@type\":\"ListItem\",\"position\":2,\"name\":\"Catalogue\",\"item\":\"https:\/\/eu.man-machine.com\/fr\/catalogue\/\"},{\"@type\":\"ListItem\",\"position\":3,\"name\":\"Claviers\",\"item\":\"https:\/\/eu.man-machine.com\/fr\/categorie-produit\/claviers\/\"},{\"@type\":\"ListItem\",\"position\":4,\"name\":\"Its Cool Flat &#8211; blanc\"}]},{\"@type\":\"WebSite\",\"@id\":\"https:\/\/eu.man-machine.com\/fr\/#website\",\"url\":\"https:\/\/eu.man-machine.com\/fr\/\",\"name\":\"Man & Machine\",\"description\":\"Claviers \u00e9tanches pour les applications m\u00e9dicales et industrielles\",\"publisher\":{\"@id\":\"https:\/\/eu.man-machine.com\/fr\/#organization\"},\"alternateName\":\"Man and Machine\",\"potentialAction\":[{\"@type\":\"SearchAction\",\"target\":{\"@type\":\"EntryPoint\",\"urlTemplate\":\"https:\/\/eu.man-machine.com\/fr\/?s={search_term_string}\"},\"query-input\":{\"@type\":\"PropertyValueSpecification\",\"valueRequired\":true,\"valueName\":\"search_term_string\"}}],\"inLanguage\":\"fr-FR\"},{\"@type\":\"Organization\",\"@id\":\"https:\/\/eu.man-machine.com\/fr\/#organization\",\"name\":\"Man & Machine\",\"alternateName\":\"Man and Machine\",\"url\":\"https:\/\/eu.man-machine.com\/fr\/\",\"logo\":{\"@type\":\"ImageObject\",\"inLanguage\":\"fr-FR\",\"@id\":\"https:\/\/eu.man-machine.com\/fr\/#\/schema\/logo\/image\/\",\"url\":\"https:\/\/eu.man-machine.com\/wp-content\/uploads\/2024\/11\/man-and-machine-logo-svg.svg\",\"contentUrl\":\"https:\/\/eu.man-machine.com\/wp-content\/uploads\/2024\/11\/man-and-machine-logo-svg.svg\",\"width\":293,\"height\":28,\"caption\":\"Man & Machine\"},\"image\":{\"@id\":\"https:\/\/eu.man-machine.com\/fr\/#\/schema\/logo\/image\/\"},\"sameAs\":[\"https:\/\/www.facebook.com\/ManAndMachine\/\",\"https:\/\/x.com\/manandmachineco\"]}]}<\/script>\n<!-- \/ Yoast SEO plugin. -->","yoast_head_json":{"title":"Man & Machine Its Cool Flat Clavier (Blanc)","description":"Its Cool Flat est un clavier m\u00e9dical plat hygi\u00e9nique IP68, lavable et essuyable, avec housse de protection pour une d\u00e9sinfection rapide.","robots":{"index":"index","follow":"follow","max-snippet":"max-snippet:-1","max-image-preview":"max-image-preview:large","max-video-preview":"max-video-preview:-1"},"canonical":"https:\/\/eu.man-machine.com\/fr\/produit\/its-cool-flat-blanc\/","og_locale":"fr_FR","og_type":"article","og_title":"Man & Machine Its Cool Flat Clavier (Blanc)","og_description":"Its Cool Flat est un clavier m\u00e9dical plat hygi\u00e9nique IP68, lavable et essuyable, avec housse de protection pour une d\u00e9sinfection rapide.","og_url":"https:\/\/eu.man-machine.com\/fr\/produit\/its-cool-flat-blanc\/","og_site_name":"Man & Machine","article_publisher":"https:\/\/www.facebook.com\/ManAndMachine\/","article_modified_time":"2026-03-19T13:47:30+00:00","og_image":[{"width":2500,"height":1013,"url":"https:\/\/eu.man-machine.com\/wp-content\/uploads\/2024\/11\/ICF_white-US_front.png","type":"image\/png"}],"twitter_card":"summary_large_image","twitter_site":"@manandmachineco","twitter_misc":{"Dur\u00e9e de lecture estim\u00e9e":"3 minutes"},"schema":{"@context":"https:\/\/schema.org","@graph":[{"@type":"WebPage","@id":"https:\/\/eu.man-machine.com\/fr\/produit\/its-cool-flat-blanc\/","url":"https:\/\/eu.man-machine.com\/fr\/produit\/its-cool-flat-blanc\/","name":"Man & Machine Its Cool Flat Clavier (Blanc)","isPartOf":{"@id":"https:\/\/eu.man-machine.com\/fr\/#website"},"primaryImageOfPage":{"@id":"https:\/\/eu.man-machine.com\/fr\/produit\/its-cool-flat-blanc\/#primaryimage"},"image":{"@id":"https:\/\/eu.man-machine.com\/fr\/produit\/its-cool-flat-blanc\/#primaryimage"},"thumbnailUrl":"https:\/\/eu.man-machine.com\/wp-content\/uploads\/2024\/11\/ICF_white-US_front.png","datePublished":"2024-11-21T15:31:33+00:00","dateModified":"2026-03-19T13:47:30+00:00","description":"Its Cool Flat est un clavier m\u00e9dical plat hygi\u00e9nique IP68, lavable et essuyable, avec housse de protection pour une d\u00e9sinfection rapide.","breadcrumb":{"@id":"https:\/\/eu.man-machine.com\/fr\/produit\/its-cool-flat-blanc\/#breadcrumb"},"inLanguage":"fr-FR","potentialAction":[{"@type":"ReadAction","target":["https:\/\/eu.man-machine.com\/fr\/produit\/its-cool-flat-blanc\/"]}]},{"@type":"ImageObject","inLanguage":"fr-FR","@id":"https:\/\/eu.man-machine.com\/fr\/produit\/its-cool-flat-blanc\/#primaryimage","url":"https:\/\/eu.man-machine.com\/wp-content\/uploads\/2024\/11\/ICF_white-US_front.png","contentUrl":"https:\/\/eu.man-machine.com\/wp-content\/uploads\/2024\/11\/ICF_white-US_front.png","width":2500,"height":1013,"caption":"Man & Machine white Its Cool Flat keyboard with easily detachable, reusable and sterilisable fitted drape with US layout \u2013 ideal for medical and industrial environments"},{"@type":"BreadcrumbList","@id":"https:\/\/eu.man-machine.com\/fr\/produit\/its-cool-flat-blanc\/#breadcrumb","itemListElement":[{"@type":"ListItem","position":1,"name":"Home","item":"https:\/\/eu.man-machine.com\/fr\/"},{"@type":"ListItem","position":2,"name":"Catalogue","item":"https:\/\/eu.man-machine.com\/fr\/catalogue\/"},{"@type":"ListItem","position":3,"name":"Claviers","item":"https:\/\/eu.man-machine.com\/fr\/categorie-produit\/claviers\/"},{"@type":"ListItem","position":4,"name":"Its Cool Flat &#8211; blanc"}]},{"@type":"WebSite","@id":"https:\/\/eu.man-machine.com\/fr\/#website","url":"https:\/\/eu.man-machine.com\/fr\/","name":"Man & Machine","description":"Claviers \u00e9tanches pour les applications m\u00e9dicales et industrielles","publisher":{"@id":"https:\/\/eu.man-machine.com\/fr\/#organization"},"alternateName":"Man and Machine","potentialAction":[{"@type":"SearchAction","target":{"@type":"EntryPoint","urlTemplate":"https:\/\/eu.man-machine.com\/fr\/?s={search_term_string}"},"query-input":{"@type":"PropertyValueSpecification","valueRequired":true,"valueName":"search_term_string"}}],"inLanguage":"fr-FR"},{"@type":"Organization","@id":"https:\/\/eu.man-machine.com\/fr\/#organization","name":"Man & Machine","alternateName":"Man and Machine","url":"https:\/\/eu.man-machine.com\/fr\/","logo":{"@type":"ImageObject","inLanguage":"fr-FR","@id":"https:\/\/eu.man-machine.com\/fr\/#\/schema\/logo\/image\/","url":"https:\/\/eu.man-machine.com\/wp-content\/uploads\/2024\/11\/man-and-machine-logo-svg.svg","contentUrl":"https:\/\/eu.man-machine.com\/wp-content\/uploads\/2024\/11\/man-and-machine-logo-svg.svg","width":293,"height":28,"caption":"Man & Machine"},"image":{"@id":"https:\/\/eu.man-machine.com\/fr\/#\/schema\/logo\/image\/"},"sameAs":["https:\/\/www.facebook.com\/ManAndMachine\/","https:\/\/x.com\/manandmachineco"]}]}},"_links":{"self":[{"href":"https:\/\/eu.man-machine.com\/fr\/wp-json\/wp\/v2\/product\/8393","targetHints":{"allow":["GET"]}}],"collection":[{"href":"https:\/\/eu.man-machine.com\/fr\/wp-json\/wp\/v2\/product"}],"about":[{"href":"https:\/\/eu.man-machine.com\/fr\/wp-json\/wp\/v2\/types\/product"}],"wp:featuredmedia":[{"embeddable":true,"href":"https:\/\/eu.man-machine.com\/fr\/wp-json\/wp\/v2\/media\/6371"}],"wp:attachment":[{"href":"https:\/\/eu.man-machine.com\/fr\/wp-json\/wp\/v2\/media?parent=8393"}],"wp:term":[{"taxonomy":"product_brand","embeddable":true,"href":"https:\/\/eu.man-machine.com\/fr\/wp-json\/wp\/v2\/product_brand?post=8393"},{"taxonomy":"product_cat","embeddable":true,"href":"https:\/\/eu.man-machine.com\/fr\/wp-json\/wp\/v2\/product_cat?post=8393"},{"taxonomy":"product_tag","embeddable":true,"href":"https:\/\/eu.man-machine.com\/fr\/wp-json\/wp\/v2\/product_tag?post=8393"}],"curies":[{"name":"wp","href":"https:\/\/api.w.org\/{rel}","templated":true}]}}