{"id":8403,"date":"2024-11-20T11:32:18","date_gmt":"2024-11-20T10:32:18","guid":{"rendered":"https:\/\/eu.man-machine.com\/product\/mighty-omouse-noir\/"},"modified":"2026-01-09T14:56:24","modified_gmt":"2026-01-09T13:56:24","slug":"mighty-omouse-noir","status":"publish","type":"product","link":"https:\/\/eu.man-machine.com\/fr\/produit\/mighty-omouse-noir\/","title":{"rendered":"Mighty O\u2019Mouse &#8211; noir"},"content":{"rendered":"<p>L\u2019aspect unique de notre souris Mighty O\u2019Mouse est d\u2019\u00eatre r\u00e9sistante contre les substances telles que l\u2019huile. Dans les endroits o\u00f9 le risque d\u2019exposition aux substances huileuses existe, notre souris est souvent la seule survivante.<\/p>\n<p>La Mighty O\u2019Mouse est \u00e9tanche \u00e0 l\u2019eau et \u00e0 la poussi\u00e8re selon la norme IP68, et est fabriqu\u00e9e avec une technologie avanc\u00e9e dans notre usine aux \u00c9tats-Unis. Cette souris robuste est r\u00e9sistante aux chocs et durable, avec une bonne prise en main qui la rend tr\u00e8s conviviale.<\/p>\n<p>Vous pouvez nettoyer en toute s\u00e9curit\u00e9 cette souris robuste et conviviale avec de l&rsquo;eau et du savon. Veuillez noter que le nettoyage, en raison de l&rsquo;utilisation sp\u00e9cifique de mat\u00e9riaux r\u00e9sistants \u00e0 l&rsquo;huile, ne peut \u00eatre effectu\u00e9 qu&rsquo;avec de l&rsquo;eau et du savon et non avec un d\u00e9sinfectant.<\/p>\n<p>Notre Mighty O&rsquo;Mouse est une souris optique \u00e0 5 boutons hygi\u00e9nique. La molette est remplac\u00e9e par 3 boutons, simulant le clique et le d\u00e9filement offert par la molette.<\/p>\n","protected":false},"excerpt":{"rendered":"<p>L\u2019aspect unique de notre souris Mighty O\u2019Mouse est d\u2019\u00eatre r\u00e9sistante contre les substances telles que l\u2019huile. Dans les endroits o\u00f9 le risque d\u2019exposition aux substances huileuses existe, notre souris est&#8230;<\/p>\n","protected":false},"featured_media":7357,"template":"","meta":{"_acf_changed":false,"_glsr_average":0,"_glsr_ranking":0,"_glsr_reviews":0},"product_brand":[],"product_cat":[680,1089],"product_tag":[],"class_list":{"0":"post-8403","1":"product","2":"type-product","3":"status-publish","4":"has-post-thumbnail","6":"product_cat-souris","7":"product_cat-souris-robustes","9":"first","10":"instock","11":"shipping-taxable","12":"product-type-simple"},"acf":[],"yoast_head":"<!-- This site is optimized with the Yoast SEO plugin v26.9 - https:\/\/yoast.com\/product\/yoast-seo-wordpress\/ -->\n<title>Man &amp; Machine Mighty O\u2019Mouse Souris (Noir)<\/title>\n<meta name=\"description\" content=\"Le Mighty O Mouse est une souris silicone IP68, r\u00e9sistante \u00e0 l\u2019huile, \u00e0 l\u2019eau et \u00e0 la poussi\u00e8re, adapt\u00e9e au milieu industriel.\" \/>\n<meta name=\"robots\" content=\"index, follow, max-snippet:-1, max-image-preview:large, max-video-preview:-1\" \/>\n<link rel=\"canonical\" href=\"https:\/\/eu.man-machine.com\/fr\/produit\/mighty-omouse-noir\/\" \/>\n<meta property=\"og:locale\" content=\"fr_FR\" \/>\n<meta property=\"og:type\" content=\"article\" \/>\n<meta property=\"og:title\" content=\"Man &amp; Machine Mighty O\u2019Mouse Souris (Noir)\" \/>\n<meta property=\"og:description\" content=\"Le Mighty O Mouse est une souris silicone IP68, r\u00e9sistante \u00e0 l\u2019huile, \u00e0 l\u2019eau et \u00e0 la poussi\u00e8re, adapt\u00e9e au milieu industriel.\" \/>\n<meta property=\"og:url\" content=\"https:\/\/eu.man-machine.com\/fr\/produit\/mighty-omouse-noir\/\" \/>\n<meta property=\"og:site_name\" content=\"Man &amp; Machine\" \/>\n<meta property=\"article:publisher\" content=\"https:\/\/www.facebook.com\/ManAndMachine\/\" \/>\n<meta property=\"article:modified_time\" content=\"2026-01-09T13:56:24+00:00\" \/>\n<meta property=\"og:image\" content=\"https:\/\/eu.man-machine.com\/wp-content\/uploads\/2025\/02\/MOM_black_top.png\" \/>\n\t<meta property=\"og:image:width\" content=\"1269\" \/>\n\t<meta property=\"og:image:height\" content=\"1845\" \/>\n\t<meta property=\"og:image:type\" content=\"image\/png\" \/>\n<meta name=\"twitter:card\" content=\"summary_large_image\" \/>\n<meta name=\"twitter:site\" content=\"@manandmachineco\" \/>\n<meta name=\"twitter:label1\" content=\"Dur\u00e9e de lecture estim\u00e9e\" \/>\n\t<meta name=\"twitter:data1\" content=\"3 minutes\" \/>\n<script type=\"application\/ld+json\" class=\"yoast-schema-graph\">{\"@context\":\"https:\/\/schema.org\",\"@graph\":[{\"@type\":\"WebPage\",\"@id\":\"https:\/\/eu.man-machine.com\/fr\/produit\/mighty-omouse-noir\/\",\"url\":\"https:\/\/eu.man-machine.com\/fr\/produit\/mighty-omouse-noir\/\",\"name\":\"Man & Machine Mighty O\u2019Mouse Souris (Noir)\",\"isPartOf\":{\"@id\":\"https:\/\/eu.man-machine.com\/fr\/#website\"},\"primaryImageOfPage\":{\"@id\":\"https:\/\/eu.man-machine.com\/fr\/produit\/mighty-omouse-noir\/#primaryimage\"},\"image\":{\"@id\":\"https:\/\/eu.man-machine.com\/fr\/produit\/mighty-omouse-noir\/#primaryimage\"},\"thumbnailUrl\":\"https:\/\/eu.man-machine.com\/wp-content\/uploads\/2025\/02\/MOM_black_top.png\",\"datePublished\":\"2024-11-20T10:32:18+00:00\",\"dateModified\":\"2026-01-09T13:56:24+00:00\",\"description\":\"Le Mighty O Mouse est une souris silicone IP68, r\u00e9sistante \u00e0 l\u2019huile, \u00e0 l\u2019eau et \u00e0 la poussi\u00e8re, adapt\u00e9e au milieu industriel.\",\"breadcrumb\":{\"@id\":\"https:\/\/eu.man-machine.com\/fr\/produit\/mighty-omouse-noir\/#breadcrumb\"},\"inLanguage\":\"fr-FR\",\"potentialAction\":[{\"@type\":\"ReadAction\",\"target\":[\"https:\/\/eu.man-machine.com\/fr\/produit\/mighty-omouse-noir\/\"]}]},{\"@type\":\"ImageObject\",\"inLanguage\":\"fr-FR\",\"@id\":\"https:\/\/eu.man-machine.com\/fr\/produit\/mighty-omouse-noir\/#primaryimage\",\"url\":\"https:\/\/eu.man-machine.com\/wp-content\/uploads\/2025\/02\/MOM_black_top.png\",\"contentUrl\":\"https:\/\/eu.man-machine.com\/wp-content\/uploads\/2025\/02\/MOM_black_top.png\",\"width\":1269,\"height\":1845},{\"@type\":\"BreadcrumbList\",\"@id\":\"https:\/\/eu.man-machine.com\/fr\/produit\/mighty-omouse-noir\/#breadcrumb\",\"itemListElement\":[{\"@type\":\"ListItem\",\"position\":1,\"name\":\"Home\",\"item\":\"https:\/\/eu.man-machine.com\/fr\/\"},{\"@type\":\"ListItem\",\"position\":2,\"name\":\"Catalogue\",\"item\":\"https:\/\/eu.man-machine.com\/fr\/catalogue\/\"},{\"@type\":\"ListItem\",\"position\":3,\"name\":\"Souris\",\"item\":\"https:\/\/eu.man-machine.com\/fr\/categorie-produit\/souris\/\"},{\"@type\":\"ListItem\",\"position\":4,\"name\":\"Souris robustes\",\"item\":\"https:\/\/eu.man-machine.com\/fr\/categorie-produit\/souris\/souris-robustes\/\"},{\"@type\":\"ListItem\",\"position\":5,\"name\":\"Mighty O\u2019Mouse &#8211; noir\"}]},{\"@type\":\"WebSite\",\"@id\":\"https:\/\/eu.man-machine.com\/fr\/#website\",\"url\":\"https:\/\/eu.man-machine.com\/fr\/\",\"name\":\"Man & Machine\",\"description\":\"Claviers \u00e9tanches pour les applications m\u00e9dicales et industrielles\",\"publisher\":{\"@id\":\"https:\/\/eu.man-machine.com\/fr\/#organization\"},\"alternateName\":\"Man and Machine\",\"potentialAction\":[{\"@type\":\"SearchAction\",\"target\":{\"@type\":\"EntryPoint\",\"urlTemplate\":\"https:\/\/eu.man-machine.com\/fr\/?s={search_term_string}\"},\"query-input\":{\"@type\":\"PropertyValueSpecification\",\"valueRequired\":true,\"valueName\":\"search_term_string\"}}],\"inLanguage\":\"fr-FR\"},{\"@type\":\"Organization\",\"@id\":\"https:\/\/eu.man-machine.com\/fr\/#organization\",\"name\":\"Man & Machine\",\"alternateName\":\"Man and Machine\",\"url\":\"https:\/\/eu.man-machine.com\/fr\/\",\"logo\":{\"@type\":\"ImageObject\",\"inLanguage\":\"fr-FR\",\"@id\":\"https:\/\/eu.man-machine.com\/fr\/#\/schema\/logo\/image\/\",\"url\":\"https:\/\/eu.man-machine.com\/wp-content\/uploads\/2024\/11\/man-and-machine-logo-svg.svg\",\"contentUrl\":\"https:\/\/eu.man-machine.com\/wp-content\/uploads\/2024\/11\/man-and-machine-logo-svg.svg\",\"width\":293,\"height\":28,\"caption\":\"Man & Machine\"},\"image\":{\"@id\":\"https:\/\/eu.man-machine.com\/fr\/#\/schema\/logo\/image\/\"},\"sameAs\":[\"https:\/\/www.facebook.com\/ManAndMachine\/\",\"https:\/\/x.com\/manandmachineco\"]}]}<\/script>\n<!-- \/ Yoast SEO plugin. -->","yoast_head_json":{"title":"Man & Machine Mighty O\u2019Mouse Souris (Noir)","description":"Le Mighty O Mouse est une souris silicone IP68, r\u00e9sistante \u00e0 l\u2019huile, \u00e0 l\u2019eau et \u00e0 la poussi\u00e8re, adapt\u00e9e au milieu industriel.","robots":{"index":"index","follow":"follow","max-snippet":"max-snippet:-1","max-image-preview":"max-image-preview:large","max-video-preview":"max-video-preview:-1"},"canonical":"https:\/\/eu.man-machine.com\/fr\/produit\/mighty-omouse-noir\/","og_locale":"fr_FR","og_type":"article","og_title":"Man & Machine Mighty O\u2019Mouse Souris (Noir)","og_description":"Le Mighty O Mouse est une souris silicone IP68, r\u00e9sistante \u00e0 l\u2019huile, \u00e0 l\u2019eau et \u00e0 la poussi\u00e8re, adapt\u00e9e au milieu industriel.","og_url":"https:\/\/eu.man-machine.com\/fr\/produit\/mighty-omouse-noir\/","og_site_name":"Man & Machine","article_publisher":"https:\/\/www.facebook.com\/ManAndMachine\/","article_modified_time":"2026-01-09T13:56:24+00:00","og_image":[{"width":1269,"height":1845,"url":"https:\/\/eu.man-machine.com\/wp-content\/uploads\/2025\/02\/MOM_black_top.png","type":"image\/png"}],"twitter_card":"summary_large_image","twitter_site":"@manandmachineco","twitter_misc":{"Dur\u00e9e de lecture estim\u00e9e":"3 minutes"},"schema":{"@context":"https:\/\/schema.org","@graph":[{"@type":"WebPage","@id":"https:\/\/eu.man-machine.com\/fr\/produit\/mighty-omouse-noir\/","url":"https:\/\/eu.man-machine.com\/fr\/produit\/mighty-omouse-noir\/","name":"Man & Machine Mighty O\u2019Mouse Souris (Noir)","isPartOf":{"@id":"https:\/\/eu.man-machine.com\/fr\/#website"},"primaryImageOfPage":{"@id":"https:\/\/eu.man-machine.com\/fr\/produit\/mighty-omouse-noir\/#primaryimage"},"image":{"@id":"https:\/\/eu.man-machine.com\/fr\/produit\/mighty-omouse-noir\/#primaryimage"},"thumbnailUrl":"https:\/\/eu.man-machine.com\/wp-content\/uploads\/2025\/02\/MOM_black_top.png","datePublished":"2024-11-20T10:32:18+00:00","dateModified":"2026-01-09T13:56:24+00:00","description":"Le Mighty O Mouse est une souris silicone IP68, r\u00e9sistante \u00e0 l\u2019huile, \u00e0 l\u2019eau et \u00e0 la poussi\u00e8re, adapt\u00e9e au milieu industriel.","breadcrumb":{"@id":"https:\/\/eu.man-machine.com\/fr\/produit\/mighty-omouse-noir\/#breadcrumb"},"inLanguage":"fr-FR","potentialAction":[{"@type":"ReadAction","target":["https:\/\/eu.man-machine.com\/fr\/produit\/mighty-omouse-noir\/"]}]},{"@type":"ImageObject","inLanguage":"fr-FR","@id":"https:\/\/eu.man-machine.com\/fr\/produit\/mighty-omouse-noir\/#primaryimage","url":"https:\/\/eu.man-machine.com\/wp-content\/uploads\/2025\/02\/MOM_black_top.png","contentUrl":"https:\/\/eu.man-machine.com\/wp-content\/uploads\/2025\/02\/MOM_black_top.png","width":1269,"height":1845},{"@type":"BreadcrumbList","@id":"https:\/\/eu.man-machine.com\/fr\/produit\/mighty-omouse-noir\/#breadcrumb","itemListElement":[{"@type":"ListItem","position":1,"name":"Home","item":"https:\/\/eu.man-machine.com\/fr\/"},{"@type":"ListItem","position":2,"name":"Catalogue","item":"https:\/\/eu.man-machine.com\/fr\/catalogue\/"},{"@type":"ListItem","position":3,"name":"Souris","item":"https:\/\/eu.man-machine.com\/fr\/categorie-produit\/souris\/"},{"@type":"ListItem","position":4,"name":"Souris robustes","item":"https:\/\/eu.man-machine.com\/fr\/categorie-produit\/souris\/souris-robustes\/"},{"@type":"ListItem","position":5,"name":"Mighty O\u2019Mouse &#8211; noir"}]},{"@type":"WebSite","@id":"https:\/\/eu.man-machine.com\/fr\/#website","url":"https:\/\/eu.man-machine.com\/fr\/","name":"Man & Machine","description":"Claviers \u00e9tanches pour les applications m\u00e9dicales et industrielles","publisher":{"@id":"https:\/\/eu.man-machine.com\/fr\/#organization"},"alternateName":"Man and Machine","potentialAction":[{"@type":"SearchAction","target":{"@type":"EntryPoint","urlTemplate":"https:\/\/eu.man-machine.com\/fr\/?s={search_term_string}"},"query-input":{"@type":"PropertyValueSpecification","valueRequired":true,"valueName":"search_term_string"}}],"inLanguage":"fr-FR"},{"@type":"Organization","@id":"https:\/\/eu.man-machine.com\/fr\/#organization","name":"Man & Machine","alternateName":"Man and Machine","url":"https:\/\/eu.man-machine.com\/fr\/","logo":{"@type":"ImageObject","inLanguage":"fr-FR","@id":"https:\/\/eu.man-machine.com\/fr\/#\/schema\/logo\/image\/","url":"https:\/\/eu.man-machine.com\/wp-content\/uploads\/2024\/11\/man-and-machine-logo-svg.svg","contentUrl":"https:\/\/eu.man-machine.com\/wp-content\/uploads\/2024\/11\/man-and-machine-logo-svg.svg","width":293,"height":28,"caption":"Man & Machine"},"image":{"@id":"https:\/\/eu.man-machine.com\/fr\/#\/schema\/logo\/image\/"},"sameAs":["https:\/\/www.facebook.com\/ManAndMachine\/","https:\/\/x.com\/manandmachineco"]}]}},"_links":{"self":[{"href":"https:\/\/eu.man-machine.com\/fr\/wp-json\/wp\/v2\/product\/8403","targetHints":{"allow":["GET"]}}],"collection":[{"href":"https:\/\/eu.man-machine.com\/fr\/wp-json\/wp\/v2\/product"}],"about":[{"href":"https:\/\/eu.man-machine.com\/fr\/wp-json\/wp\/v2\/types\/product"}],"wp:featuredmedia":[{"embeddable":true,"href":"https:\/\/eu.man-machine.com\/fr\/wp-json\/wp\/v2\/media\/7357"}],"wp:attachment":[{"href":"https:\/\/eu.man-machine.com\/fr\/wp-json\/wp\/v2\/media?parent=8403"}],"wp:term":[{"taxonomy":"product_brand","embeddable":true,"href":"https:\/\/eu.man-machine.com\/fr\/wp-json\/wp\/v2\/product_brand?post=8403"},{"taxonomy":"product_cat","embeddable":true,"href":"https:\/\/eu.man-machine.com\/fr\/wp-json\/wp\/v2\/product_cat?post=8403"},{"taxonomy":"product_tag","embeddable":true,"href":"https:\/\/eu.man-machine.com\/fr\/wp-json\/wp\/v2\/product_tag?post=8403"}],"curies":[{"name":"wp","href":"https:\/\/api.w.org\/{rel}","templated":true}]}}