{"id":8409,"date":"2024-11-01T16:23:47","date_gmt":"2024-11-01T15:23:47","guid":{"rendered":"https:\/\/eu.man-machine.com\/product\/petite-mouse-blanche\/"},"modified":"2026-01-09T14:49:09","modified_gmt":"2026-01-09T13:49:09","slug":"petite-mouse-blanche","status":"publish","type":"product","link":"https:\/\/eu.man-machine.com\/fr\/produit\/petite-mouse-blanche\/","title":{"rendered":"Petite Mouse &#8211; blanche"},"content":{"rendered":"<p>Notre souris Petite Mouse noire est une petite souris m\u00e9dicale blanche en silicone poss\u00e9dant 5 boutons. Elle est ferm\u00e9e herm\u00e9tiquement. Vous pouvez essuyer, nettoyer, rincer, ou m\u00eame immerger cette souris en toute s\u00e9curit\u00e9 dans un d\u00e9sinfectant appropri\u00e9.<\/p>\n<p>Notre souris est la souris id\u00e9ale pour les blocs op\u00e9ratoires et les soins intensifs. Nous construisons cette souris de qualit\u00e9 avanc\u00e9e dans notre fabrique aux Etats-Unis. Il est conforme aux directives CEM selon la norme <a href=\"https:\/\/eu.man-machine.com\/fr\/en-60601-1-2\/\" target=\"_blank\" rel=\"noopener\">EN 60601-1-2:2015<\/a> et certifi\u00e9 IP68.<\/p>\n<p>Notre Petite Mouse noire est une souris optique \u00e0 5 boutons hygi\u00e9nique. La molette est remplac\u00e9e par 3 boutons, simulant le clique et le d\u00e9filement offert par la molette. Gr\u00e2ce \u00e0 ses points forts et son format \u00e9pur\u00e9, Petite Mouse noire est une souris qui pla\u00eet \u00e9norm\u00e9ment aux utilisateurs.<\/p>\n","protected":false},"excerpt":{"rendered":"<p>Notre souris Petite Mouse noire est une petite souris m\u00e9dicale blanche en silicone poss\u00e9dant 5 boutons. Elle est ferm\u00e9e herm\u00e9tiquement. Vous pouvez essuyer, nettoyer, rincer, ou m\u00eame immerger cette souris&#8230;<\/p>\n","protected":false},"featured_media":6074,"template":"","meta":{"_acf_changed":false,"_glsr_average":0,"_glsr_ranking":0,"_glsr_reviews":0},"product_brand":[],"product_cat":[680,1064,1065,1066,1077,1092,1067,1068,1069,1070],"product_tag":[],"class_list":{"0":"post-8409","1":"product","2":"type-product","3":"status-publish","4":"has-post-thumbnail","6":"product_cat-souris","7":"product_cat-souris-medicales","8":"product_cat-souris-etanches","9":"product_cat-souris-lavables","10":"product_cat-souris-antibacteriennes","11":"product_cat-souris-antimicrobiennes","12":"product_cat-souris-pour-hopitaux","13":"product_cat-souris-pour-cabinets-dentaires","14":"product_cat-souris-pour-cabinets-medicaux","15":"product_cat-souris-pour-laboratoires","17":"first","18":"instock","19":"shipping-taxable","20":"product-type-simple"},"acf":[],"yoast_head":"<!-- This site is optimized with the Yoast SEO plugin v26.9 - https:\/\/yoast.com\/product\/yoast-seo-wordpress\/ -->\n<title>Man &amp; Machine Petite Mouse Souris (Blanche)<\/title>\n<meta name=\"description\" content=\"La Petite Mouse blanche est une petite souris m\u00e9dicale cinq boutons IP68, d\u00e9sinfectable et lavable, adapt\u00e9e aux unit\u00e9s de soins intensifs.\" \/>\n<meta name=\"robots\" content=\"index, follow, max-snippet:-1, max-image-preview:large, max-video-preview:-1\" \/>\n<link rel=\"canonical\" href=\"https:\/\/eu.man-machine.com\/fr\/produit\/petite-mouse-blanche\/\" \/>\n<meta property=\"og:locale\" content=\"fr_FR\" \/>\n<meta property=\"og:type\" content=\"article\" \/>\n<meta property=\"og:title\" content=\"Man &amp; Machine Petite Mouse Souris (Blanche)\" \/>\n<meta property=\"og:description\" content=\"La Petite Mouse blanche est une petite souris m\u00e9dicale cinq boutons IP68, d\u00e9sinfectable et lavable, adapt\u00e9e aux unit\u00e9s de soins intensifs.\" \/>\n<meta property=\"og:url\" content=\"https:\/\/eu.man-machine.com\/fr\/produit\/petite-mouse-blanche\/\" \/>\n<meta property=\"og:site_name\" content=\"Man &amp; Machine\" \/>\n<meta property=\"article:publisher\" content=\"https:\/\/www.facebook.com\/ManAndMachine\/\" \/>\n<meta property=\"article:modified_time\" content=\"2026-01-09T13:49:09+00:00\" \/>\n<meta property=\"og:image\" content=\"https:\/\/eu.man-machine.com\/wp-content\/uploads\/2024\/11\/PM_white_top.png\" \/>\n\t<meta property=\"og:image:width\" content=\"1128\" \/>\n\t<meta property=\"og:image:height\" content=\"2000\" \/>\n\t<meta property=\"og:image:type\" content=\"image\/png\" \/>\n<meta name=\"twitter:card\" content=\"summary_large_image\" \/>\n<meta name=\"twitter:site\" content=\"@manandmachineco\" \/>\n<meta name=\"twitter:label1\" content=\"Dur\u00e9e de lecture estim\u00e9e\" \/>\n\t<meta name=\"twitter:data1\" content=\"3 minutes\" \/>\n<script type=\"application\/ld+json\" class=\"yoast-schema-graph\">{\"@context\":\"https:\/\/schema.org\",\"@graph\":[{\"@type\":\"WebPage\",\"@id\":\"https:\/\/eu.man-machine.com\/fr\/produit\/petite-mouse-blanche\/\",\"url\":\"https:\/\/eu.man-machine.com\/fr\/produit\/petite-mouse-blanche\/\",\"name\":\"Man & Machine Petite Mouse Souris (Blanche)\",\"isPartOf\":{\"@id\":\"https:\/\/eu.man-machine.com\/fr\/#website\"},\"primaryImageOfPage\":{\"@id\":\"https:\/\/eu.man-machine.com\/fr\/produit\/petite-mouse-blanche\/#primaryimage\"},\"image\":{\"@id\":\"https:\/\/eu.man-machine.com\/fr\/produit\/petite-mouse-blanche\/#primaryimage\"},\"thumbnailUrl\":\"https:\/\/eu.man-machine.com\/wp-content\/uploads\/2024\/11\/PM_white_top.png\",\"datePublished\":\"2024-11-01T15:23:47+00:00\",\"dateModified\":\"2026-01-09T13:49:09+00:00\",\"description\":\"La Petite Mouse blanche est une petite souris m\u00e9dicale cinq boutons IP68, d\u00e9sinfectable et lavable, adapt\u00e9e aux unit\u00e9s de soins intensifs.\",\"breadcrumb\":{\"@id\":\"https:\/\/eu.man-machine.com\/fr\/produit\/petite-mouse-blanche\/#breadcrumb\"},\"inLanguage\":\"fr-FR\",\"potentialAction\":[{\"@type\":\"ReadAction\",\"target\":[\"https:\/\/eu.man-machine.com\/fr\/produit\/petite-mouse-blanche\/\"]}]},{\"@type\":\"ImageObject\",\"inLanguage\":\"fr-FR\",\"@id\":\"https:\/\/eu.man-machine.com\/fr\/produit\/petite-mouse-blanche\/#primaryimage\",\"url\":\"https:\/\/eu.man-machine.com\/wp-content\/uploads\/2024\/11\/PM_white_top.png\",\"contentUrl\":\"https:\/\/eu.man-machine.com\/wp-content\/uploads\/2024\/11\/PM_white_top.png\",\"width\":1128,\"height\":2000,\"caption\":\"A streamlined Man & Machine hygienic white Petite Mouse with scroll buttons is seen from the top\"},{\"@type\":\"BreadcrumbList\",\"@id\":\"https:\/\/eu.man-machine.com\/fr\/produit\/petite-mouse-blanche\/#breadcrumb\",\"itemListElement\":[{\"@type\":\"ListItem\",\"position\":1,\"name\":\"Home\",\"item\":\"https:\/\/eu.man-machine.com\/fr\/\"},{\"@type\":\"ListItem\",\"position\":2,\"name\":\"Catalogue\",\"item\":\"https:\/\/eu.man-machine.com\/fr\/catalogue\/\"},{\"@type\":\"ListItem\",\"position\":3,\"name\":\"Souris\",\"item\":\"https:\/\/eu.man-machine.com\/fr\/categorie-produit\/souris\/\"},{\"@type\":\"ListItem\",\"position\":4,\"name\":\"Souris m\u00e9dicales\",\"item\":\"https:\/\/eu.man-machine.com\/fr\/categorie-produit\/souris\/souris-medicales\/\"},{\"@type\":\"ListItem\",\"position\":5,\"name\":\"Petite Mouse &#8211; blanche\"}]},{\"@type\":\"WebSite\",\"@id\":\"https:\/\/eu.man-machine.com\/fr\/#website\",\"url\":\"https:\/\/eu.man-machine.com\/fr\/\",\"name\":\"Man & Machine\",\"description\":\"Claviers \u00e9tanches pour les applications m\u00e9dicales et industrielles\",\"publisher\":{\"@id\":\"https:\/\/eu.man-machine.com\/fr\/#organization\"},\"alternateName\":\"Man and Machine\",\"potentialAction\":[{\"@type\":\"SearchAction\",\"target\":{\"@type\":\"EntryPoint\",\"urlTemplate\":\"https:\/\/eu.man-machine.com\/fr\/?s={search_term_string}\"},\"query-input\":{\"@type\":\"PropertyValueSpecification\",\"valueRequired\":true,\"valueName\":\"search_term_string\"}}],\"inLanguage\":\"fr-FR\"},{\"@type\":\"Organization\",\"@id\":\"https:\/\/eu.man-machine.com\/fr\/#organization\",\"name\":\"Man & Machine\",\"alternateName\":\"Man and Machine\",\"url\":\"https:\/\/eu.man-machine.com\/fr\/\",\"logo\":{\"@type\":\"ImageObject\",\"inLanguage\":\"fr-FR\",\"@id\":\"https:\/\/eu.man-machine.com\/fr\/#\/schema\/logo\/image\/\",\"url\":\"https:\/\/eu.man-machine.com\/wp-content\/uploads\/2024\/11\/man-and-machine-logo-svg.svg\",\"contentUrl\":\"https:\/\/eu.man-machine.com\/wp-content\/uploads\/2024\/11\/man-and-machine-logo-svg.svg\",\"width\":293,\"height\":28,\"caption\":\"Man & Machine\"},\"image\":{\"@id\":\"https:\/\/eu.man-machine.com\/fr\/#\/schema\/logo\/image\/\"},\"sameAs\":[\"https:\/\/www.facebook.com\/ManAndMachine\/\",\"https:\/\/x.com\/manandmachineco\"]}]}<\/script>\n<!-- \/ Yoast SEO plugin. -->","yoast_head_json":{"title":"Man & Machine Petite Mouse Souris (Blanche)","description":"La Petite Mouse blanche est une petite souris m\u00e9dicale cinq boutons IP68, d\u00e9sinfectable et lavable, adapt\u00e9e aux unit\u00e9s de soins intensifs.","robots":{"index":"index","follow":"follow","max-snippet":"max-snippet:-1","max-image-preview":"max-image-preview:large","max-video-preview":"max-video-preview:-1"},"canonical":"https:\/\/eu.man-machine.com\/fr\/produit\/petite-mouse-blanche\/","og_locale":"fr_FR","og_type":"article","og_title":"Man & Machine Petite Mouse Souris (Blanche)","og_description":"La Petite Mouse blanche est une petite souris m\u00e9dicale cinq boutons IP68, d\u00e9sinfectable et lavable, adapt\u00e9e aux unit\u00e9s de soins intensifs.","og_url":"https:\/\/eu.man-machine.com\/fr\/produit\/petite-mouse-blanche\/","og_site_name":"Man & Machine","article_publisher":"https:\/\/www.facebook.com\/ManAndMachine\/","article_modified_time":"2026-01-09T13:49:09+00:00","og_image":[{"width":1128,"height":2000,"url":"https:\/\/eu.man-machine.com\/wp-content\/uploads\/2024\/11\/PM_white_top.png","type":"image\/png"}],"twitter_card":"summary_large_image","twitter_site":"@manandmachineco","twitter_misc":{"Dur\u00e9e de lecture estim\u00e9e":"3 minutes"},"schema":{"@context":"https:\/\/schema.org","@graph":[{"@type":"WebPage","@id":"https:\/\/eu.man-machine.com\/fr\/produit\/petite-mouse-blanche\/","url":"https:\/\/eu.man-machine.com\/fr\/produit\/petite-mouse-blanche\/","name":"Man & Machine Petite Mouse Souris (Blanche)","isPartOf":{"@id":"https:\/\/eu.man-machine.com\/fr\/#website"},"primaryImageOfPage":{"@id":"https:\/\/eu.man-machine.com\/fr\/produit\/petite-mouse-blanche\/#primaryimage"},"image":{"@id":"https:\/\/eu.man-machine.com\/fr\/produit\/petite-mouse-blanche\/#primaryimage"},"thumbnailUrl":"https:\/\/eu.man-machine.com\/wp-content\/uploads\/2024\/11\/PM_white_top.png","datePublished":"2024-11-01T15:23:47+00:00","dateModified":"2026-01-09T13:49:09+00:00","description":"La Petite Mouse blanche est une petite souris m\u00e9dicale cinq boutons IP68, d\u00e9sinfectable et lavable, adapt\u00e9e aux unit\u00e9s de soins intensifs.","breadcrumb":{"@id":"https:\/\/eu.man-machine.com\/fr\/produit\/petite-mouse-blanche\/#breadcrumb"},"inLanguage":"fr-FR","potentialAction":[{"@type":"ReadAction","target":["https:\/\/eu.man-machine.com\/fr\/produit\/petite-mouse-blanche\/"]}]},{"@type":"ImageObject","inLanguage":"fr-FR","@id":"https:\/\/eu.man-machine.com\/fr\/produit\/petite-mouse-blanche\/#primaryimage","url":"https:\/\/eu.man-machine.com\/wp-content\/uploads\/2024\/11\/PM_white_top.png","contentUrl":"https:\/\/eu.man-machine.com\/wp-content\/uploads\/2024\/11\/PM_white_top.png","width":1128,"height":2000,"caption":"A streamlined Man & Machine hygienic white Petite Mouse with scroll buttons is seen from the top"},{"@type":"BreadcrumbList","@id":"https:\/\/eu.man-machine.com\/fr\/produit\/petite-mouse-blanche\/#breadcrumb","itemListElement":[{"@type":"ListItem","position":1,"name":"Home","item":"https:\/\/eu.man-machine.com\/fr\/"},{"@type":"ListItem","position":2,"name":"Catalogue","item":"https:\/\/eu.man-machine.com\/fr\/catalogue\/"},{"@type":"ListItem","position":3,"name":"Souris","item":"https:\/\/eu.man-machine.com\/fr\/categorie-produit\/souris\/"},{"@type":"ListItem","position":4,"name":"Souris m\u00e9dicales","item":"https:\/\/eu.man-machine.com\/fr\/categorie-produit\/souris\/souris-medicales\/"},{"@type":"ListItem","position":5,"name":"Petite Mouse &#8211; blanche"}]},{"@type":"WebSite","@id":"https:\/\/eu.man-machine.com\/fr\/#website","url":"https:\/\/eu.man-machine.com\/fr\/","name":"Man & Machine","description":"Claviers \u00e9tanches pour les applications m\u00e9dicales et industrielles","publisher":{"@id":"https:\/\/eu.man-machine.com\/fr\/#organization"},"alternateName":"Man and Machine","potentialAction":[{"@type":"SearchAction","target":{"@type":"EntryPoint","urlTemplate":"https:\/\/eu.man-machine.com\/fr\/?s={search_term_string}"},"query-input":{"@type":"PropertyValueSpecification","valueRequired":true,"valueName":"search_term_string"}}],"inLanguage":"fr-FR"},{"@type":"Organization","@id":"https:\/\/eu.man-machine.com\/fr\/#organization","name":"Man & Machine","alternateName":"Man and Machine","url":"https:\/\/eu.man-machine.com\/fr\/","logo":{"@type":"ImageObject","inLanguage":"fr-FR","@id":"https:\/\/eu.man-machine.com\/fr\/#\/schema\/logo\/image\/","url":"https:\/\/eu.man-machine.com\/wp-content\/uploads\/2024\/11\/man-and-machine-logo-svg.svg","contentUrl":"https:\/\/eu.man-machine.com\/wp-content\/uploads\/2024\/11\/man-and-machine-logo-svg.svg","width":293,"height":28,"caption":"Man & Machine"},"image":{"@id":"https:\/\/eu.man-machine.com\/fr\/#\/schema\/logo\/image\/"},"sameAs":["https:\/\/www.facebook.com\/ManAndMachine\/","https:\/\/x.com\/manandmachineco"]}]}},"_links":{"self":[{"href":"https:\/\/eu.man-machine.com\/fr\/wp-json\/wp\/v2\/product\/8409","targetHints":{"allow":["GET"]}}],"collection":[{"href":"https:\/\/eu.man-machine.com\/fr\/wp-json\/wp\/v2\/product"}],"about":[{"href":"https:\/\/eu.man-machine.com\/fr\/wp-json\/wp\/v2\/types\/product"}],"wp:featuredmedia":[{"embeddable":true,"href":"https:\/\/eu.man-machine.com\/fr\/wp-json\/wp\/v2\/media\/6074"}],"wp:attachment":[{"href":"https:\/\/eu.man-machine.com\/fr\/wp-json\/wp\/v2\/media?parent=8409"}],"wp:term":[{"taxonomy":"product_brand","embeddable":true,"href":"https:\/\/eu.man-machine.com\/fr\/wp-json\/wp\/v2\/product_brand?post=8409"},{"taxonomy":"product_cat","embeddable":true,"href":"https:\/\/eu.man-machine.com\/fr\/wp-json\/wp\/v2\/product_cat?post=8409"},{"taxonomy":"product_tag","embeddable":true,"href":"https:\/\/eu.man-machine.com\/fr\/wp-json\/wp\/v2\/product_tag?post=8409"}],"curies":[{"name":"wp","href":"https:\/\/api.w.org\/{rel}","templated":true}]}}