{"id":8418,"date":"2024-11-01T14:51:02","date_gmt":"2024-11-01T13:51:02","guid":{"rendered":"https:\/\/eu.man-machine.com\/product\/c-mouse-wireless-noire\/"},"modified":"2026-01-09T14:23:22","modified_gmt":"2026-01-09T13:23:22","slug":"c-mouse-wireless-noire","status":"publish","type":"product","link":"https:\/\/eu.man-machine.com\/fr\/produit\/c-mouse-wireless-noire\/","title":{"rendered":"C Mouse Wireless &#8211; noire"},"content":{"rendered":"<p>Notre souris C Mouse Wireless noire est une souris lavable sans fil. Elle ressemble \u00e0 une souris classique, mais elle offre une performance bien sup\u00e9rieure. Vous pouvez essuyer, voire m\u00eame vaporiser cette souris en toute s\u00e9curit\u00e9 avec un d\u00e9sinfectant appropri\u00e9.<\/p>\n<p>C Mouse Wireless noire est une souris optique 1000 DPI, avec une molette et 2 boutons. Elle vous semblera imm\u00e9diatement famili\u00e8re, avec une prise en main simple. Notre souris se connecte \u00e0 l\u2019aide d\u2019un dongle 2,4 GHz et poss\u00e8de une batterie en lithium rechargeable par c\u00e2ble USB. Elle est fabriqu\u00e9e en Chine selon notre design. Enfin, notre C Mouse Wireless noire est certifi\u00e9e IP65.<\/p>\n<p>Elle est fabriqu\u00e9e en Chine selon notre design. Enfin, notre C Mouse Wireless blanche est certifi\u00e9e IP65.<br \/>\nNotre souris est la souris id\u00e9ale pour les postes de travail m\u00e9dicaux o\u00f9 la souris est fortement utilis\u00e9e, comme sur les chariots utilis\u00e9s 24h\/24.<\/p>\n","protected":false},"excerpt":{"rendered":"<p>Notre souris C Mouse Wireless noire est une souris lavable sans fil. Elle ressemble \u00e0 une souris classique, mais elle offre une performance bien sup\u00e9rieure. Vous pouvez essuyer, voire m\u00eame&#8230;<\/p>\n","protected":false},"featured_media":5993,"template":"","meta":{"_acf_changed":false,"_glsr_average":0,"_glsr_ranking":0,"_glsr_reviews":0},"product_brand":[],"product_cat":[680],"product_tag":[],"class_list":{"0":"post-8418","1":"product","2":"type-product","3":"status-publish","4":"has-post-thumbnail","6":"product_cat-souris","8":"first","9":"instock","10":"shipping-taxable","11":"product-type-simple"},"acf":[],"yoast_head":"<!-- This site is optimized with the Yoast SEO plugin v26.9 - https:\/\/yoast.com\/product\/yoast-seo-wordpress\/ -->\n<title>Man &amp; Machine C Mouse Wireless Souris (Noire)<\/title>\n<meta name=\"description\" content=\"Souris blanche sans fil hygi\u00e9nique, lavable et d\u00e9sinfectable, avec technologie RF 2,4 GHz pour les environnements m\u00e9dicaux exigeants.\" \/>\n<meta name=\"robots\" content=\"index, follow, max-snippet:-1, max-image-preview:large, max-video-preview:-1\" \/>\n<link rel=\"canonical\" href=\"https:\/\/eu.man-machine.com\/fr\/produit\/c-mouse-wireless-noire\/\" \/>\n<meta property=\"og:locale\" content=\"fr_FR\" \/>\n<meta property=\"og:type\" content=\"article\" \/>\n<meta property=\"og:title\" content=\"Man &amp; Machine C Mouse Wireless Souris (Noire)\" \/>\n<meta property=\"og:description\" content=\"Souris blanche sans fil hygi\u00e9nique, lavable et d\u00e9sinfectable, avec technologie RF 2,4 GHz pour les environnements m\u00e9dicaux exigeants.\" \/>\n<meta property=\"og:url\" content=\"https:\/\/eu.man-machine.com\/fr\/produit\/c-mouse-wireless-noire\/\" \/>\n<meta property=\"og:site_name\" content=\"Man &amp; Machine\" \/>\n<meta property=\"article:publisher\" content=\"https:\/\/www.facebook.com\/ManAndMachine\/\" \/>\n<meta property=\"article:modified_time\" content=\"2026-01-09T13:23:22+00:00\" \/>\n<meta property=\"og:image\" content=\"https:\/\/eu.man-machine.com\/wp-content\/uploads\/2024\/11\/CM_WI_black_top.png\" \/>\n\t<meta property=\"og:image:width\" content=\"1269\" \/>\n\t<meta property=\"og:image:height\" content=\"1845\" \/>\n\t<meta property=\"og:image:type\" content=\"image\/png\" \/>\n<meta name=\"twitter:card\" content=\"summary_large_image\" \/>\n<meta name=\"twitter:site\" content=\"@manandmachineco\" \/>\n<meta name=\"twitter:label1\" content=\"Dur\u00e9e de lecture estim\u00e9e\" \/>\n\t<meta name=\"twitter:data1\" content=\"3 minutes\" \/>\n<script type=\"application\/ld+json\" class=\"yoast-schema-graph\">{\"@context\":\"https:\/\/schema.org\",\"@graph\":[{\"@type\":\"WebPage\",\"@id\":\"https:\/\/eu.man-machine.com\/fr\/produit\/c-mouse-wireless-noire\/\",\"url\":\"https:\/\/eu.man-machine.com\/fr\/produit\/c-mouse-wireless-noire\/\",\"name\":\"Man & Machine C Mouse Wireless Souris (Noire)\",\"isPartOf\":{\"@id\":\"https:\/\/eu.man-machine.com\/fr\/#website\"},\"primaryImageOfPage\":{\"@id\":\"https:\/\/eu.man-machine.com\/fr\/produit\/c-mouse-wireless-noire\/#primaryimage\"},\"image\":{\"@id\":\"https:\/\/eu.man-machine.com\/fr\/produit\/c-mouse-wireless-noire\/#primaryimage\"},\"thumbnailUrl\":\"https:\/\/eu.man-machine.com\/wp-content\/uploads\/2024\/11\/CM_WI_black_top.png\",\"datePublished\":\"2024-11-01T13:51:02+00:00\",\"dateModified\":\"2026-01-09T13:23:22+00:00\",\"description\":\"Souris blanche sans fil hygi\u00e9nique, lavable et d\u00e9sinfectable, avec technologie RF 2,4 GHz pour les environnements m\u00e9dicaux exigeants.\",\"breadcrumb\":{\"@id\":\"https:\/\/eu.man-machine.com\/fr\/produit\/c-mouse-wireless-noire\/#breadcrumb\"},\"inLanguage\":\"fr-FR\",\"potentialAction\":[{\"@type\":\"ReadAction\",\"target\":[\"https:\/\/eu.man-machine.com\/fr\/produit\/c-mouse-wireless-noire\/\"]}]},{\"@type\":\"ImageObject\",\"inLanguage\":\"fr-FR\",\"@id\":\"https:\/\/eu.man-machine.com\/fr\/produit\/c-mouse-wireless-noire\/#primaryimage\",\"url\":\"https:\/\/eu.man-machine.com\/wp-content\/uploads\/2024\/11\/CM_WI_black_top.png\",\"contentUrl\":\"https:\/\/eu.man-machine.com\/wp-content\/uploads\/2024\/11\/CM_WI_black_top.png\",\"width\":1269,\"height\":1845},{\"@type\":\"BreadcrumbList\",\"@id\":\"https:\/\/eu.man-machine.com\/fr\/produit\/c-mouse-wireless-noire\/#breadcrumb\",\"itemListElement\":[{\"@type\":\"ListItem\",\"position\":1,\"name\":\"Home\",\"item\":\"https:\/\/eu.man-machine.com\/fr\/\"},{\"@type\":\"ListItem\",\"position\":2,\"name\":\"Catalogue\",\"item\":\"https:\/\/eu.man-machine.com\/fr\/catalogue\/\"},{\"@type\":\"ListItem\",\"position\":3,\"name\":\"Souris\",\"item\":\"https:\/\/eu.man-machine.com\/fr\/categorie-produit\/souris\/\"},{\"@type\":\"ListItem\",\"position\":4,\"name\":\"C Mouse Wireless &#8211; noire\"}]},{\"@type\":\"WebSite\",\"@id\":\"https:\/\/eu.man-machine.com\/fr\/#website\",\"url\":\"https:\/\/eu.man-machine.com\/fr\/\",\"name\":\"Man & Machine\",\"description\":\"Claviers \u00e9tanches pour les applications m\u00e9dicales et industrielles\",\"publisher\":{\"@id\":\"https:\/\/eu.man-machine.com\/fr\/#organization\"},\"alternateName\":\"Man and Machine\",\"potentialAction\":[{\"@type\":\"SearchAction\",\"target\":{\"@type\":\"EntryPoint\",\"urlTemplate\":\"https:\/\/eu.man-machine.com\/fr\/?s={search_term_string}\"},\"query-input\":{\"@type\":\"PropertyValueSpecification\",\"valueRequired\":true,\"valueName\":\"search_term_string\"}}],\"inLanguage\":\"fr-FR\"},{\"@type\":\"Organization\",\"@id\":\"https:\/\/eu.man-machine.com\/fr\/#organization\",\"name\":\"Man & Machine\",\"alternateName\":\"Man and Machine\",\"url\":\"https:\/\/eu.man-machine.com\/fr\/\",\"logo\":{\"@type\":\"ImageObject\",\"inLanguage\":\"fr-FR\",\"@id\":\"https:\/\/eu.man-machine.com\/fr\/#\/schema\/logo\/image\/\",\"url\":\"https:\/\/eu.man-machine.com\/wp-content\/uploads\/2024\/11\/man-and-machine-logo-svg.svg\",\"contentUrl\":\"https:\/\/eu.man-machine.com\/wp-content\/uploads\/2024\/11\/man-and-machine-logo-svg.svg\",\"width\":293,\"height\":28,\"caption\":\"Man & Machine\"},\"image\":{\"@id\":\"https:\/\/eu.man-machine.com\/fr\/#\/schema\/logo\/image\/\"},\"sameAs\":[\"https:\/\/www.facebook.com\/ManAndMachine\/\",\"https:\/\/x.com\/manandmachineco\"]}]}<\/script>\n<!-- \/ Yoast SEO plugin. -->","yoast_head_json":{"title":"Man & Machine C Mouse Wireless Souris (Noire)","description":"Souris blanche sans fil hygi\u00e9nique, lavable et d\u00e9sinfectable, avec technologie RF 2,4 GHz pour les environnements m\u00e9dicaux exigeants.","robots":{"index":"index","follow":"follow","max-snippet":"max-snippet:-1","max-image-preview":"max-image-preview:large","max-video-preview":"max-video-preview:-1"},"canonical":"https:\/\/eu.man-machine.com\/fr\/produit\/c-mouse-wireless-noire\/","og_locale":"fr_FR","og_type":"article","og_title":"Man & Machine C Mouse Wireless Souris (Noire)","og_description":"Souris blanche sans fil hygi\u00e9nique, lavable et d\u00e9sinfectable, avec technologie RF 2,4 GHz pour les environnements m\u00e9dicaux exigeants.","og_url":"https:\/\/eu.man-machine.com\/fr\/produit\/c-mouse-wireless-noire\/","og_site_name":"Man & Machine","article_publisher":"https:\/\/www.facebook.com\/ManAndMachine\/","article_modified_time":"2026-01-09T13:23:22+00:00","og_image":[{"width":1269,"height":1845,"url":"https:\/\/eu.man-machine.com\/wp-content\/uploads\/2024\/11\/CM_WI_black_top.png","type":"image\/png"}],"twitter_card":"summary_large_image","twitter_site":"@manandmachineco","twitter_misc":{"Dur\u00e9e de lecture estim\u00e9e":"3 minutes"},"schema":{"@context":"https:\/\/schema.org","@graph":[{"@type":"WebPage","@id":"https:\/\/eu.man-machine.com\/fr\/produit\/c-mouse-wireless-noire\/","url":"https:\/\/eu.man-machine.com\/fr\/produit\/c-mouse-wireless-noire\/","name":"Man & Machine C Mouse Wireless Souris (Noire)","isPartOf":{"@id":"https:\/\/eu.man-machine.com\/fr\/#website"},"primaryImageOfPage":{"@id":"https:\/\/eu.man-machine.com\/fr\/produit\/c-mouse-wireless-noire\/#primaryimage"},"image":{"@id":"https:\/\/eu.man-machine.com\/fr\/produit\/c-mouse-wireless-noire\/#primaryimage"},"thumbnailUrl":"https:\/\/eu.man-machine.com\/wp-content\/uploads\/2024\/11\/CM_WI_black_top.png","datePublished":"2024-11-01T13:51:02+00:00","dateModified":"2026-01-09T13:23:22+00:00","description":"Souris blanche sans fil hygi\u00e9nique, lavable et d\u00e9sinfectable, avec technologie RF 2,4 GHz pour les environnements m\u00e9dicaux exigeants.","breadcrumb":{"@id":"https:\/\/eu.man-machine.com\/fr\/produit\/c-mouse-wireless-noire\/#breadcrumb"},"inLanguage":"fr-FR","potentialAction":[{"@type":"ReadAction","target":["https:\/\/eu.man-machine.com\/fr\/produit\/c-mouse-wireless-noire\/"]}]},{"@type":"ImageObject","inLanguage":"fr-FR","@id":"https:\/\/eu.man-machine.com\/fr\/produit\/c-mouse-wireless-noire\/#primaryimage","url":"https:\/\/eu.man-machine.com\/wp-content\/uploads\/2024\/11\/CM_WI_black_top.png","contentUrl":"https:\/\/eu.man-machine.com\/wp-content\/uploads\/2024\/11\/CM_WI_black_top.png","width":1269,"height":1845},{"@type":"BreadcrumbList","@id":"https:\/\/eu.man-machine.com\/fr\/produit\/c-mouse-wireless-noire\/#breadcrumb","itemListElement":[{"@type":"ListItem","position":1,"name":"Home","item":"https:\/\/eu.man-machine.com\/fr\/"},{"@type":"ListItem","position":2,"name":"Catalogue","item":"https:\/\/eu.man-machine.com\/fr\/catalogue\/"},{"@type":"ListItem","position":3,"name":"Souris","item":"https:\/\/eu.man-machine.com\/fr\/categorie-produit\/souris\/"},{"@type":"ListItem","position":4,"name":"C Mouse Wireless &#8211; noire"}]},{"@type":"WebSite","@id":"https:\/\/eu.man-machine.com\/fr\/#website","url":"https:\/\/eu.man-machine.com\/fr\/","name":"Man & Machine","description":"Claviers \u00e9tanches pour les applications m\u00e9dicales et industrielles","publisher":{"@id":"https:\/\/eu.man-machine.com\/fr\/#organization"},"alternateName":"Man and Machine","potentialAction":[{"@type":"SearchAction","target":{"@type":"EntryPoint","urlTemplate":"https:\/\/eu.man-machine.com\/fr\/?s={search_term_string}"},"query-input":{"@type":"PropertyValueSpecification","valueRequired":true,"valueName":"search_term_string"}}],"inLanguage":"fr-FR"},{"@type":"Organization","@id":"https:\/\/eu.man-machine.com\/fr\/#organization","name":"Man & Machine","alternateName":"Man and Machine","url":"https:\/\/eu.man-machine.com\/fr\/","logo":{"@type":"ImageObject","inLanguage":"fr-FR","@id":"https:\/\/eu.man-machine.com\/fr\/#\/schema\/logo\/image\/","url":"https:\/\/eu.man-machine.com\/wp-content\/uploads\/2024\/11\/man-and-machine-logo-svg.svg","contentUrl":"https:\/\/eu.man-machine.com\/wp-content\/uploads\/2024\/11\/man-and-machine-logo-svg.svg","width":293,"height":28,"caption":"Man & Machine"},"image":{"@id":"https:\/\/eu.man-machine.com\/fr\/#\/schema\/logo\/image\/"},"sameAs":["https:\/\/www.facebook.com\/ManAndMachine\/","https:\/\/x.com\/manandmachineco"]}]}},"_links":{"self":[{"href":"https:\/\/eu.man-machine.com\/fr\/wp-json\/wp\/v2\/product\/8418","targetHints":{"allow":["GET"]}}],"collection":[{"href":"https:\/\/eu.man-machine.com\/fr\/wp-json\/wp\/v2\/product"}],"about":[{"href":"https:\/\/eu.man-machine.com\/fr\/wp-json\/wp\/v2\/types\/product"}],"wp:featuredmedia":[{"embeddable":true,"href":"https:\/\/eu.man-machine.com\/fr\/wp-json\/wp\/v2\/media\/5993"}],"wp:attachment":[{"href":"https:\/\/eu.man-machine.com\/fr\/wp-json\/wp\/v2\/media?parent=8418"}],"wp:term":[{"taxonomy":"product_brand","embeddable":true,"href":"https:\/\/eu.man-machine.com\/fr\/wp-json\/wp\/v2\/product_brand?post=8418"},{"taxonomy":"product_cat","embeddable":true,"href":"https:\/\/eu.man-machine.com\/fr\/wp-json\/wp\/v2\/product_cat?post=8418"},{"taxonomy":"product_tag","embeddable":true,"href":"https:\/\/eu.man-machine.com\/fr\/wp-json\/wp\/v2\/product_tag?post=8418"}],"curies":[{"name":"wp","href":"https:\/\/api.w.org\/{rel}","templated":true}]}}