{"id":8424,"date":"2024-11-01T12:52:06","date_gmt":"2024-11-01T11:52:06","guid":{"rendered":"https:\/\/eu.man-machine.com\/product\/c-mouse-noire\/"},"modified":"2026-01-09T14:40:30","modified_gmt":"2026-01-09T13:40:30","slug":"c-mouse-noire","status":"publish","type":"product","link":"https:\/\/eu.man-machine.com\/fr\/produit\/c-mouse-noire\/","title":{"rendered":"C Mouse &#8211; noire"},"content":{"rendered":"<p>Notre souris C Mouse noire est une souris lavable filaire. Elle ressemble \u00e0 une souris classique, mais elle offre une performance bien sup\u00e9rieure. Vous pouvez essuyer voire m\u00eame vaporiser cette souris en toute s\u00e9curit\u00e9 avec un d\u00e9sinfectant appropri\u00e9.<\/p>\n<p>C Mouse noire est une souris optique 1000 DPI, avec une molette et 2 boutons. Elle vous semblera imm\u00e9diatement famili\u00e8re, avec une prise en main simple. Elle est fabriqu\u00e9e en Chine selon notre design. Enfin, notre C Mouse noire est certifi\u00e9e IP68.<\/p>\n<p>Notre souris est la souris id\u00e9ale pour les postes de travail m\u00e9dicaux o\u00f9 la souris est fortement utilis\u00e9e, comme sur les chariots utilis\u00e9s 24h\/24.<\/p>\n","protected":false},"excerpt":{"rendered":"<p>Notre souris C Mouse noire est une souris lavable filaire. Elle ressemble \u00e0 une souris classique, mais elle offre une performance bien sup\u00e9rieure. Vous pouvez essuyer voire m\u00eame vaporiser cette&#8230;<\/p>\n","protected":false},"featured_media":5909,"template":"","meta":{"_acf_changed":false,"_glsr_average":0,"_glsr_ranking":0,"_glsr_reviews":0},"product_brand":[],"product_cat":[680],"product_tag":[],"class_list":{"0":"post-8424","1":"product","2":"type-product","3":"status-publish","4":"has-post-thumbnail","6":"product_cat-souris","8":"first","9":"instock","10":"shipping-taxable","11":"product-type-simple"},"acf":[],"yoast_head":"<!-- This site is optimized with the Yoast SEO plugin v26.9 - https:\/\/yoast.com\/product\/yoast-seo-wordpress\/ -->\n<title>Man &amp; Machine C Mouse Souris (Noire)<\/title>\n<meta name=\"description\" content=\"La C Mouse noire est une souris hygi\u00e9nique filaire IP65, lavable et essuyable, pour le contr\u00f4le des infections hospitali\u00e8res.\" \/>\n<meta name=\"robots\" content=\"index, follow, max-snippet:-1, max-image-preview:large, max-video-preview:-1\" \/>\n<link rel=\"canonical\" href=\"https:\/\/eu.man-machine.com\/fr\/produit\/c-mouse-noire\/\" \/>\n<meta property=\"og:locale\" content=\"fr_FR\" \/>\n<meta property=\"og:type\" content=\"article\" \/>\n<meta property=\"og:title\" content=\"Man &amp; Machine C Mouse Souris (Noire)\" \/>\n<meta property=\"og:description\" content=\"La C Mouse noire est une souris hygi\u00e9nique filaire IP65, lavable et essuyable, pour le contr\u00f4le des infections hospitali\u00e8res.\" \/>\n<meta property=\"og:url\" content=\"https:\/\/eu.man-machine.com\/fr\/produit\/c-mouse-noire\/\" \/>\n<meta property=\"og:site_name\" content=\"Man &amp; Machine\" \/>\n<meta property=\"article:publisher\" content=\"https:\/\/www.facebook.com\/ManAndMachine\/\" \/>\n<meta property=\"article:modified_time\" content=\"2026-01-09T13:40:30+00:00\" \/>\n<meta property=\"og:image\" content=\"https:\/\/eu.man-machine.com\/wp-content\/uploads\/2024\/11\/CM_black_top.png\" \/>\n\t<meta property=\"og:image:width\" content=\"1333\" \/>\n\t<meta property=\"og:image:height\" content=\"2000\" \/>\n\t<meta property=\"og:image:type\" content=\"image\/png\" \/>\n<meta name=\"twitter:card\" content=\"summary_large_image\" \/>\n<meta name=\"twitter:site\" content=\"@manandmachineco\" \/>\n<meta name=\"twitter:label1\" content=\"Dur\u00e9e de lecture estim\u00e9e\" \/>\n\t<meta name=\"twitter:data1\" content=\"3 minutes\" \/>\n<script type=\"application\/ld+json\" class=\"yoast-schema-graph\">{\"@context\":\"https:\/\/schema.org\",\"@graph\":[{\"@type\":\"WebPage\",\"@id\":\"https:\/\/eu.man-machine.com\/fr\/produit\/c-mouse-noire\/\",\"url\":\"https:\/\/eu.man-machine.com\/fr\/produit\/c-mouse-noire\/\",\"name\":\"Man & Machine C Mouse Souris (Noire)\",\"isPartOf\":{\"@id\":\"https:\/\/eu.man-machine.com\/fr\/#website\"},\"primaryImageOfPage\":{\"@id\":\"https:\/\/eu.man-machine.com\/fr\/produit\/c-mouse-noire\/#primaryimage\"},\"image\":{\"@id\":\"https:\/\/eu.man-machine.com\/fr\/produit\/c-mouse-noire\/#primaryimage\"},\"thumbnailUrl\":\"https:\/\/eu.man-machine.com\/wp-content\/uploads\/2024\/11\/CM_black_top.png\",\"datePublished\":\"2024-11-01T11:52:06+00:00\",\"dateModified\":\"2026-01-09T13:40:30+00:00\",\"description\":\"La C Mouse noire est une souris hygi\u00e9nique filaire IP65, lavable et essuyable, pour le contr\u00f4le des infections hospitali\u00e8res.\",\"breadcrumb\":{\"@id\":\"https:\/\/eu.man-machine.com\/fr\/produit\/c-mouse-noire\/#breadcrumb\"},\"inLanguage\":\"fr-FR\",\"potentialAction\":[{\"@type\":\"ReadAction\",\"target\":[\"https:\/\/eu.man-machine.com\/fr\/produit\/c-mouse-noire\/\"]}]},{\"@type\":\"ImageObject\",\"inLanguage\":\"fr-FR\",\"@id\":\"https:\/\/eu.man-machine.com\/fr\/produit\/c-mouse-noire\/#primaryimage\",\"url\":\"https:\/\/eu.man-machine.com\/wp-content\/uploads\/2024\/11\/CM_black_top.png\",\"contentUrl\":\"https:\/\/eu.man-machine.com\/wp-content\/uploads\/2024\/11\/CM_black_top.png\",\"width\":1333,\"height\":2000},{\"@type\":\"BreadcrumbList\",\"@id\":\"https:\/\/eu.man-machine.com\/fr\/produit\/c-mouse-noire\/#breadcrumb\",\"itemListElement\":[{\"@type\":\"ListItem\",\"position\":1,\"name\":\"Home\",\"item\":\"https:\/\/eu.man-machine.com\/fr\/\"},{\"@type\":\"ListItem\",\"position\":2,\"name\":\"Catalogue\",\"item\":\"https:\/\/eu.man-machine.com\/fr\/catalogue\/\"},{\"@type\":\"ListItem\",\"position\":3,\"name\":\"Souris\",\"item\":\"https:\/\/eu.man-machine.com\/fr\/categorie-produit\/souris\/\"},{\"@type\":\"ListItem\",\"position\":4,\"name\":\"C Mouse &#8211; noire\"}]},{\"@type\":\"WebSite\",\"@id\":\"https:\/\/eu.man-machine.com\/fr\/#website\",\"url\":\"https:\/\/eu.man-machine.com\/fr\/\",\"name\":\"Man & Machine\",\"description\":\"Claviers \u00e9tanches pour les applications m\u00e9dicales et industrielles\",\"publisher\":{\"@id\":\"https:\/\/eu.man-machine.com\/fr\/#organization\"},\"alternateName\":\"Man and Machine\",\"potentialAction\":[{\"@type\":\"SearchAction\",\"target\":{\"@type\":\"EntryPoint\",\"urlTemplate\":\"https:\/\/eu.man-machine.com\/fr\/?s={search_term_string}\"},\"query-input\":{\"@type\":\"PropertyValueSpecification\",\"valueRequired\":true,\"valueName\":\"search_term_string\"}}],\"inLanguage\":\"fr-FR\"},{\"@type\":\"Organization\",\"@id\":\"https:\/\/eu.man-machine.com\/fr\/#organization\",\"name\":\"Man & Machine\",\"alternateName\":\"Man and Machine\",\"url\":\"https:\/\/eu.man-machine.com\/fr\/\",\"logo\":{\"@type\":\"ImageObject\",\"inLanguage\":\"fr-FR\",\"@id\":\"https:\/\/eu.man-machine.com\/fr\/#\/schema\/logo\/image\/\",\"url\":\"https:\/\/eu.man-machine.com\/wp-content\/uploads\/2024\/11\/man-and-machine-logo-svg.svg\",\"contentUrl\":\"https:\/\/eu.man-machine.com\/wp-content\/uploads\/2024\/11\/man-and-machine-logo-svg.svg\",\"width\":293,\"height\":28,\"caption\":\"Man & Machine\"},\"image\":{\"@id\":\"https:\/\/eu.man-machine.com\/fr\/#\/schema\/logo\/image\/\"},\"sameAs\":[\"https:\/\/www.facebook.com\/ManAndMachine\/\",\"https:\/\/x.com\/manandmachineco\"]}]}<\/script>\n<!-- \/ Yoast SEO plugin. -->","yoast_head_json":{"title":"Man & Machine C Mouse Souris (Noire)","description":"La C Mouse noire est une souris hygi\u00e9nique filaire IP65, lavable et essuyable, pour le contr\u00f4le des infections hospitali\u00e8res.","robots":{"index":"index","follow":"follow","max-snippet":"max-snippet:-1","max-image-preview":"max-image-preview:large","max-video-preview":"max-video-preview:-1"},"canonical":"https:\/\/eu.man-machine.com\/fr\/produit\/c-mouse-noire\/","og_locale":"fr_FR","og_type":"article","og_title":"Man & Machine C Mouse Souris (Noire)","og_description":"La C Mouse noire est une souris hygi\u00e9nique filaire IP65, lavable et essuyable, pour le contr\u00f4le des infections hospitali\u00e8res.","og_url":"https:\/\/eu.man-machine.com\/fr\/produit\/c-mouse-noire\/","og_site_name":"Man & Machine","article_publisher":"https:\/\/www.facebook.com\/ManAndMachine\/","article_modified_time":"2026-01-09T13:40:30+00:00","og_image":[{"width":1333,"height":2000,"url":"https:\/\/eu.man-machine.com\/wp-content\/uploads\/2024\/11\/CM_black_top.png","type":"image\/png"}],"twitter_card":"summary_large_image","twitter_site":"@manandmachineco","twitter_misc":{"Dur\u00e9e de lecture estim\u00e9e":"3 minutes"},"schema":{"@context":"https:\/\/schema.org","@graph":[{"@type":"WebPage","@id":"https:\/\/eu.man-machine.com\/fr\/produit\/c-mouse-noire\/","url":"https:\/\/eu.man-machine.com\/fr\/produit\/c-mouse-noire\/","name":"Man & Machine C Mouse Souris (Noire)","isPartOf":{"@id":"https:\/\/eu.man-machine.com\/fr\/#website"},"primaryImageOfPage":{"@id":"https:\/\/eu.man-machine.com\/fr\/produit\/c-mouse-noire\/#primaryimage"},"image":{"@id":"https:\/\/eu.man-machine.com\/fr\/produit\/c-mouse-noire\/#primaryimage"},"thumbnailUrl":"https:\/\/eu.man-machine.com\/wp-content\/uploads\/2024\/11\/CM_black_top.png","datePublished":"2024-11-01T11:52:06+00:00","dateModified":"2026-01-09T13:40:30+00:00","description":"La C Mouse noire est une souris hygi\u00e9nique filaire IP65, lavable et essuyable, pour le contr\u00f4le des infections hospitali\u00e8res.","breadcrumb":{"@id":"https:\/\/eu.man-machine.com\/fr\/produit\/c-mouse-noire\/#breadcrumb"},"inLanguage":"fr-FR","potentialAction":[{"@type":"ReadAction","target":["https:\/\/eu.man-machine.com\/fr\/produit\/c-mouse-noire\/"]}]},{"@type":"ImageObject","inLanguage":"fr-FR","@id":"https:\/\/eu.man-machine.com\/fr\/produit\/c-mouse-noire\/#primaryimage","url":"https:\/\/eu.man-machine.com\/wp-content\/uploads\/2024\/11\/CM_black_top.png","contentUrl":"https:\/\/eu.man-machine.com\/wp-content\/uploads\/2024\/11\/CM_black_top.png","width":1333,"height":2000},{"@type":"BreadcrumbList","@id":"https:\/\/eu.man-machine.com\/fr\/produit\/c-mouse-noire\/#breadcrumb","itemListElement":[{"@type":"ListItem","position":1,"name":"Home","item":"https:\/\/eu.man-machine.com\/fr\/"},{"@type":"ListItem","position":2,"name":"Catalogue","item":"https:\/\/eu.man-machine.com\/fr\/catalogue\/"},{"@type":"ListItem","position":3,"name":"Souris","item":"https:\/\/eu.man-machine.com\/fr\/categorie-produit\/souris\/"},{"@type":"ListItem","position":4,"name":"C Mouse &#8211; noire"}]},{"@type":"WebSite","@id":"https:\/\/eu.man-machine.com\/fr\/#website","url":"https:\/\/eu.man-machine.com\/fr\/","name":"Man & Machine","description":"Claviers \u00e9tanches pour les applications m\u00e9dicales et industrielles","publisher":{"@id":"https:\/\/eu.man-machine.com\/fr\/#organization"},"alternateName":"Man and Machine","potentialAction":[{"@type":"SearchAction","target":{"@type":"EntryPoint","urlTemplate":"https:\/\/eu.man-machine.com\/fr\/?s={search_term_string}"},"query-input":{"@type":"PropertyValueSpecification","valueRequired":true,"valueName":"search_term_string"}}],"inLanguage":"fr-FR"},{"@type":"Organization","@id":"https:\/\/eu.man-machine.com\/fr\/#organization","name":"Man & Machine","alternateName":"Man and Machine","url":"https:\/\/eu.man-machine.com\/fr\/","logo":{"@type":"ImageObject","inLanguage":"fr-FR","@id":"https:\/\/eu.man-machine.com\/fr\/#\/schema\/logo\/image\/","url":"https:\/\/eu.man-machine.com\/wp-content\/uploads\/2024\/11\/man-and-machine-logo-svg.svg","contentUrl":"https:\/\/eu.man-machine.com\/wp-content\/uploads\/2024\/11\/man-and-machine-logo-svg.svg","width":293,"height":28,"caption":"Man & Machine"},"image":{"@id":"https:\/\/eu.man-machine.com\/fr\/#\/schema\/logo\/image\/"},"sameAs":["https:\/\/www.facebook.com\/ManAndMachine\/","https:\/\/x.com\/manandmachineco"]}]}},"_links":{"self":[{"href":"https:\/\/eu.man-machine.com\/fr\/wp-json\/wp\/v2\/product\/8424","targetHints":{"allow":["GET"]}}],"collection":[{"href":"https:\/\/eu.man-machine.com\/fr\/wp-json\/wp\/v2\/product"}],"about":[{"href":"https:\/\/eu.man-machine.com\/fr\/wp-json\/wp\/v2\/types\/product"}],"wp:featuredmedia":[{"embeddable":true,"href":"https:\/\/eu.man-machine.com\/fr\/wp-json\/wp\/v2\/media\/5909"}],"wp:attachment":[{"href":"https:\/\/eu.man-machine.com\/fr\/wp-json\/wp\/v2\/media?parent=8424"}],"wp:term":[{"taxonomy":"product_brand","embeddable":true,"href":"https:\/\/eu.man-machine.com\/fr\/wp-json\/wp\/v2\/product_brand?post=8424"},{"taxonomy":"product_cat","embeddable":true,"href":"https:\/\/eu.man-machine.com\/fr\/wp-json\/wp\/v2\/product_cat?post=8424"},{"taxonomy":"product_tag","embeddable":true,"href":"https:\/\/eu.man-machine.com\/fr\/wp-json\/wp\/v2\/product_tag?post=8424"}],"curies":[{"name":"wp","href":"https:\/\/api.w.org\/{rel}","templated":true}]}}