{"id":8433,"date":"2024-10-31T14:55:28","date_gmt":"2024-10-31T13:55:28","guid":{"rendered":"https:\/\/eu.man-machine.com\/product\/very-cool-drape\/"},"modified":"2026-01-09T14:37:05","modified_gmt":"2026-01-09T13:37:05","slug":"very-cool-drape","status":"publish","type":"product","link":"https:\/\/eu.man-machine.com\/fr\/produit\/very-cool-drape\/","title":{"rendered":"Very Cool Drape"},"content":{"rendered":"<p>Le Very Cool Drape est une housse de protection pour clavier Very Cool (Flat) faite en silicone.<\/p>\n<p>Notre housse vous offre une hygi\u00e8ne suppl\u00e9mentaire. Ainsi, les bact\u00e9ries ne peuvent plus entrer entre les touches. Nettoyer votre clavier sera \u00e9galement plus simple gr\u00e2ce au profil tr\u00e8s l\u00e9ger de la housse, n\u2019impactant pas la lisibilit\u00e9 des touches. Enfin, il est tout \u00e0 fait possible d\u2019acheter la housse s\u00e9par\u00e9ment du clavier afin d\u2019avoir des pi\u00e8ces de rechange ou de remplacement.<\/p>\n<h6>Notre conseil :<\/h6>\n<p>n\u2019h\u00e9sitez pas \u00e0 acheter des housses de protection pour clavier Very Cool (Flat) suppl\u00e9mentaires. Vous pourrez alors alterner ces derni\u00e8res lors du nettoyage.<\/p>\n","protected":false},"excerpt":{"rendered":"<p>Le Very Cool Drape est une housse de protection pour clavier Very Cool (Flat) faite en silicone. Notre housse vous offre une hygi\u00e8ne suppl\u00e9mentaire. Ainsi, les bact\u00e9ries ne peuvent plus&#8230;<\/p>\n","protected":false},"featured_media":5804,"template":"","meta":{"_acf_changed":false,"_glsr_average":0,"_glsr_ranking":0,"_glsr_reviews":0},"product_brand":[],"product_cat":[612],"product_tag":[],"class_list":{"0":"post-8433","1":"product","2":"type-product","3":"status-publish","4":"has-post-thumbnail","6":"product_cat-accessoires","8":"first","9":"instock","10":"shipping-taxable","11":"product-type-variable"},"acf":[],"yoast_head":"<!-- This site is optimized with the Yoast SEO plugin v26.9 - https:\/\/yoast.com\/product\/yoast-seo-wordpress\/ -->\n<title>Man &amp; Machine Very Cool Drape Protection De Clavier<\/title>\n<meta name=\"description\" content=\"Very Cool Drape est une housse de protection pour clavier Very Cool Flat, offrant une protection hygi\u00e9nique suppl\u00e9mentaire.\" \/>\n<meta name=\"robots\" content=\"index, follow, max-snippet:-1, max-image-preview:large, max-video-preview:-1\" \/>\n<link rel=\"canonical\" href=\"https:\/\/eu.man-machine.com\/fr\/produit\/very-cool-drape\/\" \/>\n<meta property=\"og:locale\" content=\"fr_FR\" \/>\n<meta property=\"og:type\" content=\"article\" \/>\n<meta property=\"og:title\" content=\"Man &amp; Machine Very Cool Drape Protection De Clavier\" \/>\n<meta property=\"og:description\" content=\"Very Cool Drape est une housse de protection pour clavier Very Cool Flat, offrant une protection hygi\u00e9nique suppl\u00e9mentaire.\" \/>\n<meta property=\"og:url\" content=\"https:\/\/eu.man-machine.com\/fr\/produit\/very-cool-drape\/\" \/>\n<meta property=\"og:site_name\" content=\"Man &amp; Machine\" \/>\n<meta property=\"article:publisher\" content=\"https:\/\/www.facebook.com\/ManAndMachine\/\" \/>\n<meta property=\"article:modified_time\" content=\"2026-01-09T13:37:05+00:00\" \/>\n<meta property=\"og:image\" content=\"https:\/\/eu.man-machine.com\/wp-content\/uploads\/2024\/10\/VC_drape_white_DNS_DNS.png\" \/>\n\t<meta property=\"og:image:width\" content=\"2500\" \/>\n\t<meta property=\"og:image:height\" content=\"1187\" \/>\n\t<meta property=\"og:image:type\" content=\"image\/png\" \/>\n<meta name=\"twitter:card\" content=\"summary_large_image\" \/>\n<meta name=\"twitter:site\" content=\"@manandmachineco\" \/>\n<meta name=\"twitter:label1\" content=\"Dur\u00e9e de lecture estim\u00e9e\" \/>\n\t<meta name=\"twitter:data1\" content=\"3 minutes\" \/>\n<script type=\"application\/ld+json\" class=\"yoast-schema-graph\">{\"@context\":\"https:\/\/schema.org\",\"@graph\":[{\"@type\":\"WebPage\",\"@id\":\"https:\/\/eu.man-machine.com\/fr\/produit\/very-cool-drape\/\",\"url\":\"https:\/\/eu.man-machine.com\/fr\/produit\/very-cool-drape\/\",\"name\":\"Man & Machine Very Cool Drape Protection De Clavier\",\"isPartOf\":{\"@id\":\"https:\/\/eu.man-machine.com\/fr\/#website\"},\"primaryImageOfPage\":{\"@id\":\"https:\/\/eu.man-machine.com\/fr\/produit\/very-cool-drape\/#primaryimage\"},\"image\":{\"@id\":\"https:\/\/eu.man-machine.com\/fr\/produit\/very-cool-drape\/#primaryimage\"},\"thumbnailUrl\":\"https:\/\/eu.man-machine.com\/wp-content\/uploads\/2024\/10\/VC_drape_white_DNS_DNS.png\",\"datePublished\":\"2024-10-31T13:55:28+00:00\",\"dateModified\":\"2026-01-09T13:37:05+00:00\",\"description\":\"Very Cool Drape est une housse de protection pour clavier Very Cool Flat, offrant une protection hygi\u00e9nique suppl\u00e9mentaire.\",\"breadcrumb\":{\"@id\":\"https:\/\/eu.man-machine.com\/fr\/produit\/very-cool-drape\/#breadcrumb\"},\"inLanguage\":\"fr-FR\",\"potentialAction\":[{\"@type\":\"ReadAction\",\"target\":[\"https:\/\/eu.man-machine.com\/fr\/produit\/very-cool-drape\/\"]}]},{\"@type\":\"ImageObject\",\"inLanguage\":\"fr-FR\",\"@id\":\"https:\/\/eu.man-machine.com\/fr\/produit\/very-cool-drape\/#primaryimage\",\"url\":\"https:\/\/eu.man-machine.com\/wp-content\/uploads\/2024\/10\/VC_drape_white_DNS_DNS.png\",\"contentUrl\":\"https:\/\/eu.man-machine.com\/wp-content\/uploads\/2024\/10\/VC_drape_white_DNS_DNS.png\",\"width\":2500,\"height\":1187},{\"@type\":\"BreadcrumbList\",\"@id\":\"https:\/\/eu.man-machine.com\/fr\/produit\/very-cool-drape\/#breadcrumb\",\"itemListElement\":[{\"@type\":\"ListItem\",\"position\":1,\"name\":\"Home\",\"item\":\"https:\/\/eu.man-machine.com\/fr\/\"},{\"@type\":\"ListItem\",\"position\":2,\"name\":\"Catalogue\",\"item\":\"https:\/\/eu.man-machine.com\/fr\/catalogue\/\"},{\"@type\":\"ListItem\",\"position\":3,\"name\":\"Accessoires\",\"item\":\"https:\/\/eu.man-machine.com\/fr\/categorie-produit\/accessoires\/\"},{\"@type\":\"ListItem\",\"position\":4,\"name\":\"Very Cool Drape\"}]},{\"@type\":\"WebSite\",\"@id\":\"https:\/\/eu.man-machine.com\/fr\/#website\",\"url\":\"https:\/\/eu.man-machine.com\/fr\/\",\"name\":\"Man & Machine\",\"description\":\"Claviers \u00e9tanches pour les applications m\u00e9dicales et industrielles\",\"publisher\":{\"@id\":\"https:\/\/eu.man-machine.com\/fr\/#organization\"},\"alternateName\":\"Man and Machine\",\"potentialAction\":[{\"@type\":\"SearchAction\",\"target\":{\"@type\":\"EntryPoint\",\"urlTemplate\":\"https:\/\/eu.man-machine.com\/fr\/?s={search_term_string}\"},\"query-input\":{\"@type\":\"PropertyValueSpecification\",\"valueRequired\":true,\"valueName\":\"search_term_string\"}}],\"inLanguage\":\"fr-FR\"},{\"@type\":\"Organization\",\"@id\":\"https:\/\/eu.man-machine.com\/fr\/#organization\",\"name\":\"Man & Machine\",\"alternateName\":\"Man and Machine\",\"url\":\"https:\/\/eu.man-machine.com\/fr\/\",\"logo\":{\"@type\":\"ImageObject\",\"inLanguage\":\"fr-FR\",\"@id\":\"https:\/\/eu.man-machine.com\/fr\/#\/schema\/logo\/image\/\",\"url\":\"https:\/\/eu.man-machine.com\/wp-content\/uploads\/2024\/11\/man-and-machine-logo-svg.svg\",\"contentUrl\":\"https:\/\/eu.man-machine.com\/wp-content\/uploads\/2024\/11\/man-and-machine-logo-svg.svg\",\"width\":293,\"height\":28,\"caption\":\"Man & Machine\"},\"image\":{\"@id\":\"https:\/\/eu.man-machine.com\/fr\/#\/schema\/logo\/image\/\"},\"sameAs\":[\"https:\/\/www.facebook.com\/ManAndMachine\/\",\"https:\/\/x.com\/manandmachineco\"]}]}<\/script>\n<!-- \/ Yoast SEO plugin. -->","yoast_head_json":{"title":"Man & Machine Very Cool Drape Protection De Clavier","description":"Very Cool Drape est une housse de protection pour clavier Very Cool Flat, offrant une protection hygi\u00e9nique suppl\u00e9mentaire.","robots":{"index":"index","follow":"follow","max-snippet":"max-snippet:-1","max-image-preview":"max-image-preview:large","max-video-preview":"max-video-preview:-1"},"canonical":"https:\/\/eu.man-machine.com\/fr\/produit\/very-cool-drape\/","og_locale":"fr_FR","og_type":"article","og_title":"Man & Machine Very Cool Drape Protection De Clavier","og_description":"Very Cool Drape est une housse de protection pour clavier Very Cool Flat, offrant une protection hygi\u00e9nique suppl\u00e9mentaire.","og_url":"https:\/\/eu.man-machine.com\/fr\/produit\/very-cool-drape\/","og_site_name":"Man & Machine","article_publisher":"https:\/\/www.facebook.com\/ManAndMachine\/","article_modified_time":"2026-01-09T13:37:05+00:00","og_image":[{"width":2500,"height":1187,"url":"https:\/\/eu.man-machine.com\/wp-content\/uploads\/2024\/10\/VC_drape_white_DNS_DNS.png","type":"image\/png"}],"twitter_card":"summary_large_image","twitter_site":"@manandmachineco","twitter_misc":{"Dur\u00e9e de lecture estim\u00e9e":"3 minutes"},"schema":{"@context":"https:\/\/schema.org","@graph":[{"@type":"WebPage","@id":"https:\/\/eu.man-machine.com\/fr\/produit\/very-cool-drape\/","url":"https:\/\/eu.man-machine.com\/fr\/produit\/very-cool-drape\/","name":"Man & Machine Very Cool Drape Protection De Clavier","isPartOf":{"@id":"https:\/\/eu.man-machine.com\/fr\/#website"},"primaryImageOfPage":{"@id":"https:\/\/eu.man-machine.com\/fr\/produit\/very-cool-drape\/#primaryimage"},"image":{"@id":"https:\/\/eu.man-machine.com\/fr\/produit\/very-cool-drape\/#primaryimage"},"thumbnailUrl":"https:\/\/eu.man-machine.com\/wp-content\/uploads\/2024\/10\/VC_drape_white_DNS_DNS.png","datePublished":"2024-10-31T13:55:28+00:00","dateModified":"2026-01-09T13:37:05+00:00","description":"Very Cool Drape est une housse de protection pour clavier Very Cool Flat, offrant une protection hygi\u00e9nique suppl\u00e9mentaire.","breadcrumb":{"@id":"https:\/\/eu.man-machine.com\/fr\/produit\/very-cool-drape\/#breadcrumb"},"inLanguage":"fr-FR","potentialAction":[{"@type":"ReadAction","target":["https:\/\/eu.man-machine.com\/fr\/produit\/very-cool-drape\/"]}]},{"@type":"ImageObject","inLanguage":"fr-FR","@id":"https:\/\/eu.man-machine.com\/fr\/produit\/very-cool-drape\/#primaryimage","url":"https:\/\/eu.man-machine.com\/wp-content\/uploads\/2024\/10\/VC_drape_white_DNS_DNS.png","contentUrl":"https:\/\/eu.man-machine.com\/wp-content\/uploads\/2024\/10\/VC_drape_white_DNS_DNS.png","width":2500,"height":1187},{"@type":"BreadcrumbList","@id":"https:\/\/eu.man-machine.com\/fr\/produit\/very-cool-drape\/#breadcrumb","itemListElement":[{"@type":"ListItem","position":1,"name":"Home","item":"https:\/\/eu.man-machine.com\/fr\/"},{"@type":"ListItem","position":2,"name":"Catalogue","item":"https:\/\/eu.man-machine.com\/fr\/catalogue\/"},{"@type":"ListItem","position":3,"name":"Accessoires","item":"https:\/\/eu.man-machine.com\/fr\/categorie-produit\/accessoires\/"},{"@type":"ListItem","position":4,"name":"Very Cool Drape"}]},{"@type":"WebSite","@id":"https:\/\/eu.man-machine.com\/fr\/#website","url":"https:\/\/eu.man-machine.com\/fr\/","name":"Man & Machine","description":"Claviers \u00e9tanches pour les applications m\u00e9dicales et industrielles","publisher":{"@id":"https:\/\/eu.man-machine.com\/fr\/#organization"},"alternateName":"Man and Machine","potentialAction":[{"@type":"SearchAction","target":{"@type":"EntryPoint","urlTemplate":"https:\/\/eu.man-machine.com\/fr\/?s={search_term_string}"},"query-input":{"@type":"PropertyValueSpecification","valueRequired":true,"valueName":"search_term_string"}}],"inLanguage":"fr-FR"},{"@type":"Organization","@id":"https:\/\/eu.man-machine.com\/fr\/#organization","name":"Man & Machine","alternateName":"Man and Machine","url":"https:\/\/eu.man-machine.com\/fr\/","logo":{"@type":"ImageObject","inLanguage":"fr-FR","@id":"https:\/\/eu.man-machine.com\/fr\/#\/schema\/logo\/image\/","url":"https:\/\/eu.man-machine.com\/wp-content\/uploads\/2024\/11\/man-and-machine-logo-svg.svg","contentUrl":"https:\/\/eu.man-machine.com\/wp-content\/uploads\/2024\/11\/man-and-machine-logo-svg.svg","width":293,"height":28,"caption":"Man & Machine"},"image":{"@id":"https:\/\/eu.man-machine.com\/fr\/#\/schema\/logo\/image\/"},"sameAs":["https:\/\/www.facebook.com\/ManAndMachine\/","https:\/\/x.com\/manandmachineco"]}]}},"_links":{"self":[{"href":"https:\/\/eu.man-machine.com\/fr\/wp-json\/wp\/v2\/product\/8433","targetHints":{"allow":["GET"]}}],"collection":[{"href":"https:\/\/eu.man-machine.com\/fr\/wp-json\/wp\/v2\/product"}],"about":[{"href":"https:\/\/eu.man-machine.com\/fr\/wp-json\/wp\/v2\/types\/product"}],"wp:featuredmedia":[{"embeddable":true,"href":"https:\/\/eu.man-machine.com\/fr\/wp-json\/wp\/v2\/media\/5804"}],"wp:attachment":[{"href":"https:\/\/eu.man-machine.com\/fr\/wp-json\/wp\/v2\/media?parent=8433"}],"wp:term":[{"taxonomy":"product_brand","embeddable":true,"href":"https:\/\/eu.man-machine.com\/fr\/wp-json\/wp\/v2\/product_brand?post=8433"},{"taxonomy":"product_cat","embeddable":true,"href":"https:\/\/eu.man-machine.com\/fr\/wp-json\/wp\/v2\/product_cat?post=8433"},{"taxonomy":"product_tag","embeddable":true,"href":"https:\/\/eu.man-machine.com\/fr\/wp-json\/wp\/v2\/product_tag?post=8433"}],"curies":[{"name":"wp","href":"https:\/\/api.w.org\/{rel}","templated":true}]}}