{"id":8436,"date":"2024-10-31T09:25:30","date_gmt":"2024-10-31T08:25:30","guid":{"rendered":"https:\/\/eu.man-machine.com\/product\/its-cool-drape\/"},"modified":"2026-01-09T13:34:41","modified_gmt":"2026-01-09T12:34:41","slug":"its-cool-drape","status":"publish","type":"product","link":"https:\/\/eu.man-machine.com\/fr\/produit\/its-cool-drape\/","title":{"rendered":"Its Cool Drape"},"content":{"rendered":"<p>La housse Its Cool est une housse de protection en silicone pour les claviers Its Cool Flat. Vous pouvez l\u2019acheter individuellement afin d\u2019avoir une housse de remplacement, ou de la r\u00e9serve. Il vous est \u00e9galement possible d\u2019acheter notre housse afin de transformer votre clavier Its Cool en Its Cool Flat.<\/p>\n<p>Notre Its Cool Drape offre une hygi\u00e8ne suppl\u00e9mentaire gr\u00e2ce \u00e0 une d\u00e9sinfection ultra-rapide par essuyage, emp\u00eachant les bact\u00e9ries de p\u00e9n\u00e9trer entre les touches. Le Its Cool Drape peut \u00eatre facilement essuy\u00e9 ou pulv\u00e9ris\u00e9, et m\u00eame immerg\u00e9 dans un d\u00e9sinfectant de surface approuv\u00e9 pour les h\u00f4pitaux. Il peut \u00e9galement \u00eatre d\u00e9sinfect\u00e9 dans un autoclave.<\/p>\n<h6>Notre conseil :<\/h6>\n<p>n\u2019h\u00e9sitez pas \u00e0 prendre plusieurs housses pour vos claviers Its Cool Flat. Ainsi, vous pourrez toujours nettoyer les housses sans interrompre votre travail.<\/p>\n","protected":false},"excerpt":{"rendered":"<p>La housse Its Cool est une housse de protection en silicone pour les claviers Its Cool Flat. Vous pouvez l\u2019acheter individuellement afin d\u2019avoir une housse de remplacement, ou de la&#8230;<\/p>\n","protected":false},"featured_media":5765,"template":"","meta":{"_acf_changed":false,"_glsr_average":0,"_glsr_ranking":0,"_glsr_reviews":0},"product_brand":[],"product_cat":[612],"product_tag":[],"class_list":{"0":"post-8436","1":"product","2":"type-product","3":"status-publish","4":"has-post-thumbnail","6":"product_cat-accessoires","8":"first","9":"instock","10":"shipping-taxable","11":"product-type-variable"},"acf":[],"yoast_head":"<!-- This site is optimized with the Yoast SEO plugin v26.9 - https:\/\/yoast.com\/product\/yoast-seo-wordpress\/ -->\n<title>Man &amp; Machine Its Cool Drape Protection De Clavier<\/title>\n<meta name=\"description\" content=\"Its Cool Drape est une housse de protection en silicone pour clavier Its Cool, offrant une protection hygi\u00e9nique suppl\u00e9mentaire.\" \/>\n<meta name=\"robots\" content=\"index, follow, max-snippet:-1, max-image-preview:large, max-video-preview:-1\" \/>\n<link rel=\"canonical\" href=\"https:\/\/eu.man-machine.com\/fr\/produit\/its-cool-drape\/\" \/>\n<meta property=\"og:locale\" content=\"fr_FR\" \/>\n<meta property=\"og:type\" content=\"article\" \/>\n<meta property=\"og:title\" content=\"Man &amp; Machine Its Cool Drape Protection De Clavier\" \/>\n<meta property=\"og:description\" content=\"Its Cool Drape est une housse de protection en silicone pour clavier Its Cool, offrant une protection hygi\u00e9nique suppl\u00e9mentaire.\" \/>\n<meta property=\"og:url\" content=\"https:\/\/eu.man-machine.com\/fr\/produit\/its-cool-drape\/\" \/>\n<meta property=\"og:site_name\" content=\"Man &amp; Machine\" \/>\n<meta property=\"article:publisher\" content=\"https:\/\/www.facebook.com\/ManAndMachine\/\" \/>\n<meta property=\"article:modified_time\" content=\"2026-01-09T12:34:41+00:00\" \/>\n<meta property=\"og:image\" content=\"https:\/\/eu.man-machine.com\/wp-content\/uploads\/2024\/10\/ICF_white_US_drape-offL_front.png\" \/>\n\t<meta property=\"og:image:width\" content=\"1859\" \/>\n\t<meta property=\"og:image:height\" content=\"765\" \/>\n\t<meta property=\"og:image:type\" content=\"image\/png\" \/>\n<meta name=\"twitter:card\" content=\"summary_large_image\" \/>\n<meta name=\"twitter:site\" content=\"@manandmachineco\" \/>\n<meta name=\"twitter:label1\" content=\"Dur\u00e9e de lecture estim\u00e9e\" \/>\n\t<meta name=\"twitter:data1\" content=\"3 minutes\" \/>\n<script type=\"application\/ld+json\" class=\"yoast-schema-graph\">{\"@context\":\"https:\/\/schema.org\",\"@graph\":[{\"@type\":\"WebPage\",\"@id\":\"https:\/\/eu.man-machine.com\/fr\/produit\/its-cool-drape\/\",\"url\":\"https:\/\/eu.man-machine.com\/fr\/produit\/its-cool-drape\/\",\"name\":\"Man & Machine Its Cool Drape Protection De Clavier\",\"isPartOf\":{\"@id\":\"https:\/\/eu.man-machine.com\/fr\/#website\"},\"primaryImageOfPage\":{\"@id\":\"https:\/\/eu.man-machine.com\/fr\/produit\/its-cool-drape\/#primaryimage\"},\"image\":{\"@id\":\"https:\/\/eu.man-machine.com\/fr\/produit\/its-cool-drape\/#primaryimage\"},\"thumbnailUrl\":\"https:\/\/eu.man-machine.com\/wp-content\/uploads\/2024\/10\/ICF_white_US_drape-offL_front.png\",\"datePublished\":\"2024-10-31T08:25:30+00:00\",\"dateModified\":\"2026-01-09T12:34:41+00:00\",\"description\":\"Its Cool Drape est une housse de protection en silicone pour clavier Its Cool, offrant une protection hygi\u00e9nique suppl\u00e9mentaire.\",\"breadcrumb\":{\"@id\":\"https:\/\/eu.man-machine.com\/fr\/produit\/its-cool-drape\/#breadcrumb\"},\"inLanguage\":\"fr-FR\",\"potentialAction\":[{\"@type\":\"ReadAction\",\"target\":[\"https:\/\/eu.man-machine.com\/fr\/produit\/its-cool-drape\/\"]}]},{\"@type\":\"ImageObject\",\"inLanguage\":\"fr-FR\",\"@id\":\"https:\/\/eu.man-machine.com\/fr\/produit\/its-cool-drape\/#primaryimage\",\"url\":\"https:\/\/eu.man-machine.com\/wp-content\/uploads\/2024\/10\/ICF_white_US_drape-offL_front.png\",\"contentUrl\":\"https:\/\/eu.man-machine.com\/wp-content\/uploads\/2024\/10\/ICF_white_US_drape-offL_front.png\",\"width\":1859,\"height\":765,\"caption\":\"A Man & Machine Its Cool keyboard with a protective silicone drape with key print, pealed off at the left side\"},{\"@type\":\"BreadcrumbList\",\"@id\":\"https:\/\/eu.man-machine.com\/fr\/produit\/its-cool-drape\/#breadcrumb\",\"itemListElement\":[{\"@type\":\"ListItem\",\"position\":1,\"name\":\"Home\",\"item\":\"https:\/\/eu.man-machine.com\/fr\/\"},{\"@type\":\"ListItem\",\"position\":2,\"name\":\"Catalogue\",\"item\":\"https:\/\/eu.man-machine.com\/fr\/catalogue\/\"},{\"@type\":\"ListItem\",\"position\":3,\"name\":\"Accessoires\",\"item\":\"https:\/\/eu.man-machine.com\/fr\/categorie-produit\/accessoires\/\"},{\"@type\":\"ListItem\",\"position\":4,\"name\":\"Its Cool Drape\"}]},{\"@type\":\"WebSite\",\"@id\":\"https:\/\/eu.man-machine.com\/fr\/#website\",\"url\":\"https:\/\/eu.man-machine.com\/fr\/\",\"name\":\"Man & Machine\",\"description\":\"Claviers \u00e9tanches pour les applications m\u00e9dicales et industrielles\",\"publisher\":{\"@id\":\"https:\/\/eu.man-machine.com\/fr\/#organization\"},\"alternateName\":\"Man and Machine\",\"potentialAction\":[{\"@type\":\"SearchAction\",\"target\":{\"@type\":\"EntryPoint\",\"urlTemplate\":\"https:\/\/eu.man-machine.com\/fr\/?s={search_term_string}\"},\"query-input\":{\"@type\":\"PropertyValueSpecification\",\"valueRequired\":true,\"valueName\":\"search_term_string\"}}],\"inLanguage\":\"fr-FR\"},{\"@type\":\"Organization\",\"@id\":\"https:\/\/eu.man-machine.com\/fr\/#organization\",\"name\":\"Man & Machine\",\"alternateName\":\"Man and Machine\",\"url\":\"https:\/\/eu.man-machine.com\/fr\/\",\"logo\":{\"@type\":\"ImageObject\",\"inLanguage\":\"fr-FR\",\"@id\":\"https:\/\/eu.man-machine.com\/fr\/#\/schema\/logo\/image\/\",\"url\":\"https:\/\/eu.man-machine.com\/wp-content\/uploads\/2024\/11\/man-and-machine-logo-svg.svg\",\"contentUrl\":\"https:\/\/eu.man-machine.com\/wp-content\/uploads\/2024\/11\/man-and-machine-logo-svg.svg\",\"width\":293,\"height\":28,\"caption\":\"Man & Machine\"},\"image\":{\"@id\":\"https:\/\/eu.man-machine.com\/fr\/#\/schema\/logo\/image\/\"},\"sameAs\":[\"https:\/\/www.facebook.com\/ManAndMachine\/\",\"https:\/\/x.com\/manandmachineco\"]}]}<\/script>\n<!-- \/ Yoast SEO plugin. -->","yoast_head_json":{"title":"Man & Machine Its Cool Drape Protection De Clavier","description":"Its Cool Drape est une housse de protection en silicone pour clavier Its Cool, offrant une protection hygi\u00e9nique suppl\u00e9mentaire.","robots":{"index":"index","follow":"follow","max-snippet":"max-snippet:-1","max-image-preview":"max-image-preview:large","max-video-preview":"max-video-preview:-1"},"canonical":"https:\/\/eu.man-machine.com\/fr\/produit\/its-cool-drape\/","og_locale":"fr_FR","og_type":"article","og_title":"Man & Machine Its Cool Drape Protection De Clavier","og_description":"Its Cool Drape est une housse de protection en silicone pour clavier Its Cool, offrant une protection hygi\u00e9nique suppl\u00e9mentaire.","og_url":"https:\/\/eu.man-machine.com\/fr\/produit\/its-cool-drape\/","og_site_name":"Man & Machine","article_publisher":"https:\/\/www.facebook.com\/ManAndMachine\/","article_modified_time":"2026-01-09T12:34:41+00:00","og_image":[{"width":1859,"height":765,"url":"https:\/\/eu.man-machine.com\/wp-content\/uploads\/2024\/10\/ICF_white_US_drape-offL_front.png","type":"image\/png"}],"twitter_card":"summary_large_image","twitter_site":"@manandmachineco","twitter_misc":{"Dur\u00e9e de lecture estim\u00e9e":"3 minutes"},"schema":{"@context":"https:\/\/schema.org","@graph":[{"@type":"WebPage","@id":"https:\/\/eu.man-machine.com\/fr\/produit\/its-cool-drape\/","url":"https:\/\/eu.man-machine.com\/fr\/produit\/its-cool-drape\/","name":"Man & Machine Its Cool Drape Protection De Clavier","isPartOf":{"@id":"https:\/\/eu.man-machine.com\/fr\/#website"},"primaryImageOfPage":{"@id":"https:\/\/eu.man-machine.com\/fr\/produit\/its-cool-drape\/#primaryimage"},"image":{"@id":"https:\/\/eu.man-machine.com\/fr\/produit\/its-cool-drape\/#primaryimage"},"thumbnailUrl":"https:\/\/eu.man-machine.com\/wp-content\/uploads\/2024\/10\/ICF_white_US_drape-offL_front.png","datePublished":"2024-10-31T08:25:30+00:00","dateModified":"2026-01-09T12:34:41+00:00","description":"Its Cool Drape est une housse de protection en silicone pour clavier Its Cool, offrant une protection hygi\u00e9nique suppl\u00e9mentaire.","breadcrumb":{"@id":"https:\/\/eu.man-machine.com\/fr\/produit\/its-cool-drape\/#breadcrumb"},"inLanguage":"fr-FR","potentialAction":[{"@type":"ReadAction","target":["https:\/\/eu.man-machine.com\/fr\/produit\/its-cool-drape\/"]}]},{"@type":"ImageObject","inLanguage":"fr-FR","@id":"https:\/\/eu.man-machine.com\/fr\/produit\/its-cool-drape\/#primaryimage","url":"https:\/\/eu.man-machine.com\/wp-content\/uploads\/2024\/10\/ICF_white_US_drape-offL_front.png","contentUrl":"https:\/\/eu.man-machine.com\/wp-content\/uploads\/2024\/10\/ICF_white_US_drape-offL_front.png","width":1859,"height":765,"caption":"A Man & Machine Its Cool keyboard with a protective silicone drape with key print, pealed off at the left side"},{"@type":"BreadcrumbList","@id":"https:\/\/eu.man-machine.com\/fr\/produit\/its-cool-drape\/#breadcrumb","itemListElement":[{"@type":"ListItem","position":1,"name":"Home","item":"https:\/\/eu.man-machine.com\/fr\/"},{"@type":"ListItem","position":2,"name":"Catalogue","item":"https:\/\/eu.man-machine.com\/fr\/catalogue\/"},{"@type":"ListItem","position":3,"name":"Accessoires","item":"https:\/\/eu.man-machine.com\/fr\/categorie-produit\/accessoires\/"},{"@type":"ListItem","position":4,"name":"Its Cool Drape"}]},{"@type":"WebSite","@id":"https:\/\/eu.man-machine.com\/fr\/#website","url":"https:\/\/eu.man-machine.com\/fr\/","name":"Man & Machine","description":"Claviers \u00e9tanches pour les applications m\u00e9dicales et industrielles","publisher":{"@id":"https:\/\/eu.man-machine.com\/fr\/#organization"},"alternateName":"Man and Machine","potentialAction":[{"@type":"SearchAction","target":{"@type":"EntryPoint","urlTemplate":"https:\/\/eu.man-machine.com\/fr\/?s={search_term_string}"},"query-input":{"@type":"PropertyValueSpecification","valueRequired":true,"valueName":"search_term_string"}}],"inLanguage":"fr-FR"},{"@type":"Organization","@id":"https:\/\/eu.man-machine.com\/fr\/#organization","name":"Man & Machine","alternateName":"Man and Machine","url":"https:\/\/eu.man-machine.com\/fr\/","logo":{"@type":"ImageObject","inLanguage":"fr-FR","@id":"https:\/\/eu.man-machine.com\/fr\/#\/schema\/logo\/image\/","url":"https:\/\/eu.man-machine.com\/wp-content\/uploads\/2024\/11\/man-and-machine-logo-svg.svg","contentUrl":"https:\/\/eu.man-machine.com\/wp-content\/uploads\/2024\/11\/man-and-machine-logo-svg.svg","width":293,"height":28,"caption":"Man & Machine"},"image":{"@id":"https:\/\/eu.man-machine.com\/fr\/#\/schema\/logo\/image\/"},"sameAs":["https:\/\/www.facebook.com\/ManAndMachine\/","https:\/\/x.com\/manandmachineco"]}]}},"_links":{"self":[{"href":"https:\/\/eu.man-machine.com\/fr\/wp-json\/wp\/v2\/product\/8436","targetHints":{"allow":["GET"]}}],"collection":[{"href":"https:\/\/eu.man-machine.com\/fr\/wp-json\/wp\/v2\/product"}],"about":[{"href":"https:\/\/eu.man-machine.com\/fr\/wp-json\/wp\/v2\/types\/product"}],"wp:featuredmedia":[{"embeddable":true,"href":"https:\/\/eu.man-machine.com\/fr\/wp-json\/wp\/v2\/media\/5765"}],"wp:attachment":[{"href":"https:\/\/eu.man-machine.com\/fr\/wp-json\/wp\/v2\/media?parent=8436"}],"wp:term":[{"taxonomy":"product_brand","embeddable":true,"href":"https:\/\/eu.man-machine.com\/fr\/wp-json\/wp\/v2\/product_brand?post=8436"},{"taxonomy":"product_cat","embeddable":true,"href":"https:\/\/eu.man-machine.com\/fr\/wp-json\/wp\/v2\/product_cat?post=8436"},{"taxonomy":"product_tag","embeddable":true,"href":"https:\/\/eu.man-machine.com\/fr\/wp-json\/wp\/v2\/product_tag?post=8436"}],"curies":[{"name":"wp","href":"https:\/\/api.w.org\/{rel}","templated":true}]}}