{"id":8451,"date":"2024-10-28T14:18:05","date_gmt":"2024-10-28T13:18:05","guid":{"rendered":"https:\/\/eu.man-machine.com\/product\/very-cool-blanc\/"},"modified":"2026-03-19T14:48:24","modified_gmt":"2026-03-19T13:48:24","slug":"very-cool-blanc","status":"publish","type":"product","link":"https:\/\/eu.man-machine.com\/fr\/produit\/very-cool-blanc\/","title":{"rendered":"Very Cool &#8211; blanc"},"content":{"rendered":"<p>Le Very Cool est un clavier hygi\u00e9nique lavable aux dimensions g\u00e9n\u00e9reuses fait pour l\u2019environnement m\u00e9dical. L\u2019\u00e9lectronique est prot\u00e9g\u00e9e et verrouill\u00e9e \u00e0 l\u2019int\u00e9rieur, permettant la certification IP68.<\/p>\n<p>Notre clavier peut \u00eatre immerg\u00e9, rinc\u00e9, vaporis\u00e9 ou essuy\u00e9 avec un chiffon, \u00e0 l&rsquo;aide d&rsquo;un d\u00e9sinfectant de surface standard. Il est \u00e9galement verrouillable, permettant d\u2019\u00e9viter l\u2019appui de touche involontaire lors du nettoyage. L&rsquo;aspect blanc garantit quant \u00e0 lui que la salet\u00e9 est imm\u00e9diatement visible et peut donc \u00eatre enlev\u00e9e rapidement.<\/p>\n<p>Notre clavier Very Cool poss\u00e8de un c\u00e2ble intelligent con\u00e7u pour les plateaux et chariots destin\u00e9s aux claviers. Le c\u00e2ble peut en effet \u00eatre orient\u00e9 dans 4 directions, permettant de convenir \u00e0 n\u2019importe quelle installation. Sa double d\u00e9charge de pression permet d\u2019\u00e9viter les probl\u00e8mes de rupture de c\u00e2ble. Pour simplifier la gestion du c\u00e2ble, celui-ci est en r\u00e9alit\u00e9 compos\u00e9 de deux parties : une premi\u00e8re de 50 cm partant du clavier et une deuxi\u00e8me correspondant au reste du c\u00e2ble sous forme de rallonge. Cela permet de pouvoir laisser la majorit\u00e9 du c\u00e2ble \u00e0 sa place lors du nettoyage ou de l\u2019installation.<\/p>\n<p>D\u00e9couvrez notre clavier avec un confort de frappe exceptionnel. Vous pouvez \u00e9quiper le clavier Very Cool avec la housse de protection <a href=\"https:\/\/eu.man-machine.com\/fr\/produit\/very-cool-drape\/\" target=\"_blank\" rel=\"noopener\">Very Cool Drape <\/a>comme rempart contre les microbes.<\/p>\n","protected":false},"excerpt":{"rendered":"<p>Le Very Cool est un clavier hygi\u00e9nique lavable aux dimensions g\u00e9n\u00e9reuses fait pour l\u2019environnement m\u00e9dical. L\u2019\u00e9lectronique est prot\u00e9g\u00e9e et verrouill\u00e9e \u00e0 l\u2019int\u00e9rieur, permettant la certification IP68. Notre clavier peut \u00eatre&#8230;<\/p>\n","protected":false},"featured_media":8127,"template":"","meta":{"_acf_changed":false,"_glsr_average":0,"_glsr_ranking":0,"_glsr_reviews":0},"product_brand":[],"product_cat":[677,1057,1059,1076,1086,1060,1061,1062,1063],"product_tag":[],"class_list":{"0":"post-8451","1":"product","2":"type-product","3":"status-publish","4":"has-post-thumbnail","6":"product_cat-claviers","7":"product_cat-claviers-medicaux","8":"product_cat-claviers-lavables","9":"product_cat-claviers-antibacteriens","10":"product_cat-claviers-antimicrobiens","11":"product_cat-claviers-pour-hopitaux","12":"product_cat-claviers-pour-cabinets-dentaires","13":"product_cat-claviers-pour-cabinets-medicaux","14":"product_cat-claviers-pour-laboratoires","16":"first","17":"instock","18":"shipping-taxable","19":"product-type-variable","20":"has-default-attributes"},"acf":[],"yoast_head":"<!-- This site is optimized with the Yoast SEO plugin v26.9 - https:\/\/yoast.com\/product\/yoast-seo-wordpress\/ -->\n<title>Man &amp; Machine Very Cool Clavier (Blanc)<\/title>\n<meta name=\"description\" content=\"Very Cool est un clavier hygi\u00e9nique lavable pour un usage m\u00e9dical, compatible avec tout d\u00e9sinfectant de surface.\" \/>\n<meta name=\"robots\" content=\"index, follow, max-snippet:-1, max-image-preview:large, max-video-preview:-1\" \/>\n<link rel=\"canonical\" href=\"https:\/\/eu.man-machine.com\/fr\/produit\/very-cool-blanc\/\" \/>\n<meta property=\"og:locale\" content=\"fr_FR\" \/>\n<meta property=\"og:type\" content=\"article\" \/>\n<meta property=\"og:title\" content=\"Man &amp; Machine Very Cool Clavier (Blanc)\" \/>\n<meta property=\"og:description\" content=\"Very Cool est un clavier hygi\u00e9nique lavable pour un usage m\u00e9dical, compatible avec tout d\u00e9sinfectant de surface.\" \/>\n<meta property=\"og:url\" content=\"https:\/\/eu.man-machine.com\/fr\/produit\/very-cool-blanc\/\" \/>\n<meta property=\"og:site_name\" content=\"Man &amp; Machine\" \/>\n<meta property=\"article:publisher\" content=\"https:\/\/www.facebook.com\/ManAndMachine\/\" \/>\n<meta property=\"article:modified_time\" content=\"2026-03-19T13:48:24+00:00\" \/>\n<meta property=\"og:image\" content=\"https:\/\/eu.man-machine.com\/wp-content\/uploads\/2024\/10\/VC_white_US_top-3-scaled.png\" \/>\n\t<meta property=\"og:image:width\" content=\"2500\" \/>\n\t<meta property=\"og:image:height\" content=\"1146\" \/>\n\t<meta property=\"og:image:type\" content=\"image\/png\" \/>\n<meta name=\"twitter:card\" content=\"summary_large_image\" \/>\n<meta name=\"twitter:site\" content=\"@manandmachineco\" \/>\n<meta name=\"twitter:label1\" content=\"Dur\u00e9e de lecture estim\u00e9e\" \/>\n\t<meta name=\"twitter:data1\" content=\"3 minutes\" \/>\n<script type=\"application\/ld+json\" class=\"yoast-schema-graph\">{\"@context\":\"https:\/\/schema.org\",\"@graph\":[{\"@type\":\"WebPage\",\"@id\":\"https:\/\/eu.man-machine.com\/fr\/produit\/very-cool-blanc\/\",\"url\":\"https:\/\/eu.man-machine.com\/fr\/produit\/very-cool-blanc\/\",\"name\":\"Man & Machine Very Cool Clavier (Blanc)\",\"isPartOf\":{\"@id\":\"https:\/\/eu.man-machine.com\/fr\/#website\"},\"primaryImageOfPage\":{\"@id\":\"https:\/\/eu.man-machine.com\/fr\/produit\/very-cool-blanc\/#primaryimage\"},\"image\":{\"@id\":\"https:\/\/eu.man-machine.com\/fr\/produit\/very-cool-blanc\/#primaryimage\"},\"thumbnailUrl\":\"https:\/\/eu.man-machine.com\/wp-content\/uploads\/2024\/10\/VC_white_US_top-3-scaled.png\",\"datePublished\":\"2024-10-28T13:18:05+00:00\",\"dateModified\":\"2026-03-19T13:48:24+00:00\",\"description\":\"Very Cool est un clavier hygi\u00e9nique lavable pour un usage m\u00e9dical, compatible avec tout d\u00e9sinfectant de surface.\",\"breadcrumb\":{\"@id\":\"https:\/\/eu.man-machine.com\/fr\/produit\/very-cool-blanc\/#breadcrumb\"},\"inLanguage\":\"fr-FR\",\"potentialAction\":[{\"@type\":\"ReadAction\",\"target\":[\"https:\/\/eu.man-machine.com\/fr\/produit\/very-cool-blanc\/\"]}]},{\"@type\":\"ImageObject\",\"inLanguage\":\"fr-FR\",\"@id\":\"https:\/\/eu.man-machine.com\/fr\/produit\/very-cool-blanc\/#primaryimage\",\"url\":\"https:\/\/eu.man-machine.com\/wp-content\/uploads\/2024\/10\/VC_white_US_top-3-scaled.png\",\"contentUrl\":\"https:\/\/eu.man-machine.com\/wp-content\/uploads\/2024\/10\/VC_white_US_top-3-scaled.png\",\"width\":2500,\"height\":1146,\"caption\":\"Washable white Very Cool keyboard by Man & Machine - top view\"},{\"@type\":\"BreadcrumbList\",\"@id\":\"https:\/\/eu.man-machine.com\/fr\/produit\/very-cool-blanc\/#breadcrumb\",\"itemListElement\":[{\"@type\":\"ListItem\",\"position\":1,\"name\":\"Home\",\"item\":\"https:\/\/eu.man-machine.com\/fr\/\"},{\"@type\":\"ListItem\",\"position\":2,\"name\":\"Catalogue\",\"item\":\"https:\/\/eu.man-machine.com\/fr\/catalogue\/\"},{\"@type\":\"ListItem\",\"position\":3,\"name\":\"Claviers\",\"item\":\"https:\/\/eu.man-machine.com\/fr\/categorie-produit\/claviers\/\"},{\"@type\":\"ListItem\",\"position\":4,\"name\":\"Very Cool &#8211; blanc\"}]},{\"@type\":\"WebSite\",\"@id\":\"https:\/\/eu.man-machine.com\/fr\/#website\",\"url\":\"https:\/\/eu.man-machine.com\/fr\/\",\"name\":\"Man & Machine\",\"description\":\"Claviers \u00e9tanches pour les applications m\u00e9dicales et industrielles\",\"publisher\":{\"@id\":\"https:\/\/eu.man-machine.com\/fr\/#organization\"},\"alternateName\":\"Man and Machine\",\"potentialAction\":[{\"@type\":\"SearchAction\",\"target\":{\"@type\":\"EntryPoint\",\"urlTemplate\":\"https:\/\/eu.man-machine.com\/fr\/?s={search_term_string}\"},\"query-input\":{\"@type\":\"PropertyValueSpecification\",\"valueRequired\":true,\"valueName\":\"search_term_string\"}}],\"inLanguage\":\"fr-FR\"},{\"@type\":\"Organization\",\"@id\":\"https:\/\/eu.man-machine.com\/fr\/#organization\",\"name\":\"Man & Machine\",\"alternateName\":\"Man and Machine\",\"url\":\"https:\/\/eu.man-machine.com\/fr\/\",\"logo\":{\"@type\":\"ImageObject\",\"inLanguage\":\"fr-FR\",\"@id\":\"https:\/\/eu.man-machine.com\/fr\/#\/schema\/logo\/image\/\",\"url\":\"https:\/\/eu.man-machine.com\/wp-content\/uploads\/2024\/11\/man-and-machine-logo-svg.svg\",\"contentUrl\":\"https:\/\/eu.man-machine.com\/wp-content\/uploads\/2024\/11\/man-and-machine-logo-svg.svg\",\"width\":293,\"height\":28,\"caption\":\"Man & Machine\"},\"image\":{\"@id\":\"https:\/\/eu.man-machine.com\/fr\/#\/schema\/logo\/image\/\"},\"sameAs\":[\"https:\/\/www.facebook.com\/ManAndMachine\/\",\"https:\/\/x.com\/manandmachineco\"]}]}<\/script>\n<!-- \/ Yoast SEO plugin. -->","yoast_head_json":{"title":"Man & Machine Very Cool Clavier (Blanc)","description":"Very Cool est un clavier hygi\u00e9nique lavable pour un usage m\u00e9dical, compatible avec tout d\u00e9sinfectant de surface.","robots":{"index":"index","follow":"follow","max-snippet":"max-snippet:-1","max-image-preview":"max-image-preview:large","max-video-preview":"max-video-preview:-1"},"canonical":"https:\/\/eu.man-machine.com\/fr\/produit\/very-cool-blanc\/","og_locale":"fr_FR","og_type":"article","og_title":"Man & Machine Very Cool Clavier (Blanc)","og_description":"Very Cool est un clavier hygi\u00e9nique lavable pour un usage m\u00e9dical, compatible avec tout d\u00e9sinfectant de surface.","og_url":"https:\/\/eu.man-machine.com\/fr\/produit\/very-cool-blanc\/","og_site_name":"Man & Machine","article_publisher":"https:\/\/www.facebook.com\/ManAndMachine\/","article_modified_time":"2026-03-19T13:48:24+00:00","og_image":[{"width":2500,"height":1146,"url":"https:\/\/eu.man-machine.com\/wp-content\/uploads\/2024\/10\/VC_white_US_top-3-scaled.png","type":"image\/png"}],"twitter_card":"summary_large_image","twitter_site":"@manandmachineco","twitter_misc":{"Dur\u00e9e de lecture estim\u00e9e":"3 minutes"},"schema":{"@context":"https:\/\/schema.org","@graph":[{"@type":"WebPage","@id":"https:\/\/eu.man-machine.com\/fr\/produit\/very-cool-blanc\/","url":"https:\/\/eu.man-machine.com\/fr\/produit\/very-cool-blanc\/","name":"Man & Machine Very Cool Clavier (Blanc)","isPartOf":{"@id":"https:\/\/eu.man-machine.com\/fr\/#website"},"primaryImageOfPage":{"@id":"https:\/\/eu.man-machine.com\/fr\/produit\/very-cool-blanc\/#primaryimage"},"image":{"@id":"https:\/\/eu.man-machine.com\/fr\/produit\/very-cool-blanc\/#primaryimage"},"thumbnailUrl":"https:\/\/eu.man-machine.com\/wp-content\/uploads\/2024\/10\/VC_white_US_top-3-scaled.png","datePublished":"2024-10-28T13:18:05+00:00","dateModified":"2026-03-19T13:48:24+00:00","description":"Very Cool est un clavier hygi\u00e9nique lavable pour un usage m\u00e9dical, compatible avec tout d\u00e9sinfectant de surface.","breadcrumb":{"@id":"https:\/\/eu.man-machine.com\/fr\/produit\/very-cool-blanc\/#breadcrumb"},"inLanguage":"fr-FR","potentialAction":[{"@type":"ReadAction","target":["https:\/\/eu.man-machine.com\/fr\/produit\/very-cool-blanc\/"]}]},{"@type":"ImageObject","inLanguage":"fr-FR","@id":"https:\/\/eu.man-machine.com\/fr\/produit\/very-cool-blanc\/#primaryimage","url":"https:\/\/eu.man-machine.com\/wp-content\/uploads\/2024\/10\/VC_white_US_top-3-scaled.png","contentUrl":"https:\/\/eu.man-machine.com\/wp-content\/uploads\/2024\/10\/VC_white_US_top-3-scaled.png","width":2500,"height":1146,"caption":"Washable white Very Cool keyboard by Man & Machine - top view"},{"@type":"BreadcrumbList","@id":"https:\/\/eu.man-machine.com\/fr\/produit\/very-cool-blanc\/#breadcrumb","itemListElement":[{"@type":"ListItem","position":1,"name":"Home","item":"https:\/\/eu.man-machine.com\/fr\/"},{"@type":"ListItem","position":2,"name":"Catalogue","item":"https:\/\/eu.man-machine.com\/fr\/catalogue\/"},{"@type":"ListItem","position":3,"name":"Claviers","item":"https:\/\/eu.man-machine.com\/fr\/categorie-produit\/claviers\/"},{"@type":"ListItem","position":4,"name":"Very Cool &#8211; blanc"}]},{"@type":"WebSite","@id":"https:\/\/eu.man-machine.com\/fr\/#website","url":"https:\/\/eu.man-machine.com\/fr\/","name":"Man & Machine","description":"Claviers \u00e9tanches pour les applications m\u00e9dicales et industrielles","publisher":{"@id":"https:\/\/eu.man-machine.com\/fr\/#organization"},"alternateName":"Man and Machine","potentialAction":[{"@type":"SearchAction","target":{"@type":"EntryPoint","urlTemplate":"https:\/\/eu.man-machine.com\/fr\/?s={search_term_string}"},"query-input":{"@type":"PropertyValueSpecification","valueRequired":true,"valueName":"search_term_string"}}],"inLanguage":"fr-FR"},{"@type":"Organization","@id":"https:\/\/eu.man-machine.com\/fr\/#organization","name":"Man & Machine","alternateName":"Man and Machine","url":"https:\/\/eu.man-machine.com\/fr\/","logo":{"@type":"ImageObject","inLanguage":"fr-FR","@id":"https:\/\/eu.man-machine.com\/fr\/#\/schema\/logo\/image\/","url":"https:\/\/eu.man-machine.com\/wp-content\/uploads\/2024\/11\/man-and-machine-logo-svg.svg","contentUrl":"https:\/\/eu.man-machine.com\/wp-content\/uploads\/2024\/11\/man-and-machine-logo-svg.svg","width":293,"height":28,"caption":"Man & Machine"},"image":{"@id":"https:\/\/eu.man-machine.com\/fr\/#\/schema\/logo\/image\/"},"sameAs":["https:\/\/www.facebook.com\/ManAndMachine\/","https:\/\/x.com\/manandmachineco"]}]}},"_links":{"self":[{"href":"https:\/\/eu.man-machine.com\/fr\/wp-json\/wp\/v2\/product\/8451","targetHints":{"allow":["GET"]}}],"collection":[{"href":"https:\/\/eu.man-machine.com\/fr\/wp-json\/wp\/v2\/product"}],"about":[{"href":"https:\/\/eu.man-machine.com\/fr\/wp-json\/wp\/v2\/types\/product"}],"wp:featuredmedia":[{"embeddable":true,"href":"https:\/\/eu.man-machine.com\/fr\/wp-json\/wp\/v2\/media\/8127"}],"wp:attachment":[{"href":"https:\/\/eu.man-machine.com\/fr\/wp-json\/wp\/v2\/media?parent=8451"}],"wp:term":[{"taxonomy":"product_brand","embeddable":true,"href":"https:\/\/eu.man-machine.com\/fr\/wp-json\/wp\/v2\/product_brand?post=8451"},{"taxonomy":"product_cat","embeddable":true,"href":"https:\/\/eu.man-machine.com\/fr\/wp-json\/wp\/v2\/product_cat?post=8451"},{"taxonomy":"product_tag","embeddable":true,"href":"https:\/\/eu.man-machine.com\/fr\/wp-json\/wp\/v2\/product_tag?post=8451"}],"curies":[{"name":"wp","href":"https:\/\/api.w.org\/{rel}","templated":true}]}}