{"id":8457,"date":"2024-09-24T15:35:49","date_gmt":"2024-09-24T13:35:49","guid":{"rendered":"https:\/\/eu.man-machine.com\/product\/very-cool-flat-magfix-blanc\/"},"modified":"2026-03-19T14:49:57","modified_gmt":"2026-03-19T13:49:57","slug":"very-cool-flat-magfix-blanc","status":"publish","type":"product","link":"https:\/\/eu.man-machine.com\/fr\/produit\/very-cool-flat-magfix-blanc\/","title":{"rendered":"Very Cool Flat MagFix &#8211; blanc"},"content":{"rendered":"<p>Des aimants sont int\u00e9gr\u00e9s \u00e0 l&rsquo;int\u00e9rieur de ce clavier hygi\u00e9nique, pour une fixation facile sur les surfaces sensibles aux aimants. Ce grand clavier filaire est lavable car ses composants \u00e9lectroniques internes sont scell\u00e9s en toute s\u00e9curit\u00e9. Sa housse de protection st\u00e9rilisable emp\u00eache l&rsquo;entr\u00e9e des bact\u00e9ries.<\/p>\n<p>Pour s&rsquo;adapter \u00e0 votre protocole de nettoyage, le clavier et la housse peuvent \u00eatre immerg\u00e9s, rinc\u00e9s, vaporis\u00e9s ou essuy\u00e9s avec de l\u2019eau et du savon ainsi qu&rsquo;avec des liquides de nettoyage approuv\u00e9s. Le clavier r\u00e9siste aux d\u00e9sinfectants de surface les plus courants, vous permettant non seulement de le nettoyer, mais aussi de le d\u00e9sinfecter. Verrouillez le clavier avec la touche F11 pour s\u00e9curiser vos donn\u00e9es pendant le traitement du clavier.<\/p>\n<p>Appr\u00e9ciez le retour tactile de ce clavier gr\u00e2ce \u00e0 ses touches m\u00e9caniques. La housse pr\u00e9sente un l\u00e9ger relief afin de faciliter le positionnement des doigts et la frappe \u00e0 l&rsquo;aveugle.<br \/>\nPour faciliter la gestion des c\u00e2bles, le VCF est livr\u00e9 en standard avec un cable de 45 cm qui peut \u00eatre orient\u00e9 dans 4 directions, ainsi qu&rsquo;une rallonge de 150 cm qui peut \u00eatre ins\u00e9r\u00e9e dans un chariot, un bureau ou un mur. Son cable facile \u00e0 d\u00e9connecter est dot\u00e9 d&rsquo;une double d\u00e9charge de traction pour une durabilit\u00e9 maximale.<\/p>\n<p>Pour un aspect frais et propre, et pour d\u00e9tecter facilement les contaminations et r\u00e9agir instantan\u00e9ment, le Very Cool Flat pr\u00e9sente un design blanc hygi\u00e9nique.<\/p>\n","protected":false},"excerpt":{"rendered":"<p>Des aimants sont int\u00e9gr\u00e9s \u00e0 l&rsquo;int\u00e9rieur de ce clavier hygi\u00e9nique, pour une fixation facile sur les surfaces sensibles aux aimants. Ce grand clavier filaire est lavable car ses composants \u00e9lectroniques&#8230;<\/p>\n","protected":false},"featured_media":8228,"template":"","meta":{"_acf_changed":false,"_glsr_average":0,"_glsr_ranking":0,"_glsr_reviews":0},"product_brand":[],"product_cat":[677,1057,1059,1076,1086,1060,1061,1062,1063],"product_tag":[],"class_list":{"0":"post-8457","1":"product","2":"type-product","3":"status-publish","4":"has-post-thumbnail","6":"product_cat-claviers","7":"product_cat-claviers-medicaux","8":"product_cat-claviers-lavables","9":"product_cat-claviers-antibacteriens","10":"product_cat-claviers-antimicrobiens","11":"product_cat-claviers-pour-hopitaux","12":"product_cat-claviers-pour-cabinets-dentaires","13":"product_cat-claviers-pour-cabinets-medicaux","14":"product_cat-claviers-pour-laboratoires","16":"first","17":"instock","18":"shipping-taxable","19":"product-type-variable","20":"has-default-attributes"},"acf":[],"yoast_head":"<!-- This site is optimized with the Yoast SEO plugin v26.9 - https:\/\/yoast.com\/product\/yoast-seo-wordpress\/ -->\n<title>Man &amp; Machine Very Cool Flat MagFix Clavier (Blanc)<\/title>\n<meta name=\"description\" content=\"Clavier hygi\u00e9nique avec housse st\u00e9rilisable et aimants scell\u00e9s, id\u00e9al pour les supports repliables en milieu m\u00e9dical.\" \/>\n<meta name=\"robots\" content=\"index, follow, max-snippet:-1, max-image-preview:large, max-video-preview:-1\" \/>\n<link rel=\"canonical\" href=\"https:\/\/eu.man-machine.com\/fr\/produit\/very-cool-flat-magfix-blanc\/\" \/>\n<meta property=\"og:locale\" content=\"fr_FR\" \/>\n<meta property=\"og:type\" content=\"article\" \/>\n<meta property=\"og:title\" content=\"Man &amp; Machine Very Cool Flat MagFix Clavier (Blanc)\" \/>\n<meta property=\"og:description\" content=\"Clavier hygi\u00e9nique avec housse st\u00e9rilisable et aimants scell\u00e9s, id\u00e9al pour les supports repliables en milieu m\u00e9dical.\" \/>\n<meta property=\"og:url\" content=\"https:\/\/eu.man-machine.com\/fr\/produit\/very-cool-flat-magfix-blanc\/\" \/>\n<meta property=\"og:site_name\" content=\"Man &amp; Machine\" \/>\n<meta property=\"article:publisher\" content=\"https:\/\/www.facebook.com\/ManAndMachine\/\" \/>\n<meta property=\"article:modified_time\" content=\"2026-03-19T13:49:57+00:00\" \/>\n<meta property=\"og:image\" content=\"https:\/\/eu.man-machine.com\/wp-content\/uploads\/2024\/10\/VCFM_white_US-scaled.png\" \/>\n\t<meta property=\"og:image:width\" content=\"2500\" \/>\n\t<meta property=\"og:image:height\" content=\"1473\" \/>\n\t<meta property=\"og:image:type\" content=\"image\/png\" \/>\n<meta name=\"twitter:card\" content=\"summary_large_image\" \/>\n<meta name=\"twitter:site\" content=\"@manandmachineco\" \/>\n<meta name=\"twitter:label1\" content=\"Dur\u00e9e de lecture estim\u00e9e\" \/>\n\t<meta name=\"twitter:data1\" content=\"4 minutes\" \/>\n<script type=\"application\/ld+json\" class=\"yoast-schema-graph\">{\"@context\":\"https:\/\/schema.org\",\"@graph\":[{\"@type\":\"WebPage\",\"@id\":\"https:\/\/eu.man-machine.com\/fr\/produit\/very-cool-flat-magfix-blanc\/\",\"url\":\"https:\/\/eu.man-machine.com\/fr\/produit\/very-cool-flat-magfix-blanc\/\",\"name\":\"Man & Machine Very Cool Flat MagFix Clavier (Blanc)\",\"isPartOf\":{\"@id\":\"https:\/\/eu.man-machine.com\/fr\/#website\"},\"primaryImageOfPage\":{\"@id\":\"https:\/\/eu.man-machine.com\/fr\/produit\/very-cool-flat-magfix-blanc\/#primaryimage\"},\"image\":{\"@id\":\"https:\/\/eu.man-machine.com\/fr\/produit\/very-cool-flat-magfix-blanc\/#primaryimage\"},\"thumbnailUrl\":\"https:\/\/eu.man-machine.com\/wp-content\/uploads\/2024\/10\/VCFM_white_US-scaled.png\",\"datePublished\":\"2024-09-24T13:35:49+00:00\",\"dateModified\":\"2026-03-19T13:49:57+00:00\",\"description\":\"Clavier hygi\u00e9nique avec housse st\u00e9rilisable et aimants scell\u00e9s, id\u00e9al pour les supports repliables en milieu m\u00e9dical.\",\"breadcrumb\":{\"@id\":\"https:\/\/eu.man-machine.com\/fr\/produit\/very-cool-flat-magfix-blanc\/#breadcrumb\"},\"inLanguage\":\"fr-FR\",\"potentialAction\":[{\"@type\":\"ReadAction\",\"target\":[\"https:\/\/eu.man-machine.com\/fr\/produit\/very-cool-flat-magfix-blanc\/\"]}]},{\"@type\":\"ImageObject\",\"inLanguage\":\"fr-FR\",\"@id\":\"https:\/\/eu.man-machine.com\/fr\/produit\/very-cool-flat-magfix-blanc\/#primaryimage\",\"url\":\"https:\/\/eu.man-machine.com\/wp-content\/uploads\/2024\/10\/VCFM_white_US-scaled.png\",\"contentUrl\":\"https:\/\/eu.man-machine.com\/wp-content\/uploads\/2024\/10\/VCFM_white_US-scaled.png\",\"width\":2500,\"height\":1473,\"caption\":\"Volledig formaat wasbaar toetsenbord met op maat gemaakte, steriliseerbare hoes en ge\u00efntegreerde magneten in US-International indeling \u2013 Very Cool Flat MagFix van Man & Machine\"},{\"@type\":\"BreadcrumbList\",\"@id\":\"https:\/\/eu.man-machine.com\/fr\/produit\/very-cool-flat-magfix-blanc\/#breadcrumb\",\"itemListElement\":[{\"@type\":\"ListItem\",\"position\":1,\"name\":\"Home\",\"item\":\"https:\/\/eu.man-machine.com\/fr\/\"},{\"@type\":\"ListItem\",\"position\":2,\"name\":\"Catalogue\",\"item\":\"https:\/\/eu.man-machine.com\/fr\/catalogue\/\"},{\"@type\":\"ListItem\",\"position\":3,\"name\":\"Claviers\",\"item\":\"https:\/\/eu.man-machine.com\/fr\/categorie-produit\/claviers\/\"},{\"@type\":\"ListItem\",\"position\":4,\"name\":\"Very Cool Flat MagFix &#8211; blanc\"}]},{\"@type\":\"WebSite\",\"@id\":\"https:\/\/eu.man-machine.com\/fr\/#website\",\"url\":\"https:\/\/eu.man-machine.com\/fr\/\",\"name\":\"Man & Machine\",\"description\":\"Claviers \u00e9tanches pour les applications m\u00e9dicales et industrielles\",\"publisher\":{\"@id\":\"https:\/\/eu.man-machine.com\/fr\/#organization\"},\"alternateName\":\"Man and Machine\",\"potentialAction\":[{\"@type\":\"SearchAction\",\"target\":{\"@type\":\"EntryPoint\",\"urlTemplate\":\"https:\/\/eu.man-machine.com\/fr\/?s={search_term_string}\"},\"query-input\":{\"@type\":\"PropertyValueSpecification\",\"valueRequired\":true,\"valueName\":\"search_term_string\"}}],\"inLanguage\":\"fr-FR\"},{\"@type\":\"Organization\",\"@id\":\"https:\/\/eu.man-machine.com\/fr\/#organization\",\"name\":\"Man & Machine\",\"alternateName\":\"Man and Machine\",\"url\":\"https:\/\/eu.man-machine.com\/fr\/\",\"logo\":{\"@type\":\"ImageObject\",\"inLanguage\":\"fr-FR\",\"@id\":\"https:\/\/eu.man-machine.com\/fr\/#\/schema\/logo\/image\/\",\"url\":\"https:\/\/eu.man-machine.com\/wp-content\/uploads\/2024\/11\/man-and-machine-logo-svg.svg\",\"contentUrl\":\"https:\/\/eu.man-machine.com\/wp-content\/uploads\/2024\/11\/man-and-machine-logo-svg.svg\",\"width\":293,\"height\":28,\"caption\":\"Man & Machine\"},\"image\":{\"@id\":\"https:\/\/eu.man-machine.com\/fr\/#\/schema\/logo\/image\/\"},\"sameAs\":[\"https:\/\/www.facebook.com\/ManAndMachine\/\",\"https:\/\/x.com\/manandmachineco\"]}]}<\/script>\n<!-- \/ Yoast SEO plugin. -->","yoast_head_json":{"title":"Man & Machine Very Cool Flat MagFix Clavier (Blanc)","description":"Clavier hygi\u00e9nique avec housse st\u00e9rilisable et aimants scell\u00e9s, id\u00e9al pour les supports repliables en milieu m\u00e9dical.","robots":{"index":"index","follow":"follow","max-snippet":"max-snippet:-1","max-image-preview":"max-image-preview:large","max-video-preview":"max-video-preview:-1"},"canonical":"https:\/\/eu.man-machine.com\/fr\/produit\/very-cool-flat-magfix-blanc\/","og_locale":"fr_FR","og_type":"article","og_title":"Man & Machine Very Cool Flat MagFix Clavier (Blanc)","og_description":"Clavier hygi\u00e9nique avec housse st\u00e9rilisable et aimants scell\u00e9s, id\u00e9al pour les supports repliables en milieu m\u00e9dical.","og_url":"https:\/\/eu.man-machine.com\/fr\/produit\/very-cool-flat-magfix-blanc\/","og_site_name":"Man & Machine","article_publisher":"https:\/\/www.facebook.com\/ManAndMachine\/","article_modified_time":"2026-03-19T13:49:57+00:00","og_image":[{"width":2500,"height":1473,"url":"https:\/\/eu.man-machine.com\/wp-content\/uploads\/2024\/10\/VCFM_white_US-scaled.png","type":"image\/png"}],"twitter_card":"summary_large_image","twitter_site":"@manandmachineco","twitter_misc":{"Dur\u00e9e de lecture estim\u00e9e":"4 minutes"},"schema":{"@context":"https:\/\/schema.org","@graph":[{"@type":"WebPage","@id":"https:\/\/eu.man-machine.com\/fr\/produit\/very-cool-flat-magfix-blanc\/","url":"https:\/\/eu.man-machine.com\/fr\/produit\/very-cool-flat-magfix-blanc\/","name":"Man & Machine Very Cool Flat MagFix Clavier (Blanc)","isPartOf":{"@id":"https:\/\/eu.man-machine.com\/fr\/#website"},"primaryImageOfPage":{"@id":"https:\/\/eu.man-machine.com\/fr\/produit\/very-cool-flat-magfix-blanc\/#primaryimage"},"image":{"@id":"https:\/\/eu.man-machine.com\/fr\/produit\/very-cool-flat-magfix-blanc\/#primaryimage"},"thumbnailUrl":"https:\/\/eu.man-machine.com\/wp-content\/uploads\/2024\/10\/VCFM_white_US-scaled.png","datePublished":"2024-09-24T13:35:49+00:00","dateModified":"2026-03-19T13:49:57+00:00","description":"Clavier hygi\u00e9nique avec housse st\u00e9rilisable et aimants scell\u00e9s, id\u00e9al pour les supports repliables en milieu m\u00e9dical.","breadcrumb":{"@id":"https:\/\/eu.man-machine.com\/fr\/produit\/very-cool-flat-magfix-blanc\/#breadcrumb"},"inLanguage":"fr-FR","potentialAction":[{"@type":"ReadAction","target":["https:\/\/eu.man-machine.com\/fr\/produit\/very-cool-flat-magfix-blanc\/"]}]},{"@type":"ImageObject","inLanguage":"fr-FR","@id":"https:\/\/eu.man-machine.com\/fr\/produit\/very-cool-flat-magfix-blanc\/#primaryimage","url":"https:\/\/eu.man-machine.com\/wp-content\/uploads\/2024\/10\/VCFM_white_US-scaled.png","contentUrl":"https:\/\/eu.man-machine.com\/wp-content\/uploads\/2024\/10\/VCFM_white_US-scaled.png","width":2500,"height":1473,"caption":"Volledig formaat wasbaar toetsenbord met op maat gemaakte, steriliseerbare hoes en ge\u00efntegreerde magneten in US-International indeling \u2013 Very Cool Flat MagFix van Man & Machine"},{"@type":"BreadcrumbList","@id":"https:\/\/eu.man-machine.com\/fr\/produit\/very-cool-flat-magfix-blanc\/#breadcrumb","itemListElement":[{"@type":"ListItem","position":1,"name":"Home","item":"https:\/\/eu.man-machine.com\/fr\/"},{"@type":"ListItem","position":2,"name":"Catalogue","item":"https:\/\/eu.man-machine.com\/fr\/catalogue\/"},{"@type":"ListItem","position":3,"name":"Claviers","item":"https:\/\/eu.man-machine.com\/fr\/categorie-produit\/claviers\/"},{"@type":"ListItem","position":4,"name":"Very Cool Flat MagFix &#8211; blanc"}]},{"@type":"WebSite","@id":"https:\/\/eu.man-machine.com\/fr\/#website","url":"https:\/\/eu.man-machine.com\/fr\/","name":"Man & Machine","description":"Claviers \u00e9tanches pour les applications m\u00e9dicales et industrielles","publisher":{"@id":"https:\/\/eu.man-machine.com\/fr\/#organization"},"alternateName":"Man and Machine","potentialAction":[{"@type":"SearchAction","target":{"@type":"EntryPoint","urlTemplate":"https:\/\/eu.man-machine.com\/fr\/?s={search_term_string}"},"query-input":{"@type":"PropertyValueSpecification","valueRequired":true,"valueName":"search_term_string"}}],"inLanguage":"fr-FR"},{"@type":"Organization","@id":"https:\/\/eu.man-machine.com\/fr\/#organization","name":"Man & Machine","alternateName":"Man and Machine","url":"https:\/\/eu.man-machine.com\/fr\/","logo":{"@type":"ImageObject","inLanguage":"fr-FR","@id":"https:\/\/eu.man-machine.com\/fr\/#\/schema\/logo\/image\/","url":"https:\/\/eu.man-machine.com\/wp-content\/uploads\/2024\/11\/man-and-machine-logo-svg.svg","contentUrl":"https:\/\/eu.man-machine.com\/wp-content\/uploads\/2024\/11\/man-and-machine-logo-svg.svg","width":293,"height":28,"caption":"Man & Machine"},"image":{"@id":"https:\/\/eu.man-machine.com\/fr\/#\/schema\/logo\/image\/"},"sameAs":["https:\/\/www.facebook.com\/ManAndMachine\/","https:\/\/x.com\/manandmachineco"]}]}},"_links":{"self":[{"href":"https:\/\/eu.man-machine.com\/fr\/wp-json\/wp\/v2\/product\/8457","targetHints":{"allow":["GET"]}}],"collection":[{"href":"https:\/\/eu.man-machine.com\/fr\/wp-json\/wp\/v2\/product"}],"about":[{"href":"https:\/\/eu.man-machine.com\/fr\/wp-json\/wp\/v2\/types\/product"}],"wp:featuredmedia":[{"embeddable":true,"href":"https:\/\/eu.man-machine.com\/fr\/wp-json\/wp\/v2\/media\/8228"}],"wp:attachment":[{"href":"https:\/\/eu.man-machine.com\/fr\/wp-json\/wp\/v2\/media?parent=8457"}],"wp:term":[{"taxonomy":"product_brand","embeddable":true,"href":"https:\/\/eu.man-machine.com\/fr\/wp-json\/wp\/v2\/product_brand?post=8457"},{"taxonomy":"product_cat","embeddable":true,"href":"https:\/\/eu.man-machine.com\/fr\/wp-json\/wp\/v2\/product_cat?post=8457"},{"taxonomy":"product_tag","embeddable":true,"href":"https:\/\/eu.man-machine.com\/fr\/wp-json\/wp\/v2\/product_tag?post=8457"}],"curies":[{"name":"wp","href":"https:\/\/api.w.org\/{rel}","templated":true}]}}