{"id":9592,"date":"2025-09-11T15:48:35","date_gmt":"2025-09-11T13:48:35","guid":{"rendered":"https:\/\/eu.man-machine.com\/?post_type=product&#038;p=9592"},"modified":"2026-03-11T11:12:51","modified_gmt":"2026-03-11T10:12:51","slug":"its-cool-clear-drape-copy","status":"publish","type":"product","link":"https:\/\/eu.man-machine.com\/fr\/produit\/its-cool-clear-drape-copy\/","title":{"rendered":"Y Cool Drape"},"content":{"rendered":"<h6>Y Cool Drape: Flat &amp; Key Profile<\/h6>\n<p>Le <strong>Y COOL Drape<\/strong> est con\u00e7u pour s\u2019adapter parfaitement \u00e0 votre clavier Y Cool \u2014 comme une seconde peau. Il scelle le clavier et emp\u00eache l\u2019accumulation de salet\u00e9, de poussi\u00e8re et de microbes nocifs \u00e0 l\u2019int\u00e9rieur. <\/p>\n<p>Le nettoyage et la st\u00e9rilisation sont simples : laver \u00e0 l\u2019eau et au savon, d\u00e9sinfecter avec des produits de nettoyage approuv\u00e9s par les h\u00f4pitaux, st\u00e9riliser dans un autoclave ou exposer \u00e0 une d\u00e9sinfection UV.<\/p>\n<p>Notre Y Cool Drape est disponible en deux versions:<\/p>\n<ul>\n<li><strong>Y Cool Drape Flat:<\/strong> La surface plate et lisse garantit un nettoyage facile, sans fissures ni recoins o\u00f9 les germes peuvent se cacher. Id\u00e9al pour une d\u00e9sinfection rapide en un seul passage. <\/li>\n<li><strong>Y Cool Drape avec profil des touches:<\/strong> Son l\u00e9ger profil des touches permet de se rep\u00e9rer facilement sur le clavier \u2014 parfait pour la frappe \u00e0 l\u2019aveugle. Un design id\u00e9al pour un positionnement naturel des doigts et un meilleur contr\u00f4le de frappe. <\/li>\n<\/ul>\n<h6>Avez-vous besoin d\u2019une housse suppl\u00e9mentaire?<\/h6>\n<p>Chaque clavier Y Cool est livr\u00e9 avec une housse (drape) incluse. Des housses suppl\u00e9mentaires ne sont n\u00e9cessaires que si vous souhaitez avoir des unit\u00e9s de rechange ou remplacer la v\u00f4tre.<br \/>\n<strong>Remarque:<\/strong> Les Y Cool Drapes sont uniquement compatibles avec les claviers Y Cool.<\/p>\n","protected":false},"excerpt":{"rendered":"<p>Y Cool Drape: Flat &amp; Key Profile Le Y COOL Drape est con\u00e7u pour s\u2019adapter parfaitement \u00e0 votre clavier Y Cool \u2014 comme une seconde peau. Il scelle le clavier&#8230;<\/p>\n","protected":false},"featured_media":9588,"template":"","meta":{"_acf_changed":false,"_glsr_average":0,"_glsr_ranking":0,"_glsr_reviews":0},"product_brand":[],"product_cat":[612],"product_tag":[],"class_list":{"0":"post-9592","1":"product","2":"type-product","3":"status-publish","4":"has-post-thumbnail","6":"product_cat-accessoires","8":"first","9":"instock","10":"shipping-taxable","11":"product-type-variable"},"acf":[],"yoast_head":"<!-- This site is optimized with the Yoast SEO plugin v26.9 - https:\/\/yoast.com\/product\/yoast-seo-wordpress\/ -->\n<title>Y Cool Drape &#8211; Man &amp; Machine<\/title>\n<meta name=\"description\" content=\"Une housse de protection transparente en silicone (plate ou avec profil des touches) pour le clavier r\u00e9tro\u00e9clair\u00e9 Y Cool. Elle offre une protection hygi\u00e9nique suppl\u00e9mentaire.\" \/>\n<meta name=\"robots\" content=\"index, follow, max-snippet:-1, max-image-preview:large, max-video-preview:-1\" \/>\n<link rel=\"canonical\" href=\"https:\/\/eu.man-machine.com\/fr\/produit\/its-cool-clear-drape-copy\/\" \/>\n<meta property=\"og:locale\" content=\"fr_FR\" \/>\n<meta property=\"og:type\" content=\"article\" \/>\n<meta property=\"og:title\" content=\"Y Cool Drape &#8211; Man &amp; Machine\" \/>\n<meta property=\"og:description\" content=\"Une housse de protection transparente en silicone (plate ou avec profil des touches) pour le clavier r\u00e9tro\u00e9clair\u00e9 Y Cool. Elle offre une protection hygi\u00e9nique suppl\u00e9mentaire.\" \/>\n<meta property=\"og:url\" content=\"https:\/\/eu.man-machine.com\/fr\/produit\/its-cool-clear-drape-copy\/\" \/>\n<meta property=\"og:site_name\" content=\"Man &amp; Machine\" \/>\n<meta property=\"article:publisher\" content=\"https:\/\/www.facebook.com\/ManAndMachine\/\" \/>\n<meta property=\"article:modified_time\" content=\"2026-03-11T10:12:51+00:00\" \/>\n<meta property=\"og:image\" content=\"https:\/\/eu.man-machine.com\/wp-content\/uploads\/2025\/09\/YCOOL_white_US_prof_drapeoff-scaled.png\" \/>\n\t<meta property=\"og:image:width\" content=\"2500\" \/>\n\t<meta property=\"og:image:height\" content=\"1473\" \/>\n\t<meta property=\"og:image:type\" content=\"image\/png\" \/>\n<meta name=\"twitter:card\" content=\"summary_large_image\" \/>\n<meta name=\"twitter:site\" content=\"@manandmachineco\" \/>\n<meta name=\"twitter:label1\" content=\"Dur\u00e9e de lecture estim\u00e9e\" \/>\n\t<meta name=\"twitter:data1\" content=\"1 minute\" \/>\n<script type=\"application\/ld+json\" class=\"yoast-schema-graph\">{\"@context\":\"https:\/\/schema.org\",\"@graph\":[{\"@type\":\"WebPage\",\"@id\":\"https:\/\/eu.man-machine.com\/fr\/produit\/its-cool-clear-drape-copy\/\",\"url\":\"https:\/\/eu.man-machine.com\/fr\/produit\/its-cool-clear-drape-copy\/\",\"name\":\"Y Cool Drape &#8211; Man & Machine\",\"isPartOf\":{\"@id\":\"https:\/\/eu.man-machine.com\/fr\/#website\"},\"primaryImageOfPage\":{\"@id\":\"https:\/\/eu.man-machine.com\/fr\/produit\/its-cool-clear-drape-copy\/#primaryimage\"},\"image\":{\"@id\":\"https:\/\/eu.man-machine.com\/fr\/produit\/its-cool-clear-drape-copy\/#primaryimage\"},\"thumbnailUrl\":\"https:\/\/eu.man-machine.com\/wp-content\/uploads\/2025\/09\/YCOOL_white_US_prof_drapeoff-scaled.png\",\"datePublished\":\"2025-09-11T13:48:35+00:00\",\"dateModified\":\"2026-03-11T10:12:51+00:00\",\"description\":\"Une housse de protection transparente en silicone (plate ou avec profil des touches) pour le clavier r\u00e9tro\u00e9clair\u00e9 Y Cool. Elle offre une protection hygi\u00e9nique suppl\u00e9mentaire.\",\"breadcrumb\":{\"@id\":\"https:\/\/eu.man-machine.com\/fr\/produit\/its-cool-clear-drape-copy\/#breadcrumb\"},\"inLanguage\":\"fr-FR\",\"potentialAction\":[{\"@type\":\"ReadAction\",\"target\":[\"https:\/\/eu.man-machine.com\/fr\/produit\/its-cool-clear-drape-copy\/\"]}]},{\"@type\":\"ImageObject\",\"inLanguage\":\"fr-FR\",\"@id\":\"https:\/\/eu.man-machine.com\/fr\/produit\/its-cool-clear-drape-copy\/#primaryimage\",\"url\":\"https:\/\/eu.man-machine.com\/wp-content\/uploads\/2025\/09\/YCOOL_white_US_prof_drapeoff-scaled.png\",\"contentUrl\":\"https:\/\/eu.man-machine.com\/wp-content\/uploads\/2025\/09\/YCOOL_white_US_prof_drapeoff-scaled.png\",\"width\":2500,\"height\":1473,\"caption\":\"Housse en silicone transparent avec profil de touches pour le clavier US Y Cool, offrant une protection contre la salet\u00e9 et les micro-organismes, tout en conservant les sensations tactiles, autoclavable et d\u00e9sinfectable aux UV\"},{\"@type\":\"BreadcrumbList\",\"@id\":\"https:\/\/eu.man-machine.com\/fr\/produit\/its-cool-clear-drape-copy\/#breadcrumb\",\"itemListElement\":[{\"@type\":\"ListItem\",\"position\":1,\"name\":\"Home\",\"item\":\"https:\/\/eu.man-machine.com\/fr\/\"},{\"@type\":\"ListItem\",\"position\":2,\"name\":\"Catalogue\",\"item\":\"https:\/\/eu.man-machine.com\/fr\/catalogue\/\"},{\"@type\":\"ListItem\",\"position\":3,\"name\":\"Accessoires\",\"item\":\"https:\/\/eu.man-machine.com\/fr\/categorie-produit\/accessoires\/\"},{\"@type\":\"ListItem\",\"position\":4,\"name\":\"Y Cool Drape\"}]},{\"@type\":\"WebSite\",\"@id\":\"https:\/\/eu.man-machine.com\/fr\/#website\",\"url\":\"https:\/\/eu.man-machine.com\/fr\/\",\"name\":\"Man & Machine\",\"description\":\"Claviers \u00e9tanches pour les applications m\u00e9dicales et industrielles\",\"publisher\":{\"@id\":\"https:\/\/eu.man-machine.com\/fr\/#organization\"},\"alternateName\":\"Man and Machine\",\"potentialAction\":[{\"@type\":\"SearchAction\",\"target\":{\"@type\":\"EntryPoint\",\"urlTemplate\":\"https:\/\/eu.man-machine.com\/fr\/?s={search_term_string}\"},\"query-input\":{\"@type\":\"PropertyValueSpecification\",\"valueRequired\":true,\"valueName\":\"search_term_string\"}}],\"inLanguage\":\"fr-FR\"},{\"@type\":\"Organization\",\"@id\":\"https:\/\/eu.man-machine.com\/fr\/#organization\",\"name\":\"Man & Machine\",\"alternateName\":\"Man and Machine\",\"url\":\"https:\/\/eu.man-machine.com\/fr\/\",\"logo\":{\"@type\":\"ImageObject\",\"inLanguage\":\"fr-FR\",\"@id\":\"https:\/\/eu.man-machine.com\/fr\/#\/schema\/logo\/image\/\",\"url\":\"https:\/\/eu.man-machine.com\/wp-content\/uploads\/2024\/11\/man-and-machine-logo-svg.svg\",\"contentUrl\":\"https:\/\/eu.man-machine.com\/wp-content\/uploads\/2024\/11\/man-and-machine-logo-svg.svg\",\"width\":293,\"height\":28,\"caption\":\"Man & Machine\"},\"image\":{\"@id\":\"https:\/\/eu.man-machine.com\/fr\/#\/schema\/logo\/image\/\"},\"sameAs\":[\"https:\/\/www.facebook.com\/ManAndMachine\/\",\"https:\/\/x.com\/manandmachineco\"]}]}<\/script>\n<!-- \/ Yoast SEO plugin. -->","yoast_head_json":{"title":"Y Cool Drape &#8211; Man & Machine","description":"Une housse de protection transparente en silicone (plate ou avec profil des touches) pour le clavier r\u00e9tro\u00e9clair\u00e9 Y Cool. Elle offre une protection hygi\u00e9nique suppl\u00e9mentaire.","robots":{"index":"index","follow":"follow","max-snippet":"max-snippet:-1","max-image-preview":"max-image-preview:large","max-video-preview":"max-video-preview:-1"},"canonical":"https:\/\/eu.man-machine.com\/fr\/produit\/its-cool-clear-drape-copy\/","og_locale":"fr_FR","og_type":"article","og_title":"Y Cool Drape &#8211; Man & Machine","og_description":"Une housse de protection transparente en silicone (plate ou avec profil des touches) pour le clavier r\u00e9tro\u00e9clair\u00e9 Y Cool. Elle offre une protection hygi\u00e9nique suppl\u00e9mentaire.","og_url":"https:\/\/eu.man-machine.com\/fr\/produit\/its-cool-clear-drape-copy\/","og_site_name":"Man & Machine","article_publisher":"https:\/\/www.facebook.com\/ManAndMachine\/","article_modified_time":"2026-03-11T10:12:51+00:00","og_image":[{"width":2500,"height":1473,"url":"https:\/\/eu.man-machine.com\/wp-content\/uploads\/2025\/09\/YCOOL_white_US_prof_drapeoff-scaled.png","type":"image\/png"}],"twitter_card":"summary_large_image","twitter_site":"@manandmachineco","twitter_misc":{"Dur\u00e9e de lecture estim\u00e9e":"1 minute"},"schema":{"@context":"https:\/\/schema.org","@graph":[{"@type":"WebPage","@id":"https:\/\/eu.man-machine.com\/fr\/produit\/its-cool-clear-drape-copy\/","url":"https:\/\/eu.man-machine.com\/fr\/produit\/its-cool-clear-drape-copy\/","name":"Y Cool Drape &#8211; Man & Machine","isPartOf":{"@id":"https:\/\/eu.man-machine.com\/fr\/#website"},"primaryImageOfPage":{"@id":"https:\/\/eu.man-machine.com\/fr\/produit\/its-cool-clear-drape-copy\/#primaryimage"},"image":{"@id":"https:\/\/eu.man-machine.com\/fr\/produit\/its-cool-clear-drape-copy\/#primaryimage"},"thumbnailUrl":"https:\/\/eu.man-machine.com\/wp-content\/uploads\/2025\/09\/YCOOL_white_US_prof_drapeoff-scaled.png","datePublished":"2025-09-11T13:48:35+00:00","dateModified":"2026-03-11T10:12:51+00:00","description":"Une housse de protection transparente en silicone (plate ou avec profil des touches) pour le clavier r\u00e9tro\u00e9clair\u00e9 Y Cool. Elle offre une protection hygi\u00e9nique suppl\u00e9mentaire.","breadcrumb":{"@id":"https:\/\/eu.man-machine.com\/fr\/produit\/its-cool-clear-drape-copy\/#breadcrumb"},"inLanguage":"fr-FR","potentialAction":[{"@type":"ReadAction","target":["https:\/\/eu.man-machine.com\/fr\/produit\/its-cool-clear-drape-copy\/"]}]},{"@type":"ImageObject","inLanguage":"fr-FR","@id":"https:\/\/eu.man-machine.com\/fr\/produit\/its-cool-clear-drape-copy\/#primaryimage","url":"https:\/\/eu.man-machine.com\/wp-content\/uploads\/2025\/09\/YCOOL_white_US_prof_drapeoff-scaled.png","contentUrl":"https:\/\/eu.man-machine.com\/wp-content\/uploads\/2025\/09\/YCOOL_white_US_prof_drapeoff-scaled.png","width":2500,"height":1473,"caption":"Housse en silicone transparent avec profil de touches pour le clavier US Y Cool, offrant une protection contre la salet\u00e9 et les micro-organismes, tout en conservant les sensations tactiles, autoclavable et d\u00e9sinfectable aux UV"},{"@type":"BreadcrumbList","@id":"https:\/\/eu.man-machine.com\/fr\/produit\/its-cool-clear-drape-copy\/#breadcrumb","itemListElement":[{"@type":"ListItem","position":1,"name":"Home","item":"https:\/\/eu.man-machine.com\/fr\/"},{"@type":"ListItem","position":2,"name":"Catalogue","item":"https:\/\/eu.man-machine.com\/fr\/catalogue\/"},{"@type":"ListItem","position":3,"name":"Accessoires","item":"https:\/\/eu.man-machine.com\/fr\/categorie-produit\/accessoires\/"},{"@type":"ListItem","position":4,"name":"Y Cool Drape"}]},{"@type":"WebSite","@id":"https:\/\/eu.man-machine.com\/fr\/#website","url":"https:\/\/eu.man-machine.com\/fr\/","name":"Man & Machine","description":"Claviers \u00e9tanches pour les applications m\u00e9dicales et industrielles","publisher":{"@id":"https:\/\/eu.man-machine.com\/fr\/#organization"},"alternateName":"Man and Machine","potentialAction":[{"@type":"SearchAction","target":{"@type":"EntryPoint","urlTemplate":"https:\/\/eu.man-machine.com\/fr\/?s={search_term_string}"},"query-input":{"@type":"PropertyValueSpecification","valueRequired":true,"valueName":"search_term_string"}}],"inLanguage":"fr-FR"},{"@type":"Organization","@id":"https:\/\/eu.man-machine.com\/fr\/#organization","name":"Man & Machine","alternateName":"Man and Machine","url":"https:\/\/eu.man-machine.com\/fr\/","logo":{"@type":"ImageObject","inLanguage":"fr-FR","@id":"https:\/\/eu.man-machine.com\/fr\/#\/schema\/logo\/image\/","url":"https:\/\/eu.man-machine.com\/wp-content\/uploads\/2024\/11\/man-and-machine-logo-svg.svg","contentUrl":"https:\/\/eu.man-machine.com\/wp-content\/uploads\/2024\/11\/man-and-machine-logo-svg.svg","width":293,"height":28,"caption":"Man & Machine"},"image":{"@id":"https:\/\/eu.man-machine.com\/fr\/#\/schema\/logo\/image\/"},"sameAs":["https:\/\/www.facebook.com\/ManAndMachine\/","https:\/\/x.com\/manandmachineco"]}]}},"_links":{"self":[{"href":"https:\/\/eu.man-machine.com\/fr\/wp-json\/wp\/v2\/product\/9592","targetHints":{"allow":["GET"]}}],"collection":[{"href":"https:\/\/eu.man-machine.com\/fr\/wp-json\/wp\/v2\/product"}],"about":[{"href":"https:\/\/eu.man-machine.com\/fr\/wp-json\/wp\/v2\/types\/product"}],"wp:featuredmedia":[{"embeddable":true,"href":"https:\/\/eu.man-machine.com\/fr\/wp-json\/wp\/v2\/media\/9588"}],"wp:attachment":[{"href":"https:\/\/eu.man-machine.com\/fr\/wp-json\/wp\/v2\/media?parent=9592"}],"wp:term":[{"taxonomy":"product_brand","embeddable":true,"href":"https:\/\/eu.man-machine.com\/fr\/wp-json\/wp\/v2\/product_brand?post=9592"},{"taxonomy":"product_cat","embeddable":true,"href":"https:\/\/eu.man-machine.com\/fr\/wp-json\/wp\/v2\/product_cat?post=9592"},{"taxonomy":"product_tag","embeddable":true,"href":"https:\/\/eu.man-machine.com\/fr\/wp-json\/wp\/v2\/product_tag?post=9592"}],"curies":[{"name":"wp","href":"https:\/\/api.w.org\/{rel}","templated":true}]}}