{"id":9765,"date":"2025-12-09T11:34:03","date_gmt":"2025-12-09T10:34:03","guid":{"rendered":"https:\/\/eu.man-machine.com\/product\/y-cool-blanc\/"},"modified":"2026-03-19T11:48:29","modified_gmt":"2026-03-19T10:48:29","slug":"y-cool-blanc","status":"publish","type":"product","link":"https:\/\/eu.man-machine.com\/fr\/produit\/y-cool-blanc\/","title":{"rendered":"Y Cool \u2013 blanc"},"content":{"rendered":"<p><strong>Clavier Y Cool r\u00e9tro\u00e9clair\u00e9 \u2013 \u00e9clairage LED 7 couleurs pour toutes les conditions de luminosit\u00e9<\/strong><\/p>\n<p>Le clavier Y Cool avec r\u00e9tro\u00e9clairage \u00e0 7 couleurs vous permet de travailler confortablement quelles que soient les conditions de lumi\u00e8re. Choisissez entre le vert, le bleu, le violet, le jaune, le rouge, le blanc ou le turquoise pour adapter le clavier \u00e0 votre style. Des touches m\u00e9caniques r\u00e9actives et un design ergonomique garantissent une frappe confortable et efficace, adapt\u00e9e \u00e0 une utilisation quotidienne. Ce clavier est fourni avec la housse de protection de votre choix : plate ou l\u00e9g\u00e8rement textur\u00e9e.<\/p>\n<p><strong>Comment nettoyer et d\u00e9sinfecter le clavier Y Cool<\/strong><\/p>\n<p>Le Y Cool dispose d\u2019un design lavable, d\u2019une housse de protection et d\u2019une fonction int\u00e9gr\u00e9e de verrouillage du clavier pour un nettoyage en toute s\u00e9curit\u00e9.<\/p>\n<ul>\n<li><strong>Housse de protection transparente st\u00e9rilisable<\/strong> : disponible en version plate ou l\u00e9g\u00e8rement textur\u00e9e, selon vos pr\u00e9f\u00e9rences.<\/li>\n<li><strong>Protection contre la salet\u00e9 et les germes<\/strong> : la housse emp\u00eache les impuret\u00e9s de p\u00e9n\u00e9trer entre les touches.<\/li>\n<li><strong>Multiples options de nettoyage<\/strong> : rincez, vaporisez ou essuyez le clavier avec la plupart des d\u00e9sinfectants de surface courants.<\/li>\n<\/ul>\n<p>Activez le verrouillage avant le nettoyage pour prot\u00e9ger vos donn\u00e9es pendant les mesures d\u2019hygi\u00e8ne.<\/p>\n<p><strong>Installation du clavier et gestion flexible du c\u00e2ble<\/strong><\/p>\n<p>Gr\u00e2ce \u00e0 son format compact et \u00e0 la position r\u00e9glable du c\u00e2ble, le Y Cool est id\u00e9al pour les chariots m\u00e9dicaux, les supports muraux ou les espaces restreints.<\/p>\n<ul>\n<li><strong>Un c\u00e2ble d\u00e9tachable de 38 cm<\/strong>, orientable vers le haut, la gauche, la droite ou le bas.<\/li>\n<li><strong>Une rallonge de 150 cm incluse <\/strong>pour une port\u00e9e suppl\u00e9mentaire et une installation flexible.<\/li>\n<li><strong>Double syst\u00e8me de d\u00e9charge de traction<\/strong> pour une longue dur\u00e9e de vie du c\u00e2ble.<\/li>\n<\/ul>\n<p><strong>Design s\u00fbr et respectueux de l\u2019environnement \u2013 sans rev\u00eatement antimicrobien<\/strong><\/p>\n<p>Comme tous les produits Man &amp; Machine, le Y Cool est exempt de tout rev\u00eatement antimicrobien afin d\u2019\u00e9viter tout risque potentiel pour les utilisateurs ou l\u2019environnement.<\/p>\n","protected":false},"excerpt":{"rendered":"<p>Clavier Y Cool r\u00e9tro\u00e9clair\u00e9 \u2013 \u00e9clairage LED 7 couleurs pour toutes les conditions de luminosit\u00e9 Le clavier Y Cool avec r\u00e9tro\u00e9clairage \u00e0 7 couleurs vous permet de travailler confortablement quelles&#8230;<\/p>\n","protected":false},"featured_media":9588,"template":"","meta":{"_acf_changed":false,"_glsr_average":0,"_glsr_ranking":0,"_glsr_reviews":0},"product_brand":[],"product_cat":[677,1057,1059,1076,1086,1060],"product_tag":[],"class_list":{"0":"post-9765","1":"product","2":"type-product","3":"status-publish","4":"has-post-thumbnail","6":"product_cat-claviers","7":"product_cat-claviers-medicaux","8":"product_cat-claviers-lavables","9":"product_cat-claviers-antibacteriens","10":"product_cat-claviers-antimicrobiens","11":"product_cat-claviers-pour-hopitaux","13":"first","14":"instock","15":"shipping-taxable","16":"product-type-variable"},"acf":[],"yoast_head":"<!-- This site is optimized with the Yoast SEO plugin v26.9 - https:\/\/yoast.com\/product\/yoast-seo-wordpress\/ -->\n<title>Man &amp; Machine Y Cool Clavier (Blanc)<\/title>\n<meta name=\"description\" content=\"Le clavier Y Cool est un clavier hygi\u00e9nique avec r\u00e9tro\u00e9clairage, permettant de travailler dans des environnements faiblement \u00e9clair\u00e9s.\" \/>\n<meta name=\"robots\" content=\"index, follow, max-snippet:-1, max-image-preview:large, max-video-preview:-1\" \/>\n<link rel=\"canonical\" href=\"https:\/\/eu.man-machine.com\/fr\/produit\/y-cool-blanc\/\" \/>\n<meta property=\"og:locale\" content=\"fr_FR\" \/>\n<meta property=\"og:type\" content=\"article\" \/>\n<meta property=\"og:title\" content=\"Man &amp; Machine Y Cool Clavier (Blanc)\" \/>\n<meta property=\"og:description\" content=\"Le clavier Y Cool est un clavier hygi\u00e9nique avec r\u00e9tro\u00e9clairage, permettant de travailler dans des environnements faiblement \u00e9clair\u00e9s.\" \/>\n<meta property=\"og:url\" content=\"https:\/\/eu.man-machine.com\/fr\/produit\/y-cool-blanc\/\" \/>\n<meta property=\"og:site_name\" content=\"Man &amp; Machine\" \/>\n<meta property=\"article:publisher\" content=\"https:\/\/www.facebook.com\/ManAndMachine\/\" \/>\n<meta property=\"article:modified_time\" content=\"2026-03-19T10:48:29+00:00\" \/>\n<meta property=\"og:image\" content=\"https:\/\/eu.man-machine.com\/wp-content\/uploads\/2025\/09\/YCOOL_white_US_prof_drapeoff-scaled.png\" \/>\n\t<meta property=\"og:image:width\" content=\"2500\" \/>\n\t<meta property=\"og:image:height\" content=\"1473\" \/>\n\t<meta property=\"og:image:type\" content=\"image\/png\" \/>\n<meta name=\"twitter:card\" content=\"summary_large_image\" \/>\n<meta name=\"twitter:site\" content=\"@manandmachineco\" \/>\n<meta name=\"twitter:label1\" content=\"Dur\u00e9e de lecture estim\u00e9e\" \/>\n\t<meta name=\"twitter:data1\" content=\"4 minutes\" \/>\n<script type=\"application\/ld+json\" class=\"yoast-schema-graph\">{\"@context\":\"https:\/\/schema.org\",\"@graph\":[{\"@type\":\"WebPage\",\"@id\":\"https:\/\/eu.man-machine.com\/fr\/produit\/y-cool-blanc\/\",\"url\":\"https:\/\/eu.man-machine.com\/fr\/produit\/y-cool-blanc\/\",\"name\":\"Man & Machine Y Cool Clavier (Blanc)\",\"isPartOf\":{\"@id\":\"https:\/\/eu.man-machine.com\/fr\/#website\"},\"primaryImageOfPage\":{\"@id\":\"https:\/\/eu.man-machine.com\/fr\/produit\/y-cool-blanc\/#primaryimage\"},\"image\":{\"@id\":\"https:\/\/eu.man-machine.com\/fr\/produit\/y-cool-blanc\/#primaryimage\"},\"thumbnailUrl\":\"https:\/\/eu.man-machine.com\/wp-content\/uploads\/2025\/09\/YCOOL_white_US_prof_drapeoff-scaled.png\",\"datePublished\":\"2025-12-09T10:34:03+00:00\",\"dateModified\":\"2026-03-19T10:48:29+00:00\",\"description\":\"Le clavier Y Cool est un clavier hygi\u00e9nique avec r\u00e9tro\u00e9clairage, permettant de travailler dans des environnements faiblement \u00e9clair\u00e9s.\",\"breadcrumb\":{\"@id\":\"https:\/\/eu.man-machine.com\/fr\/produit\/y-cool-blanc\/#breadcrumb\"},\"inLanguage\":\"fr-FR\",\"potentialAction\":[{\"@type\":\"ReadAction\",\"target\":[\"https:\/\/eu.man-machine.com\/fr\/produit\/y-cool-blanc\/\"]}]},{\"@type\":\"ImageObject\",\"inLanguage\":\"fr-FR\",\"@id\":\"https:\/\/eu.man-machine.com\/fr\/produit\/y-cool-blanc\/#primaryimage\",\"url\":\"https:\/\/eu.man-machine.com\/wp-content\/uploads\/2025\/09\/YCOOL_white_US_prof_drapeoff-scaled.png\",\"contentUrl\":\"https:\/\/eu.man-machine.com\/wp-content\/uploads\/2025\/09\/YCOOL_white_US_prof_drapeoff-scaled.png\",\"width\":2500,\"height\":1473,\"caption\":\"Housse en silicone transparent avec profil de touches pour le clavier US Y Cool, offrant une protection contre la salet\u00e9 et les micro-organismes, tout en conservant les sensations tactiles, autoclavable et d\u00e9sinfectable aux UV\"},{\"@type\":\"BreadcrumbList\",\"@id\":\"https:\/\/eu.man-machine.com\/fr\/produit\/y-cool-blanc\/#breadcrumb\",\"itemListElement\":[{\"@type\":\"ListItem\",\"position\":1,\"name\":\"Home\",\"item\":\"https:\/\/eu.man-machine.com\/fr\/\"},{\"@type\":\"ListItem\",\"position\":2,\"name\":\"Catalogue\",\"item\":\"https:\/\/eu.man-machine.com\/fr\/catalogue\/\"},{\"@type\":\"ListItem\",\"position\":3,\"name\":\"Claviers\",\"item\":\"https:\/\/eu.man-machine.com\/fr\/categorie-produit\/claviers\/\"},{\"@type\":\"ListItem\",\"position\":4,\"name\":\"Y Cool \u2013 blanc\"}]},{\"@type\":\"WebSite\",\"@id\":\"https:\/\/eu.man-machine.com\/fr\/#website\",\"url\":\"https:\/\/eu.man-machine.com\/fr\/\",\"name\":\"Man & Machine\",\"description\":\"Claviers \u00e9tanches pour les applications m\u00e9dicales et industrielles\",\"publisher\":{\"@id\":\"https:\/\/eu.man-machine.com\/fr\/#organization\"},\"alternateName\":\"Man and Machine\",\"potentialAction\":[{\"@type\":\"SearchAction\",\"target\":{\"@type\":\"EntryPoint\",\"urlTemplate\":\"https:\/\/eu.man-machine.com\/fr\/?s={search_term_string}\"},\"query-input\":{\"@type\":\"PropertyValueSpecification\",\"valueRequired\":true,\"valueName\":\"search_term_string\"}}],\"inLanguage\":\"fr-FR\"},{\"@type\":\"Organization\",\"@id\":\"https:\/\/eu.man-machine.com\/fr\/#organization\",\"name\":\"Man & Machine\",\"alternateName\":\"Man and Machine\",\"url\":\"https:\/\/eu.man-machine.com\/fr\/\",\"logo\":{\"@type\":\"ImageObject\",\"inLanguage\":\"fr-FR\",\"@id\":\"https:\/\/eu.man-machine.com\/fr\/#\/schema\/logo\/image\/\",\"url\":\"https:\/\/eu.man-machine.com\/wp-content\/uploads\/2024\/11\/man-and-machine-logo-svg.svg\",\"contentUrl\":\"https:\/\/eu.man-machine.com\/wp-content\/uploads\/2024\/11\/man-and-machine-logo-svg.svg\",\"width\":293,\"height\":28,\"caption\":\"Man & Machine\"},\"image\":{\"@id\":\"https:\/\/eu.man-machine.com\/fr\/#\/schema\/logo\/image\/\"},\"sameAs\":[\"https:\/\/www.facebook.com\/ManAndMachine\/\",\"https:\/\/x.com\/manandmachineco\"]}]}<\/script>\n<!-- \/ Yoast SEO plugin. -->","yoast_head_json":{"title":"Man & Machine Y Cool Clavier (Blanc)","description":"Le clavier Y Cool est un clavier hygi\u00e9nique avec r\u00e9tro\u00e9clairage, permettant de travailler dans des environnements faiblement \u00e9clair\u00e9s.","robots":{"index":"index","follow":"follow","max-snippet":"max-snippet:-1","max-image-preview":"max-image-preview:large","max-video-preview":"max-video-preview:-1"},"canonical":"https:\/\/eu.man-machine.com\/fr\/produit\/y-cool-blanc\/","og_locale":"fr_FR","og_type":"article","og_title":"Man & Machine Y Cool Clavier (Blanc)","og_description":"Le clavier Y Cool est un clavier hygi\u00e9nique avec r\u00e9tro\u00e9clairage, permettant de travailler dans des environnements faiblement \u00e9clair\u00e9s.","og_url":"https:\/\/eu.man-machine.com\/fr\/produit\/y-cool-blanc\/","og_site_name":"Man & Machine","article_publisher":"https:\/\/www.facebook.com\/ManAndMachine\/","article_modified_time":"2026-03-19T10:48:29+00:00","og_image":[{"width":2500,"height":1473,"url":"https:\/\/eu.man-machine.com\/wp-content\/uploads\/2025\/09\/YCOOL_white_US_prof_drapeoff-scaled.png","type":"image\/png"}],"twitter_card":"summary_large_image","twitter_site":"@manandmachineco","twitter_misc":{"Dur\u00e9e de lecture estim\u00e9e":"4 minutes"},"schema":{"@context":"https:\/\/schema.org","@graph":[{"@type":"WebPage","@id":"https:\/\/eu.man-machine.com\/fr\/produit\/y-cool-blanc\/","url":"https:\/\/eu.man-machine.com\/fr\/produit\/y-cool-blanc\/","name":"Man & Machine Y Cool Clavier (Blanc)","isPartOf":{"@id":"https:\/\/eu.man-machine.com\/fr\/#website"},"primaryImageOfPage":{"@id":"https:\/\/eu.man-machine.com\/fr\/produit\/y-cool-blanc\/#primaryimage"},"image":{"@id":"https:\/\/eu.man-machine.com\/fr\/produit\/y-cool-blanc\/#primaryimage"},"thumbnailUrl":"https:\/\/eu.man-machine.com\/wp-content\/uploads\/2025\/09\/YCOOL_white_US_prof_drapeoff-scaled.png","datePublished":"2025-12-09T10:34:03+00:00","dateModified":"2026-03-19T10:48:29+00:00","description":"Le clavier Y Cool est un clavier hygi\u00e9nique avec r\u00e9tro\u00e9clairage, permettant de travailler dans des environnements faiblement \u00e9clair\u00e9s.","breadcrumb":{"@id":"https:\/\/eu.man-machine.com\/fr\/produit\/y-cool-blanc\/#breadcrumb"},"inLanguage":"fr-FR","potentialAction":[{"@type":"ReadAction","target":["https:\/\/eu.man-machine.com\/fr\/produit\/y-cool-blanc\/"]}]},{"@type":"ImageObject","inLanguage":"fr-FR","@id":"https:\/\/eu.man-machine.com\/fr\/produit\/y-cool-blanc\/#primaryimage","url":"https:\/\/eu.man-machine.com\/wp-content\/uploads\/2025\/09\/YCOOL_white_US_prof_drapeoff-scaled.png","contentUrl":"https:\/\/eu.man-machine.com\/wp-content\/uploads\/2025\/09\/YCOOL_white_US_prof_drapeoff-scaled.png","width":2500,"height":1473,"caption":"Housse en silicone transparent avec profil de touches pour le clavier US Y Cool, offrant une protection contre la salet\u00e9 et les micro-organismes, tout en conservant les sensations tactiles, autoclavable et d\u00e9sinfectable aux UV"},{"@type":"BreadcrumbList","@id":"https:\/\/eu.man-machine.com\/fr\/produit\/y-cool-blanc\/#breadcrumb","itemListElement":[{"@type":"ListItem","position":1,"name":"Home","item":"https:\/\/eu.man-machine.com\/fr\/"},{"@type":"ListItem","position":2,"name":"Catalogue","item":"https:\/\/eu.man-machine.com\/fr\/catalogue\/"},{"@type":"ListItem","position":3,"name":"Claviers","item":"https:\/\/eu.man-machine.com\/fr\/categorie-produit\/claviers\/"},{"@type":"ListItem","position":4,"name":"Y Cool \u2013 blanc"}]},{"@type":"WebSite","@id":"https:\/\/eu.man-machine.com\/fr\/#website","url":"https:\/\/eu.man-machine.com\/fr\/","name":"Man & Machine","description":"Claviers \u00e9tanches pour les applications m\u00e9dicales et industrielles","publisher":{"@id":"https:\/\/eu.man-machine.com\/fr\/#organization"},"alternateName":"Man and Machine","potentialAction":[{"@type":"SearchAction","target":{"@type":"EntryPoint","urlTemplate":"https:\/\/eu.man-machine.com\/fr\/?s={search_term_string}"},"query-input":{"@type":"PropertyValueSpecification","valueRequired":true,"valueName":"search_term_string"}}],"inLanguage":"fr-FR"},{"@type":"Organization","@id":"https:\/\/eu.man-machine.com\/fr\/#organization","name":"Man & Machine","alternateName":"Man and Machine","url":"https:\/\/eu.man-machine.com\/fr\/","logo":{"@type":"ImageObject","inLanguage":"fr-FR","@id":"https:\/\/eu.man-machine.com\/fr\/#\/schema\/logo\/image\/","url":"https:\/\/eu.man-machine.com\/wp-content\/uploads\/2024\/11\/man-and-machine-logo-svg.svg","contentUrl":"https:\/\/eu.man-machine.com\/wp-content\/uploads\/2024\/11\/man-and-machine-logo-svg.svg","width":293,"height":28,"caption":"Man & Machine"},"image":{"@id":"https:\/\/eu.man-machine.com\/fr\/#\/schema\/logo\/image\/"},"sameAs":["https:\/\/www.facebook.com\/ManAndMachine\/","https:\/\/x.com\/manandmachineco"]}]}},"_links":{"self":[{"href":"https:\/\/eu.man-machine.com\/fr\/wp-json\/wp\/v2\/product\/9765","targetHints":{"allow":["GET"]}}],"collection":[{"href":"https:\/\/eu.man-machine.com\/fr\/wp-json\/wp\/v2\/product"}],"about":[{"href":"https:\/\/eu.man-machine.com\/fr\/wp-json\/wp\/v2\/types\/product"}],"wp:featuredmedia":[{"embeddable":true,"href":"https:\/\/eu.man-machine.com\/fr\/wp-json\/wp\/v2\/media\/9588"}],"wp:attachment":[{"href":"https:\/\/eu.man-machine.com\/fr\/wp-json\/wp\/v2\/media?parent=9765"}],"wp:term":[{"taxonomy":"product_brand","embeddable":true,"href":"https:\/\/eu.man-machine.com\/fr\/wp-json\/wp\/v2\/product_brand?post=9765"},{"taxonomy":"product_cat","embeddable":true,"href":"https:\/\/eu.man-machine.com\/fr\/wp-json\/wp\/v2\/product_cat?post=9765"},{"taxonomy":"product_tag","embeddable":true,"href":"https:\/\/eu.man-machine.com\/fr\/wp-json\/wp\/v2\/product_tag?post=9765"}],"curies":[{"name":"wp","href":"https:\/\/api.w.org\/{rel}","templated":true}]}}