{"id":7213,"date":"2024-09-26T08:41:47","date_gmt":"2024-09-26T06:41:47","guid":{"rendered":"https:\/\/eu.man-machine.com\/antimicrobiele-toetsenborden-en-muizen\/"},"modified":"2025-06-27T09:36:40","modified_gmt":"2025-06-27T07:36:40","slug":"antimicrobiele-toetsenborden-en-muizen","status":"publish","type":"page","link":"https:\/\/eu.man-machine.com\/nl\/antimicrobiele-toetsenborden-en-muizen\/","title":{"rendered":"Antimicrobi\u00eble toetsenborden &amp; muizen"},"content":{"rendered":"\n    <section class=\"section is-intro bg-default text-default\" id=\"\">\n        <div class=\"container-fluid p-0 is-full\">\n            <div class=\"section__content\">\n            \n    <div class=\"intro\">\n        <div class=\"intro__breadcrumbs\">\n            <p id=\"breadcrumbs\"><span><span><a href=\"https:\/\/eu.man-machine.com\/nl\/\">Home<\/a><\/span><\/span><\/p>        <\/div>\n        <img decoding=\"async\" class=\"intro__img\" src=\"https:\/\/eu.man-machine.com\/wp-content\/uploads\/2024\/09\/Banner1600x300_antimicrobal.png\" srcset=\"https:\/\/eu.man-machine.com\/wp-content\/uploads\/2024\/09\/Banner1600x300_antimicrobal.png 1600w, https:\/\/eu.man-machine.com\/wp-content\/uploads\/2024\/09\/Banner1600x300_antimicrobal-600x113.png 600w, https:\/\/eu.man-machine.com\/wp-content\/uploads\/2024\/09\/Banner1600x300_antimicrobal-1000x188.png 1000w, https:\/\/eu.man-machine.com\/wp-content\/uploads\/2024\/09\/Banner1600x300_antimicrobal-300x56.png 300w, https:\/\/eu.man-machine.com\/wp-content\/uploads\/2024\/09\/Banner1600x300_antimicrobal-1024x192.png 1024w, https:\/\/eu.man-machine.com\/wp-content\/uploads\/2024\/09\/Banner1600x300_antimicrobal-768x144.png 768w, https:\/\/eu.man-machine.com\/wp-content\/uploads\/2024\/09\/Banner1600x300_antimicrobal-1536x288.png 1536w\" sizes=\"(max-width: 2000px) 100vw, 2000px\" alt=\"\" title=\" \" >    <\/div>\n    <\/div>\n    <\/div>\n    <\/section>\n\n\n\n    <section class=\"section is-wysiwyg bg-default overflow-hidden text-default lg\" id=\"\">\n        <div class=\"container-fluid is-custom\">\n            <div class=\"section__content\">\n            \n    <div class=\"wysiwyg bg-white\">\n        <div class=\"entry-content wysiwyg__content\">\n            <h1>Antimicrobi\u00eble toetsenborden &amp; muizen<\/h1>\n<p>Antimicrobi\u00eble toetsenborden en muizen hebben een bepaald type antimicrobi\u00eble coating. Onze ingenieurs hebben deze coatings bekeken en hebben uitsluitend redenen gevonden om ze niet te gebruiken. We hebben geen enkel bewijs gevonden dat deze coatings effectief zouden zijn, en we hebben wel coatings gevonden die schadelijk zijn en mogelijk een bijdrage leveren aan het resistent maken van microben. Daarom hebben wij besloten geen van onze toetsenborden en muizen te voorzien van een antimicrobi\u00eble coating. Op deze pagina kun je meer lezen over waar we naar hebben gekeken.<\/p>\n<h3>Effectiviteit niet bewezen<\/h3>\n<p>Beweringen dat antimicrobi\u00eble coatings het aantal microben op oppervlakken verminderen, zijn gebaseerd op onderzoeksresultaten die onder laboratoriumomstandigheden zijn bereikt.<br \/>\nTot nu toe hebben we geen wetenschappelijk bewijs gevonden dat deze reductie ook in de zorgpraktijk wordt gevonden.<\/p>\n<p><strong>Laboratoriumomstandigheden<br \/>\n<\/strong>De norm die wordt gebruikt om de werkzaamheid van additieven te testen, is meestal ISO 22196 (JIS Z 2001). Hiervoor is 95% relatieve luchtvochtigheid nodig,<br \/>\n35 graden Celsius en 24 uur in direct contact met het additief. Dit zijn duidelijk niet omstandigheden die representatief zijn voor de werkelijke oppervlakteverontreinigingen die in zorginstellingen worden aangetroffen.<\/p>\n<p><em>Lees meer over:<\/em> <a href=\"https:\/\/www.researchgate.net\/profile\/Abdelkader_Bouaziz\/post\/Hi_I_want_to_know_a_standard_method_for_determining_the_antimicrobial_activity_of_thin_films_or_coatings\/attachment\/5e4b4866cfe4a7402480fef0\/AS%3A859751076331521%401581992038637\/download\/norme_ISO221961.pdf\">standaard om antimicrobi\u00eble activiteit te bepalen 1 (in het Engels)<\/a>\u00a0<i>en <\/i><a href=\"https:\/\/microchemlab.com\/test\/iso-22196-test-antimicrobial-activity-plastics\" target=\"_blank\" rel=\"noopener\">standaard om antimicrobi\u00eble activiteit te bepalen 2 (in het Engels)<\/a><\/p>\n<h3>Niet zelfreinigend<\/h3>\n<p>Ook kunnen gebruikers \u201cantimicrobieel\u201d associ\u00ebren met \u201czelfreinigend\u201d en de neiging hebben om vervolgens NIET goed schoon te maken. Een studie die jaren geleden is uitgevoerd, toonde aan: dat stethoscoophoezen die als antimicrobieel waren gemarkeerd, een groter aantal micro-organismen hadden dan niet-gemarkeerde hoezen.<br \/>\nDe studie veronderstelde dat de gebruikers de hoezen niet schoonmaakten omdat ze dachten dat antimicrobi\u00eble middelen voldoende waren om ze te beschermen.<\/p>\n<p><em>Lees meer over:<\/em> <a href=\"https:\/\/pubmed.ncbi.nlm.nih.gov\/17482998\/\" target=\"_blank\" rel=\"noopener\">deze studie<\/a><\/p>\n<h3>Schadelijk<\/h3>\n<p>De meeste antimicrobi\u00eble coatings zijn gebaseerd op het vrijkomen van actieve biociden van het oppervlak.<br \/>\nDeze biociden zijn van nature giftig. Er is een aanzienlijke hoeveelheid onderzoek waaruit blijkt dat ze schadelijk zijn voor de mens, dieren en het milieu in het algemeen.<\/p>\n<p><em>Een goede bron om de risico\u2019s per product te vinden:<\/em> <a href=\"https:\/\/nanodb.dk\/en\/nanoriskcat\/\" target=\"_blank\" rel=\"noopener\">nano risicodatabase<\/a><\/p>\n<h3>Risico op antimicrobi\u00eble resistentie<\/h3>\n<p>Antimicrobi\u00eble coatings kunnen potenti\u00eble verwekkers zijn van resistente microben. Antimicrobi\u00eble resistentie is een complex probleem, gedreven door veel onderling verbonden factoren, dus het is moeilijk om uit te filteren welke impact antimicrobi\u00eble coatings kunnen hebben, maar we kiezen voor een voorzichtige aanpak.<\/p>\n        <\/div>\n    <\/div>\n    <\/div>\n    <\/div>\n    <\/section>\n","protected":false},"excerpt":{"rendered":"","protected":false},"author":2,"featured_media":0,"parent":0,"menu_order":0,"comment_status":"closed","ping_status":"closed","template":"","meta":{"_acf_changed":false,"_glsr_average":0,"_glsr_ranking":0,"_glsr_reviews":0,"footnotes":""},"class_list":["post-7213","page","type-page","status-publish","hentry"],"acf":[],"yoast_head":"<!-- This site is optimized with the Yoast SEO plugin v26.9 - https:\/\/yoast.com\/product\/yoast-seo-wordpress\/ -->\n<title>Antimicrobi\u00eble toetsenborden &amp; muizen<\/title>\n<meta name=\"description\" content=\"Lees wat antimicrobi\u00eble toetsenborden en muizen zijn en waarom wij bewust geen gebruikmaken van antimicrobi\u00eble coatings.\" \/>\n<meta name=\"robots\" content=\"index, follow, max-snippet:-1, max-image-preview:large, max-video-preview:-1\" \/>\n<link rel=\"canonical\" href=\"https:\/\/eu.man-machine.com\/nl\/antimicrobiele-toetsenborden-en-muizen\/\" \/>\n<meta property=\"og:locale\" content=\"nl_NL\" \/>\n<meta property=\"og:type\" content=\"article\" \/>\n<meta property=\"og:title\" content=\"Antimicrobi\u00eble toetsenborden &amp; muizen\" \/>\n<meta property=\"og:description\" content=\"Lees wat antimicrobi\u00eble toetsenborden en muizen zijn en waarom wij bewust geen gebruikmaken van antimicrobi\u00eble coatings.\" \/>\n<meta property=\"og:url\" content=\"https:\/\/eu.man-machine.com\/nl\/antimicrobiele-toetsenborden-en-muizen\/\" \/>\n<meta property=\"og:site_name\" content=\"Man &amp; Machine\" \/>\n<meta property=\"article:publisher\" content=\"https:\/\/www.facebook.com\/ManAndMachine\/\" \/>\n<meta property=\"article:modified_time\" content=\"2025-06-27T07:36:40+00:00\" \/>\n<meta property=\"og:image\" content=\"https:\/\/eu.man-machine.com\/wp-content\/uploads\/2024\/10\/man-machine-3.png\" \/>\n\t<meta property=\"og:image:width\" content=\"2500\" \/>\n\t<meta property=\"og:image:height\" content=\"1384\" \/>\n\t<meta property=\"og:image:type\" content=\"image\/png\" \/>\n<meta name=\"twitter:card\" content=\"summary_large_image\" \/>\n<meta name=\"twitter:site\" content=\"@manandmachineco\" \/>\n<script type=\"application\/ld+json\" class=\"yoast-schema-graph\">{\"@context\":\"https:\/\/schema.org\",\"@graph\":[{\"@type\":\"WebPage\",\"@id\":\"https:\/\/eu.man-machine.com\/nl\/antimicrobiele-toetsenborden-en-muizen\/\",\"url\":\"https:\/\/eu.man-machine.com\/nl\/antimicrobiele-toetsenborden-en-muizen\/\",\"name\":\"Antimicrobi\u00eble toetsenborden & muizen\",\"isPartOf\":{\"@id\":\"https:\/\/eu.man-machine.com\/nl\/#website\"},\"datePublished\":\"2024-09-26T06:41:47+00:00\",\"dateModified\":\"2025-06-27T07:36:40+00:00\",\"description\":\"Lees wat antimicrobi\u00eble toetsenborden en muizen zijn en waarom wij bewust geen gebruikmaken van antimicrobi\u00eble coatings.\",\"breadcrumb\":{\"@id\":\"https:\/\/eu.man-machine.com\/nl\/antimicrobiele-toetsenborden-en-muizen\/#breadcrumb\"},\"inLanguage\":\"nl-NL\",\"potentialAction\":[{\"@type\":\"ReadAction\",\"target\":[\"https:\/\/eu.man-machine.com\/nl\/antimicrobiele-toetsenborden-en-muizen\/\"]}]},{\"@type\":\"BreadcrumbList\",\"@id\":\"https:\/\/eu.man-machine.com\/nl\/antimicrobiele-toetsenborden-en-muizen\/#breadcrumb\",\"itemListElement\":[{\"@type\":\"ListItem\",\"position\":1,\"name\":\"Home\",\"item\":\"https:\/\/eu.man-machine.com\/nl\/\"},{\"@type\":\"ListItem\",\"position\":2,\"name\":\"Antimicrobi\u00eble toetsenborden &amp; muizen\"}]},{\"@type\":\"WebSite\",\"@id\":\"https:\/\/eu.man-machine.com\/nl\/#website\",\"url\":\"https:\/\/eu.man-machine.com\/nl\/\",\"name\":\"Man & Machine\",\"description\":\"Waterdichte toetsenborden voor medische en industri\u00eble doeleinden\",\"publisher\":{\"@id\":\"https:\/\/eu.man-machine.com\/nl\/#organization\"},\"alternateName\":\"Man and Machine\",\"potentialAction\":[{\"@type\":\"SearchAction\",\"target\":{\"@type\":\"EntryPoint\",\"urlTemplate\":\"https:\/\/eu.man-machine.com\/nl\/?s={search_term_string}\"},\"query-input\":{\"@type\":\"PropertyValueSpecification\",\"valueRequired\":true,\"valueName\":\"search_term_string\"}}],\"inLanguage\":\"nl-NL\"},{\"@type\":\"Organization\",\"@id\":\"https:\/\/eu.man-machine.com\/nl\/#organization\",\"name\":\"Man & Machine\",\"alternateName\":\"Man and Machine\",\"url\":\"https:\/\/eu.man-machine.com\/nl\/\",\"logo\":{\"@type\":\"ImageObject\",\"inLanguage\":\"nl-NL\",\"@id\":\"https:\/\/eu.man-machine.com\/nl\/#\/schema\/logo\/image\/\",\"url\":\"https:\/\/eu.man-machine.com\/wp-content\/uploads\/2024\/11\/man-and-machine-logo-svg.svg\",\"contentUrl\":\"https:\/\/eu.man-machine.com\/wp-content\/uploads\/2024\/11\/man-and-machine-logo-svg.svg\",\"width\":293,\"height\":28,\"caption\":\"Man & Machine\"},\"image\":{\"@id\":\"https:\/\/eu.man-machine.com\/nl\/#\/schema\/logo\/image\/\"},\"sameAs\":[\"https:\/\/www.facebook.com\/ManAndMachine\/\",\"https:\/\/x.com\/manandmachineco\"]}]}<\/script>\n<!-- \/ Yoast SEO plugin. -->","yoast_head_json":{"title":"Antimicrobi\u00eble toetsenborden & muizen","description":"Lees wat antimicrobi\u00eble toetsenborden en muizen zijn en waarom wij bewust geen gebruikmaken van antimicrobi\u00eble coatings.","robots":{"index":"index","follow":"follow","max-snippet":"max-snippet:-1","max-image-preview":"max-image-preview:large","max-video-preview":"max-video-preview:-1"},"canonical":"https:\/\/eu.man-machine.com\/nl\/antimicrobiele-toetsenborden-en-muizen\/","og_locale":"nl_NL","og_type":"article","og_title":"Antimicrobi\u00eble toetsenborden & muizen","og_description":"Lees wat antimicrobi\u00eble toetsenborden en muizen zijn en waarom wij bewust geen gebruikmaken van antimicrobi\u00eble coatings.","og_url":"https:\/\/eu.man-machine.com\/nl\/antimicrobiele-toetsenborden-en-muizen\/","og_site_name":"Man & Machine","article_publisher":"https:\/\/www.facebook.com\/ManAndMachine\/","article_modified_time":"2025-06-27T07:36:40+00:00","og_image":[{"width":2500,"height":1384,"url":"https:\/\/eu.man-machine.com\/wp-content\/uploads\/2024\/10\/man-machine-3.png","type":"image\/png"}],"twitter_card":"summary_large_image","twitter_site":"@manandmachineco","schema":{"@context":"https:\/\/schema.org","@graph":[{"@type":"WebPage","@id":"https:\/\/eu.man-machine.com\/nl\/antimicrobiele-toetsenborden-en-muizen\/","url":"https:\/\/eu.man-machine.com\/nl\/antimicrobiele-toetsenborden-en-muizen\/","name":"Antimicrobi\u00eble toetsenborden & muizen","isPartOf":{"@id":"https:\/\/eu.man-machine.com\/nl\/#website"},"datePublished":"2024-09-26T06:41:47+00:00","dateModified":"2025-06-27T07:36:40+00:00","description":"Lees wat antimicrobi\u00eble toetsenborden en muizen zijn en waarom wij bewust geen gebruikmaken van antimicrobi\u00eble coatings.","breadcrumb":{"@id":"https:\/\/eu.man-machine.com\/nl\/antimicrobiele-toetsenborden-en-muizen\/#breadcrumb"},"inLanguage":"nl-NL","potentialAction":[{"@type":"ReadAction","target":["https:\/\/eu.man-machine.com\/nl\/antimicrobiele-toetsenborden-en-muizen\/"]}]},{"@type":"BreadcrumbList","@id":"https:\/\/eu.man-machine.com\/nl\/antimicrobiele-toetsenborden-en-muizen\/#breadcrumb","itemListElement":[{"@type":"ListItem","position":1,"name":"Home","item":"https:\/\/eu.man-machine.com\/nl\/"},{"@type":"ListItem","position":2,"name":"Antimicrobi\u00eble toetsenborden &amp; muizen"}]},{"@type":"WebSite","@id":"https:\/\/eu.man-machine.com\/nl\/#website","url":"https:\/\/eu.man-machine.com\/nl\/","name":"Man & Machine","description":"Waterdichte toetsenborden voor medische en industri\u00eble doeleinden","publisher":{"@id":"https:\/\/eu.man-machine.com\/nl\/#organization"},"alternateName":"Man and Machine","potentialAction":[{"@type":"SearchAction","target":{"@type":"EntryPoint","urlTemplate":"https:\/\/eu.man-machine.com\/nl\/?s={search_term_string}"},"query-input":{"@type":"PropertyValueSpecification","valueRequired":true,"valueName":"search_term_string"}}],"inLanguage":"nl-NL"},{"@type":"Organization","@id":"https:\/\/eu.man-machine.com\/nl\/#organization","name":"Man & Machine","alternateName":"Man and Machine","url":"https:\/\/eu.man-machine.com\/nl\/","logo":{"@type":"ImageObject","inLanguage":"nl-NL","@id":"https:\/\/eu.man-machine.com\/nl\/#\/schema\/logo\/image\/","url":"https:\/\/eu.man-machine.com\/wp-content\/uploads\/2024\/11\/man-and-machine-logo-svg.svg","contentUrl":"https:\/\/eu.man-machine.com\/wp-content\/uploads\/2024\/11\/man-and-machine-logo-svg.svg","width":293,"height":28,"caption":"Man & Machine"},"image":{"@id":"https:\/\/eu.man-machine.com\/nl\/#\/schema\/logo\/image\/"},"sameAs":["https:\/\/www.facebook.com\/ManAndMachine\/","https:\/\/x.com\/manandmachineco"]}]}},"_links":{"self":[{"href":"https:\/\/eu.man-machine.com\/nl\/wp-json\/wp\/v2\/pages\/7213","targetHints":{"allow":["GET"]}}],"collection":[{"href":"https:\/\/eu.man-machine.com\/nl\/wp-json\/wp\/v2\/pages"}],"about":[{"href":"https:\/\/eu.man-machine.com\/nl\/wp-json\/wp\/v2\/types\/page"}],"author":[{"embeddable":true,"href":"https:\/\/eu.man-machine.com\/nl\/wp-json\/wp\/v2\/users\/2"}],"replies":[{"embeddable":true,"href":"https:\/\/eu.man-machine.com\/nl\/wp-json\/wp\/v2\/comments?post=7213"}],"version-history":[{"count":9,"href":"https:\/\/eu.man-machine.com\/nl\/wp-json\/wp\/v2\/pages\/7213\/revisions"}],"predecessor-version":[{"id":9282,"href":"https:\/\/eu.man-machine.com\/nl\/wp-json\/wp\/v2\/pages\/7213\/revisions\/9282"}],"wp:attachment":[{"href":"https:\/\/eu.man-machine.com\/nl\/wp-json\/wp\/v2\/media?parent=7213"}],"curies":[{"name":"wp","href":"https:\/\/api.w.org\/{rel}","templated":true}]}}