{"id":8438,"date":"2024-10-30T17:59:40","date_gmt":"2024-10-30T16:59:40","guid":{"rendered":"https:\/\/eu.man-machine.com\/product\/its-cool-clear-drape\/"},"modified":"2025-05-23T12:18:32","modified_gmt":"2025-05-23T10:18:32","slug":"its-cool-clear-drape","status":"publish","type":"product","link":"https:\/\/eu.man-machine.com\/nl\/product\/its-cool-clear-drape\/","title":{"rendered":"Its Cool Clear Drape"},"content":{"rendered":"<p>De Its Cool Clear Drape is een transparante siliconen hoes gemaakt voor de zwarte en hygi\u00ebnisch witte Its Cool toetsenborden met bedrukte toetsen. De hoes biedt extra hygi\u00ebne en bescherming tegen bacteri\u00ebn, die niet meer tussen de toetsen kunnen komen. U kunt de Its Cool Clear Drape los aanschaffen als vervanging of reserve.  <\/p>\n<p>Onze Its Cool Clear Drape biedt extra hygi\u00ebne door ultrasnelle wischdesinfectie, waarbij bacteri\u00ebn niet meer tussen de toetsen kunnen doordringen. De Its Cool Clear Drape kan veilig worden afgeveegd of bespoten en zelfs ondergedompeld worden in een standaard ziekenhuis-goedgekeurd oppervlakdesinfectiemiddel. Het kan ook in een autoclaaf worden gesteriliseerd.  <\/p>\n<h6>Onze tip:<\/h6>\n<p>Koop een aantal losse Its Cool Clear Drape hoezen bij uw Its Cool toetsenbord, dan kunt u de hoes op afstand schoonmaken zonder dat het werk onderbroken hoeft te worden.<\/p>\n","protected":false},"excerpt":{"rendered":"<p>De Its Cool Clear Drape is een transparante siliconen hoes gemaakt voor de zwarte en hygi\u00ebnisch witte Its Cool toetsenborden met bedrukte toetsen. De hoes biedt extra hygi\u00ebne en bescherming&#8230;<\/p>\n","protected":false},"featured_media":5663,"template":"","meta":{"_acf_changed":false,"_glsr_average":0,"_glsr_ranking":0,"_glsr_reviews":0},"product_brand":[],"product_cat":[610],"product_tag":[],"class_list":{"0":"post-8438","1":"product","2":"type-product","3":"status-publish","4":"has-post-thumbnail","6":"product_cat-accessoires","8":"first","9":"instock","10":"shipping-taxable","11":"product-type-simple"},"acf":[],"yoast_head":"<!-- This site is optimized with the Yoast SEO plugin v26.9 - https:\/\/yoast.com\/product\/yoast-seo-wordpress\/ -->\n<title>Man &amp; Machine Its Cool Clear Drape Beschermhoes<\/title>\n<meta name=\"description\" content=\"De Its Cool Drape Clear is een transparante siliconen hoes voor het Its Cool toetsenbord en biedt extra hygi\u00ebne en bescherming.\" \/>\n<meta name=\"robots\" content=\"index, follow, max-snippet:-1, max-image-preview:large, max-video-preview:-1\" \/>\n<link rel=\"canonical\" href=\"https:\/\/eu.man-machine.com\/nl\/product\/its-cool-clear-drape\/\" \/>\n<meta property=\"og:locale\" content=\"nl_NL\" \/>\n<meta property=\"og:type\" content=\"article\" \/>\n<meta property=\"og:title\" content=\"Man &amp; Machine Its Cool Clear Drape Beschermhoes\" \/>\n<meta property=\"og:description\" content=\"De Its Cool Drape Clear is een transparante siliconen hoes voor het Its Cool toetsenbord en biedt extra hygi\u00ebne en bescherming.\" \/>\n<meta property=\"og:url\" content=\"https:\/\/eu.man-machine.com\/nl\/product\/its-cool-clear-drape\/\" \/>\n<meta property=\"og:site_name\" content=\"Man &amp; Machine\" \/>\n<meta property=\"article:publisher\" content=\"https:\/\/www.facebook.com\/ManAndMachine\/\" \/>\n<meta property=\"article:modified_time\" content=\"2025-05-23T10:18:32+00:00\" \/>\n<meta property=\"og:image\" content=\"https:\/\/eu.man-machine.com\/wp-content\/uploads\/2024\/10\/IC_white_DE_drape_clear_angle_front.png\" \/>\n\t<meta property=\"og:image:width\" content=\"1000\" \/>\n\t<meta property=\"og:image:height\" content=\"338\" \/>\n\t<meta property=\"og:image:type\" content=\"image\/png\" \/>\n<meta name=\"twitter:card\" content=\"summary_large_image\" \/>\n<meta name=\"twitter:site\" content=\"@manandmachineco\" \/>\n<meta name=\"twitter:label1\" content=\"Geschatte leestijd\" \/>\n\t<meta name=\"twitter:data1\" content=\"1 minuut\" \/>\n<script type=\"application\/ld+json\" class=\"yoast-schema-graph\">{\"@context\":\"https:\/\/schema.org\",\"@graph\":[{\"@type\":\"WebPage\",\"@id\":\"https:\/\/eu.man-machine.com\/nl\/product\/its-cool-clear-drape\/\",\"url\":\"https:\/\/eu.man-machine.com\/nl\/product\/its-cool-clear-drape\/\",\"name\":\"Man & Machine Its Cool Clear Drape Beschermhoes\",\"isPartOf\":{\"@id\":\"https:\/\/eu.man-machine.com\/nl\/#website\"},\"primaryImageOfPage\":{\"@id\":\"https:\/\/eu.man-machine.com\/nl\/product\/its-cool-clear-drape\/#primaryimage\"},\"image\":{\"@id\":\"https:\/\/eu.man-machine.com\/nl\/product\/its-cool-clear-drape\/#primaryimage\"},\"thumbnailUrl\":\"https:\/\/eu.man-machine.com\/wp-content\/uploads\/2024\/10\/IC_white_DE_drape_clear_angle_front.png\",\"datePublished\":\"2024-10-30T16:59:40+00:00\",\"dateModified\":\"2025-05-23T10:18:32+00:00\",\"description\":\"De Its Cool Drape Clear is een transparante siliconen hoes voor het Its Cool toetsenbord en biedt extra hygi\u00ebne en bescherming.\",\"breadcrumb\":{\"@id\":\"https:\/\/eu.man-machine.com\/nl\/product\/its-cool-clear-drape\/#breadcrumb\"},\"inLanguage\":\"nl-NL\",\"potentialAction\":[{\"@type\":\"ReadAction\",\"target\":[\"https:\/\/eu.man-machine.com\/nl\/product\/its-cool-clear-drape\/\"]}]},{\"@type\":\"ImageObject\",\"inLanguage\":\"nl-NL\",\"@id\":\"https:\/\/eu.man-machine.com\/nl\/product\/its-cool-clear-drape\/#primaryimage\",\"url\":\"https:\/\/eu.man-machine.com\/wp-content\/uploads\/2024\/10\/IC_white_DE_drape_clear_angle_front.png\",\"contentUrl\":\"https:\/\/eu.man-machine.com\/wp-content\/uploads\/2024\/10\/IC_white_DE_drape_clear_angle_front.png\",\"width\":1000,\"height\":338,\"caption\":\"A Man & Machine white Its Cool keyboard with a transparent Its Cool Clear Drape\"},{\"@type\":\"BreadcrumbList\",\"@id\":\"https:\/\/eu.man-machine.com\/nl\/product\/its-cool-clear-drape\/#breadcrumb\",\"itemListElement\":[{\"@type\":\"ListItem\",\"position\":1,\"name\":\"Home\",\"item\":\"https:\/\/eu.man-machine.com\/nl\/\"},{\"@type\":\"ListItem\",\"position\":2,\"name\":\"Catalogus\",\"item\":\"https:\/\/eu.man-machine.com\/catalogue\/\"},{\"@type\":\"ListItem\",\"position\":3,\"name\":\"Accessoires\",\"item\":\"https:\/\/eu.man-machine.com\/nl\/product-categorie\/accessoires\/\"},{\"@type\":\"ListItem\",\"position\":4,\"name\":\"Its Cool Clear Drape\"}]},{\"@type\":\"WebSite\",\"@id\":\"https:\/\/eu.man-machine.com\/nl\/#website\",\"url\":\"https:\/\/eu.man-machine.com\/nl\/\",\"name\":\"Man & Machine\",\"description\":\"Waterdichte toetsenborden voor medische en industri\u00eble doeleinden\",\"publisher\":{\"@id\":\"https:\/\/eu.man-machine.com\/nl\/#organization\"},\"alternateName\":\"Man and Machine\",\"potentialAction\":[{\"@type\":\"SearchAction\",\"target\":{\"@type\":\"EntryPoint\",\"urlTemplate\":\"https:\/\/eu.man-machine.com\/nl\/?s={search_term_string}\"},\"query-input\":{\"@type\":\"PropertyValueSpecification\",\"valueRequired\":true,\"valueName\":\"search_term_string\"}}],\"inLanguage\":\"nl-NL\"},{\"@type\":\"Organization\",\"@id\":\"https:\/\/eu.man-machine.com\/nl\/#organization\",\"name\":\"Man & Machine\",\"alternateName\":\"Man and Machine\",\"url\":\"https:\/\/eu.man-machine.com\/nl\/\",\"logo\":{\"@type\":\"ImageObject\",\"inLanguage\":\"nl-NL\",\"@id\":\"https:\/\/eu.man-machine.com\/nl\/#\/schema\/logo\/image\/\",\"url\":\"https:\/\/eu.man-machine.com\/wp-content\/uploads\/2024\/11\/man-and-machine-logo-svg.svg\",\"contentUrl\":\"https:\/\/eu.man-machine.com\/wp-content\/uploads\/2024\/11\/man-and-machine-logo-svg.svg\",\"width\":293,\"height\":28,\"caption\":\"Man & Machine\"},\"image\":{\"@id\":\"https:\/\/eu.man-machine.com\/nl\/#\/schema\/logo\/image\/\"},\"sameAs\":[\"https:\/\/www.facebook.com\/ManAndMachine\/\",\"https:\/\/x.com\/manandmachineco\"]}]}<\/script>\n<!-- \/ Yoast SEO plugin. -->","yoast_head_json":{"title":"Man & Machine Its Cool Clear Drape Beschermhoes","description":"De Its Cool Drape Clear is een transparante siliconen hoes voor het Its Cool toetsenbord en biedt extra hygi\u00ebne en bescherming.","robots":{"index":"index","follow":"follow","max-snippet":"max-snippet:-1","max-image-preview":"max-image-preview:large","max-video-preview":"max-video-preview:-1"},"canonical":"https:\/\/eu.man-machine.com\/nl\/product\/its-cool-clear-drape\/","og_locale":"nl_NL","og_type":"article","og_title":"Man & Machine Its Cool Clear Drape Beschermhoes","og_description":"De Its Cool Drape Clear is een transparante siliconen hoes voor het Its Cool toetsenbord en biedt extra hygi\u00ebne en bescherming.","og_url":"https:\/\/eu.man-machine.com\/nl\/product\/its-cool-clear-drape\/","og_site_name":"Man & Machine","article_publisher":"https:\/\/www.facebook.com\/ManAndMachine\/","article_modified_time":"2025-05-23T10:18:32+00:00","og_image":[{"width":1000,"height":338,"url":"https:\/\/eu.man-machine.com\/wp-content\/uploads\/2024\/10\/IC_white_DE_drape_clear_angle_front.png","type":"image\/png"}],"twitter_card":"summary_large_image","twitter_site":"@manandmachineco","twitter_misc":{"Geschatte leestijd":"1 minuut"},"schema":{"@context":"https:\/\/schema.org","@graph":[{"@type":"WebPage","@id":"https:\/\/eu.man-machine.com\/nl\/product\/its-cool-clear-drape\/","url":"https:\/\/eu.man-machine.com\/nl\/product\/its-cool-clear-drape\/","name":"Man & Machine Its Cool Clear Drape Beschermhoes","isPartOf":{"@id":"https:\/\/eu.man-machine.com\/nl\/#website"},"primaryImageOfPage":{"@id":"https:\/\/eu.man-machine.com\/nl\/product\/its-cool-clear-drape\/#primaryimage"},"image":{"@id":"https:\/\/eu.man-machine.com\/nl\/product\/its-cool-clear-drape\/#primaryimage"},"thumbnailUrl":"https:\/\/eu.man-machine.com\/wp-content\/uploads\/2024\/10\/IC_white_DE_drape_clear_angle_front.png","datePublished":"2024-10-30T16:59:40+00:00","dateModified":"2025-05-23T10:18:32+00:00","description":"De Its Cool Drape Clear is een transparante siliconen hoes voor het Its Cool toetsenbord en biedt extra hygi\u00ebne en bescherming.","breadcrumb":{"@id":"https:\/\/eu.man-machine.com\/nl\/product\/its-cool-clear-drape\/#breadcrumb"},"inLanguage":"nl-NL","potentialAction":[{"@type":"ReadAction","target":["https:\/\/eu.man-machine.com\/nl\/product\/its-cool-clear-drape\/"]}]},{"@type":"ImageObject","inLanguage":"nl-NL","@id":"https:\/\/eu.man-machine.com\/nl\/product\/its-cool-clear-drape\/#primaryimage","url":"https:\/\/eu.man-machine.com\/wp-content\/uploads\/2024\/10\/IC_white_DE_drape_clear_angle_front.png","contentUrl":"https:\/\/eu.man-machine.com\/wp-content\/uploads\/2024\/10\/IC_white_DE_drape_clear_angle_front.png","width":1000,"height":338,"caption":"A Man & Machine white Its Cool keyboard with a transparent Its Cool Clear Drape"},{"@type":"BreadcrumbList","@id":"https:\/\/eu.man-machine.com\/nl\/product\/its-cool-clear-drape\/#breadcrumb","itemListElement":[{"@type":"ListItem","position":1,"name":"Home","item":"https:\/\/eu.man-machine.com\/nl\/"},{"@type":"ListItem","position":2,"name":"Catalogus","item":"https:\/\/eu.man-machine.com\/catalogue\/"},{"@type":"ListItem","position":3,"name":"Accessoires","item":"https:\/\/eu.man-machine.com\/nl\/product-categorie\/accessoires\/"},{"@type":"ListItem","position":4,"name":"Its Cool Clear Drape"}]},{"@type":"WebSite","@id":"https:\/\/eu.man-machine.com\/nl\/#website","url":"https:\/\/eu.man-machine.com\/nl\/","name":"Man & Machine","description":"Waterdichte toetsenborden voor medische en industri\u00eble doeleinden","publisher":{"@id":"https:\/\/eu.man-machine.com\/nl\/#organization"},"alternateName":"Man and Machine","potentialAction":[{"@type":"SearchAction","target":{"@type":"EntryPoint","urlTemplate":"https:\/\/eu.man-machine.com\/nl\/?s={search_term_string}"},"query-input":{"@type":"PropertyValueSpecification","valueRequired":true,"valueName":"search_term_string"}}],"inLanguage":"nl-NL"},{"@type":"Organization","@id":"https:\/\/eu.man-machine.com\/nl\/#organization","name":"Man & Machine","alternateName":"Man and Machine","url":"https:\/\/eu.man-machine.com\/nl\/","logo":{"@type":"ImageObject","inLanguage":"nl-NL","@id":"https:\/\/eu.man-machine.com\/nl\/#\/schema\/logo\/image\/","url":"https:\/\/eu.man-machine.com\/wp-content\/uploads\/2024\/11\/man-and-machine-logo-svg.svg","contentUrl":"https:\/\/eu.man-machine.com\/wp-content\/uploads\/2024\/11\/man-and-machine-logo-svg.svg","width":293,"height":28,"caption":"Man & Machine"},"image":{"@id":"https:\/\/eu.man-machine.com\/nl\/#\/schema\/logo\/image\/"},"sameAs":["https:\/\/www.facebook.com\/ManAndMachine\/","https:\/\/x.com\/manandmachineco"]}]}},"_links":{"self":[{"href":"https:\/\/eu.man-machine.com\/nl\/wp-json\/wp\/v2\/product\/8438","targetHints":{"allow":["GET"]}}],"collection":[{"href":"https:\/\/eu.man-machine.com\/nl\/wp-json\/wp\/v2\/product"}],"about":[{"href":"https:\/\/eu.man-machine.com\/nl\/wp-json\/wp\/v2\/types\/product"}],"wp:featuredmedia":[{"embeddable":true,"href":"https:\/\/eu.man-machine.com\/nl\/wp-json\/wp\/v2\/media\/5663"}],"wp:attachment":[{"href":"https:\/\/eu.man-machine.com\/nl\/wp-json\/wp\/v2\/media?parent=8438"}],"wp:term":[{"taxonomy":"product_brand","embeddable":true,"href":"https:\/\/eu.man-machine.com\/nl\/wp-json\/wp\/v2\/product_brand?post=8438"},{"taxonomy":"product_cat","embeddable":true,"href":"https:\/\/eu.man-machine.com\/nl\/wp-json\/wp\/v2\/product_cat?post=8438"},{"taxonomy":"product_tag","embeddable":true,"href":"https:\/\/eu.man-machine.com\/nl\/wp-json\/wp\/v2\/product_tag?post=8438"}],"curies":[{"name":"wp","href":"https:\/\/api.w.org\/{rel}","templated":true}]}}